{"id":1506,"date":"2024-01-31T21:39:27","date_gmt":"2024-01-31T20:39:27","guid":{"rendered":"https:\/\/ultra-sailing.hr\/dev-wordpress\/homepage\/"},"modified":"2026-03-05T12:18:05","modified_gmt":"2026-03-05T11:18:05","slug":"homepage","status":"publish","type":"page","link":"https:\/\/ultra-sailing.hr\/de\/","title":{"rendered":"Homepage"},"content":{"rendered":"\t<div class=\"c-block c-block--bg-primary c-block--spacing-sm\">\n\t\t<div class=\"o-container\">\n\t\t\t<div class=\"o-row\">\n\t\t\t\t<div class=\"o-col-12\">\n\t\t\t\t\t<div class=\"c-pill-gallery\">\n\t\t\t\t\t\t<div class=\"c-pill-gallery__item c-pill-gallery__item--1\">\n\t\t\t\t\t\t\t<img decoding=\"async\" src=\"https:\/\/ultra-sailing.hr\/wp-content\/themes\/ultra-sailing\/assets\/images\/content\/pill-gallery-1.jpg\" class=\"c-pill-gallery__photo\" \/>\n\t\t\t\t\t\t<\/div>\n\t\t\t\t\t\t<div class=\"c-pill-gallery__item c-pill-gallery__item--2\">\n\t\t\t\t\t\t\t<img decoding=\"async\" src=\"https:\/\/ultra-sailing.hr\/wp-content\/themes\/ultra-sailing\/assets\/images\/content\/pill-gallery-2.jpg\" class=\"c-pill-gallery__photo\" \/>\n\t\t\t\t\t\t<\/div>\n\t\t\t\t\t\t<div class=\"c-pill-gallery__item c-pill-gallery__item--3\">\n\t\t\t\t\t\t\t<img decoding=\"async\" src=\"https:\/\/ultra-sailing.hr\/wp-content\/themes\/ultra-sailing\/assets\/images\/content\/pill-gallery-3.jpg\" class=\"c-pill-gallery__photo\" \/>\n\t\t\t\t\t\t<\/div>\n\t\t\t\t\t<\/div>\n\t\t\t\t<\/div>\n\t\t\t<\/div>\n\t\t\t<div class=\"o-row\">\n\t\t\t\t<div class=\"o-col-10@md o-col-7@lg o-col-6@xl\">\n\t\t\t\t\t<p class=\"c-block__accent\">Ihr Segelt\u00f6rn beginnt hier!<\/p>\n\t\t\t\t\t<h1 class=\"c-block__title c-block__title--lg\">Yachtcharter Kroatien &#8211; Segelboote und Katamarane<\/h1>\n\t\t\t\t\t<div class=\"c-block__main c-block__main--lg\">\n\t\t\t\t\t\t<p>Unsere Aufgabe ist es, jedem Kunden, der unser <b><a href=\"https:\/\/ultra-sailing.hr\/de\/boats\/\">Segelboot<\/a><\/b> oder <b><a href=\"https:\/\/ultra-sailing.hr\/de\/catamarans\/\">Katamaran<\/a><\/b> f\u00fcr einen unvergesslichen Segelurlaub an der Adriak\u00fcste w\u00e4hlt, einen erstklassigen Service zu bieten. Mit 1.800 km K\u00fcstenlinie und mehr als 1.200 Inseln und Inselchen ist Kroatien ein Paradies f\u00fcr Segler, also warten Sie nicht und beginnen Sie Ihr unvergesslichen Segelt\u00f6rn in Kroatien mit uns!<\/p>\n\t\t\t\t\t<\/div>\n\t\t\t\t<\/div>\n\t\t\t<\/div>\n\t\t\t<div class=\"o-row u-mt-8 u-mt-10@lg\">\n\t\t\t\t<div class=\"o-col-12\">\n\t\t\t\t\t<form id=\"\" class=\"c-search-form \" method=\"get\" action=\"https:\/\/ultra-sailing.hr\/de\/boats\/\">\n\t<div class=\"c-search-form__icon\">\n\t\t<svg class=\"o-icon \"><use xmlns:xlink=\"http:\/\/www.w3.org\/1999\/xlink\" xlink:href=\"https:\/\/ultra-sailing.hr\/wp-content\/themes\/ultra-sailing\/assets\/sprite\/icons.svg#icon-search\"><\/use><\/svg>\t<\/div>\n\t<div class=\"c-search-form__fields\">\n\t\t<div class=\"c-search-form__field\">\n\t\t\t<select name=\"sailing-area\" placeholder=\"Segelgebiet\" class=\"c-search-form__select\">\n\t\t\t\t<option value=\"\">Alle<\/option>\n\t\t\t\t\t\t\t\t\t<option value=\"dubrovnik\" >Dubrovnik<\/option>\n\t\t\t\t\t\t\t\t\t<option value=\"istria-kvarner\" >Istria \/ Kvarner<\/option>\n\t\t\t\t\t\t\t\t\t<option value=\"split\" >Split \/ Trogir<\/option>\n\t\t\t\t\t\t\t<\/select>\n\t\t<\/div>\n\t\t<div class=\"c-search-form__field\">\n\t\t\t<select name=\"boat-type\" placeholder=\"Yachttyp\" class=\"c-search-form__select\">\n\t\t\t\t<option value=\"\">Alle<\/option>\n\t\t\t\t\t\t\t\t\t<option value=\"catamaran\" >Katamaran<\/option>\n\t\t\t\t\t\t\t\t\t<option value=\"sail-boat\" >Segelboot<\/option>\n\t\t\t\t\t\t\t<\/select>\n\t\t<\/div>\n\t\t\t\t\t<div class=\"c-search-form__field\">\n\t\t\t\t<select name=\"cabins\" placeholder=\"Kabinen\" class=\"c-search-form__select\">\n\t\t\t\t\t<option value=\"\">Alle<\/option>\n\t\t\t\t\t\t\t\t\t\t\t<option value=\"1\" >1<\/option>\n\t\t\t\t\t\t\t\t\t\t\t<option value=\"2\" >2<\/option>\n\t\t\t\t\t\t\t\t\t\t\t<option value=\"3\" >3<\/option>\n\t\t\t\t\t\t\t\t\t\t\t<option value=\"4\" >4<\/option>\n\t\t\t\t\t\t\t\t\t\t\t<option value=\"5\" >5<\/option>\n\t\t\t\t\t\t\t\t\t\t\t<option value=\"6\" >6<\/option>\n\t\t\t\t\t\t\t\t\t\t\t<option value=\"7\" >7<\/option>\n\t\t\t\t\t\t\t\t\t<\/select>\n\t\t\t<\/div>\n\t\t\t\t<div class=\"c-search-form__field\">\n\t\t\t<input readonly name=\"renting-timeframe\" value=\"\" placeholder=\"Zeitraum ausw\u00e4hlen\" class=\"js-ultra-datepicker c-search-form__datepicker\" aria-label=\"An- und Abreisedaten\">\n\t\t<\/div>\n\t<\/div>\n\t<div class=\"c-search-form__button\">\n\t\t\t\t<input type=\"submit\" href=\"#\" class=\"c-button c-button--primary c-button--full\" value=\"Yacht finden\" \/>\n\t<\/div>\n<\/form>\n\t\t\t\t<\/div>\n\t\t\t<\/div>\n\t\t<\/div>\n\t<\/div>\n\n\n\t<div class=\"c-block c-block--spacing-lg\">\n\t\t<div class=\"c-map\">\n\t\t\t\t\t\t\t<a href=\"https:\/\/ultra-sailing.hr\/de\/yachtcharter-basis-pula\/\" class=\"c-map-pin c-map-pin--pula \">\n\t\t\t\t\t<p>Pula<\/p>\n\t\t\t\t<\/a>\n\t\t\t\t\t\t\t<a href=\"https:\/\/ultra-sailing.hr\/de\/yachtcharter-basis-trogir\/\" class=\"c-map-pin c-map-pin--trogir \">\n\t\t\t\t\t<p>Trogir<\/p>\n\t\t\t\t<\/a>\n\t\t\t\t\t\t\t<a href=\"https:\/\/ultra-sailing.hr\/de\/yachtcharter-basis-split\/\" class=\"c-map-pin c-map-pin--split c-map-pin--direction-end\">\n\t\t\t\t\t<p>Split<\/p>\n\t\t\t\t<\/a>\n\t\t\t\t\t\t\t<a href=\"https:\/\/ultra-sailing.hr\/de\/yachtcharter-basis-dubrovnik\/\" class=\"c-map-pin c-map-pin--dubrovnik \">\n\t\t\t\t\t<p>Dubrovnik<\/p>\n\t\t\t\t<\/a>\n\t\t\t\t\t\t<img decoding=\"async\" src=\"https:\/\/ultra-sailing.hr\/wp-content\/themes\/ultra-sailing\/assets\/images\/layout\/map-croatia.svg\" class=\"c-map__vector\" \/>\n\t\t<\/div>\n\t\t<div class=\"o-container\">\n\t\t\t<div class=\"o-row\">\n\t\t\t\t<div class=\"o-col-6@lg o-col-5@xl\">\n\t\t\t\t\t<p class=\"c-block__accent\">Unsere Standorte<\/p>\n\t\t\t\t\t<h2 class=\"c-block__title\">Ideale N\u00e4he zu Flugh\u00e4fen und wundersch\u00f6nen Inseln<\/h2>\n\t\t\t\t\t<div class=\"c-block__main\">\n\t\t\t\t\t\t<p>Unsere Charterst\u00fctzpunkte befinden sich in der N\u00e4he von Flugh\u00e4fen und bieten eine hervorragende Marina-Infrastruktur sowie ideale Bedingungen, um die Adriak\u00fcste mit einem Segelboot oder Katamaran zu entdecken.<\/p>\n\t\t\t\t\t<\/div>\n\t\t\t\t<\/div>\n\t\t\t<\/div>\n\t\t\t<div class=\"o-row\">\n\t\t\t\t<div class=\"o-col-10@lg o-col-8@xl\">\n\t\t\t\t\t<div class=\"u-flex u-flex-wrap u-gap-5 u-mt-7\">\n\t\t\t\t\t\t\t\t\t\t\t\t\t<div>\n\t\t\t\t\t\t\t\t<a href=\"https:\/\/ultra-sailing.hr\/de\/yachtcharter-basis-pula\/\" class=\"c-content-card c-content-card--xs\">\n\t\t\t\t\t\t\t\t\t<div class=\"c-content-card__image\">\n\t\t\t\t\t\t\t\t\t\t<img loading=\"lazy\" decoding=\"async\" width=\"248\" height=\"158\" src=\"https:\/\/ultra-sailing.hr\/wp-content\/uploads\/2024\/04\/Rectangle-23.png\" class=\"attachment-248x160 size-248x160\" alt=\"Yacht Charter Croatia Pula\" \/>\t\t\t\t\t\t\t\t\t<\/div>\n\t\t\t\t\t\t\t\t\t<h3 class=\"c-content-card__title\">Pula<\/h3>\n\t\t\t\t\t\t\t\t<\/a>\n\t\t\t\t\t\t\t<\/div>\n\t\t\t\t\t\t\t\t\t\t\t\t\t<div>\n\t\t\t\t\t\t\t\t<a href=\"https:\/\/ultra-sailing.hr\/de\/yachtcharter-basis-trogir\/\" class=\"c-content-card c-content-card--xs\">\n\t\t\t\t\t\t\t\t\t<div class=\"c-content-card__image\">\n\t\t\t\t\t\t\t\t\t\t<img loading=\"lazy\" decoding=\"async\" width=\"248\" height=\"158\" src=\"https:\/\/ultra-sailing.hr\/wp-content\/uploads\/2024\/04\/Rectangle-22.png\" class=\"attachment-248x160 size-248x160\" alt=\"Yacht Charter Croatia Trogir\" \/>\t\t\t\t\t\t\t\t\t<\/div>\n\t\t\t\t\t\t\t\t\t<h3 class=\"c-content-card__title\">Trogir<\/h3>\n\t\t\t\t\t\t\t\t<\/a>\n\t\t\t\t\t\t\t<\/div>\n\t\t\t\t\t\t\t\t\t\t\t\t\t<div>\n\t\t\t\t\t\t\t\t<a href=\"https:\/\/ultra-sailing.hr\/de\/yachtcharter-basis-split\/\" class=\"c-content-card c-content-card--xs\">\n\t\t\t\t\t\t\t\t\t<div class=\"c-content-card__image\">\n\t\t\t\t\t\t\t\t\t\t<img loading=\"lazy\" decoding=\"async\" width=\"248\" height=\"158\" src=\"https:\/\/ultra-sailing.hr\/wp-content\/uploads\/2024\/04\/Rectangle-20.png\" class=\"attachment-248x160 size-248x160\" alt=\"Yacht Charter Croatia Split\" \/>\t\t\t\t\t\t\t\t\t<\/div>\n\t\t\t\t\t\t\t\t\t<h3 class=\"c-content-card__title\">Split<\/h3>\n\t\t\t\t\t\t\t\t<\/a>\n\t\t\t\t\t\t\t<\/div>\n\t\t\t\t\t\t\t\t\t\t\t\t\t<div>\n\t\t\t\t\t\t\t\t<a href=\"https:\/\/ultra-sailing.hr\/de\/yachtcharter-basis-dubrovnik\/\" class=\"c-content-card c-content-card--xs\">\n\t\t\t\t\t\t\t\t\t<div class=\"c-content-card__image\">\n\t\t\t\t\t\t\t\t\t\t<img loading=\"lazy\" decoding=\"async\" width=\"248\" height=\"158\" src=\"https:\/\/ultra-sailing.hr\/wp-content\/uploads\/2024\/04\/Rectangle-21.png\" class=\"attachment-248x160 size-248x160\" alt=\"Yacht Charter Croatia Dubrovnik\" \/>\t\t\t\t\t\t\t\t\t<\/div>\n\t\t\t\t\t\t\t\t\t<h3 class=\"c-content-card__title\">Dubrovnik<\/h3>\n\t\t\t\t\t\t\t\t<\/a>\n\t\t\t\t\t\t\t<\/div>\n\t\t\t\t\t\t\t\t\t\t\t<\/div>\n\t\t\t\t<\/div>\n\t\t\t<\/div>\n\t\t<\/div>\n\t<\/div>\n\n\n\t<div class=\"c-block c-block--bg-primary c-block--spacing-sm\">\n\t\t<div class=\"o-container\">\n\t\t\t<div class=\"o-row\">\n\t\t\t\t<div class=\"o-col-5@lg o-col-6@xl\">\n\t\t\t\t\t<div class=\"u-sticky u-top-29 u-mb-13 u-mb-0@lg\">\n\t\t\t\t\t\t<p class=\"c-block__accent\">Bewertungen unserer G\u00e4ste<\/p>\n\t\t\t\t\t\t<h2 class=\"c-block__title\">Yachtcharter Kroatien &#8211; unsere G\u00e4steerlebnisse<\/h2>\n\t\t\t\t\t\t<div class=\"c-block__main\">\n\t\t\t\t\t\t\t<p>Wir sind stolz darauf, au\u00dfergew\u00f6hnlichen Service und ein unvergessliches Erlebnis f\u00fcr Yachtcharter Kroatien zu bieten. Sehen Sie, was unsere Charterg\u00e4ste sagen! Professionelles Personal, hervorragende Charterflotte und super Charterst\u00fctzpunkte \u2013 alles, was Sie f\u00fcr einen perfekten Segelurlaub in Kroatien brauchen.<\/p>\n\t\t\t\t\t\t<\/div>\n\t\t\t\t\t\t<div>\n\t\t\t\t\t\t\t<a href=\"\" class=\"c-button c-button--link\">Read more<\/a>\n\t\t\t\t\t\t<\/div>\n\t\t\t\t\t<\/div>\n\t\t\t\t<\/div>\n\t\t\t\t<div class=\"o-col-6@lg o-col-5@xl u-ml-auto\">\n\t\t\t\t\t<div class=\"elfsight-app-141246b1-dfa7-4b0d-a9c1-5393dd4e1af5\" data-elfsight-app-lazy><\/div>\t\t\t\t<\/div>\n\t\t\t<\/div>\n\t\t<\/div>\n\t<\/div>\n\n\n\t<div class=\"c-block c-block--bg-gradient c-block--spacing-sm\">\n\t\t<div class=\"o-container\">\n\t\t\t<div class=\"o-row\">\n\t\t\t\t<div class=\"o-col-5@lg o-col-6@xl\">\n\t\t\t\t\t<div class=\"u-sticky u-top-29 u-mb-8\">\n\t\t\t\t\t\t<p class=\"c-block__accent\">Sind Sie bereit?<\/p>\n\t\t\t\t\t\t<h2 class=\"c-block__title\">Setzen Sie die Segel f\u00fcr ein Abenteuer in Kroatien<\/h2>\n\t\t\t\t\t<\/div>\n\t\t\t\t<\/div>\n\t\t\t<\/div>\n\t\t\t<div class=\"o-row u-mb-16 u-mb-18@sm\">\n\t\t\t\t<div class=\"o-col-12\">\n\t\t\t\t\t<form id=\"\" class=\"c-search-form \" method=\"get\" action=\"https:\/\/ultra-sailing.hr\/de\/boats\/\">\n\t<div class=\"c-search-form__icon\">\n\t\t<svg class=\"o-icon \"><use xmlns:xlink=\"http:\/\/www.w3.org\/1999\/xlink\" xlink:href=\"https:\/\/ultra-sailing.hr\/wp-content\/themes\/ultra-sailing\/assets\/sprite\/icons.svg#icon-search\"><\/use><\/svg>\t<\/div>\n\t<div class=\"c-search-form__fields\">\n\t\t<div class=\"c-search-form__field\">\n\t\t\t<select name=\"sailing-area\" placeholder=\"Segelgebiet\" class=\"c-search-form__select\">\n\t\t\t\t<option value=\"\">Alle<\/option>\n\t\t\t\t\t\t\t\t\t<option value=\"dubrovnik\" >Dubrovnik<\/option>\n\t\t\t\t\t\t\t\t\t<option value=\"istria-kvarner\" >Istria \/ Kvarner<\/option>\n\t\t\t\t\t\t\t\t\t<option value=\"split\" >Split \/ Trogir<\/option>\n\t\t\t\t\t\t\t<\/select>\n\t\t<\/div>\n\t\t<div class=\"c-search-form__field\">\n\t\t\t<select name=\"boat-type\" placeholder=\"Yachttyp\" class=\"c-search-form__select\">\n\t\t\t\t<option value=\"\">Alle<\/option>\n\t\t\t\t\t\t\t\t\t<option value=\"catamaran\" >Katamaran<\/option>\n\t\t\t\t\t\t\t\t\t<option value=\"sail-boat\" >Segelboot<\/option>\n\t\t\t\t\t\t\t<\/select>\n\t\t<\/div>\n\t\t\t\t\t<div class=\"c-search-form__field\">\n\t\t\t\t<select name=\"cabins\" placeholder=\"Kabinen\" class=\"c-search-form__select\">\n\t\t\t\t\t<option value=\"\">Alle<\/option>\n\t\t\t\t\t\t\t\t\t\t\t<option value=\"1\" >1<\/option>\n\t\t\t\t\t\t\t\t\t\t\t<option value=\"2\" >2<\/option>\n\t\t\t\t\t\t\t\t\t\t\t<option value=\"3\" >3<\/option>\n\t\t\t\t\t\t\t\t\t\t\t<option value=\"4\" >4<\/option>\n\t\t\t\t\t\t\t\t\t\t\t<option value=\"5\" >5<\/option>\n\t\t\t\t\t\t\t\t\t\t\t<option value=\"6\" >6<\/option>\n\t\t\t\t\t\t\t\t\t\t\t<option value=\"7\" >7<\/option>\n\t\t\t\t\t\t\t\t\t<\/select>\n\t\t\t<\/div>\n\t\t\t\t<div class=\"c-search-form__field\">\n\t\t\t<input readonly name=\"renting-timeframe\" value=\"\" placeholder=\"Zeitraum ausw\u00e4hlen\" class=\"js-ultra-datepicker c-search-form__datepicker\" aria-label=\"An- und Abreisedaten\">\n\t\t<\/div>\n\t<\/div>\n\t<div class=\"c-search-form__button\">\n\t\t\t\t<input type=\"submit\" href=\"#\" class=\"c-button c-button--primary c-button--full\" value=\"Yacht finden\" \/>\n\t<\/div>\n<\/form>\n\t\t\t\t<\/div>\n\t\t\t<\/div>\n\t\t\t\t\t\t\t<div class=\"o-row u-gap-y-7\">\n\t\t\t\t\t\t\t\t\t\t<div class=\"o-col-6 o-col-4@md o-col-3@xl\">\n\t\t\t\t\t\t<a href=\"https:\/\/ultra-sailing.hr\/de\/segelboote\/\" class=\"c-content-card\">\n\t\t\t\t\t\t\t<div class=\"c-content-card__image\">\n\t\t\t\t\t\t\t\t<img loading=\"lazy\" decoding=\"async\" width=\"540\" height=\"540\" src=\"https:\/\/ultra-sailing.hr\/wp-content\/uploads\/2024\/04\/Yacht_Rental_Croatia_oceanis54-1-540x540.jpg\" class=\"attachment-540x540 size-540x540\" alt=\"Yachtcharter Kroatien - Segelboot\" srcset=\"https:\/\/ultra-sailing.hr\/wp-content\/uploads\/2024\/04\/Yacht_Rental_Croatia_oceanis54-1-540x540.jpg 540w, https:\/\/ultra-sailing.hr\/wp-content\/uploads\/2024\/04\/Yacht_Rental_Croatia_oceanis54-1-150x150.jpg 150w, https:\/\/ultra-sailing.hr\/wp-content\/uploads\/2024\/04\/Yacht_Rental_Croatia_oceanis54-1-300x300.jpg 300w, https:\/\/ultra-sailing.hr\/wp-content\/uploads\/2024\/04\/Yacht_Rental_Croatia_oceanis54-1-768x768.jpg 768w, https:\/\/ultra-sailing.hr\/wp-content\/uploads\/2024\/04\/Yacht_Rental_Croatia_oceanis54-1.jpg 1024w\" sizes=\"auto, (max-width: 540px) 100vw, 540px\" \/>\t\t\t\t\t\t\t<\/div>\n\t\t\t\t\t\t\t<h3 class=\"c-content-card__title\">Segelboote<\/h3>\n\t\t\t\t\t\t\t<p class=\"c-content-card__label\">Gro\u00dfe Auswahl entlang der Adriak\u00fcste<\/p>\n\t\t\t\t\t\t<\/a>\n\t\t\t\t\t<\/div>\n\t\t\t\t\t\t\t\t\t\t<div class=\"o-col-6 o-col-4@md o-col-3@xl\">\n\t\t\t\t\t\t<a href=\"https:\/\/ultra-sailing.hr\/de\/katamarane\/\" class=\"c-content-card\">\n\t\t\t\t\t\t\t<div class=\"c-content-card__image\">\n\t\t\t\t\t\t\t\t<img loading=\"lazy\" decoding=\"async\" width=\"540\" height=\"540\" src=\"https:\/\/ultra-sailing.hr\/wp-content\/uploads\/2024\/04\/Katamaran_Ultra_sailing_Hrvatska-e1714127940655-540x540.jpg\" class=\"attachment-540x540 size-540x540\" alt=\"Yacht charter Croatia Catamarans\" srcset=\"https:\/\/ultra-sailing.hr\/wp-content\/uploads\/2024\/04\/Katamaran_Ultra_sailing_Hrvatska-e1714127940655-540x540.jpg 540w, https:\/\/ultra-sailing.hr\/wp-content\/uploads\/2024\/04\/Katamaran_Ultra_sailing_Hrvatska-e1714127940655-300x300.jpg 300w, https:\/\/ultra-sailing.hr\/wp-content\/uploads\/2024\/04\/Katamaran_Ultra_sailing_Hrvatska-e1714127940655.jpg 768w\" sizes=\"auto, (max-width: 540px) 100vw, 540px\" \/>\t\t\t\t\t\t\t<\/div>\n\t\t\t\t\t\t\t<h3 class=\"c-content-card__title\">Katamarane<\/h3>\n\t\t\t\t\t\t\t<p class=\"c-content-card__label\">Katamaran mit oder ohne Skipper chartern<\/p>\n\t\t\t\t\t\t<\/a>\n\t\t\t\t\t<\/div>\n\t\t\t\t\t\t\t\t\t\t<div class=\"o-col-6 o-col-4@md o-col-3@xl\">\n\t\t\t\t\t\t<a href=\"https:\/\/www.beneteau-croatia.hr\/\" class=\"c-content-card\" rel=\"nofollow noopener\" target=\"_blank\">\n\t\t\t\t\t\t\t<div class=\"c-content-card__image\">\n\t\t\t\t\t\t\t\t<img loading=\"lazy\" decoding=\"async\" width=\"540\" height=\"540\" src=\"https:\/\/ultra-sailing.hr\/wp-content\/uploads\/2024\/05\/Oceanis_Yacht_54_Ultra_sailing_Croatia-8-e1715163929270-540x540.jpg\" class=\"attachment-540x540 size-540x540\" alt=\"\" srcset=\"https:\/\/ultra-sailing.hr\/wp-content\/uploads\/2024\/05\/Oceanis_Yacht_54_Ultra_sailing_Croatia-8-e1715163929270-540x540.jpg 540w, https:\/\/ultra-sailing.hr\/wp-content\/uploads\/2024\/05\/Oceanis_Yacht_54_Ultra_sailing_Croatia-8-e1715163929270-300x300.jpg 300w, https:\/\/ultra-sailing.hr\/wp-content\/uploads\/2024\/05\/Oceanis_Yacht_54_Ultra_sailing_Croatia-8-e1715163929270-1024x1024.jpg 1024w, https:\/\/ultra-sailing.hr\/wp-content\/uploads\/2024\/05\/Oceanis_Yacht_54_Ultra_sailing_Croatia-8-e1715163929270-768x768.jpg 768w, https:\/\/ultra-sailing.hr\/wp-content\/uploads\/2024\/05\/Oceanis_Yacht_54_Ultra_sailing_Croatia-8-e1715163929270.jpg 1406w\" sizes=\"auto, (max-width: 540px) 100vw, 540px\" \/>\t\t\t\t\t\t\t<\/div>\n\t\t\t\t\t\t\t<h3 class=\"c-content-card__title\">Beneteau Segelyacht<\/h3>\n\t\t\t\t\t\t\t<p class=\"c-content-card__label\">Neu oder gebraucht kaufen in Kroatien<\/p>\n\t\t\t\t\t\t<\/a>\n\t\t\t\t\t<\/div>\n\t\t\t\t\t\t\t\t\t\t<div class=\"o-col-6 o-col-4@md o-col-3@xl\">\n\t\t\t\t\t\t<a href=\"https:\/\/www.fountaine-pajot-croatia.com\/en\/\" class=\"c-content-card\" rel=\"nofollow noopener\" target=\"_blank\">\n\t\t\t\t\t\t\t<div class=\"c-content-card__image\">\n\t\t\t\t\t\t\t\t<img loading=\"lazy\" decoding=\"async\" width=\"540\" height=\"540\" src=\"https:\/\/ultra-sailing.hr\/wp-content\/uploads\/2024\/05\/Aura51_luxury_Catamaran_princess_Croatia-10-e1715163880225-540x540.jpg\" class=\"attachment-540x540 size-540x540\" alt=\"\" srcset=\"https:\/\/ultra-sailing.hr\/wp-content\/uploads\/2024\/05\/Aura51_luxury_Catamaran_princess_Croatia-10-e1715163880225-540x540.jpg 540w, https:\/\/ultra-sailing.hr\/wp-content\/uploads\/2024\/05\/Aura51_luxury_Catamaran_princess_Croatia-10-e1715163880225-300x300.jpg 300w, https:\/\/ultra-sailing.hr\/wp-content\/uploads\/2024\/05\/Aura51_luxury_Catamaran_princess_Croatia-10-e1715163880225-1024x1024.jpg 1024w, https:\/\/ultra-sailing.hr\/wp-content\/uploads\/2024\/05\/Aura51_luxury_Catamaran_princess_Croatia-10-e1715163880225-768x768.jpg 768w, https:\/\/ultra-sailing.hr\/wp-content\/uploads\/2024\/05\/Aura51_luxury_Catamaran_princess_Croatia-10-e1715163880225.jpg 1080w\" sizes=\"auto, (max-width: 540px) 100vw, 540px\" \/>\t\t\t\t\t\t\t<\/div>\n\t\t\t\t\t\t\t<h3 class=\"c-content-card__title\">Fountaine Pajot Katamaran<\/h3>\n\t\t\t\t\t\t\t<p class=\"c-content-card__label\">Privatkauf oder als Charter-Management-Investment<\/p>\n\t\t\t\t\t\t<\/a>\n\t\t\t\t\t<\/div>\n\t\t\t\t\t\t\t\t\t<\/div>\n\t\t\t\t\t<\/div>\n\t<\/div>\n","protected":false},"excerpt":{"rendered":"","protected":false},"author":1,"featured_media":0,"parent":0,"menu_order":0,"comment_status":"closed","ping_status":"closed","template":"","meta":{"_acf_changed":false,"footnotes":""},"class_list":["post-1506","page","type-page","status-publish","hentry"],"acf":[],"_links":{"self":[{"href":"https:\/\/ultra-sailing.hr\/de\/wp-json\/wp\/v2\/pages\/1506","targetHints":{"allow":["GET"]}}],"collection":[{"href":"https:\/\/ultra-sailing.hr\/de\/wp-json\/wp\/v2\/pages"}],"about":[{"href":"https:\/\/ultra-sailing.hr\/de\/wp-json\/wp\/v2\/types\/page"}],"author":[{"embeddable":true,"href":"https:\/\/ultra-sailing.hr\/de\/wp-json\/wp\/v2\/users\/1"}],"replies":[{"embeddable":true,"href":"https:\/\/ultra-sailing.hr\/de\/wp-json\/wp\/v2\/comments?post=1506"}],"version-history":[{"count":14,"href":"https:\/\/ultra-sailing.hr\/de\/wp-json\/wp\/v2\/pages\/1506\/revisions"}],"predecessor-version":[{"id":6037,"href":"https:\/\/ultra-sailing.hr\/de\/wp-json\/wp\/v2\/pages\/1506\/revisions\/6037"}],"wp:attachment":[{"href":"https:\/\/ultra-sailing.hr\/de\/wp-json\/wp\/v2\/media?parent=1506"}],"curies":[{"name":"wp","href":"https:\/\/api.w.org\/{rel}","templated":true}]}}