{"id":3208,"date":"2024-03-10T15:50:58","date_gmt":"2024-03-10T14:50:58","guid":{"rendered":"http:\/\/ultra-sailing.hr\/dev-wordpress\/ueber-unsere-segelschule-und-segelkurse\/"},"modified":"2024-11-12T15:43:11","modified_gmt":"2024-11-12T14:43:11","slug":"ueber-ultra-segelschule","status":"publish","type":"page","link":"https:\/\/ultra-sailing.hr\/de\/ueber-ultra-segelschule\/","title":{"rendered":"\u00dcber Ultra Segelschule"},"content":{"rendered":"\n<p>Die Ultra Segelschule wurde 1995 von leidenschaftlichen kroatischen Seglern gegr\u00fcndet, inspiriert durch Segelschulen in L\u00e4ndern, die ihre Liebe zum Segeln einem breiten Publikum vermitteln. Ihr Ziel war es, ihr Wissen nicht nur an angehende Sportsegler, sondern auch an Freizeit- und Hobbysegler weiterzugeben.<\/p>\n\n\n\n<p>Die Segelschule befindet sich in der ACI Marina Split, wo der Gro\u00dfteil unserer Charterflotte liegt. Gr\u00fcnder Emil Toma\u0161evi\u0107, ein angesehener kroatischer Segler, bringt \u00fcber 40 Jahre Erfahrung mit, darunter in olympischen Klassen (Finn und Laser), Offshore-Regatten und als Ausbilder, ein.<\/p>\n\n\n\n<p>Unsere Segelschullehrer sind erfahrene kroatische Segler mit umfassendem Know-how im Regattasegeln und als professionelle Skipper w\u00e4hrend der Chartersaison.<\/p>\n\n\n\n<p>Der Unterricht findet auf Englisch statt, jedoch bieten wir auf Anfrage auch Kurse in weiteren Sprachen (Kroatisch, Franz\u00f6sisch, Deutsch). Die Ultra Segelschule bietet ISPA-zertifizierte Segelkurse an und nutzt die offiziellen ISPA-Segelhandb\u00fccher in englischer Sprache. <\/p>\n\n\n<div class=\"u-mb-5\">\n\t<a href=\"mailto:school@ultra-sailing.hr\" class=\"c-badge\">\n\t\t<svg class=\"o-icon u-stroke-2\"><use xmlns:xlink=\"http:\/\/www.w3.org\/1999\/xlink\" xlink:href=\"https:\/\/ultra-sailing.hr\/wp-content\/themes\/ultra-sailing\/assets\/sprite\/icons.svg#icon-mail\"><\/use><\/svg>\t\t<span>school@ultra-sailing.hr<\/span>\n\t<\/a>\n<\/div>\n\n\n<div class=\"u-mb-5\">\n\t<a href=\"tel:+385 21 398 578\" class=\"c-badge\">\n\t\t<svg class=\"o-icon u-stroke-2\"><use xmlns:xlink=\"http:\/\/www.w3.org\/1999\/xlink\" xlink:href=\"https:\/\/ultra-sailing.hr\/wp-content\/themes\/ultra-sailing\/assets\/sprite\/icons.svg#icon-phone\"><\/use><\/svg>\t\t<span>+385 21 398 578<\/span>\n\t<\/a>\n<\/div>\n\n\n\n<figure class=\"wp-block-embed is-type-video is-provider-youtube wp-block-embed-youtube wp-embed-aspect-16-9 wp-has-aspect-ratio\"><div class=\"wp-block-embed__wrapper\">\n<iframe loading=\"lazy\" title=\"Learn to Sail in Croatia - Ultra Sailing School\" width=\"640\" height=\"360\" src=\"https:\/\/www.youtube.com\/embed\/ZDqpz3-XJOY?feature=oembed\" frameborder=\"0\" allow=\"accelerometer; autoplay; clipboard-write; encrypted-media; gyroscope; picture-in-picture; web-share\" referrerpolicy=\"strict-origin-when-cross-origin\" allowfullscreen><\/iframe>\n<\/div><\/figure>\n\n\n\n<h2 class=\"wp-block-heading\">N\u00fctzliche Informationen<br><\/h2>\n\n\n\n<ul class=\"wp-block-list\">\n<li>Die ISPA-Lernmaterialien (Arbeitsbuch und pers\u00f6nliches Logbuch) sind im Preis inbegriffen.<\/li>\n\n\n\n<li><strong>Competent Crew Kurs:<\/strong> F\u00fcr diesen Kurs sind keine Vorkenntnisse erforderlich.<\/li>\n\n\n\n<li><strong>Day Skipper Kurs:<\/strong> Teilnehmer sollten das Competent Crew-Niveau oder eine gleichwertige Segelzertifizierung erreicht haben.<\/li>\n\n\n\n<li><strong>Coastal Navigator Kurs:<\/strong> Voraussetzung ist der Abschluss des Day Skipper Kurses.<\/li>\n<\/ul>\n\n\n\n<p>Teilnehmer, die an keiner ISPA-Ausbildung teilgenommen haben, k\u00f6nnen sich f\u00fcr die Teilnahme an einer Regatta mit uns bewerben, jedoch kein ISPA-Zertifikat erwerben.<\/p>\n","protected":false},"excerpt":{"rendered":"<p>Die Ultra Segelschule wurde 1995 von leidenschaftlichen kroatischen Seglern gegr\u00fcndet, inspiriert durch Segelschulen in L\u00e4ndern, die ihre Liebe zum Segeln einem breiten Publikum vermitteln. Ihr Ziel war es, ihr Wissen nicht nur an angehende Sportsegler, sondern auch an Freizeit- und Hobbysegler weiterzugeben. Die Segelschule befindet sich in der ACI Marina Split, wo der Gro\u00dfteil unserer [&hellip;]<\/p>\n","protected":false},"author":1,"featured_media":0,"parent":0,"menu_order":0,"comment_status":"closed","ping_status":"closed","template":"","meta":{"_acf_changed":false,"footnotes":""},"class_list":["post-3208","page","type-page","status-publish","hentry"],"acf":[],"_links":{"self":[{"href":"https:\/\/ultra-sailing.hr\/de\/wp-json\/wp\/v2\/pages\/3208","targetHints":{"allow":["GET"]}}],"collection":[{"href":"https:\/\/ultra-sailing.hr\/de\/wp-json\/wp\/v2\/pages"}],"about":[{"href":"https:\/\/ultra-sailing.hr\/de\/wp-json\/wp\/v2\/types\/page"}],"author":[{"embeddable":true,"href":"https:\/\/ultra-sailing.hr\/de\/wp-json\/wp\/v2\/users\/1"}],"replies":[{"embeddable":true,"href":"https:\/\/ultra-sailing.hr\/de\/wp-json\/wp\/v2\/comments?post=3208"}],"version-history":[{"count":2,"href":"https:\/\/ultra-sailing.hr\/de\/wp-json\/wp\/v2\/pages\/3208\/revisions"}],"predecessor-version":[{"id":3213,"href":"https:\/\/ultra-sailing.hr\/de\/wp-json\/wp\/v2\/pages\/3208\/revisions\/3213"}],"wp:attachment":[{"href":"https:\/\/ultra-sailing.hr\/de\/wp-json\/wp\/v2\/media?parent=3208"}],"curies":[{"name":"wp","href":"https:\/\/api.w.org\/{rel}","templated":true}]}}