{"id":3214,"date":"2024-03-05T18:57:23","date_gmt":"2024-03-05T17:57:23","guid":{"rendered":"http:\/\/ultra-sailing.hr\/dev-wordpress\/ueber-ultra-sailing\/"},"modified":"2025-03-04T15:08:31","modified_gmt":"2025-03-04T14:08:31","slug":"ueber-ultra-sailing-kroatien","status":"publish","type":"page","link":"https:\/\/ultra-sailing.hr\/de\/ueber-ultra-sailing-kroatien\/","title":{"rendered":"\u00dcber Ultra Sailing"},"content":{"rendered":"\n<p><strong>Ultra Sailing<\/strong> wurde 1995 in <strong>Split<\/strong> gegr\u00fcndet mit der Hauptgesch\u00e4ftst\u00e4tigkeit im Bereich Nautik und komerzielle Segelaktivit\u00e4ten und <strong>Charter<\/strong>. Unser Team besteht aus 35 erfahrenen und hochqualifizierten Mitarbeitern, die alle gemeinsam eine Leidenschaft f\u00fcr das Meer und Boote haben.<\/p>\n\n\n\n<figure class=\"wp-block-embed is-type-video is-provider-youtube wp-block-embed-youtube wp-embed-aspect-16-9 wp-has-aspect-ratio\"><div class=\"wp-block-embed__wrapper\">\n<iframe loading=\"lazy\" title=\"Ultra Sailing Croatia - Yacht Charter I Brokerage I Beneteau Authorised Dealer\" width=\"640\" height=\"360\" src=\"https:\/\/www.youtube.com\/embed\/Us2dhCEIQT8?feature=oembed\" frameborder=\"0\" allow=\"accelerometer; autoplay; clipboard-write; encrypted-media; gyroscope; picture-in-picture; web-share\" referrerpolicy=\"strict-origin-when-cross-origin\" allowfullscreen><\/iframe>\n<\/div><\/figure>\n\n\n\n<h2 class=\"wp-block-heading\">Ultra Segelschule<\/h2>\n\n\n\n<p><a>school@ultra-sailing.hr<\/a><br>Bereits seit 1995 f\u00fchren wir, mit der Genehmigung des Ministeriums f\u00fcr Wissenschaft und Bildung der Republik Kroatien, ein eigenes Segelschulungsprogramm durch. Wir sind stolz, dass \u00fcber 3.200 Teilnehmer daran teilgenommen haben, von denen einige heute Spitzensegler, Skipper und Segelbootbesitzer sind. Wir organisieren Pr\u00fcfungen zur Erlangung des <a href=\"https:\/\/ultra-sailing.hr\/de\/sailing-school\/ispa-segelschein\">international anerkannten ISPA Zertifikats<\/a> sowie Pr\u00fcfungen zum Erhalt des Bootsf\u00fchrerschein in Zusammenarbeit mit dem Hafenamt. Eine Vielzahl unserer Programme finden das ganze Jahr \u00fcber in Split statt.<\/p>\n\n\n\n<h2 class=\"wp-block-heading\">Yachtcharter Kroatien<\/h2>\n\n\n\n<p><a>booking@ultra-sailing.hr<\/a><br>Unsere Flotte aus \u00fcber 70 modernen Beneteau-Segelyachten und Fountaine Pajot-Katamaranen erf\u00fcllt die Bed\u00fcrfnisse selbst der anspruchsvollsten Kunden. Alle Boote werden sorgf\u00e4ltig gewartet und sind voll ausgestattet. Unsere Charterboote finden sie in den Marinas von Trogir, Split, Dubrovnik und Pomer. Neben individuellen Charters organisieren wir auch Regatten oder Teambuilding-Events.<\/p>\n\n\n\n<p>F\u00fcr Interessierte bieten wir auch Charter-Management und Yacht-Investitionspakete f\u00fcr neue Boote an. Unser Rundum-Service umfasst alles vom Verkauf, der Ausstattung, Lieferung, technischen Unterst\u00fctzung bis hin zur Abwicklung und Leitung der Buchungen, der Buchhaltung und Registrierung des Bootes.<\/p>\n\n\n\n<h2 class=\"wp-block-heading\">Handelsvertreter<\/h2>\n\n\n\n<p><a>sales@ultra-sailing.hr<\/a><br><strong>Vertragsh\u00e4ndler<\/strong> f\u00fcr den Verkauf von <strong>Beneteau Segelyachten<\/strong> seit 1999 (B\u00fcro in Split)<\/p>\n\n\n\n<p><strong>Vertragsh\u00e4ndler<\/strong> f\u00fcr den Verkauf von <strong>Katamaranen<\/strong> aus der Werft <strong>Fountaine Pajot<\/strong> seit 2012 (B\u00fcro in der Marina Baoti\u0107)<\/p>\n\n\n\n<p><strong>Vertragsh\u00e4ndler<\/strong> f\u00fcr die Wartung und Reparatur von <strong>Yanmar Dieselmotoren<\/strong> bis 130 PS (Werkstatt in Split)<\/p>\n\n\n\n<h2 class=\"wp-block-heading\">Makler \u2013 Verkauf gebrauchter Boote<\/h2>\n\n\n\n<p><a>sales@ultra-sailing.hr<\/a><br>Verkauf gebrauchter <strong>Segelyachten<\/strong> und <strong>Katamarane<\/strong> sowie Werteinsch\u00e4tzung und Vertretung des Eigners auf dem Markt f\u00fcr gebrauchte Boote.<\/p>\n\n\n\n<h2 class=\"wp-block-heading\">Yacht Service<\/h2>\n\n\n\n<p><a>service@ultra-sailing.hr<\/a><br>Unsere Service-Mitarbeiter haben neben ihrer im Charterbetrieb erlangten Erfahrung auch zus\u00e4tzliche Fachkurse in der Bootswerft Beneteau in Frankreich besucht. Unser Arbeitsmotto ist das stete Lernen von neuen Techniken und die Erweiterung unseres fachlichen Wissens:<\/p>\n\n\n\n<p>&#8211; Yacht Wartung &#8211; Service<br>&#8211; Service, Ausstatten und Instandhaltung der Segelyachten<br>&#8211; <strong>Wartung von Yanmar Motoren<\/strong><br>&#8211; Wartung von <strong>Onan Generatoren<\/strong><br>&#8211; Service von <strong>Simrad &amp; B&amp;G Instrumenten<\/strong><br>&#8211; Reparaturen im Bereich Glasfaser, Holz<\/p>\n","protected":false},"excerpt":{"rendered":"<p>Ultra Sailing wurde 1995 in Split gegr\u00fcndet mit der Hauptgesch\u00e4ftst\u00e4tigkeit im Bereich Nautik und komerzielle Segelaktivit\u00e4ten und Charter. Unser Team besteht aus 35 erfahrenen und hochqualifizierten Mitarbeitern, die alle gemeinsam eine Leidenschaft f\u00fcr das Meer und Boote haben. Ultra Segelschule school@ultra-sailing.hrBereits seit 1995 f\u00fchren wir, mit der Genehmigung des Ministeriums f\u00fcr Wissenschaft und Bildung der [&hellip;]<\/p>\n","protected":false},"author":1,"featured_media":0,"parent":0,"menu_order":0,"comment_status":"closed","ping_status":"closed","template":"","meta":{"_acf_changed":false,"footnotes":""},"class_list":["post-3214","page","type-page","status-publish","hentry"],"acf":[],"_links":{"self":[{"href":"https:\/\/ultra-sailing.hr\/de\/wp-json\/wp\/v2\/pages\/3214","targetHints":{"allow":["GET"]}}],"collection":[{"href":"https:\/\/ultra-sailing.hr\/de\/wp-json\/wp\/v2\/pages"}],"about":[{"href":"https:\/\/ultra-sailing.hr\/de\/wp-json\/wp\/v2\/types\/page"}],"author":[{"embeddable":true,"href":"https:\/\/ultra-sailing.hr\/de\/wp-json\/wp\/v2\/users\/1"}],"replies":[{"embeddable":true,"href":"https:\/\/ultra-sailing.hr\/de\/wp-json\/wp\/v2\/comments?post=3214"}],"version-history":[{"count":6,"href":"https:\/\/ultra-sailing.hr\/de\/wp-json\/wp\/v2\/pages\/3214\/revisions"}],"predecessor-version":[{"id":4118,"href":"https:\/\/ultra-sailing.hr\/de\/wp-json\/wp\/v2\/pages\/3214\/revisions\/4118"}],"wp:attachment":[{"href":"https:\/\/ultra-sailing.hr\/de\/wp-json\/wp\/v2\/media?parent=3214"}],"curies":[{"name":"wp","href":"https:\/\/api.w.org\/{rel}","templated":true}]}}