{"id":3228,"date":"2024-03-10T16:20:13","date_gmt":"2024-03-10T15:20:13","guid":{"rendered":"https:\/\/ultra-sailing.hr\/dev-wordpress\/segelreviere-kroatien\/"},"modified":"2025-02-06T12:08:39","modified_gmt":"2025-02-06T11:08:39","slug":"segelreviere-kroatien","status":"publish","type":"page","link":"https:\/\/ultra-sailing.hr\/de\/segelreviere-kroatien\/","title":{"rendered":"Segelreviere Kroatien"},"content":{"rendered":"\n<p>Bootsurlauber lieben die Unabh\u00e4ngigkeit, die das Meer bietet, das kristallklare Wasser der Adria und die unz\u00e4hligen Buchten und Str\u00e4nde. Daher ist ein <strong>Segelurlaub in Kroatien ein Muss f\u00fcr jeden<\/strong>, egal ob man segeln kann oder nicht. Wer keinen Bootschein besitzt, kann <a href=\"https:\/\/ultra-sailing.hr\/de\/charter-mit-skipper\" target=\"_blank\" rel=\"noreferrer noopener\">einen Skipper<\/a> dazu mieten.<\/p>\n\n\n\n<p>Wenn Sie in Kroatien segeln, k\u00f6nnen Sie eine 1800 km lange K\u00fcste mit \u00fcber 1200 Inseln und Inselchen genie\u00dfen, von denen nur 47 bewohnt sind. Ein weiterer Vorteil ist die geringe Entfernung zwischen den einzelnen Inseln, so dass Sie in den zahlreichen Buchten, Marinas und H\u00e4fen auf jeder Insel einen Liegeplatz finden k\u00f6nnen.  <\/p>\n\n\n<div class=\"wp-block-image\">\n<figure class=\"aligncenter size-large\"><img loading=\"lazy\" decoding=\"async\" width=\"1024\" height=\"282\" src=\"https:\/\/ultra-sailing.hr\/wp-content\/uploads\/2024\/05\/Sailing_Destination_Croatia_Ultra_Charter-1024x282.jpg\" alt=\"\" class=\"wp-image-1331\" srcset=\"https:\/\/ultra-sailing.hr\/wp-content\/uploads\/2024\/05\/Sailing_Destination_Croatia_Ultra_Charter-1024x282.jpg 1024w, https:\/\/ultra-sailing.hr\/wp-content\/uploads\/2024\/05\/Sailing_Destination_Croatia_Ultra_Charter-768x211.jpg 768w, https:\/\/ultra-sailing.hr\/wp-content\/uploads\/2024\/05\/Sailing_Destination_Croatia_Ultra_Charter-300x83.jpg 300w, https:\/\/ultra-sailing.hr\/wp-content\/uploads\/2024\/05\/Sailing_Destination_Croatia_Ultra_Charter-1536x423.jpg 1536w, https:\/\/ultra-sailing.hr\/wp-content\/uploads\/2024\/05\/Sailing_Destination_Croatia_Ultra_Charter-2048x564.jpg 2048w\" sizes=\"auto, (max-width: 1024px) 100vw, 1024px\" \/><\/figure>\n<\/div>\n\n\n<p>Ein Yachtcharter ist eine beliebte Urlaubsform in Kroatien, da man die K\u00fcste und Inseln frei erkunden kann. Wer die gesamte kroatische Adriak\u00fcste erleben m\u00f6chte, sollte jedoch wissen, dass ein einziger 7-Tage-T\u00f6rn kaum ausreicht, um alle Highlights dieser Region zu entdecken. Manche G\u00e4ste bevorzugen daher einen One-Way-T\u00f6rn \u2013 zum Beispiel mit Start in Split oder Trogir und R\u00fcckgabe des Bootes in Dubrovnik (oder umgekehrt).<\/p>\n\n\n\n<p>F\u00fcr die Segelgebiete in Kroatien unterteilen wir die Adria in folgende Regionen: Istrien und Kvarner Bucht (Pula), Nordadria (Zadar), Mitteladria (Split) und S\u00fcddalmatien (Dubrovnik). Jede Region bietet nicht nur hervorragende nautische Infrastruktur mit H\u00e4fen, Marinas und Ankerpl\u00e4tzen, sondern auch eigene kulturelle Highlights, historische Altst\u00e4dte und authentische Gastronomie.<\/p>\n\n\n\n<h2 class=\"wp-block-heading\">Segelrevier Istrien und Kvarner<\/h2>\n\n\n\n<figure class=\"wp-block-image size-full\"><img loading=\"lazy\" decoding=\"async\" width=\"1640\" height=\"924\" src=\"https:\/\/ultra-sailing.hr\/wp-content\/uploads\/2024\/11\/Istrien_und_Kvarner_Kroatien.jpg\" alt=\"\" class=\"wp-image-3237\" srcset=\"https:\/\/ultra-sailing.hr\/wp-content\/uploads\/2024\/11\/Istrien_und_Kvarner_Kroatien.jpg 1640w, https:\/\/ultra-sailing.hr\/wp-content\/uploads\/2024\/11\/Istrien_und_Kvarner_Kroatien-300x169.jpg 300w, https:\/\/ultra-sailing.hr\/wp-content\/uploads\/2024\/11\/Istrien_und_Kvarner_Kroatien-1024x577.jpg 1024w, https:\/\/ultra-sailing.hr\/wp-content\/uploads\/2024\/11\/Istrien_und_Kvarner_Kroatien-768x433.jpg 768w, https:\/\/ultra-sailing.hr\/wp-content\/uploads\/2024\/11\/Istrien_und_Kvarner_Kroatien-1536x865.jpg 1536w\" sizes=\"auto, (max-width: 1640px) 100vw, 1640px\" \/><\/figure>\n\n\n\n<p>Am n\u00f6rdlichsten Punkt der kroatischen Adriak\u00fcste liegt Istrien. Auf dieser Halbinsel befinden sich einige der beliebtesten und historischsten St\u00e4dte Kroatiens, wie Pula, Pore\u010d und Rovinj. Das Kvarner-Gebiet mit seinen sch\u00f6nen Inseln und Str\u00e4nden erstreckt sich s\u00fcd\u00f6stlich der Halbinsel Istrien.<\/p>\n\n\n\n<p><br>Zum segeln in Istrien und im Kvarner-Revier straten die meisten Charterg\u00e4ste von der Stadt Pula aus, wo sie zwischen den drei Yachth\u00e4fen ACI Marina Pula, ACI Marina Pomer und Marina Veruda w\u00e4hlen k\u00f6nnen, die die gr\u00f6\u00dfte Charterflotte auf der Halbinsel Istrien anbieten. Von hier aus k\u00f6nnen Sie nach Norden, entlang der Westk\u00fcste Istriens zu den St\u00e4dten Rovinj, Porec, Novigrad, Umag oder sogar Venedig in Italien segeln. Im S\u00fcden liegen die Inseln Cres, Krk, Unije, Susak, Mali und Veli Losinj, Rab, Premuda, Silba und einige kleinere Inseln.<\/p>\n\n\n\n<hr class=\"wp-block-separator has-text-color has-vivid-red-color has-alpha-channel-opacity has-vivid-red-background-color has-background is-style-wide\"\/>\n\n\n\n<h2 class=\"wp-block-heading\">Segelrevier Nordadria<\/h2>\n\n\n\n<figure class=\"wp-block-image size-full\"><img loading=\"lazy\" decoding=\"async\" width=\"1640\" height=\"924\" src=\"https:\/\/ultra-sailing.hr\/wp-content\/uploads\/2024\/11\/Nordadria_Kroatien.jpg\" alt=\"\" class=\"wp-image-3241\" srcset=\"https:\/\/ultra-sailing.hr\/wp-content\/uploads\/2024\/11\/Nordadria_Kroatien.jpg 1640w, https:\/\/ultra-sailing.hr\/wp-content\/uploads\/2024\/11\/Nordadria_Kroatien-300x169.jpg 300w, https:\/\/ultra-sailing.hr\/wp-content\/uploads\/2024\/11\/Nordadria_Kroatien-1024x577.jpg 1024w, https:\/\/ultra-sailing.hr\/wp-content\/uploads\/2024\/11\/Nordadria_Kroatien-768x433.jpg 768w, https:\/\/ultra-sailing.hr\/wp-content\/uploads\/2024\/11\/Nordadria_Kroatien-1536x865.jpg 1536w\" sizes=\"auto, (max-width: 1640px) 100vw, 1640px\" \/><\/figure>\n\n\n\n<p>Das Zentrum der n\u00f6rdlichen Adria ist die wundersch\u00f6ne Stadt Zadar. Einige der ber\u00fchmtesten Sehensw\u00fcrdigkeiten Kroatiens befinden sich in diesem Gebiet. Die Kornaten sind der meistbesuchte Nationalpark in Kroatien von nautischen G\u00e4sten. Das ist nicht verwunderlich, Zadar ist ideal gelegen, um mit dem Auto oder dem Flugzeug (Flughafen Zadar) zu erreichen, sch\u00f6ne Buchten und Natur sind gleich um die \u201eEcke\u201c.   <\/p>\n\n\n\n<p>Um die norddalmatinischen Inseln zu erkunden, starten Sie am besten von der Marina Zadar, Sukosan oder Biograd na Moru (Marina Kornati). Alle drei St\u00e4dte haben eine gro\u00dfe Anzahl von Charterbooten und sind gut organisiert. Unabh\u00e4ngig davon, in welchem Yachthafen Sie starten, gibt es Inseln wie Pasman, Ugljan, Iz, Vrgada, Zut, Dugi Otok, Kornat und einige kleinere Inseln, die Sie mit dem Segelboot oder Katamaran erkunden k\u00f6nnen.  <\/p>\n\n\n\n<hr class=\"wp-block-separator has-text-color has-vivid-red-color has-alpha-channel-opacity has-vivid-red-background-color has-background is-style-wide\"\/>\n\n\n\n<h2 class=\"wp-block-heading\">Segelrevier Mitteladria<\/h2>\n\n\n\n<figure class=\"wp-block-image size-full\"><img loading=\"lazy\" decoding=\"async\" width=\"1640\" height=\"924\" src=\"https:\/\/ultra-sailing.hr\/wp-content\/uploads\/2024\/11\/Mitteladria_Kroatien.jpg\" alt=\"\" class=\"wp-image-3245\" srcset=\"https:\/\/ultra-sailing.hr\/wp-content\/uploads\/2024\/11\/Mitteladria_Kroatien.jpg 1640w, https:\/\/ultra-sailing.hr\/wp-content\/uploads\/2024\/11\/Mitteladria_Kroatien-300x169.jpg 300w, https:\/\/ultra-sailing.hr\/wp-content\/uploads\/2024\/11\/Mitteladria_Kroatien-1024x577.jpg 1024w, https:\/\/ultra-sailing.hr\/wp-content\/uploads\/2024\/11\/Mitteladria_Kroatien-768x433.jpg 768w, https:\/\/ultra-sailing.hr\/wp-content\/uploads\/2024\/11\/Mitteladria_Kroatien-1536x865.jpg 1536w\" sizes=\"auto, (max-width: 1640px) 100vw, 1640px\" \/><\/figure>\n\n\n\n<p>Wenn Sie Ihren Segelurlaub in der Mitteladria beginnen m\u00f6chten, haben Sie die M\u00f6glichkeit, einige der ber\u00fchmtesten Inseln der kroatischen Adria wie Hvar und Vis zu erkunden. Die gr\u00f6\u00dfte Charterbootflotte befindet sich in den St\u00e4dten Trogir, Kastela und Split. Split ist das Zentrum von Mitteldalmatien.<\/p>\n\n\n\n<p>Die Yachth\u00e4fen von Trogir und Split bieten die M\u00f6glichkeit, die historischen Altst\u00e4dte zu erkunden, w\u00e4hrend Sie auf Ihr Charterboot warten. In Mitteldalmatien besuchen die meisten Charterg\u00e4ste gerne die Inseln Solta, Brac, Hvar, Vis und Korcula, aber auch einige kleinere wie Scedro oder Drvenik.   <\/p>\n\n\n\n<hr class=\"wp-block-separator has-text-color has-vivid-red-color has-alpha-channel-opacity has-vivid-red-background-color has-background is-style-wide\"\/>\n\n\n\n<h2 class=\"wp-block-heading\">Segelrevier S\u00fcdadria<\/h2>\n\n\n\n<figure class=\"wp-block-image size-full\"><img loading=\"lazy\" decoding=\"async\" width=\"1640\" height=\"924\" src=\"https:\/\/ultra-sailing.hr\/wp-content\/uploads\/2024\/11\/Suedadria_Kroatien.jpg\" alt=\"\" class=\"wp-image-3249\" srcset=\"https:\/\/ultra-sailing.hr\/wp-content\/uploads\/2024\/11\/Suedadria_Kroatien.jpg 1640w, https:\/\/ultra-sailing.hr\/wp-content\/uploads\/2024\/11\/Suedadria_Kroatien-300x169.jpg 300w, https:\/\/ultra-sailing.hr\/wp-content\/uploads\/2024\/11\/Suedadria_Kroatien-1024x577.jpg 1024w, https:\/\/ultra-sailing.hr\/wp-content\/uploads\/2024\/11\/Suedadria_Kroatien-768x433.jpg 768w, https:\/\/ultra-sailing.hr\/wp-content\/uploads\/2024\/11\/Suedadria_Kroatien-1536x865.jpg 1536w\" sizes=\"auto, (max-width: 1640px) 100vw, 1640px\" \/><\/figure>\n\n\n\n<p>Tief im S\u00fcden liegt die Perle der Adria, die ber\u00fchmte Stadt Dubrovnik. Es ist eines der atemberaubendsten Reiseziele im Mittelmeerraum.<br>Wenn Sie sich entscheiden, aus der Gegend von Dubrovnik zu chartern, k\u00f6nnen Sie von der ACI Marina Dubrovnik aus segeln, die nicht weit von der Altstadt entfernt ist, oder von der ACI Marina Slano, die sich n\u00f6rdlich (35 km) von Dubrovnik befindet. Die meisten Charterg\u00e4ste aus Europa kommen mit dem Flugzeug in Dubrovnik an.    <\/p>\n\n\n\n<p>Die Inseln, die Sie von den beiden Marinas aus am leichtesten erkunden k\u00f6nnen, sind Lastovo, Mljet, die Halbinsel Peljesac und der Elafiti-Archipel. Viele unserer G\u00e4ste machen auch einen Segelt\u00f6rn nach Montenegro, das in der N\u00e4he von Dubrovnik liegt. Sie k\u00f6nnen auch einen so genannten One-Way-Segelt\u00f6rn machen. Wir bieten unseren G\u00e4sten die M\u00f6glichkeit, das Segelboot oder den Katamaran in unserer Charterbasis in Split oder Trogir zu \u00fcbernehmen und in Dubrovnik auszuchecken oder umgekehrt.  <\/p>\n\n\n\n<hr class=\"wp-block-separator has-text-color has-vivid-red-color has-alpha-channel-opacity has-vivid-red-background-color has-background is-style-wide\"\/>\n\n\n\n<p><\/p>\n","protected":false},"excerpt":{"rendered":"<p>Bootsurlauber lieben die Unabh\u00e4ngigkeit, die das Meer bietet, das kristallklare Wasser der Adria und die unz\u00e4hligen Buchten und Str\u00e4nde. Daher ist ein Segelurlaub in Kroatien ein Muss f\u00fcr jeden, egal ob man segeln kann oder nicht. Wer keinen Bootschein besitzt, kann einen Skipper dazu mieten. Wenn Sie in Kroatien segeln, k\u00f6nnen Sie eine 1800 km [&hellip;]<\/p>\n","protected":false},"author":3,"featured_media":0,"parent":0,"menu_order":0,"comment_status":"closed","ping_status":"closed","template":"","meta":{"_acf_changed":false,"footnotes":""},"class_list":["post-3228","page","type-page","status-publish","hentry"],"acf":[],"_links":{"self":[{"href":"https:\/\/ultra-sailing.hr\/de\/wp-json\/wp\/v2\/pages\/3228","targetHints":{"allow":["GET"]}}],"collection":[{"href":"https:\/\/ultra-sailing.hr\/de\/wp-json\/wp\/v2\/pages"}],"about":[{"href":"https:\/\/ultra-sailing.hr\/de\/wp-json\/wp\/v2\/types\/page"}],"author":[{"embeddable":true,"href":"https:\/\/ultra-sailing.hr\/de\/wp-json\/wp\/v2\/users\/3"}],"replies":[{"embeddable":true,"href":"https:\/\/ultra-sailing.hr\/de\/wp-json\/wp\/v2\/comments?post=3228"}],"version-history":[{"count":4,"href":"https:\/\/ultra-sailing.hr\/de\/wp-json\/wp\/v2\/pages\/3228\/revisions"}],"predecessor-version":[{"id":3254,"href":"https:\/\/ultra-sailing.hr\/de\/wp-json\/wp\/v2\/pages\/3228\/revisions\/3254"}],"wp:attachment":[{"href":"https:\/\/ultra-sailing.hr\/de\/wp-json\/wp\/v2\/media?parent=3228"}],"curies":[{"name":"wp","href":"https:\/\/api.w.org\/{rel}","templated":true}]}}