{"id":3269,"date":"2024-03-03T17:43:48","date_gmt":"2024-03-03T16:43:48","guid":{"rendered":"https:\/\/ultra-sailing.hr\/dev-wordpress\/charterbasis-split\/"},"modified":"2026-04-07T12:39:26","modified_gmt":"2026-04-07T11:39:26","slug":"yachtcharter-basis-split","status":"publish","type":"page","link":"https:\/\/ultra-sailing.hr\/de\/yachtcharter-basis-split\/","title":{"rendered":"Charterbasis Split"},"content":{"rendered":"\n<p>Die Stadt Split ist die zweitgr\u00f6\u00dfte Stadt Kroatiens und liegt im mittleren Teil der Adriak\u00fcste. Das Herz von Split (der Diokletian-Palast) befindet sich auf einer Halbinsel, an deren Westseite die <a href=\"https:\/\/aci-marinas.com\/de\/marina\/aci-split\/\" target=\"_blank\" rel=\"noreferrer noopener nofollow\">ACI Marina Split<\/a> liegt. Diese Marina ist nur 20 km entfernt vom internationalen Flughafen von Split und ca. 15 Minuten vom F\u00e4hrhafen von Split. Dies macht ihn zu einem hervorragenden Ausgangspunkt f\u00fcr Ihren Segelurlaub und Vermietung von <a href=\"https:\/\/ultra-sailing.hr\/de\/catamarans\/\">Katamaranen<\/a> oder <a href=\"https:\/\/ultra-sailing.hr\/de\/boats\/\">Segelbooten<\/a>, von dem Sie die beliebtesten Inseln wie Hvar, Brac, Vis etc. ansteuern k\u00f6nnen.<\/p>\n\n\n\n<h2 class=\"wp-block-heading\">Virtueller 360\u00b0 Rundgang zu unserer Flotte und B\u00fcro in der ACI Marina Split<\/h2>\n\n\n\n<figure class=\"wp-block-embed aligncenter is-type-rich is-provider-embed-handler wp-block-embed-embed-handler\"><div class=\"wp-block-embed__wrapper\">\n<iframe loading=\"lazy\" style=\"border:0;\" tabindex=\"0\" src=\"https:\/\/tourmkr.com\/F1SDGQmRDi\/12536759p&amp;113.22h&amp;83.13t\" width=\"100%\" height=\"400\" frameborder=\"0\" allowfullscreen=\"\" aria-hidden=\"false\"><\/iframe>\n<\/div><\/figure>\n\n\n\n<h2 class=\"wp-block-heading\">Ultra Yachtcharter Split &#8211; Informationen<\/h2>\n\n\n\n<ul class=\"wp-block-list\">\n<li><strong>Adresse:<\/strong> ACI Marina Split, Uvala baluni 8, 21000 Split<\/li>\n\n\n\n<li><strong>E-Mail:<\/strong> booking@ultra-sailing.hr<\/li>\n\n\n\n<li><strong>Tel.:<\/strong> +385 21 398 578<\/li>\n\n\n\n<li><strong><strong>Technischer Support<\/strong>:<\/strong> +385 91 609 53 29<\/li>\n\n\n\n<li><strong>Abreitszeiten Saison:<\/strong>\n<ul class=\"wp-block-list\">\n<li>Freitag: 14:00 &#8211; 20:00<\/li>\n\n\n\n<li>Samstag: 08:00 &#8211; 20:00<\/li>\n\n\n\n<li>Sonntag: 08:00 &#8211; 12:00<\/li>\n<\/ul>\n<\/li>\n\n\n\n<li><strong>Check-In:<\/strong> Samstag ab 17:00 Uhr<\/li>\n\n\n\n<li><strong>Check-Out:<\/strong> Samstag bis 09:00 Uhr<\/li>\n<\/ul>\n\n\n\t\t<div class=\"c-nav-card-group\">\n\t\t\t\n<a href=\"https:\/\/ultra-sailing.hr\/wp-content\/uploads\/2025\/04\/ULTRA_ACI-MARINA-SPLIT.pdf\" class=\"c-nav-card\" target=\"_blank\">\n\t<img loading=\"lazy\" decoding=\"async\" width=\"680\" height=\"320\" src=\"https:\/\/ultra-sailing.hr\/wp-content\/uploads\/2024\/03\/split_croatia_sailing_yachtcharter-680x320.jpg\" class=\"attachment-680x320 size-680x320\" alt=\"yacht charter base Split Croatia\" \/>\t<div class=\"c-nav-card__main\">\n\t\t<p class=\"c-nav-card__title\">Yachtcharter Split &#8211; Charterbasis<\/p>\n\t\t<p class=\"c-nav-card__subtitle\">Alle Informationen in PDF zu unserem St\u00fctzpunkt in Split: Kontaktdaten, verf\u00fcgbare Dienstleistungen und mehr<\/p>\n\t\t<div class=\"c-nav-card__icon\">\n\t\t\t<svg class=\"o-icon u-stroke-2\"><use xmlns:xlink=\"http:\/\/www.w3.org\/1999\/xlink\" xlink:href=\"https:\/\/ultra-sailing.hr\/wp-content\/themes\/ultra-sailing\/assets\/sprite\/icons.svg#icon-chevron-right\"><\/use><\/svg>\t\t<\/div>\n\t<\/div>\n<\/a>\t\t<\/div>\n\n\n\n<figure class=\"wp-block-embed aligncenter is-type-rich is-provider-embed-handler wp-block-embed-embed-handler\"><div class=\"wp-block-embed__wrapper\">\n<iframe loading=\"lazy\" src=\"https:\/\/google.com\/maps\/embed?pb=!1m18!1m12!1m3!1d3089.97766748371!2d16.427274211944038!3d43.50175427098915!2m3!1f0!2f0!3f0!3m2!1i1024!2i768!4f13.1!3m3!1m2!1s0x13355e009edd57a1%3A0xf3da8b3be8a1800b!2sUltra%20Sailing%20Croatia%20-%20Yacht%20charter%20%26%20sailing%20school!5e1!3m2!1sen!2shr!4v1763632908528!5m2!1sen!2shr\" width=\"100%\" height=\"400\" frameborder=\"0\"><\/iframe>\n<\/div><\/figure>\n\n\n\n<h2 class=\"wp-block-heading\">\u00dcber die ACI Marina Split<\/h2>\n\n\n\n<p><strong>ACI marina Split <\/strong>liegt im s\u00fcdwestlichen Teil des Stadthafens, n\u00f6rdlich der Halbinsel Sustipan. Die langen Wellenbrecher sch\u00fctzten die Marina von den s\u00fcdlichen Winden. Marina hat 364 Liegepl\u00e4tze sowie 60 Stellpl\u00e4tze an Land.   <\/p>\n\n\n\n<p>Es ist nur einen kurzen Spaziergang von der historischen Altstadt von Split entfernt, sodass Sie die Stadt vor oder nach Ihrem Segelt\u00f6rn erkunden k\u00f6nnen.<\/p>\n\n\n\n<p>Einrichtungen in der Marina<\/p>\n\n\n\n<ul class=\"wp-block-list\">\n<li>Wasser-und Stromversorgung<\/li>\n\n\n\n<li>Empfang<\/li>\n\n\n\n<li>Wechselstube<\/li>\n\n\n\n<li>Restaurant, Snack-Bar<\/li>\n\n\n\n<li>Geldautomat<\/li>\n\n\n\n<li>Toiletten und Duschen<\/li>\n\n\n\n<li>W\u00e4scheservice<\/li>\n\n\n\n<li>Bootszubeh\u00f6rgesch\u00e4ft<\/li>\n\n\n\n<li>Parkplatz<\/li>\n\n\n\n<li>Kleines Lebensmittelgesch\u00e4ft<\/li>\n\n\n\n<li>Supermarkt (ungef\u00e4hr 10 Gehminuten von der ACI Marina entfernt)<\/li>\n\n\n\n<li>Tankstelle<\/li>\n\n\n\n<li>Kostenloses WiFi<\/li>\n<\/ul>\n\n\n\n<h2 class=\"wp-block-heading\">Anreise nach Split<\/h2>\n\n\n\n<p>Der einfachste und schnellste Weg, um aus allen Teilen Europas w\u00e4hrend der Saison nach Split anzureisen, ist der mit dem Flugzeug. Auf Anfrage begr\u00fc\u00dft das Team von Ultra seine G\u00e4ste bereits am Flughafen und bringt sie von dort auch zur Marina von Split, wo bereits ihr gechartertes Boot auf Sie wartet. <\/p>\n\n\n\n<h3 class=\"wp-block-heading\">Flugzeug<\/h3>\n\n\n\n<p>Der Flughafen von Split befindet sich nur 23 km entfernt von der Marina. Direkte Fl\u00fcge nach Split gibt es aus fast allen europ\u00e4ischen St\u00e4dten. <\/p>\n\n\n\n<p>Hinzu kommt die M\u00f6glichkeit, \u00fcber Zagreb nach Split zu fliegen. T\u00e4glich gibt es mehrere Fl\u00fcge von Zagreb nach Split und auch umgekehrt, auch au\u00dferhalb der Saison. Die Flugzeit betr\u00e4gt lediglich 45 Minuten.<\/p>\n\n\n\n<p>Wenn Sie au\u00dferhalb der EU anreisen, k\u00f6nnen Sie \u00fcber Frankfurt am Main, Rom, Zagreb direkt nach Split fliegen.<\/p>\n\n\n\n<h3 class=\"wp-block-heading\">Auto oder Bus<\/h3>\n\n\n\n<p>Wenn Sie von Italien aus in Split ankommen, k\u00f6nnen Sie die aus Rijeka kommende Adria-Magistrale nehmen, wenn Sie gerne an der K\u00fcste entlang reisen m\u00f6chten. Oder Sie benutzen die Autobahn \u00fcber Zagreb in Richtung Rijeka bis zur Abfahrt Zuta Lokva, fahren dann weiter bis zur K\u00fcstenstadt Senj, die etwa 60 km s\u00fcdlich von Rijeka liegt, und fahren dann die K\u00fcstenstra\u00dfe entlang in Richtung Split.  <\/p>\n\n\n\n<p>Wenn Sie aus Richtung Norden anreisen, k\u00f6nnen Sie die alte Route Zagreb-Karlovac-Gracac-Knin oder die Autobahn Zagreb \u2013 Split fahren.<\/p>\n\n\n\n<p>In der Marina Split stehen Parkpl\u00e4tze zur Verf\u00fcgung, die f\u00fcr 10,00 \u20ac pro Tag genutzt werden k\u00f6nnen<\/p>\n\n\n\n<h3 class=\"wp-block-heading\">F\u00e4hre<\/h3>\n\n\n\n<p>Wenn Sie mit dem Schiff anreisen, k\u00f6nnen Sie die regelm\u00e4\u00dfigen F\u00e4hrverbindungen von Rijeka oder Dubrovnik in Richtung Split nutzen, oder eine der schnellen internationalen F\u00e4hren aus Italien (Ancona, Civitanova, Giulianova, Pescara, Bari) nehmen. Vom F\u00e4hrhafen Split nehmen Sie dann entweder einen Bus, Taxi oder einen 20 min Spaziergang in die Marina Split, wo unser B\u00fcro ist.  <\/p>\n\n\n\n<h2 class=\"wp-block-heading\">\u00dcber Split<\/h2>\n\n\n<div class=\"wp-block-image\">\n<figure class=\"aligncenter size-full\"><img loading=\"lazy\" decoding=\"async\" width=\"800\" height=\"533\" src=\"https:\/\/ultra-sailing.hr\/wp-content\/uploads\/2024\/03\/Oldtown_Split_Croatia_UltraSailing.jpg\" alt=\"yachtcharter split\" class=\"wp-image-773\" srcset=\"https:\/\/ultra-sailing.hr\/wp-content\/uploads\/2024\/03\/Oldtown_Split_Croatia_UltraSailing.jpg 800w, https:\/\/ultra-sailing.hr\/wp-content\/uploads\/2024\/03\/Oldtown_Split_Croatia_UltraSailing-300x200.jpg 300w, https:\/\/ultra-sailing.hr\/wp-content\/uploads\/2024\/03\/Oldtown_Split_Croatia_UltraSailing-768x512.jpg 768w\" sizes=\"auto, (max-width: 800px) 100vw, 800px\" \/><\/figure>\n<\/div>\n\n\n<p><strong>Split ist eine Palaststadt<\/strong> im wahrsten Sinne des Wortes. Liebhaber von kulturellen und historischen Denkm\u00e4lern, Kunstwerken, originalen Bauwerken und sch\u00f6nen Gassen werden hier auf ihre Kosten kommen, wenn Sie das reiche Erbe der Stadt entdecken d\u00fcrfen. Angefangen hat alles vor 1.700 Jahren, als der <strong>r\u00f6mische Kaiser Diokletian<\/strong> hier einen Palast f\u00fcr seine alten Tage hat bauen lassen. Ab dem 7. Jahrhundert kamen die Leute aus der antiken Stadt Salona hier her und der Palast wandelte sich zu einer lebendigen Stadt. Heute ist Split eine fantastische Mischung aus Bauwerken aus der Antike, der Romanik, der Gotik und der Renaissance. Seine Bewohner leben mit den Traditionen, der Kultur und dem Wissen, die aus den <strong>m\u00e4chtigstes Imperien der Geschichte<\/strong> hervorgegangen sind: Rom, Byzanz, Venedig, \u00d6sterreich-Ungarn usw. Split ist heute die zweitgr\u00f6\u00dfte Stadt in Kroatien und liegt&nbsp; im Herzen von Dalmatien.<\/p>\n\n\n\n<p>Sein historisches Zentrum mit Diokletianpalast ist eines der ersten st\u00e4dtischen Komplexe, die auf die Liste des Welt-Kulturerbes der UNESCO (1979) eingetragen wurde.<\/p>\n\n\n\n<p>Die Stadt hat einen internationalen Flughafen sowie einen F\u00e4hrhafen, von dem aus Sie die ber\u00fchmten <strong>dalmatinischen Inseln<\/strong> erreichen k\u00f6nnen: <strong>Hvar, Brac, Solta, Korcula, Vis<\/strong> usw. Auch gibt es einen spannenden und \u00fcppigen Gem\u00fcsemarkt mit einer reichen Auswahl an frischen Zutaten f\u00fcr die K\u00fcche. Von der Marina Split erreichen Sie die Altstadt innerhalb von 15 min zu Fu\u00df, also wenn Sie etwas zu fr\u00fch angereist sind, k\u00f6nnen Sie das Gep\u00e4ck in unserem B\u00fcro lassen und sich auf die Erkundungstour von Split begeben.<\/p>\n\n\n\n<p>Die <strong>ACI Marina Split<\/strong> wurde zusammen mit neun weiteren ACI Marinas mit der &#8220;<strong>European Blue Flag<\/strong>&#8221; ausgezeichnet, die an solche Yachth\u00e4fen vergeben wird, die besondere Anstrengungen im Umweltschutz unternehmen, um ihre Str\u00e4nde und Yachth\u00e4fen sauber zu halten.<\/p>\n\n\n<div class=\"wp-block-image\">\n<figure class=\"aligncenter size-full\"><img loading=\"lazy\" decoding=\"async\" width=\"768\" height=\"512\" src=\"https:\/\/ultra-sailing.hr\/wp-content\/uploads\/2024\/03\/Peristil_Split_UltraSailing_Yacht_charter_Croatia.jpg\" alt=\"\" class=\"wp-image-771\" srcset=\"https:\/\/ultra-sailing.hr\/wp-content\/uploads\/2024\/03\/Peristil_Split_UltraSailing_Yacht_charter_Croatia.jpg 768w, https:\/\/ultra-sailing.hr\/wp-content\/uploads\/2024\/03\/Peristil_Split_UltraSailing_Yacht_charter_Croatia-300x200.jpg 300w\" sizes=\"auto, (max-width: 768px) 100vw, 768px\" \/><\/figure>\n<\/div>\n\n\n<h3 class=\"wp-block-heading\">Sehensw\u00fcrdigkeiten in Split<\/h3>\n\n\n\n<ul class=\"wp-block-list\">\n<li>Me\u0161trovi\u0107-Galerie<\/li>\n\n\n\n<li>Arch\u00e4ologisches Museum<\/li>\n\n\n\n<li>Museum von Split<\/li>\n\n\n\n<li>Marjan-H\u00fcgel (Panoramablick)<\/li>\n\n\n\n<li>Diokletianpalast<\/li>\n\n\n\n<li>Peristilplatz<\/li>\n\n\n\n<li>Kathedrale des Heiligen Domnius<\/li>\n<\/ul>\n\n\n\n<h2 class=\"wp-block-heading\">N\u00fctzliche Informationen<\/h2>\n\n\n\n<ul class=\"wp-block-list\">\n<li>VHF Funkkanal 17 \u2013 ACI Marina channel<\/li>\n\n\n\n<li>VHF ch 16 und VHF DSC ch 70 &#8211; \u00dcberwachung der Notruf- und Sicherheitsfrequenzen<\/li>\n\n\n\n<li>Sicherheitsinformationen (MSI) werden in kroatischer und englischer Sprache von Split Radio auf den UKW-Kan\u00e4len 7, 21, 23, 28 und 81 \u00fcbertragen.<\/li>\n\n\n\n<li>MSI Sendezeiten (UTC): 05:45, 12:45, 19:45<\/li>\n\n\n\n<li>Notrufnummer (Polizei, Notaufnahme\/Krankenhaus): 112<\/li>\n\n\n\n<li>Im Sommer verkehrt von der ACI Marina ein Taxiboot in die Altstadt.<\/li>\n<\/ul>\n","protected":false},"excerpt":{"rendered":"<p>Die Stadt Split ist die zweitgr\u00f6\u00dfte Stadt Kroatiens und liegt im mittleren Teil der Adriak\u00fcste. Das Herz von Split (der Diokletian-Palast) befindet sich auf einer Halbinsel, an deren Westseite die ACI Marina Split liegt. Diese Marina ist nur 20 km entfernt vom internationalen Flughafen von Split und ca. 15 Minuten vom F\u00e4hrhafen von Split. Dies [&hellip;]<\/p>\n","protected":false},"author":3,"featured_media":0,"parent":0,"menu_order":0,"comment_status":"closed","ping_status":"closed","template":"","meta":{"_acf_changed":false,"footnotes":""},"class_list":["post-3269","page","type-page","status-publish","hentry"],"acf":[],"_links":{"self":[{"href":"https:\/\/ultra-sailing.hr\/de\/wp-json\/wp\/v2\/pages\/3269","targetHints":{"allow":["GET"]}}],"collection":[{"href":"https:\/\/ultra-sailing.hr\/de\/wp-json\/wp\/v2\/pages"}],"about":[{"href":"https:\/\/ultra-sailing.hr\/de\/wp-json\/wp\/v2\/types\/page"}],"author":[{"embeddable":true,"href":"https:\/\/ultra-sailing.hr\/de\/wp-json\/wp\/v2\/users\/3"}],"replies":[{"embeddable":true,"href":"https:\/\/ultra-sailing.hr\/de\/wp-json\/wp\/v2\/comments?post=3269"}],"version-history":[{"count":5,"href":"https:\/\/ultra-sailing.hr\/de\/wp-json\/wp\/v2\/pages\/3269\/revisions"}],"predecessor-version":[{"id":6188,"href":"https:\/\/ultra-sailing.hr\/de\/wp-json\/wp\/v2\/pages\/3269\/revisions\/6188"}],"wp:attachment":[{"href":"https:\/\/ultra-sailing.hr\/de\/wp-json\/wp\/v2\/media?parent=3269"}],"curies":[{"name":"wp","href":"https:\/\/api.w.org\/{rel}","templated":true}]}}