{"id":3271,"date":"2024-03-03T19:03:02","date_gmt":"2024-03-03T18:03:02","guid":{"rendered":"https:\/\/ultra-sailing.hr\/dev-wordpress\/charterbasis-trogir\/"},"modified":"2026-04-07T12:36:18","modified_gmt":"2026-04-07T11:36:18","slug":"yachtcharter-basis-trogir","status":"publish","type":"page","link":"https:\/\/ultra-sailing.hr\/de\/yachtcharter-basis-trogir\/","title":{"rendered":"Charterbasis Trogir"},"content":{"rendered":"\n<p>Trogir ist eine mittelalterliche Stadt, die wegen ihrer historischen komplexen und individuellen Denkm\u00e4ler zur UNESCO-Welt-Kulturerbe eingetragen wurde. Unser <strong>Yachtcharter Trogir<\/strong>&#8211;<strong>St\u00fctzpunkt befindet sich in der Marina Baotic, unweit der Altstadt von Trogir.<\/strong><br>In unserer Charterflotte in Trogir, k\u00f6nnen wir eine gro\u00dfe Auswahl an <a href=\"https:\/\/ultra-sailing.hr\/de\/boats\/\" target=\"_blank\" rel=\"noreferrer noopener\">Segelbooten<\/a> und <a href=\"https:\/\/ultra-sailing.hr\/de\/catamarans\/\">Katamaranen<\/a> anbieten. Ob Bareboat oder mit Skipper \u2013 von hier aus starten Sie in einen unvergesslichen Segelurlaub. Die zentrale Lage der Marina ist ideal, um die beeindruckende Adriak\u00fcste und Inseln wie \u0160olta, Bra\u010d, Hvar und Vis zu erkunden. Egal ob ein T\u00f6rn zu den Kornaten oder ein Ausflug zu den dalmatinischen Inseln ein Segelt\u00f6rn ab Trogir wird Sie begeistern.<\/p>\n\n\n\n<h2 class=\"wp-block-heading\">Virtueller 360\u00b0 Rundgang in der Marina Baoti\u0107<\/h2>\n\n\n\n<figure class=\"wp-block-embed is-type-rich is-provider-embed-handler wp-block-embed-embed-handler\"><div class=\"wp-block-embed__wrapper\">\n<iframe loading=\"lazy\" style=\"border:0;\" tabindex=\"0\" src=\"https:\/\/tourmkr.com\/F1TunU1b5c\/12537947p&amp;331.02h&amp;75.81t\" width=\"100%\" height=\"400\" frameborder=\"0\" allowfullscreen=\"\" aria-hidden=\"false\"><\/iframe>\n<\/div><\/figure>\n\n\n\n<h2 class=\"wp-block-heading\">Ultra Yachtcharter Trogir &#8211; Informationen<\/h2>\n\n\n\n<ul class=\"wp-block-list\">\n<li><strong>Adresse:<\/strong> Marina Baotic, Ul. Don Petra Spike 2, 21220 Seget Donji, Kroatien<\/li>\n\n\n\n<li><strong>E-Mail:<\/strong> booking@ultra-sailing.hr<\/li>\n\n\n\n<li><strong>Tel:<\/strong> +385 21 398 579<\/li>\n\n\n\n<li><strong><strong>Technischer Support<\/strong>:<\/strong> +385 99 164 8769<\/li>\n\n\n\n<li><strong>Arbeitszeiten Verkaufsb\u00fcro:<\/strong>\n<ul class=\"wp-block-list\">\n<li>Montag &#8211; Freitag: 08h &#8211; 16h<\/li>\n<\/ul>\n<\/li>\n\n\n\n<li><strong>Arbeitszeiten Charter Saison:<\/strong>\n<ul class=\"wp-block-list\">\n<li>Freitag: 14:00 &#8211; 20:00<\/li>\n\n\n\n<li>Samstag: 08:00 &#8211; 20:00<\/li>\n\n\n\n<li>Sonntag: 8:00 &#8211; 12:00<\/li>\n<\/ul>\n<\/li>\n\n\n\n<li><strong>Check-In:<\/strong> Samstag ab 17:00 Uhr<\/li>\n\n\n\n<li><strong>Check-Out:<\/strong> Samstag bis 09:00 Uhr<\/li>\n<\/ul>\n\n\n\t\t<div class=\"c-nav-card-group\">\n\t\t\t\n<a href=\"https:\/\/ultra-sailing.hr\/wp-content\/uploads\/2025\/04\/ULTRA_MARINA-BAOTIC.pdf\" class=\"c-nav-card\" target=\"_blank\">\n\t<img loading=\"lazy\" decoding=\"async\" width=\"680\" height=\"320\" src=\"https:\/\/ultra-sailing.hr\/wp-content\/uploads\/2024\/11\/Trogir_Marina_Baotic_segeln-680x320.jpg\" class=\"attachment-680x320 size-680x320\" alt=\"Yach\" \/>\t<div class=\"c-nav-card__main\">\n\t\t<p class=\"c-nav-card__title\">Yachtcharter Trogir &#8211; Marina Baotic<\/p>\n\t\t<p class=\"c-nav-card__subtitle\">Alle Informationen in PDF zu unserem St\u00fctzpunkt in der Marina Baotic: Kontaktdaten, verf\u00fcgbare Dienstleistungen und mehr.<\/p>\n\t\t<div class=\"c-nav-card__icon\">\n\t\t\t<svg class=\"o-icon u-stroke-2\"><use xmlns:xlink=\"http:\/\/www.w3.org\/1999\/xlink\" xlink:href=\"https:\/\/ultra-sailing.hr\/wp-content\/themes\/ultra-sailing\/assets\/sprite\/icons.svg#icon-chevron-right\"><\/use><\/svg>\t\t<\/div>\n\t<\/div>\n<\/a>\t\t<\/div>\n\n\n\n<figure class=\"wp-block-embed is-type-rich is-provider-embed-handler wp-block-embed-embed-handler\"><div class=\"wp-block-embed__wrapper\">\n<iframe loading=\"lazy\" src=\"https:\/\/google.com\/maps\/embed?pb=!1m18!1m12!1m3!1d772.2953911840792!2d16.23220617389396!3d43.51730668067807!2m3!1f0!2f0!3f0!3m2!1i1024!2i768!4f13.1!3m3!1m2!1s0x13356b413a74f293%3A0xeb3f8cf2941459b1!2sUltra%20Sailing%20Croatia%20-%20Catamaran%20rental%20%26%20dealership!5e1!3m2!1sen!2shr!4v1763628569071!5m2!1sen!2shr\" width=\"100%\" height=\"400\" frameborder=\"0\"><\/iframe>\n<\/div><\/figure>\n\n\n\n<h2 class=\"wp-block-heading\">\u00dcber die Marina Baotic<\/h2>\n\n\n\n<p>Die <a href=\"https:\/\/www.baotic-yachting.com\/de\/marinas\/marina-baotic\" target=\"_blank\" rel=\"noreferrer noopener nofollow\">Marina Baotic<\/a> befindet sich in unmittelbarer N\u00e4he der Altstadt von Trogir und etwa 8km Entfenrung von Flughafen Split. Die Marina verf\u00fcgt \u00fcber 480 Liegepl\u00e4tze im Wasser, sowie 200 Stellpl\u00e4tze an Land. Marina ist \u00fcber das ganze Jahr ge\u00f6ffnet. Alle Liegepl\u00e4tze haben Wasser-und Stromanschluss.Weiterhin finden Sie in der Marina folgendes:<\/p>\n\n\n\n<ul class=\"wp-block-list\">\n<li>Rezeption<\/li>\n\n\n\n<li>Wechselstube<\/li>\n\n\n\n<li>Restaurant<\/li>\n\n\n\n<li>Swimming-Pool<\/li>\n\n\n\n<li>Toiletten und Duschen<\/li>\n\n\n\n<li>W\u00e4scheservice<\/li>\n\n\n\n<li>Nautik-Shop (Ersatzteile)<\/li>\n\n\n\n<li>Werkstatt<\/li>\n\n\n\n<li>Parkplatz<\/li>\n\n\n\n<li>Tankstelle<\/li>\n\n\n\n<li>supermarket<\/li>\n\n\n\n<li>Gep\u00e4ckaufbewahrung<\/li>\n\n\n\n<li>WiFi<\/li>\n<\/ul>\n\n\n\n<h2 class=\"wp-block-heading\">Anreise nach Trogir<\/h2>\n\n\n\n<p>Der beste Weg, um w\u00e4hrend der touristischen Saison aus allen Teilen Europas nach Trogir zu gelangen, ist der mit dem Flugzeug. Auf Anfrage empf\u00e4ngt Ultra-Sailing die G\u00e4ste bereits am Flughafen und bringt sie vom Flughafen zur Marina Baotic, wo Ihr Charterboot auf sie wartet.<\/p>\n\n\n\n<h3 class=\"wp-block-heading\">Flugzeug<\/h3>\n\n\n\n<p>Der <strong>Flughafen Split <\/strong>befindet sich nur<strong>&nbsp;8 km von Trogir entfernt<\/strong>. In der Saison gibt es zahlreiche Direktfl\u00fcge aus den meisten europ\u00e4ischen St\u00e4dten.<br>Dar\u00fcber hinaus besteht auch die M\u00f6glichkeit, mit dem <strong>Flugzeug \u00fcber Zagreb<\/strong> nach Split-Trogir anzureisen, denn von Zagreb nach Split verkehren t\u00e4glich mehrmals Flieger und der Flug dauert gerade einmal 45 Minuten. Wenn Sie au\u00dferhalb der EU kommen, haben Sie direkte Flugverbindungen nach Split via Frankfurt, Rom oder Zagreb.<\/p>\n\n\n\n<h3 class=\"wp-block-heading\">PKW oder Bus<\/h3>\n\n\n\n<p>Aus Richtung Italien kommend, k\u00f6nnen Sie <strong>ab Rijeka die Adria-Magistrale fahren<\/strong>, wenn Sie entlang der K\u00fcste reisen m\u00f6chten. Oder Sie benutzen die Autobahn, indem Sie bei Rijeka oder dem Kreuz Zuta Lokva in der N\u00e4he der Stadt Senj (ca. 60 km s\u00fcdlich von Rijeka) die Auffahrt nehmen und dann immer in Richtung Split fahren. Wenn Sie aus n\u00f6rdlicher Richtung anreisen, k\u00f6nnen Sie entweder die alte <strong>Strecke Zagreb-Karlovac-Gracac-Knin<\/strong> nehmen oder die Autobahn Zagreb &#8211; Split.<\/p>\n\n\n\n<h3 class=\"wp-block-heading\">F\u00e4hre<\/h3>\n\n\n\n<p>Wenn Sie lieber mit dem <strong>Schiff anreisen<\/strong>, dann k\u00f6nnen Sie die regelm\u00e4\u00dfigen <strong>F\u00e4hrverbindungen von Rijeka oder Dubrovnik<\/strong> nach Split nutzen oder mit einer internationalen F\u00e4hre oder Schnellf\u00e4hre aus Italien (Ancona, Civitanova, Giulianova, Pescara, Bari) anreisen. Von Split aus ist Trogir gut mit dem Bus oder einem Taxi zu erreichen.<\/p>\n\n\n\n<h3 class=\"wp-block-heading\">Trogir &#8211; Split Verbindung<\/h3>\n\n\n\n<p>Der Bus Nr. 37 f\u00e4hrt alle 20 Minuten von Trogir nach Split. Die Fahrtzeit zwischen den beiden St\u00e4dten betr\u00e4gt etwa 45 Minuten. Im Sommer ist auch die Lokale-F\u00e4hre der Bura Line eine beliebte Option. Sie bietet eine angenehme 30-min\u00fctige Fahrt von Trogir zur Uferpromenade von Split oder umgekehrt.<\/p>\n\n\n\n<h2 class=\"wp-block-heading\">\u00dcber Trogir<\/h2>\n\n\n<div class=\"wp-block-image\">\n<figure class=\"aligncenter size-full\"><img loading=\"lazy\" decoding=\"async\" width=\"720\" height=\"480\" src=\"https:\/\/ultra-sailing.hr\/wp-content\/uploads\/2024\/03\/Trogir_marina.jpg\" alt=\"yachtcharter trogir\" class=\"wp-image-347\" srcset=\"https:\/\/ultra-sailing.hr\/wp-content\/uploads\/2024\/03\/Trogir_marina.jpg 720w, https:\/\/ultra-sailing.hr\/wp-content\/uploads\/2024\/03\/Trogir_marina-300x200.jpg 300w\" sizes=\"auto, (max-width: 720px) 100vw, 720px\" \/><\/figure>\n<\/div>\n\n\n<p>Trogir ist eine <strong>Museumsstadt<\/strong> im wahrsten Sinne des Wortes. Liebhaber von kulturellen und <strong>historischen Denkm\u00e4lern<\/strong>, Kunst, original erhaltener Architektur und malerischen Gassen k\u00f6nnen in dieser Stadt das reiche und komplexe Erbe vieler Jahrhunderte entdecken und viel \u00fcber die Vergangenheit dieser Stadt lernen. Der einzigartige <strong>historische Stadtkern<\/strong>, das Radovan-Portal und die herrlichen <strong>Kunstsammlungen begeistern jeden Besucher von Trogir <\/strong>mit ihrer \u00fcber die Jahrhunderte erhaltenen Sch\u00f6nheit. Das Relief des Gottes Kairos ist \u00fcbrigens ein wundervolles Souvenir, das Sie von hier mitnehmen sollten. Die Umgebung von Trogir (<strong>Trogir &#8211; Seget &#8211; Ciovo Riviera<\/strong>) ist gepr\u00e4gt von \u00fcppiger Vegetation, es gibt zahlreichen Inseln und Inselchen, Fels- und und Kiesstr\u00e4nde. Die <strong>Unterkunft in Hotels<\/strong>, Pensionen, Ferienwohnungen oder auf Campingpl\u00e4tzen erf\u00fcllt hohe Qualit\u00e4tsanspr\u00fcche und Sie finden eine breite Palette an M\u00f6glichkeiten zur sportlichen Bet\u00e4tigung &#8211; Tennis, Boccia, Kegeln, Laufen, Surfen, Tauchen, Quadfahren.<\/p>\n\n\n\n<p>Die <strong>K\u00fcche dieser Region Kroatiens<\/strong> ist einfach k\u00f6stlich mit ihrem reichen Angebot an fangfrischem Fisch und Meerestieren sowie w\u00fcrzigen Fleischgerichten. Es werden fr\u00f6hliche Fischer-N\u00e4chte und Folklore-Abende organisiert und auch Konzerte mit klassischer Musik finden in sehr sch\u00f6nem Ambiente in Trogir statt. Die <strong>Marina Baotic&nbsp;<\/strong>verf\u00fcgt \u00fcber <strong>480 Liegepl\u00e4tze im Meer und 200 Pl\u00e4tze an Land<\/strong>. Trogir, eine Stadt und ein Hafen im&nbsp; K\u00fcstenstreifen der Bucht von Kastela, <strong>27 km westlich von Split<\/strong>. Der historische Stadtkern liegt auf einem kleinen Eiland zwischen der <strong>Insel Ciovo<\/strong> und dem Festland und ist mit diesem durch eine kleine steinerne Br\u00fccke verbunden. Mit der Insel Ciovo verbindet ihn eine Hebebr\u00fccke. Die Stadt breitet sich auch an der Nordk\u00fcste von Ciovo aus. <\/p>\n\n\n\n<h3 class=\"wp-block-heading\">Sehensw\u00fcrdigkeiten in Trogir<\/h3>\n\n\n\n<ul class=\"wp-block-list\">\n<li>Kamerlengo Festung<\/li>\n\n\n\n<li>Stadtmuseum<\/li>\n\n\n\n<li>Stadtmauern<\/li>\n\n\n\n<li>Kathedrale des heiligen Laurentius<\/li>\n\n\n\n<li>Loggia mit Glockenturm<\/li>\n\n\n\n<li>Cipiko-Palast<\/li>\n\n\n\n<li>Die Nikolauskirche (Benediktinerkloster)<\/li>\n\n\n\n<li>Der Markt von Trogir<\/li>\n<\/ul>\n\n\n\n<h2 class=\"wp-block-heading\">N\u00fctzliche Informationen<\/h2>\n\n\n\n<ul class=\"wp-block-list\">\n<li>VHF Funk 17 \u2013 Marina Kanal<\/li>\n\n\n\n<li>VHF Funk 16 and VHF DSC ch 70 &#8211; \u00dcberwachung der Notruf- und Sicherheitsfrequenzen<\/li>\n\n\n\n<li>Sicherheitsinformationen (MSI) werden in kroatischer und englischer Sprache von Split Radio auf den UKW-Kan\u00e4len 7, 21, 23, 28 und 81 \u00fcbertragen.<\/li>\n\n\n\n<li>MSI Sendezeiten (UTC): 05:45, 12:45, 19:45<\/li>\n\n\n\n<li>Notrufnummer (Polizei, Notaufnahme\/Krankenhaus): 112<\/li>\n\n\n\n<li>Im Sommer verkehrt von der Marina Baotic ein Taxiboot in die Altstadt von Trogir.<\/li>\n<\/ul>\n\n\n\n<p><\/p>\n","protected":false},"excerpt":{"rendered":"<p>Trogir ist eine mittelalterliche Stadt, die wegen ihrer historischen komplexen und individuellen Denkm\u00e4ler zur UNESCO-Welt-Kulturerbe eingetragen wurde. Unser Yachtcharter Trogir&#8211;St\u00fctzpunkt befindet sich in der Marina Baotic, unweit der Altstadt von Trogir.In unserer Charterflotte in Trogir, k\u00f6nnen wir eine gro\u00dfe Auswahl an Segelbooten und Katamaranen anbieten. Ob Bareboat oder mit Skipper \u2013 von hier aus starten [&hellip;]<\/p>\n","protected":false},"author":3,"featured_media":0,"parent":0,"menu_order":0,"comment_status":"closed","ping_status":"closed","template":"","meta":{"_acf_changed":false,"footnotes":""},"class_list":["post-3271","page","type-page","status-publish","hentry"],"acf":[],"_links":{"self":[{"href":"https:\/\/ultra-sailing.hr\/de\/wp-json\/wp\/v2\/pages\/3271","targetHints":{"allow":["GET"]}}],"collection":[{"href":"https:\/\/ultra-sailing.hr\/de\/wp-json\/wp\/v2\/pages"}],"about":[{"href":"https:\/\/ultra-sailing.hr\/de\/wp-json\/wp\/v2\/types\/page"}],"author":[{"embeddable":true,"href":"https:\/\/ultra-sailing.hr\/de\/wp-json\/wp\/v2\/users\/3"}],"replies":[{"embeddable":true,"href":"https:\/\/ultra-sailing.hr\/de\/wp-json\/wp\/v2\/comments?post=3271"}],"version-history":[{"count":9,"href":"https:\/\/ultra-sailing.hr\/de\/wp-json\/wp\/v2\/pages\/3271\/revisions"}],"predecessor-version":[{"id":6186,"href":"https:\/\/ultra-sailing.hr\/de\/wp-json\/wp\/v2\/pages\/3271\/revisions\/6186"}],"wp:attachment":[{"href":"https:\/\/ultra-sailing.hr\/de\/wp-json\/wp\/v2\/media?parent=3271"}],"curies":[{"name":"wp","href":"https:\/\/api.w.org\/{rel}","templated":true}]}}