{"id":3298,"date":"2024-03-03T17:14:36","date_gmt":"2024-03-03T16:14:36","guid":{"rendered":"https:\/\/ultra-sailing.hr\/dev-wordpress\/ultra-charterbasen-kroatien\/"},"modified":"2025-03-13T11:53:35","modified_gmt":"2025-03-13T10:53:35","slug":"ultra-charter-flotte-kroatien","status":"publish","type":"page","link":"https:\/\/ultra-sailing.hr\/de\/ultra-charter-flotte-kroatien\/","title":{"rendered":"Ultra Charterbasen Kroatien"},"content":{"rendered":"\n<p>Kroatien besitzt eine lange nautische Tradition. Direkt an der sch\u00f6nen K\u00fcste gibt es viele kleine St\u00e4dte und mehr als 1.200 Inseln und Inselchen, dazu kommt eine K\u00fcstenlinie von fast 6.000 km L\u00e4nge. Entlang dieser K\u00fcste befinden sich zahlreiche Marinas und H\u00e4fen, die den Wassersportlern mit ihren Booten sicheren Schutz vor den oft heftigen Windverh\u00e4ltnissen an der Adria bieten. Die meisten kroatischen Marinas werden sowohl von einheimischen Bootsbesitzern als auch von gecharterten Booten der verschiedenen Charterunternehmen genutzt. <\/p>\n\n\n\n<p>F\u00fcr ein Yachtcharter-Unternehmen sind sowohl die Einrichtungen als auch die Lage einer Marina entscheidend, um Segelboote und Katamaranen erfolgreich zu vermieten.<br>Ultra Sailing, mit Hauptsitz in Split, betreibt Charterbasen in Dalmatien und Istrien an den besten Standorten. Unsere Auswahlkriterien umfassen die N\u00e4he zum Flugh\u00e4fen, die Ausstattung der Marinas und einen einfachen Zugang zu den sch\u00f6nsten kroatischen Inseln. Aus diesen Gr\u00fcnden haben wir Marina Dubrovnik, Marina Baoti\u0107 (Trogir), Marina Split, Marina Pomer (Pula) und als unsere St\u00fctzpunkte gew\u00e4hlt. Diese Destinationen sind nicht nur gut erreichbar, sondern auch beliebte touristische Ziele. <\/p>\n\n\n\n<h2 class=\"wp-block-heading\">Charterbasis Baoti\u0107 &#8211; Trogir<\/h2>\n\n\n\n<figure class=\"wp-block-image size-full\"><a href=\"https:\/\/ultra-sailing.hr\/de\/yachtcharter-basis-trogir\/\" target=\"_blank\" rel=\" noreferrer noopener\"><img loading=\"lazy\" decoding=\"async\" width=\"1132\" height=\"788\" src=\"https:\/\/ultra-sailing.hr\/wp-content\/uploads\/2024\/11\/Trogir_Marina_Baotic_segeln.jpg\" alt=\"\" class=\"wp-image-3312\" srcset=\"https:\/\/ultra-sailing.hr\/wp-content\/uploads\/2024\/11\/Trogir_Marina_Baotic_segeln.jpg 1132w, https:\/\/ultra-sailing.hr\/wp-content\/uploads\/2024\/11\/Trogir_Marina_Baotic_segeln-300x209.jpg 300w, https:\/\/ultra-sailing.hr\/wp-content\/uploads\/2024\/11\/Trogir_Marina_Baotic_segeln-1024x713.jpg 1024w, https:\/\/ultra-sailing.hr\/wp-content\/uploads\/2024\/11\/Trogir_Marina_Baotic_segeln-768x535.jpg 768w\" sizes=\"auto, (max-width: 1132px) 100vw, 1132px\" \/><\/a><\/figure>\n\n\n\n<p>Trogir ist eine Museumsstadt im wahrsten Sinne des Wortes. Liebhaber von kulturellen und historischen Denkm\u00e4lern, Kunst, original erhaltener Architektur und malerischen Gassen k\u00f6nnen in dieser Stadt das reiche und komplexe Erbe vieler Jahrhunderte entdecken und viel \u00fcber die Vergangenheit dieser Stadt lernen. Die wundersch\u00f6ne und moderne <strong>Marina Baotic, unweit vonTrogir verf\u00fcgt \u00fcber 480 Liegepl\u00e4tze im Meer und 200 Liegepl\u00e4tze an Land<\/strong>. Die Altstadt von Trogir k\u00f6nnen Sie entweder zu Fu\u00df (cca. 15 min.) oder Taxi-Boot erreichen.<\/p>\n\n\n\t<p>\n\t\t<a href=\"https:\/\/ultra-sailing.hr\/de\/yachtcharter-basis-trogir\/\" class=\"c-button c-button--primary \">\n\t\t\tWeitere Informationen\t\t<\/a>\n\t<\/p>\n\n\n\n<hr class=\"wp-block-separator has-text-color has-vivid-red-color has-alpha-channel-opacity has-vivid-red-background-color has-background is-style-wide\"\/>\n\n\n\n<h2 class=\"wp-block-heading\">Charterbasis Split<\/h2>\n\n\n\n<figure class=\"wp-block-image size-full\"><a href=\"https:\/\/ultra-sailing.hr\/de\/yachtcharter-basis-split\/\" target=\"_blank\" rel=\" noreferrer noopener\"><img loading=\"lazy\" decoding=\"async\" width=\"1000\" height=\"667\" src=\"https:\/\/ultra-sailing.hr\/wp-content\/uploads\/2024\/03\/yachtcharter_croatia_marina_split.jpg\" alt=\"\" class=\"wp-image-790\" srcset=\"https:\/\/ultra-sailing.hr\/wp-content\/uploads\/2024\/03\/yachtcharter_croatia_marina_split.jpg 1000w, https:\/\/ultra-sailing.hr\/wp-content\/uploads\/2024\/03\/yachtcharter_croatia_marina_split-300x200.jpg 300w, https:\/\/ultra-sailing.hr\/wp-content\/uploads\/2024\/03\/yachtcharter_croatia_marina_split-768x512.jpg 768w\" sizes=\"auto, (max-width: 1000px) 100vw, 1000px\" \/><\/a><\/figure>\n\n\n\n<p>Die Stadt Split liegt in der Mitte von Dalmatien. Sie ist mit 250.000 Einwohnern die zweitgr\u00f6\u00dfte Stadt in Kroatien und die Hauptstadt von Dalmatien. Das Herz von Split (der Diokletian-Palast) befindet sich auf einer Halbinsel, an deren Westseite die ACI Marina Split liegt. Diese Marina ist nur 20 km entfernt vom internationalen Flughafen von Split und ca. 15 Minuten vom F\u00e4hrhafen von Split, aus dem regelm\u00e4\u00dfige Schiffsverbindungen nach Ancona in Italien bestehen. Dies macht ihn zu einem hervorragenden Ausgangspunkt f\u00fcr Ihren Segelurlaub in Kroatien, von dem Sie die beliebtesten Inseln (Hvar, Brac etc.) anfahren k\u00f6nnen.    <\/p>\n\n\n\t<p>\n\t\t<a href=\"https:\/\/ultra-sailing.hr\/de\/yachtcharter-basis-split\/\" class=\"c-button c-button--primary \">\n\t\t\tWeitere Informationen\t\t<\/a>\n\t<\/p>\n\n\n\n<hr class=\"wp-block-separator has-text-color has-vivid-red-color has-alpha-channel-opacity has-vivid-red-background-color has-background is-style-wide\"\/>\n\n\n\n<h2 class=\"wp-block-heading\">Charterbasis Dubrovnik<br><\/h2>\n\n\n<div class=\"wp-block-image\">\n<figure class=\"aligncenter size-full\"><a href=\"https:\/\/ultra-sailing.hr\/de\/yachtcharter-basis-dubrovnik\/\" target=\"_blank\" rel=\" noreferrer noopener\"><img loading=\"lazy\" decoding=\"async\" width=\"1365\" height=\"768\" src=\"https:\/\/ultra-sailing.hr\/wp-content\/uploads\/2024\/11\/CharterDubrovnik_Baza.jpg\" alt=\"\" class=\"wp-image-3303\" srcset=\"https:\/\/ultra-sailing.hr\/wp-content\/uploads\/2024\/11\/CharterDubrovnik_Baza.jpg 1365w, https:\/\/ultra-sailing.hr\/wp-content\/uploads\/2024\/11\/CharterDubrovnik_Baza-300x169.jpg 300w, https:\/\/ultra-sailing.hr\/wp-content\/uploads\/2024\/11\/CharterDubrovnik_Baza-1024x576.jpg 1024w, https:\/\/ultra-sailing.hr\/wp-content\/uploads\/2024\/11\/CharterDubrovnik_Baza-768x432.jpg 768w\" sizes=\"auto, (max-width: 1365px) 100vw, 1365px\" \/><\/a><\/figure>\n<\/div>\n\n\n<p>Die ACI Marina Dubrovnik liegt bei dem Ort Komolac. Es verwundert nicht, dass die Familie Sorkocevic bereits im 16. Jahrhundert diesen besonderen Platz daf\u00fcr ausgew\u00e4hlt hat, um hier ein prachtvolles Anwesen in herrlicher Natur zu errichten. In gesch\u00fctzter Lage in einem Fjord ist dieser Ort am Fluss Ombla ideal f\u00fcr eine neue Generation von Segelsportlern. Hier finden Sie die ACI Marina Dubrovnik mit ihren 425 Liegepl\u00e4tzen im Meer und 140 Liegepl\u00e4tzen an Land.   <\/p>\n\n\n\t<p>\n\t\t<a href=\"https:\/\/ultra-sailing.hr\/de\/yachtcharter-basis-dubrovnik\/\" class=\"c-button c-button--primary \">\n\t\t\tWeitere Informationen\t\t<\/a>\n\t<\/p>\n\n\n\n<hr class=\"wp-block-separator has-text-color has-vivid-red-color has-alpha-channel-opacity has-vivid-red-background-color has-background is-style-wide\"\/>\n\n\n\n<h2 class=\"wp-block-heading\">Charterbasis Pomer &#8211; Pula<br><\/h2>\n\n\n<div class=\"wp-block-image\">\n<figure class=\"aligncenter size-full\"><a href=\"https:\/\/ultra-sailing.hr\/de\/yachtcharter-basis-pula\/\" target=\"_blank\" rel=\" noreferrer noopener\"><img loading=\"lazy\" decoding=\"async\" width=\"1152\" height=\"768\" src=\"https:\/\/ultra-sailing.hr\/wp-content\/uploads\/2024\/11\/Charterbase_Pomer_Croatia.jpg\" alt=\"\" class=\"wp-image-3308\" srcset=\"https:\/\/ultra-sailing.hr\/wp-content\/uploads\/2024\/11\/Charterbase_Pomer_Croatia.jpg 1152w, https:\/\/ultra-sailing.hr\/wp-content\/uploads\/2024\/11\/Charterbase_Pomer_Croatia-300x200.jpg 300w, https:\/\/ultra-sailing.hr\/wp-content\/uploads\/2024\/11\/Charterbase_Pomer_Croatia-1024x683.jpg 1024w, https:\/\/ultra-sailing.hr\/wp-content\/uploads\/2024\/11\/Charterbase_Pomer_Croatia-768x512.jpg 768w\" sizes=\"auto, (max-width: 1152px) 100vw, 1152px\" \/><\/a><\/figure>\n<\/div>\n\n\n<p>Unser neuester St\u00fctzpunkt befindet sich in ACI Marina Pomer, unweit der wundersch\u00f6nen Stadt Pula. Mit der er\u00f6ffnung der Basis in ACI Marina Pomer, decken wir die kroatische Adriak\u00fcste mit unserer Charterflotte von Norden bis S\u00fcden ab. Segeln Sie ab Pomer und erkunden Sie die wundersch\u00f6ne Inseln der Kvarner-Bucht sowie die Natur Istriens.   <\/p>\n\n\n\t<p>\n\t\t<a href=\"https:\/\/ultra-sailing.hr\/de\/yachtcharter-basis-pula\/\" class=\"c-button c-button--primary \">\n\t\t\tWeitere Informationen\t\t<\/a>\n\t<\/p>\n\n\n\n<hr class=\"wp-block-separator has-text-color has-vivid-red-color has-alpha-channel-opacity has-vivid-red-background-color has-background is-style-wide\"\/>\n\n\n\n<p>Marinas in Kroatien k\u00f6nnen sich wie ein zweites Zuhause anf\u00fchlen. Die Wahl der richtigen Marina ist eine wichtige Entscheidung, und wir sind hier, um Ihnen zu helfen \u2013 ob Sie aus unserer Flotte mieten oder ein neues Segelboot oder Katamaran f\u00fcr den privaten Gebrauch oder im Charter-Management erwerben m\u00f6chten. <\/p>\n\n\n<div class=\"u-mb-5\">\n\t<a href=\"mailto:booking@ultra-sailing.hr\" class=\"c-badge\">\n\t\t<svg class=\"o-icon u-stroke-2\"><use xmlns:xlink=\"http:\/\/www.w3.org\/1999\/xlink\" xlink:href=\"https:\/\/ultra-sailing.hr\/wp-content\/themes\/ultra-sailing\/assets\/sprite\/icons.svg#icon-mail\"><\/use><\/svg>\t\t<span>booking@ultra-sailing.hr<\/span>\n\t<\/a>\n<\/div>\n\n\n<div class=\"u-mb-5\">\n\t<a href=\"tel:+385 21 398 578\" class=\"c-badge\">\n\t\t<svg class=\"o-icon u-stroke-2\"><use xmlns:xlink=\"http:\/\/www.w3.org\/1999\/xlink\" xlink:href=\"https:\/\/ultra-sailing.hr\/wp-content\/themes\/ultra-sailing\/assets\/sprite\/icons.svg#icon-phone\"><\/use><\/svg>\t\t<span>+385 21 398 578<\/span>\n\t<\/a>\n<\/div>\n","protected":false},"excerpt":{"rendered":"<p>Kroatien besitzt eine lange nautische Tradition. Direkt an der sch\u00f6nen K\u00fcste gibt es viele kleine St\u00e4dte und mehr als 1.200 Inseln und Inselchen, dazu kommt eine K\u00fcstenlinie von fast 6.000 km L\u00e4nge. Entlang dieser K\u00fcste befinden sich zahlreiche Marinas und H\u00e4fen, die den Wassersportlern mit ihren Booten sicheren Schutz vor den oft heftigen Windverh\u00e4ltnissen an [&hellip;]<\/p>\n","protected":false},"author":1,"featured_media":0,"parent":0,"menu_order":0,"comment_status":"closed","ping_status":"closed","template":"","meta":{"_acf_changed":false,"footnotes":""},"class_list":["post-3298","page","type-page","status-publish","hentry"],"acf":[],"_links":{"self":[{"href":"https:\/\/ultra-sailing.hr\/de\/wp-json\/wp\/v2\/pages\/3298","targetHints":{"allow":["GET"]}}],"collection":[{"href":"https:\/\/ultra-sailing.hr\/de\/wp-json\/wp\/v2\/pages"}],"about":[{"href":"https:\/\/ultra-sailing.hr\/de\/wp-json\/wp\/v2\/types\/page"}],"author":[{"embeddable":true,"href":"https:\/\/ultra-sailing.hr\/de\/wp-json\/wp\/v2\/users\/1"}],"replies":[{"embeddable":true,"href":"https:\/\/ultra-sailing.hr\/de\/wp-json\/wp\/v2\/comments?post=3298"}],"version-history":[{"count":3,"href":"https:\/\/ultra-sailing.hr\/de\/wp-json\/wp\/v2\/pages\/3298\/revisions"}],"predecessor-version":[{"id":4517,"href":"https:\/\/ultra-sailing.hr\/de\/wp-json\/wp\/v2\/pages\/3298\/revisions\/4517"}],"wp:attachment":[{"href":"https:\/\/ultra-sailing.hr\/de\/wp-json\/wp\/v2\/media?parent=3298"}],"curies":[{"name":"wp","href":"https:\/\/api.w.org\/{rel}","templated":true}]}}