{"id":3328,"date":"2024-03-03T19:12:43","date_gmt":"2024-03-03T18:12:43","guid":{"rendered":"https:\/\/ultra-sailing.hr\/dev-wordpress\/yachtcharter-kroatien\/ultra-charterbasen\/charterbasis-dubrovnik\/"},"modified":"2026-04-07T11:19:57","modified_gmt":"2026-04-07T10:19:57","slug":"yachtcharter-basis-dubrovnik","status":"publish","type":"page","link":"https:\/\/ultra-sailing.hr\/de\/yachtcharter-basis-dubrovnik\/","title":{"rendered":"Charterbasis Dubrovnik"},"content":{"rendered":"\n<p>Der Ultra Yachtcharter Dubrovnik St\u00fctzpunkt in der s\u00fcdlichen Adria liegt in der ACI Marina Dubrovnik. Dubrovnik wird die &#8220;Perle der Adria&#8221; genannt und dieser Ruf ist nicht umsonst, denn die Altstadt \u00fcberzeugt j\u00e4hrlich immer mehr G\u00e4ste aus der ganzen Welt.<\/p>\n\n\n\n<p>Ein Segelboot oder Katamaran von Dubrovnik zu chartern ist der ideale Weg, die S\u00fcd-Dalmatinische K\u00fcste und Inseln wie Mljet, Korcula, Peljesac, Lastovo zu erkunden oder von Kroatien nach Montenegro zu segeln. Erfahren Sie hier alle Informationen zur Anreise, \u00fcber die Marina und die Stadt Dubrovnik. <\/p>\n\n\n\n<h2 class=\"wp-block-heading\">Ultra Yachtcharter Dubrovnik &#8211; Informationen<\/h2>\n\n\n\n<ul class=\"wp-block-list\">\n<li><strong>Adresse:<\/strong> ACI Marina Dubrovnik, Na Skali 2, 20236 Moko\u0161ica<\/li>\n\n\n\n<li><strong>E-Mail:<\/strong> booking@ultra-sailing.hr<\/li>\n\n\n\n<li><strong>Tel.:<\/strong>+385 21 398 578<\/li>\n\n\n\n<li><strong>Technical Support:<\/strong> +385 91 488 1999<\/li>\n\n\n\n<li><strong>Abreitszeiten Charter-Saison:<\/strong>\n<ul class=\"wp-block-list\">\n<li>Freitag: 14:00 &#8211; 20:00<\/li>\n\n\n\n<li>Samstag: 08:00 &#8211; 20:00<\/li>\n\n\n\n<li>Sonntag: 8:00 &#8211; 12:00<\/li>\n<\/ul>\n<\/li>\n\n\n\n<li><strong>Check-In:<\/strong> Samstag ab 17:00 Uhr<\/li>\n\n\n\n<li><strong>Check-Out:<\/strong> Samstag bis 09:00 Uhr<\/li>\n<\/ul>\n\n\n\t\t<div class=\"c-nav-card-group\">\n\t\t\t\n<a href=\"https:\/\/ultra-sailing.hr\/wp-content\/uploads\/2025\/11\/Base-Info_Dubrovnik.pdf\" class=\"c-nav-card\" target=\"_blank\">\n\t<img loading=\"lazy\" decoding=\"async\" width=\"680\" height=\"320\" src=\"https:\/\/ultra-sailing.hr\/wp-content\/uploads\/2025\/03\/CharterBase_Dubrovnik_Ultra-680x320.jpg\" class=\"attachment-680x320 size-680x320\" alt=\"\" \/>\t<div class=\"c-nav-card__main\">\n\t\t<p class=\"c-nav-card__title\">Charterbasis in Dubrovnik<\/p>\n\t\t<p class=\"c-nav-card__subtitle\">Alle Informationen in PDF zu unserem St\u00fctzpunkt in der Marina Dubrovnik: Kontaktdaten, verf\u00fcgbare Dienstleistungen und mehr.<\/p>\n\t\t<div class=\"c-nav-card__icon\">\n\t\t\t<svg class=\"o-icon u-stroke-2\"><use xmlns:xlink=\"http:\/\/www.w3.org\/1999\/xlink\" xlink:href=\"https:\/\/ultra-sailing.hr\/wp-content\/themes\/ultra-sailing\/assets\/sprite\/icons.svg#icon-chevron-right\"><\/use><\/svg>\t\t<\/div>\n\t<\/div>\n<\/a>\t\t<\/div>\n\n\n\n<figure class=\"wp-block-embed aligncenter is-type-rich is-provider-embed-handler wp-block-embed-embed-handler\"><div class=\"wp-block-embed__wrapper\">\n<iframe loading=\"lazy\" src=\"https:\/\/google.com\/maps\/embed?pb=!1m18!1m12!1m3!1d3132.2374419742873!2d18.12572771190315!3d42.66966697104557!2m3!1f0!2f0!3f0!3m2!1i1024!2i768!4f13.1!3m3!1m2!1s0x134c748fb58c5c67%3A0xddaa79fce229b6ba!2sUltra%20sailing%20Croatia%20-%20Dubrovnik%20fleet!5e1!3m2!1sen!2shr!4v1763629335408!5m2!1sen!2shr\" width=\"100%\" height=\"400\" frameborder=\"0\"><\/iframe>\n<\/div><\/figure>\n\n\n\n<h2 class=\"wp-block-heading\">\u00dcber ACI Marina Dubrovnik<\/h2>\n\n\n\n<p>ACI Marina Dubrovnik liegt in der N\u00e4he von Komolac, etwa 2 NM vor der Einfahrt in den Hafen Gruz und nur 6 km vom alten Stadtzentrum entfernt. Die Marina verf\u00fcgt \u00fcber 425 Liegepl\u00e4tze sowie 140 Stellpl\u00e4tze an Land. Alle Liegepl\u00e4tze haben Wasser-und Stromanschluss. Marina ist \u00fcber das ganze Jahr ge\u00f6ffnet.<\/p>\n\n\n\n<p>Die <strong>Villa von Petar Sorkocevic <\/strong>aus dem Jahre 1521 mit ihren Renaissance-Arkaden im Parterre und sp\u00e4tgothischen Fenstern im ersten Stock dominiert die Bucht von Komolac, in der die\u00a0 <strong><a href=\"https:\/\/aci-marinas.com\/de\/marina\/aci-dubrovnik\/\" target=\"_blank\" rel=\"noreferrer noopener nofollow\">ACI Marina Dubrovnik<\/a><\/strong> <strong>mit ihren 425 Liegepl\u00e4tzen im Meer und 140 Pl\u00e4tzen an Land<\/strong>. Die Umgebung, in der sich die Marina befindet, ist wirklich atemberaubend sch\u00f6n. Die Bucht wird durch Berge gesch\u00fctzt und ein Spaziergang durch die herrliche Natur und die in der Marina gebotenen Aktivit\u00e4ten werden bestimmt mit dazu beitragen, dass Sie Ihren Aufenthalt hier verl\u00e4ngern.<\/p>\n\n\n\n<ul class=\"wp-block-list\">\n<li>Rezeption &nbsp; <\/li>\n\n\n\n<li>Wechselstube<\/li>\n\n\n\n<li>Geldautomat &nbsp; <\/li>\n\n\n\n<li>Caf\u00e9-Bar <\/li>\n\n\n\n<li>Restaurant<\/li>\n\n\n\n<li>eine Taverne&nbsp; <\/li>\n\n\n\n<li>Toiletten und Duschen &nbsp;<\/li>\n\n\n\n<li>W\u00e4scheservice &nbsp; <\/li>\n\n\n\n<li>Bootszubeh\u00f6rgesch\u00e4ft &nbsp; <\/li>\n\n\n\n<li>Werkstatt &nbsp; <\/li>\n\n\n\n<li>Parkplatz &nbsp; <\/li>\n\n\n\n<li>Supermarkt (in der Marina) &nbsp; <\/li>\n\n\n\n<li>Tankstelle &nbsp; <\/li>\n\n\n\n<li>Tennisplatz &nbsp; <\/li>\n\n\n\n<li>Schwimmbad<\/li>\n\n\n\n<li>WiFi<\/li>\n<\/ul>\n\n\n\n<h2 class=\"wp-block-heading\">Anreise nach Dubrovnik<\/h2>\n\n\n\n<p>Der beste Anreiseweg nach Dubrovnik oder Split aus fast allen&nbsp;Teilen Europas ist der mit dem Flugzeug. Auf Anfrage<strong> begr\u00fc\u00dft&nbsp;<strong>Ultra-Sailing<\/strong> seine G\u00e4ste am Flughafen<\/strong> und organisiert den <strong>Transport zur ACI Marina Dubrovnik<\/strong>, wo Ihre Yacht bereits auf Sie wartet.<\/p>\n\n\n\n<h3 class=\"wp-block-heading\">Flugzeug<\/h3>\n\n\n\n<p>Der wohl beste Weg, um nach Dubrovnik zu gelangen, ist der mit dem Flugzeug. Es gibt t\u00e4gliche <strong>Fl\u00fcge von Zagreb nach Dubrovnik<\/strong> mit Croatia Airlines und mit anderen Gesellschaften mehrmals w\u00f6chentlich von verschiedenen europ\u00e4ischen St\u00e4dten aus. In der Sommersaison gibt es direkte Flugverbindungen nach Dubrovnik aus fast ganz Europa.<\/p>\n\n\n\n<h3 class=\"wp-block-heading\">Bus oder PKW<\/h3>\n\n\n\n<p>Das <strong>wahrscheinlich billigste Verkehrsmittel<\/strong>, um nach Dubrovnik anzureisen, ist der Bus. Zahlreiche Buslinien aus den gr\u00f6\u00dferen St\u00e4dten Kroatiens verbinden Dubrovnik mit praktisch allen Regionen des Landes. Kroatien hat ein <strong>gut ausgebautes nationales Busnetz<\/strong>, so dass man auch noch die kleinsten D\u00f6rfer an der K\u00fcste erreicht.<\/p>\n\n\n\n<h3 class=\"wp-block-heading\">F\u00e4hre<\/h3>\n\n\n\n<p>Die <strong>F\u00e4hre nach Dubrovnik<\/strong> ist bei vielen Reisenden sehr beliebt, denn sie ist bequemer und oft sogar g\u00fcnstiger, als der Bus. Die gr\u00f6\u00dfte kroatische <strong>F\u00e4hr-Gesellschaft ist Jadrolinija<\/strong>, welche ganzj\u00e4hrige Verbindungen von Rijeka aus nach Zadar Split, Hvar und Dubrovnik unterh\u00e4lt. Es besteht die M\u00f6glichkeit, dass Sie einen Flug nach Split buchen und von Split aus mit der Schnellf\u00e4hre innerhalb von 4 Stunden in Dubrovnik sind. Hinzu kommen gute F\u00e4hrlinien zu italienischen H\u00e4fen (Bari und Ancona), wenn Sie von Italien nach <strong>Dubrovnik<\/strong> anreisen wollen.<\/p>\n\n\n\n<h3 class=\"wp-block-heading\">Von Dubrovnik zur ACI Marina Dubrovnik<\/h3>\n\n\n\n<p>Angekommen in Dubrovnik, m\u00f6chten Sie nat\u00fcrlich auch zur <strong>ACI Marina Dubrovnik<\/strong> gelangen. Die <strong>Busse der Linien 1A oder 1B<\/strong> bringen Sie bis zur Bushaltestelle in Komolac (kurz nach der Tankstelle). Wenn Sie mit dem Auto fahren, folgen Sie der Ausschilderung zum Hafen von Gruz und nachdem Sie unter der Br\u00fccke hindurchgefahren sind, biegen Sie in der ersten Kreuzung links ab. Weiter geradeaus fahren, bis nach Komolac. Die erste Stra\u00dfe nach links ist bereits die Zufahrt zur <strong>ACI Marina Dubrovnik.<\/strong><\/p>\n\n\n<div class=\"wp-block-image\">\n<figure class=\"aligncenter size-full\"><img loading=\"lazy\" decoding=\"async\" width=\"747\" height=\"480\" src=\"https:\/\/ultra-sailing.hr\/wp-content\/uploads\/2024\/03\/Dubrovnik_Marina_Yachtcharter_Croatia.jpg\" alt=\"\" class=\"wp-image-353\" srcset=\"https:\/\/ultra-sailing.hr\/wp-content\/uploads\/2024\/03\/Dubrovnik_Marina_Yachtcharter_Croatia.jpg 747w, https:\/\/ultra-sailing.hr\/wp-content\/uploads\/2024\/03\/Dubrovnik_Marina_Yachtcharter_Croatia-300x193.jpg 300w, https:\/\/ultra-sailing.hr\/wp-content\/uploads\/2024\/03\/Dubrovnik_Marina_Yachtcharter_Croatia-248x160.jpg 248w\" sizes=\"auto, (max-width: 747px) 100vw, 747px\" \/><\/figure>\n<\/div>\n\n\n<h2 class=\"wp-block-heading\">\u00dcber Dubrovnik<\/h2>\n\n\n\n<p>Dubrovnik liegt tief im S\u00fcden, eine der sch\u00f6nsten St\u00e4dte der Welt und es w\u00e4re wirklich schade, wenn Sie dieses Juwel des Mittelmeeres nicht besuchen w\u00fcrden. Wenn Sie mit dem Flugzeug angereist sind und ein Charterboot gemietet haben, empfehlen wir unseren G\u00e4sten entweder vor dem T\u00f6rn oder danach einen Besuch in die Altstadt von Dubrovnik vorzunehmen. Die Bushaltestelle ist direkt an der Marina und in 15 min gelangt man an der Endstation in der Altstadt. Sie k\u00f6nnen nat\u00fcrlich auch ein Taxi nehmen.<\/p>\n\n\n\n<p>\u00dcber Dubrovnik brauchen wir hier nicht viele Worte zu verlieren, es wurde schon so viel \u00fcber diese Stadt geschrieben. Doch immer wieder, wenn ich hierher komme, erinnere ich mich daran, welches Gef\u00fchl ich hatte, als ich das erste Mal Dubrovnik gesehen habe. Damals besuchte ich Lovrijenac, einen Ort, an dem es nicht verwundern w\u00fcrde, Hamlet mit dem Sch\u00e4del in der Hand <strong>entlang der Mauern spazieren<\/strong> zu sehen. Das Wetter ist perfekt, die Aussicht herrlich, nette Gesellschaft, 3 EUR pro Person, ein paar Fotos f\u00fcr Ihr Album und Sie k\u00f6nnen die Mauern erklimmen.<\/p>\n\n\n<div class=\"wp-block-image\">\n<figure class=\"aligncenter size-full\"><img loading=\"lazy\" decoding=\"async\" width=\"1600\" height=\"900\" src=\"https:\/\/ultra-sailing.hr\/wp-content\/uploads\/2024\/09\/Dubrovnik_Croatia_UltraSailing.jpg\" alt=\"\" class=\"wp-image-2710\" srcset=\"https:\/\/ultra-sailing.hr\/wp-content\/uploads\/2024\/09\/Dubrovnik_Croatia_UltraSailing.jpg 1600w, https:\/\/ultra-sailing.hr\/wp-content\/uploads\/2024\/09\/Dubrovnik_Croatia_UltraSailing-300x169.jpg 300w, https:\/\/ultra-sailing.hr\/wp-content\/uploads\/2024\/09\/Dubrovnik_Croatia_UltraSailing-1024x576.jpg 1024w, https:\/\/ultra-sailing.hr\/wp-content\/uploads\/2024\/09\/Dubrovnik_Croatia_UltraSailing-768x432.jpg 768w, https:\/\/ultra-sailing.hr\/wp-content\/uploads\/2024\/09\/Dubrovnik_Croatia_UltraSailing-1536x864.jpg 1536w\" sizes=\"auto, (max-width: 1600px) 100vw, 1600px\" \/><\/figure>\n<\/div>\n\n\n<p>Sie werden wahrscheinlich keine Zeit haben, um alle <strong>Sehensw\u00fcrdigkeiten dieser alten Stadt<\/strong> zu entdecken, also spazieren Sie \u00fcber den Stradun und essen ein Eis oder&nbsp; trinken irgendwo einen Kaffee in einer der vielen kleinen Bars. Eine dieser Bars, die wir empfehlen, ist die <strong>ber\u00fchmte Bar Buza<\/strong>, ein Platz auf den Klippen unterhalb der s\u00fcdlichen Stadtmauer. Von hier haben Sie einen herrlichen Ausblick, unten fahren die Schiffe vorbei \u2013 einfach der perfekte Platz zum Entspannen und zum Stressabbau. Wenn Sie weiter zum alten Hafen spazieren und \u00fcber den <strong>Stradun flanieren<\/strong>, kommen Sie zum Onofrio-Brunnen, wo Sie den Kl\u00e4ngen der traditionellen Geigenmusik aus Konvale zuh\u00f6ren k\u00f6nnen.<\/p>\n\n\n<div class=\"c-collapse-group\"><div class=\"c-collapse js-collapse\">\n\t<button class=\"c-collapse__toggle js-collapse-toggle\">\n\t\t<h2 class=\"c-collapse__heading\">Sehensw\u00fcrdigkeiten in Dubrovnik<\/h2>\n\t\t<div class=\"c-collapse__icon\">\n\t\t\t<svg class=\"o-icon u-stroke-2\"><use xmlns:xlink=\"http:\/\/www.w3.org\/1999\/xlink\" xlink:href=\"https:\/\/ultra-sailing.hr\/wp-content\/themes\/ultra-sailing\/assets\/sprite\/icons.svg#icon-chevron-down\"><\/use><\/svg>\t\t<\/div>\n\t<\/button>\n\t<div class=\"c-collapse__main js-collapse-main\">\n\t\t<div class=\"c-content-scope\">\n\t\t\t<ul>\n<li>Die Kathedrale von Dubrovnik<\/li>\n<li>Stadtmauer und Festungsanlagen<\/li>\n<li>Onofrio-Brunnen<\/li>\n<li>Dominikanerkloster<\/li>\n<li>Sponza-Palast<\/li>\n<li>Aquarium<\/li>\n<li>Festung Lovrijenac<\/li>\n<li>Sr\u0111 &#8211; Panorama und Museum<\/li>\n<li>Hafen der Stadt und das Lazarett<\/li>\n<\/ul>\n\t\t<\/div>\n\t<\/div>\n<\/div><div class=\"c-collapse js-collapse\">\n\t<button class=\"c-collapse__toggle js-collapse-toggle\">\n\t\t<h2 class=\"c-collapse__heading\">N\u00fctzliche Informationen<\/h2>\n\t\t<div class=\"c-collapse__icon\">\n\t\t\t<svg class=\"o-icon u-stroke-2\"><use xmlns:xlink=\"http:\/\/www.w3.org\/1999\/xlink\" xlink:href=\"https:\/\/ultra-sailing.hr\/wp-content\/themes\/ultra-sailing\/assets\/sprite\/icons.svg#icon-chevron-down\"><\/use><\/svg>\t\t<\/div>\n\t<\/button>\n\t<div class=\"c-collapse__main js-collapse-main\">\n\t\t<div class=\"c-content-scope\">\n\t\t\t<ul>\n<li>VHF ch 17 \u2013 ACI Marina channel<\/li>\n<li>VHF ch 16 und VHF DSC ch 70 \u2013 \u00dcberwachung der Notruf- und Sicherheitsfrequenzen<\/li>\n<li>Sicherheitsinformationen (MSI) werden in kroatischer und englischer Sprache von Radio Dubrovnik auf den UKW-Kan\u00e4len 4, 7, 28, 85 \u00fcbertragen<\/li>\n<li>MSI Sendezeiten (UTC): 05:45, 12:45, 19:45<\/li>\n<li>Notrufnummer (Polizei, Notaufnahme\/Krankenhaus): 112<\/li>\n<li><span class=\"HwtZe\" lang=\"de\"><span class=\"jCAhz ChMk0b\"><span class=\"ryNqvb\">Segeln nach Montenegro \u2013 Au\u00dfenbordmotor und 2 Personen mit g\u00fcltigem Skipperschein erforderlich<\/span><\/span><\/span><\/li>\n<li><span class=\"HwtZe\" lang=\"de\"><span class=\"jCAhz ChMk0b\"><span class=\"ryNqvb\">Bus 1A oder 1B f\u00e4hrt alle 15 Minuten von Komolac in die Altstadt.<\/span><\/span> <span class=\"jCAhz ChMk0b\"><span class=\"ryNqvb\">Die Bushaltestelle befindet sich in der N\u00e4he des Eingangs zur ACI Marina.<\/span><\/span><\/span><\/li>\n<\/ul>\n\t\t<\/div>\n\t<\/div>\n<\/div><\/div>","protected":false},"excerpt":{"rendered":"<p>Der Ultra Yachtcharter Dubrovnik St\u00fctzpunkt in der s\u00fcdlichen Adria liegt in der ACI Marina Dubrovnik. Dubrovnik wird die &#8220;Perle der Adria&#8221; genannt und dieser Ruf ist nicht umsonst, denn die Altstadt \u00fcberzeugt j\u00e4hrlich immer mehr G\u00e4ste aus der ganzen Welt. Ein Segelboot oder Katamaran von Dubrovnik zu chartern ist der ideale Weg, die S\u00fcd-Dalmatinische K\u00fcste [&hellip;]<\/p>\n","protected":false},"author":1,"featured_media":0,"parent":0,"menu_order":0,"comment_status":"closed","ping_status":"closed","template":"","meta":{"_acf_changed":false,"footnotes":""},"class_list":["post-3328","page","type-page","status-publish","hentry"],"acf":[],"_links":{"self":[{"href":"https:\/\/ultra-sailing.hr\/de\/wp-json\/wp\/v2\/pages\/3328","targetHints":{"allow":["GET"]}}],"collection":[{"href":"https:\/\/ultra-sailing.hr\/de\/wp-json\/wp\/v2\/pages"}],"about":[{"href":"https:\/\/ultra-sailing.hr\/de\/wp-json\/wp\/v2\/types\/page"}],"author":[{"embeddable":true,"href":"https:\/\/ultra-sailing.hr\/de\/wp-json\/wp\/v2\/users\/1"}],"replies":[{"embeddable":true,"href":"https:\/\/ultra-sailing.hr\/de\/wp-json\/wp\/v2\/comments?post=3328"}],"version-history":[{"count":5,"href":"https:\/\/ultra-sailing.hr\/de\/wp-json\/wp\/v2\/pages\/3328\/revisions"}],"predecessor-version":[{"id":6182,"href":"https:\/\/ultra-sailing.hr\/de\/wp-json\/wp\/v2\/pages\/3328\/revisions\/6182"}],"wp:attachment":[{"href":"https:\/\/ultra-sailing.hr\/de\/wp-json\/wp\/v2\/media?parent=3328"}],"curies":[{"name":"wp","href":"https:\/\/api.w.org\/{rel}","templated":true}]}}