{"id":3352,"date":"2024-03-03T20:01:11","date_gmt":"2024-03-03T19:01:11","guid":{"rendered":"https:\/\/ultra-sailing.hr\/dev-wordpress\/yachtcharter-kroatien\/segelurlaub-in-kroatien\/"},"modified":"2025-11-12T13:42:11","modified_gmt":"2025-11-12T12:42:11","slug":"segelurlaub-kroatien","status":"publish","type":"page","link":"https:\/\/ultra-sailing.hr\/de\/segelurlaub-kroatien\/","title":{"rendered":"Segelurlaub in Kroatien"},"content":{"rendered":"\n<p>Ein Segelurlaub in Kroatien ist ein Erlebnis, das jeder mindestens einmal im Leben machen sollte. Mit seiner 1.800 km langen K\u00fcste und \u00fcber 1.200 Inseln, Inselchen, Klippen und Riffen ist Kroatien ein wahres Paradies f\u00fcr Segler.<\/p>\n\n\n\n<p>St\u00e4dte wie <strong>Pula, Zadar, Split und Dubrovnik sind seit Jahrzehnten beliebte Reiseziele<\/strong> und ziehen jedes Jahr zahlreiche Besucher an. Doch die wahre Magie Kroatiens liegt auf dem Wasser: Segler genie\u00dfen die Freiheit, die das Meer bietet, und entdecken die unz\u00e4hligen versteckten Buchten und Str\u00e4nde, die oft nur per Boot zug\u00e4nglich sind.<\/p>\n\n\n\n<p>Egal, ob Sie ein erfahrener Segler sind oder noch nie ein Boot gesteuert haben, ein Segelurlaub in Kroatien ist ein unvergessliches Abenteuer, das die Sch\u00f6nheit der Adria von einer v\u00f6llig neuen Perspektive zeigt.<\/p>\n\n\n\n<figure class=\"wp-block-embed aligncenter is-type-video is-provider-youtube wp-block-embed-youtube wp-embed-aspect-16-9 wp-has-aspect-ratio\"><div class=\"wp-block-embed__wrapper\">\n<iframe loading=\"lazy\" title=\"Sailing holidays Croatia - Ultra Sailing Yacht Charter\" width=\"640\" height=\"360\" src=\"https:\/\/www.youtube.com\/embed\/aY6sLhlQ5F0?feature=oembed&#038;enablejsapi=1&#038;origin=https:\/\/ultra-sailing.hr\" frameborder=\"0\" allow=\"accelerometer; autoplay; clipboard-write; encrypted-media; gyroscope; picture-in-picture; web-share\" referrerpolicy=\"strict-origin-when-cross-origin\" allowfullscreen><\/iframe>\n<\/div><\/figure>\n\n\n\n<p>Die <a href=\"https:\/\/blog.ultra-sailing.hr\/de\/yachtcharter-in-kroatien-tipps-und-alle-informationen\/\">Planung und Buchung eines Segelurlaubs in Kroatien<\/a>, sei es auf einem Segelboot, Katamaran, Motorboot oder einem anderen Bootstyp, erfordern einige sorgf\u00e4ltige Vorbereitungen. Wichtig ist, dass mindestens ein Crewmitglied \u00fcber einen g\u00fcltigen Bootsf\u00fchrerschein verf\u00fcgt, um ein Boot in Kroatien zu chartern. Falls dies nicht der Fall ist, k\u00f6nnen Sie bei uns entweder ein Boot mit Skipper mieten oder an unserer Segelschule die notwendigen Qualifikationen erwerben.<\/p>\n\n\n<div class=\"wp-block-image is-style-rounded wp-duotone-unset-1\">\n<figure class=\"aligncenter size-full\"><img loading=\"lazy\" decoding=\"async\" width=\"1000\" height=\"840\" src=\"https:\/\/ultra-sailing.hr\/wp-content\/uploads\/2024\/03\/sailing_boat_rental_croatia_blue_lagoon.jpg\" alt=\"\" class=\"wp-image-420\" srcset=\"https:\/\/ultra-sailing.hr\/wp-content\/uploads\/2024\/03\/sailing_boat_rental_croatia_blue_lagoon.jpg 1000w, https:\/\/ultra-sailing.hr\/wp-content\/uploads\/2024\/03\/sailing_boat_rental_croatia_blue_lagoon-300x252.jpg 300w, https:\/\/ultra-sailing.hr\/wp-content\/uploads\/2024\/03\/sailing_boat_rental_croatia_blue_lagoon-768x645.jpg 768w\" sizes=\"auto, (max-width: 1000px) 100vw, 1000px\" \/><\/figure>\n<\/div>\n\n\n<p>Kroatien bietet in nahezu jeder K\u00fcstenstadt die M\u00f6glichkeit, eine Yacht zu chartern und entlang der atemberaubenden Adriak\u00fcste zu segeln. Beachten Sie jedoch, dass nicht alle Ausgangsh\u00e4fen leicht zug\u00e4nglich sind, insbesondere wenn Sie mit dem Flugzeug anreisen. Daher empfehlen wir, bei der Wahl Ihrer Charter-Basis die Entfernung zum n\u00e4chstgelegenen Flughafen zu ber\u00fccksichtigen.<\/p>\n\n\n\n<p>Mit unserer breiten Auswahl an Charterbooten aus verschiedenen Yachth\u00e4fen machen wir die Organisation Ihres Segelurlaubs so einfach wie m\u00f6glich.<\/p>\n\n\n\n<h2 class=\"wp-block-heading\">Segelreviere in Kroatien:<\/h2>\n\n\n\n<p>Der erste Schritt bei der Planung eines Segelurlaubs in Kroatien ist die Wahl des passenden Segelreviers. Mit 1.800 km K\u00fcste bietet Kroatien eine beeindruckende Vielfalt, sodass Ihre Entscheidung von Ihren pers\u00f6nlichen Vorlieben und Erwartungen abh\u00e4ngen sollte. Die wichtigsten Segelreviere unterteilen sich in <a href=\"https:\/\/ultra-sailing.hr\/de\/segelreviere-kroatien\/istrien-und-kvarner\/\">Istrien (Pula), die Kvarner Bucht (Krk)<\/a>, <a href=\"https:\/\/ultra-sailing.hr\/de\/segelreviere-kroatien\/nordadria\/\">Norddalmatien (Zadar)<\/a>, <a href=\"https:\/\/ultra-sailing.hr\/de\/segelreviere-kroatien\/mitteladria-kroatien\/\">Mitteldalmatien (Split)<\/a> und <a href=\"https:\/\/ultra-sailing.hr\/de\/segelreviere-kroatien\/suedadria\/\">S\u00fcddalmatien (Dubrovnik)<\/a>.<\/p>\n\n\n\n<p>Nachdem Sie ein Revier ausgew\u00e4hlt haben, \u00fcberlegen Sie, wie weit und wie lange Sie t\u00e4glich segeln m\u00f6chten. M\u00f6chten Sie entspannte, kurze Etappen oder l\u00e4ngere, ausgedehnte Segeltage? Die meisten Charterfirmen bieten vordefinierte T\u00f6rnvorschl\u00e4ge mit detaillierten Routen und Entfernungen, die Ihnen bei der Planung helfen. So k\u00f6nnen Sie einsch\u00e4tzen, wie viel Zeit Sie auf dem Wasser verbringen und welche Buchten oder H\u00e4fen Sie ansteuern m\u00f6chten. Ber\u00fccksichtigen Sie dabei auch die Kosten f\u00fcr Liegepl\u00e4tze und die Nutzung der Marina-Einrichtungen entlang Ihrer Route.<\/p>\n\n\n\n<h2 class=\"wp-block-heading\">Wetterbedingungen:<\/h2>\n\n\n\n<p>Ein entscheidender Faktor f\u00fcr Ihre Segelrouten und Planung sind die <a href=\"https:\/\/blog.ultra-sailing.hr\/de\/wetter-und-windbedingungen-an-der-adria-fur-segler\/\">lokalen Wetterbedingungen<\/a>. Unabh\u00e4ngig von Ihrer geplanten Route ist es essenziell, die <a href=\"https:\/\/www.windy.com\/de\" rel=\"nofollow noopener\" target=\"_blank\">Wettervorhersagen<\/a> stets im Blick zu behalten, da sie letztlich Ihre Entscheidungen auf See bestimmen. Bei Ihrer Ankunft in unserer Charterbasis stellen wir Ihnen verschiedene zuverl\u00e4ssige Quellen zur Verf\u00fcgung, mit denen Sie die aktuelle Wetterlage und Vorhersagen f\u00fcr die Region problemlos verfolgen k\u00f6nnen.<\/p>\n\n\n\n<h2 class=\"wp-block-heading\">Beste Zeit zum Segeln in Kroatien:<\/h2>\n\n\n\n<p>Die ideale Zeit f\u00fcr einen Segelurlaub h\u00e4ngt von Ihren pers\u00f6nlichen Vorlieben ab, sei es Party, Segeln, Schwimmen, Tauchen oder Erkundungstouren. Der Yachtcharterpreis variiert je nach Saison: <\/p>\n\n\n\n<h3 class=\"wp-block-heading\">Hochsaison<\/h3>\n\n\n\n<p>In der Hochsaison (Juli und August) sind die Preise am h\u00f6chsten, aber auch die Inseln und H\u00e4fen sind dann besonders belebt. Zahlreiche Konzerte und Events finden statt, und das Nachtleben, vor allem auf Inseln wie Hvar, ist besonders lebendig. Die Buchten sind \u00fcberf\u00fcllt, und die Liegeplatzkosten steigen, sodass eine Vorreservierung in einigen H\u00e4fen erforderlich ist.<\/p>\n\n\n\n<figure class=\"wp-block-image size-full\"><img loading=\"lazy\" decoding=\"async\" width=\"1920\" height=\"1080\" src=\"https:\/\/ultra-sailing.hr\/wp-content\/uploads\/2025\/11\/Sailing_holiday_in_Croatia.jpg\" alt=\"Segelurlaub in Kroatien\" class=\"wp-image-5719\" srcset=\"https:\/\/ultra-sailing.hr\/wp-content\/uploads\/2025\/11\/Sailing_holiday_in_Croatia.jpg 1920w, https:\/\/ultra-sailing.hr\/wp-content\/uploads\/2025\/11\/Sailing_holiday_in_Croatia-768x432.jpg 768w, https:\/\/ultra-sailing.hr\/wp-content\/uploads\/2025\/11\/Sailing_holiday_in_Croatia-1536x864.jpg 1536w\" sizes=\"auto, (max-width: 1920px) 100vw, 1920px\" \/><\/figure>\n\n\n\n<h3 class=\"wp-block-heading\">Vorsaison<\/h3>\n\n\n\n<p>Die Vorsaison (Mai bis Juni) ist ideal f\u00fcr Segelbegeisterte, die l\u00e4ngere Tage und hervorragende Windverh\u00e4ltnisse genie\u00dfen m\u00f6chten. Die Inseln und Buchten sind noch relativ ruhig und weniger \u00fcberlaufen, allerdings kann das Wasser noch etwas k\u00fchl sein \u2013 ideal nur f\u00fcr die Mutigen. Die Liegeplatzpreise sind niedriger und Sie finden in den H\u00e4fen problemlos einen Platz.<\/p>\n\n\n\n<h3 class=\"wp-block-heading\">Nachsaison<\/h3>\n\n\n\n<p>In der Nachsaison (September und Oktober) wird es wieder ruhiger, wobei der September in den letzten Jahren ebenfalls sehr gut gebucht war. Gegen Ende September und im Oktober sinken die Charter- und Liegeplatzpreise, das Meer hat angenehme Temperaturen zum Schwimmen. Einziger Nachteil: Die Tage sind k\u00fcrzer, was den Segelspa\u00df verk\u00fcrzt.<\/p>\n\n\n\n<p>Jede kroatische Insel hat ihren eigenen Charme, von stillen Buchten bis hin zu historischen Altst\u00e4dten mit Museen, Galerien und gut erhaltenen Architekturdenkm\u00e4lern. Ob Sie Ruhe suchen oder Abenteuer erleben m\u00f6chten, Kroatien hat f\u00fcr jeden etwas zu bieten.<\/p>\n\n\n\n<h2 class=\"wp-block-heading\">Charterboot mieten in Kroatien<\/h2>\n\n\n\n<p>Nachdem Sie Ihr perfektes Reiseziel gefunden haben, ist der n\u00e4chste Schritt die Buchung eines Charterbootes. In nahezu jeder Marina gibt es eine gro\u00dfe Auswahl an Segelbooten, Katamaranen, Motorbooten und Luxus-Yachten zur Vermietung. Es empfiehlt sich, die Angebote sorgf\u00e4ltig zu vergleichen und Erfahrungsberichte von anderen G\u00e4sten zu lesen. So finden Sie die beste Charterfirma f\u00fcr Ihre Bed\u00fcrfnisse.<\/p>\n\n\n\n<p>Es kann auch hilfreich sein, Empfehlungen aus Ihrem Bekanntenkreis einzuholen, falls jemand bereits Erfahrung mit einem Charterunternehmen in Kroatien hat. Oftmals bieten pers\u00f6nliche Empfehlungen wertvolle Einsichten und helfen, die Auswahl zu erleichtern.<\/p>\n","protected":false},"excerpt":{"rendered":"<p>Ein Segelurlaub in Kroatien ist ein Erlebnis, das jeder mindestens einmal im Leben machen sollte. Mit seiner 1.800 km langen K\u00fcste und \u00fcber 1.200 Inseln, Inselchen, Klippen und Riffen ist Kroatien ein wahres Paradies f\u00fcr Segler. St\u00e4dte wie Pula, Zadar, Split und Dubrovnik sind seit Jahrzehnten beliebte Reiseziele und ziehen jedes Jahr zahlreiche Besucher an. [&hellip;]<\/p>\n","protected":false},"author":1,"featured_media":0,"parent":0,"menu_order":0,"comment_status":"closed","ping_status":"closed","template":"","meta":{"_acf_changed":false,"footnotes":""},"class_list":["post-3352","page","type-page","status-publish","hentry"],"acf":[],"_links":{"self":[{"href":"https:\/\/ultra-sailing.hr\/de\/wp-json\/wp\/v2\/pages\/3352","targetHints":{"allow":["GET"]}}],"collection":[{"href":"https:\/\/ultra-sailing.hr\/de\/wp-json\/wp\/v2\/pages"}],"about":[{"href":"https:\/\/ultra-sailing.hr\/de\/wp-json\/wp\/v2\/types\/page"}],"author":[{"embeddable":true,"href":"https:\/\/ultra-sailing.hr\/de\/wp-json\/wp\/v2\/users\/1"}],"replies":[{"embeddable":true,"href":"https:\/\/ultra-sailing.hr\/de\/wp-json\/wp\/v2\/comments?post=3352"}],"version-history":[{"count":6,"href":"https:\/\/ultra-sailing.hr\/de\/wp-json\/wp\/v2\/pages\/3352\/revisions"}],"predecessor-version":[{"id":5728,"href":"https:\/\/ultra-sailing.hr\/de\/wp-json\/wp\/v2\/pages\/3352\/revisions\/5728"}],"wp:attachment":[{"href":"https:\/\/ultra-sailing.hr\/de\/wp-json\/wp\/v2\/media?parent=3352"}],"curies":[{"name":"wp","href":"https:\/\/api.w.org\/{rel}","templated":true}]}}