{"id":3357,"date":"2024-05-26T10:59:24","date_gmt":"2024-05-26T09:59:24","guid":{"rendered":"https:\/\/ultra-sailing.hr\/dev-wordpress\/yachtcharter-kroatien\/kojencharter-mitsegeln-kroatien\/"},"modified":"2025-03-04T12:02:50","modified_gmt":"2025-03-04T11:02:50","slug":"kojencharter-mitsegeln","status":"publish","type":"page","link":"https:\/\/ultra-sailing.hr\/de\/yachtcharter-kroatien\/kojencharter-mitsegeln\/","title":{"rendered":"Kojencharter &#8211; Mitsegeln Kroatien"},"content":{"rendered":"\n<p>Wenn dies Ihr erster Besuch in Kroatien ist oder Sie bisher keine Gelegenheit hatten die kroatischen Inseln und K\u00fcste zu erkunden- dann sind Sie genau hier mit unserem Programm richtig.<\/p>\n\n\n\n<p>F\u00fcr all jene, die gerne auf einem Segelboot sind und den besten Teil der Adria sehen m\u00f6chten, haben wir einen Reiseplan erstellt, der Ihnen die M\u00f6glichkeit gibt neue Leute kennenzulernen, so aktiv zu sein wie Sie es m\u00f6chten, die Grundkenntnisse des Segelns zu erlernen (wenn Sie m\u00f6chten), wundersch\u00f6ne Inseln zu erleben, schnorcheln, schwimmen und jeden Morgen an einem anderen Ankerplatz den Tag zu beginnen.<\/p>\n\n\n<div class=\"wp-block-image\">\n<figure class=\"aligncenter size-full is-resized\"><img loading=\"lazy\" decoding=\"async\" width=\"1024\" height=\"752\" src=\"https:\/\/ultra-sailing.hr\/wp-content\/uploads\/2024\/05\/UltraSailing_Croatia.jpg\" alt=\"\" class=\"wp-image-1442\" style=\"width:840px;height:auto\" srcset=\"https:\/\/ultra-sailing.hr\/wp-content\/uploads\/2024\/05\/UltraSailing_Croatia.jpg 1024w, https:\/\/ultra-sailing.hr\/wp-content\/uploads\/2024\/05\/UltraSailing_Croatia-300x220.jpg 300w, https:\/\/ultra-sailing.hr\/wp-content\/uploads\/2024\/05\/UltraSailing_Croatia-768x564.jpg 768w\" sizes=\"auto, (max-width: 1024px) 100vw, 1024px\" \/><\/figure>\n<\/div>\n\n\n<h2 class=\"wp-block-heading\">K\u00f6rperliche Aktivit\u00e4t und Sicherheit<\/h2>\n\n\n\n<ul class=\"wp-block-list\">\n<li>\u00dcberm\u00e4\u00dfige k\u00f6rperliche Aktivit\u00e4t ist nicht erforderlich. Der Skipper wird sich immer der einzelnen Person anpassen und keinerlei Arbeit an Bord verlangen, es sei denn, Sie w\u00fcnschen es nat\u00fcrlich. <\/li>\n\n\n\n<li>Das Beiboot ist ein Hilfsboot Ihrer Segelyacht, das Sie meist zur \u00dcberfahrt ans Festland nutzen. Bedenken Sie, dass Sie von Zeit zu Zeit auch an Bord eines kleineren Bootes gehen m\u00fcssen. <\/li>\n\n\n\n<li>Wir weisen darauf hin, dass Sonnenschutzmittel mit UV-Schutz, ein entsprechender Sonnenhut oder Kappe, ein lang\u00e4rmliges wei\u00dfes Baumwollshirt und rutschfeste Sportschuhe f\u00fcr Ihren Aufenthalt an Bord unbedingt erforderlich sind. Vergessen Sie nicht Ihre Badesachen und eine etwas w\u00e4rmere Jacke einzupacken, unabh\u00e4ngig von den Temperaturen. <\/li>\n\n\n\n<li>Die Temperaturen k\u00f6nnen im Sommer \u00fcber 35\u00b0 C gehen (im Juli, August) und recht unangenehm sein f\u00fcr Menschen, die nicht an Hitze gew\u00f6hnt sind. Die Temperaturen im Mai sind angenehmer und liegen zwischen 18 und 22\u00b0 C. Im Juni ist der l\u00e4ngste Tag des Jahres.  <\/li>\n\n\n\n<li>Sowohl die Segelyacht, als auch der Skipper und die Besatzung sind nat\u00fcrlich versichert. Trotzdem empfehlen wir Ihnen, eine Reiseversicherung zu Hause abzuschlie\u00dfen f\u00fcr den Fall einer Reisestornierung oder Plan\u00e4nderung. <\/li>\n\n\n\n<li>Die Segelyacht verf\u00fcgt \u00fcber eine Standard-Sicherheitsausr\u00fcstung gem\u00e4\u00df den Verordnungen der Republik Kroatien f\u00fcr Segelyachten.<\/li>\n\n\n\n<li>Ein SUP (Stand Up Paddle- Bord zum Rudern) steht Ihnen auf der Segelyacht zur Verf\u00fcgung. Das Rudern erfordert kaum k\u00f6rperliche Anstrengung, jedoch empfehlen wir Ihnen sich nicht unbeaufsichtigt zu weit zu entfernen.<\/li>\n<\/ul>\n\n\n<div class=\"wp-block-image\">\n<figure class=\"aligncenter size-large\"><img loading=\"lazy\" decoding=\"async\" width=\"1024\" height=\"768\" src=\"https:\/\/ultra-sailing.hr\/wp-content\/uploads\/2024\/05\/SailingWithSkipper_Croatia-1024x768.jpg\" alt=\"\" class=\"wp-image-1319\" srcset=\"https:\/\/ultra-sailing.hr\/wp-content\/uploads\/2024\/05\/SailingWithSkipper_Croatia-1024x768.jpg 1024w, https:\/\/ultra-sailing.hr\/wp-content\/uploads\/2024\/05\/SailingWithSkipper_Croatia-300x225.jpg 300w, https:\/\/ultra-sailing.hr\/wp-content\/uploads\/2024\/05\/SailingWithSkipper_Croatia-768x576.jpg 768w, https:\/\/ultra-sailing.hr\/wp-content\/uploads\/2024\/05\/SailingWithSkipper_Croatia-1536x1152.jpg 1536w, https:\/\/ultra-sailing.hr\/wp-content\/uploads\/2024\/05\/SailingWithSkipper_Croatia.jpg 1600w\" sizes=\"auto, (max-width: 1024px) 100vw, 1024px\" \/><\/figure>\n<\/div>\n\n\n<h2 class=\"wp-block-heading\">Das Miteinanderleben an Bord<\/h2>\n\n\n\n<ul class=\"wp-block-list\">\n<li>Im Zusammenleben an Bord werden die Bootskabine, Toilette und K\u00fcche mit anderen Besatzungsmitgliedern geteilt, so dass Verst\u00e4ndnis und Toleranz bei diesem Bootsabenteuer erwartet werden. Aus Erfahrung wissen wir, dass die Kabinen nur zum Schlafen genutzt werden. Die meiste Zeit werden Sie im Freien an Deck verbringen.  <\/li>\n\n\n\n<li>Das Segeln h\u00e4ngt vom Wind ab. Wenn demzufolge der Skipper die Route \u00e4ndert, dann vertrauen Sie ihm, die Alternative wurde von ihm aufgrund der Wetterbedingungen und der Sicherheit der Besatzung und Segelyacht getroffen.<\/li>\n\n\n\n<li>Segelyachten haben d\u00fcnne Trennw\u00e4nde in den Kabinen, die in Bezug auf Schalld\u00e4mmung nicht mit richtigen W\u00e4nden zu vergleichen sind. Teilnehmer, die nachts feiern m\u00f6chten, empfehlen wir einen Ausflug in die Stadt, um das lokale Nachtleben kennenzulernen, damit die anderen Teilnehmer sich ausruhen k\u00f6nnen.<\/li>\n\n\n\n<li>Bekanntschaften, die an Bord entstehen, werden h\u00e4ufig zu langj\u00e4hrigen Freundschaften. Seien Sie offen f\u00fcr die Erforschung der Natur und einen Aufenthalt in ihr. Ihre Besatzung hat den gleichen aktiven Urlaub gew\u00e4hlt wie Sie. Wahrscheinlich haben Sie mehr gemeinsam, als Sie im ersten Moment denken.   <\/li>\n<\/ul>\n\n\n\n<h2 class=\"wp-block-heading\">Organisation<\/h2>\n\n\n\n<ul class=\"wp-block-list\">\n<li>Das Mindestalter f\u00fcr die Teilnahme an dieser Reise ist 12 Jahre, und dies nur in Begleitung eines Elternteils. Dreibettkabinen sind nicht verf\u00fcgbar. Wenn Sie mit einem Kind reisen, wird es die Kabine mit einem Erwachsenen teilen m\u00fcssen. Die zweite Person wird die Kabine mit einem anderen erwachsenen Gast teilen oder eine Zusatzgeb\u00fchr zahlen.   <\/li>\n\n\n\n<li>Zum Zeitpunkt der Reservierung ben\u00f6tigen wir Ihre genauen Angaben \u00fcber Ihren Reisepass; den genauen Namen (wie im Reisepass), Geburtsdatum, Nationalit\u00e4t, Ausstellungs- und Ablaufdatum des Reisepasses, da dies f\u00fcr die Anmeldung der Besatzungsliste erforderlich ist. Die Angaben werden nach Ihrer Anmeldung ins E-Visitor-System in unserem Verzeichnis gel\u00f6scht. <\/li>\n\n\n\n<li>Die Kabinen an Bord sind relativ klein, deshalb empfehlen wir anstelle von sperrigen Koffern, weiche Reisetaschen mitzunehmen.<\/li>\n<\/ul>\n\n\n\n<h2 class=\"wp-block-heading\">Verpflegung an Bord<\/h2>\n\n\n\n<ul class=\"wp-block-list\">\n<li>Die Verpflegung an Bord ist nicht im Basis-Preis einer Kabinenbuchung enthalten.<\/li>\n\n\n\n<li>Lebensmittel werden, in gemeinsamer Absprache mit dem Skipper und anderen Teilnehmern, vorher abgesprochen, gekauft und an Bord zubereitet.<\/li>\n\n\n\n<li>Eine gemeinsame Bordkasse f\u00fcr Lebensmittel wird am ersten Tag erstellt. Der Skipper oder jemand von der Crew f\u00fchrt Buch \u00fcber die Rechnungen. <\/li>\n\n\n\n<li>Spezielle Ern\u00e4hrungsbed\u00fcrfnisse (glutenfrei, vegan) sind verf\u00fcgbar, jedoch sollten diese zum Zeitpunkt der Reservierung betont werden, so dass wir es mit der restlichen Crew und Skipper absprechen k\u00f6nnen.<\/li>\n<\/ul>\n","protected":false},"excerpt":{"rendered":"<p>Wenn dies Ihr erster Besuch in Kroatien ist oder Sie bisher keine Gelegenheit hatten die kroatischen Inseln und K\u00fcste zu erkunden- dann sind Sie genau hier mit unserem Programm richtig. F\u00fcr all jene, die gerne auf einem Segelboot sind und den besten Teil der Adria sehen m\u00f6chten, haben wir einen Reiseplan erstellt, der Ihnen die [&hellip;]<\/p>\n","protected":false},"author":3,"featured_media":0,"parent":3325,"menu_order":2,"comment_status":"closed","ping_status":"closed","template":"","meta":{"_acf_changed":false,"footnotes":""},"class_list":["post-3357","page","type-page","status-publish","hentry"],"acf":[],"_links":{"self":[{"href":"https:\/\/ultra-sailing.hr\/de\/wp-json\/wp\/v2\/pages\/3357","targetHints":{"allow":["GET"]}}],"collection":[{"href":"https:\/\/ultra-sailing.hr\/de\/wp-json\/wp\/v2\/pages"}],"about":[{"href":"https:\/\/ultra-sailing.hr\/de\/wp-json\/wp\/v2\/types\/page"}],"author":[{"embeddable":true,"href":"https:\/\/ultra-sailing.hr\/de\/wp-json\/wp\/v2\/users\/3"}],"replies":[{"embeddable":true,"href":"https:\/\/ultra-sailing.hr\/de\/wp-json\/wp\/v2\/comments?post=3357"}],"version-history":[{"count":2,"href":"https:\/\/ultra-sailing.hr\/de\/wp-json\/wp\/v2\/pages\/3357\/revisions"}],"predecessor-version":[{"id":3360,"href":"https:\/\/ultra-sailing.hr\/de\/wp-json\/wp\/v2\/pages\/3357\/revisions\/3360"}],"up":[{"embeddable":true,"href":"https:\/\/ultra-sailing.hr\/de\/wp-json\/wp\/v2\/pages\/3325"}],"wp:attachment":[{"href":"https:\/\/ultra-sailing.hr\/de\/wp-json\/wp\/v2\/media?parent=3357"}],"curies":[{"name":"wp","href":"https:\/\/api.w.org\/{rel}","templated":true}]}}