{"id":3373,"date":"2024-03-10T18:47:37","date_gmt":"2024-03-10T17:47:37","guid":{"rendered":"https:\/\/ultra-sailing.hr\/dev-wordpress\/familien-segelprogramm\/"},"modified":"2025-03-04T14:10:34","modified_gmt":"2025-03-04T13:10:34","slug":"familien-segelkurs-kroatien","status":"publish","type":"page","link":"https:\/\/ultra-sailing.hr\/de\/familien-segelkurs-kroatien\/","title":{"rendered":"Familien Segelprogramm"},"content":{"rendered":"\n<p>Das <strong>Familien-Segelprogramm<\/strong> ist eine gute M\u00f6glichkeit, aktiven Urlaub mit der ganzen Familie zu verbringen. Daf\u00fcr entscheiden sich immer mehr Familien, sei es um <strong>gemeinsam Geburtstage und Jubil\u00e4en zu feiern<\/strong> oder einfach um sich einmal im Jahr gemeinsam zu treffen. Das Programm bietet die perfekte Gelegenheit f\u00fcr alle Familienmitglieder, sich zu erholen und eine <strong>sch\u00f6ne Zeit gemeinsam zu verbringen<\/strong>. Nichts vertieft famili\u00e4re oder auch freundschaftliche Beziehungen besser, als ein gemeinsamer aktiver Urlaub.<\/p>\n\n\n\n<p>Wir bieten Ihnen eine sehr gute Gelegenheit,\u00a0 Zeit mit Ihrer Familie zu verbringen durch unser <strong>Familien-Segelprogramm<\/strong>.<\/p>\n\n\n\n<p>Beim Familien-Segelprogramm sind die <strong>Mitglieder der Familie auch die Mitglieder der Crew<\/strong> und lernen zusammen etwas \u00fcber Navigation, Segel setzen, Andocken, Ankern und Wettervorhersagen.<br><br>Auf einander vertrauen k\u00f6nnen, ist das Wichtigste in famili\u00e4ren Beziehungen, und dieses Vertrauen wird noch gest\u00e4rkt durch das Erlebnis des gemeinsamen Segelns.<br><br>Das Programm ist konzipiert f\u00fcr Familien, die <strong>Urlaub auf einem Segelboot<\/strong> machen wollen und dabei noch ihre Kenntnisse auffrischen oder \u00fcberhaupt Segeln lernen wollen. Der Unterricht ist nicht so intensiv, wie bei unseren normalen Segelkursen und geeignet f\u00fcr jedes Alter. Der Tagesablauf wird gemeinsam mit den Familie geplant.<br><br>Feste Termine werden von uns nicht vorgegeben und wir vereinbaren sie ganz nach den W\u00fcnschen der Familien.<\/p>\n\n\n\n<p><strong><mark style=\"background-color:rgba(0, 0, 0, 0)\" class=\"has-inline-color has-vivid-red-color\">Preis auf Anfrage<\/mark><\/strong><\/p>\n\n\n<div class=\"u-mb-5\">\n\t<a href=\"mailto:school@ultra-sailing.hr\" class=\"c-badge\">\n\t\t<svg class=\"o-icon u-stroke-2\"><use xmlns:xlink=\"http:\/\/www.w3.org\/1999\/xlink\" xlink:href=\"https:\/\/ultra-sailing.hr\/wp-content\/themes\/ultra-sailing\/assets\/sprite\/icons.svg#icon-mail\"><\/use><\/svg>\t\t<span>school@ultra-sailing.hr<\/span>\n\t<\/a>\n<\/div>\n\n\n<div class=\"u-mb-5\">\n\t<a href=\"tel:+385 21 398 578\" class=\"c-badge\">\n\t\t<svg class=\"o-icon u-stroke-2\"><use xmlns:xlink=\"http:\/\/www.w3.org\/1999\/xlink\" xlink:href=\"https:\/\/ultra-sailing.hr\/wp-content\/themes\/ultra-sailing\/assets\/sprite\/icons.svg#icon-phone\"><\/use><\/svg>\t\t<span>+385 21 398 578<\/span>\n\t<\/a>\n<\/div>\n\n\n\n<h2 class=\"wp-block-heading\">Im Preis enthalten:<br><\/h2>\n\n\n\n<ul class=\"wp-block-list\">\n<li>25% MwSt.<\/li>\n\n\n\n<li>Kurtaxe<\/li>\n\n\n\n<li>6 Tage Segeln<\/li>\n\n\n\n<li>Segellehrer \/ Skipper<\/li>\n\n\n\n<li>Ultra Segelschule Buch<\/li>\n\n\n\n<li>Bettw\u00e4sche<\/li>\n\n\n\n<li>WLan<\/li>\n<\/ul>\n\n\n\n<h2 class=\"wp-block-heading\">Im Preis ist nicht enthalten:<br><\/h2>\n\n\n\n<ul class=\"wp-block-list\">\n<li>Essen &amp; Getr\u00e4nke<\/li>\n\n\n\n<li>Liegeplatzgeb\u00fchren<\/li>\n\n\n\n<li>Dieselkosten<\/li>\n<\/ul>\n\n\n\n<p>Finden Sie in unseren Blogs weitere Informationen \u00fcber Familiensegeln in Kroatien.<\/p>\n\n\n\t\t<div class=\"c-nav-card-group\">\n\t\t\t\n<a href=\"https:\/\/blog.ultra-sailing.hr\/de\/familiensegeln-in-kroatien\/\" class=\"c-nav-card\" target=\"_blank\">\n\t<img loading=\"lazy\" decoding=\"async\" width=\"680\" height=\"320\" src=\"https:\/\/ultra-sailing.hr\/wp-content\/uploads\/2024\/05\/Family_Sailing_Catamaran_Croatia-680x320.jpg\" class=\"attachment-680x320 size-680x320\" alt=\"\" \/>\t<div class=\"c-nav-card__main\">\n\t\t<p class=\"c-nav-card__title\">Tipps zum Familiensegeln<\/p>\n\t\t<p class=\"c-nav-card__subtitle\">Beste Reisezeit, perfekte Routen und das ideale Schiff f\u00fcr Ihr Familient\u00f6rn.<\/p>\n\t\t<div class=\"c-nav-card__icon\">\n\t\t\t<svg class=\"o-icon u-stroke-2\"><use xmlns:xlink=\"http:\/\/www.w3.org\/1999\/xlink\" xlink:href=\"https:\/\/ultra-sailing.hr\/wp-content\/themes\/ultra-sailing\/assets\/sprite\/icons.svg#icon-chevron-right\"><\/use><\/svg>\t\t<\/div>\n\t<\/div>\n<\/a>\n<a href=\"https:\/\/blog.ultra-sailing.hr\/de\/segeln-mit-kindern-in-kroatien-tipps-und-tricks\/\" class=\"c-nav-card\" target=\"_blank\">\n\t<img loading=\"lazy\" decoding=\"async\" width=\"680\" height=\"320\" src=\"https:\/\/ultra-sailing.hr\/wp-content\/uploads\/2024\/05\/SUP_Fun_Croatia-680x320.jpg\" class=\"attachment-680x320 size-680x320\" alt=\"\" \/>\t<div class=\"c-nav-card__main\">\n\t\t<p class=\"c-nav-card__title\">10 Tipps zum Segeln mit Kindern in Kroatien<\/p>\n\t\t<p class=\"c-nav-card__subtitle\">Es ist eine Freude, obwohl es f\u00fcr Eltern manchmal anstrengend sein kann, deshalb sollte  man immer gut vorbereitet sein<\/p>\n\t\t<div class=\"c-nav-card__icon\">\n\t\t\t<svg class=\"o-icon u-stroke-2\"><use xmlns:xlink=\"http:\/\/www.w3.org\/1999\/xlink\" xlink:href=\"https:\/\/ultra-sailing.hr\/wp-content\/themes\/ultra-sailing\/assets\/sprite\/icons.svg#icon-chevron-right\"><\/use><\/svg>\t\t<\/div>\n\t<\/div>\n<\/a>\t\t<\/div>\n","protected":false},"excerpt":{"rendered":"<p>Das Familien-Segelprogramm ist eine gute M\u00f6glichkeit, aktiven Urlaub mit der ganzen Familie zu verbringen. Daf\u00fcr entscheiden sich immer mehr Familien, sei es um gemeinsam Geburtstage und Jubil\u00e4en zu feiern oder einfach um sich einmal im Jahr gemeinsam zu treffen. Das Programm bietet die perfekte Gelegenheit f\u00fcr alle Familienmitglieder, sich zu erholen und eine sch\u00f6ne Zeit [&hellip;]<\/p>\n","protected":false},"author":1,"featured_media":0,"parent":0,"menu_order":0,"comment_status":"closed","ping_status":"closed","template":"","meta":{"_acf_changed":false,"footnotes":""},"class_list":["post-3373","page","type-page","status-publish","hentry"],"acf":[],"_links":{"self":[{"href":"https:\/\/ultra-sailing.hr\/de\/wp-json\/wp\/v2\/pages\/3373","targetHints":{"allow":["GET"]}}],"collection":[{"href":"https:\/\/ultra-sailing.hr\/de\/wp-json\/wp\/v2\/pages"}],"about":[{"href":"https:\/\/ultra-sailing.hr\/de\/wp-json\/wp\/v2\/types\/page"}],"author":[{"embeddable":true,"href":"https:\/\/ultra-sailing.hr\/de\/wp-json\/wp\/v2\/users\/1"}],"replies":[{"embeddable":true,"href":"https:\/\/ultra-sailing.hr\/de\/wp-json\/wp\/v2\/comments?post=3373"}],"version-history":[{"count":2,"href":"https:\/\/ultra-sailing.hr\/de\/wp-json\/wp\/v2\/pages\/3373\/revisions"}],"predecessor-version":[{"id":3376,"href":"https:\/\/ultra-sailing.hr\/de\/wp-json\/wp\/v2\/pages\/3373\/revisions\/3376"}],"wp:attachment":[{"href":"https:\/\/ultra-sailing.hr\/de\/wp-json\/wp\/v2\/media?parent=3373"}],"curies":[{"name":"wp","href":"https:\/\/api.w.org\/{rel}","templated":true}]}}