{"id":3383,"date":"2024-03-05T19:23:36","date_gmt":"2024-03-05T18:23:36","guid":{"rendered":"https:\/\/ultra-sailing.hr\/dev-wordpress\/datenschutzerklaerung\/"},"modified":"2025-03-04T15:10:42","modified_gmt":"2025-03-04T14:10:42","slug":"datenschutzerklaerung","status":"publish","type":"page","link":"https:\/\/ultra-sailing.hr\/de\/datenschutzerklaerung\/","title":{"rendered":"Datenschutzerkl\u00e4rung"},"content":{"rendered":"\n<p>Ultra d.o.o. m\u00f6chte seinen Kunden den besten Service bieten und mit dieser Erkl\u00e4rung erl\u00e4utern, in welcher Weise wir mit Daten umgehen, die Sie uns \u00fcber unsere Webseite www.ultra-sailing.hr und offizielle E-Mails \u00fcbermitteln.<\/p>\n\n<h2 class=\"wp-block-heading\">Sammlung von Informationen \u00fcber Sie<\/h2>\n\n<p>Wir speichern Informationen \u00fcber Sie, wenn Sie von uns Informationen oder ein Angebot einholen (Name und E-Mail). Im Falle einer Buchung eines unserer Schiffe ben\u00f6tigen wir folgende weitere Informationen, die f\u00fcr die Erstellung der Besatzungsliste und die Registrierung im E-Visitor System erforderlich sind: Name und Nachname, Geburtsdatum und Geburtsort, Reisepass- oder Personalausweisnummer, Nummer des Bootsf\u00fchrerscheins. All diese Angaben sind erforderlich um den Aufenthalt der G\u00e4ste bei den zust\u00e4ndigen Beh\u00f6rden der Republik Kroatien anzumelden.   <\/p>\n\n<h2 class=\"wp-block-heading\">Die Art und Weise, wie wir Informationen nutzen<\/h2>\n\n<p>Ihre pers\u00f6nlichen Daten nutzen wir in folgenden Situationen:<\/p>\n\n<ul class=\"wp-block-list\">\n<li>Zur Erstellung eines Angebots bez\u00fcglich der angeforderten Dienstleistung<\/li>\n\n\n\n<li>Zur Erstellung einer Reservierungsbest\u00e4tigung bez\u00fcglich der angeforderten Dienstleistung, Ausstellung einer Rechnung, eines Vertrags oder Vouchers<\/li>\n\n\n\n<li>Zur Erstellung der Besatzungsliste und zur Registrierung im E-Visitor (zust\u00e4ndige Beh\u00f6rden der Republik Kroatien).<\/li>\n\n\n\n<li>Ihre Daten werden nicht an Dritte weitergegeben, es sei denn, dies ist f\u00fcr die Erbringung der von Ihnen angeforderten Dienstleistung erforderlich (z. B. ein Ersatzschiff von einer anderen Agentur oder im Falle einer Kontrolle des Schiffs auf See).<\/li>\n\n\n\n<li>Um Sie gelegentlich per Email (Informationen \u00fcber neue Produkte oder Promotionsangebote) zu informieren. Jede dieser Promotions-Emails enth\u00e4lt eine Anleitung, wie Sie sich von der Mailing-Liste abmelden k\u00f6nnen.  <\/li>\n\n\n\n<li>Um Ihnen an Bord zur\u00fcckgebliebene Wertsachen an Ihre Adresse zusenden zu k\u00f6nnen (auf Ihre Anfrage) <br\/>Ultra d.o.o. verkauft, tauscht oder vermietet keine Ihrer pers\u00f6nlichen Daten. Wir sind verpflichtet Ihre personenbezogenen Daten nur im Fall einer richterlichen Anordnung oder zum Schutz der Rechte von Ultra d.o.o zu verraten.  <\/li>\n<\/ul>\n\n<h2 class=\"wp-block-heading\">Wir verwenden \u201eCookies\u201c, Google auf der Webseite sowie Links auf\/von anderen Webseiten<\/h2>\n\n<p>Wir arbeiten kontinuierlich daran, die Sicherheitsma\u00dfnahmen unserer Webseiten und unseres Servers zu verbessern. <br\/>Unsere Webseite verwendet Internet-\u201eCookies\u201c. Dies sind Dateien, die an Ihren Computer gesendet wurden und in Textform auf Ihrer Festplatte gespeichert sind. Cookies erlauben uns Ihren Browser zu identifizieren und nicht Sie pers\u00f6nlich. Sie helfen uns unsere Webseite zu optimieren und geben Einblick in die Navigation auf unserer Webseite. Durch den Zugriff auf unsere Webseite erkl\u00e4ren Sie sich mit den hier angef\u00fchrten Datenschutzbestimmungen und der Verwendung von \u201eCookies\u201c einverstanden. Beim Zugriff auf unsere Webseite erscheint eine Anfrage, ob Sie der Verwendung von \u201eCookies\u201c zustimmen.      <\/p>\n\n<p>Zur Analyse unsere Webseite verwenden wir auch Google Analytics, das gleichfalls \u201eCookies\u201c f\u00fcr die Sammlung und Verfolgung nicht personenbezogener Daten nutzt (mehr Informationen dar\u00fcber finden Sie bei Google- Datenschutzbestimmungen). Wir nutzen diese Informationen, um den Bericht \u00fcber die Nutzung unserer Webseite zu erstellen und unsere Webseite fortlaufend zu optimieren. Moderne Web-Browser erlauben Ihnen Cookies zu blockieren und zu l\u00f6schen, welches aber Funktionseinschr\u00e4nkungen einiger Webseiten zur Folge haben kann.   <\/p>\n\n<p>Ultra d.o.o. \u00fcbernimmt keine Verantwortung f\u00fcr Handlungen, Inhalt oder Datenschutzbestimmungen, die sich auf anderen Webseiten befinden, die von oder zu unserer Webseite weiterf\u00fchren (Links). Diese Webseiten k\u00f6nnen Ihnen Cookies schicken und Ihre personenbezogenen Daten sammeln, wor\u00fcber Sie sich auf diesen Webseiten informieren m\u00fcssen.  <\/p>\n\n<h2 class=\"wp-block-heading\">Sicherheit der gesammelten Informationen<\/h2>\n\n<p>Ultra d.o.o. erkl\u00e4rt hiermit, dass wir alle notwendigen Sicherheitsma\u00dfnahmen auf unserer Webseite getroffen haben, um Ihre personenbezogenen Daten zu sch\u00fctzen.<\/p>\n\n<h2 class=\"wp-block-heading\">Ihre Rechte<\/h2>\n\n<ul class=\"wp-block-list\">\n<li>Sie haben das Recht schriftlich nach Informationen zu fragen, die wir \u00fcber Sie haben, und eine Berichtigung nicht aktueller oder falscher Daten zu ersuchen.<\/li>\n\n\n\n<li>Sie haben das Recht zu verlangen, dass wir Ihnen Werbematerialen \u00fcber unsere Leistungen und Schiffe nicht mehr zusenden.<\/li>\n\n\n\n<li>Im Falle von Emails haben Sie die M\u00f6glichkeit der Anwendung von \u201eunsubscribe E-mail\u201c.<\/li>\n\n\n\n<li>Ihre Korrespondenz k\u00f6nnen Sie jederzeit bei <a href=\"mailto:booking@ultra-sailing.hr\">booking@ultra-sailing.hr<br\/><\/a><\/li>\n<\/ul>\n\n<h2 class=\"wp-block-heading\">\u00c4nderungen an dieser Datenschutzerkl\u00e4rung<\/h2>\n\n<p>Ultra d.o.o. beh\u00e4lt sich das Recht vor, unsere Datenschutzerkl\u00e4rung auf dieser Webseite von Zeit zu Zeit zu \u00e4ndern oder zu erg\u00e4nzen.<\/p>\n","protected":false},"excerpt":{"rendered":"<p>Ultra d.o.o. m\u00f6chte seinen Kunden den besten Service bieten und mit dieser Erkl\u00e4rung erl\u00e4utern, in welcher Weise wir mit Daten umgehen, die Sie uns \u00fcber unsere Webseite www.ultra-sailing.hr und offizielle E-Mails \u00fcbermitteln. Sammlung von Informationen \u00fcber Sie Wir speichern Informationen \u00fcber Sie, wenn Sie von uns Informationen oder ein Angebot einholen (Name und E-Mail). Im [&hellip;]<\/p>\n","protected":false},"author":1,"featured_media":0,"parent":0,"menu_order":0,"comment_status":"closed","ping_status":"closed","template":"","meta":{"_acf_changed":false,"footnotes":""},"class_list":["post-3383","page","type-page","status-publish","hentry"],"acf":[],"_links":{"self":[{"href":"https:\/\/ultra-sailing.hr\/de\/wp-json\/wp\/v2\/pages\/3383","targetHints":{"allow":["GET"]}}],"collection":[{"href":"https:\/\/ultra-sailing.hr\/de\/wp-json\/wp\/v2\/pages"}],"about":[{"href":"https:\/\/ultra-sailing.hr\/de\/wp-json\/wp\/v2\/types\/page"}],"author":[{"embeddable":true,"href":"https:\/\/ultra-sailing.hr\/de\/wp-json\/wp\/v2\/users\/1"}],"replies":[{"embeddable":true,"href":"https:\/\/ultra-sailing.hr\/de\/wp-json\/wp\/v2\/comments?post=3383"}],"version-history":[{"count":2,"href":"https:\/\/ultra-sailing.hr\/de\/wp-json\/wp\/v2\/pages\/3383\/revisions"}],"predecessor-version":[{"id":3385,"href":"https:\/\/ultra-sailing.hr\/de\/wp-json\/wp\/v2\/pages\/3383\/revisions\/3385"}],"wp:attachment":[{"href":"https:\/\/ultra-sailing.hr\/de\/wp-json\/wp\/v2\/media?parent=3383"}],"curies":[{"name":"wp","href":"https:\/\/api.w.org\/{rel}","templated":true}]}}