{"id":3386,"date":"2024-03-10T17:22:12","date_gmt":"2024-03-10T16:22:12","guid":{"rendered":"https:\/\/ultra-sailing.hr\/dev-wordpress\/toernvorschlaege-kroatien\/"},"modified":"2024-11-28T14:19:24","modified_gmt":"2024-11-28T13:19:24","slug":"segelrouten-kroatien","status":"publish","type":"page","link":"https:\/\/ultra-sailing.hr\/de\/segelrouten-kroatien\/","title":{"rendered":"T\u00f6rnvorschl\u00e4ge Kroatien"},"content":{"rendered":"\n<p>Sobald Sie Ihr Segelboot oder Ihren Katamaran in Kroatien gefunden und gebucht haben, ist es Zeit, Ihre Segelroute zu planen. Unsere Charterbasen umfassen die gesamte kroatische Adriak\u00fcste, von der Nordadria (Pomer-Pula) \u00fcber die Mitteladria (Split &amp; Trogir) bis zur S\u00fcdadria (Dubrovnik). Jeder dieser Gebiete bietet zahlreiche Inseln, Str\u00e4nde, Buchten und St\u00e4dte zum Erkunden. Nat\u00fcrlich h\u00e4ngt die Segelroute haupts\u00e4chlich von den Wetterbedingungen ab.  <\/p>\n\n\n\n<p>Somit sollte die Wettervorhersage t\u00e4glich verfolgt werden und demnach die Route alternativ angepasst werden und dabei entscheiden ob Sie vor Anker, an einer Boje oder in der Marina \u00fcbernachten. Es gibt auch einige Liegeplatz-Apps die Sie kostenlos runterladen k\u00f6nnen. Diese sind sehr n\u00fctzlich, da sie Telefonnummern zahlreicher H\u00e4fen, Yachth\u00e4fen und Ankerpl\u00e4tze entlang der kroatischen Adriak\u00fcste enthalten.<\/p>\n\n\n\n<p>Wenn Sie sich entscheiden, mit einem Skipper zu segeln, kennen unsere professionellen Skipper jedes Gebiet sehr gut und bieten Ihnen alle M\u00f6glichkeiten, ob Sie nach versteckten Buchten, einsamen Str\u00e4nden oder Restaurants mit lokaler K\u00fcche suchen. W\u00e4hrend Sie mit dem Skipper segeln, m\u00fcssen Sie sich nur entspannen, und der Skipper sorgt daf\u00fcr, dass der ideale Liegeplatz f\u00fcr Sie gefunden wird. <\/p>\n\n\n\n<p>Hier finden Sie verschiedene Segelrouten in Kroatien, die das Ultra Sailing-Team Ihnen empfehlen m\u00f6chte. Alle diese T\u00f6rnvorschl\u00e4ge f\u00fchren zu Sehensw\u00fcrdigkeiten und bieten dar\u00fcber hinaus immer wieder die Gelegenheit, in einer der herrlichen Buchten, Marina oder Hafen zu \u00fcbernachten. Nat\u00fcrlich sollten Sie bei der Planung Ihres Segelt\u00f6rns die Wetterbedingungen in Betracht nehmen, somit, halten Sie immer Aussicht nach einer Alternative bzw. richten Sie sich nach der Wettervorhersage.<br><br>Wir k\u00f6nnen Ihnen auch vor Ort, beim Check-In mit einigen T\u00f6rnvorschl\u00e4gen finden und helfen Ihnen bei der Reservation von Bojen oder Liegepl\u00e4tzen in Marinen.  <\/p>\n\n\n<div class=\"c-collapse-group\"><div class=\"c-collapse js-collapse\">\n\t<button class=\"c-collapse__toggle js-collapse-toggle\">\n\t\t<h2 class=\"c-collapse__heading\">T\u00f6rnvorschlag ab Split o. Trogir \/ Mitteldalmatien &#8211; 125 NM<\/h2>\n\t\t<div class=\"c-collapse__icon\">\n\t\t\t<svg class=\"o-icon u-stroke-2\"><use xmlns:xlink=\"http:\/\/www.w3.org\/1999\/xlink\" xlink:href=\"https:\/\/ultra-sailing.hr\/wp-content\/themes\/ultra-sailing\/assets\/sprite\/icons.svg#icon-chevron-down\"><\/use><\/svg>\t\t<\/div>\n\t<\/button>\n\t<div class=\"c-collapse__main js-collapse-main\">\n\t\t<div class=\"c-content-scope\">\n\t\t\t<ul>\n<li><strong>Tag 1 (Sa):<\/strong> Split o. Trogir &#8211; Milna (Lu\u010dice) &#8211; 14NM<\/li>\n<li><strong>Tag 2 (So):<\/strong> Milna (Lucice) &#8211; Stari Grad &#8211; 14NM<\/li>\n<li><strong>Tag 3 (Mon):<\/strong> Stari Grad &#8211; Hvar, Palmi\u017eana &#8211; 14NM<\/li>\n<li><strong>Tag 4 (Di):<\/strong> Hvar &#8211; \u0160cedro &#8211; Vela Luka &#8211; 20NM<\/li>\n<li><strong>Tag 5 (Mi):<\/strong> Vela Luka &#8211; Vis &#8211; 25 NM<\/li>\n<li><strong>Tag 6 (Do):<\/strong> Vis &#8211; \u0160olta (Maslinica)- 25NM<\/li>\n<li><strong>Tag 7 (Fr):<\/strong> \u0160olta (Maslinica) &#8211; Split o. Trogir &#8211; 13NM<\/li>\n<\/ul>\n<p><iframe loading=\"lazy\" src=\"https:\/\/www.google.com\/maps\/d\/embed?mid=1Qx_GDaS3LTAMG2Wa_CPMj0nO5-UzMRtR&amp;ehbc=2E312F\" width=\"640\" height=\"480\" frameborder=\"0\"><\/iframe><\/p>\n\t\t<\/div>\n\t<\/div>\n<\/div><div class=\"c-collapse js-collapse\">\n\t<button class=\"c-collapse__toggle js-collapse-toggle\">\n\t\t<h2 class=\"c-collapse__heading\">T\u00f6rnvorschlag ab Split o. Trogir \/ Mitteldalmatien &#8211; 155 NM<\/h2>\n\t\t<div class=\"c-collapse__icon\">\n\t\t\t<svg class=\"o-icon u-stroke-2\"><use xmlns:xlink=\"http:\/\/www.w3.org\/1999\/xlink\" xlink:href=\"https:\/\/ultra-sailing.hr\/wp-content\/themes\/ultra-sailing\/assets\/sprite\/icons.svg#icon-chevron-down\"><\/use><\/svg>\t\t<\/div>\n\t<\/button>\n\t<div class=\"c-collapse__main js-collapse-main\">\n\t\t<div class=\"c-content-scope\">\n\t\t\t<ul>\n<li><strong>Tag 1 (Sa):<\/strong> Split o. Trogir &#8211; Vis &#8211; 30NM<\/li>\n<li><strong>Tag 2 (So):<\/strong> Vis &#8211; Vela Luka- 25NM<\/li>\n<li><strong>Tag 3 (Mon):<\/strong> Vela Luka &#8211; Lastovo, Zaklopatica &#8211; 18NM<\/li>\n<li><strong>Tag 4 (Di):<\/strong> Lastovo (Zaklopatica) &#8211; Kor\u010dula &#8211; 21NM<\/li>\n<li><strong>Tag 5 (Mi):<\/strong> Kor\u010dula &#8211; Hvar, Palmi\u017eana &#8211; 34NM<\/li>\n<li><strong>Tag 6 (Do):<\/strong> Hvar &#8211; Milna (Lu\u010dice) &#8211; 13NM<\/li>\n<li><strong>Tag 7 (Fr):<\/strong> Milna &#8211; Trogir o. Split &#8211; 14NM<\/li>\n<\/ul>\n<p><iframe loading=\"lazy\" src=\"https:\/\/www.google.com\/maps\/d\/embed?mid=10oH_Ct43Gv53lREBpvOJqm_BYesSmSrn&amp;ehbc=2E312F\" width=\"640\" height=\"480\" frameborder=\"0\"><\/iframe><\/p>\n\t\t<\/div>\n\t<\/div>\n<\/div><div class=\"c-collapse js-collapse\">\n\t<button class=\"c-collapse__toggle js-collapse-toggle\">\n\t\t<h2 class=\"c-collapse__heading\">T\u00f6rnvorschlag ab Split\/Trogir nach Dubrovnik &#8211; 130 NM<\/h2>\n\t\t<div class=\"c-collapse__icon\">\n\t\t\t<svg class=\"o-icon u-stroke-2\"><use xmlns:xlink=\"http:\/\/www.w3.org\/1999\/xlink\" xlink:href=\"https:\/\/ultra-sailing.hr\/wp-content\/themes\/ultra-sailing\/assets\/sprite\/icons.svg#icon-chevron-down\"><\/use><\/svg>\t\t<\/div>\n\t<\/button>\n\t<div class=\"c-collapse__main js-collapse-main\">\n\t\t<div class=\"c-content-scope\">\n\t\t\t<ul>\n<li><strong>Tag 1 (Sa):<\/strong> Split o. Trogir &#8211; Hvar &#8211; 25NM<\/li>\n<li><strong>Tag 2 (So):<\/strong> Hvar &#8211; Vela Luka &#8211; 17NM<\/li>\n<li><strong>Tag 3 (Mon):<\/strong> Vela Luka &#8211; Lastovo, Zaklopatica &#8211; 18NM<\/li>\n<li><strong>Tag 4 (Di):<\/strong> Lastovo , Zaklopatica &#8211; Kor\u010dula &#8211; 21NM<\/li>\n<li><strong>Tag 5 (Mi):<\/strong> Kor\u010dula &#8211; Mljet, Pomena &#8211; 11NM<\/li>\n<li><strong>Tag 6 (Do):<\/strong> Mljet &#8211; Koba\u0161 &#8211; 21NM<\/li>\n<li><strong>Tag 7 (Fr):<\/strong> Koba\u0161 &#8211; Dubrovnik &#8211; 18NM<\/li>\n<\/ul>\n<p><iframe loading=\"lazy\" src=\"https:\/\/www.google.com\/maps\/d\/embed?mid=1pU8OK38iLD5Z1YCuuH_5LklrOfAf3TBx&amp;ehbc=2E312F\" width=\"640\" height=\"480\" frameborder=\"0\"><\/iframe><\/p>\n\t\t<\/div>\n\t<\/div>\n<\/div><div class=\"c-collapse js-collapse\">\n\t<button class=\"c-collapse__toggle js-collapse-toggle\">\n\t\t<h2 class=\"c-collapse__heading\">T\u00f6rnvorschlag ab Split\/Trogir \/ Nord- u. Mitteldalmatien &#8211; 145 NM<\/h2>\n\t\t<div class=\"c-collapse__icon\">\n\t\t\t<svg class=\"o-icon u-stroke-2\"><use xmlns:xlink=\"http:\/\/www.w3.org\/1999\/xlink\" xlink:href=\"https:\/\/ultra-sailing.hr\/wp-content\/themes\/ultra-sailing\/assets\/sprite\/icons.svg#icon-chevron-down\"><\/use><\/svg>\t\t<\/div>\n\t<\/button>\n\t<div class=\"c-collapse__main js-collapse-main\">\n\t\t<div class=\"c-content-scope\">\n\t\t\t<ul>\n<li><strong>Tag 1 (Sa):<\/strong> Split o. Trogir &#8211; Primo\u0161ten &#8211; 25NM<\/li>\n<li><strong>Tag 2 (So):<\/strong> Primo\u0161ten &#8211; Skradin &#8211; 18NM<\/li>\n<li><strong>Tag 3 (Mon):<\/strong> Skradin &#8211; Murter &#8211; 24NM<\/li>\n<li><strong>Tag 4 (Di):<\/strong> Murter &#8211; Kornati, Pi\u0161kera &#8211; 18NM<\/li>\n<li><strong>Tag 5 (Mi):<\/strong> Kornati &#8211; Kaprije &#8211; 18NM<\/li>\n<li><strong>Tag 6 (Do):<\/strong> Kaprije &#8211; Maslinica, \u0160olta &#8211; 28NM<\/li>\n<li><strong>Tag 7 (Fr):<\/strong> Maslinica, \u0160olta &#8211; Trogir (Split) &#8211; 13NM<\/li>\n<\/ul>\n<p><iframe loading=\"lazy\" src=\"https:\/\/www.google.com\/maps\/d\/embed?mid=1ghldbXy9EPRN6nqYIoiYfkrZK6wp-27S&amp;ehbc=2E312F\" width=\"640\" height=\"480\" frameborder=\"0\"><\/iframe><\/p>\n\t\t<\/div>\n\t<\/div>\n<\/div><div class=\"c-collapse js-collapse\">\n\t<button class=\"c-collapse__toggle js-collapse-toggle\">\n\t\t<h2 class=\"c-collapse__heading\">T\u00f6rnvorschlag &#8211; Dubrovnik \/ Dubrovnik &#8211; 140 NM<\/h2>\n\t\t<div class=\"c-collapse__icon\">\n\t\t\t<svg class=\"o-icon u-stroke-2\"><use xmlns:xlink=\"http:\/\/www.w3.org\/1999\/xlink\" xlink:href=\"https:\/\/ultra-sailing.hr\/wp-content\/themes\/ultra-sailing\/assets\/sprite\/icons.svg#icon-chevron-down\"><\/use><\/svg>\t\t<\/div>\n\t<\/button>\n\t<div class=\"c-collapse__main js-collapse-main\">\n\t\t<div class=\"c-content-scope\">\n\t\t\t<ul>\n<li><strong>Tag 1 (Sa):<\/strong> Dubrovnik &#8211; Koba\u0161 &#8211; 20NM<\/li>\n<li><strong>Tag 2 (So):<\/strong> Koba\u0161 &#8211; Mljet (Pola\u010de or Sobra) &#8211; 20NM<\/li>\n<li><strong>Tag 3 (Mon):<\/strong> Mljet, Sobra &#8211; Kor\u010dula &#8211; 24NM<\/li>\n<li><strong>Tag 4 (Di):<\/strong> Kor\u010dula &#8211; Lastovo, Zaklopatica &#8211; 23NM<\/li>\n<li><strong>Tag 5 (Mi):<\/strong> Lastovo, Zaklopatica &#8211; Pola\u010de, Mljet &#8211; 23NM<\/li>\n<li><strong>Tag 6 (Do):<\/strong> Pola\u010de, Mljet &#8211; \u0160ipan &#8211; 12NM<\/li>\n<li><strong>Tag 7 (Fr):<\/strong> \u0160ipan &#8211; Dubrovnik &#8211; 18NM<\/li>\n<\/ul>\n<p><iframe loading=\"lazy\" src=\"https:\/\/www.google.com\/maps\/d\/embed?mid=1WbOr6ENE_noyKlRPLSEFBEGDm9TSWcBY&amp;ehbc=2E312F\" width=\"640\" height=\"480\" frameborder=\"0\"><\/iframe><\/p>\n\t\t<\/div>\n\t<\/div>\n<\/div><div class=\"c-collapse js-collapse\">\n\t<button class=\"c-collapse__toggle js-collapse-toggle\">\n\t\t<h2 class=\"c-collapse__heading\">T\u00f6rnvorschlag ab Split\/Trogir nach Dubrovnik &#8211; 270 NM (14 Tage)<\/h2>\n\t\t<div class=\"c-collapse__icon\">\n\t\t\t<svg class=\"o-icon u-stroke-2\"><use xmlns:xlink=\"http:\/\/www.w3.org\/1999\/xlink\" xlink:href=\"https:\/\/ultra-sailing.hr\/wp-content\/themes\/ultra-sailing\/assets\/sprite\/icons.svg#icon-chevron-down\"><\/use><\/svg>\t\t<\/div>\n\t<\/button>\n\t<div class=\"c-collapse__main js-collapse-main\">\n\t\t<div class=\"c-content-scope\">\n\t\t\t<ul>\n<li><strong>Tag 1 (Sa):<\/strong> check in<\/li>\n<li><strong>Tag 2 (So):<\/strong> Trogir o. Split &#8211; Vis &#8211; 30 NM<\/li>\n<li><strong>Tag 3 (Mon):<\/strong> Vis &#8211; Vela Luka &#8211; 25NM<\/li>\n<li><strong>Tag 4 (Di):<\/strong> Vela Luka &#8211; Lastovo, Zaklopatica &#8211; 18NM<\/li>\n<li><strong>Tag 5 (Mi):<\/strong> Lastovo, Zaklopatica &#8211; Kor\u010dula &#8211; 21 NM<\/li>\n<li><strong>Tag 6 (Do):<\/strong> Kor\u010dula &#8211; Mljet, Pola\u010de- 13 NM<\/li>\n<li><strong>Tag 7 (Fr):<\/strong> Mljet, Pola\u010de &#8211; Koba\u0161, Pelje\u0161ac &#8211; 21NM<\/li>\n<li><strong>Tag 8 (Sa):<\/strong> Koba\u0161 &#8211; \u0160ipan &#8211; 7 NM<\/li>\n<li><strong>Tag 9 (So):<\/strong> \u0160ipan &#8211; Dubrovnik 16NM<\/li>\n<li><strong>Tag 10 (Mon):<\/strong> Dubrovnik &#8211; Mljet, Sobra &#8211; 23NM<\/li>\n<li><strong>Tag 11 (Di):<\/strong> Mljet, Sobra &#8211; Lumbarda, Kor\u010dula &#8211; 22NM<\/li>\n<li><strong>Tag 12 (Mi):<\/strong> Lumbarda &#8211; Hvar &#8211; 36NM<\/li>\n<li><strong>Tag 13 (Do):<\/strong> Hvar &#8211; Stari Grad &#8211; 14NM<\/li>\n<li><strong>Tag 14 (Fr):<\/strong> Stari Grad &#8211; Milna, Lu\u010dice &#8211; 14NM<\/li>\n<li><strong>Tag 15 (Sa):<\/strong> Milna &#8211; Split o. Trogir- 13 NM<\/li>\n<\/ul>\n<p><iframe loading=\"lazy\" src=\"https:\/\/www.google.com\/maps\/d\/embed?mid=1Q2JFy5FXrteCxlgfE94jGUsTRtvkVwSf&amp;ehbc=2E312F\" width=\"640\" height=\"480\" frameborder=\"0\"><\/iframe><\/p>\n\t\t<\/div>\n\t<\/div>\n<\/div><div class=\"c-collapse js-collapse\">\n\t<button class=\"c-collapse__toggle js-collapse-toggle\">\n\t\t<h2 class=\"c-collapse__heading\">T\u00f6rnvorschlag ab Pomer &#8211; Istrien und Kvarner &#8211; 146 NM<\/h2>\n\t\t<div class=\"c-collapse__icon\">\n\t\t\t<svg class=\"o-icon u-stroke-2\"><use xmlns:xlink=\"http:\/\/www.w3.org\/1999\/xlink\" xlink:href=\"https:\/\/ultra-sailing.hr\/wp-content\/themes\/ultra-sailing\/assets\/sprite\/icons.svg#icon-chevron-down\"><\/use><\/svg>\t\t<\/div>\n\t<\/button>\n\t<div class=\"c-collapse__main js-collapse-main\">\n\t\t<div class=\"c-content-scope\">\n\t\t\t<ul>\n<li><strong>Tag 1 (Sa):<\/strong> check in<\/li>\n<li><strong>Tag 2 (So):<\/strong> Pomer &#8211; Susak &#8211; M. Losinj 30NM<\/li>\n<li><strong>Tag 3 (Mon):<\/strong> M.Losinj &#8211; Bay Krivica &#8211; 8 NM<\/li>\n<li><strong>Tag 4 (Di):<\/strong> Bay Krivica &#8211; Rab, Rab- 25 NM<\/li>\n<li><strong>Tag 5 (Mi):<\/strong> Rab, Rab &#8211; Krk, Punat &#8211; 22 NM<\/li>\n<li><strong>Tag 6 (Do):<\/strong> Krk, Punat &#8211; Cres, Cres- 35 NM<\/li>\n<li><strong>Tag 7 (Fr):<\/strong> Cres, Cres &#8211; Pomer &#8211; 26 NM<\/li>\n<\/ul>\n<p><iframe loading=\"lazy\" src=\"https:\/\/www.google.com\/maps\/d\/embed?mid=1a-eIR-q06V8Wq1w1fExSTH_D6psdF18V&amp;ehbc=2E312F\" width=\"640\" height=\"480\" frameborder=\"0\"><\/iframe><\/p>\n\t\t<\/div>\n\t<\/div>\n<\/div><div class=\"c-collapse js-collapse\">\n\t<button class=\"c-collapse__toggle js-collapse-toggle\">\n\t\t<h2 class=\"c-collapse__heading\">T\u00f6rnvorschlag ab Pomer &#8211; Sibenik &#8211; Pomer &#8211; 255 NM (14 Tage)<\/h2>\n\t\t<div class=\"c-collapse__icon\">\n\t\t\t<svg class=\"o-icon u-stroke-2\"><use xmlns:xlink=\"http:\/\/www.w3.org\/1999\/xlink\" xlink:href=\"https:\/\/ultra-sailing.hr\/wp-content\/themes\/ultra-sailing\/assets\/sprite\/icons.svg#icon-chevron-down\"><\/use><\/svg>\t\t<\/div>\n\t<\/button>\n\t<div class=\"c-collapse__main js-collapse-main\">\n\t\t<div class=\"c-content-scope\">\n\t\t\t<ul>\n<li><strong>Tag 1 (Sa):<\/strong> check in<\/li>\n<li><strong>Tag 2 (So):<\/strong> Pomer &#8211; Susak &#8211; Ilovik &#8211; 32NM<\/li>\n<li><strong>Tag 3 (Mon):<\/strong> Ilovik &#8211; Molat (Zapuntel) &#8211; 17NM<\/li>\n<li><strong>Tag 4 (Di):<\/strong> Molat (Zapuntel) &#8211; Brbinj &#8211; 16NM<\/li>\n<li><strong>Tag 5 (Mi):<\/strong> Brbinj &#8211; Zaglav or Sali &#8211; 11NM<\/li>\n<li><strong>Tag 6 (Do):<\/strong> Sali &#8211; Marina Piskera (Kornati) &#8211; 16NM<\/li>\n<li><strong>Tag 7 (Fr):<\/strong> Marina Piskera &#8211; Zlarin &#8211; 26NM<\/li>\n<li><strong>Tag 8 (Sa):<\/strong> Zlarin &#8211; Sibenik &#8211; Skradin &#8211; 12NM<\/li>\n<li><strong>Tag 9 (So):<\/strong> Skradin &#8211; NP Krka<\/li>\n<li><strong>Tag 10 (Mon):<\/strong> Skradin &#8211; Murter &#8211; 30Nm<\/li>\n<li><strong>Tag11 (Di):<\/strong> Murter &#8211; Zadar &#8211; 23Nm<\/li>\n<li><strong>Tag 12 (Mi):<\/strong> Zadar &#8211; Silba &#8211; 24Nm<\/li>\n<li><strong>Tag 13 (Do):<\/strong> Silba &#8211; Mali Losinj &#8211; 22Nm<\/li>\n<li><strong>Tag 14 (Fr):<\/strong> Mali Losinj &#8211; Pomer &#8211; 25Nm<\/li>\n<\/ul>\n<p><iframe loading=\"lazy\" src=\"https:\/\/www.google.com\/maps\/d\/embed?mid=1xU1N-yLnT_pJjY6XJ5TpBIphCJPKGLTS&amp;ehbc=2E312F\" width=\"640\" height=\"480\" frameborder=\"0\"><\/iframe><\/p>\n\t\t<\/div>\n\t<\/div>\n<\/div><\/div>","protected":false},"excerpt":{"rendered":"<p>Sobald Sie Ihr Segelboot oder Ihren Katamaran in Kroatien gefunden und gebucht haben, ist es Zeit, Ihre Segelroute zu planen. Unsere Charterbasen umfassen die gesamte kroatische Adriak\u00fcste, von der Nordadria (Pomer-Pula) \u00fcber die Mitteladria (Split &amp; Trogir) bis zur S\u00fcdadria (Dubrovnik). Jeder dieser Gebiete bietet zahlreiche Inseln, Str\u00e4nde, Buchten und St\u00e4dte zum Erkunden. Nat\u00fcrlich h\u00e4ngt [&hellip;]<\/p>\n","protected":false},"author":1,"featured_media":0,"parent":0,"menu_order":0,"comment_status":"closed","ping_status":"closed","template":"","meta":{"_acf_changed":false,"footnotes":""},"class_list":["post-3386","page","type-page","status-publish","hentry"],"acf":[],"_links":{"self":[{"href":"https:\/\/ultra-sailing.hr\/de\/wp-json\/wp\/v2\/pages\/3386","targetHints":{"allow":["GET"]}}],"collection":[{"href":"https:\/\/ultra-sailing.hr\/de\/wp-json\/wp\/v2\/pages"}],"about":[{"href":"https:\/\/ultra-sailing.hr\/de\/wp-json\/wp\/v2\/types\/page"}],"author":[{"embeddable":true,"href":"https:\/\/ultra-sailing.hr\/de\/wp-json\/wp\/v2\/users\/1"}],"replies":[{"embeddable":true,"href":"https:\/\/ultra-sailing.hr\/de\/wp-json\/wp\/v2\/comments?post=3386"}],"version-history":[{"count":4,"href":"https:\/\/ultra-sailing.hr\/de\/wp-json\/wp\/v2\/pages\/3386\/revisions"}],"predecessor-version":[{"id":3410,"href":"https:\/\/ultra-sailing.hr\/de\/wp-json\/wp\/v2\/pages\/3386\/revisions\/3410"}],"wp:attachment":[{"href":"https:\/\/ultra-sailing.hr\/de\/wp-json\/wp\/v2\/media?parent=3386"}],"curies":[{"name":"wp","href":"https:\/\/api.w.org\/{rel}","templated":true}]}}