{"id":3399,"date":"2024-03-10T15:36:05","date_gmt":"2024-03-10T14:36:05","guid":{"rendered":"https:\/\/ultra-sailing.hr\/dev-wordpress\/segelschule\/faq-ultra-segelschule\/"},"modified":"2025-05-21T15:26:12","modified_gmt":"2025-05-21T14:26:12","slug":"faq-ultra-segelschule","status":"publish","type":"page","link":"https:\/\/ultra-sailing.hr\/de\/segelschule\/faq-ultra-segelschule\/","title":{"rendered":"FAQ Ultra Segelschule"},"content":{"rendered":"<div class=\"c-collapse-group\"><div class=\"c-collapse js-collapse\">\n\t<button class=\"c-collapse__toggle js-collapse-toggle\">\n\t\t<h2 class=\"c-collapse__heading\">Wer kann segeln lernen?<\/h2>\n\t\t<div class=\"c-collapse__icon\">\n\t\t\t<svg class=\"o-icon u-stroke-2\"><use xmlns:xlink=\"http:\/\/www.w3.org\/1999\/xlink\" xlink:href=\"https:\/\/ultra-sailing.hr\/wp-content\/themes\/ultra-sailing\/assets\/sprite\/icons.svg#icon-chevron-down\"><\/use><\/svg>\t\t<\/div>\n\t<\/button>\n\t<div class=\"c-collapse__main js-collapse-main\">\n\t\t<div class=\"c-content-scope\">\n\t\t\t<p>Our beginner sailing classes are accessible to most people. Basically, if you can move and pay attention to explanations, you can learn to sail. The requirementsare that you are over 18 and want to explore the passion for sailing!<\/p>\n\t\t<\/div>\n\t<\/div>\n<\/div><div class=\"c-collapse js-collapse\">\n\t<button class=\"c-collapse__toggle js-collapse-toggle\">\n\t\t<h2 class=\"c-collapse__heading\">K\u00f6nnen Jugendliche oder Kinder an einem Segelkurs teilnehmen?<\/h2>\n\t\t<div class=\"c-collapse__icon\">\n\t\t\t<svg class=\"o-icon u-stroke-2\"><use xmlns:xlink=\"http:\/\/www.w3.org\/1999\/xlink\" xlink:href=\"https:\/\/ultra-sailing.hr\/wp-content\/themes\/ultra-sailing\/assets\/sprite\/icons.svg#icon-chevron-down\"><\/use><\/svg>\t\t<\/div>\n\t<\/button>\n\t<div class=\"c-collapse__main js-collapse-main\">\n\t\t<div class=\"c-content-scope\">\n\t\t\t<p>Unsere Segelkurse richten sich an Erwachsene. Teilnehmer m\u00fcssen \u00fcber 18 Jahre alt sein. Auf Anfrage akzeptieren wir auch Jugendliche ab 15 Jahren, sofern sie in Begleitung eines Elternteils teilnehmen und die Erkl\u00e4rungen auf Englisch verstehen. F\u00fcr diese Art von Anfragen bieten wir in der Regel Familienkurse an, die auf die Bed\u00fcrfnisse von Familien zugeschnitten sind.<\/p>\n\t\t<\/div>\n\t<\/div>\n<\/div><div class=\"c-collapse js-collapse\">\n\t<button class=\"c-collapse__toggle js-collapse-toggle\">\n\t\t<h2 class=\"c-collapse__heading\">Kann ich mich auch alleine an einem Kurs anmelden oder muss ich Teil einer Gruppe sein?<\/h2>\n\t\t<div class=\"c-collapse__icon\">\n\t\t\t<svg class=\"o-icon u-stroke-2\"><use xmlns:xlink=\"http:\/\/www.w3.org\/1999\/xlink\" xlink:href=\"https:\/\/ultra-sailing.hr\/wp-content\/themes\/ultra-sailing\/assets\/sprite\/icons.svg#icon-chevron-down\"><\/use><\/svg>\t\t<\/div>\n\t<\/button>\n\t<div class=\"c-collapse__main js-collapse-main\">\n\t\t<div class=\"c-content-scope\">\n\t\t\t<p>Ja! Sie k\u00f6nnen einen Platz f\u00fcr einen Segelkurs selbst buchen. Die meisten Teilnehmer melden sich einzeln an. Wir gleichen die Anfragen ab, um eine stimmige Gruppe f\u00fcr Ihr Lernerlebnis zu bilden. Bitte beachten Sie, dass wir mindestens zwei best\u00e4tigte Teilnehmer ben\u00f6tigen, damit ein Kurs stattfinden kann.<\/p>\n\t\t<\/div>\n\t<\/div>\n<\/div><div class=\"c-collapse js-collapse\">\n\t<button class=\"c-collapse__toggle js-collapse-toggle\">\n\t\t<h2 class=\"c-collapse__heading\">Kann ich einen Segelkurs f\u00fcr eine Gruppe oder Familie buchen?<\/h2>\n\t\t<div class=\"c-collapse__icon\">\n\t\t\t<svg class=\"o-icon u-stroke-2\"><use xmlns:xlink=\"http:\/\/www.w3.org\/1999\/xlink\" xlink:href=\"https:\/\/ultra-sailing.hr\/wp-content\/themes\/ultra-sailing\/assets\/sprite\/icons.svg#icon-chevron-down\"><\/use><\/svg>\t\t<\/div>\n\t<\/button>\n\t<div class=\"c-collapse__main js-collapse-main\">\n\t\t<div class=\"c-content-scope\">\n\t\t\t<p>Selbstverst\u00e4ndlich! Sie k\u00f6nnen jeden Kurs auch mit Freunden oder Familie besuchen, sofern an Ihrem Wunschtermin gen\u00fcgend Pl\u00e4tze frei sind. Alternativ k\u00f6nnen Sie uns gerne kontaktieren, um einen individuellen Termin f\u00fcr Ihre Gruppe zu vereinbaren.<\/p>\n\t\t<\/div>\n\t<\/div>\n<\/div><div class=\"c-collapse js-collapse\">\n\t<button class=\"c-collapse__toggle js-collapse-toggle\">\n\t\t<h2 class=\"c-collapse__heading\">Wie lange dauert es, Segeln zu lernen?<\/h2>\n\t\t<div class=\"c-collapse__icon\">\n\t\t\t<svg class=\"o-icon u-stroke-2\"><use xmlns:xlink=\"http:\/\/www.w3.org\/1999\/xlink\" xlink:href=\"https:\/\/ultra-sailing.hr\/wp-content\/themes\/ultra-sailing\/assets\/sprite\/icons.svg#icon-chevron-down\"><\/use><\/svg>\t\t<\/div>\n\t<\/button>\n\t<div class=\"c-collapse__main js-collapse-main\">\n\t\t<div class=\"c-content-scope\">\n\t\t\t<p>Die Dauer h\u00e4ngt von Ihren individuellen F\u00e4higkeiten und Ihrem Engagement ab. Wir empfehlen Ihnen, mindestens zwei Segelkurse zu besuchen \u2013 den Competent Crew- und den Day Skipper-Kurs \u2013, um die notwendigen Kenntnisse und F\u00e4higkeiten zu erwerben, die Sie f\u00fcr den selbstst\u00e4ndigen Ausbau Ihrer Erfahrung ben\u00f6tigen. Unsere Kurse vermitteln Ihnen die Kunst des Segelns, den technischen Umgang mit der Ausr\u00fcstung, die Interpretation von Wettervorhersagen und gute nautische Praktiken und bereiten Sie darauf vor, sicher mit anderen Skippern oder alleine zu segeln. Unser progressives Kursangebot ist darauf ausgelegt, Ihren sich mit der Zeit entwickelnden Segelbed\u00fcrfnissen gerecht zu werden.<\/p>\n\t\t<\/div>\n\t<\/div>\n<\/div><div class=\"c-collapse js-collapse\">\n\t<button class=\"c-collapse__toggle js-collapse-toggle\">\n\t\t<h2 class=\"c-collapse__heading\">Welcher Segelschein bzw. Bootsf\u00fchrerschein ist f\u00fcr das Chartern eines Segelschiffes erforderlich?<\/h2>\n\t\t<div class=\"c-collapse__icon\">\n\t\t\t<svg class=\"o-icon u-stroke-2\"><use xmlns:xlink=\"http:\/\/www.w3.org\/1999\/xlink\" xlink:href=\"https:\/\/ultra-sailing.hr\/wp-content\/themes\/ultra-sailing\/assets\/sprite\/icons.svg#icon-chevron-down\"><\/use><\/svg>\t\t<\/div>\n\t<\/button>\n\t<div class=\"c-collapse__main js-collapse-main\">\n\t\t<div class=\"c-content-scope\">\n\t\t\t<p>Eine Liste der g\u00fcltigen Bootsf\u00fchrerscheine finden Sie auf der <a href=\"https:\/\/mmpi.gov.hr\/sea\/6986\" rel=\"nofollow noopener\" target=\"_blank\">offiziellen Webseite des Ministeriums f\u00fcr Seewesen, Verkehr und Infrastruktur<\/a><\/p>\n<p>Unser ISPA Day Skipper Segelschein eignet sich f\u00fcr charter eines Segelbootes oder Katamarans in Kroatien.<\/p>\n\t\t<\/div>\n\t<\/div>\n<\/div><div class=\"c-collapse js-collapse\">\n\t<button class=\"c-collapse__toggle js-collapse-toggle\">\n\t\t<h2 class=\"c-collapse__heading\">Welche Art von Zertifikat bzw. Schein erhalte ich nach Belegung des Segelkurses?<\/h2>\n\t\t<div class=\"c-collapse__icon\">\n\t\t\t<svg class=\"o-icon u-stroke-2\"><use xmlns:xlink=\"http:\/\/www.w3.org\/1999\/xlink\" xlink:href=\"https:\/\/ultra-sailing.hr\/wp-content\/themes\/ultra-sailing\/assets\/sprite\/icons.svg#icon-chevron-down\"><\/use><\/svg>\t\t<\/div>\n\t<\/button>\n\t<div class=\"c-collapse__main js-collapse-main\">\n\t\t<div class=\"c-content-scope\">\n\t\t\t<p>Unsere Segelschule ist Teil der ISPA Organisation (International Sailing Power Academy), und die Scheine sind vom kroatischen Ministeriums als g\u00fcltig anerkannt, somit k\u00f6nnen Sie mit dem ISPA Schein sowohl in Kroatien einen Boot chartern als auch Weltweit.<\/p>\n\t\t<\/div>\n\t<\/div>\n<\/div><div class=\"c-collapse js-collapse\">\n\t<button class=\"c-collapse__toggle js-collapse-toggle\">\n\t\t<h2 class=\"c-collapse__heading\">Organisiert Ultra Sailing Pr\u00fcfungen mit denen ein g\u00fcltiger und vom Ministerium anerkannter Bootsf\u00fchrerschein erworben werden kann?<\/h2>\n\t\t<div class=\"c-collapse__icon\">\n\t\t\t<svg class=\"o-icon u-stroke-2\"><use xmlns:xlink=\"http:\/\/www.w3.org\/1999\/xlink\" xlink:href=\"https:\/\/ultra-sailing.hr\/wp-content\/themes\/ultra-sailing\/assets\/sprite\/icons.svg#icon-chevron-down\"><\/use><\/svg>\t\t<\/div>\n\t<\/button>\n\t<div class=\"c-collapse__main js-collapse-main\">\n\t\t<div class=\"c-content-scope\">\n\t\t\t<p>Das ISPA Day Skipper Zertifikat ist eine g\u00fcltige und anerkannte Lizenz zum Chartern eines Segelboots oder Katamarans in Kroatien.<\/p>\n\t\t<\/div>\n\t<\/div>\n<\/div><div class=\"c-collapse js-collapse\">\n\t<button class=\"c-collapse__toggle js-collapse-toggle\">\n\t\t<h2 class=\"c-collapse__heading\">Welche Kleidung sollte ich in der Segelschule tragen?<\/h2>\n\t\t<div class=\"c-collapse__icon\">\n\t\t\t<svg class=\"o-icon u-stroke-2\"><use xmlns:xlink=\"http:\/\/www.w3.org\/1999\/xlink\" xlink:href=\"https:\/\/ultra-sailing.hr\/wp-content\/themes\/ultra-sailing\/assets\/sprite\/icons.svg#icon-chevron-down\"><\/use><\/svg>\t\t<\/div>\n\t<\/button>\n\t<div class=\"c-collapse__main js-collapse-main\">\n\t\t<div class=\"c-content-scope\">\n\t\t\t<p>Dies ist nat\u00fcrlich abh\u00e4ngig von der Jahreszeit, in der Sie den Kurs belegen, jedoch sind Sportbekleidung, ein wei\u00dfes T-Shirt, eine Kappe, Sonnenbrille, Segelhandschuhe und rutschfeste Turnschuhe immer empfehlenswert&#8230; Wir stellen die Segelanz\u00fcgenzur Verf\u00fcgung, so dass Sie sich nicht darum k\u00fcmmern m\u00fcssen. Wenn Sie im Winter oder Fr\u00fchling kommen, nehmen Sie bitte warme Ersatzkleidung mit, die Sie unter dem Segelanzug tragen k\u00f6nnen\u2026<\/p>\n<p><a href=\"https:\/\/blog.ultra-sailing.hr\/what-to-take-with-you-in-the-sailing-school\/\" target=\"_new\" rel=\"noopener\">How to pack for your sailing week<\/a>.<\/p>\n\t\t<\/div>\n\t<\/div>\n<\/div><div class=\"c-collapse js-collapse\">\n\t<button class=\"c-collapse__toggle js-collapse-toggle\">\n\t\t<h2 class=\"c-collapse__heading\">Wo und wie finde ich eine Unterkunft?<\/h2>\n\t\t<div class=\"c-collapse__icon\">\n\t\t\t<svg class=\"o-icon u-stroke-2\"><use xmlns:xlink=\"http:\/\/www.w3.org\/1999\/xlink\" xlink:href=\"https:\/\/ultra-sailing.hr\/wp-content\/themes\/ultra-sailing\/assets\/sprite\/icons.svg#icon-chevron-down\"><\/use><\/svg>\t\t<\/div>\n\t<\/button>\n\t<div class=\"c-collapse__main js-collapse-main\">\n\t\t<div class=\"c-content-scope\">\n\t\t\t<p>Die meisten unserer Kurse bieten Unterkunft an Bord an, mit Ausnahme einiger spezieller Bedingungen des Kurses \u201eKompetente Crew an Land\u201c.<\/p>\n<p>Wenn Sie ein paar Tage vor Ihrem Besuch in Split anreisen m\u00f6chten, informieren Sie sich am besten auf spezialisierten Websites \u00fcber Ihre bevorzugte Unterkunftsart. Manche Teilnehmer bevorzugen Hotels, andere bevorzugen private Unterk\u00fcnfte wie Zimmer oder Apartments. Split bietet viele tolle M\u00f6glichkeiten!<\/p>\n\t\t<\/div>\n\t<\/div>\n<\/div><div class=\"c-collapse js-collapse\">\n\t<button class=\"c-collapse__toggle js-collapse-toggle\">\n\t\t<h2 class=\"c-collapse__heading\">Kann ich direkt am Day Skipper-Kurs teilnehmen?<\/h2>\n\t\t<div class=\"c-collapse__icon\">\n\t\t\t<svg class=\"o-icon u-stroke-2\"><use xmlns:xlink=\"http:\/\/www.w3.org\/1999\/xlink\" xlink:href=\"https:\/\/ultra-sailing.hr\/wp-content\/themes\/ultra-sailing\/assets\/sprite\/icons.svg#icon-chevron-down\"><\/use><\/svg>\t\t<\/div>\n\t<\/button>\n\t<div class=\"c-collapse__main js-collapse-main\">\n\t\t<div class=\"c-content-scope\">\n\t\t\t<p>Um am Day-Skipper-Kurs teilnehmen zu k\u00f6nnen, ben\u00f6tigen Sie ein Competent-Crew-Zertifikat der ISPA oder eines gleichwertigen Programms.<\/p>\n<p>F\u00fcr den Competent-Crew-Kurs sind keine Segelerfahrungen erforderlich.<\/p>\n\t\t<\/div>\n\t<\/div>\n<\/div><div class=\"c-collapse js-collapse\">\n\t<button class=\"c-collapse__toggle js-collapse-toggle\">\n\t\t<h2 class=\"c-collapse__heading\">Wo kann ich nach Abschluss des Segelkurses das Segeln fortsetzen?<\/h2>\n\t\t<div class=\"c-collapse__icon\">\n\t\t\t<svg class=\"o-icon u-stroke-2\"><use xmlns:xlink=\"http:\/\/www.w3.org\/1999\/xlink\" xlink:href=\"https:\/\/ultra-sailing.hr\/wp-content\/themes\/ultra-sailing\/assets\/sprite\/icons.svg#icon-chevron-down\"><\/use><\/svg>\t\t<\/div>\n\t<\/button>\n\t<div class=\"c-collapse__main js-collapse-main\">\n\t\t<div class=\"c-content-scope\">\n\t\t\t<p>Je mehr Sie segeln, desto mehr Selbstvertrauen gewinnen Sie. Erfahrung ist der Schl\u00fcssel zu einem guten Segler. Daher empfehlen wir Ihnen, nach Abschluss unserer Kurse weiter zu segeln. Wenn Sie sich in Ihren Segelf\u00e4higkeiten sicher f\u00fchlen und den Day Skipper-Kurs bestehen, k\u00f6nnen Sie bei uns ein Bareboat chartern. Sollten Sie sich nach den Day Skipper-Kursen nicht hundertprozentig sicher f\u00fchlen, empfehlen wir Ihnen dringend, den Coastal Skipper-Kurs zu absolvieren oder ein Boot mit Skipper zu mieten, um unter Aufsicht weiter zu \u00fcben.<\/p>\n\t\t<\/div>\n\t<\/div>\n<\/div><div class=\"c-collapse js-collapse\">\n\t<button class=\"c-collapse__toggle js-collapse-toggle\">\n\t\t<h2 class=\"c-collapse__heading\">Welche Art von Segelschulen f\u00fcr Kinder wird in Kroatien angeboten?<\/h2>\n\t\t<div class=\"c-collapse__icon\">\n\t\t\t<svg class=\"o-icon u-stroke-2\"><use xmlns:xlink=\"http:\/\/www.w3.org\/1999\/xlink\" xlink:href=\"https:\/\/ultra-sailing.hr\/wp-content\/themes\/ultra-sailing\/assets\/sprite\/icons.svg#icon-chevron-down\"><\/use><\/svg>\t\t<\/div>\n\t<\/button>\n\t<div class=\"c-collapse__main js-collapse-main\">\n\t\t<div class=\"c-content-scope\">\n\t\t\t<p>Kinder aus Kroatien schlie\u00dfen sich Segelclubs an und segeln die ganze Saison \u00fcber in Optimistenkursen. Einige Segelclubs \u00f6ffnen im Sommer ihre T\u00fcren und organisieren Sommerkurse f\u00fcr Kinder in Optimistenkursen zu sehr g\u00fcnstigen Preisen. Diese Kurse dauern in der Regel einige Stunden pro Tag, und die Segellehrer \u00fcbernehmen au\u00dferhalb der Kurszeiten keine Verantwortung f\u00fcr die Sch\u00fcler. Da Segelclubs ihre eigenen Regeln haben, kann Ultra Sailing bei der Gestaltung der Kinderprogramme nicht behilflich sein. F\u00fcr weitere Informationen empfehlen wir, sich direkt an die \u00f6rtlichen Segelclubs zu wenden.<\/p>\n\t\t<\/div>\n\t<\/div>\n<\/div><div class=\"c-collapse js-collapse\">\n\t<button class=\"c-collapse__toggle js-collapse-toggle\">\n\t\t<h2 class=\"c-collapse__heading\">Kann ich an einer Segelregatta teilnehmen?<\/h2>\n\t\t<div class=\"c-collapse__icon\">\n\t\t\t<svg class=\"o-icon u-stroke-2\"><use xmlns:xlink=\"http:\/\/www.w3.org\/1999\/xlink\" xlink:href=\"https:\/\/ultra-sailing.hr\/wp-content\/themes\/ultra-sailing\/assets\/sprite\/icons.svg#icon-chevron-down\"><\/use><\/svg>\t\t<\/div>\n\t<\/button>\n\t<div class=\"c-collapse__main js-collapse-main\">\n\t\t<div class=\"c-content-scope\">\n\t\t\t<p>Wir veranstalten Regattasegeln, allerdings k\u00f6nnen nur Segler an einer Regatta mit uns teilnehmen, die einen unserer Segelkurse absolviert haben oder \u00fcber ausreichende Vorerfahrungen verf\u00fcgen.<\/p>\n\t\t<\/div>\n\t<\/div>\n<\/div><div class=\"c-collapse js-collapse\">\n\t<button class=\"c-collapse__toggle js-collapse-toggle\">\n\t\t<h2 class=\"c-collapse__heading\">Welche Literatur zum Thema Segeln empfehlen Sie?<\/h2>\n\t\t<div class=\"c-collapse__icon\">\n\t\t\t<svg class=\"o-icon u-stroke-2\"><use xmlns:xlink=\"http:\/\/www.w3.org\/1999\/xlink\" xlink:href=\"https:\/\/ultra-sailing.hr\/wp-content\/themes\/ultra-sailing\/assets\/sprite\/icons.svg#icon-chevron-down\"><\/use><\/svg>\t\t<\/div>\n\t<\/button>\n\t<div class=\"c-collapse__main js-collapse-main\">\n\t\t<div class=\"c-content-scope\">\n\t\t\t<p>Wir empfehlen das Segelbuch unseres Gr\u00fcnders \u201eNautical Skills\u201c, das in Kroatien als Referenz gilt. Unseren Day Skipper-Sch\u00fclern schenken wir es. Das Buch ist sowohl auf Englisch als auch auf Kroatisch erh\u00e4ltlich und kann auch separat bestellt werden, wenn Sie keinen unserer Segelkurse besuchen. Dar\u00fcber hinaus bietet die ISPA Online-Segelkurse an, wobei einige Module kostenlos zug\u00e4nglich sind: <a href=\"https:\/\/www.ispa.eu\/\" target=\"_new\" rel=\"noopener nofollow\">International Sail and Power Academy | ISPA<\/a>.<\/p>\n\t\t<\/div>\n\t<\/div>\n<\/div><div class=\"c-collapse js-collapse\">\n\t<button class=\"c-collapse__toggle js-collapse-toggle\">\n\t\t<h2 class=\"c-collapse__heading\">Gibt es w\u00e4hrend der Kurse Verpflegung?<\/h2>\n\t\t<div class=\"c-collapse__icon\">\n\t\t\t<svg class=\"o-icon u-stroke-2\"><use xmlns:xlink=\"http:\/\/www.w3.org\/1999\/xlink\" xlink:href=\"https:\/\/ultra-sailing.hr\/wp-content\/themes\/ultra-sailing\/assets\/sprite\/icons.svg#icon-chevron-down\"><\/use><\/svg>\t\t<\/div>\n\t<\/button>\n\t<div class=\"c-collapse__main js-collapse-main\">\n\t\t<div class=\"c-content-scope\">\n\t\t\t<p>Die Teilnehmer teilen sich die Kosten f\u00fcr die Zubereitung der Mahlzeiten w\u00e4hrend der Kurse. Sie stellen auch die Verpflegung des Kursleiters bereit. Bei Kursen an Bord vereinbaren die Teilnehmer oft, einen Teil des Abendessens in lokalen Restaurants auf den Inseln einzunehmen.<\/p>\n\t\t<\/div>\n\t<\/div>\n<\/div><\/div>","protected":false},"excerpt":{"rendered":"","protected":false},"author":1,"featured_media":0,"parent":3398,"menu_order":0,"comment_status":"closed","ping_status":"closed","template":"","meta":{"_acf_changed":false,"footnotes":""},"class_list":["post-3399","page","type-page","status-publish","hentry"],"acf":[],"_links":{"self":[{"href":"https:\/\/ultra-sailing.hr\/de\/wp-json\/wp\/v2\/pages\/3399","targetHints":{"allow":["GET"]}}],"collection":[{"href":"https:\/\/ultra-sailing.hr\/de\/wp-json\/wp\/v2\/pages"}],"about":[{"href":"https:\/\/ultra-sailing.hr\/de\/wp-json\/wp\/v2\/types\/page"}],"author":[{"embeddable":true,"href":"https:\/\/ultra-sailing.hr\/de\/wp-json\/wp\/v2\/users\/1"}],"replies":[{"embeddable":true,"href":"https:\/\/ultra-sailing.hr\/de\/wp-json\/wp\/v2\/comments?post=3399"}],"version-history":[{"count":4,"href":"https:\/\/ultra-sailing.hr\/de\/wp-json\/wp\/v2\/pages\/3399\/revisions"}],"predecessor-version":[{"id":4984,"href":"https:\/\/ultra-sailing.hr\/de\/wp-json\/wp\/v2\/pages\/3399\/revisions\/4984"}],"up":[{"embeddable":true,"href":"https:\/\/ultra-sailing.hr\/de\/wp-json\/wp\/v2\/pages\/3398"}],"wp:attachment":[{"href":"https:\/\/ultra-sailing.hr\/de\/wp-json\/wp\/v2\/media?parent=3399"}],"curies":[{"name":"wp","href":"https:\/\/api.w.org\/{rel}","templated":true}]}}