{"id":3404,"date":"2024-03-10T18:20:26","date_gmt":"2024-03-10T17:20:26","guid":{"rendered":"https:\/\/ultra-sailing.hr\/dev-wordpress\/segelschule\/ultra-segelschule-kroatien\/"},"modified":"2025-05-29T07:55:20","modified_gmt":"2025-05-29T06:55:20","slug":"ultra-segelschule-kroatien","status":"publish","type":"page","link":"https:\/\/ultra-sailing.hr\/de\/ultra-segelschule-kroatien\/","title":{"rendered":"Ultra Segelschule Kroatien"},"content":{"rendered":"\n<p>Die beste Art, den Urlaub in Kroatien zu verbringen, ist die Kombination eines Entspannungs- und Aktivurlaubs, die Sie durch die Teilnahme an einem der Programme unserer Segelschule erfahren k\u00f6nnen.<\/p>\n\n\n\n<p>In der Ultra Sailing School erlernen Sie nicht nur die Grundlagen des Segelns, sondern entdecken unter der Anleitung unserer erfahrenen Segellehrer alle Facetten dieses faszinierenden Sports. Schlie\u00dfen Sie sich uns an und setzen Sie die Segel zu neuen Horizonten!  <\/p>\n\n\n\n<p>Unser Ziel ist es, <strong>theoretische und praktische Kenntnisse zu \u00fcbermitteln<\/strong>, damit unsere Teilnehmer nachher selbstst\u00e4ndig mit 8-15 m langen Booten segeln k\u00f6nnen.<\/p>\n\n\n\n<p>Unsere Segelkurse finden in <strong>englischer Sprache<\/strong> statt. F\u00fcr Privatkurse k\u00f6nnen Sie einen deutschsprachigen Lehrer anfordern.<\/p>\n\n\n\t\t<div class=\"c-nav-card-group\">\n\t\t\t\n<a href=\"https:\/\/ultra-sailing.hr\/course\/ispa-competent-crew\/\" class=\"c-nav-card\" target=\"_blank\">\n\t<img loading=\"lazy\" decoding=\"async\" width=\"680\" height=\"320\" src=\"https:\/\/ultra-sailing.hr\/wp-content\/uploads\/2024\/03\/competent-crew-course-theory-smaite-dracon-680x320.jpg\" class=\"attachment-680x320 size-680x320\" alt=\"\" \/>\t<div class=\"c-nav-card__main\">\n\t\t<p class=\"c-nav-card__title\">ISPA Competent Crew<\/p>\n\t\t<p class=\"c-nav-card__subtitle\">Der Segelkurs \u201eCompetent Crew\u201c ist die erste und wichtigste Stufe. Er vermittelt Ihnen gute Segelkenntnisse als Grundlage f\u00fcr Ihr weiteres Lernen. W\u00e4hrend unseres Kurses&#8230;<\/p>\n\t\t<div class=\"c-nav-card__icon\">\n\t\t\t<svg class=\"o-icon u-stroke-2\"><use xmlns:xlink=\"http:\/\/www.w3.org\/1999\/xlink\" xlink:href=\"https:\/\/ultra-sailing.hr\/wp-content\/themes\/ultra-sailing\/assets\/sprite\/icons.svg#icon-chevron-right\"><\/use><\/svg>\t\t<\/div>\n\t<\/div>\n<\/a>\n<a href=\"https:\/\/ultra-sailing.hr\/course\/ispa-day-skipper\/\" class=\"c-nav-card\" target=\"_blank\">\n\t<img loading=\"lazy\" decoding=\"async\" width=\"680\" height=\"320\" src=\"https:\/\/ultra-sailing.hr\/wp-content\/uploads\/2024\/03\/day-skipper-course-automn-slovro-sugic-680x320.jpg\" class=\"attachment-680x320 size-680x320\" alt=\"Croatia sailing course programs\" \/>\t<div class=\"c-nav-card__main\">\n\t\t<p class=\"c-nav-card__title\">ISPA Day Skipper<\/p>\n\t\t<p class=\"c-nav-card__subtitle\">Der ISPA Day Skipper Kurs ist die zweite Stufe. Sie lernen, das Segelboot bei milden Bedingungen zu steuern. Am Ende des Kurses erhalten Sie au\u00dferdem einen g\u00fcltigen Bootsf\u00fchrerschein&#8230;<\/p>\n\t\t<div class=\"c-nav-card__icon\">\n\t\t\t<svg class=\"o-icon u-stroke-2\"><use xmlns:xlink=\"http:\/\/www.w3.org\/1999\/xlink\" xlink:href=\"https:\/\/ultra-sailing.hr\/wp-content\/themes\/ultra-sailing\/assets\/sprite\/icons.svg#icon-chevron-right\"><\/use><\/svg>\t\t<\/div>\n\t<\/div>\n<\/a>\n<a href=\"https:\/\/ultra-sailing.hr\/course\/ispa-coastal-navigator\/\" class=\"c-nav-card\" target=\"_blank\">\n\t<img loading=\"lazy\" decoding=\"async\" width=\"680\" height=\"320\" src=\"https:\/\/ultra-sailing.hr\/wp-content\/uploads\/2024\/05\/Coastal_Navigator_UltraSailingSchoolCroatia-680x320.jpg\" class=\"attachment-680x320 size-680x320\" alt=\"Croatia sailing course programs\" \/>\t<div class=\"c-nav-card__main\">\n\t\t<p class=\"c-nav-card__title\">ISPA Coastal Navigator<\/p>\n\t\t<p class=\"c-nav-card__subtitle\">Nach Day Skipper ist dieses Programm f\u00fcr diejenigen gedacht, die ihre F\u00e4higkeiten verbessern und lernen m\u00f6chten, wie man anspruchsvollere Navigationsaufgaben bew\u00e4ltigt. Dieses Kursprogramm bietet Ihnen \u2026<\/p>\n\t\t<div class=\"c-nav-card__icon\">\n\t\t\t<svg class=\"o-icon u-stroke-2\"><use xmlns:xlink=\"http:\/\/www.w3.org\/1999\/xlink\" xlink:href=\"https:\/\/ultra-sailing.hr\/wp-content\/themes\/ultra-sailing\/assets\/sprite\/icons.svg#icon-chevron-right\"><\/use><\/svg>\t\t<\/div>\n\t<\/div>\n<\/a>\n<a href=\"https:\/\/ultra-sailing.hr\/course\/coastal-skipper\/\" class=\"c-nav-card\" target=\"_blank\">\n\t<img loading=\"lazy\" decoding=\"async\" width=\"680\" height=\"320\" src=\"https:\/\/ultra-sailing.hr\/wp-content\/uploads\/2024\/03\/20250114_151631566_iOS-680x320.jpg\" class=\"attachment-680x320 size-680x320\" alt=\"\" \/>\t<div class=\"c-nav-card__main\">\n\t\t<p class=\"c-nav-card__title\">ISPA Coastal Skipper<\/p>\n\t\t<p class=\"c-nav-card__subtitle\">Der ISPA Coastal Skipper Kurs ist die h\u00f6chste Zertifizierungsstufe, die Sie an der Adria absolvieren k\u00f6nnen. Er bereitet Sie auf das Chartern eines Bootes im Ausland entlang der ozeanischen K\u00fcste vor. Wenn Sie planen,\u2026<\/p>\n\t\t<div class=\"c-nav-card__icon\">\n\t\t\t<svg class=\"o-icon u-stroke-2\"><use xmlns:xlink=\"http:\/\/www.w3.org\/1999\/xlink\" xlink:href=\"https:\/\/ultra-sailing.hr\/wp-content\/themes\/ultra-sailing\/assets\/sprite\/icons.svg#icon-chevron-right\"><\/use><\/svg>\t\t<\/div>\n\t<\/div>\n<\/a>\n<a href=\"https:\/\/ultra-sailing.hr\/family-sailing-program\/\" class=\"c-nav-card\" target=\"_blank\">\n\t<img loading=\"lazy\" decoding=\"async\" width=\"680\" height=\"320\" src=\"https:\/\/ultra-sailing.hr\/wp-content\/uploads\/2024\/05\/Family_Sailing_course_ultra-680x320.jpeg\" class=\"attachment-680x320 size-680x320\" alt=\"\" \/>\t<div class=\"c-nav-card__main\">\n\t\t<p class=\"c-nav-card__title\">Familien Segelkurs<\/p>\n\t\t<p class=\"c-nav-card__subtitle\">Der Familienkurs bietet das perfekte Programm f\u00fcr die ersten Segelerfahrungen der Familie oder f\u00fcr ein privates Coaching, bei dem Sie entspannte Zeit mit Ihrer Familie verbringen k\u00f6nnen. Sie segeln auf komfortablen und ger\u00e4umigen Segelbooten&#8230;<\/p>\n\t\t<div class=\"c-nav-card__icon\">\n\t\t\t<svg class=\"o-icon u-stroke-2\"><use xmlns:xlink=\"http:\/\/www.w3.org\/1999\/xlink\" xlink:href=\"https:\/\/ultra-sailing.hr\/wp-content\/themes\/ultra-sailing\/assets\/sprite\/icons.svg#icon-chevron-right\"><\/use><\/svg>\t\t<\/div>\n\t<\/div>\n<\/a>\n<a href=\"https:\/\/ultra-sailing.hr\/sailing-school\/catamaran-training-croatia\/\" class=\"c-nav-card\" target=\"_blank\">\n\t<img loading=\"lazy\" decoding=\"async\" width=\"680\" height=\"320\" src=\"https:\/\/ultra-sailing.hr\/wp-content\/uploads\/2025\/05\/Catamaran-training-Ultra-680x320.jpg\" class=\"attachment-680x320 size-680x320\" alt=\"\" \/>\t<div class=\"c-nav-card__main\">\n\t\t<p class=\"c-nav-card__title\">Katamaran Training<\/p>\n\t\t<p class=\"c-nav-card__subtitle\">Im Fr\u00fchling und Herbst bieten wir von der Marina Baoti\u0107 in der N\u00e4he des internationalen Flughafens Split aus Schulungen zur Katamaran-Umr\u00fcstung an und helfen Ihnen, sich auf die Anmietung eines Katamarans ohne Besatzung vorzubereiten\u2026<\/p>\n\t\t<div class=\"c-nav-card__icon\">\n\t\t\t<svg class=\"o-icon u-stroke-2\"><use xmlns:xlink=\"http:\/\/www.w3.org\/1999\/xlink\" xlink:href=\"https:\/\/ultra-sailing.hr\/wp-content\/themes\/ultra-sailing\/assets\/sprite\/icons.svg#icon-chevron-right\"><\/use><\/svg>\t\t<\/div>\n\t<\/div>\n<\/a>\n<a href=\"https:\/\/ultra-sailing.hr\/course\/sport-sailing-croatia\/\" class=\"c-nav-card\" target=\"_blank\">\n\t<img loading=\"lazy\" decoding=\"async\" width=\"680\" height=\"320\" src=\"https:\/\/ultra-sailing.hr\/wp-content\/uploads\/2025\/03\/Frame-680x320.jpeg\" class=\"attachment-680x320 size-680x320\" alt=\"\" \/>\t<div class=\"c-nav-card__main\">\n\t\t<p class=\"c-nav-card__title\">Sportsegeln<\/p>\n\t\t<p class=\"c-nav-card__subtitle\">Erleben Sie die Magie und Geschwindigkeit des Sportsegelns auf der Beneteau First 36 Cruiser-Racer. Wenn Sie einen Urlaub voller Adrenalin und Entspannung suchen, ist dieses Programm genau das Richtige f\u00fcr Sie&#8230;<\/p>\n\t\t<div class=\"c-nav-card__icon\">\n\t\t\t<svg class=\"o-icon u-stroke-2\"><use xmlns:xlink=\"http:\/\/www.w3.org\/1999\/xlink\" xlink:href=\"https:\/\/ultra-sailing.hr\/wp-content\/themes\/ultra-sailing\/assets\/sprite\/icons.svg#icon-chevron-right\"><\/use><\/svg>\t\t<\/div>\n\t<\/div>\n<\/a>\n<a href=\"https:\/\/ultra-sailing.hr\/regatta-schedule-croatia\/\" class=\"c-nav-card\" target=\"_blank\">\n\t<img loading=\"lazy\" decoding=\"async\" width=\"480\" height=\"320\" src=\"https:\/\/ultra-sailing.hr\/wp-content\/uploads\/2025\/05\/Vis-Regatta-Ultra-First36-480x320.jpg\" class=\"attachment-680x320 size-680x320\" alt=\"\" \/>\t<div class=\"c-nav-card__main\">\n\t\t<p class=\"c-nav-card__title\">Regattaplan Kroatien<\/p>\n\t\t<p class=\"c-nav-card__subtitle\">Unsere Segelschule nimmt jedes Jahr aktiv an mehreren lokalen Regatten teil, wie der Mrduja-Regatta, der Vis-Regatta, der Komi\u017ea-Regatta, der Pai\u0161ka-Regatta, der Jabuka-Regatta und vielen anderen. Diese Veranstaltungen bieten eine einzigartige Gelegenheit,&#8230;<\/p>\n\t\t<div class=\"c-nav-card__icon\">\n\t\t\t<svg class=\"o-icon u-stroke-2\"><use xmlns:xlink=\"http:\/\/www.w3.org\/1999\/xlink\" xlink:href=\"https:\/\/ultra-sailing.hr\/wp-content\/themes\/ultra-sailing\/assets\/sprite\/icons.svg#icon-chevron-right\"><\/use><\/svg>\t\t<\/div>\n\t<\/div>\n<\/a>\t\t<\/div>\n\n\n\n<p>F\u00fcr alle, die mehr wollen, k\u00f6nnen wir die Teilnahme an Regatten mit professionellen Seglern anbieten: Mrduja Regatta, Vi\u0161ka Regatta, Pai\u0161ka Regatta, Jabuka Regatta, Weihnachtsregatta&#8230;<\/p>\n\n\n\n<p>Werden Sie mit uns zum Segler, der das Meer respektiert und sich sicher auf unabh\u00e4ngige Segelt\u00f6rns begibt. Unsere Kurse bieten Ihnen die M\u00f6glichkeit, Gleichgesinnte zu treffen, die Ihre Begeisterung f\u00fcr das Segeln teilen. Wenn Sie eine Herausforderung suchen, neue Motivation sch\u00f6pfen und dabei Geselligkeit und Entspannung genie\u00dfen m\u00f6chten, sind Sie bei uns genau richtig. Mit mehr als drei Jahrzehnten Erfahrung freuen wir uns darauf, mit Ihnen die Segel zu setzen!    <\/p>\n\n\n\n<figure class=\"wp-block-embed aligncenter is-type-video is-provider-youtube wp-block-embed-youtube wp-embed-aspect-16-9 wp-has-aspect-ratio\"><div class=\"wp-block-embed__wrapper\">\n<iframe loading=\"lazy\" title=\"Learn to Sail in Croatia - Ultra Sailing School\" width=\"640\" height=\"360\" src=\"https:\/\/www.youtube.com\/embed\/ZDqpz3-XJOY?feature=oembed\" frameborder=\"0\" allow=\"accelerometer; autoplay; clipboard-write; encrypted-media; gyroscope; picture-in-picture; web-share\" referrerpolicy=\"strict-origin-when-cross-origin\" allowfullscreen><\/iframe>\n<\/div><\/figure>\n\n\n\n<h2 class=\"wp-block-heading has-text-align-left\">ISPA Segelschein<\/h2>\n\n\n\n<p>Die Ultra Segelschule ist ein lizenziertes ISPA-Segeltrainingszentrum und bietet Segelkurse mit Zertifikaten an, die sowohl in Kroatien als auch weltweit g\u00fcltig sind:<br>Competent Crew Sail<br>Day Skipper Sail<br>Coastal Navigator Sail<br>Coastal Skipper Sail<\/p>\n\n\n<div class=\"wp-block-image\">\n<figure class=\"aligncenter size-full\"><img loading=\"lazy\" decoding=\"async\" width=\"950\" height=\"605\" src=\"https:\/\/ultra-sailing.hr\/wp-content\/uploads\/2024\/05\/ISPA-certificate-Card-Sample.png\" alt=\"\" class=\"wp-image-1170\" srcset=\"https:\/\/ultra-sailing.hr\/wp-content\/uploads\/2024\/05\/ISPA-certificate-Card-Sample.png 950w, https:\/\/ultra-sailing.hr\/wp-content\/uploads\/2024\/05\/ISPA-certificate-Card-Sample-300x191.png 300w, https:\/\/ultra-sailing.hr\/wp-content\/uploads\/2024\/05\/ISPA-certificate-Card-Sample-768x489.png 768w\" sizes=\"auto, (max-width: 950px) 100vw, 950px\" \/><\/figure>\n<\/div>\n\n\n<p>Jeder Segelkurs beinhaltet an Land und auf dem Wasser praktische Segeleigenschaften<br>International Sail and Power Academy Inc. (ISPA)<br>International Sail and Power Academy Inc. (ISPA) mit dem Hauptsitz in Vancouver, Kanada, verf\u00fcgt seit 1994 \u00fcber ein umfassendes und international anerkanntes Angebot an Zertifikaten f\u00fcr Segel- und Motorboote, die bei dem Grundkursen wie Competent Crew beginnen und Schrittweise zur Yachtmaster Ocean weitergebildet werden. Die ISPA Zertifikate sind international Anerkannt. Mit einem ISPA Zertifikat k\u00f6nnen Sie die Anforderungen f\u00fcr Yachtcharter ohne Skipper oder f\u00fcr die Karriere als profesioneller Skipper zu erf\u00fcllen.  <\/p>\n","protected":false},"excerpt":{"rendered":"<p>Die beste Art, den Urlaub in Kroatien zu verbringen, ist die Kombination eines Entspannungs- und Aktivurlaubs, die Sie durch die Teilnahme an einem der Programme unserer Segelschule erfahren k\u00f6nnen. In der Ultra Sailing School erlernen Sie nicht nur die Grundlagen des Segelns, sondern entdecken unter der Anleitung unserer erfahrenen Segellehrer alle Facetten dieses faszinierenden Sports. [&hellip;]<\/p>\n","protected":false},"author":3,"featured_media":0,"parent":0,"menu_order":0,"comment_status":"closed","ping_status":"closed","template":"","meta":{"_acf_changed":false,"footnotes":""},"class_list":["post-3404","page","type-page","status-publish","hentry"],"acf":[],"_links":{"self":[{"href":"https:\/\/ultra-sailing.hr\/de\/wp-json\/wp\/v2\/pages\/3404","targetHints":{"allow":["GET"]}}],"collection":[{"href":"https:\/\/ultra-sailing.hr\/de\/wp-json\/wp\/v2\/pages"}],"about":[{"href":"https:\/\/ultra-sailing.hr\/de\/wp-json\/wp\/v2\/types\/page"}],"author":[{"embeddable":true,"href":"https:\/\/ultra-sailing.hr\/de\/wp-json\/wp\/v2\/users\/3"}],"replies":[{"embeddable":true,"href":"https:\/\/ultra-sailing.hr\/de\/wp-json\/wp\/v2\/comments?post=3404"}],"version-history":[{"count":6,"href":"https:\/\/ultra-sailing.hr\/de\/wp-json\/wp\/v2\/pages\/3404\/revisions"}],"predecessor-version":[{"id":5084,"href":"https:\/\/ultra-sailing.hr\/de\/wp-json\/wp\/v2\/pages\/3404\/revisions\/5084"}],"wp:attachment":[{"href":"https:\/\/ultra-sailing.hr\/de\/wp-json\/wp\/v2\/media?parent=3404"}],"curies":[{"name":"wp","href":"https:\/\/api.w.org\/{rel}","templated":true}]}}