{"id":3422,"date":"2024-03-10T15:44:45","date_gmt":"2024-03-10T14:44:45","guid":{"rendered":"https:\/\/ultra-sailing.hr\/dev-wordpress\/segelschule-buchungsbedingungen\/"},"modified":"2025-05-21T16:23:08","modified_gmt":"2025-05-21T15:23:08","slug":"segelschule-buchungsbedingungen","status":"publish","type":"page","link":"https:\/\/ultra-sailing.hr\/de\/segelschule-buchungsbedingungen\/","title":{"rendered":"Segelschule Buchungsbedingungen"},"content":{"rendered":"            <div class=\"c-ordered-list\">\n                                    <div class=\"c-ordered-list__item \">\n                        <span class=\"c-ordered-list__number\">1.1.<\/span>\n                        <div>\n                            <p>Ultra d.o.o. in Split verpflichtet sich, Segelkurse gem\u00e4\u00df dem Programm des gebuchten Kurses auf Segelbooten aus seiner Flotte zu organisieren. Die Ausbilder sind hochqualifizierte Segler mit langj\u00e4hriger Segelerfahrung und anerkannten p\u00e4dagogischen F\u00e4higkeiten.<\/p>\n                        <\/div>\n                    <\/div>\n                                    <div class=\"c-ordered-list__item \">\n                        <span class=\"c-ordered-list__number\">1.2.<\/span>\n                        <div>\n                            <p>Der Kursteilnehmer verpflichtet sich zur Zahlung der Kursgeb\u00fchr f\u00fcr den gebuchten Segelkurs. Der Preis richtet sich nach Kursart und Kurstermin und ist in der Buchungsbest\u00e4tigung bzw. im Angebot aufgef\u00fchrt. Es gilt die Vereinbarung, dass der Kursteilnehmer 50 % des Preises bei der Buchung und die restlichen 50 % (Restbetrag) sp\u00e4testens 30 Tage vor Kursbeginn bezahlen muss. Der Zahlungsnachweis muss dem Veranstalter sp\u00e4testens 20 Tage vor Kursbeginn vorliegen. Bei Buchungen, die weniger als 30 Tage vor Kursbeginn erfolgen, ist der Gesamtbetrag bei der Buchung f\u00e4llig.<\/p>\n                        <\/div>\n                    <\/div>\n                                    <div class=\"c-ordered-list__item \">\n                        <span class=\"c-ordered-list__number\">1.3.<\/span>\n                        <div>\n                            <p>Bei einer Stornierung des Kurses durch den Teilnehmer wird der bei der Reservierung gezahlte Betrag nicht zur\u00fcckerstattet. Bei einer Stornierung nach Zahlungseingang und mindestens 20 Tage vor Kursbeginn erstattet der Veranstalter dem Teilnehmer 30 % des Gesamtbetrags.<\/p>\n                        <\/div>\n                    <\/div>\n                                    <div class=\"c-ordered-list__item \">\n                        <span class=\"c-ordered-list__number\">1.4.<\/span>\n                        <div>\n                            <p>Der Kurs wird vom Veranstalter best\u00e4tigt, sobald die Mindestteilnehmerzahl erreicht ist. Wird ein Kurs nicht 30 Tage vor Kursbeginn best\u00e4tigt, kann der Teilnehmer eine R\u00fcckerstattung verlangen oder warten. Bei einer Absage wegen zu geringer Teilnehmerzahl erstattet der Veranstalter den Teilnehmern nach dem voraussichtlichen Kursbeginn automatisch die Kursgeb\u00fchr. Kann der Veranstalter einen best\u00e4tigten Kurs aufgrund widriger Wetterbedingungen oder aus anderen berechtigten Gr\u00fcnden nicht durchf\u00fchren, bietet er nachtr\u00e4glich einen Ersatzkurs an.<\/p>\n                        <\/div>\n                    <\/div>\n                                    <div class=\"c-ordered-list__item \">\n                        <span class=\"c-ordered-list__number\">1.5.<\/span>\n                        <div>\n                            <p>Der Veranstalter der Segelschule \u00fcbernimmt keine Verantwortung f\u00fcr m\u00f6gliche Sch\u00e4den oder Verletzungen, die der Teilnehmer sich selbst oder Dritten zuf\u00fcgen k\u00f6nnte, ergreift jedoch alle vern\u00fcnftigen Ma\u00dfnahmen, um derartige Risiken zu vermeiden oder auszuschlie\u00dfen. Minderj\u00e4hrige nehmen unter der Verantwortung ihrer Eltern oder erwachsenen Verwandten teil, die sie auf dem Kurs begleiten. Der Ausbilder als Bootskapit\u00e4n hat die Befugnis, jedem Teilnehmer, der gegen kroatische Gesetze verst\u00f6\u00dft oder durch wiederholtes unangemessenes Verhalten die Sicherheit der Besatzung, seine eigene Sicherheit oder die des Bootes gef\u00e4hrdet, den Befehl zum Von-Bord-Lassen zu erteilen. In solchen F\u00e4llen hat der Teilnehmer keinen Anspruch auf Erstattung.<\/p>\n                        <\/div>\n                    <\/div>\n                                    <div class=\"c-ordered-list__item c-ordered-list__item--no-border\">\n                        <span class=\"c-ordered-list__number\">1.6.<\/span>\n                        <div>\n                            <p>Der Teilnehmer erkl\u00e4rt, dass der Gesundheitszustand aller Kursteilnehmer mit der Aus\u00fcbung des Segel- und Bootfahrens vereinbar ist, dass sie schwimmen k\u00f6nnen und dass sie \u00fcber mindestens mittlere Englischkenntnisse (B1) verf\u00fcgen.<\/p>\n                        <\/div>\n                    <\/div>\n                            <\/div>\n        ","protected":false},"excerpt":{"rendered":"","protected":false},"author":1,"featured_media":0,"parent":0,"menu_order":0,"comment_status":"closed","ping_status":"closed","template":"","meta":{"_acf_changed":false,"footnotes":""},"class_list":["post-3422","page","type-page","status-publish","hentry"],"acf":[],"_links":{"self":[{"href":"https:\/\/ultra-sailing.hr\/de\/wp-json\/wp\/v2\/pages\/3422","targetHints":{"allow":["GET"]}}],"collection":[{"href":"https:\/\/ultra-sailing.hr\/de\/wp-json\/wp\/v2\/pages"}],"about":[{"href":"https:\/\/ultra-sailing.hr\/de\/wp-json\/wp\/v2\/types\/page"}],"author":[{"embeddable":true,"href":"https:\/\/ultra-sailing.hr\/de\/wp-json\/wp\/v2\/users\/1"}],"replies":[{"embeddable":true,"href":"https:\/\/ultra-sailing.hr\/de\/wp-json\/wp\/v2\/comments?post=3422"}],"version-history":[{"count":2,"href":"https:\/\/ultra-sailing.hr\/de\/wp-json\/wp\/v2\/pages\/3422\/revisions"}],"predecessor-version":[{"id":5001,"href":"https:\/\/ultra-sailing.hr\/de\/wp-json\/wp\/v2\/pages\/3422\/revisions\/5001"}],"wp:attachment":[{"href":"https:\/\/ultra-sailing.hr\/de\/wp-json\/wp\/v2\/media?parent=3422"}],"curies":[{"name":"wp","href":"https:\/\/api.w.org\/{rel}","templated":true}]}}