{"id":3438,"date":"2024-03-10T17:01:49","date_gmt":"2024-03-10T16:01:49","guid":{"rendered":"https:\/\/ultra-sailing.hr\/dev-wordpress\/segeltipps-kroatien\/top-segelreviere-kroatien\/nordadria-kroatien\/"},"modified":"2025-03-04T14:33:15","modified_gmt":"2025-03-04T13:33:15","slug":"nordadria","status":"publish","type":"page","link":"https:\/\/ultra-sailing.hr\/de\/segelreviere-kroatien\/nordadria\/","title":{"rendered":"Nordadria Kroatien"},"content":{"rendered":"\n<h2 class=\"wp-block-heading\">Zadar<\/h2>\n\n\n<div class=\"wp-block-image\">\n<figure class=\"aligncenter size-full\"><img loading=\"lazy\" decoding=\"async\" width=\"768\" height=\"490\" src=\"https:\/\/ultra-sailing.hr\/wp-content\/uploads\/2024\/03\/zadar_ultra_sailing_croatia.jpg\" alt=\"\" class=\"wp-image-606\" srcset=\"https:\/\/ultra-sailing.hr\/wp-content\/uploads\/2024\/03\/zadar_ultra_sailing_croatia.jpg 768w, https:\/\/ultra-sailing.hr\/wp-content\/uploads\/2024\/03\/zadar_ultra_sailing_croatia-300x191.jpg 300w\" sizes=\"auto, (max-width: 768px) 100vw, 768px\" \/><\/figure>\n<\/div>\n\n\n<p>Wenn Sie die Inseln der n\u00f6rdlichen Adria erkunden m\u00f6chten, ist der beste Ort, um Ihren Segelurlaub in Zadar oder den nahe gelegenen Charterbasen wie Sukosan oder Biograd na Moru zu beginnen. Wenn Sie von hier aus ein Boot chartern, haben Sie besseren Zugang zu den Inseln wie Premuda, Ugljan, dem Nationalpark Kornati oder Dugi Otok, Heimatinsel des Naturparks Tela\u0161\u010dica. <\/p>\n\n\n\n<p>Zadar wurde von den Illyrern besiedelt, aber erst die R\u00f6mer gaben der Stadt den Grundriss, der bis heute erhalten ist. Sp\u00e4ter wurde die Stadt von verschiedenen M\u00e4chten beherrscht, darunter die Venezianer, die \u00d6sterreicher und die Franzosen, was eine Mischung aus verschiedenen architektonischen Stilen in der Stadt hinterlassen hat. Eine der beliebtesten Attraktionen in Zadar ist die Meeresorgel, ein einzigartiges architektonisches Bauwerk, das durch die Bewegung der Wellen Musik erzeugt. Besucher k\u00f6nnen auch den nahe gelegenen Sonnengru\u00df genie\u00dfen, eine solarbetriebene Lichtinstallation, die bei Sonnenuntergang eine Lichtshow erzeugt. Eine weitere Attraktion in Zadar ist das Forum Romanum, das gr\u00f6\u00dfte Forum seiner Art in Kroatien. Das Forum stammt aus dem 1. Jahrhundert nach Christus und ist ein Zeugnis der reichen Geschichte der Stadt. <strong>Neben den historischen und nat\u00fcrlichen Attraktionen ist Zadar auch f\u00fcr sein lebhaftes Nachtleben bekannt<\/strong>.<\/p>\n\n\n\n<p>In Zadar und Umgebung gibt es zahlreiche Anlegem\u00f6glichkeiten, wie die Tankerkomerc Marina Zadar, D-Marin Borik, D-Marin Dalmacija und in Biograd na Moru die Marina Kornat<\/p>\n\n\n\n<h2 class=\"wp-block-heading\">Kornaten Inselgruppe<\/h2>\n\n\n<div class=\"wp-block-image\">\n<figure class=\"aligncenter size-full\"><img loading=\"lazy\" decoding=\"async\" width=\"1000\" height=\"667\" src=\"https:\/\/ultra-sailing.hr\/wp-content\/uploads\/2024\/03\/kornati_nationalpark_croatia_sailing.jpg\" alt=\"\" class=\"wp-image-608\" srcset=\"https:\/\/ultra-sailing.hr\/wp-content\/uploads\/2024\/03\/kornati_nationalpark_croatia_sailing.jpg 1000w, https:\/\/ultra-sailing.hr\/wp-content\/uploads\/2024\/03\/kornati_nationalpark_croatia_sailing-300x200.jpg 300w, https:\/\/ultra-sailing.hr\/wp-content\/uploads\/2024\/03\/kornati_nationalpark_croatia_sailing-768x512.jpg 768w\" sizes=\"auto, (max-width: 1000px) 100vw, 1000px\" \/><\/figure>\n<\/div>\n\n\n<p>Mit 140 unbewohnten Inseln, Inselchen und Riffen, die sich \u00fcber eine Fl\u00e4che von 320 km\u00b2 erstrecken, sind <a href=\"https:\/\/blog.ultra-sailing.hr\/de\/7-tage-segeltorn-von-split-trogir-nach-kornati-inseln\/\" target=\"_blank\" rel=\"noreferrer noopener\">die Kornati-Inseln der dichteste Archipel im Mittelmeer<\/a>. Sie sind <strong>ein wahres Paradies f\u00fcr Naturliebhaber und Outdoor-Fans<\/strong>. Das t\u00fcrkisfarbene Wasser eignet sich hervorragend zum Schwimmen, Schnorcheln und Tauchen, wobei die Besucher die reiche Unterwasserwelt und die bunten Korallenriffe erkunden k\u00f6nnen. Besucher k\u00f6nnen auch die vielen historischen St\u00e4tten erkunden, wie die alten r\u00f6mischen Ruinen, byzantinischen Festungen und traditionellen Fischerd\u00f6rfer, die \u00fcber die Inseln verteilt sind.<\/p>\n\n\n\n<p>Der Nationalpark Kornati, der 89 der insgesamt 140 Inseln umfasst ist <strong>die Hauptattraktion der n\u00f6rdlichen Adria und gilt als eines der sch\u00f6nsten Archipele im Mittelmeer<\/strong>, das f\u00fcr seine nat\u00fcrliche Sch\u00f6nheit und sein klares Wasser bekannt ist. Die Insel Kornat ist die gr\u00f6\u00dfte Insel des Parks. Auf den Inseln gibt es keine dauerhaften Siedlungen, und die Vegetation scheint sp\u00e4rlich zu sein, aber Flora und Fauna sind hier reich. Das <strong>Fischen ist im gesamten Kornati-Nationalpark verboten, und das Tauchen ist auf einige wenige Stellen beschr\u00e4nkt<\/strong>.<\/p>\n\n\n\n<p>Die beste M\u00f6glichkeit, einen Liegeplatz zu finden, ist auf der kleinen Insel Piskera, die 2,66 km\u00b2 gro\u00df ist. Dort gibt es <strong>einen kleinen Yachthafen mit 120 Liegepl\u00e4tzen, der von April bis Oktober ge\u00f6ffnet ist<\/strong>. Frischwasser und Strom sind rationiert. Wenn man die Eintrittsgeb\u00fchr bezahlt, kann man in fast jeder Bucht ankern, von denen einige klein sind und nur Platz f\u00fcr zwei bis drei Boote bieten, w\u00e4hrend andere gro\u00df sind und Platz f\u00fcr 20 oder mehr Yachten bieten. Die Eintrittskarte f\u00fcr den Nationalpark k\u00f6nnen Sie online oder in verschiedenen Jachth\u00e4fen und H\u00e4fen entlang der Strecke kaufen.<\/p>\n\n\n\n<h2 class=\"wp-block-heading\">Dugi Otok<\/h2>\n\n\n<div class=\"wp-block-image\">\n<figure class=\"aligncenter size-full\"><img loading=\"lazy\" decoding=\"async\" width=\"1000\" height=\"543\" src=\"https:\/\/ultra-sailing.hr\/wp-content\/uploads\/2024\/03\/dugi_otok_island-croatia_sailing.jpg\" alt=\"\" class=\"wp-image-610\" srcset=\"https:\/\/ultra-sailing.hr\/wp-content\/uploads\/2024\/03\/dugi_otok_island-croatia_sailing.jpg 1000w, https:\/\/ultra-sailing.hr\/wp-content\/uploads\/2024\/03\/dugi_otok_island-croatia_sailing-300x163.jpg 300w, https:\/\/ultra-sailing.hr\/wp-content\/uploads\/2024\/03\/dugi_otok_island-croatia_sailing-768x417.jpg 768w\" sizes=\"auto, (max-width: 1000px) 100vw, 1000px\" \/><\/figure>\n<\/div>\n\n\n<p>Mit einer Fl\u00e4che von 115 km\u00b2 ist Dugi Otok die gr\u00f6\u00dfte Insel des Zadar-Archipels. Der <strong>Zauber dieser Insel sind die traumhaften Buchten, die schroffen Klippen und das malerische Inselinnere<\/strong>. Aufgrund seiner N\u00e4he zu Zadar war Dugi Otok in der R\u00f6merzeit und sp\u00e4ter vor allem in der Sali-Gegend als Sommerresidenz f\u00fcr Adlige beliebt. Sali ist die gr\u00f6\u00dfte Stadt und der gr\u00f6\u00dfte Hafen der Insel. Das Fischerdorf Bo\u017eava am n\u00f6rdlichsten Punkt der Insel ist auch ein beliebter Yachthafen mit den \u00dcberresten einer r\u00f6mischen Siedlung.<\/p>\n\n\n\n<p>Die zerkl\u00fcftete Landschaft, die \u00fcppige Vegetation und die vielf\u00e4ltige Tierwelt machen die Insel zu einem idealen Ziel f\u00fcr Naturliebhaber. Eine der <strong>Hauptattraktionen von Dugi Otok sind seine atemberaubenden Str\u00e4nde<\/strong>. Die Insel verf\u00fcgt \u00fcber einige der sch\u00f6nsten Str\u00e4nde Kroatiens mit kristallklarem Wasser und wei\u00dfen Sandstr\u00e4nden. Sakarun, an der Nordwestk\u00fcste der Insel gelegen, gilt als einer der sch\u00f6nsten Str\u00e4nde der Adria. Es ist ein unvergesslicher Ort, dessen Sch\u00f6nheit nur dadurch getr\u00fcbt wird, dass er meist \u00fcberf\u00fcllt ist.<\/p>\n\n\n\n<p>Weitere sch\u00f6ne Ankerpl\u00e4tze sind Brbinj, Lu\u010dina, Pantera, \u010cuna und Soli\u0161\u0107ica. Auf der <strong>Insel Dugi Otok befindet sich auch der Naturpark Tela\u0161\u0107ica, ein Schutzgebiet, das eine interessante Natur beherbergt<\/strong>. Tela\u0161\u0107ica liegt s\u00fcdlich von Sali und ist zweifelsohne einer der bekanntesten Ankerpl\u00e4tze in der Adria.<\/p>\n\n\n\n<h2 class=\"wp-block-heading\">Insel Ugljan<\/h2>\n\n\n<div class=\"wp-block-image\">\n<figure class=\"aligncenter size-full\"><img loading=\"lazy\" decoding=\"async\" width=\"999\" height=\"573\" src=\"https:\/\/ultra-sailing.hr\/wp-content\/uploads\/2024\/03\/ugljan13.jpg\" alt=\"\" class=\"wp-image-612\" srcset=\"https:\/\/ultra-sailing.hr\/wp-content\/uploads\/2024\/03\/ugljan13.jpg 999w, https:\/\/ultra-sailing.hr\/wp-content\/uploads\/2024\/03\/ugljan13-300x172.jpg 300w, https:\/\/ultra-sailing.hr\/wp-content\/uploads\/2024\/03\/ugljan13-768x441.jpg 768w\" sizes=\"auto, (max-width: 999px) 100vw, 999px\" \/><\/figure>\n<\/div>\n\n\n<p>Die Insel Ugljan liegt direkt gegen\u00fcber von Zadar. Diese <strong>\u00fcppig gr\u00fcne Insel umfasst eine Fl\u00e4che von 50 km\u00b2 und ist bekannt f\u00fcr die landschaftliche Sch\u00f6nheit<\/strong>, die reiche Geschichte und die lebendige lokale Kultur. Auf der Insel gibt es mehrere charmante St\u00e4dte und Buchten. Ugljan ist der Hauptort und beherbergt das Franziskanerkloster des Heiligen Hieronymus aus dem 15 Jh. Die etwas bekanntere Ortschaft ist Preko, das von der gro\u00dfen venezianischen Festung St. Michael dominiert wird. Die Insel ist durch eine Br\u00fccke mit der Insel Pasman verbunden.<\/p>\n\n\n\n<p>An der nordwestlichen K\u00fcste von Ugljan gibt es mehrere Buchten. Die bekanntesten sind Muline und Prtljug. Weiter s\u00fcdlich befindet sich die Bucht &#8220;Mala Lamjana&#8221;, in der man vor Anker gehen oder an einer Boje festmachen kann.<br>Zwischen den <strong>Inseln Ugljan und Dugi Otok liegt eine der am wenigsten besuchten Inseln Kroatiens, die Insel I\u017e<\/strong>. Obwohl es nicht so ber\u00fchmt ist wie die Nachbarinseln Dugi Otok und Ugljan, hat I\u017e einige gro\u00dfartige Ankerpl\u00e4tze, wie die Bucht Vodenjak. Es ist eine sehr sch\u00f6ne Bucht zum Schwimmen, v\u00f6llig gesch\u00fctzt vor den Winden aus NW-Maestral und NO-Bura. Ein weiterer ber\u00fchmter Ort ist die Bucht von Kne\u017e, mit der vorgelagerten Inselchen Kne\u017eak.<\/p>\n\n\n\n<h2 class=\"wp-block-heading\">Insel Pa\u0161man<\/h2>\n\n\n<div class=\"wp-block-image\">\n<figure class=\"aligncenter size-full\"><img loading=\"lazy\" decoding=\"async\" width=\"911\" height=\"568\" src=\"https:\/\/ultra-sailing.hr\/wp-content\/uploads\/2024\/03\/pasman02.jpg\" alt=\"\" class=\"wp-image-614\" srcset=\"https:\/\/ultra-sailing.hr\/wp-content\/uploads\/2024\/03\/pasman02.jpg 911w, https:\/\/ultra-sailing.hr\/wp-content\/uploads\/2024\/03\/pasman02-300x187.jpg 300w, https:\/\/ultra-sailing.hr\/wp-content\/uploads\/2024\/03\/pasman02-768x479.jpg 768w\" sizes=\"auto, (max-width: 911px) 100vw, 911px\" \/><\/figure>\n<\/div>\n\n\n<p>Die Insel Pa\u0161man befindet sich in K\u00fcstenn\u00e4he und liegt vor der Stadt Biograd na Moru. Die Ostseite ist f\u00fcr Segler viel interessanter. Die<strong> Inseln Ugljan und Pa\u0161man sind durch eine Br\u00fccke an der Passage \u017ddrelac verbunden<\/strong>. Wenn Sie von Zadar oder Biograd aus segeln und Ihr Mast es Ihnen erlaubt, unter der Br\u00fccke bei \u017ddrelac durchzusegeln, segeln Sie entlang des Ostufers von Pa\u0161man, wo sich die Buchten wie \u010celinja, Vr\u017ei\u0161\u0107e und Kobiljak befinden. Diese Buchten sind dem Wind ausgesetzt, bieten aber eine gewisse Privatsph\u00e4re.<\/p>\n\n\n\n<p>Die <strong>bekannteste ist die Bucht Sveti Ante, die guten Schutz vor Nordost-, West- und S\u00fcdwinden bietet<\/strong>. In der Bucht gibt es etwa 20 Anlegebojen. Sie k\u00f6nnen auch in der Bucht in einer Tiefe zwischen 5 und 8 Metern in der Mitte der Bucht ankern.<br>Eine weitere beliebte Bucht ist die Bucht Soline, die durch eine schmale Landzunge Mali Zaglav von der Bucht Sveti Ante getrennt ist. Soline bietet ebenfalls guten Schutz vor W- und NW-Winden. In der Bucht von Soline gibt es au\u00dferdem etwa 30 Anlegebojen.<\/p>\n\n\n\n<h2 class=\"wp-block-heading\">Insel \u017dirje<\/h2>\n\n\n<div class=\"wp-block-image\">\n<figure class=\"aligncenter size-full\"><img loading=\"lazy\" decoding=\"async\" width=\"1000\" height=\"562\" src=\"https:\/\/ultra-sailing.hr\/wp-content\/uploads\/2024\/03\/velastupica_zirje_island_croatia.jpg\" alt=\"\" class=\"wp-image-616\" srcset=\"https:\/\/ultra-sailing.hr\/wp-content\/uploads\/2024\/03\/velastupica_zirje_island_croatia.jpg 1000w, https:\/\/ultra-sailing.hr\/wp-content\/uploads\/2024\/03\/velastupica_zirje_island_croatia-300x169.jpg 300w, https:\/\/ultra-sailing.hr\/wp-content\/uploads\/2024\/03\/velastupica_zirje_island_croatia-768x432.jpg 768w\" sizes=\"auto, (max-width: 1000px) 100vw, 1000px\" \/><\/figure>\n<\/div>\n\n\n<p>Die Insel liegt etwa 22 km s\u00fcdwestlich von \u0160ibenik und ist die am weitesten <strong>entfernte bewohnte Insel der Inselgruppe von \u0160ibenik<\/strong> (Tijat, Zlarin, Kaprije, Kakan). Eines der Hauptmerkmale, die die Insel \u017dirje bei Seglern so beliebt machen, sind ihre zahlreichen Ankerpl\u00e4tze. Die beliebtesten Buchten sind Tratinska und Vela Stupica. Tratinska erstreckt sich eine halbe Meile landeinw\u00e4rts an der S\u00fcdwestk\u00fcste von \u017dirje und ist sehr beliebt. Die Bucht ist dem S\u00fcdost-Wind ausgesetzt und es gibt etwa 30 Anlegebojen.<\/p>\n\n\n\n<p>Die Bucht Vela Stupica liegt im s\u00fcdlichen Teil der Insel. Sie ist in der Regel st\u00e4rker besucht als die Bucht Tratinska. Ihr westlicher Arm ist etwa 11 Meter tief und war schon immer ein sicherer Ankerplatz. Es gibt etwa 20 Anlegebojen, aber Sie k\u00f6nnen auch in der Bucht ankern. Die Bucht bietet guten Schutz vor allen Winden, au\u00dfer S und SO. In diesem Fall ist es nicht empfehlenswert, hier zu bleiben, auch wenn man an einer Boje festgemacht hat.<\/p>\n\n\n\n<h2 class=\"wp-block-heading\">Skradin<\/h2>\n\n\n<div class=\"wp-block-image\">\n<figure class=\"aligncenter size-full\"><img loading=\"lazy\" decoding=\"async\" width=\"1000\" height=\"667\" src=\"https:\/\/ultra-sailing.hr\/wp-content\/uploads\/2024\/03\/skradin_harbor_npkrka_croatia.jpg\" alt=\"\" class=\"wp-image-618\" srcset=\"https:\/\/ultra-sailing.hr\/wp-content\/uploads\/2024\/03\/skradin_harbor_npkrka_croatia.jpg 1000w, https:\/\/ultra-sailing.hr\/wp-content\/uploads\/2024\/03\/skradin_harbor_npkrka_croatia-300x200.jpg 300w, https:\/\/ultra-sailing.hr\/wp-content\/uploads\/2024\/03\/skradin_harbor_npkrka_croatia-768x512.jpg 768w\" sizes=\"auto, (max-width: 1000px) 100vw, 1000px\" \/><\/figure>\n<\/div>\n\n\n<p>Skradin ist eine Stadt mit einem Hafen am rechten Ufer des Flusses Krka, etwa 16 km n\u00f6rdlich von \u0160ibenik. Flussaufw\u00e4rts, nicht weit von Skradin, gibt es eine Br\u00fccke \u00fcber den Fluss Krka mit der ACI Marina Skradin. <strong>Skradin ist der zentrale Punkt des Nationalparks Krka<\/strong> und eine der \u00e4ltesten kroatischen Ortschaften mit Stadtstatus (seit dem 2. Jahrhundert n. Chr.).<\/p>\n\n\n\n<p>Die wundersch\u00f6nen Wasserf\u00e4lle von Krka sind f\u00fcr Tagesausfl\u00fcge sehr zu empfehlen. Von Skradin aus fahren Ausflugsboote zum Nationalpark Krka. Der Nationalpark ist einzigartig und erstreckt sich \u00fcber eine Fl\u00e4che von 109 km\u00b2 und umfasst au\u00dferdem malerische Kl\u00f6ster und r\u00f6mische Ruinen.  <\/p>\n","protected":false},"excerpt":{"rendered":"<p>Zadar Wenn Sie die Inseln der n\u00f6rdlichen Adria erkunden m\u00f6chten, ist der beste Ort, um Ihren Segelurlaub in Zadar oder den nahe gelegenen Charterbasen wie Sukosan oder Biograd na Moru zu beginnen. Wenn Sie von hier aus ein Boot chartern, haben Sie besseren Zugang zu den Inseln wie Premuda, Ugljan, dem Nationalpark Kornati oder Dugi [&hellip;]<\/p>\n","protected":false},"author":1,"featured_media":0,"parent":3228,"menu_order":0,"comment_status":"closed","ping_status":"closed","template":"","meta":{"_acf_changed":false,"footnotes":""},"class_list":["post-3438","page","type-page","status-publish","hentry"],"acf":[],"_links":{"self":[{"href":"https:\/\/ultra-sailing.hr\/de\/wp-json\/wp\/v2\/pages\/3438","targetHints":{"allow":["GET"]}}],"collection":[{"href":"https:\/\/ultra-sailing.hr\/de\/wp-json\/wp\/v2\/pages"}],"about":[{"href":"https:\/\/ultra-sailing.hr\/de\/wp-json\/wp\/v2\/types\/page"}],"author":[{"embeddable":true,"href":"https:\/\/ultra-sailing.hr\/de\/wp-json\/wp\/v2\/users\/1"}],"replies":[{"embeddable":true,"href":"https:\/\/ultra-sailing.hr\/de\/wp-json\/wp\/v2\/comments?post=3438"}],"version-history":[{"count":2,"href":"https:\/\/ultra-sailing.hr\/de\/wp-json\/wp\/v2\/pages\/3438\/revisions"}],"predecessor-version":[{"id":3441,"href":"https:\/\/ultra-sailing.hr\/de\/wp-json\/wp\/v2\/pages\/3438\/revisions\/3441"}],"up":[{"embeddable":true,"href":"https:\/\/ultra-sailing.hr\/de\/wp-json\/wp\/v2\/pages\/3228"}],"wp:attachment":[{"href":"https:\/\/ultra-sailing.hr\/de\/wp-json\/wp\/v2\/media?parent=3438"}],"curies":[{"name":"wp","href":"https:\/\/api.w.org\/{rel}","templated":true}]}}