{"id":3442,"date":"2024-03-10T17:17:00","date_gmt":"2024-03-10T16:17:00","guid":{"rendered":"https:\/\/ultra-sailing.hr\/dev-wordpress\/segeltipps-kroatien\/top-segelreviere-kroatien\/suedadria-kroatien\/"},"modified":"2025-03-04T14:41:37","modified_gmt":"2025-03-04T13:41:37","slug":"suedadria","status":"publish","type":"page","link":"https:\/\/ultra-sailing.hr\/de\/segelreviere-kroatien\/suedadria\/","title":{"rendered":"S\u00fcdadria Kroatien"},"content":{"rendered":"\n<h2 class=\"wp-block-heading\">Insel Mljet<\/h2>\n\n\n\n<figure class=\"wp-block-image size-full\"><img loading=\"lazy\" decoding=\"async\" width=\"1000\" height=\"563\" src=\"https:\/\/ultra-sailing.hr\/wp-content\/uploads\/2024\/03\/mljet_island_prozura_bay.jpg\" alt=\"\" class=\"wp-image-644\" srcset=\"https:\/\/ultra-sailing.hr\/wp-content\/uploads\/2024\/03\/mljet_island_prozura_bay.jpg 1000w, https:\/\/ultra-sailing.hr\/wp-content\/uploads\/2024\/03\/mljet_island_prozura_bay-300x169.jpg 300w, https:\/\/ultra-sailing.hr\/wp-content\/uploads\/2024\/03\/mljet_island_prozura_bay-768x432.jpg 768w\" sizes=\"auto, (max-width: 1000px) 100vw, 1000px\" \/><\/figure>\n\n\n\n<p>Mljet erscheint f\u00fcr viele Touristen zu weit entfernt und schwer erreichbar. Lassen Sie nicht zu, dass diese Insel, die in Geschichten \u00fcber die Odyssee, den heiligen Paulus und viel mehr Ihnen unbekannt bleibt. Mljet ist 34 km breit und 37 km lang, es ist <strong>eine Insel mit besonderen Merkmalen und Kontrasten<\/strong>. Der Nationalpark befindet sich im nordwestlichen Teil und erstreckt sich \u00fcber 5375 Hektar.<\/p>\n\n\n\n<p>Neben der <strong>sch\u00f6nen Landschaft hat Mljet auch eine reiche Geschichte und viele arch\u00e4ologische und kulturelle Sehensw\u00fcrdigkeiten zu bieten<\/strong>. An der S\u00fcdseite der Insel befindet sich die Odysseus-H\u00f6hle. Der Legende nach wurde Odysseus von der Nymphe Calypso auf die Insel Mljet gelockt, weshalb die H\u00f6hle nach ihm benannt wurde. Wenn Sie sich bereits auf der S\u00fcdseite der Insel Mljet befinden, k\u00f6nnen Sie auch in der s\u00fcd\u00f6stlichen Bucht von Saplunara oder in der benachbarten Bucht von Limoni einen Halt einlegen. Beide Buchten sind mit Sandstrand umgeben, was besonders den Kindern an Bord gefallen d\u00fcrfte.<\/p>\n\n\n\n<p>Um den <strong>Nationalpark zu genie\u00dfen, legt man am besten in der Polace-Bucht oder der Pomena-Bucht an<\/strong>. Pomena wird meistens als Eintritt zum Nationalpark von Mljet genutzt. Sie werden von der <strong>Sch\u00f6nheit und der unber\u00fchrten Natur des Nationalparks<\/strong> beeindruckt sein. Besuchen Sie die beiden Seen, die durch einen eigenen Kanal mit dem offenen Meer verbunden sind. Sie k\u00f6nnen auch das Benediktinerkloster aus dem 12. Jahrhundert besuchen, das sich in der Mitte des Gro\u00dfen Sees befindet.<br>Auch die Prozura-Bucht ist einen Besuch wert. Diese Bucht, die sich fast 800 Meter ins Landesinnere erstreckt. Machen Sie einen Spaziergang zum Dorf oberhalb der Bucht und genie\u00dfen Sie einen der sch\u00f6nsten Ausblicke auf die Adria.<\/p>\n\n\n\n<h2 class=\"wp-block-heading\">Insel Lastovo<\/h2>\n\n\n\n<figure class=\"wp-block-image size-full\"><img loading=\"lazy\" decoding=\"async\" width=\"960\" height=\"720\" src=\"https:\/\/ultra-sailing.hr\/wp-content\/uploads\/2024\/03\/lastovo_skrivena_luka_bay.jpg\" alt=\"\" class=\"wp-image-646\" srcset=\"https:\/\/ultra-sailing.hr\/wp-content\/uploads\/2024\/03\/lastovo_skrivena_luka_bay.jpg 960w, https:\/\/ultra-sailing.hr\/wp-content\/uploads\/2024\/03\/lastovo_skrivena_luka_bay-300x225.jpg 300w, https:\/\/ultra-sailing.hr\/wp-content\/uploads\/2024\/03\/lastovo_skrivena_luka_bay-768x576.jpg 768w\" sizes=\"auto, (max-width: 960px) 100vw, 960px\" \/><\/figure>\n\n\n\n<p>Wenn Sie sich w\u00e4hrend Ihres Segelt\u00f6rns in Kroatien nach Ruhe und Gelassenheit sehnen, ist die Insel Lastovo eine gute Wahl. <strong>Wie Vis war auch die Insel Lastovo ein milit\u00e4risches Sperrgebiet und bis etwa 1989 f\u00fcr die \u00d6ffentlichkeit unzug\u00e4nglich<\/strong>.<br>Die Insel Lastovo geh\u00f6rt zum Naturpark und bietet viele kleine und gro\u00dfe Buchten. <strong>\u00d6stlich der Insel Lastovo befindet sich eine Gruppe kleiner Inselchen namens Lastovnjaci<\/strong>, die ebenfalls einige sch\u00f6ne Buchten bieten.<\/p>\n\n\n\n<p>Die <strong>bekanntesten Buchten von Lastovo sind Zaklopatica, Veli Lago und Skrivena Luka<\/strong>. Die Bucht Zaklopatica befindet sich an der Nordseite der Insel. Von hier aus k\u00f6nnen Sie einen Spaziergang in die 2,5 km entfernte Stadt Lastovo unternehmen.<\/p>\n\n\n\n<p>An der Westseite der Insel befindet sich die gro\u00dfe Bucht Veli Lago, die tief ins Land eingeschnitten ist. In <strong>der gro\u00dfen Bucht von Veli Lago gibt es drei kleinere Buchten, die guten Schutz vor allen Winden bieten<\/strong>. Jurjeva Luka und die Bucht Pasadur liegen auf der Nordseite und Ubli auf der S\u00fcdostseite von Veli Lago.<br>An der S\u00fcdseite der Insel Lastovo befindet sich eine der ber\u00fchmtesten Buchten Lastovos und der S\u00fcdadria, Skrivena Luka. Der Name Skrivena luka &#8220;Versteckter Hafen&#8221; weist auf den Schutz hin, den diese Bucht bietet.<\/p>\n\n\n\n<h2 class=\"wp-block-heading\">Ston &#8211; Halbinsel Pelje\u0161ac<\/h2>\n\n\n\n<figure class=\"wp-block-image size-full\"><img loading=\"lazy\" decoding=\"async\" width=\"1000\" height=\"750\" src=\"https:\/\/ultra-sailing.hr\/wp-content\/uploads\/2024\/03\/peljesac_ston_sailing_croatia.jpg\" alt=\"\" class=\"wp-image-648\" srcset=\"https:\/\/ultra-sailing.hr\/wp-content\/uploads\/2024\/03\/peljesac_ston_sailing_croatia.jpg 1000w, https:\/\/ultra-sailing.hr\/wp-content\/uploads\/2024\/03\/peljesac_ston_sailing_croatia-300x225.jpg 300w, https:\/\/ultra-sailing.hr\/wp-content\/uploads\/2024\/03\/peljesac_ston_sailing_croatia-768x576.jpg 768w\" sizes=\"auto, (max-width: 1000px) 100vw, 1000px\" \/><\/figure>\n\n\n\n<p>Die Halbinsel Peljesac ragt 65 km von Festland heraus, ist aber an ihrer breitesten Stelle nur 7 km breit. Die dem Festland am n\u00e4chsten gelegene Stadt hei\u00dft <strong>Ston und wird heute vor allem wegen ihrer spektakul\u00e4ren, 5,5 km langen Verteidigungsmauern besucht<\/strong>. Besucher k\u00f6nnen die gesamte Strecke von Ston nach Mali Ston zu Fu\u00df zur\u00fccklegen und dabei herrliche Ausblicke genie\u00dfen.<\/p>\n\n\n\n<p>Eine weitere <strong>Attraktion sind die Salinen in Ston, wo mit einer 2000 Jahre alten Technik Salz gewonnen wird<\/strong>.Im n\u00f6rdlichen Teil der Halbinsel liegt <a href=\"https:\/\/blog.ultra-sailing.hr\/de\/ein-segelausflug-nach-orebic-10-ideen-fur-ihren-besuch\/\" target=\"_blank\" rel=\"noreferrer noopener\">Orebic, ein weiterer beliebter Ort<\/a> auf der Halbinsel Peljesac. Hier gibt es ein Schifffahrtsmuseum, das die Geschichte seiner Bewohner zeigt, die die gefragtesten Kapit\u00e4ne des Mittelmeers waren. Orebi\u0107 liegt am Rande eines der bekanntesten Weinanbaugebiete Kroatiens. Das <strong>westlich von Orebi\u0107 gelegene K\u00fcstendorf Viganj ist ein Paradies f\u00fcr Windsurfer<\/strong> und verf\u00fcgt \u00fcber einen sch\u00f6nen Kieselstrand.<\/p>\n\n\n\n<h2 class=\"wp-block-heading\">Elaphiten Inselgruppe<\/h2>\n\n\n\n<figure class=\"wp-block-image size-full is-resized\"><img loading=\"lazy\" decoding=\"async\" width=\"1000\" height=\"684\" src=\"https:\/\/ultra-sailing.hr\/wp-content\/uploads\/2024\/03\/lopud_sailingcroatia.jpg\" alt=\"\" class=\"wp-image-650\" style=\"width:841px;height:auto\" srcset=\"https:\/\/ultra-sailing.hr\/wp-content\/uploads\/2024\/03\/lopud_sailingcroatia.jpg 1000w, https:\/\/ultra-sailing.hr\/wp-content\/uploads\/2024\/03\/lopud_sailingcroatia-300x205.jpg 300w, https:\/\/ultra-sailing.hr\/wp-content\/uploads\/2024\/03\/lopud_sailingcroatia-768x525.jpg 768w\" sizes=\"auto, (max-width: 1000px) 100vw, 1000px\" \/><\/figure>\n\n\n\n<p>Die <a href=\"https:\/\/blog.ultra-sailing.hr\/de\/mit-dem-segelboot-ab-dubrovnik-nach-ston-segeltorn-kroatien\/\" target=\"_blank\" rel=\"noreferrer noopener\">Elaphiten<\/a> sind ein Archipel von 13 Inseln, das sich nordwestlich von Dubrovnik erstreckt. Die <strong>drei gr\u00f6\u00dften und bewohnten Hauptinseln sind Sipan, Lopud und Kolocep<\/strong>. Viele Segler, die am Samstag von Dubrovnik aus starten, werden an einer der Elaphiten-Inseln Halt machen. Sie waren lange Zeit bei der Aristokratie von Dubrovnik beliebt, die auf den Inseln ihre Villen bauten.<\/p>\n\n\n\n<p><strong>Kolo\u010dep ist die n\u00e4chstgelegene Insel zu Dubrovnik<\/strong>. Die Insel ist mit Kiefern und subtropischen Str\u00e4uchern bewachsen. Auf der Insel Lopud befinden sich zwei Festungsruinen aus dem 16. Jahrhundert und das Franziskanerkloster aus dem 15. Jh. <\/p>\n\n\n\n<p><strong>\u0160ipan ist die gr\u00f6\u00dfte der Elaphiten-Inseln und hat zwei Ortschaften. Su\u0111ura\u0111 und \u0160ipanska Luka<\/strong>. \u0160ipanska Luka ist eine lange, trichterf\u00f6rmige Bucht, die guten Schutz vor allen Winden au\u00dfer NW bietet. Von hier aus kann man \u00fcber Felder zum f\u00fcnf Kilometer entfernten Su\u0111ura\u0111 spazieren. In Su\u0111ura\u0111 gibt es eine Burg und die Ruinen eines Bischofspalastes.<\/p>\n\n\n\n<h2 class=\"wp-block-heading\">Dubrovnik<\/h2>\n\n\n\n<figure class=\"wp-block-image size-full\"><img loading=\"lazy\" decoding=\"async\" width=\"1000\" height=\"608\" src=\"https:\/\/ultra-sailing.hr\/wp-content\/uploads\/2024\/03\/dubrovnik_town_croatia.jpg\" alt=\"\" class=\"wp-image-652\" srcset=\"https:\/\/ultra-sailing.hr\/wp-content\/uploads\/2024\/03\/dubrovnik_town_croatia.jpg 1000w, https:\/\/ultra-sailing.hr\/wp-content\/uploads\/2024\/03\/dubrovnik_town_croatia-300x182.jpg 300w, https:\/\/ultra-sailing.hr\/wp-content\/uploads\/2024\/03\/dubrovnik_town_croatia-768x467.jpg 768w\" sizes=\"auto, (max-width: 1000px) 100vw, 1000px\" \/><\/figure>\n\n\n\n<p>Die wundersch\u00f6ne Stadt Dubrovnik liegt tief im S\u00fcden der kroatischen Adriak\u00fcste und wird von den meisten als <strong>eines der Top-Reiseziele Europas angesehen<\/strong>. Diese historischen und kulturellen Meisterwerke befinden sich in der Altstadt und sind leicht zu Fu\u00df erreichbar. Wir empfehlen unseren G\u00e4sten, die ein <a href=\"https:\/\/ultra-sailing.hr\/de\/boats\" target=\"_blank\" rel=\"noreferrer noopener\">Segelboot<\/a> oder einen <a href=\"https:\/\/ultra-sailing.hr\/de\/catamarans\" target=\"_blank\" rel=\"noreferrer noopener\">Katamaran<\/a> von <a href=\"https:\/\/ultra-sailing.hr\/de\/dubrovnik-charter-base\" target=\"_blank\" rel=\"noreferrer noopener\">ACI Marina Dubrovnik<\/a> gechartert haben, vor oder nach dem Segelt\u00f6rn einen Ausflug in die Altstadt zu unternehmen.<\/p>\n\n\n\n<p>Eine der gr\u00f6\u00dften <strong>Attraktionen f\u00fcr Touristen sind die Stadtmauern und Festungen<\/strong>. Die Stadtmauern sind 1940 Meter lang und haben f\u00fcnf Festungen sowie 16 T\u00fcrme und Bastionen. Die Festungen dienten damals dem Schutz der Republik Dubrovnik und gelten als eine der am besten erhaltenen in ganz Europa.<\/p>\n\n\n\n<p>Machen Sie einen Spaziergang entlang der Hauptstra\u00dfe Stradun. Diese durchquert die Stadt von Osten nach Westen und teilt die Altstadt von Dubrovnik in einen n\u00f6rdlichen und einen s\u00fcdlichen Teil. Von hier aus k\u00f6nnen Sie fast alle wichtigen Sehensw\u00fcrdigkeiten erkunden. Dubrovnik erlangte zus\u00e4tzliche <strong>Ber\u00fchmtheit durch die Hit-Serie <em>Game of Thrones<\/em>, das Dubrovnik als Drehort verwendet, und zahlreiche Szenen wurden in der Altstadt gefilmt<\/strong>.<\/p>\n\n\n\n<hr class=\"wp-block-separator has-alpha-channel-opacity\"\/>\n\n\n\n<p>Entdecken Sie mehr \u00fcber das Segeln in der s\u00fcdlichen Adria in unseren Blogs:<\/p>\n\n\n\t\t<div class=\"c-nav-card-group\">\n\t\t\t\n<a href=\"https:\/\/blog.ultra-sailing.hr\/de\/mit-dem-segelboot-ab-dubrovnik-nach-ston-segeltorn-kroatien\/\" class=\"c-nav-card\" target=\"_blank\">\n\t<img loading=\"lazy\" decoding=\"async\" width=\"680\" height=\"320\" src=\"https:\/\/ultra-sailing.hr\/wp-content\/uploads\/2024\/05\/Ston_Peljesac_SailingCroatia2021-12-680x320.jpg\" class=\"attachment-680x320 size-680x320\" alt=\"\" \/>\t<div class=\"c-nav-card__main\">\n\t\t<p class=\"c-nav-card__title\">Segelt\u00f6rn von Dubrovnik nach Ston<\/p>\n\t\t<p class=\"c-nav-card__subtitle\">Der wundersch\u00f6ne Archipel vor der K\u00fcste von Dubrovnik, die Elaphiten, erstreckt sich von dieser historischen Stadt bis zum Fu\u00df der Halbinsel Pelje\u0161ac bei Ston.<\/p>\n\t\t<div class=\"c-nav-card__icon\">\n\t\t\t<svg class=\"o-icon u-stroke-2\"><use xmlns:xlink=\"http:\/\/www.w3.org\/1999\/xlink\" xlink:href=\"https:\/\/ultra-sailing.hr\/wp-content\/themes\/ultra-sailing\/assets\/sprite\/icons.svg#icon-chevron-right\"><\/use><\/svg>\t\t<\/div>\n\t<\/div>\n<\/a>\n<a href=\"https:\/\/blog.ultra-sailing.hr\/de\/segeln-in-kroatien-segeltorn-nach-lastovo-und-susac\/\" class=\"c-nav-card\" target=\"_blank\">\n\t<img loading=\"lazy\" decoding=\"async\" width=\"680\" height=\"320\" src=\"https:\/\/ultra-sailing.hr\/wp-content\/uploads\/2024\/05\/Zaklopatica_island_Lastovo-680x320.jpg\" class=\"attachment-680x320 size-680x320\" alt=\"\" \/>\t<div class=\"c-nav-card__main\">\n\t\t<p class=\"c-nav-card__title\">Offshore Inseln Lastovo und Susac<\/p>\n\t\t<p class=\"c-nav-card__subtitle\">Wenn Sie beim Segeln in Kroatien Ruhe und Entspannung suchen, sollten Sie die Gelegenheit nutzen, die idyllischen Inseln Lastovo und Su\u0161ac zu erkunden.<\/p>\n\t\t<div class=\"c-nav-card__icon\">\n\t\t\t<svg class=\"o-icon u-stroke-2\"><use xmlns:xlink=\"http:\/\/www.w3.org\/1999\/xlink\" xlink:href=\"https:\/\/ultra-sailing.hr\/wp-content\/themes\/ultra-sailing\/assets\/sprite\/icons.svg#icon-chevron-right\"><\/use><\/svg>\t\t<\/div>\n\t<\/div>\n<\/a>\t\t<\/div>\n","protected":false},"excerpt":{"rendered":"<p>Insel Mljet Mljet erscheint f\u00fcr viele Touristen zu weit entfernt und schwer erreichbar. Lassen Sie nicht zu, dass diese Insel, die in Geschichten \u00fcber die Odyssee, den heiligen Paulus und viel mehr Ihnen unbekannt bleibt. Mljet ist 34 km breit und 37 km lang, es ist eine Insel mit besonderen Merkmalen und Kontrasten. Der Nationalpark [&hellip;]<\/p>\n","protected":false},"author":1,"featured_media":0,"parent":3228,"menu_order":0,"comment_status":"closed","ping_status":"closed","template":"","meta":{"_acf_changed":false,"footnotes":""},"class_list":["post-3442","page","type-page","status-publish","hentry"],"acf":[],"_links":{"self":[{"href":"https:\/\/ultra-sailing.hr\/de\/wp-json\/wp\/v2\/pages\/3442","targetHints":{"allow":["GET"]}}],"collection":[{"href":"https:\/\/ultra-sailing.hr\/de\/wp-json\/wp\/v2\/pages"}],"about":[{"href":"https:\/\/ultra-sailing.hr\/de\/wp-json\/wp\/v2\/types\/page"}],"author":[{"embeddable":true,"href":"https:\/\/ultra-sailing.hr\/de\/wp-json\/wp\/v2\/users\/1"}],"replies":[{"embeddable":true,"href":"https:\/\/ultra-sailing.hr\/de\/wp-json\/wp\/v2\/comments?post=3442"}],"version-history":[{"count":2,"href":"https:\/\/ultra-sailing.hr\/de\/wp-json\/wp\/v2\/pages\/3442\/revisions"}],"predecessor-version":[{"id":3445,"href":"https:\/\/ultra-sailing.hr\/de\/wp-json\/wp\/v2\/pages\/3442\/revisions\/3445"}],"up":[{"embeddable":true,"href":"https:\/\/ultra-sailing.hr\/de\/wp-json\/wp\/v2\/pages\/3228"}],"wp:attachment":[{"href":"https:\/\/ultra-sailing.hr\/de\/wp-json\/wp\/v2\/media?parent=3442"}],"curies":[{"name":"wp","href":"https:\/\/api.w.org\/{rel}","templated":true}]}}