{"id":3447,"date":"2024-03-05T19:47:22","date_gmt":"2024-03-05T18:47:22","guid":{"rendered":"https:\/\/ultra-sailing.hr\/dev-wordpress\/segeltipps-kroatien\/marinen-und-haefen-in-kroatien\/"},"modified":"2026-04-07T13:19:00","modified_gmt":"2026-04-07T12:19:00","slug":"marinas-in-kroatien","status":"publish","type":"page","link":"https:\/\/ultra-sailing.hr\/de\/segeltipps\/marinas-in-kroatien\/","title":{"rendered":"Marinas und H\u00e4fen in Kroatien"},"content":{"rendered":"\n<p>Die kroatische K\u00fcste geh\u00f6rt mit ihren zahlreichen Buchten und etwa 1240 Inseln, Felsen und Eilanden zu den abwechslungsreichsten und sch\u00f6nsten K\u00fcsten weltweit. <strong>Nur 47 dieser Inseln sind bewohnt<\/strong>. Das milde Mittelmeerklima und die ruhigen Gew\u00e4sser machen Segeln fast das ganze Jahr \u00fcber m\u00f6glich. Die Hauptsaison f\u00fcr die Vermietung von Segelbooten und Katamaranen beginnt in April und dauert bis Oktober, bei Segelregatten sogar noch l\u00e4nger.<\/p>\n\n\n\n<p>Die etwa 56 Marinas in Kroatien bieten insgesamt mehr als 16.000 Liegepl\u00e4tze im Meer und rund 8.500 Stellpl\u00e4tze an Land. Sie sind strategisch entlang der Adriak\u00fcste verteilt, oft in St\u00e4dten nahe wichtiger Flugh\u00e4fen oder in Buchten auf den Inseln. Erg\u00e4nzend dazu gibt es zahlreiche Segelclubs und kleinere, exklusive H\u00e4fen, die ausschlie\u00dflich Mitgliedern vorbehalten sind.<\/p>\n\n\n\n<p>Die ACI Marina-Kette begann 1983 mit dem organisierten Bau von Marinas entlang der kroatischen Adriak\u00fcste. Heute ist sie <strong>mit 22 Marinas die \u00e4lteste und f\u00fchrende Marina-Kette in der Region<\/strong>. Unsere Charterflotte ist in einigen der attraktivsten ACI Marinas zuhause, darunter Pomer, Dubrovnik und Split. Der Gro\u00dfteil der ACI Marinas befindet sich im zentralen und s\u00fcdlichen Teil der Adria \u2013 Regionen, die f\u00fcr Segler besonders reizvoll sind. Neben den ACI Marinas gibt es auch zahlreiche private Marinas, wie die Marina Kornati (Zadar) oder Marina Baoti\u0107 (Trogir), wo auch unsere Katamarane zu finden sind. Diese Marinas halten Schritt mit modernen Trends und passen ihre Dienstleistungen an die Bed\u00fcrfnisse und W\u00fcnsche der Bootsfahrer an.<\/p>\n\n\n\n<p>Die meisten Marinas bieten nicht nur Liegepl\u00e4tze, sondern auch eine Vielzahl an Annehmlichkeiten, darunter Restaurants, Lebensmittelgesch\u00e4fte, Shops f\u00fcr Bootszubeh\u00f6r sowie Einrichtungen wie Duschen und W\u00e4schereien.<\/p>\n\n\n<div class=\"c-gallery-slider c-gallery-slider js-gallery-slider\">\n\t<div class=\"swiper\">\n\t\t<div class=\"swiper-wrapper\">\n\t\t\t\t\t\t\t<div class=\"swiper-slide\">\n\t\t\t\t\t\t\t\t\t\t\t<a href=\"https:\/\/ultra-sailing.hr\/wp-content\/uploads\/2024\/08\/Marina_Milna_Croatia_Brac.jpg\" data-pswp-width=\"1619\" data-pswp-height=\"1080\">\n\t\t\t\t\t\t\t<img loading=\"lazy\" decoding=\"async\" width=\"1619\" height=\"1080\" src=\"https:\/\/ultra-sailing.hr\/wp-content\/uploads\/2024\/08\/Marina_Milna_Croatia_Brac.jpg\" class=\"attachment-full size-full\" alt=\"\" srcset=\"https:\/\/ultra-sailing.hr\/wp-content\/uploads\/2024\/08\/Marina_Milna_Croatia_Brac.jpg 1619w, https:\/\/ultra-sailing.hr\/wp-content\/uploads\/2024\/08\/Marina_Milna_Croatia_Brac-300x200.jpg 300w, https:\/\/ultra-sailing.hr\/wp-content\/uploads\/2024\/08\/Marina_Milna_Croatia_Brac-768x512.jpg 768w, https:\/\/ultra-sailing.hr\/wp-content\/uploads\/2024\/08\/Marina_Milna_Croatia_Brac-1024x683.jpg 1024w, https:\/\/ultra-sailing.hr\/wp-content\/uploads\/2024\/08\/Marina_Milna_Croatia_Brac-1536x1025.jpg 1536w\" sizes=\"auto, (max-width: 1619px) 100vw, 1619px\" \/>\t\t\t\t\t\t<\/a>\n\t\t\t\t\t\t\t\t\t<\/div>\n\t\t\t\t\t\t\t<div class=\"swiper-slide\">\n\t\t\t\t\t\t\t\t\t\t\t<a href=\"https:\/\/ultra-sailing.hr\/wp-content\/uploads\/2024\/08\/Rogoznica_Marina_Croatia.jpg\" data-pswp-width=\"1273\" data-pswp-height=\"801\">\n\t\t\t\t\t\t\t<img loading=\"lazy\" decoding=\"async\" width=\"1273\" height=\"801\" src=\"https:\/\/ultra-sailing.hr\/wp-content\/uploads\/2024\/08\/Rogoznica_Marina_Croatia.jpg\" class=\"attachment-full size-full\" alt=\"\" srcset=\"https:\/\/ultra-sailing.hr\/wp-content\/uploads\/2024\/08\/Rogoznica_Marina_Croatia.jpg 1273w, https:\/\/ultra-sailing.hr\/wp-content\/uploads\/2024\/08\/Rogoznica_Marina_Croatia-300x189.jpg 300w, https:\/\/ultra-sailing.hr\/wp-content\/uploads\/2024\/08\/Rogoznica_Marina_Croatia-768x483.jpg 768w, https:\/\/ultra-sailing.hr\/wp-content\/uploads\/2024\/08\/Rogoznica_Marina_Croatia-1024x644.jpg 1024w\" sizes=\"auto, (max-width: 1273px) 100vw, 1273px\" \/>\t\t\t\t\t\t<\/a>\n\t\t\t\t\t\t\t\t\t<\/div>\n\t\t\t\t\t\t\t<div class=\"swiper-slide\">\n\t\t\t\t\t\t\t\t\t\t\t<a href=\"https:\/\/ultra-sailing.hr\/wp-content\/uploads\/2024\/07\/SplitCharterBase_UltraSailing.jpg\" data-pswp-width=\"1025\" data-pswp-height=\"768\">\n\t\t\t\t\t\t\t<img loading=\"lazy\" decoding=\"async\" width=\"1025\" height=\"768\" src=\"https:\/\/ultra-sailing.hr\/wp-content\/uploads\/2024\/07\/SplitCharterBase_UltraSailing.jpg\" class=\"attachment-full size-full\" alt=\"\" srcset=\"https:\/\/ultra-sailing.hr\/wp-content\/uploads\/2024\/07\/SplitCharterBase_UltraSailing.jpg 1025w, https:\/\/ultra-sailing.hr\/wp-content\/uploads\/2024\/07\/SplitCharterBase_UltraSailing-300x225.jpg 300w, https:\/\/ultra-sailing.hr\/wp-content\/uploads\/2024\/07\/SplitCharterBase_UltraSailing-768x575.jpg 768w\" sizes=\"auto, (max-width: 1025px) 100vw, 1025px\" \/>\t\t\t\t\t\t<\/a>\n\t\t\t\t\t\t\t\t\t<\/div>\n\t\t\t\t\t\t\t<div class=\"swiper-slide\">\n\t\t\t\t\t\t\t\t\t\t\t<a href=\"https:\/\/ultra-sailing.hr\/wp-content\/uploads\/2024\/07\/CharterDubrovnik_Baza.jpg\" data-pswp-width=\"1365\" data-pswp-height=\"768\">\n\t\t\t\t\t\t\t<img loading=\"lazy\" decoding=\"async\" width=\"1365\" height=\"768\" src=\"https:\/\/ultra-sailing.hr\/wp-content\/uploads\/2024\/07\/CharterDubrovnik_Baza.jpg\" class=\"attachment-full size-full\" alt=\"Marinas in Kroatien\" srcset=\"https:\/\/ultra-sailing.hr\/wp-content\/uploads\/2024\/07\/CharterDubrovnik_Baza.jpg 1365w, https:\/\/ultra-sailing.hr\/wp-content\/uploads\/2024\/07\/CharterDubrovnik_Baza-300x169.jpg 300w, https:\/\/ultra-sailing.hr\/wp-content\/uploads\/2024\/07\/CharterDubrovnik_Baza-768x432.jpg 768w, https:\/\/ultra-sailing.hr\/wp-content\/uploads\/2024\/07\/CharterDubrovnik_Baza-1024x576.jpg 1024w\" sizes=\"auto, (max-width: 1365px) 100vw, 1365px\" \/>\t\t\t\t\t\t<\/a>\n\t\t\t\t\t\t\t\t\t<\/div>\n\t\t\t\t\t\t\t<div class=\"swiper-slide\">\n\t\t\t\t\t\t\t\t\t\t\t<a href=\"https:\/\/ultra-sailing.hr\/wp-content\/uploads\/2024\/07\/Pomer_CharterHrvatska_NajamPlovila.jpg\" data-pswp-width=\"1152\" data-pswp-height=\"768\">\n\t\t\t\t\t\t\t<img loading=\"lazy\" decoding=\"async\" width=\"1152\" height=\"768\" src=\"https:\/\/ultra-sailing.hr\/wp-content\/uploads\/2024\/07\/Pomer_CharterHrvatska_NajamPlovila.jpg\" class=\"attachment-full size-full\" alt=\"\" srcset=\"https:\/\/ultra-sailing.hr\/wp-content\/uploads\/2024\/07\/Pomer_CharterHrvatska_NajamPlovila.jpg 1152w, https:\/\/ultra-sailing.hr\/wp-content\/uploads\/2024\/07\/Pomer_CharterHrvatska_NajamPlovila-300x200.jpg 300w, https:\/\/ultra-sailing.hr\/wp-content\/uploads\/2024\/07\/Pomer_CharterHrvatska_NajamPlovila-768x512.jpg 768w, https:\/\/ultra-sailing.hr\/wp-content\/uploads\/2024\/07\/Pomer_CharterHrvatska_NajamPlovila-1024x683.jpg 1024w\" sizes=\"auto, (max-width: 1152px) 100vw, 1152px\" \/>\t\t\t\t\t\t<\/a>\n\t\t\t\t\t\t\t\t\t<\/div>\n\t\t\t\t\t\t\t<div class=\"swiper-slide\">\n\t\t\t\t\t\t\t\t\t\t\t<a href=\"https:\/\/ultra-sailing.hr\/wp-content\/uploads\/2024\/08\/Sailing_Croatia_Ultra_Sailing.jpg\" data-pswp-width=\"720\" data-pswp-height=\"480\">\n\t\t\t\t\t\t\t<img loading=\"lazy\" decoding=\"async\" width=\"720\" height=\"480\" src=\"https:\/\/ultra-sailing.hr\/wp-content\/uploads\/2024\/08\/Sailing_Croatia_Ultra_Sailing.jpg\" class=\"attachment-full size-full\" alt=\"\" srcset=\"https:\/\/ultra-sailing.hr\/wp-content\/uploads\/2024\/08\/Sailing_Croatia_Ultra_Sailing.jpg 720w, https:\/\/ultra-sailing.hr\/wp-content\/uploads\/2024\/08\/Sailing_Croatia_Ultra_Sailing-300x200.jpg 300w\" sizes=\"auto, (max-width: 720px) 100vw, 720px\" \/>\t\t\t\t\t\t<\/a>\n\t\t\t\t\t\t\t\t\t<\/div>\n\t\t\t\t\t\t\t<div class=\"swiper-slide\">\n\t\t\t\t\t\t\t\t\t\t\t<a href=\"https:\/\/ultra-sailing.hr\/wp-content\/uploads\/2024\/08\/Vis_harbour_sailing_Croatia.jpg\" data-pswp-width=\"1600\" data-pswp-height=\"1200\">\n\t\t\t\t\t\t\t<img loading=\"lazy\" decoding=\"async\" width=\"1600\" height=\"1200\" src=\"https:\/\/ultra-sailing.hr\/wp-content\/uploads\/2024\/08\/Vis_harbour_sailing_Croatia.jpg\" class=\"attachment-full size-full\" alt=\"\" srcset=\"https:\/\/ultra-sailing.hr\/wp-content\/uploads\/2024\/08\/Vis_harbour_sailing_Croatia.jpg 1600w, https:\/\/ultra-sailing.hr\/wp-content\/uploads\/2024\/08\/Vis_harbour_sailing_Croatia-300x225.jpg 300w, https:\/\/ultra-sailing.hr\/wp-content\/uploads\/2024\/08\/Vis_harbour_sailing_Croatia-768x576.jpg 768w, https:\/\/ultra-sailing.hr\/wp-content\/uploads\/2024\/08\/Vis_harbour_sailing_Croatia-1024x768.jpg 1024w, https:\/\/ultra-sailing.hr\/wp-content\/uploads\/2024\/08\/Vis_harbour_sailing_Croatia-1536x1152.jpg 1536w\" sizes=\"auto, (max-width: 1600px) 100vw, 1600px\" \/>\t\t\t\t\t\t<\/a>\n\t\t\t\t\t\t\t\t\t<\/div>\n\t\t\t\t\t\t\t<div class=\"swiper-slide\">\n\t\t\t\t\t\t\t\t\t\t\t<a href=\"https:\/\/ultra-sailing.hr\/wp-content\/uploads\/2024\/03\/Kornati-moorings-marina-Piskera.jpg\" data-pswp-width=\"960\" data-pswp-height=\"640\">\n\t\t\t\t\t\t\t<img loading=\"lazy\" decoding=\"async\" width=\"960\" height=\"640\" src=\"https:\/\/ultra-sailing.hr\/wp-content\/uploads\/2024\/03\/Kornati-moorings-marina-Piskera.jpg\" class=\"attachment-full size-full\" alt=\"\" srcset=\"https:\/\/ultra-sailing.hr\/wp-content\/uploads\/2024\/03\/Kornati-moorings-marina-Piskera.jpg 960w, https:\/\/ultra-sailing.hr\/wp-content\/uploads\/2024\/03\/Kornati-moorings-marina-Piskera-300x200.jpg 300w, https:\/\/ultra-sailing.hr\/wp-content\/uploads\/2024\/03\/Kornati-moorings-marina-Piskera-768x512.jpg 768w\" sizes=\"auto, (max-width: 960px) 100vw, 960px\" \/>\t\t\t\t\t\t<\/a>\n\t\t\t\t\t\t\t\t\t<\/div>\n\t\t\t\t\t\t\t<div class=\"swiper-slide\">\n\t\t\t\t\t\t\t\t\t\t\t<a href=\"https:\/\/ultra-sailing.hr\/wp-content\/uploads\/2024\/03\/Skradin_marina.jpg\" data-pswp-width=\"640\" data-pswp-height=\"480\">\n\t\t\t\t\t\t\t<img loading=\"lazy\" decoding=\"async\" width=\"640\" height=\"480\" src=\"https:\/\/ultra-sailing.hr\/wp-content\/uploads\/2024\/03\/Skradin_marina.jpg\" class=\"attachment-full size-full\" alt=\"\" srcset=\"https:\/\/ultra-sailing.hr\/wp-content\/uploads\/2024\/03\/Skradin_marina.jpg 640w, https:\/\/ultra-sailing.hr\/wp-content\/uploads\/2024\/03\/Skradin_marina-300x225.jpg 300w\" sizes=\"auto, (max-width: 640px) 100vw, 640px\" \/>\t\t\t\t\t\t<\/a>\n\t\t\t\t\t\t\t\t\t<\/div>\n\t\t\t\t\t\t\t<div class=\"swiper-slide\">\n\t\t\t\t\t\t\t\t\t\t\t<a href=\"https:\/\/ultra-sailing.hr\/wp-content\/uploads\/2024\/03\/Hvar_moorings_Croatia.jpg\" data-pswp-width=\"800\" data-pswp-height=\"533\">\n\t\t\t\t\t\t\t<img loading=\"lazy\" decoding=\"async\" width=\"800\" height=\"533\" src=\"https:\/\/ultra-sailing.hr\/wp-content\/uploads\/2024\/03\/Hvar_moorings_Croatia.jpg\" class=\"attachment-full size-full\" alt=\"\" srcset=\"https:\/\/ultra-sailing.hr\/wp-content\/uploads\/2024\/03\/Hvar_moorings_Croatia.jpg 800w, https:\/\/ultra-sailing.hr\/wp-content\/uploads\/2024\/03\/Hvar_moorings_Croatia-300x200.jpg 300w, https:\/\/ultra-sailing.hr\/wp-content\/uploads\/2024\/03\/Hvar_moorings_Croatia-768x512.jpg 768w\" sizes=\"auto, (max-width: 800px) 100vw, 800px\" \/>\t\t\t\t\t\t<\/a>\n\t\t\t\t\t\t\t\t\t<\/div>\n\t\t\t\t\t<\/div>\n\t<\/div>\n\t<div class=\"c-gallery-slider__dashboard\">\n\t\t<button class=\"c-gallery-slider__button js-gallery-slider-button-prev\">\n\t\t\t<svg class=\"o-icon u-stroke-2\"><use xmlns:xlink=\"http:\/\/www.w3.org\/1999\/xlink\" xlink:href=\"https:\/\/ultra-sailing.hr\/wp-content\/themes\/ultra-sailing\/assets\/sprite\/icons.svg#icon-arrow-left\"><\/use><\/svg>\t\t<\/button>\n\t\t<div class=\"c-gallery-slider-counter js-gallery-slider-counter\"><\/div>\n\t\t<button class=\"c-gallery-slider__button js-gallery-slider-button-next\">\n\t\t\t<svg class=\"o-icon u-stroke-2\"><use xmlns:xlink=\"http:\/\/www.w3.org\/1999\/xlink\" xlink:href=\"https:\/\/ultra-sailing.hr\/wp-content\/themes\/ultra-sailing\/assets\/sprite\/icons.svg#icon-arrow-right\"><\/use><\/svg>\t\t<\/button>\n\t<\/div>\n<\/div>\n\n\n\n<h2 class=\"wp-block-heading\">Liegeplatzpreise in Marinas und H\u00e4fen<\/h2>\n\n\n\n<p>Der Preis f\u00fcr Liegepl\u00e4tze in kroatischen Marinas variiert je nach Saison, Bootsl\u00e4nge und Marina. In der Hauptsaison (Mitte Juni bis Ende August) sind die Preise am h\u00f6chsten. F\u00fcr Segelboote mit einer L\u00e4nge von 10 bis 12 Metern (32\u201338 ft) liegen die Tagespreise zwischen <strong>70 \u20ac und 100 \u20ac<\/strong>, w\u00e4hrend Boote von 14 bis 16 Metern (45\u201352 ft) mit <strong>100 \u20ac bis 150 \u20ac pro Tag<\/strong> rechnen m\u00fcssen, nat\u00fcrlich ist es abh\u00e4ngig von der Marina und dem Zeitraum. F\u00fcr Katamarane gelten in der Regel doppelte Preise, da diese mehr Platz ben\u00f6tigen.<\/p>\n\n\n\n<p>Die Preise unterscheiden sich stark zwischen den Marinas. Besonders gefragte Standorte wie Split, Dubrovnik oder Palmi\u017eana haben oft h\u00f6here Tarife. Manche Marinas, wie die ACI Marina Kor\u010dula, bieten am Wochenende g\u00fcnstigere Preise, da der Bootsverkehr dann geringer ist. F\u00fcr Segler, die einen <strong>One-Way-T\u00f6rn<\/strong> planen oder l\u00e4nger als eine Woche unterwegs sind, sind Inselmarinas am Wochenende eine ausgezeichnete Option, um von weniger Betrieb zu profitieren.<\/p>\n\n\n\n<p><strong>Jahrespreise f\u00fcr Liegepl\u00e4tze<\/strong> variieren ebenfalls stark. In begehrten Marinas beginnen die Preise f\u00fcr Segelboote von 10 bis 12 Metern bei etwa <strong>3.000 \u20ac<\/strong> und k\u00f6nnen bis zu <strong>8.000 \u20ac j\u00e4hrlich<\/strong> betragen. F\u00fcr gr\u00f6\u00dfere Boote mit einer L\u00e4nge von 14 bis 16 Metern starten die Preise bei <strong>8.500 \u20ac<\/strong>.<\/p>\n\n\n\n<p>Zus\u00e4tzlich zu den Marinas gibt es zahlreiche <strong>Ankerpl\u00e4tze und Bojenfelder auf fast jeder Insel<\/strong>, die oft deutlich g\u00fcnstiger sind. Hier liegen die Preise zwischen <strong>3 \u20ac und 6 \u20ac pro Meter Bootsl\u00e4nge<\/strong>. Der Service variiert: Einige Orte bieten Strom und Wasser, andere nur Ankerpl\u00e4tze mit Bojen, um die Organisation in den kleinen H\u00e4fen zu erleichtern. Der Preis f\u00fcr Bojen oder Ankerpl\u00e4tze beinhaltet in der Regel auch die M\u00fcllentsorgung. In den kroatischen Nationalparks, wie dem Mljet-Nationalpark, ist der Eintritt oft im Liegeplatzpreis enthalten.<\/p>\n\n\n\n<p>Es ist ratsam, vorab spezifische Preise f\u00fcr gew\u00fcnschte Marinas zu \u00fcberpr\u00fcfen, insbesondere f\u00fcr Hotspots wie Split, Korcula, Hvar oder Dubrovnik. <\/p>\n\n\n\n<h2 class=\"wp-block-heading\">Liste der Marinas in Kroatien<br><\/h2>\n\n\n\n<figure class=\"wp-block-table\"><table><tbody><tr><th><strong>Marina:<\/strong><\/th><th> <strong>Ort:<\/strong><\/th><th> <strong>Kontakt:<\/strong><\/th><\/tr><tr><td> ACI marina Dubrovnik<\/td><td> Dubrovnik<\/td><td>   00 385(0)20 455 020<\/td><\/tr><tr><td> ACI marina Slano<\/td><td> Slano<\/td><td>   00 385(0)20 441 721<\/td><\/tr><tr><td> Marina Lumbarda<\/td><td> Insel Kor\u010dula<\/td><td>   00 385(0)20 712 489<\/td><\/tr><tr><td> ACI marina Kor\u010dula<\/td><td> Insel Kor\u010dula<\/td><td>   00 385(0)20 711 661<\/td><\/tr><tr><td> ACI marina Vrbovska<\/td><td> Insel Hvar<\/td><td>   00 385(0)21 774 144<\/td><\/tr><tr><td> Nautical center Komi\u017ea<\/td><td> Insel Vis<\/td><td>   00 385(0)21 713 849<\/td><\/tr><tr><td> ACI marina Palmi\u017eana<\/td><td> Insel Hvar-Pakleni Inseln<\/td><td>   00 385(0)21 744 995<\/td><\/tr><tr><td> ACI marina Vrbovska<\/td><td> Insel Hvar<\/td><td>   00 385(0)21 774 144<\/td><\/tr><tr><td> ACI marina Milna<\/td><td> Insel Bra\u010d<\/td><td>   00 385(0)21 636 306<\/td><\/tr><tr><td> Marina Martinis Marchi<\/td><td> Insel \u0160olta<\/td><td>   00 385(0)21 659 093<\/td><\/tr><tr><td> ACI marina Split<\/td><td> Split<\/td><td>   00 385(0)21 398 548<\/td><\/tr><tr><td> Marina Ka\u0161tela<\/td><td> Ka\u0161tel Gomilica<\/td><td>   00 385(0)21 204 010<\/td><\/tr><tr><td> ACI marina Trogir<\/td><td> Trogir<\/td><td>   00 385(0)21 881 544<\/td><\/tr><tr><td> Marina Zirona<\/td><td> Island Drvenik Veli<\/td><td>   00 385(0)99 810 7801<\/td><\/tr><tr><td> Marina Agana<\/td><td> Marina<\/td><td>   00 385(0)21 889 411<\/td><\/tr><tr><td> Marina Frapa<\/td><td> Rogoznica<\/td><td>   00 385(0) 22 559 900<\/td><\/tr><tr><td> Marina Kremik<\/td><td> Primo\u0161ten<\/td><td>   00 385(0)22 570 068<\/td><\/tr><tr><td> ACI marina Skradin<\/td><td> Skradin<\/td><td>   00 385(0)22 771 365<\/td><\/tr><tr><td> Marina Mandalina<\/td><td> \u0160ibenik<\/td><td>   00 385(0)22 312 975<\/td><\/tr><tr><td> Marina Zaton<\/td><td> Zaton (\u0160ibenik)<\/td><td>   00 385(0)22 485 018<\/td><\/tr><tr><td> ACI marina Vodice<\/td><td> Vodice<\/td><td>   00 385(0)22 443 086<\/td><\/tr><tr><td> ACI marina Jezera<\/td><td> Jezera<\/td><td>   00 385(0)22 439 295<\/td><\/tr><tr><td> Marina Tribunj<\/td><td> Tribunj<\/td><td>   00 385(0)22 447 140<\/td><\/tr><tr><td> ACI marina Pi\u0161kera<\/td><td> Kornati islands<\/td><td>   00 385(0)91 470 0091<\/td><\/tr><tr><td> ACI marina \u017dut<\/td><td> Kornati islands<\/td><td>   00 385(0)22 786 0278<\/td><\/tr><tr><td> Marina Hramina<\/td><td> Island Murter<\/td><td>   00 385(0)22 434 411<\/td><\/tr><tr><td> Marina Betina<\/td><td> Island Murter<\/td><td>   00 385(0)22 434 497<\/td><\/tr><tr><td> Marina \u0160angulin<\/td><td> Biograd na moru<\/td><td>   00 385(0)23 383 738<\/td><\/tr><tr><td> Marina Kornati<\/td><td> Biograd na moru<\/td><td>   00 385(0)23 383 800<\/td><\/tr><tr><td> Marina Dalmacija Zadar<\/td><td> Suko\u0161an<\/td><td>   00 385(0)23 200 300<\/td><\/tr><tr><td> Tankerkomerc marina Veli I\u017e<\/td><td> island I\u017e<\/td><td>   00 385(0)23 277 006<\/td><\/tr><tr><td> Marina Sutomi\u0161\u0107ica<\/td><td> Insel Ugljan<\/td><td>   00 385(0)23 335 808<\/td><\/tr><tr><td> Marina Preko<\/td><td> Insel Ugljan<\/td><td>   00 385(0)23 286 433<\/td><\/tr><tr><td> Tankerkomerc Marina Zadar<\/td><td> Zadar<\/td><td>   00 385(0)23 204 730<\/td><\/tr><tr><td> Marina Vitrenjak<\/td><td> Zadar<\/td><td>   00 385(0)23 331 076<\/td><\/tr><tr><td> Marina Borik<\/td><td> Zadar<\/td><td>   00 385(0)23 333 036    <\/td><\/tr><tr><td> ACI marina Rab<\/td><td> Insel Rab<\/td><td>   00 385(0)51 724 023<\/td><\/tr><tr><td> ACI marina Supetarska Draga<\/td><td> Insel Rab<\/td><td>   00 385(0)51 776 268<\/td><\/tr><tr><td> ACI marina \u0160imuni<\/td><td> Island Pag<\/td><td>   00 385(0)23 697 462<\/td><\/tr><tr><td> ACI marina Pula<\/td><td> Pula<\/td><td>   00 385(0)52 211 850<\/td><\/tr><tr><td> ACI marina Rovinj<\/td><td> Rovinj<\/td><td>   00 385(0)52 813 133<\/td><\/tr><tr><td> ACI marina Umag<\/td><td> Umag<\/td><td>   00 385(0)52 741 066<\/td><\/tr><tr><td> ACI marina Opatija<\/td><td> Opatija<\/td><td>   00 385(0)51 704 004<\/td><\/tr><\/tbody><\/table><\/figure>\n","protected":false},"excerpt":{"rendered":"<p>Die kroatische K\u00fcste geh\u00f6rt mit ihren zahlreichen Buchten und etwa 1240 Inseln, Felsen und Eilanden zu den abwechslungsreichsten und sch\u00f6nsten K\u00fcsten weltweit. Nur 47 dieser Inseln sind bewohnt. Das milde Mittelmeerklima und die ruhigen Gew\u00e4sser machen Segeln fast das ganze Jahr \u00fcber m\u00f6glich. Die Hauptsaison f\u00fcr die Vermietung von Segelbooten und Katamaranen beginnt in April [&hellip;]<\/p>\n","protected":false},"author":3,"featured_media":0,"parent":3424,"menu_order":0,"comment_status":"closed","ping_status":"closed","template":"","meta":{"_acf_changed":false,"footnotes":""},"class_list":["post-3447","page","type-page","status-publish","hentry"],"acf":[],"_links":{"self":[{"href":"https:\/\/ultra-sailing.hr\/de\/wp-json\/wp\/v2\/pages\/3447","targetHints":{"allow":["GET"]}}],"collection":[{"href":"https:\/\/ultra-sailing.hr\/de\/wp-json\/wp\/v2\/pages"}],"about":[{"href":"https:\/\/ultra-sailing.hr\/de\/wp-json\/wp\/v2\/types\/page"}],"author":[{"embeddable":true,"href":"https:\/\/ultra-sailing.hr\/de\/wp-json\/wp\/v2\/users\/3"}],"replies":[{"embeddable":true,"href":"https:\/\/ultra-sailing.hr\/de\/wp-json\/wp\/v2\/comments?post=3447"}],"version-history":[{"count":5,"href":"https:\/\/ultra-sailing.hr\/de\/wp-json\/wp\/v2\/pages\/3447\/revisions"}],"predecessor-version":[{"id":6193,"href":"https:\/\/ultra-sailing.hr\/de\/wp-json\/wp\/v2\/pages\/3447\/revisions\/6193"}],"up":[{"embeddable":true,"href":"https:\/\/ultra-sailing.hr\/de\/wp-json\/wp\/v2\/pages\/3424"}],"wp:attachment":[{"href":"https:\/\/ultra-sailing.hr\/de\/wp-json\/wp\/v2\/media?parent=3447"}],"curies":[{"name":"wp","href":"https:\/\/api.w.org\/{rel}","templated":true}]}}