{"id":3465,"date":"2024-03-10T16:13:12","date_gmt":"2024-03-10T15:13:12","guid":{"rendered":"https:\/\/ultra-sailing.hr\/dev-wordpress\/yachtcharter-mit-skipper\/"},"modified":"2026-03-18T14:35:23","modified_gmt":"2026-03-18T13:35:23","slug":"yachtcharter-mit-skipper-kroatien","status":"publish","type":"page","link":"https:\/\/ultra-sailing.hr\/de\/yachtcharter-mit-skipper-kroatien\/","title":{"rendered":"Yachtcharter mit Skipper Kroatien"},"content":{"rendered":"\n<p>Ein Yachtcharter mit Skipper Kroatien ist die perfekte Wahl, wenn Sie von einem Segelurlaub tr\u00e4umen, aber keine Segellizenz oder Erfahrung haben oder sich einfach voll und ganz entspannen m\u00f6chten. Statt sich um Navigation und Man\u00f6ver zu k\u00fcmmern, genie\u00dfen Sie die Freiheit auf dem Meer und entdecken die sch\u00f6nsten Seiten der Adriak\u00fcste.<\/p>\n\n\n\n<p>Erleben Sie <strong>kristallklares Meer, idyllische Buchten und charmante Inseln<\/strong>, w\u00e4hrend Ihr erfahrener Skipper sich um Route, Sicherheit und das Handling der Yacht k\u00fcmmert. Ob <a href=\"https:\/\/ultra-sailing.hr\/de\/boats\/\" target=\"_blank\" rel=\"noreferrer noopener\">Segelboot<\/a> oder <a href=\"https:\/\/ultra-sailing.hr\/de\/catamarans\/\" target=\"_blank\" rel=\"noreferrer noopener\">Katamaran-Charter<\/a>, Sie profitieren von lokaler Expertise und k\u00f6nnen Ihren Urlaub entspannt und sorgenfrei genie\u00dfen.<\/p>\n\n\n\n<h2 class=\"wp-block-heading\">Wer ein Yachtcharter mit Skipper w\u00e4hlen sollte<\/h2>\n\n\n\n<p>Das Chartern eines Bootes mit Skipper ist ideal f\u00fcr Familien oder Gruppen von Freunden, die ihre Reise entspannt genie\u00dfen und die Verantwortung einem <strong>erfahrenen Kapit\u00e4n<\/strong> \u00fcberlassen m\u00f6chten.<br>Keine Lizenz erforderlich: Sie ben\u00f6tigen keinen Bootsf\u00fchrerschein oder Segelschein.<br>Keine Segelerfahrung notwendig: Obwohl keine Vorkenntnisse n\u00f6tig sind, k\u00f6nnen Segelbegeisterte aktiv am Segeln teilnehmen, vom Skipper lernen und sich wertvolle Tipps holen.<\/p>\n\n\n\n<p>Auch erfahrene Segler entscheiden sich manchmal f\u00fcr einen Skipper, z. B. bei Regatten, um von dessen Expertise zu profitieren und neue Segeltechniken zu erlernen. Unsere Skipper geben Ihnen gerne Einblicke, die Ihnen sp\u00e4ter beim eigenst\u00e4ndigen Chartern eines Bootes n\u00fctzlich sein k\u00f6nnen<\/p>\n\n\n\n<figure class=\"wp-block-embed is-type-video is-provider-youtube wp-block-embed-youtube wp-embed-aspect-16-9 wp-has-aspect-ratio\"><div class=\"wp-block-embed__wrapper\">\n<iframe loading=\"lazy\" title=\"Sailing holidays Croatia - Ultra Sailing Yacht Charter\" width=\"640\" height=\"360\" src=\"https:\/\/www.youtube.com\/embed\/aY6sLhlQ5F0?feature=oembed&#038;enablejsapi=1&#038;origin=https:\/\/ultra-sailing.hr\" frameborder=\"0\" allow=\"accelerometer; autoplay; clipboard-write; encrypted-media; gyroscope; picture-in-picture; web-share\" referrerpolicy=\"strict-origin-when-cross-origin\" allowfullscreen><\/iframe>\n<\/div><\/figure>\n\n\n\n<h2 class=\"wp-block-heading\">Was erwartet Sie mit einem Skipper an Bord?<\/h2>\n\n\n\n<p>Unsere Skipper sind professionelle Nautiker mit umfassender Erfahrung, die sie nicht nur in Kroatien, sondern auch in Gew\u00e4ssern wie Griechenland und Italien gesammelt haben. Sie sprechen neben Kroatisch auch andere Sprachen und sind im Alter zwischen 25 und 50 Jahren. Viele von ihnen haben ihre Segelkarriere bereits in jungen Jahren in kroatischen Segelclubs begonnen und sehen ihre T\u00e4tigkeit als Leidenschaft, nicht nur als Beruf.<\/p>\n\n\n\n<h3 class=\"wp-block-heading\">Aufgaben des Skippers<\/h3>\n\n\n\n<p>Informieren Sie w\u00e4hrend des Check-ins und Check-outs \u00fcber technische Details des Bootes<br>Beraten Sie \u00fcber <a href=\"https:\/\/ultra-sailing.hr\/de\/segelrouten-kroatien\/\" target=\"_blank\" rel=\"noreferrer noopener\">Routen<\/a>, <a href=\"https:\/\/ultra-sailing.hr\/de\/segeltipps\/marinas-in-kroatien\/\" target=\"_blank\" rel=\"noreferrer noopener\">Liegepl\u00e4tze<\/a> und <a href=\"https:\/\/ultra-sailing.hr\/de\/winde-in-kroatien\/\" target=\"_blank\" rel=\"noreferrer noopener\">Wetterbedingungen<\/a>.<br>Bei schlechten Wettervorhersagen kann der Skipper alternative Routen vorschlagen, zu Ihrer Sicherheit und der des Bootes.<\/p>\n\n\n\n<p>Um sicherzustellen, dass der Skipper perfekt zu Ihnen und Ihrer Gruppe passt, bieten wir ein <strong>Skipper-Anfragenformular<\/strong> an. Mit diesen Informationen w\u00e4hlen wir den passenden Skipper aus, der Ihre Bed\u00fcrfnisse und Erwartungen erf\u00fcllt.<\/p>\n\n\n<div class=\"wp-block-image\">\n<figure class=\"aligncenter size-full\"><img loading=\"lazy\" decoding=\"async\" width=\"640\" height=\"803\" src=\"https:\/\/ultra-sailing.hr\/wp-content\/uploads\/2024\/05\/Saona47_Sails.jpg\" alt=\"yachtcharter mit skipper kroatien\" class=\"wp-image-1313\" style=\"aspect-ratio:4\/3;object-fit:cover\" srcset=\"https:\/\/ultra-sailing.hr\/wp-content\/uploads\/2024\/05\/Saona47_Sails.jpg 640w, https:\/\/ultra-sailing.hr\/wp-content\/uploads\/2024\/05\/Saona47_Sails-239x300.jpg 239w\" sizes=\"auto, (max-width: 640px) 100vw, 640px\" \/><\/figure>\n<\/div>\n\n\n<h2 class=\"wp-block-heading\">Routenplanung beim Yachtcharter mit Skipper in Kroatien<\/h2>\n\n\n\n<p>Bei einem <strong>Yachtcharter mit Skipper in Kroatien<\/strong> gestalten Sie Ihre Route ganz nach Ihren pers\u00f6nlichen Vorstellungen. Vor und w\u00e4hrend des T\u00f6rns k\u00f6nnen Sie Ihre W\u00fcnsche jederzeit mit dem Skipper besprechen, der die Planung flexibel an Ihre Interessen und die aktuellen Wetterbedingungen anpasst.<\/p>\n\n\n\n<p>Reisen Sie mit Kindern oder bevorzugen Sie einen entspannten Ablauf, kann die Route entsprechend angepasst werden, mit k\u00fcrzeren Etappen und mehr Zeit f\u00fcr Badepausen und Erholung. So entsteht ein individueller Segelt\u00f6rn, der perfekt auf Ihre Crew abgestimmt ist.<\/p>\n\n\n\n<h2 class=\"wp-block-heading\">Kosten f\u00fcr den Skipper<\/h2>\n\n\n\n<p>Die Kosten f\u00fcr einen Skipper in Kroatien liegen in der Regel zwischen 230 \u20ac und 350 \u20ac pro Tag, inklusive Mehrwertsteuer. Es ist \u00fcblich, dass der Skipper gemeinsam mit der Crew verpflegt wird.<\/p>\n\n\n\n<p>Die Bezahlung kann entweder im Voraus bei der Buchung oder direkt beim Check-in in der Basis erfolgen, je nach Vereinbarung.<\/p>\n\n\n\n<h2 class=\"wp-block-heading\">Vorteile eines Skippers an Bord<\/h2>\n\n\n\n<p>Ein Skipper \u00fcbernimmt nicht nur die technische Verantwortung f\u00fcr das Boot, sondern sorgt auch daf\u00fcr, dass Ihre Reise reibungslos verl\u00e4uft. Er organisiert die Reservierung von Liegepl\u00e4tzen und stellt sicher, dass die Sicherheit der Crew und des Bootes jederzeit gew\u00e4hrleistet ist. Mit <strong>seinen Ortskenntnissen kennt er die besten Ankerpl\u00e4tze und Restaurants<\/strong> und hat oft wertvolle Tipps von Einheimischen parat. Sein Fachwissen und seine Erfahrung bereichern Ihren Segelurlaub, sodass Sie die Zeit entspannt und unbeschwert genie\u00dfen k\u00f6nnen.<\/p>\n\n\n\n<h2 class=\"wp-block-heading\">Tipps bei der Buchung des Bootes mit Skipper<\/h2>\n\n\n\n<p>Es ist sinnvoll, das &#8220;Skipper Formular&#8221; anzufordern, um Ihre W\u00fcnsche und Anforderungen im Voraus zu kl\u00e4ren. Dazu geh\u00f6ren Aspekte wie Rauchgewohnheiten, bevorzugte Sprachen oder andere spezifische Bed\u00fcrfnisse. Wenn Sie eine entspannte Atmosph\u00e4re an Bord bevorzugen, empfiehlt es sich, ein Boot mit einer separaten Kabine f\u00fcr den Skipper zu w\u00e4hlen, um die Privatsph\u00e4re aller zu gew\u00e4hrleisten.  <\/p>\n\n\n\n<h2 class=\"wp-block-heading\">Wie man ein Yachcharter mit Skipper in Kroatien bucht<\/h2>\n\n\n\n<p>\u00dcberlegen Sie zun\u00e4chst, welcher Ausgangspunkt am besten zu Ihren Reisepl\u00e4nen passt, wenn Sie in Kroatien ankommen. <br>Wir bieten vier ausgezeichnete Basen, die strategisch g\u00fcnstig gelegen sind:<\/p>\n\n\n\n<ul class=\"wp-block-list\">\n<li><a href=\"https:\/\/ultra-sailing.hr\/de\/yachtcharter-basis-dubrovnik\/\" target=\"_blank\" rel=\"noreferrer noopener\">Dubrovnik<\/a> (ca. 25 km vom <a href=\"https:\/\/www.dbv.hr\/en\" target=\"_blank\" rel=\"noreferrer noopener nofollow\">Flughafen Dubrovnik<\/a> entfernt)<\/li>\n\n\n\n<li><a href=\"https:\/\/ultra-sailing.hr\/de\/yachtcharter-basis-trogir\/\" target=\"_blank\" rel=\"noreferrer noopener\">Trogir<\/a> (ca. 6 km vom Flughafen Split entfernt)<\/li>\n\n\n\n<li><a href=\"https:\/\/ultra-sailing.hr\/de\/yachtcharter-basis-split\/\" target=\"_blank\" rel=\"noreferrer noopener\">Split<\/a> (ca. 25 km vom Flughafen Split entfernt)<\/li>\n\n\n\n<li><a href=\"https:\/\/ultra-sailing.hr\/de\/yachtcharter-basis-pula\/\" target=\"_blank\" rel=\"noreferrer noopener\">Pomer<\/a> (ca. 10 km vom Flughafen Pula entfernt)<\/li>\n<\/ul>\n\n\n\n<p>Ein Transfer vom Flughafen zur Basis kann auf Wunsch bei unserer Buchungsabteilung arrangiert werden.<\/p>\n\n\n\n<p>Wenn Sie Ihr Ziel und den gew\u00fcnschten Bootstyp bereits kennen, k\u00f6nnen Sie die Buchung schnell und einfach \u00fcber die Suchmaschine auf unserer Website durchf\u00fchren. Sollten Sie Beratung ben\u00f6tigen, steht unser Buchungsb\u00fcro Ihnen montags bis freitags von 8.00 bis 20.00 Uhr und auch am Wochenende zur Verf\u00fcgung. Sie erhalten eine Antwort auf Ihre Anfrage in der Regel innerhalb von 30 Minuten.  <\/p>\n\n\n\n<p>Sobald Sie Ihr Charterboot gebucht haben und wir Ihnen Ihren Skipper zugewiesen haben, stellen wir Ihnen seine Kontaktdaten zur Verf\u00fcgung, damit Sie Ihre Pr\u00e4ferenzen bez\u00fcglich Route, Restaurants, Str\u00e4nden und mehr besprechen k\u00f6nnen.<\/p>\n\n\n\n<h2 class=\"wp-block-heading\">Notwendige Dokumente und Kaution<\/h2>\n\n\n\n<p>F\u00fcr einen Charter mit Skipper ben\u00f6tigen Sie lediglich einen g\u00fcltigen Reisepass oder Personalausweis. Der Skipper bringt alle erforderlichen Lizenzen, wie den Bootsf\u00fchrerschein und die VHF-Lizenz, mit.<\/p>\n\n\n\n<p>Alle Boote sind versichert und trotz der Anwesenheit eines Skippers, muss die Kaution f\u00fcr den Fall des von Crewmitgliedern verursachten Schaden (z.B. das gebrochene Fenster o. Tisch), hinterlegt werden.<\/p>\n\n\n\n<p><strong>Kaution:<\/strong> Die Kaution wird durch Kreditkarte hinterlassen (bevorzugt) oder in Bar. Nach der R\u00fcckkehr des Bootes wird der hinterlassene Betrag entsperrt (an den Klienten zur\u00fcckgegeben). Kaution ist der Teil, den die Versicherung f\u00fcr, z. B. das zerbrochene Fenster, nicht deckt. Ist der Schaden kleiner als die Kaution, so werden wir Ihre Kreditkarte entsperren und Ihnen den Betrag nur f\u00fcr die realen Kosten in Rechnung stellen. Alle Sch\u00e4den sollten umgehend an die Support-Nummer gemeldet werden. Wenn der Skipper einen Schaden verursacht, dann deckt er den Schaden bzw. seine eigene Versicherung.<\/p>\n\n\n\n<p>Erfahren Sie mehr \u00fcber Segelurlaub mit Skipper in unserem Blog:<\/p>\n\n\n\t\t<div class=\"c-nav-card-group\">\n\t\t\t\n<a href=\"https:\/\/blog.ultra-sailing.hr\/de\/yachtcharter-in-kroatien-mit-skipper-und-hostess\/\" class=\"c-nav-card\" target=\"_blank\">\n\t<img loading=\"lazy\" decoding=\"async\" width=\"680\" height=\"320\" src=\"https:\/\/ultra-sailing.hr\/wp-content\/uploads\/2024\/05\/Oceanis461_UltraSailing-680x320.jpg\" class=\"attachment-680x320 size-680x320\" alt=\"Skippered Sailing Holidays in Croatia\" \/>\t<div class=\"c-nav-card__main\">\n\t\t<p class=\"c-nav-card__title\">Yachtcharter Kroatien mit Skipper<\/p>\n\t\t<p class=\"c-nav-card__subtitle\">Wir verbinden Sie mit dem perfekten Skipper f\u00fcr Ihren Traumt\u00f6rn.<\/p>\n\t\t<div class=\"c-nav-card__icon\">\n\t\t\t<svg class=\"o-icon u-stroke-2\"><use xmlns:xlink=\"http:\/\/www.w3.org\/1999\/xlink\" xlink:href=\"https:\/\/ultra-sailing.hr\/wp-content\/themes\/ultra-sailing\/assets\/sprite\/icons.svg#icon-chevron-right\"><\/use><\/svg>\t\t<\/div>\n\t<\/div>\n<\/a>\t\t<\/div>\n","protected":false},"excerpt":{"rendered":"<p>Ein Yachtcharter mit Skipper Kroatien ist die perfekte Wahl, wenn Sie von einem Segelurlaub tr\u00e4umen, aber keine Segellizenz oder Erfahrung haben oder sich einfach voll und ganz entspannen m\u00f6chten. Statt sich um Navigation und Man\u00f6ver zu k\u00fcmmern, genie\u00dfen Sie die Freiheit auf dem Meer und entdecken die sch\u00f6nsten Seiten der Adriak\u00fcste. Erleben Sie kristallklares Meer, [&hellip;]<\/p>\n","protected":false},"author":1,"featured_media":0,"parent":0,"menu_order":0,"comment_status":"closed","ping_status":"closed","template":"","meta":{"_acf_changed":false,"footnotes":""},"class_list":["post-3465","page","type-page","status-publish","hentry"],"acf":[],"_links":{"self":[{"href":"https:\/\/ultra-sailing.hr\/de\/wp-json\/wp\/v2\/pages\/3465","targetHints":{"allow":["GET"]}}],"collection":[{"href":"https:\/\/ultra-sailing.hr\/de\/wp-json\/wp\/v2\/pages"}],"about":[{"href":"https:\/\/ultra-sailing.hr\/de\/wp-json\/wp\/v2\/types\/page"}],"author":[{"embeddable":true,"href":"https:\/\/ultra-sailing.hr\/de\/wp-json\/wp\/v2\/users\/1"}],"replies":[{"embeddable":true,"href":"https:\/\/ultra-sailing.hr\/de\/wp-json\/wp\/v2\/comments?post=3465"}],"version-history":[{"count":5,"href":"https:\/\/ultra-sailing.hr\/de\/wp-json\/wp\/v2\/pages\/3465\/revisions"}],"predecessor-version":[{"id":6089,"href":"https:\/\/ultra-sailing.hr\/de\/wp-json\/wp\/v2\/pages\/3465\/revisions\/6089"}],"wp:attachment":[{"href":"https:\/\/ultra-sailing.hr\/de\/wp-json\/wp\/v2\/media?parent=3465"}],"curies":[{"name":"wp","href":"https:\/\/api.w.org\/{rel}","templated":true}]}}