{"id":3470,"date":"2024-03-10T18:42:19","date_gmt":"2024-03-10T17:42:19","guid":{"rendered":"https:\/\/ultra-sailing.hr\/dev-wordpress\/teambuilding-und-segelregatta-in-kroatien\/"},"modified":"2025-03-04T14:12:02","modified_gmt":"2025-03-04T13:12:02","slug":"segeln-teambuilding-kroatien","status":"publish","type":"page","link":"https:\/\/ultra-sailing.hr\/de\/segeln-teambuilding-kroatien\/","title":{"rendered":"Teambuilding in Kroatien"},"content":{"rendered":"\n<p>Der Begriff <strong>Team-Building-Programm<\/strong> wird in der modernen Berufswelt h\u00e4ufig gebraucht. Die Untersuchungen von Experten f\u00fcr dieses Thema best\u00e4tigen, dass die<strong> Effizienz von Arbeitsgruppen<\/strong> und Einzelpersonen direkt in Zusammenhang steht mit deren Teilnahme an solchen Veranstaltungen, das gilt vor allem f\u00fcr Menschen in f\u00fchrenden Positionen, die unter gro\u00dfem Stress arbeiten.<\/p>\n\n\n\n<p>Der Begriff Teambuilding bedeutet:<\/p>\n\n\n\n<ul class=\"wp-block-list\">\n<li>Zusammen mit Experten arbeitet eine Gruppe oder Einzelpersonen daran, dass innerhalb eines Unternehmens die Arbeit effizienter wird.<\/li>\n\n\n\n<li><strong>Improving the relations<\/strong> between workers in the company and business units<\/li>\n\n\n\n<li>Ein h\u00f6heres Niveau und mehr Qualit\u00e4t sowohl bei einzelnen Mitarbeitern als auch in der gesamten Gruppe<\/li>\n<\/ul>\n\n\n\n<p>Das Ziel besteht darin, die Beziehungen zwischen den Gruppen auf allen Ebenen des Betriebes zu verbessern und dadurch mehr Effizienz bei den Abl\u00e4ufen zu erreichen. Zeit <strong>miteinander in freier Natur<\/strong> (Segeln) zu verbringen ist daf\u00fcr eine gute M\u00f6glichkeit.<\/p>\n\n\n\n<p><strong><strong>Ma\u00dfgeschneiderte Programme<\/strong>:<\/strong> Unser Team von Experten wird mit Ihnen zusammenarbeiten, um ein Programm zu erstellen, das auf Ihre Bed\u00fcrfnisse und Ziele zugeschnitten ist. Ob Sie an Team-Building-Aktivit\u00e4ten, Segelwettbewerben oder einem entspannten Treffen auf dem Meer interessiert sind, wir sind bestrebt, Ihre Vorstellungen zum Leben zu erwecken.<\/p>\n\n\n\n<p><strong><strong>Qualifizierte Instruktoren<\/strong>:<\/strong> Unsere erfahrenen Skipper und Instruktoren bieten die notwendige Schulung und Unterst\u00fctzung, um sicherzustellen, dass alle Teilnehmer sicheres und angenehmes Segeln genie\u00dfen k\u00f6nnen.<\/p>\n\n\n\n<p>Das Segeln in einer Flottille ist eine au\u00dfergew\u00f6hnliche Erfahrung, die Teamarbeit, Zusammenarbeit und Kommunikation unter den Teilnehmern f\u00f6rdert. Jedes Segelboot in der Flottille startet gemeinsam in Richtung des Ziels und schafft dabei ein aufregendes Gef\u00fchl von &#8216;Wettbewerb&#8217;, w\u00e4hrend es die Teamarbeit f\u00f6rdert. Neben der Freude am Segeln f\u00f6rdert diese Aktivit\u00e4t auch strategisches Denken, Planung und schnelle Anpassung an sich \u00e4ndernde Seebedingungen.<\/p>\n\n\n\n<p><strong>Gruppenziele des Team-buildings sind:<\/strong><\/p>\n\n\n\n<ul class=\"wp-block-list\">\n<li>Kontakte zwischen Mitarbeitern<\/li>\n\n\n\n<li>Verbesserung der Kommunikation in den Teams<\/li>\n\n\n\n<li>Gewinnerh\u00f6hung<\/li>\n\n\n\n<li>Verfolgung gemeinsamer Ziele<\/li>\n\n\n\n<li>Verbesserung der Zusammenarbeit<\/li>\n\n\n\n<li>besser Probleml\u00f6sungen finden<\/li>\n\n\n\n<li>Koordination der Rollen in der Gruppe<\/li>\n<\/ul>\n\n\n\n<p><strong>Individual goals of Team building<\/strong>:<\/p>\n\n\n\n<ul class=\"wp-block-list\">\n<li>Eigene Grenzen \u00fcberwinden<\/li>\n\n\n\n<li>H\u00f6heres Selbstvertrauen und mehr Selbstkontrolle<\/li>\n\n\n\n<li>Gef\u00fchl f\u00fcr Entspannung bekommen<\/li>\n\n\n\n<li>Gef\u00fchl f\u00fcr den Erfolg durch Teamarbeit bekommen<\/li>\n\n\n\n<li>Natur und Einsamkeit genie\u00dfen<\/li>\n\n\n\n<li>K\u00f6rperlich aktiv sein und sich selbst dazu motivieren<\/li>\n\n\n\n<li>Unterhaltung<\/li>\n<\/ul>\n\n\n\n<p>Kontaktieren Sie uns einfach und teilen Sie uns Ihre W\u00fcnsche und Ideen mit. Unser Team wird Ihnen Vorschl\u00e4ge geben, um sicherzustellen, dass Ihre Regatta oder Team-Building-Aktivit\u00e4t perfekt mit Ihrer Erwartung \u00fcbereinstimmt<\/p>\n\n\n\n<p><mark style=\"background-color:rgba(0, 0, 0, 0)\" class=\"has-inline-color has-vivid-red-color\">Price on request!<\/mark><\/p>\n\n\n<div class=\"u-mb-5\">\n\t<a href=\"mailto:booking@ultra-sailing.hr\" class=\"c-badge\">\n\t\t<svg class=\"o-icon u-stroke-2\"><use xmlns:xlink=\"http:\/\/www.w3.org\/1999\/xlink\" xlink:href=\"https:\/\/ultra-sailing.hr\/wp-content\/themes\/ultra-sailing\/assets\/sprite\/icons.svg#icon-mail\"><\/use><\/svg>\t\t<span>booking@ultra-sailing.hr<\/span>\n\t<\/a>\n<\/div>\n\n\n<div class=\"u-mb-5\">\n\t<a href=\"tel:+385 21 398 578\" class=\"c-badge\">\n\t\t<svg class=\"o-icon u-stroke-2\"><use xmlns:xlink=\"http:\/\/www.w3.org\/1999\/xlink\" xlink:href=\"https:\/\/ultra-sailing.hr\/wp-content\/themes\/ultra-sailing\/assets\/sprite\/icons.svg#icon-phone\"><\/use><\/svg>\t\t<span>+385 21 398 578<\/span>\n\t<\/a>\n<\/div>\n","protected":false},"excerpt":{"rendered":"<p>Der Begriff Team-Building-Programm wird in der modernen Berufswelt h\u00e4ufig gebraucht. Die Untersuchungen von Experten f\u00fcr dieses Thema best\u00e4tigen, dass die Effizienz von Arbeitsgruppen und Einzelpersonen direkt in Zusammenhang steht mit deren Teilnahme an solchen Veranstaltungen, das gilt vor allem f\u00fcr Menschen in f\u00fchrenden Positionen, die unter gro\u00dfem Stress arbeiten. Der Begriff Teambuilding bedeutet: Das Ziel [&hellip;]<\/p>\n","protected":false},"author":1,"featured_media":0,"parent":0,"menu_order":0,"comment_status":"closed","ping_status":"closed","template":"","meta":{"_acf_changed":false,"footnotes":""},"class_list":["post-3470","page","type-page","status-publish","hentry"],"acf":[],"_links":{"self":[{"href":"https:\/\/ultra-sailing.hr\/de\/wp-json\/wp\/v2\/pages\/3470","targetHints":{"allow":["GET"]}}],"collection":[{"href":"https:\/\/ultra-sailing.hr\/de\/wp-json\/wp\/v2\/pages"}],"about":[{"href":"https:\/\/ultra-sailing.hr\/de\/wp-json\/wp\/v2\/types\/page"}],"author":[{"embeddable":true,"href":"https:\/\/ultra-sailing.hr\/de\/wp-json\/wp\/v2\/users\/1"}],"replies":[{"embeddable":true,"href":"https:\/\/ultra-sailing.hr\/de\/wp-json\/wp\/v2\/comments?post=3470"}],"version-history":[{"count":3,"href":"https:\/\/ultra-sailing.hr\/de\/wp-json\/wp\/v2\/pages\/3470\/revisions"}],"predecessor-version":[{"id":3474,"href":"https:\/\/ultra-sailing.hr\/de\/wp-json\/wp\/v2\/pages\/3470\/revisions\/3474"}],"wp:attachment":[{"href":"https:\/\/ultra-sailing.hr\/de\/wp-json\/wp\/v2\/media?parent=3470"}],"curies":[{"name":"wp","href":"https:\/\/api.w.org\/{rel}","templated":true}]}}