{"id":3480,"date":"2024-03-05T19:45:07","date_gmt":"2024-03-05T18:45:07","guid":{"rendered":"https:\/\/ultra-sailing.hr\/dev-wordpress\/winde-in-kroatien\/"},"modified":"2024-12-06T14:34:24","modified_gmt":"2024-12-06T13:34:24","slug":"winde-in-kroatien","status":"publish","type":"page","link":"https:\/\/ultra-sailing.hr\/de\/winde-in-kroatien\/","title":{"rendered":"Winde in Kroatien"},"content":{"rendered":"\n<p>Wettervorhersagen k\u00f6nnen Sie \u00fcber Radio Zagreb oder lokale Sender wie Split Radio, Dubrovnik Radio und Rijeka Radio empfangen. Zus\u00e4tzlich sind aktuelle Wetterberichte in den B\u00fcros der Hafenmeister oder an den Rezeptionen der Marinas verf\u00fcgbar. In der heutigen Zeit bevorzugen die meisten Charterg\u00e4ste jedoch, Wettervorhersagen online abzurufen \u2013 etwa \u00fcber Websites wie windy.com, vrijemeradar.hr, meteo.hr oder verschiedene mobile Apps, die benutzerfreundlich und stets aktuell sind.   <\/p>\n\n\n<div class=\"wp-block-image\">\n<figure class=\"aligncenter size-full\"><img loading=\"lazy\" decoding=\"async\" width=\"768\" height=\"768\" src=\"https:\/\/ultra-sailing.hr\/wp-content\/uploads\/2024\/05\/wind_rose_Croatia_Ultra_sailing.jpg\" alt=\"\" class=\"wp-image-1388\" srcset=\"https:\/\/ultra-sailing.hr\/wp-content\/uploads\/2024\/05\/wind_rose_Croatia_Ultra_sailing.jpg 768w, https:\/\/ultra-sailing.hr\/wp-content\/uploads\/2024\/05\/wind_rose_Croatia_Ultra_sailing-540x540.jpg 540w, https:\/\/ultra-sailing.hr\/wp-content\/uploads\/2024\/05\/wind_rose_Croatia_Ultra_sailing-150x150.jpg 150w, https:\/\/ultra-sailing.hr\/wp-content\/uploads\/2024\/05\/wind_rose_Croatia_Ultra_sailing-300x300.jpg 300w\" sizes=\"auto, (max-width: 768px) 100vw, 768px\" \/><\/figure>\n<\/div>\n\n\n<h2 class=\"wp-block-heading\">Tramontana &#8211; Nord<\/h2>\n\n\n\n<p>Ganz unangenehmer Wind, St\u00e4rke bis zu 9Bo., Barometer- Hochdruck. Tramontana ist ein kurzer, lokaler Wind, der aus Norden kommt. Er bringt frische, trockene Luft und bleibt in der Regel nur ein bis zwei Tage. Dieser Wind wird oft von klarer, sonniger Witterung gefolgt, was ihn zu einem Zeichen f\u00fcr sch\u00f6nes Wetter macht.<\/p>\n\n\n\n<h2 class=\"wp-block-heading\">Bura &#8211; Nordost<\/h2>\n\n\n\n<p>Die Bura ist ein trockener, kalter und kr\u00e4ftiger Wind, der oft von klarem und stabilem Wetter begleitet wird. Dieser Wind kann sowohl im Sommer als auch im Winter auftreten, wobei er im Winter h\u00e4ufiger und intensiver weht. W\u00e4hrend die Bura im Sommer meist nur ein paar Stunden oder maximal zwei Tage anh\u00e4lt, kann sie im Winter bis zu zwei Wochen andauern und dabei st\u00fcrmische St\u00e4rke erreichen.<\/p>\n\n\n\n<p>Man unterscheidet zwischen der zyklonalen und antizyklonalen Bura. Da es kaum fr\u00fchzeitige Anzeichen f\u00fcr diesen Wind gibt, gilt die Bura als besonders gef\u00e4hrlich f\u00fcr Nautiker. Vor allem im Velebit-Kanal kann sie schwere Sch\u00e4den verursachen und erfordert daher besondere Vorsicht.<\/p>\n\n\n\n<h2 class=\"wp-block-heading\">Levant &#8211; Ost<\/h2>\n\n\n\n<p>Zyklon-Wind mit Regen, Festigkeit bis 7Bo. Barometer-variable (instabil). Levant ist ein gleichm\u00e4\u00dfig wehender Wind, der vor allem bei k\u00fchlem, regnerischem Wetter auftritt. Dieser Wind ist haupts\u00e4chlich in der Nordadria zu finden und l\u00e4sst sich als Mischung zwischen Bura und Jugo beschreiben. Er bringt typischerweise wechselhafte Bedingungen und ist f\u00fcr seine stetige, aber nicht allzu starke St\u00e4rke bekannt.<\/p>\n\n\n\n<h2 class=\"wp-block-heading\">Jugo-Scirocco &#8211; S\u00fcdost<\/h2>\n\n\n\n<p>Zyklon-gef\u00e4hrlicher Wind mit Regen, Festigkeit bis 12Bo, dauert bis zu 3 Tage. Meeresspiegel-Hoch. Barometer st\u00e4ndig fallender Druck &#8211; niedrig. Jugo ist ein warmer, feuchter Wind aus s\u00fcd\u00f6stlicher Richtung, der meist mit bew\u00f6lktem Himmel und Regen einhergeht. Das Meer steigt bei Jugo und es kommt h\u00e4ufig zu Flut. In den Sommermonaten kann dieser Wind bis zu drei Tage anhalten, w\u00e4hrend er im Winter oft bis zu neun Tage dauert \u2013 manchmal sogar mit Unterbrechungen bis zu drei Wochen. Ein Vorteil von Jugo im Vergleich zur Bura sind die deutlichen Vorzeichen wie die allm\u00e4hliche Erh\u00f6hung der Lufttemperatur und -feuchtigkeit sowie eine Verschlechterung der Sicht. Zudem weht Jugo zu Beginn gleichm\u00e4\u00dfig, bevor er sp\u00e4ter m\u00f6glicherweise zu Orkanb\u00f6en ansteigt, was mehr Zeit zur Vorbereitung gibt.<\/p>\n\n\n\n<h2 class=\"wp-block-heading\">O\u0161tro &#8211; S\u00fcd<\/h2>\n\n\n\n<p>Ostro ist ein warmer, feuchter Wind aus s\u00fcdlicher Richtung, der in der Regel nur f\u00fcr kurze Zeit weht, jedoch mitunter betr\u00e4chtliche St\u00e4rke erreichen kann. In vielerlei Hinsicht \u00e4hnelt Ostro dem Jugo, weshalb viele kroatische Fischer ihn als eine Variante des s\u00fcd\u00f6stlichen Windes betrachten.<\/p>\n\n\n\n<h2 class=\"wp-block-heading\">Libeccio &#8211; S\u00fcdwest<\/h2>\n\n\n\n<p>Gef\u00e4hrlicher Wind, entwickelt sich schnell, weht selten, Festigkeit bis 12Bo. Barometer-Druck niedrig. Lebic ist ein starker, st\u00fcrmischer Wind aus s\u00fcdwestlicher Richtung, der h\u00e4ufig mit starkem Regen, schlechter Sicht und hohen Wellen einhergeht. Im Sommer bringt er oft kurzfristige, lokale Unwetter, auch als <em>Nevera<\/em> bekannt, die von heftigen B\u00f6en und schnell wechselnden Windrichtungen begleitet werden. Obwohl <em>Nevera<\/em> typischerweise im Sommer auftritt, ist der Vorteil, dass diese Wetterph\u00e4nomene meist nur kurz anhalten und auf kleinere geografische Bereiche beschr\u00e4nkt sind.<\/p>\n\n\n\n<h2 class=\"wp-block-heading\">Ponente &#8211; West<\/h2>\n\n\n\n<p>Gef\u00e4hrlicher Wind, entwickelt sich schnell, weht selten. St\u00e4rke bis zu 12 Bo. Barometer Druck niedrig. In Kroatien auch Pulenat genannt. Pulenat ist ein Wind, der aus westlicher Richtung weht und entlang der Adria nur selten auftritt. Dieser Wind kommt oft \u00fcberraschend und ohne erkennbare Vorzeichen. Pulenat ist ein kurzer, aber gelegentlich sehr starker Wind, der bis zu einer St\u00e4rke von 12 Bf erreichen kann. Er wird h\u00e4ufig von heftigen Regenf\u00e4llen und Unwettern begleitet, was ihn zu einem gef\u00e4hrlichen Ph\u00e4nomen macht.<\/p>\n\n\n\n<h2 class=\"wp-block-heading\">Mistral &#8211; Nordwest<\/h2>\n\n\n\n<p>Spezifisch f\u00fcr den Sommer, weht in der Regel nachmittags, Festigkeit bis 6BO. Auf dem offenen Meer kann zu ganz gro\u00dfen Wellen kommen. Ausgezeichneter Wind zum Segeln. Barometer-Hochdruck. Der Maestral ist ein typischer Sommerwind, der nur entlang der K\u00fcste weht. Er ist ein Tageswind, der sich gegen sp\u00e4ten Vormittag (ca. 10 Uhr) entwickelt und bis zum Sonnenuntergang (zwischen 18 und 19 Uhr) anh\u00e4lt. Am Nachmittag, gegen 14 Uhr, erreicht er seine st\u00e4rkste Auspr\u00e4gung. Dieser Wind kommt aus nordwestlicher Richtung und bringt eine erfrischende Brise, die bei schw\u00fclen Sommertemperaturen sehr willkommen ist.<\/p>\n\n\n\n<h2 class=\"wp-block-heading\">Burin<\/h2>\n\n\n\n<p>Richtung Land-Meer.<br>St\u00e4rke 2-3BO. Normalerweise bringt sch\u00f6nes Wetter. Im Sommer weht meistens w\u00e4hrend der Nacht. Barometer-Hochdruck.  <\/p>\n\n\n\n<h2 class=\"wp-block-heading\">Nevera &#8211; Sturm<\/h2>\n\n\n\n<p>Sehr gef\u00e4hrlicher Wind. Ankunft der Nevera kann durch sehr schwere Wolken, kommend von SW-NW, Blitz, Donner und Regen erkannt werden. Dauert nicht lang, ca. 1-2 Stunden, St\u00e4rke bis zu 12 Bo. Normalerweise passiert es im Sommer, selten aber. Es wird empfohlen, ein Schutz vor dem Wind zu suchen. Barometer-Variable.<\/p>\n\n\n\n<iframe loading=\"lazy\" src=\"https:\/\/embed.windy.com\/embed2.html?lat=43.524&#038;lon=15.875&#038;zoom=7&#038;level=surface&#038;overlay=wind&#038;menu=&#038;message=&#038;marker=&#038;calendar=&#038;pressure=&#038;type=map&#038;location=coordinates&#038;detail=&#038;detailLat=43.508&#038;detailLon=16.251&#038;metricWind=default&#038;metricTemp=default&#038;radarRange=-1\" width=\"100%\" height=\"350\" frameborder=\"0\"><\/iframe>\n","protected":false},"excerpt":{"rendered":"<p>Wettervorhersagen k\u00f6nnen Sie \u00fcber Radio Zagreb oder lokale Sender wie Split Radio, Dubrovnik Radio und Rijeka Radio empfangen. Zus\u00e4tzlich sind aktuelle Wetterberichte in den B\u00fcros der Hafenmeister oder an den Rezeptionen der Marinas verf\u00fcgbar. In der heutigen Zeit bevorzugen die meisten Charterg\u00e4ste jedoch, Wettervorhersagen online abzurufen \u2013 etwa \u00fcber Websites wie windy.com, vrijemeradar.hr, meteo.hr oder [&hellip;]<\/p>\n","protected":false},"author":1,"featured_media":0,"parent":0,"menu_order":0,"comment_status":"closed","ping_status":"closed","template":"","meta":{"_acf_changed":false,"footnotes":""},"class_list":["post-3480","page","type-page","status-publish","hentry"],"acf":[],"_links":{"self":[{"href":"https:\/\/ultra-sailing.hr\/de\/wp-json\/wp\/v2\/pages\/3480","targetHints":{"allow":["GET"]}}],"collection":[{"href":"https:\/\/ultra-sailing.hr\/de\/wp-json\/wp\/v2\/pages"}],"about":[{"href":"https:\/\/ultra-sailing.hr\/de\/wp-json\/wp\/v2\/types\/page"}],"author":[{"embeddable":true,"href":"https:\/\/ultra-sailing.hr\/de\/wp-json\/wp\/v2\/users\/1"}],"replies":[{"embeddable":true,"href":"https:\/\/ultra-sailing.hr\/de\/wp-json\/wp\/v2\/comments?post=3480"}],"version-history":[{"count":3,"href":"https:\/\/ultra-sailing.hr\/de\/wp-json\/wp\/v2\/pages\/3480\/revisions"}],"predecessor-version":[{"id":3485,"href":"https:\/\/ultra-sailing.hr\/de\/wp-json\/wp\/v2\/pages\/3480\/revisions\/3485"}],"wp:attachment":[{"href":"https:\/\/ultra-sailing.hr\/de\/wp-json\/wp\/v2\/media?parent=3480"}],"curies":[{"name":"wp","href":"https:\/\/api.w.org\/{rel}","templated":true}]}}