{"id":1494,"date":"2024-01-31T21:39:27","date_gmt":"2024-01-31T20:39:27","guid":{"rendered":"https:\/\/ultra-sailing.hr\/dev-wordpress\/homepage\/"},"modified":"2026-03-05T11:37:22","modified_gmt":"2026-03-05T10:37:22","slug":"homepage","status":"publish","type":"page","link":"https:\/\/ultra-sailing.hr\/fr\/","title":{"rendered":"Homepage"},"content":{"rendered":"\t<div class=\"c-block c-block--bg-primary c-block--spacing-sm\">\n\t\t<div class=\"o-container\">\n\t\t\t<div class=\"o-row\">\n\t\t\t\t<div class=\"o-col-12\">\n\t\t\t\t\t<div class=\"c-pill-gallery\">\n\t\t\t\t\t\t<div class=\"c-pill-gallery__item c-pill-gallery__item--1\">\n\t\t\t\t\t\t\t<img decoding=\"async\" src=\"https:\/\/ultra-sailing.hr\/wp-content\/themes\/ultra-sailing\/assets\/images\/content\/pill-gallery-1.jpg\" class=\"c-pill-gallery__photo\" \/>\n\t\t\t\t\t\t<\/div>\n\t\t\t\t\t\t<div class=\"c-pill-gallery__item c-pill-gallery__item--2\">\n\t\t\t\t\t\t\t<img decoding=\"async\" src=\"https:\/\/ultra-sailing.hr\/wp-content\/themes\/ultra-sailing\/assets\/images\/content\/pill-gallery-2.jpg\" class=\"c-pill-gallery__photo\" \/>\n\t\t\t\t\t\t<\/div>\n\t\t\t\t\t\t<div class=\"c-pill-gallery__item c-pill-gallery__item--3\">\n\t\t\t\t\t\t\t<img decoding=\"async\" src=\"https:\/\/ultra-sailing.hr\/wp-content\/themes\/ultra-sailing\/assets\/images\/content\/pill-gallery-3.jpg\" class=\"c-pill-gallery__photo\" \/>\n\t\t\t\t\t\t<\/div>\n\t\t\t\t\t<\/div>\n\t\t\t\t<\/div>\n\t\t\t<\/div>\n\t\t\t<div class=\"o-row\">\n\t\t\t\t<div class=\"o-col-10@md o-col-7@lg o-col-6@xl\">\n\t\t\t\t\t<p class=\"c-block__accent\">Location de yachts en Croatie<\/p>\n\t\t\t\t\t<h1 class=\"c-block__title c-block__title--lg\">Location de Voiliers et catamarans en Croatie<\/h1>\n\t\t\t\t\t<div class=\"c-block__main c-block__main--lg\">\n\t\t\t\t\t\t<p>Notre mission est de fournir un service de haute qualit\u00e9 \u00e0 chaque client qui aura choisi l\u2019un de nos bateaux de location pour voguer vers des vacances m\u00e9morables le long de la c\u00f4te Adriatique. Avec 1 800 km de c\u00f4tes et plus de 1 200 \u00eeles et \u00eelots, la Croatie est un paradis pour les marins, alors n\u2019attendez plus et d\u00e9butez votre prochaine exp\u00e9rience de navigation inoubliable avec nous!<\/p>\n\t\t\t\t\t<\/div>\n\t\t\t\t<\/div>\n\t\t\t<\/div>\n\t\t\t<div class=\"o-row u-mt-8 u-mt-10@lg\">\n\t\t\t\t<div class=\"o-col-12\">\n\t\t\t\t\t<form id=\"\" class=\"c-search-form \" method=\"get\" action=\"https:\/\/ultra-sailing.hr\/fr\/boats\/\">\n\t<div class=\"c-search-form__icon\">\n\t\t<svg class=\"o-icon \"><use xmlns:xlink=\"http:\/\/www.w3.org\/1999\/xlink\" xlink:href=\"https:\/\/ultra-sailing.hr\/wp-content\/themes\/ultra-sailing\/assets\/sprite\/icons.svg#icon-search\"><\/use><\/svg>\t<\/div>\n\t<div class=\"c-search-form__fields\">\n\t\t<div class=\"c-search-form__field\">\n\t\t\t<select name=\"sailing-area\" placeholder=\"Zone de navigation\" class=\"c-search-form__select\">\n\t\t\t\t<option value=\"\">Tout<\/option>\n\t\t\t\t\t\t\t\t\t<option value=\"dubrovnik\" >Dubrovnik<\/option>\n\t\t\t\t\t\t\t\t\t<option value=\"istria-kvarner\" >Istria \/ Kvarner<\/option>\n\t\t\t\t\t\t\t\t\t<option value=\"split\" >Split \/ Trogir<\/option>\n\t\t\t\t\t\t\t<\/select>\n\t\t<\/div>\n\t\t<div class=\"c-search-form__field\">\n\t\t\t<select name=\"boat-type\" placeholder=\"Type de yacht\" class=\"c-search-form__select\">\n\t\t\t\t<option value=\"\">Tout<\/option>\n\t\t\t\t\t\t\t\t\t<option value=\"catamaran\" >Catamaran<\/option>\n\t\t\t\t\t\t\t\t\t<option value=\"sail-boat\" >Voilier<\/option>\n\t\t\t\t\t\t\t<\/select>\n\t\t<\/div>\n\t\t\t\t\t<div class=\"c-search-form__field\">\n\t\t\t\t<select name=\"cabins\" placeholder=\"Cabines\" class=\"c-search-form__select\">\n\t\t\t\t\t<option value=\"\">Tout<\/option>\n\t\t\t\t\t\t\t\t\t\t\t<option value=\"1\" >1<\/option>\n\t\t\t\t\t\t\t\t\t\t\t<option value=\"2\" >2<\/option>\n\t\t\t\t\t\t\t\t\t\t\t<option value=\"3\" >3<\/option>\n\t\t\t\t\t\t\t\t\t\t\t<option value=\"4\" >4<\/option>\n\t\t\t\t\t\t\t\t\t\t\t<option value=\"5\" >5<\/option>\n\t\t\t\t\t\t\t\t\t\t\t<option value=\"6\" >6<\/option>\n\t\t\t\t\t\t\t\t\t\t\t<option value=\"7\" >7<\/option>\n\t\t\t\t\t\t\t\t\t<\/select>\n\t\t\t<\/div>\n\t\t\t\t<div class=\"c-search-form__field\">\n\t\t\t<input readonly name=\"renting-timeframe\" value=\"\" placeholder=\"S\u00e9lectionnez la p\u00e9riode de r\u00e9servation\" class=\"js-ultra-datepicker c-search-form__datepicker\" aria-label=\"Dates d&#039;arriv\u00e9e et de d\u00e9part\">\n\t\t<\/div>\n\t<\/div>\n\t<div class=\"c-search-form__button\">\n\t\t\t\t<input type=\"submit\" href=\"#\" class=\"c-button c-button--primary c-button--full\" value=\"Trouver un yacht\" \/>\n\t<\/div>\n<\/form>\n\t\t\t\t<\/div>\n\t\t\t<\/div>\n\t\t<\/div>\n\t<\/div>\n\n\n\t<div class=\"c-block c-block--spacing-lg\">\n\t\t<div class=\"c-map\">\n\t\t\t\t\t\t\t<a href=\"https:\/\/ultra-sailing.hr\/fr\/base-de-location-pula\/\" class=\"c-map-pin c-map-pin--pula \">\n\t\t\t\t\t<p>Pula<\/p>\n\t\t\t\t<\/a>\n\t\t\t\t\t\t\t<a href=\"https:\/\/ultra-sailing.hr\/fr\/base-de-location-trogir\/\" class=\"c-map-pin c-map-pin--trogir \">\n\t\t\t\t\t<p>Trogir<\/p>\n\t\t\t\t<\/a>\n\t\t\t\t\t\t\t<a href=\"https:\/\/ultra-sailing.hr\/fr\/base-de-location-split\/\" class=\"c-map-pin c-map-pin--split c-map-pin--direction-end\">\n\t\t\t\t\t<p>Split<\/p>\n\t\t\t\t<\/a>\n\t\t\t\t\t\t\t<a href=\"https:\/\/ultra-sailing.hr\/fr\/base-de-location-dubrovnik\/\" class=\"c-map-pin c-map-pin--dubrovnik \">\n\t\t\t\t\t<p>Dubrovnik<\/p>\n\t\t\t\t<\/a>\n\t\t\t\t\t\t<img decoding=\"async\" src=\"https:\/\/ultra-sailing.hr\/wp-content\/themes\/ultra-sailing\/assets\/images\/layout\/map-croatia.svg\" class=\"c-map__vector\" \/>\n\t\t<\/div>\n\t\t<div class=\"o-container\">\n\t\t\t<div class=\"o-row\">\n\t\t\t\t<div class=\"o-col-6@lg o-col-5@xl\">\n\t\t\t\t\t<p class=\"c-block__accent\">Nos implantations<\/p>\n\t\t\t\t\t<h2 class=\"c-block__title\">Id\u00e9alement situ\u00e9es \u00e0 proximit\u00e9 des a\u00e9roports et des plus belles \u00eeles<\/h2>\n\t\t\t\t\t<div class=\"c-block__main\">\n\t\t\t\t\t\t<p>Nos bases de location de voiliers et catamarans sont proches des a\u00e9roports et les marinas offrent une infrastructure parfaite et des conditions id\u00e9ales pour d\u00e9couvrir la c\u00f4te Adriatique.<\/p>\n\t\t\t\t\t<\/div>\n\t\t\t\t<\/div>\n\t\t\t<\/div>\n\t\t\t<div class=\"o-row\">\n\t\t\t\t<div class=\"o-col-10@lg o-col-8@xl\">\n\t\t\t\t\t<div class=\"u-flex u-flex-wrap u-gap-5 u-mt-7\">\n\t\t\t\t\t\t\t\t\t\t\t\t\t<div>\n\t\t\t\t\t\t\t\t<a href=\"https:\/\/ultra-sailing.hr\/fr\/base-de-location-pula\/\" class=\"c-content-card c-content-card--xs\">\n\t\t\t\t\t\t\t\t\t<div class=\"c-content-card__image\">\n\t\t\t\t\t\t\t\t\t\t<img loading=\"lazy\" decoding=\"async\" width=\"248\" height=\"158\" src=\"https:\/\/ultra-sailing.hr\/wp-content\/uploads\/2024\/04\/Rectangle-23.png\" class=\"attachment-248x160 size-248x160\" alt=\"Yacht Charter Croatia Pula\" \/>\t\t\t\t\t\t\t\t\t<\/div>\n\t\t\t\t\t\t\t\t\t<h3 class=\"c-content-card__title\">Pula<\/h3>\n\t\t\t\t\t\t\t\t<\/a>\n\t\t\t\t\t\t\t<\/div>\n\t\t\t\t\t\t\t\t\t\t\t\t\t<div>\n\t\t\t\t\t\t\t\t<a href=\"https:\/\/ultra-sailing.hr\/fr\/base-de-location-trogir\/\" class=\"c-content-card c-content-card--xs\">\n\t\t\t\t\t\t\t\t\t<div class=\"c-content-card__image\">\n\t\t\t\t\t\t\t\t\t\t<img loading=\"lazy\" decoding=\"async\" width=\"248\" height=\"158\" src=\"https:\/\/ultra-sailing.hr\/wp-content\/uploads\/2024\/04\/Rectangle-22.png\" class=\"attachment-248x160 size-248x160\" alt=\"Yacht Charter Croatia Trogir\" \/>\t\t\t\t\t\t\t\t\t<\/div>\n\t\t\t\t\t\t\t\t\t<h3 class=\"c-content-card__title\">Trogir<\/h3>\n\t\t\t\t\t\t\t\t<\/a>\n\t\t\t\t\t\t\t<\/div>\n\t\t\t\t\t\t\t\t\t\t\t\t\t<div>\n\t\t\t\t\t\t\t\t<a href=\"https:\/\/ultra-sailing.hr\/fr\/base-de-location-split\/\" class=\"c-content-card c-content-card--xs\">\n\t\t\t\t\t\t\t\t\t<div class=\"c-content-card__image\">\n\t\t\t\t\t\t\t\t\t\t<img loading=\"lazy\" decoding=\"async\" width=\"248\" height=\"158\" src=\"https:\/\/ultra-sailing.hr\/wp-content\/uploads\/2024\/04\/Rectangle-20.png\" class=\"attachment-248x160 size-248x160\" alt=\"Yacht Charter Croatia Split\" \/>\t\t\t\t\t\t\t\t\t<\/div>\n\t\t\t\t\t\t\t\t\t<h3 class=\"c-content-card__title\">Split<\/h3>\n\t\t\t\t\t\t\t\t<\/a>\n\t\t\t\t\t\t\t<\/div>\n\t\t\t\t\t\t\t\t\t\t\t\t\t<div>\n\t\t\t\t\t\t\t\t<a href=\"https:\/\/ultra-sailing.hr\/fr\/base-de-location-dubrovnik\/\" class=\"c-content-card c-content-card--xs\">\n\t\t\t\t\t\t\t\t\t<div class=\"c-content-card__image\">\n\t\t\t\t\t\t\t\t\t\t<img loading=\"lazy\" decoding=\"async\" width=\"248\" height=\"158\" src=\"https:\/\/ultra-sailing.hr\/wp-content\/uploads\/2024\/04\/Rectangle-21.png\" class=\"attachment-248x160 size-248x160\" alt=\"Yacht Charter Croatia Dubrovnik\" \/>\t\t\t\t\t\t\t\t\t<\/div>\n\t\t\t\t\t\t\t\t\t<h3 class=\"c-content-card__title\">Dubrovnik<\/h3>\n\t\t\t\t\t\t\t\t<\/a>\n\t\t\t\t\t\t\t<\/div>\n\t\t\t\t\t\t\t\t\t\t\t<\/div>\n\t\t\t\t<\/div>\n\t\t\t<\/div>\n\t\t<\/div>\n\t<\/div>\n\n\n\t<div class=\"c-block c-block--bg-primary c-block--spacing-sm\">\n\t\t<div class=\"o-container\">\n\t\t\t<div class=\"o-row\">\n\t\t\t\t<div class=\"o-col-5@lg o-col-6@xl\">\n\t\t\t\t\t<div class=\"u-sticky u-top-29 u-mb-13 u-mb-0@lg\">\n\t\t\t\t\t\t<p class=\"c-block__accent\">Les marins approuvent<\/p>\n\t\t\t\t\t\t<h2 class=\"c-block__title\">Location de yachts en Croatie &#8211; nos clients<\/h2>\n\t\t\t\t\t\t<div class=\"c-block__main\">\n\t\t\t\t\t\t\t<p>Nous sommes tr\u00e8s fiers de fournir un service exceptionnel et de mettre tout en \u0153uvre pour que vous viviez une exp\u00e9rience inoubliable. Voyez ce que disent nos clients! Personnel professionnel, superbes navires et bases accessibles : tout ce dont vous avez besoin pour des vacances parfaites.<\/p>\n\t\t\t\t\t\t<\/div>\n\t\t\t\t\t\t<div>\n\t\t\t\t\t\t\t<a href=\"https:\/\/ultra-sailing.hr\/fr\/avis-des-clients\/\" class=\"c-button c-button--link\">Read more<\/a>\n\t\t\t\t\t\t<\/div>\n\t\t\t\t\t<\/div>\n\t\t\t\t<\/div>\n\t\t\t\t<div class=\"o-col-6@lg o-col-5@xl u-ml-auto\">\n\t\t\t\t\t<div class=\"elfsight-app-141246b1-dfa7-4b0d-a9c1-5393dd4e1af5\" data-elfsight-app-lazy><\/div>\t\t\t\t<\/div>\n\t\t\t<\/div>\n\t\t<\/div>\n\t<\/div>\n\n\n\t<div class=\"c-block c-block--bg-gradient c-block--spacing-sm\">\n\t\t<div class=\"o-container\">\n\t\t\t<div class=\"o-row\">\n\t\t\t\t<div class=\"o-col-5@lg o-col-6@xl\">\n\t\t\t\t\t<div class=\"u-sticky u-top-29 u-mb-8\">\n\t\t\t\t\t\t<p class=\"c-block__accent\">\u00eates-vous pr\u00eats?<\/p>\n\t\t\t\t\t\t<h2 class=\"c-block__title\">Embarquez pour votre aventure voile en Croatie<\/h2>\n\t\t\t\t\t<\/div>\n\t\t\t\t<\/div>\n\t\t\t<\/div>\n\t\t\t<div class=\"o-row u-mb-16 u-mb-18@sm\">\n\t\t\t\t<div class=\"o-col-12\">\n\t\t\t\t\t<form id=\"\" class=\"c-search-form \" method=\"get\" action=\"https:\/\/ultra-sailing.hr\/fr\/boats\/\">\n\t<div class=\"c-search-form__icon\">\n\t\t<svg class=\"o-icon \"><use xmlns:xlink=\"http:\/\/www.w3.org\/1999\/xlink\" xlink:href=\"https:\/\/ultra-sailing.hr\/wp-content\/themes\/ultra-sailing\/assets\/sprite\/icons.svg#icon-search\"><\/use><\/svg>\t<\/div>\n\t<div class=\"c-search-form__fields\">\n\t\t<div class=\"c-search-form__field\">\n\t\t\t<select name=\"sailing-area\" placeholder=\"Zone de navigation\" class=\"c-search-form__select\">\n\t\t\t\t<option value=\"\">Tout<\/option>\n\t\t\t\t\t\t\t\t\t<option value=\"dubrovnik\" >Dubrovnik<\/option>\n\t\t\t\t\t\t\t\t\t<option value=\"istria-kvarner\" >Istria \/ Kvarner<\/option>\n\t\t\t\t\t\t\t\t\t<option value=\"split\" >Split \/ Trogir<\/option>\n\t\t\t\t\t\t\t<\/select>\n\t\t<\/div>\n\t\t<div class=\"c-search-form__field\">\n\t\t\t<select name=\"boat-type\" placeholder=\"Type de yacht\" class=\"c-search-form__select\">\n\t\t\t\t<option value=\"\">Tout<\/option>\n\t\t\t\t\t\t\t\t\t<option value=\"catamaran\" >Catamaran<\/option>\n\t\t\t\t\t\t\t\t\t<option value=\"sail-boat\" >Voilier<\/option>\n\t\t\t\t\t\t\t<\/select>\n\t\t<\/div>\n\t\t\t\t\t<div class=\"c-search-form__field\">\n\t\t\t\t<select name=\"cabins\" placeholder=\"Cabines\" class=\"c-search-form__select\">\n\t\t\t\t\t<option value=\"\">Tout<\/option>\n\t\t\t\t\t\t\t\t\t\t\t<option value=\"1\" >1<\/option>\n\t\t\t\t\t\t\t\t\t\t\t<option value=\"2\" >2<\/option>\n\t\t\t\t\t\t\t\t\t\t\t<option value=\"3\" >3<\/option>\n\t\t\t\t\t\t\t\t\t\t\t<option value=\"4\" >4<\/option>\n\t\t\t\t\t\t\t\t\t\t\t<option value=\"5\" >5<\/option>\n\t\t\t\t\t\t\t\t\t\t\t<option value=\"6\" >6<\/option>\n\t\t\t\t\t\t\t\t\t\t\t<option value=\"7\" >7<\/option>\n\t\t\t\t\t\t\t\t\t<\/select>\n\t\t\t<\/div>\n\t\t\t\t<div class=\"c-search-form__field\">\n\t\t\t<input readonly name=\"renting-timeframe\" value=\"\" placeholder=\"S\u00e9lectionnez la p\u00e9riode de r\u00e9servation\" class=\"js-ultra-datepicker c-search-form__datepicker\" aria-label=\"Dates d&#039;arriv\u00e9e et de d\u00e9part\">\n\t\t<\/div>\n\t<\/div>\n\t<div class=\"c-search-form__button\">\n\t\t\t\t<input type=\"submit\" href=\"#\" class=\"c-button c-button--primary c-button--full\" value=\"Trouver un yacht\" \/>\n\t<\/div>\n<\/form>\n\t\t\t\t<\/div>\n\t\t\t<\/div>\n\t\t\t\t\t\t\t<div class=\"o-row u-gap-y-7\">\n\t\t\t\t\t\t\t\t\t\t<div class=\"o-col-6 o-col-4@md o-col-3@xl\">\n\t\t\t\t\t\t<a href=\"https:\/\/ultra-sailing.hr\/hr\/boats\/\" class=\"c-content-card\">\n\t\t\t\t\t\t\t<div class=\"c-content-card__image\">\n\t\t\t\t\t\t\t\t<img loading=\"lazy\" decoding=\"async\" width=\"540\" height=\"540\" src=\"https:\/\/ultra-sailing.hr\/wp-content\/uploads\/2024\/04\/Yacht_Rental_Croatia_oceanis54-1-540x540.jpg\" class=\"attachment-540x540 size-540x540\" alt=\"location de yachts en croatie\" srcset=\"https:\/\/ultra-sailing.hr\/wp-content\/uploads\/2024\/04\/Yacht_Rental_Croatia_oceanis54-1-540x540.jpg 540w, https:\/\/ultra-sailing.hr\/wp-content\/uploads\/2024\/04\/Yacht_Rental_Croatia_oceanis54-1-150x150.jpg 150w, https:\/\/ultra-sailing.hr\/wp-content\/uploads\/2024\/04\/Yacht_Rental_Croatia_oceanis54-1-300x300.jpg 300w, https:\/\/ultra-sailing.hr\/wp-content\/uploads\/2024\/04\/Yacht_Rental_Croatia_oceanis54-1-768x768.jpg 768w, https:\/\/ultra-sailing.hr\/wp-content\/uploads\/2024\/04\/Yacht_Rental_Croatia_oceanis54-1.jpg 1024w\" sizes=\"auto, (max-width: 540px) 100vw, 540px\" \/>\t\t\t\t\t\t\t<\/div>\n\t\t\t\t\t\t\t<h3 class=\"c-content-card__title\">Voiliers<\/h3>\n\t\t\t\t\t\t\t<p class=\"c-content-card__label\">La forme de tourisme nautique la plus populaire<\/p>\n\t\t\t\t\t\t<\/a>\n\t\t\t\t\t<\/div>\n\t\t\t\t\t\t\t\t\t\t<div class=\"o-col-6 o-col-4@md o-col-3@xl\">\n\t\t\t\t\t\t<a href=\"\" class=\"c-content-card\">\n\t\t\t\t\t\t\t<div class=\"c-content-card__image\">\n\t\t\t\t\t\t\t\t<img loading=\"lazy\" decoding=\"async\" width=\"540\" height=\"540\" src=\"https:\/\/ultra-sailing.hr\/wp-content\/uploads\/2024\/04\/Katamaran_Ultra_sailing_Hrvatska-e1714127940655-540x540.jpg\" class=\"attachment-540x540 size-540x540\" alt=\"Yacht charter Croatia Catamarans\" srcset=\"https:\/\/ultra-sailing.hr\/wp-content\/uploads\/2024\/04\/Katamaran_Ultra_sailing_Hrvatska-e1714127940655-540x540.jpg 540w, https:\/\/ultra-sailing.hr\/wp-content\/uploads\/2024\/04\/Katamaran_Ultra_sailing_Hrvatska-e1714127940655-150x150.jpg 150w, https:\/\/ultra-sailing.hr\/wp-content\/uploads\/2024\/04\/Katamaran_Ultra_sailing_Hrvatska-e1714127940655-300x300.jpg 300w, https:\/\/ultra-sailing.hr\/wp-content\/uploads\/2024\/04\/Katamaran_Ultra_sailing_Hrvatska-e1714127940655.jpg 768w\" sizes=\"auto, (max-width: 540px) 100vw, 540px\" \/>\t\t\t\t\t\t\t<\/div>\n\t\t\t\t\t\t\t<h3 class=\"c-content-card__title\">Catamarans<\/h3>\n\t\t\t\t\t\t\t<p class=\"c-content-card__label\">Croisi\u00e8re familiale ou vacances en groupe<\/p>\n\t\t\t\t\t\t<\/a>\n\t\t\t\t\t<\/div>\n\t\t\t\t\t\t\t\t\t\t<div class=\"o-col-6 o-col-4@md o-col-3@xl\">\n\t\t\t\t\t\t<a href=\"https:\/\/www.beneteau-croatia.hr\/hr\/\" class=\"c-content-card\" rel=\"nofollow noopener\" target=\"_blank\">\n\t\t\t\t\t\t\t<div class=\"c-content-card__image\">\n\t\t\t\t\t\t\t\t<img loading=\"lazy\" decoding=\"async\" width=\"540\" height=\"540\" src=\"https:\/\/ultra-sailing.hr\/wp-content\/uploads\/2024\/05\/Oceanis_Yacht_54_Ultra_sailing_Croatia-8-e1715163929270-540x540.jpg\" class=\"attachment-540x540 size-540x540\" alt=\"\" srcset=\"https:\/\/ultra-sailing.hr\/wp-content\/uploads\/2024\/05\/Oceanis_Yacht_54_Ultra_sailing_Croatia-8-e1715163929270-540x540.jpg 540w, https:\/\/ultra-sailing.hr\/wp-content\/uploads\/2024\/05\/Oceanis_Yacht_54_Ultra_sailing_Croatia-8-e1715163929270-150x150.jpg 150w, https:\/\/ultra-sailing.hr\/wp-content\/uploads\/2024\/05\/Oceanis_Yacht_54_Ultra_sailing_Croatia-8-e1715163929270-300x300.jpg 300w, https:\/\/ultra-sailing.hr\/wp-content\/uploads\/2024\/05\/Oceanis_Yacht_54_Ultra_sailing_Croatia-8-e1715163929270-768x768.jpg 768w, https:\/\/ultra-sailing.hr\/wp-content\/uploads\/2024\/05\/Oceanis_Yacht_54_Ultra_sailing_Croatia-8-e1715163929270-1024x1024.jpg 1024w, https:\/\/ultra-sailing.hr\/wp-content\/uploads\/2024\/05\/Oceanis_Yacht_54_Ultra_sailing_Croatia-8-e1715163929270.jpg 1406w\" sizes=\"auto, (max-width: 540px) 100vw, 540px\" \/>\t\t\t\t\t\t\t<\/div>\n\t\t\t\t\t\t\t<h3 class=\"c-content-card__title\">Voiliers Beneteau<\/h3>\n\t\t\t\t\t\t\t<p class=\"c-content-card__label\">Voiliers neufs ou d&#8217;occasion, \u00e0 vous de choisir<\/p>\n\t\t\t\t\t\t<\/a>\n\t\t\t\t\t<\/div>\n\t\t\t\t\t\t\t\t\t\t<div class=\"o-col-6 o-col-4@md o-col-3@xl\">\n\t\t\t\t\t\t<a href=\"https:\/\/www.fountaine-pajot-croatia.com\/\" class=\"c-content-card\" rel=\"nofollow noopener\" target=\"_blank\">\n\t\t\t\t\t\t\t<div class=\"c-content-card__image\">\n\t\t\t\t\t\t\t\t<img loading=\"lazy\" decoding=\"async\" width=\"540\" height=\"540\" src=\"https:\/\/ultra-sailing.hr\/wp-content\/uploads\/2024\/05\/Aura51_luxury_Catamaran_princess_Croatia-10-e1715163880225-540x540.jpg\" class=\"attachment-540x540 size-540x540\" alt=\"\" srcset=\"https:\/\/ultra-sailing.hr\/wp-content\/uploads\/2024\/05\/Aura51_luxury_Catamaran_princess_Croatia-10-e1715163880225-540x540.jpg 540w, https:\/\/ultra-sailing.hr\/wp-content\/uploads\/2024\/05\/Aura51_luxury_Catamaran_princess_Croatia-10-e1715163880225-150x150.jpg 150w, https:\/\/ultra-sailing.hr\/wp-content\/uploads\/2024\/05\/Aura51_luxury_Catamaran_princess_Croatia-10-e1715163880225-300x300.jpg 300w, https:\/\/ultra-sailing.hr\/wp-content\/uploads\/2024\/05\/Aura51_luxury_Catamaran_princess_Croatia-10-e1715163880225-768x768.jpg 768w, https:\/\/ultra-sailing.hr\/wp-content\/uploads\/2024\/05\/Aura51_luxury_Catamaran_princess_Croatia-10-e1715163880225-1024x1024.jpg 1024w, https:\/\/ultra-sailing.hr\/wp-content\/uploads\/2024\/05\/Aura51_luxury_Catamaran_princess_Croatia-10-e1715163880225.jpg 1080w\" sizes=\"auto, (max-width: 540px) 100vw, 540px\" \/>\t\t\t\t\t\t\t<\/div>\n\t\t\t\t\t\t\t<h3 class=\"c-content-card__title\">Catamaran Fountaine Pajot<\/h3>\n\t\t\t\t\t\t\t<p class=\"c-content-card__label\">En priv\u00e9 ou en tant qu&#8217;investissement en gestion de charte<\/p>\n\t\t\t\t\t\t<\/a>\n\t\t\t\t\t<\/div>\n\t\t\t\t\t\t\t\t\t<\/div>\n\t\t\t\t\t<\/div>\n\t<\/div>\n","protected":false},"excerpt":{"rendered":"","protected":false},"author":1,"featured_media":0,"parent":0,"menu_order":0,"comment_status":"closed","ping_status":"closed","template":"","meta":{"_acf_changed":false,"footnotes":""},"class_list":["post-1494","page","type-page","status-publish","hentry"],"acf":[],"_links":{"self":[{"href":"https:\/\/ultra-sailing.hr\/fr\/wp-json\/wp\/v2\/pages\/1494","targetHints":{"allow":["GET"]}}],"collection":[{"href":"https:\/\/ultra-sailing.hr\/fr\/wp-json\/wp\/v2\/pages"}],"about":[{"href":"https:\/\/ultra-sailing.hr\/fr\/wp-json\/wp\/v2\/types\/page"}],"author":[{"embeddable":true,"href":"https:\/\/ultra-sailing.hr\/fr\/wp-json\/wp\/v2\/users\/1"}],"replies":[{"embeddable":true,"href":"https:\/\/ultra-sailing.hr\/fr\/wp-json\/wp\/v2\/comments?post=1494"}],"version-history":[{"count":6,"href":"https:\/\/ultra-sailing.hr\/fr\/wp-json\/wp\/v2\/pages\/1494\/revisions"}],"predecessor-version":[{"id":6041,"href":"https:\/\/ultra-sailing.hr\/fr\/wp-json\/wp\/v2\/pages\/1494\/revisions\/6041"}],"wp:attachment":[{"href":"https:\/\/ultra-sailing.hr\/fr\/wp-json\/wp\/v2\/media?parent=1494"}],"curies":[{"name":"wp","href":"https:\/\/api.w.org\/{rel}","templated":true}]}}