{"id":4104,"date":"2024-03-10T15:50:58","date_gmt":"2024-03-10T14:50:58","guid":{"rendered":"https:\/\/ultra-sailing.hr\/dev-wordpress\/a-propos-de-lecole-de-voile-ultra\/"},"modified":"2025-02-20T14:00:56","modified_gmt":"2025-02-20T13:00:56","slug":"a-propos-de-lecole-de-voile-ultra","status":"publish","type":"page","link":"https:\/\/ultra-sailing.hr\/fr\/a-propos-de-lecole-de-voile-ultra\/","title":{"rendered":"\u00c0 propos de l&#8217;\u00e9cole de voile Ultra"},"content":{"rendered":"\n<p>L&#8217;\u00e9cole de voile ULTRA a \u00e9t\u00e9 fond\u00e9e en 1995 par des marins croates enthousiastes. Au cours de leurs nombreux voyages pour des comp\u00e9titions de voile, ils se sont inspir\u00e9s des \u00e9coles de voile dans des pays o\u00f9 l&#8217;amour de la voile est largement enseign\u00e9 \u00e0 une grande vari\u00e9t\u00e9 de personnes. Ils ont d\u00e9cid\u00e9 de transmettre leurs connaissances non seulement aux marins d&#8217;\u00e9lite potentiels, mais aussi aux marins amateurs et aux aspirants marins.<\/p>\n\n\n\n<p>L&#8217;\u00e9cole de voile Ultra Sailing School est situ\u00e9e \u00e0 ACI Marina Split, o\u00f9 se trouve une grande partie de notre flotte Beneteau. Le fondateur de l&#8217;\u00e9cole, Emil Toma\u0161evi\u0107, est un marin croate de renom, avec plus de 40 ans d&#8217;exp\u00e9rience dans les classes olympiques (Finn et Laser), les courses au large et en tant que conf\u00e9rencier maritime. Son expertise est \u00e9galement partag\u00e9e dans le guide croate <em>Sailing Skills<\/em>.<\/p>\n\n\n\n<p>Les instructeurs de l&#8217;\u00e9cole de voile sont des marins croates tr\u00e8s qualifi\u00e9s avec une exp\u00e9rience exceptionnelle \u00e0 la fois en r\u00e9gate et en tant que skippers professionnels dans le tourisme nautique.<\/p>\n\n\n\n<p>Nos cours de voile se d\u00e9roulent en anglais, cependant les \u00e9tudiants peuvent b\u00e9n\u00e9ficier d&#8217;un accompagnement dans d&#8217;autres langues sur demande (croate, fran\u00e7ais, allemand&#8230;)<\/p>\n\n\n\n<p>L&#8217;\u00e9cole de voile Ultra propose des cours de voile avec certification ISPA en utilisant les manuels de voile officiels ISPA en anglais. Une fois le niveau Day Skipper termin\u00e9, les \u00e9tudiants qui r\u00e9ussissent re\u00e7oivent un exemplaire gratuit du livre Sailing Skills, en anglais ou en croate, pour les accompagner dans leurs premiers pas en autonomie.<\/p>\n\n\n<div class=\"u-mb-5\">\n\t<a href=\"mailto:school@ultra-sailing.hr\" class=\"c-badge\">\n\t\t<svg class=\"o-icon u-stroke-2\"><use xmlns:xlink=\"http:\/\/www.w3.org\/1999\/xlink\" xlink:href=\"https:\/\/ultra-sailing.hr\/wp-content\/themes\/ultra-sailing\/assets\/sprite\/icons.svg#icon-mail\"><\/use><\/svg>\t\t<span>school@ultra-sailing.hr<\/span>\n\t<\/a>\n<\/div>\n\n\n<div class=\"u-mb-5\">\n\t<a href=\"tel:+385 21 398 578\" class=\"c-badge\">\n\t\t<svg class=\"o-icon u-stroke-2\"><use xmlns:xlink=\"http:\/\/www.w3.org\/1999\/xlink\" xlink:href=\"https:\/\/ultra-sailing.hr\/wp-content\/themes\/ultra-sailing\/assets\/sprite\/icons.svg#icon-phone\"><\/use><\/svg>\t\t<span>+385 21 398 578<\/span>\n\t<\/a>\n<\/div>\n\n\n\n<figure class=\"wp-block-embed is-type-video is-provider-youtube wp-block-embed-youtube wp-embed-aspect-16-9 wp-has-aspect-ratio\"><div class=\"wp-block-embed__wrapper\">\n<iframe loading=\"lazy\" title=\"Learn to Sail in Croatia - Ultra Sailing School\" width=\"640\" height=\"360\" src=\"https:\/\/www.youtube.com\/embed\/ZDqpz3-XJOY?feature=oembed\" frameborder=\"0\" allow=\"accelerometer; autoplay; clipboard-write; encrypted-media; gyroscope; picture-in-picture; web-share\" referrerpolicy=\"strict-origin-when-cross-origin\" allowfullscreen><\/iframe>\n<\/div><\/figure>\n\n\n\n<h2 class=\"wp-block-heading\">Informations utiles<\/h2>\n\n\n\n<ul class=\"wp-block-list\">\n<li>Mat\u00e9riel d&#8217;apprentissage ISPA (cahier d&#8217;exercices ISPA et carnet de bord personnel) inclus dans le prix <\/li>\n\n\n\n<li>Cours de voile pour \u00e9quipage comp\u00e9tent : accessible sans exp\u00e9rience ni connaissances pr\u00e9alables<\/li>\n\n\n\n<li>Cours de voile Day Skipper : le participant doit avoir valid\u00e9 le niveau Comp\u00e9tent Crew ou \u00eatre en mesure de justifier d&#8217;une certification de navigation \u00e9quivalente<\/li>\n\n\n\n<li>Coastal Navigator Sail Cours: Day Skipper Sail Cours compl\u00e9t\u00e9<\/li>\n<\/ul>\n\n\n\n<p>Les participants qui n&#8217;ont assist\u00e9 \u00e0 aucun des cours ISPA peuvent demander \u00e0 participer avec nous \u00e0 une r\u00e9gate, mais ne peuvent pas obtenir de certificat ISPA.<\/p>\n","protected":false},"excerpt":{"rendered":"<p>L&#8217;\u00e9cole de voile ULTRA a \u00e9t\u00e9 fond\u00e9e en 1995 par des marins croates enthousiastes. Au cours de leurs nombreux voyages pour des comp\u00e9titions de voile, ils se sont inspir\u00e9s des \u00e9coles de voile dans des pays o\u00f9 l&#8217;amour de la voile est largement enseign\u00e9 \u00e0 une grande vari\u00e9t\u00e9 de personnes. Ils ont d\u00e9cid\u00e9 de transmettre [&hellip;]<\/p>\n","protected":false},"author":1,"featured_media":0,"parent":0,"menu_order":0,"comment_status":"closed","ping_status":"closed","template":"","meta":{"_acf_changed":false,"footnotes":""},"class_list":["post-4104","page","type-page","status-publish","hentry"],"acf":[],"_links":{"self":[{"href":"https:\/\/ultra-sailing.hr\/fr\/wp-json\/wp\/v2\/pages\/4104","targetHints":{"allow":["GET"]}}],"collection":[{"href":"https:\/\/ultra-sailing.hr\/fr\/wp-json\/wp\/v2\/pages"}],"about":[{"href":"https:\/\/ultra-sailing.hr\/fr\/wp-json\/wp\/v2\/types\/page"}],"author":[{"embeddable":true,"href":"https:\/\/ultra-sailing.hr\/fr\/wp-json\/wp\/v2\/users\/1"}],"replies":[{"embeddable":true,"href":"https:\/\/ultra-sailing.hr\/fr\/wp-json\/wp\/v2\/comments?post=4104"}],"version-history":[{"count":3,"href":"https:\/\/ultra-sailing.hr\/fr\/wp-json\/wp\/v2\/pages\/4104\/revisions"}],"predecessor-version":[{"id":4283,"href":"https:\/\/ultra-sailing.hr\/fr\/wp-json\/wp\/v2\/pages\/4104\/revisions\/4283"}],"wp:attachment":[{"href":"https:\/\/ultra-sailing.hr\/fr\/wp-json\/wp\/v2\/media?parent=4104"}],"curies":[{"name":"wp","href":"https:\/\/api.w.org\/{rel}","templated":true}]}}