{"id":4112,"date":"2024-03-05T18:57:23","date_gmt":"2024-03-05T17:57:23","guid":{"rendered":"https:\/\/ultra-sailing.hr\/dev-wordpress\/a-propos-de-nous\/a-propos-dultra-sailing\/"},"modified":"2025-02-20T13:55:45","modified_gmt":"2025-02-20T12:55:45","slug":"a-propos-dultra","status":"publish","type":"page","link":"https:\/\/ultra-sailing.hr\/fr\/a-propos-dultra\/","title":{"rendered":"\u00c0 propos d&#8217;Ultra Sailing"},"content":{"rendered":"\n<p>Fond\u00e9e \u00e0 Split en 1995, Ultra Sailing est sp\u00e9cialis\u00e9e dans les activit\u00e9s nautiques et de navigation commerciale. Notre \u00e9quipe de plus de 35 professionnels exp\u00e9riment\u00e9s et passionn\u00e9s se consacre \u00e0 offrir un service exceptionnel \u00e0 nos clients.  <\/p>\n\n\n\n<figure class=\"wp-block-embed is-type-video is-provider-youtube wp-block-embed-youtube wp-embed-aspect-16-9 wp-has-aspect-ratio\"><div class=\"wp-block-embed__wrapper\">\n<iframe loading=\"lazy\" title=\"Ultra Sailing Croatia - Yacht Charter I Brokerage I Beneteau Authorised Dealer\" width=\"640\" height=\"360\" src=\"https:\/\/www.youtube.com\/embed\/Us2dhCEIQT8?feature=oembed\" frameborder=\"0\" allow=\"accelerometer; autoplay; clipboard-write; encrypted-media; gyroscope; picture-in-picture; web-share\" referrerpolicy=\"strict-origin-when-cross-origin\" allowfullscreen><\/iframe>\n<\/div><\/figure>\n\n\n\n<h2 class=\"wp-block-heading\"><strong>Ecole de voile Ultra<\/strong><\/h2>\n\n\n\n<p><a>school@ultra-sailing.hr<\/a><br>Depuis notre cr\u00e9ation en 1995, et avec l&#8217;approbation du minist\u00e8re des Sciences et de l&#8217;\u00c9ducation de la R\u00e9publique de Croatie, nous avons fi\u00e8rement mis en place nos propres programmes de formation \u00e0 la voile. Plus de 3 200 participants ont termin\u00e9 le programme, dont beaucoup sont devenus des marins, des skippers et des propri\u00e9taires de bateaux de haut niveau. Nous proposons \u00e9galement des examens de certification ISPA et de licence de conducteur de bateau reconnus au niveau international en coop\u00e9ration avec l&#8217;autorit\u00e9 portuaire, et bon nombre de nos programmes se d\u00e9roulent toute l&#8217;ann\u00e9e \u00e0 Split.  <\/p>\n\n\n\n<h2 class=\"wp-block-heading\"><strong>Location de yachts<\/strong><\/h2>\n\n\n\n<p><a>booking@ultra-sailing.hr<\/a><br>Notre flotte de plus de 70 voiliers modernes Beneteau et catamarans Fountaine Pajot nous permet de r\u00e9pondre aux besoins des clients les plus exigeants. Soigneusement entretenus et enti\u00e8rement \u00e9quip\u00e9s, nos bateaux sont disponibles \u00e0 la location dans les marinas de Trogir, Split, Dubrovnik et Pula. Nous organisons \u00e9galement des r\u00e9gates, des \u00e9v\u00e9nements de team-building et des voyages aller simple de Split \u00e0 Dubrovnik ou vice versa.  <\/p>\n\n\n\n<p>Nous proposons des formules de gestion de location et d&#8217;investissement pour les bateaux neufs. Cela comprend tout, de la vente et de la livraison au support technique, \u00e0 la gestion, \u00e0 la comptabilit\u00e9 et \u00e0 l&#8217;immatriculation du bateau.<\/p>\n\n\n\n<h2 class=\"wp-block-heading\">Repr\u00e9sentant des ventes<\/h2>\n\n\n\n<p><a>sales@ultra-sailing.hr<\/a><br>Nous sommes le concessionnaire agr\u00e9\u00e9 des voiliers Beneteau en Croatie depuis 1999 (bureau \u00e0 Split) et des catamarans Fountaine Pajot depuis 2012 (bureau \u00e0 Marina Baoti\u0107). Nous sommes \u00e9galement agr\u00e9\u00e9s pour l&#8217;entretien et la r\u00e9paration des moteurs diesel Yanmar jusqu&#8217;\u00e0 130 cv (atelier \u00e0 Split).<\/p>\n\n\n\n<h2 class=\"wp-block-heading\">Courtage \u2013 Bateaux d&#8217;occasion<\/h2>\n\n\n\n<p><a>sales@ultra-sailing.hr<\/a><br>Nous facilitons la vente de yachts Beneteau et de catamarans Fountaine Pajot d&#8217;occasion, en offrant des services d&#8217;\u00e9valuation et de repr\u00e9sentation sur le march\u00e9 des bateaux d&#8217;occasion.<\/p>\n\n\n\n<h2 class=\"wp-block-heading\">Service et entretien de yachts<\/h2>\n\n\n\n<p><a>service@ultra-sailing.hr<\/a><br>Notre \u00e9quipe de service combine une vaste exp\u00e9rience de location avec une formation continue, notamment des cours professionnels au chantier naval Beneteau en France. Nous am\u00e9liorons continuellement nos comp\u00e9tences pour fournir une maintenance et un service de premier ordre, notamment: <\/p>\n\n\n\n<ul class=\"wp-block-list\">\n<li>Service et entretien de yachts<\/li>\n\n\n\n<li>Entretien du moteur Yanmar<\/li>\n\n\n\n<li>Entretien du g\u00e9n\u00e9rateur Onan<\/li>\n\n\n\n<li>Entretien des instruments Simrad et B&amp;G<\/li>\n\n\n\n<li>R\u00e9parations de fibre de verre et de bois<\/li>\n<\/ul>\n","protected":false},"excerpt":{"rendered":"<p>Fond\u00e9e \u00e0 Split en 1995, Ultra Sailing est sp\u00e9cialis\u00e9e dans les activit\u00e9s nautiques et de navigation commerciale. Notre \u00e9quipe de plus de 35 professionnels exp\u00e9riment\u00e9s et passionn\u00e9s se consacre \u00e0 offrir un service exceptionnel \u00e0 nos clients. Ecole de voile Ultra school@ultra-sailing.hrDepuis notre cr\u00e9ation en 1995, et avec l&#8217;approbation du minist\u00e8re des Sciences et de [&hellip;]<\/p>\n","protected":false},"author":3,"featured_media":0,"parent":0,"menu_order":0,"comment_status":"closed","ping_status":"closed","template":"","meta":{"_acf_changed":false,"footnotes":""},"class_list":["post-4112","page","type-page","status-publish","hentry"],"acf":[],"_links":{"self":[{"href":"https:\/\/ultra-sailing.hr\/fr\/wp-json\/wp\/v2\/pages\/4112","targetHints":{"allow":["GET"]}}],"collection":[{"href":"https:\/\/ultra-sailing.hr\/fr\/wp-json\/wp\/v2\/pages"}],"about":[{"href":"https:\/\/ultra-sailing.hr\/fr\/wp-json\/wp\/v2\/types\/page"}],"author":[{"embeddable":true,"href":"https:\/\/ultra-sailing.hr\/fr\/wp-json\/wp\/v2\/users\/3"}],"replies":[{"embeddable":true,"href":"https:\/\/ultra-sailing.hr\/fr\/wp-json\/wp\/v2\/comments?post=4112"}],"version-history":[{"count":2,"href":"https:\/\/ultra-sailing.hr\/fr\/wp-json\/wp\/v2\/pages\/4112\/revisions"}],"predecessor-version":[{"id":4115,"href":"https:\/\/ultra-sailing.hr\/fr\/wp-json\/wp\/v2\/pages\/4112\/revisions\/4115"}],"wp:attachment":[{"href":"https:\/\/ultra-sailing.hr\/fr\/wp-json\/wp\/v2\/media?parent=4112"}],"curies":[{"name":"wp","href":"https:\/\/api.w.org\/{rel}","templated":true}]}}