{"id":4119,"date":"2024-03-10T16:20:13","date_gmt":"2024-03-10T15:20:13","guid":{"rendered":"https:\/\/ultra-sailing.hr\/dev-wordpress\/des-destinations-nautiques-attractives\/"},"modified":"2025-02-20T15:15:08","modified_gmt":"2025-02-20T14:15:08","slug":"destination-a-voile-attractive-en-croatie","status":"publish","type":"page","link":"https:\/\/ultra-sailing.hr\/fr\/destination-a-voile-attractive-en-croatie\/","title":{"rendered":"Les destinations nautiques attractives"},"content":{"rendered":"\n<p>Les plaisanciers appr\u00e9cient l&#8217;ind\u00e9pendance que leur offre la mer, les eaux cristallines de la mer Adriatique, les innombrables baies et plages. Des vacances \u00e0 la voile en <strong>Croatie sont donc un must pour tout<\/strong> le monde, que vous sachiez naviguer ou non. Si vous savez naviguer et avez un permis, vous pouvez faire une location de bateau sans \u00e9quipage, sinon nous vous recommandons une location avec skipper.<\/p>\n\n\n\n<p>En naviguant en Croatie, <strong>vous pourrez profiter d&#8217;une c\u00f4te longue de 1800 km avec plus de 1200 \u00eeles et \u00eelots, dont seulement 47 sont habit\u00e9s<\/strong>. Un autre avantage est la distance entre les \u00eeles, qui n&#8217;est pas tr\u00e8s grande, ce qui vous permet de trouver facilement une place de port dans les nombreuses baies, marinas et ports de chaque \u00eele.<\/p>\n\n\n<div class=\"wp-block-image\">\n<figure class=\"aligncenter size-large\"><img loading=\"lazy\" decoding=\"async\" width=\"1024\" height=\"282\" src=\"https:\/\/ultra-sailing.hr\/wp-content\/uploads\/2024\/05\/Sailing_Destination_Croatia_Ultra_Charter-1024x282.jpg\" alt=\"\" class=\"wp-image-1331\" srcset=\"https:\/\/ultra-sailing.hr\/wp-content\/uploads\/2024\/05\/Sailing_Destination_Croatia_Ultra_Charter-1024x282.jpg 1024w, https:\/\/ultra-sailing.hr\/wp-content\/uploads\/2024\/05\/Sailing_Destination_Croatia_Ultra_Charter-768x211.jpg 768w, https:\/\/ultra-sailing.hr\/wp-content\/uploads\/2024\/05\/Sailing_Destination_Croatia_Ultra_Charter-300x83.jpg 300w, https:\/\/ultra-sailing.hr\/wp-content\/uploads\/2024\/05\/Sailing_Destination_Croatia_Ultra_Charter-1536x423.jpg 1536w, https:\/\/ultra-sailing.hr\/wp-content\/uploads\/2024\/05\/Sailing_Destination_Croatia_Ultra_Charter-2048x564.jpg 2048w\" sizes=\"auto, (max-width: 1024px) 100vw, 1024px\" \/><\/figure>\n<\/div>\n\n\n<p>La location d&#8217;un yacht est un type de vacances tr\u00e8s pris\u00e9 en Croatie, car elle permet d&#8217;explorer la c\u00f4te et les \u00eeles. Les clients qui souhaitent explorer toute la c\u00f4te adriatique croate doivent savoir qu&#8217;il faut plus d&#8217;une croisi\u00e8re en voilier pour d\u00e9couvrir toutes les beaut\u00e9s de cette partie de la mer Adriatique. Certains clients pr\u00e9f\u00e8rent faire un voyage aller simple, en partant d&#8217;une base de location et en laissant le bateau dans une autre. Nous proposons ce type de vacances en voilier, au d\u00e9part de Split ou de Trogir et se terminant \u00e0 Dubrovnik, ou vice versa.  <\/p>\n\n\n\n<p>Lors de la planification d&#8217;une location de yacht en Croatie, nous divisons la zone de navigation en Istrie et baie de Kvarner (Pula), Adriatique du Nord (Zadar), Adriatique centrale (Split) et Adriatique du Sud (Dubrovnik). Toutes ces zones de navigation offrent une excellente infrastructure nautique : ports, marinas, champs de bou\u00e9es et mouillages. Elles sont \u00e9galement uniques en termes de tradition, de culture, de vieilles villes historiques, de gastronomie locale et bien plus encore.   <\/p>\n\n\n\n<h2 class=\"wp-block-heading\">R\u00e9gion de l&#8217;Istrie et du Kvarner<\/h2>\n\n\n\n<figure class=\"wp-block-image size-full\"><img loading=\"lazy\" decoding=\"async\" width=\"1640\" height=\"924\" src=\"https:\/\/ultra-sailing.hr\/wp-content\/uploads\/2024\/07\/Istria_and_Kvarner_Croatia-min.jpg\" alt=\"\" class=\"wp-image-1664\" srcset=\"https:\/\/ultra-sailing.hr\/wp-content\/uploads\/2024\/07\/Istria_and_Kvarner_Croatia-min.jpg 1640w, https:\/\/ultra-sailing.hr\/wp-content\/uploads\/2024\/07\/Istria_and_Kvarner_Croatia-min-300x169.jpg 300w, https:\/\/ultra-sailing.hr\/wp-content\/uploads\/2024\/07\/Istria_and_Kvarner_Croatia-min-768x433.jpg 768w, https:\/\/ultra-sailing.hr\/wp-content\/uploads\/2024\/07\/Istria_and_Kvarner_Croatia-min-1024x577.jpg 1024w, https:\/\/ultra-sailing.hr\/wp-content\/uploads\/2024\/07\/Istria_and_Kvarner_Croatia-min-1536x865.jpg 1536w\" sizes=\"auto, (max-width: 1640px) 100vw, 1640px\" \/><\/figure>\n\n\n\n<p>L&#8217;Istrie se trouve \u00e0 l&#8217;extr\u00e9mit\u00e9 nord de la c\u00f4te croate. Cette p\u00e9ninsule abrite certaines des villes les plus populaires et historiques de Croatie, comme Pula, Pore\u010d et Rovinj. La r\u00e9gion de Kvarner, avec ses \u00eeles et ses plages magnifiques, s&#8217;\u00e9tend au sud-est de la p\u00e9ninsule d&#8217;Istrie. Pour naviguer en Istrie et dans la r\u00e9gion de Kvarner, la plupart des gens partent de la ville de Pula, o\u00f9 vous pouvez choisir entre trois marinas, ACI Marina Pula, ACI Marina Pomer et Marina Veruda, qui offrent la plus grande flotte de bateaux de location de la p\u00e9ninsule d&#8217;Istrie. De l\u00e0, vous pouvez vous diriger vers le nord vers les villes de Rovinj, Porec, Novigrad, Umag ou m\u00eame Venise, en Italie. Au sud se trouvent les \u00eeles de Cres, Krk, Unije, Susak, Mali et Veli Losinj, Rab, Premuda, Silba et quelques plus petites.     <\/p>\n\n\n\n<hr class=\"wp-block-separator has-text-color has-vivid-red-color has-alpha-channel-opacity has-vivid-red-background-color has-background is-style-wide\"\/>\n\n\n\n<h2 class=\"wp-block-heading\">R\u00e9gion de l&#8217;Adriatique du Nord<\/h2>\n\n\n\n<figure class=\"wp-block-image size-full\"><img loading=\"lazy\" decoding=\"async\" width=\"1640\" height=\"924\" src=\"https:\/\/ultra-sailing.hr\/wp-content\/uploads\/2024\/07\/North_Adriatic_Croatia-min.jpg\" alt=\"\" class=\"wp-image-1668\" srcset=\"https:\/\/ultra-sailing.hr\/wp-content\/uploads\/2024\/07\/North_Adriatic_Croatia-min.jpg 1640w, https:\/\/ultra-sailing.hr\/wp-content\/uploads\/2024\/07\/North_Adriatic_Croatia-min-300x169.jpg 300w, https:\/\/ultra-sailing.hr\/wp-content\/uploads\/2024\/07\/North_Adriatic_Croatia-min-768x433.jpg 768w, https:\/\/ultra-sailing.hr\/wp-content\/uploads\/2024\/07\/North_Adriatic_Croatia-min-1024x577.jpg 1024w, https:\/\/ultra-sailing.hr\/wp-content\/uploads\/2024\/07\/North_Adriatic_Croatia-min-1536x865.jpg 1536w\" sizes=\"auto, (max-width: 1640px) 100vw, 1640px\" \/><\/figure>\n\n\n\n<p>L\u2019Adriatique du Nord est centr\u00e9e autour de la belle ville de Zadar. Certaines des attractions nationales les plus c\u00e9l\u00e8bres de Croatie se trouvent dans cette r\u00e9gion. Kornati est le parc national le plus visit\u00e9 de Croatie par les vacanciers amateurs de navigation. Et ce n\u2019est pas surprenant, Zadar est dans une position id\u00e9ale pour \u00eatre atteinte en voiture ou en avion (a\u00e9roport de Zadar), de belles baies et la nature sont \u00e0 deux pas.   <\/p>\n\n\n\n<p>Pour explorer les \u00eeles de la Dalmatie du Nord, il est pr\u00e9f\u00e9rable de partir de Marina Zadar, Sukosan ou Biograd na Moru (Marina Kornati). Ces trois villes disposent d\u2019un grand nombre de bateaux charters et sont bien organis\u00e9es. Quelle que soit la marina d\u2019o\u00f9 vous partez, il y a des \u00eeles comme Pasman, Ugljan, Iz, Vrgada, Zut, Dugi Otok, Kornat et quelques plus petites \u00e0 explorer en voilier ou en catamaran.  <\/p>\n\n\n\n<hr class=\"wp-block-separator has-text-color has-vivid-red-color has-alpha-channel-opacity has-vivid-red-background-color has-background is-style-wide\"\/>\n\n\n\n<h2 class=\"wp-block-heading\">Zone centrale de l&#8217;Adriatique<\/h2>\n\n\n\n<figure class=\"wp-block-image size-full\"><img loading=\"lazy\" decoding=\"async\" width=\"1640\" height=\"924\" src=\"https:\/\/ultra-sailing.hr\/wp-content\/uploads\/2024\/07\/Central_Adriatic_Croatia-min.jpg\" alt=\"\" class=\"wp-image-1672\" srcset=\"https:\/\/ultra-sailing.hr\/wp-content\/uploads\/2024\/07\/Central_Adriatic_Croatia-min.jpg 1640w, https:\/\/ultra-sailing.hr\/wp-content\/uploads\/2024\/07\/Central_Adriatic_Croatia-min-300x169.jpg 300w, https:\/\/ultra-sailing.hr\/wp-content\/uploads\/2024\/07\/Central_Adriatic_Croatia-min-768x433.jpg 768w, https:\/\/ultra-sailing.hr\/wp-content\/uploads\/2024\/07\/Central_Adriatic_Croatia-min-1024x577.jpg 1024w, https:\/\/ultra-sailing.hr\/wp-content\/uploads\/2024\/07\/Central_Adriatic_Croatia-min-1536x865.jpg 1536w\" sizes=\"auto, (max-width: 1640px) 100vw, 1640px\" \/><\/figure>\n\n\n\n<p>Si vous souhaitez commencer vos vacances de voile en Adriatique centrale, vous avez la possibilit\u00e9 d&#8217;explorer certaines des \u00eeles les plus c\u00e9l\u00e8bres de l&#8217;Adriatique croate, telles que Hvar et Vis. La plus grande flotte de bateaux de location se trouve dans les villes de Trogir, Kastela et Split. Split est la plaque tournante de la Dalmatie centrale.<\/p>\n\n\n\n<p>Les marinas de Trogir et Split offrent la possibilit\u00e9 d&#8217;explorer les vieilles villes historiques en attendant votre bateau de location. En Dalmatie centrale, la plupart des clients de charters sont ravis de visiter les \u00eeles de Solta, Brac, Hvar, Vis et Korcula, mais il existe \u00e9galement des \u00eeles plus petites comme Scedro ou Drvenik.   <\/p>\n\n\n\n<hr class=\"wp-block-separator has-text-color has-vivid-red-color has-alpha-channel-opacity has-vivid-red-background-color has-background is-style-wide\"\/>\n\n\n\n<h2 class=\"wp-block-heading\">R\u00e9gion de l&#8217;Adriatique du Sud<\/h2>\n\n\n\n<figure class=\"wp-block-image size-full\"><img loading=\"lazy\" decoding=\"async\" width=\"1640\" height=\"924\" src=\"https:\/\/ultra-sailing.hr\/wp-content\/uploads\/2024\/11\/South_Adriatic_Croatia-min.jpg\" alt=\"\" class=\"wp-image-3234\" srcset=\"https:\/\/ultra-sailing.hr\/wp-content\/uploads\/2024\/11\/South_Adriatic_Croatia-min.jpg 1640w, https:\/\/ultra-sailing.hr\/wp-content\/uploads\/2024\/11\/South_Adriatic_Croatia-min-300x169.jpg 300w, https:\/\/ultra-sailing.hr\/wp-content\/uploads\/2024\/11\/South_Adriatic_Croatia-min-1024x577.jpg 1024w, https:\/\/ultra-sailing.hr\/wp-content\/uploads\/2024\/11\/South_Adriatic_Croatia-min-768x433.jpg 768w, https:\/\/ultra-sailing.hr\/wp-content\/uploads\/2024\/11\/South_Adriatic_Croatia-min-1536x865.jpg 1536w\" sizes=\"auto, (max-width: 1640px) 100vw, 1640px\" \/><\/figure>\n\n\n\n<p>Au sud de la ville se trouve la perle de l&#8217;Adriatique, la c\u00e9l\u00e8bre ville de Dubrovnik. C&#8217;est l&#8217;une des plus belles destinations de la M\u00e9diterran\u00e9e. Si vous d\u00e9cidez de louer un bateau depuis la r\u00e9gion de Dubrovnik, vous pouvez partir de la marina ACI de Dubrovnik, situ\u00e9e non loin de la ville de Dubrovnik, ou de la marina ACI relativement r\u00e9cente de Slano, situ\u00e9e \u00e0 35 km au nord de Dubrovnik. La plupart des passagers de charters europ\u00e9ens arrivent \u00e0 Dubrovnik en avion. Les \u00eeles que vous pouvez facilement visiter depuis Dubrovnik sont Lastovo, Mljet, la p\u00e9ninsule de Pelje\u0161ac et l&#8217;archipel des \u00c9laphites.    <\/p>\n\n\n\n<p>Beaucoup de nos clients font \u00e9galement de la voile au Mont\u00e9n\u00e9gro, qui est proche de Dubrovnik. Vous pouvez \u00e9galement faire une location dite aller simple. Nous offrons \u00e0 nos clients la possibilit\u00e9 de r\u00e9cup\u00e9rer un voilier ou un catamaran \u00e0 notre base de location \u00e0 Split ou Trogir et de d\u00e9barquer \u00e0 Dubrovnik ou vice versa.  <\/p>\n\n\n\n<hr class=\"wp-block-separator has-text-color has-vivid-red-color has-alpha-channel-opacity has-vivid-red-background-color has-background is-style-wide\"\/>\n","protected":false},"excerpt":{"rendered":"<p>Les plaisanciers appr\u00e9cient l&#8217;ind\u00e9pendance que leur offre la mer, les eaux cristallines de la mer Adriatique, les innombrables baies et plages. Des vacances \u00e0 la voile en Croatie sont donc un must pour tout le monde, que vous sachiez naviguer ou non. Si vous savez naviguer et avez un permis, vous pouvez faire une location [&hellip;]<\/p>\n","protected":false},"author":1,"featured_media":0,"parent":0,"menu_order":0,"comment_status":"closed","ping_status":"closed","template":"","meta":{"_acf_changed":false,"footnotes":""},"class_list":["post-4119","page","type-page","status-publish","hentry"],"acf":[],"_links":{"self":[{"href":"https:\/\/ultra-sailing.hr\/fr\/wp-json\/wp\/v2\/pages\/4119","targetHints":{"allow":["GET"]}}],"collection":[{"href":"https:\/\/ultra-sailing.hr\/fr\/wp-json\/wp\/v2\/pages"}],"about":[{"href":"https:\/\/ultra-sailing.hr\/fr\/wp-json\/wp\/v2\/types\/page"}],"author":[{"embeddable":true,"href":"https:\/\/ultra-sailing.hr\/fr\/wp-json\/wp\/v2\/users\/1"}],"replies":[{"embeddable":true,"href":"https:\/\/ultra-sailing.hr\/fr\/wp-json\/wp\/v2\/comments?post=4119"}],"version-history":[{"count":3,"href":"https:\/\/ultra-sailing.hr\/fr\/wp-json\/wp\/v2\/pages\/4119\/revisions"}],"predecessor-version":[{"id":4225,"href":"https:\/\/ultra-sailing.hr\/fr\/wp-json\/wp\/v2\/pages\/4119\/revisions\/4225"}],"wp:attachment":[{"href":"https:\/\/ultra-sailing.hr\/fr\/wp-json\/wp\/v2\/media?parent=4119"}],"curies":[{"name":"wp","href":"https:\/\/api.w.org\/{rel}","templated":true}]}}