{"id":4123,"date":"2024-03-10T16:09:05","date_gmt":"2024-03-10T15:09:05","guid":{"rendered":"https:\/\/ultra-sailing.hr\/dev-wordpress\/navigation-en-bateau-sans-skipper-en-croatie\/"},"modified":"2025-02-21T09:42:06","modified_gmt":"2025-02-21T08:42:06","slug":"location-sans-skipper-croatie","status":"publish","type":"page","link":"https:\/\/ultra-sailing.hr\/fr\/location-sans-skipper-croatie\/","title":{"rendered":"Navigation en bateau sans skipper"},"content":{"rendered":"\n<p>Si vous envisagez de louer un bateau sans \u00e9quipage en Croatie et que vous souhaitez naviguer dans la mer Adriatique, vous trouverez ci-dessous quelques conseils et informations utiles pour des vacances de voile parfaites en Croatie:<\/p>\n\n\n\n<figure class=\"wp-block-image size-full\"><img loading=\"lazy\" decoding=\"async\" width=\"900\" height=\"601\" src=\"https:\/\/ultra-sailing.hr\/wp-content\/uploads\/2024\/03\/bareboat_sailing_holidays_croatia_ultrasailing.jpg\" alt=\"\" class=\"wp-image-559\" srcset=\"https:\/\/ultra-sailing.hr\/wp-content\/uploads\/2024\/03\/bareboat_sailing_holidays_croatia_ultrasailing.jpg 900w, https:\/\/ultra-sailing.hr\/wp-content\/uploads\/2024\/03\/bareboat_sailing_holidays_croatia_ultrasailing-300x200.jpg 300w, https:\/\/ultra-sailing.hr\/wp-content\/uploads\/2024\/03\/bareboat_sailing_holidays_croatia_ultrasailing-768x513.jpg 768w\" sizes=\"auto, (max-width: 900px) 100vw, 900px\" \/><\/figure>\n\n\n\n<p>Avec 1 800 km de c\u00f4tes et plus de 1 200 \u00eeles et \u00eelots, la Croatie est un v\u00e9ritable paradis pour la voile. Les plaisanciers sont attir\u00e9s par la libert\u00e9 de la mer ouverte, les eaux cristallines de l&#8217;Adriatique et les innombrables baies et plages isol\u00e9es. <\/p>\n\n\n\n<h2 class=\"wp-block-heading\"><strong>Destinations et a\u00e9roports:<\/strong><\/h2>\n\n\n\n<p>Il est important de savoir o\u00f9 vous souhaitez commencer vos vacances en voilier en Croatie. Nous pouvons vous proposer 4 ports de d\u00e9part pour <strong>notre location de voilier ou de catamaran en Croatie<\/strong><\/p>\n\n\n\n<ul class=\"wp-block-list\">\n<li><strong><a href=\"https:\/\/ultra-sailing.hr\/Charter-base-Dubrovnik\">DUBROVNIK<\/a><\/strong> &#8211; a\u00e9roport de Dubrovnik (distance environ 25 km)<\/li>\n\n\n\n<li><strong><a href=\"https:\/\/ultra-sailing.hr\/Charter-base-Trogir\">TROGIR<\/a><\/strong> &#8211; a\u00e9roport de Split (distance environ 8 km)<\/li>\n\n\n\n<li><strong><a href=\"https:\/\/ultra-sailing.hr\/Charter-base-Split\">SPLIT<\/a><\/strong> &#8211; a\u00e9roport de Split (distance environ 25 KM)<\/li>\n\n\n\n<li><strong><a href=\"https:\/\/ultra-sailing.hr\/charter-croatia\/charter-bases\/Pula\">POMER<\/a><\/strong> &#8211; a\u00e9roport de Pula (distance environ 10 km)<\/li>\n<\/ul>\n\n\n\n<p>Tous les a\u00e9roports sont tr\u00e8s bien reli\u00e9s aux a\u00e9roports europ\u00e9ens. Le transfert de l&#8217;a\u00e9roport \u00e0 la base peut toujours \u00eatre organis\u00e9 par l&#8217;interm\u00e9diaire de notre bureau de r\u00e9servation. <\/p>\n\n\n\n<p>Comme mentionn\u00e9 pr\u00e9c\u00e9demment, avec 1800 km de c\u00f4tes, la diversit\u00e9 est assez grande, vous devez donc prendre votre d\u00e9cision en fonction de vos souhaits et pr\u00e9f\u00e9rences. En ce qui concerne la location de yachts, nous divisons les zones de navigation en <strong>Istrie (Pula, Pomer), Baie de Kvarner (Krk, Cres), Dalmatie du Nord (Zadar, Sibenik), Dalmatie centrale (Split, Trogir) et Dalmatie du Sud (Dubrovnik)<\/strong>. Toutes les zones de navigation mentionn\u00e9es offrent une bonne qualit\u00e9 d&#8217;infrastructures nautiques (ports, marinas, champs de bou\u00e9es) et sont riches en traditions, culture, vieilles villes historiques, gastronomie locale et bien plus encore.<\/p>\n\n\n\n<h2 class=\"wp-block-heading\">Comment r\u00e9server une location de yacht sans \u00e9quipage en Croatie:<\/h2>\n\n\n\n<p>Si vous avez d\u00e9j\u00e0 d\u00e9cid\u00e9 de votre zone de navigation et connaissez le type de voilier ou de catamaran que vous souhaitez louer, vous pouvez utiliser notre \u00ab moteur de recherche \u00bb pour v\u00e9rifier la disponibilit\u00e9. Bien que le prix soit toujours un facteur important, nous vous recommandons de faire quelques recherches sur les soci\u00e9t\u00e9s de location en lisant les avis en ligne pour garantir une exp\u00e9rience de qualit\u00e9. <\/p>\n\n\n\n<p>Notre service de r\u00e9servation est \u00e0 votre disposition pour vous fournir toutes les informations et conseils dont vous avez besoin pour vos vacances en bateau en Croatie. N&#8217;h\u00e9sitez pas \u00e0 contacter directement notre bureau de r\u00e9servation \u00e0 l&#8217;adresse <a href=\"mailto:booking@ultra-sailing.hr\" target=\"_blank\" rel=\"noreferrer noopener\">booking@ultra-sailing.hr<\/a>. Le bureau est ouvert de 08h00 \u00e0 20h00 (du lundi au vendredi) et en partie pendant le week-end, car nous nous effor\u00e7ons de r\u00e9pondre \u00e0 toutes les demandes dans les plus brefs d\u00e9lais.<\/p>\n\n\n\n<p>Si vous avez besoin de temps pour finaliser vos plans avec votre \u00e9quipage, nous pouvons garder le bateau pour vous sous &#8220;r\u00e9servation&#8221; pendant 3 \u00e0 4 jours.<\/p>\n\n\n\n<p>Une fois que vous avez d\u00e9cid\u00e9 de poursuivre votre location coque nue, notre \u00e9quipe de r\u00e9servation vous enverra une confirmation avec tous les d\u00e9tails de paiement et bancaires. Apr\u00e8s avoir re\u00e7u l&#8217;acompte, vous recevrez un contrat confirmant la transaction. Une fois le solde r\u00e9gl\u00e9, nous vous enverrons une carte d&#8217;embarquement avec tous les d\u00e9tails n\u00e9cessaires sur la base de location. Nous vous demanderons \u00e9galement votre heure d&#8217;arriv\u00e9e \u00e0 la marina (importante pour la planification) et les d\u00e9tails de la liste de l&#8217;\u00e9quipage, y compris le num\u00e9ro de licence du skipper et les noms, dates de naissance et num\u00e9ros de passeport de tous les membres de l&#8217;\u00e9quipage.   <\/p>\n\n\n\n<p>D\u00e9couvrez plus d&#8217;informations sur la location d&#8217;un voilier ou d&#8217;un catamaran sur notre blog:<\/p>\n\n\n\t\t<div class=\"c-nav-card-group\">\n\t\t\t\n<a href=\"https:\/\/blog.ultra-sailing.hr\/en\/yacht-charter-in-croatia-tips-and-all-you-should-know\/\" class=\"c-nav-card\" target=\"_self\">\n\t<img loading=\"lazy\" decoding=\"async\" width=\"680\" height=\"320\" src=\"https:\/\/ultra-sailing.hr\/wp-content\/uploads\/2024\/05\/Sailing_Croatia-ultra_sailing_charter-680x320.jpg\" class=\"attachment-680x320 size-680x320\" alt=\"Segeln ohne Skipper in Kroatien\" \/>\t<div class=\"c-nav-card__main\">\n\t\t<p class=\"c-nav-card__title\">Louer un bateau en Croatie \u2013 conseils et tout ce que vous devez savoir<\/p>\n\t\t<p class=\"c-nav-card__subtitle\">Choisir un bateau de location adapt\u00e9, les prix et tout ce qu&#039;il comprend, les amarres, les r\u00e8gles de location, le choix de votre emplacement id\u00e9al et de la p\u00e9riode de l&#039;ann\u00e9e pour naviguer<\/p>\n\t\t<div class=\"c-nav-card__icon\">\n\t\t\t<svg class=\"o-icon u-stroke-2\"><use xmlns:xlink=\"http:\/\/www.w3.org\/1999\/xlink\" xlink:href=\"https:\/\/ultra-sailing.hr\/wp-content\/themes\/ultra-sailing\/assets\/sprite\/icons.svg#icon-chevron-right\"><\/use><\/svg>\t\t<\/div>\n\t<\/div>\n<\/a>\n<a href=\"https:\/\/blog.ultra-sailing.hr\/en\/sailing-in-croatia-guide-for-handover-of-the-boat\/\" class=\"c-nav-card\" target=\"_self\">\n\t<img loading=\"lazy\" decoding=\"async\" width=\"680\" height=\"320\" src=\"https:\/\/ultra-sailing.hr\/wp-content\/uploads\/2024\/05\/handover_procedure_sailing_boat_anchor-680x320.jpg\" class=\"attachment-680x320 size-680x320\" alt=\"\" \/>\t<div class=\"c-nav-card__main\">\n\t\t<p class=\"c-nav-card__title\">Instructions pour la remise du navire, l&#039;enregistrement et le d\u00e9part<\/p>\n\t\t<p class=\"c-nav-card__subtitle\">Proc\u00e9dure de prise en charge du navire, \u00e9quipement du navire, instruments de navigation, voiles, s\u00e9curit\u00e9 \u00e0 bord du navire&#8230;<\/p>\n\t\t<div class=\"c-nav-card__icon\">\n\t\t\t<svg class=\"o-icon u-stroke-2\"><use xmlns:xlink=\"http:\/\/www.w3.org\/1999\/xlink\" xlink:href=\"https:\/\/ultra-sailing.hr\/wp-content\/themes\/ultra-sailing\/assets\/sprite\/icons.svg#icon-chevron-right\"><\/use><\/svg>\t\t<\/div>\n\t<\/div>\n<\/a>\t\t<\/div>\n\n\n\n<h2 class=\"wp-block-heading\">Quelle licence est requise pour la location de bateau sans \u00e9quipage en Croatie:<\/h2>\n\n\n\n<p>Pour louer un bateau sans \u00e9quipage en Croatie, vous aurez besoin d&#8217;un permis de navigation valide et d&#8217;une licence radio VHF. Il est conseill\u00e9 de v\u00e9rifier que votre permis est accept\u00e9 en consultant les  &#8220;Certificats reconnus pour l&#8217;exploitation de bateaux et de yachts&#8221; sur le site <a href=\"https:\/\/mmpi.gov.hr\/sea\/nautics\/8462\" target=\"_blank\" rel=\"noreferrer noopener nofollow\">Web du minist\u00e8re de la Mer, des Transports et des Infrastructures<\/a>. Vous pouvez \u00e9galement nous envoyer vos documents et nous confirmerons la validit\u00e9 de votre permis pour vous.<\/p>\n\n\n\n<p>L&#8217;enregistrement de votre yacht se fait \u00e0 17h00 le samedi et \u00e0 cette heure-l\u00e0, tous les bateaux devraient \u00eatre pr\u00eats. Si vous arrivez plus t\u00f4t, veuillez vous rendre \u00e0 notre bureau pour remplir les formalit\u00e9s administratives: <\/p>\n\n\n\n<ul class=\"wp-block-list\">\n<li>Vous recevrez les documents du bateau et une m\u00e9t\u00e9o<\/li>\n\n\n\n<li>Vous devrez pr\u00e9senter l\u2019original de votre permis de skipper.<\/li>\n\n\n\n<li>Nous vous confirmerons la liste de l&#8217;\u00e9quipage et facturerons la taxe de s\u00e9jour (payable par carte de cr\u00e9dit ou en esp\u00e8ces).<\/li>\n\n\n\n<li>Laisser un d\u00e9p\u00f4t (peut \u00eatre effectu\u00e9 par carte ou en esp\u00e8ces)<\/li>\n\n\n\n<li>Vous recevrez \u00e9galement des instructions pour utiliser notre ligne d\u2019assistance.<\/li>\n<\/ul>\n\n\n\n<p><strong>Une fois les formalit\u00e9s administratives termin\u00e9es, nous pouvons proc\u00e9der au contr\u00f4le technique du bateau<\/strong>. Ce processus comprend la v\u00e9rification de la liste de l&#8217;\u00e9quipement technique, qui doit \u00eatre sign\u00e9e par le client et le personnel d&#8217;Ultra Sailing. Nous nous effor\u00e7ons toujours de pr\u00e9parer le bateau le plus t\u00f4t possible et nous vous informerons s&#8217;il est disponible avant 17h00.<\/p>\n\n\n\n<p>Pour un processus plus fluide, nous vous recommandons de confier le contr\u00f4le technique \u00e0 notre personnel uniquement au skipper et au co-skipper, afin d&#8217;acc\u00e9l\u00e9rer les choses. Pendant ce temps, le reste de votre \u00e9quipage peut s&#8217;occuper de faire ses courses ou de prendre un verre. <\/p>\n\n\n\n<h2 class=\"wp-block-heading\">Caution pour la location de yacht sans \u00e9quipage en Croatie:<\/h2>\n\n\n\n<p>Tous les bateaux sont enti\u00e8rement assur\u00e9s et le d\u00e9p\u00f4t de garantie peut \u00eatre laiss\u00e9 de deux mani\u00e8res:<\/p>\n\n\n\n<h3 class=\"wp-block-heading\">D\u00e9p\u00f4t remboursable<\/h3>\n\n\n\n<p>Vous pouvez laisser la caution sous forme de pr\u00e9-autorisation de carte de cr\u00e9dit ou en esp\u00e8ces. Au retour du bateau, le montant de la caution sera d\u00e9bloqu\u00e9 et vous sera restitu\u00e9. La caution couvre les dommages qui ne sont pas assur\u00e9s, comme une annexe perdue ou une vitre cass\u00e9e. Si le dommage est mineur (par exemple un pare-battage de bateau perdu d&#8217;une valeur d&#8217;environ 70 \u20ac), nous d\u00e9bloquerons quand m\u00eame votre carte et ne vous facturerons que le co\u00fbt r\u00e9el (soit 70 \u20ac pour le pare-battage). Veuillez signaler imm\u00e9diatement tout dommage en utilisant notre num\u00e9ro d&#8217;assistance. En cas de dommage important, le montant maximum factur\u00e9 sera limit\u00e9 au montant de la caution indiqu\u00e9 dans votre confirmation et dans la liste de prix.     <\/p>\n\n\n\n<h3 class=\"wp-block-heading\">D\u00e9p\u00f4t non remboursable (exon\u00e9ration des dommages)<\/h3>\n\n\n\n<p>Pour ceux qui pr\u00e9f\u00e8rent un acompte non remboursable, nous demandons une copie du permis de skipper, du passeport ou de la carte d&#8217;identit\u00e9 et des coordonn\u00e9es du capitaine \u00e0 des fins d&#8217;assurance. L&#8217;acompte non remboursable est divis\u00e9 en deux parties: <\/p>\n\n\n\n<ul class=\"wp-block-list\">\n<li>Un montant non remboursable (allant de 180\u20ac \u00e0 440\u20ac selon le bateau) vers\u00e9 directement \u00e0 l&#8217;assurance.<\/li>\n\n\n\n<li>Une caution de 100\u20ac, payable en esp\u00e8ces, qui sera restitu\u00e9e apr\u00e8s le d\u00e9part, \u00e0 condition qu&#8217;il n&#8217;y ait pas de d\u00e9g\u00e2ts.<\/li>\n<\/ul>\n\n\n\n<p>Si vous avez besoin de plus de d\u00e9tails sur les options de d\u00e9p\u00f4t lors de la r\u00e9servation de l&#8217;un de nos bateaux, n&#8217;h\u00e9sitez pas \u00e0 nous contacter. Nous sommes l\u00e0 pour vous aider! <\/p>\n\n\n\n<h2 class=\"wp-block-heading\">Aidez \u00e0 prot\u00e9ger l&#8217;Adriatique en naviguant en Croatie<\/h2>\n\n\n\n<p>Nous souhaitons tous que les g\u00e9n\u00e9rations futures puissent profiter de la beaut\u00e9 de la mer Adriatique. Il est donc essentiel de respecter la nature et l&#8217;environnement lors de vos vacances en bateau en Croatie. Voici comment vous pouvez nous aider: <\/p>\n\n\n\n<ul class=\"wp-block-list\">\n<li>Ne jetez pas vos d\u00e9chets dans la mer pendant votre s\u00e9jour<\/li>\n\n\n\n<li>Ne videz pas vos r\u00e9servoirs d\u2019eaux uses pr\u00e8s de la cote ou dans les zones prot\u00e9g\u00e9es<\/li>\n\n\n\n<li>Respectez les r\u00e8gles sur la p\u00eache<\/li>\n\n\n\n<li>Prot\u00e9gez les animaux et les plantes aquatiques<\/li>\n\n\n\n<li>Signalez toute pollution environnementale que vous constatez aux autorit\u00e9s comp\u00e9tentes.<\/li>\n\n\n\n<li>Les feux sont interdits \u00e0 ciel ouvert<\/li>\n\n\n\n<li>Economisez l\u2019eau, la Croatie es triche en eau mais pas les iles, essayez d\u2019\u00e9conomiser l\u2019eau quand vous pouvez <\/li>\n\n\n\n<li>L\u2019eau courante est potable, vous pouvez toujours remplir vos bouteilles au robinet (mais pas les r\u00e9servoirs d\u2019eau de votre voilier)<\/li>\n\n\n\n<li>Economisez de l&#8217;\u00e9nergie: naviguez le plus possible<\/li>\n<\/ul>\n\n\n\n<p>En suivant ces \u00e9tapes simples, vous contribuerez \u00e0 pr\u00e9server la beaut\u00e9 naturelle du magnifique littoral croate et \u00e0 garantir qu\u2019il reste intact pour les ann\u00e9es \u00e0 venir.<\/p>\n","protected":false},"excerpt":{"rendered":"<p>Si vous envisagez de louer un bateau sans \u00e9quipage en Croatie et que vous souhaitez naviguer dans la mer Adriatique, vous trouverez ci-dessous quelques conseils et informations utiles pour des vacances de voile parfaites en Croatie: Avec 1 800 km de c\u00f4tes et plus de 1 200 \u00eeles et \u00eelots, la Croatie est un v\u00e9ritable [&hellip;]<\/p>\n","protected":false},"author":1,"featured_media":0,"parent":0,"menu_order":0,"comment_status":"closed","ping_status":"closed","template":"","meta":{"_acf_changed":false,"footnotes":""},"class_list":["post-4123","page","type-page","status-publish","hentry"],"acf":[],"_links":{"self":[{"href":"https:\/\/ultra-sailing.hr\/fr\/wp-json\/wp\/v2\/pages\/4123","targetHints":{"allow":["GET"]}}],"collection":[{"href":"https:\/\/ultra-sailing.hr\/fr\/wp-json\/wp\/v2\/pages"}],"about":[{"href":"https:\/\/ultra-sailing.hr\/fr\/wp-json\/wp\/v2\/types\/page"}],"author":[{"embeddable":true,"href":"https:\/\/ultra-sailing.hr\/fr\/wp-json\/wp\/v2\/users\/1"}],"replies":[{"embeddable":true,"href":"https:\/\/ultra-sailing.hr\/fr\/wp-json\/wp\/v2\/comments?post=4123"}],"version-history":[{"count":4,"href":"https:\/\/ultra-sailing.hr\/fr\/wp-json\/wp\/v2\/pages\/4123\/revisions"}],"predecessor-version":[{"id":4296,"href":"https:\/\/ultra-sailing.hr\/fr\/wp-json\/wp\/v2\/pages\/4123\/revisions\/4296"}],"wp:attachment":[{"href":"https:\/\/ultra-sailing.hr\/fr\/wp-json\/wp\/v2\/media?parent=4123"}],"curies":[{"name":"wp","href":"https:\/\/api.w.org\/{rel}","templated":true}]}}