{"id":4131,"date":"2024-03-03T17:43:48","date_gmt":"2024-03-03T16:43:48","guid":{"rendered":"https:\/\/ultra-sailing.hr\/dev-wordpress\/base-de-location-split\/"},"modified":"2025-11-20T11:03:06","modified_gmt":"2025-11-20T10:03:06","slug":"base-de-location-split","status":"publish","type":"page","link":"https:\/\/ultra-sailing.hr\/fr\/base-de-location-split\/","title":{"rendered":"Base de location Split"},"content":{"rendered":"\n<p>Notre base de location \u00e0 Split est situ\u00e9e \u00e0 l&#8217;ACI Marina Split, en plein c\u0153ur du port principal de la ville, \u00e0 quelques pas de la vieille ville historique. Depuis notre base de Split, nous proposons des voiliers allant de 30 \u00e0 60 pieds, ainsi que des catamarans disponibles avec ou sans \u00e9quipage. Split abrite \u00e9galement notre \u00e9cole de voile bien \u00e9tablie, proposant des cours de base, de navigation et de r\u00e9gate sur des voiliers de diff\u00e9rentes tailles.  <\/p>\n\n\n\n<h2 class=\"wp-block-heading\">Visite virtuelle \u00e0 360\u00b0 de la Marina ACI de Split<\/h2>\n\n\n\n<figure class=\"wp-block-embed aligncenter is-type-rich is-provider-embed-handler wp-block-embed-embed-handler\"><div class=\"wp-block-embed__wrapper\">\n<iframe loading=\"lazy\" style=\"border:0;\" tabindex=\"0\" src=\"https:\/\/tourmkr.com\/F1SDGQmRDi\/12536759p&amp;113.22h&amp;83.13t\" width=\"100%\" height=\"400\" frameborder=\"0\" allowfullscreen=\"\" aria-hidden=\"false\"><\/iframe>\n<\/div><\/figure>\n\n\n\n<h2 class=\"wp-block-heading\">Informations de base &#8211; Base charter Split<\/h2>\n\n\n\n<ul class=\"wp-block-list\">\n<li><strong>Adresse:<\/strong> ACI Marina Split, Uvala baluni 8, 21000 Split<\/li>\n\n\n\n<li><strong>E-Mail:<\/strong> booking@ultra-sailing.hr<\/li>\n\n\n\n<li><strong>T\u00e9l\u00e9phone:<\/strong> +385 21 398 578<\/li>\n\n\n\n<li><strong>Support technique:<\/strong> +385 91 609 53 29<\/li>\n\n\n\n<li><strong>Horaires de travail:<\/strong>\n<ul class=\"wp-block-list\">\n<li>Vendredi: 14:00 &#8211; 20:00<\/li>\n\n\n\n<li>Samedi: 08:00 &#8211; 20:00<\/li>\n\n\n\n<li>Dimanche: 8:00 &#8211; 12:00<\/li>\n<\/ul>\n<\/li>\n\n\n\n<li><strong>Check-in:<\/strong> Samedi 17:00 Heure<\/li>\n\n\n\n<li><strong>Check-out:<\/strong> Samedi 09:00 Heure<\/li>\n<\/ul>\n\n\n\t\t<div class=\"c-nav-card-group\">\n\t\t\t\n<a href=\"https:\/\/ultra-sailing.hr\/wp-content\/uploads\/2025\/04\/ULTRA_ACI-MARINA-SPLIT.pdf\" class=\"c-nav-card\" target=\"_blank\">\n\t<img loading=\"lazy\" decoding=\"async\" width=\"680\" height=\"320\" src=\"https:\/\/ultra-sailing.hr\/wp-content\/uploads\/2024\/03\/split_croatia_sailing_yachtcharter-680x320.jpg\" class=\"attachment-680x320 size-680x320\" alt=\"yacht charter base Split Croatia\" \/>\t<div class=\"c-nav-card__main\">\n\t\t<p class=\"c-nav-card__title\">Base de location Split<\/p>\n\t\t<p class=\"c-nav-card__subtitle\">Toutes les informations en PDF concernant notre base de location \u00e0 Split, y compris les coordonn\u00e9es et les services associ\u00e9s.<\/p>\n\t\t<div class=\"c-nav-card__icon\">\n\t\t\t<svg class=\"o-icon u-stroke-2\"><use xmlns:xlink=\"http:\/\/www.w3.org\/1999\/xlink\" xlink:href=\"https:\/\/ultra-sailing.hr\/wp-content\/themes\/ultra-sailing\/assets\/sprite\/icons.svg#icon-chevron-right\"><\/use><\/svg>\t\t<\/div>\n\t<\/div>\n<\/a>\t\t<\/div>\n\n\n\n<figure class=\"wp-block-embed aligncenter is-type-rich is-provider-embed-handler wp-block-embed-embed-handler\"><div class=\"wp-block-embed__wrapper\">\n<iframe loading=\"lazy\" src=\"https:\/\/google.com\/maps\/embed?pb=!1m18!1m12!1m3!1d3089.97766748371!2d16.427274211944038!3d43.50175427098915!2m3!1f0!2f0!3f0!3m2!1i1024!2i768!4f13.1!3m3!1m2!1s0x13355e009edd57a1%3A0xf3da8b3be8a1800b!2sUltra%20Sailing%20Croatia%20-%20Yacht%20charter%20%26%20sailing%20school!5e1!3m2!1sen!2shr!4v1763632908528!5m2!1sen!2shr\" width=\"100%\" height=\"400\" frameborder=\"0\"><\/iframe>\n<\/div><\/figure>\n\n\n\n<h2 class=\"wp-block-heading\">\u00c0 propos de l&#8217;ACI Marina Split<\/h2>\n\n\n\n<p>La marina ACI de Split se trouve dans la partie sud-ouest du port de la ville, au nord de la p\u00e9ninsule de Sustipan. La longue digue prot\u00e8ge la marina des vents du sud. La marina dispose de 364 postes d&#8217;amarrage et de 60 places de bateau \u00e0 terre. Tous les postes d&#8217;amarrage disposent de : alimentation en eau et en \u00e9lectricit\u00e9, r\u00e9ception, bureau de change, restaurant, snack-bar, toilettes et douches, service de blanchisserie, magasin d&#8217;\u00e9quipement nautique, parking, petite \u00e9picerie, supermarch\u00e9 (\u00e0 environ 10 minutes \u00e0 pied de la marina ACI), station-service (\u00e0 100 m de l&#8217;ACI de Split).<br><\/p>\n\n\n\n<p>Il se trouve \u00e0 seulement quelques pas de la vieille ville historique de Split, vous pouvez donc explorer la ville avant ou apr\u00e8s votre excursion en voilier.<\/p>\n\n\n\n<h2 class=\"wp-block-heading\">Comment se rendre \u00e0 Split<\/h2>\n\n\n\n<p>Le moyen le plus simple de se rendre \u00e0 Split depuis n&#8217;importe quel endroit d&#8217;Europe pendant la saison touristique est l&#8217;avion. Ultra Sailing accueille ses clients et propose un transfert pratique de l&#8217;a\u00e9roport \u00e0 notre base de charter \u00e0 Split. <\/p>\n\n\n\n<h3 class=\"wp-block-heading\">En avion<\/h3>\n\n\n\n<p>L&#8217;a\u00e9roport de Split se trouve \u00e0 seulement 25 km de notre base charter de Split. Des vols directs vers Split sont disponibles depuis plusieurs villes europ\u00e9ennes, notamment Rome, G\u00f6teborg, Berlin, Prague, Amsterdam, Francfort, Paris, Londres et Manchester, entre autres. <\/p>\n\n\n\n<p>Alternativement, si vous arrivez \u00e0 Zagreb en avion, il existe plusieurs vols quotidiens entre Zagreb et Split, avec une courte dur\u00e9e de vol d&#8217;environ 45 minutes.<\/p>\n\n\n\n<p>Pour les voyageurs venant de l&#8217;\u00e9tranger, vous pouvez prendre un vol direct pour Split via Francfort ou Rome, ou passer par Zagreb.<\/p>\n\n\n\n<h3 class=\"wp-block-heading\">En voiture ou en bus<\/h3>\n\n\n\n<p>Si vous vous rendez \u00e0 Split en voiture, vous pouvez emprunter l&#8217;autoroute adriatique depuis Rijeka, qui offre de belles vues sur la c\u00f4te. Vous pouvez \u00e9galement emprunter l&#8217;autoroute depuis Rijeka ou la jonction Zuta Lokva pr\u00e8s de Senj (\u00e0 environ 60 km au sud de Rijeka) et continuer vers le sud en direction de Split.  <\/p>\n\n\n\n<p>Si vous venez du nord, la route de Zagreb \u00e0 Split est simple via l&#8217;autoroute ou l&#8217;ancienne route passant par Karlovac, Gracac et Knin.<\/p>\n\n\n\n<h3 class=\"wp-block-heading\">En bateau<\/h3>\n\n\n\n<p>Split est bien desservie par ferry depuis plusieurs villes c\u00f4ti\u00e8res. Des services de ferry r\u00e9guliers partent de Rijeka et de Dubrovnik, ainsi que des ferries internationaux en provenance d&#8217;Italie (Anc\u00f4ne, Pescara, Bari). Depuis le port de ferry, vous pouvez prendre un bus, un taxi ou marcher jusqu&#8217;\u00e0 notre base de charters (environ 20 minutes \u00e0 pied).  <\/p>\n\n\n\n<h2 class=\"wp-block-heading\">L&#8217;histoire de Split<\/h2>\n\n\n<div class=\"wp-block-image\">\n<figure class=\"aligncenter size-full\"><img loading=\"lazy\" decoding=\"async\" width=\"800\" height=\"533\" src=\"https:\/\/ultra-sailing.hr\/wp-content\/uploads\/2024\/03\/Oldtown_Split_Croatia_UltraSailing.jpg\" alt=\"\" class=\"wp-image-773\" srcset=\"https:\/\/ultra-sailing.hr\/wp-content\/uploads\/2024\/03\/Oldtown_Split_Croatia_UltraSailing.jpg 800w, https:\/\/ultra-sailing.hr\/wp-content\/uploads\/2024\/03\/Oldtown_Split_Croatia_UltraSailing-300x200.jpg 300w, https:\/\/ultra-sailing.hr\/wp-content\/uploads\/2024\/03\/Oldtown_Split_Croatia_UltraSailing-768x512.jpg 768w\" sizes=\"auto, (max-width: 800px) 100vw, 800px\" \/><\/figure>\n<\/div>\n\n\n<p>Split est une ville-palais au sens propre du terme. Les amateurs de culture et d&#8217;histoire, les rues pav\u00e9es et les constructions trouveront \u00e0 Split un v\u00e9ritable plaisir. Tout a commenc\u00e9 il y a 1700 ans lorsque l&#8217;empereur romain Diocl\u00e9tien a construit ici son propre palais pour ses vieux jours. Plus tard, au cours du 7e si\u00e8cle, les habitants ont quitt\u00e9 la m\u00e9tropole dalmate Salona \u00e0 cause des incursions des esclaves et sont venus vivre dans le palais. Au fil du temps, le palais a commenc\u00e9 \u00e0 se transformer en une v\u00e9ritable ville-cit\u00e9.<\/p>\n\n\n\n<p>Aujourd&#8217;hui \u00e0 Split vous trouverez des monuments et des constructions de toutes les \u00e9poques : antique, romantique, gothique, renaissance, baroque, etc. Les gens qui ont v\u00e9cu ici ont apport\u00e9 avec eux toutes les connaissances, traditions, cultures, etc. des plus grands empires humains : romain, v\u00e9nitien, byzantin, austro-hongrois, etc. Split est aujourd&#8217;hui le c\u0153ur de la Dalmatie et la deuxi\u00e8me ville de Croatie avec environ 250 000 habitants. Le deuxi\u00e8me a\u00e9roport croate \u00e0 20 km d&#8217;ici vous permet d&#8217;arriver de toutes les villes europ\u00e9ennes, puis, depuis le port de ferry de Split, vous rejoindrez toutes les \u00eeles dalmates : Hvar, Bra\u010d, Vis, \u0160olta, Kor\u010dula, etc. A proximit\u00e9 du palais, vous trouverez \u00e9galement un march\u00e9 vert tr\u00e8s riche et int\u00e9ressant.<\/p>\n\n\n<div class=\"wp-block-image\">\n<figure class=\"aligncenter size-full\"><img loading=\"lazy\" decoding=\"async\" width=\"768\" height=\"512\" src=\"https:\/\/ultra-sailing.hr\/wp-content\/uploads\/2024\/03\/Peristil_Split_UltraSailing_Yacht_charter_Croatia.jpg\" alt=\"\" class=\"wp-image-771\" srcset=\"https:\/\/ultra-sailing.hr\/wp-content\/uploads\/2024\/03\/Peristil_Split_UltraSailing_Yacht_charter_Croatia.jpg 768w, https:\/\/ultra-sailing.hr\/wp-content\/uploads\/2024\/03\/Peristil_Split_UltraSailing_Yacht_charter_Croatia-300x200.jpg 300w\" sizes=\"auto, (max-width: 768px) 100vw, 768px\" \/><\/figure>\n<\/div>\n\n\n<h3 class=\"wp-block-heading\">Que visiter pendant votre temps libre a Split<\/h3>\n\n\n\n<ul class=\"wp-block-list\">\n<li>Gallerie Me\u0161trovi\u0107<\/li>\n\n\n\n<li>Musee archeologique<\/li>\n\n\n\n<li>Vue panoramique et visite de Marjan<\/li>\n\n\n\n<li>Les procuratives<\/li>\n\n\n\n<li>Le pailais Diocletien<\/li>\n\n\n\n<li>Cath\u00e9drale Saint-Domnius<\/li>\n<\/ul>\n\n\n\n<h2 class=\"wp-block-heading\">Infos pratiques<\/h2>\n\n\n\n<ul class=\"wp-block-list\">\n<li>VHF ch 17 \u2013 Canal de l&#8217;ACI Marina<\/li>\n\n\n\n<li>VHF ch 16 and VHF DSC ch 70 &#8211; \u00e9coute permanente des fr\u00e9quence de s\u00e9curit\u00e9 et d&#8217;urgence<\/li>\n\n\n\n<li>Les informations maritimes de s\u00e9curit\u00e9 (MSI) sont transmises en Croate et en Anglais par la Radio Split sur canal VHF 7, 21, 23, 28, 81<\/li>\n\n\n\n<li>MSI pr\u00e9visions m\u00e9t\u00e9orologiques, calendrier (UTC): 05:45, 12:45, 19:45<\/li>\n\n\n\n<li>Num\u00e9ro officiel Croate des urgences (Police, ER\/Hopital) 112<\/li>\n\n\n\n<li>Bateau taxi l&#8217;ete effectuant la liaison ACI &#8211; Vieille ville<\/li>\n<\/ul>\n","protected":false},"excerpt":{"rendered":"<p>Notre base de location \u00e0 Split est situ\u00e9e \u00e0 l&#8217;ACI Marina Split, en plein c\u0153ur du port principal de la ville, \u00e0 quelques pas de la vieille ville historique. Depuis notre base de Split, nous proposons des voiliers allant de 30 \u00e0 60 pieds, ainsi que des catamarans disponibles avec ou sans \u00e9quipage. Split abrite [&hellip;]<\/p>\n","protected":false},"author":3,"featured_media":0,"parent":0,"menu_order":0,"comment_status":"closed","ping_status":"closed","template":"","meta":{"_acf_changed":false,"footnotes":""},"class_list":["post-4131","page","type-page","status-publish","hentry"],"acf":[],"_links":{"self":[{"href":"https:\/\/ultra-sailing.hr\/fr\/wp-json\/wp\/v2\/pages\/4131","targetHints":{"allow":["GET"]}}],"collection":[{"href":"https:\/\/ultra-sailing.hr\/fr\/wp-json\/wp\/v2\/pages"}],"about":[{"href":"https:\/\/ultra-sailing.hr\/fr\/wp-json\/wp\/v2\/types\/page"}],"author":[{"embeddable":true,"href":"https:\/\/ultra-sailing.hr\/fr\/wp-json\/wp\/v2\/users\/3"}],"replies":[{"embeddable":true,"href":"https:\/\/ultra-sailing.hr\/fr\/wp-json\/wp\/v2\/comments?post=4131"}],"version-history":[{"count":7,"href":"https:\/\/ultra-sailing.hr\/fr\/wp-json\/wp\/v2\/pages\/4131\/revisions"}],"predecessor-version":[{"id":5801,"href":"https:\/\/ultra-sailing.hr\/fr\/wp-json\/wp\/v2\/pages\/4131\/revisions\/5801"}],"wp:attachment":[{"href":"https:\/\/ultra-sailing.hr\/fr\/wp-json\/wp\/v2\/media?parent=4131"}],"curies":[{"name":"wp","href":"https:\/\/api.w.org\/{rel}","templated":true}]}}