{"id":4135,"date":"2024-03-03T19:03:02","date_gmt":"2024-03-03T18:03:02","guid":{"rendered":"https:\/\/ultra-sailing.hr\/dev-wordpress\/base-de-location-trogir\/"},"modified":"2025-11-20T10:17:02","modified_gmt":"2025-11-20T09:17:02","slug":"base-de-location-trogir","status":"publish","type":"page","link":"https:\/\/ultra-sailing.hr\/fr\/base-de-location-trogir\/","title":{"rendered":"Base de location Trogir"},"content":{"rendered":"\n<p>Trogir est une charmante ville conviviale sur la c\u00f4te adriatique orientale de la Croatie, connue pour sa riche histoire et son atmosph\u00e8re accueillante. Notre flotte de catamarans de location est bas\u00e9e \u00e0 Marina Baoti\u0107, \u00e0 quelques pas de la vieille ville de Trogir. De l\u00e0, nous proposons des locations avec ou sans skipper, offrant un point de d\u00e9part id\u00e9al pour vos vacances en voilier. Marina Baoti\u0107 est parfaitement situ\u00e9e pour explorer la magnifique c\u00f4te adriatique centrale et d\u00e9couvrir de belles \u00eeles telles que \u0160olta, Bra\u010d, Hvar et Vis.   <\/p>\n\n\n\n<h2 class=\"wp-block-heading\">Visite virtuelle \u00e0 360\u00b0 de la Marina Baotic<\/h2>\n\n\n\n<figure class=\"wp-block-embed is-type-rich is-provider-embed-handler wp-block-embed-embed-handler\"><div class=\"wp-block-embed__wrapper\">\n<iframe loading=\"lazy\" style=\"border:0;\" tabindex=\"0\" src=\"https:\/\/tourmkr.com\/F1TunU1b5c\/12537947p&amp;331.02h&amp;75.81t\" width=\"100%\" height=\"400\" frameborder=\"0\" allowfullscreen=\"\" aria-hidden=\"false\"><\/iframe>\n<\/div><\/figure>\n\n\n\n<h2 class=\"wp-block-heading\">Informations de base Marina Baotic<\/h2>\n\n\n\n<ul class=\"wp-block-list\">\n<li><strong>Adresse:<\/strong> Marina Baotic, Ul. Don Petra Spike 2, 21220 Seget Donji, Croatia<\/li>\n\n\n\n<li><strong>E-Mail:<\/strong> booking@ultra-sailing.hr<\/li>\n\n\n\n<li><strong>T\u00e9l\u00e9phone:<\/strong>\n<ul class=\"wp-block-list\">\n<li>+385 21 398 579<\/li>\n\n\n\n<li>+385 98 488 668<\/li>\n<\/ul>\n<\/li>\n\n\n\n<li><strong>Support technique:<\/strong> +385 98 921 2573<\/li>\n<\/ul>\n\n\n\n<p><\/p>\n\n\n\n<ul class=\"wp-block-list\">\n<li><strong>Horaires d&#8217;ouverture du bureau:<\/strong>\n<ul class=\"wp-block-list\">\n<li>Lundi &#8211; Vendredi: 08h &#8211; 16h<\/li>\n<\/ul>\n<\/li>\n\n\n\n<li><strong>Saison Horaires de travail:<\/strong>\n<ul class=\"wp-block-list\">\n<li>Vendredi: 14:00 &#8211; 20:00<\/li>\n\n\n\n<li>Samedi: 08:00 &#8211; 20:00<\/li>\n\n\n\n<li>Dimanche: 08:00 &#8211; 12:00<\/li>\n<\/ul>\n<\/li>\n\n\n\n<li><strong>Check-in:<\/strong> Samedi 17:00 Heure<\/li>\n\n\n\n<li><strong>Check-out:<\/strong> Samedi 09:00 Heure<\/li>\n<\/ul>\n\n\n\t\t<div class=\"c-nav-card-group\">\n\t\t\t\n<a href=\"https:\/\/ultra-sailing.hr\/wp-content\/uploads\/2025\/04\/ULTRA_MARINA-BAOTIC.pdf\" class=\"c-nav-card\" target=\"_blank\">\n\t<img loading=\"lazy\" decoding=\"async\" width=\"680\" height=\"320\" src=\"https:\/\/ultra-sailing.hr\/wp-content\/uploads\/2024\/11\/Trogir_Marina_Baotic_segeln-680x320.jpg\" class=\"attachment-680x320 size-680x320\" alt=\"charter base Trogir\" \/>\t<div class=\"c-nav-card__main\">\n\t\t<p class=\"c-nav-card__title\">Base de location Baotic<\/p>\n\t\t<p class=\"c-nav-card__subtitle\">Toutes les informations en PDF concernant notre base de location Baotic \u00e0 Trogir, y compris les coordonn\u00e9es et les services associ\u00e9s.<\/p>\n\t\t<div class=\"c-nav-card__icon\">\n\t\t\t<svg class=\"o-icon u-stroke-2\"><use xmlns:xlink=\"http:\/\/www.w3.org\/1999\/xlink\" xlink:href=\"https:\/\/ultra-sailing.hr\/wp-content\/themes\/ultra-sailing\/assets\/sprite\/icons.svg#icon-chevron-right\"><\/use><\/svg>\t\t<\/div>\n\t<\/div>\n<\/a>\t\t<\/div>\n\n\n\n<figure class=\"wp-block-embed is-type-rich is-provider-embed-handler wp-block-embed-embed-handler\"><div class=\"wp-block-embed__wrapper\">\n<iframe loading=\"lazy\" src=\"https:\/\/google.com\/maps\/embed?pb=!1m18!1m12!1m3!1d772.2953911840792!2d16.23220617389396!3d43.51730668067807!2m3!1f0!2f0!3f0!3m2!1i1024!2i768!4f13.1!3m3!1m2!1s0x13356b413a74f293%3A0xeb3f8cf2941459b1!2sUltra%20Sailing%20Croatia%20-%20Catamaran%20rental%20%26%20dealership!5e1!3m2!1sen!2shr!4v1763628569071!5m2!1sen!2shr\" width=\"100%\" height=\"400\" frameborder=\"0\"><\/iframe>\n<\/div><\/figure>\n\n\n\n<h2 class=\"wp-block-heading\">\u00c0 propos de la marina<\/h2>\n\n\n\n<p>La marina Baotic se trouve \u00e0 environ 2 km de Trogir, \u00e0 seulement 10-15 minutes \u00e0 pied. Vous pouvez \u00e9galement vous rendre \u00e0 Trogir en bateau-taxi, qui part toutes les 20 minutes de la marina Baotic pour rejoindre le quai de Trogir. La marina dispose d&#8217;un total de 480 postes d&#8217;amarrage dans l&#8217;eau et de 200 postes d&#8217;amarrage \u00e0 sec pour des bateaux d&#8217;une longueur de 6 \u00e0 60 m\u00e8tres, r\u00e9partis sur 11 jet\u00e9es. La marina est ouverte toute l&#8217;ann\u00e9e. Tous les postes d&#8217;amarrage sont \u00e9quip\u00e9s d&#8217;eau et d&#8217;\u00e9lectricit\u00e9.    <\/p>\n\n\n\n<ul class=\"wp-block-list\">\n<li>r\u00e9ception<\/li>\n\n\n\n<li>bureau de change<\/li>\n\n\n\n<li>restaurant<\/li>\n\n\n\n<li>piscine<\/li>\n\n\n\n<li>toilettes et douches<\/li>\n\n\n\n<li>blanchisserie<\/li>\n\n\n\n<li>magasin nautique<\/li>\n\n\n\n<li>Service de yachts<\/li>\n\n\n\n<li>parking<\/li>\n\n\n\n<li>la station-service<\/li>\n\n\n\n<li>supermarch\u00e9<\/li>\n\n\n\n<li>consigne \u00e0 bagages<\/li>\n\n\n\n<li>WiFi<\/li>\n<\/ul>\n\n\n\n<h2 class=\"wp-block-heading\">Comment se rendre \u00e0 Trogir<\/h2>\n\n\n\n<p>Le moyen le plus simple de se rendre \u00e0 Trogir depuis n&#8217;importe quelle partie de l&#8217;Europe pendant la saison touristique est l&#8217;avion. Si n\u00e9cessaire, nous pouvons organiser le transfert de l&#8217;a\u00e9roport de Split \u00e0 votre bateau de location dans la marina. Ultra accueille ses clients et les conduit \u00e0 la marina Baotic.  <\/p>\n\n\n\n<h3 class=\"wp-block-heading\">En avion<\/h3>\n\n\n\n<p>L&#8217;a\u00e9roport de Split se trouve \u00e0 seulement 6 km de Trogir. Des vols directs vers Trogir (a\u00e9roport de Split) partent de plusieurs villes europ\u00e9ennes telles que Rome, G\u00f6teborg, Berlin, Prague, Amsterdam, Francfort, Paris, Londres et Manchester, etc. Il existe de nombreuses autres options possibles pour se rendre \u00e0 Zagreb. Il y a plusieurs vols quotidiens de Zagreb \u00e0 Split et vice versa, le vol dure environ 45 minutes.<\/p>\n\n\n\n<h3 class=\"wp-block-heading\">En voiture ou en bus<\/h3>\n\n\n\n<p>Si vous arrivez \u00e0 Trogir depuis l&#8217;Italie, vous pouvez emprunter l&#8217;autoroute adriatique depuis Rijeka, si vous pr\u00e9f\u00e9rez voyager le long de la c\u00f4te. Vous pouvez \u00e9galement emprunter l&#8217;autoroute lorsque vous arrivez \u00e0 Rijeka ou la jonction Zuta Lokva pr\u00e8s de la ville de Senj, \u00e0 environ 60 km au sud de Rijeka, et continuer vers Split. Si vous arrivez du nord, vous pouvez emprunter l&#8217;ancienne route Zagreb-Karlovac-Gracac-Knin ou l&#8217;autoroute Zagreb-Split.<\/p>\n\n\n\n<h3 class=\"wp-block-heading\">En ferry<\/h3>\n\n\n\n<p>Si vous voyagez en bateau, vous pouvez utiliser certaines des lignes de ferry r\u00e9guli\u00e8res de Rijeka ou de Dubrovnik vers Split, ou des lignes internationales de ferry ou de lignes rapides depuis l&#8217;Italie (Anc\u00f4ne, Civitanova, Giulianova, Pescara, Bari). De l\u00e0, vous pouvez rejoindre Trogir en bus ou en taxi.<\/p>\n\n\n\n<h3 class=\"wp-block-heading\">Connexion avec Split<\/h3>\n\n\n\n<p>Le bus n\u00b0 37 part toutes les 20 minutes de Trogir \u00e0 Split, avec un temps de trajet d&#8217;environ 45 minutes entre les deux villes. En \u00e9t\u00e9, le ferry Bura Line est \u00e9galement une option populaire, offrant un trajet agr\u00e9able de 30 minutes du front de mer de Trogir \u00e0 celui de Split, ou vice versa. <\/p>\n\n\n\n<h2 class=\"wp-block-heading\">\u00c0 propos de Trogir<\/h2>\n\n\n<div class=\"wp-block-image\">\n<figure class=\"aligncenter size-full\"><img loading=\"lazy\" decoding=\"async\" width=\"720\" height=\"480\" src=\"https:\/\/ultra-sailing.hr\/wp-content\/uploads\/2024\/03\/Trogir_marina.jpg\" alt=\"\" class=\"wp-image-347\" srcset=\"https:\/\/ultra-sailing.hr\/wp-content\/uploads\/2024\/03\/Trogir_marina.jpg 720w, https:\/\/ultra-sailing.hr\/wp-content\/uploads\/2024\/03\/Trogir_marina-300x200.jpg 300w\" sizes=\"auto, (max-width: 720px) 100vw, 720px\" \/><\/figure>\n<\/div>\n\n\n<p>Trogir est une ville-mus\u00e9e au sens propre du terme. Les amateurs de monuments culturels et historiques, d&#8217;art, d&#8217;architecture originale et de jolies ruelles ont la possibilit\u00e9 de d\u00e9couvrir \u00e0 Trogir un patrimoine vari\u00e9 et complexe &#8211; de la cour romane aux int\u00e9rieurs modernes. Le centre historique unique, le portail de Radovan, les collections d&#8217;art qui suscitent l&#8217;enthousiasme des visiteurs et des voyageurs depuis des si\u00e8cles offrent une beaut\u00e9 touristique, personnifi\u00e9e dans le relief de Kairos comme un souvenir appropri\u00e9.<\/p>\n\n\n\n<p>Les environs de Trogir (Riviera Trogir-Seget-Ciovo) se caract\u00e9risent par une v\u00e9g\u00e9tation luxuriante, de nombreuses \u00eeles et \u00eelots, des plages de galets et de rochers. En plus d&#8217;un h\u00e9bergement de qualit\u00e9 &#8211; h\u00f4tels, appartements, campings, une cuisine locale d\u00e9licieuse, surtout des plats de poisson, l&#8217;offre sportive et r\u00e9cr\u00e9ative comprend de nombreuses possibilit\u00e9s &#8211; tennis, boccia, bowling, jogging, \u00e9cole de surf, plong\u00e9e. Les divertissements comprennent des soir\u00e9es de p\u00eacheurs anim\u00e9es et des spectacles folkloriques, mais aussi des concerts de musique classique dans des d\u00e9cors sp\u00e9ciaux de la ville. La marina Baotic, \u00e0 proximit\u00e9 de Trogir, dispose de 480 places en mer et de 200 places sur terre. TROGIR, ville et port sur la bande c\u00f4ti\u00e8re du golfe de Kastela, \u00e0 27 km \u00e0 l&#8217;ouest de Split.<\/p>\n\n\n\n<p>Le vieux noyau est situ\u00e9 sur une petite \u00eele entre l&#8217;\u00eele de Ciovo et le continent ; il est reli\u00e9 au continent par un petit pont de pierre et \u00e0 l&#8217;\u00eele de Ciovo par un pont-levis. La ville s&#8217;\u00e9tend jusqu&#8217;\u00e0 la c\u00f4te nord de Ciovo, en face de la petite \u00eele.<\/p>\n\n\n\n<h3 class=\"wp-block-heading\">Que voir \u00e0 Trogir<\/h3>\n\n\n\n<ul class=\"wp-block-list\">\n<li>la forteresse Kamerlengo<\/li>\n\n\n\n<li>mus\u00e9e de la ville<\/li>\n\n\n\n<li>cath\u00e9drale St. Lauren<\/li>\n\n\n\n<li>Les loges avec la tour de l&#8217;horloge<\/li>\n\n\n\n<li>l&#8217;ancien et le nouveau palais de \u010cipiko<\/li>\n\n\n\n<li>l&#8217;\u00e9glise de St Nicolas avec la collection Kairos etc.<\/li>\n\n\n\n<li>le march\u00e9 de la ville<\/li>\n<\/ul>\n\n\n\n<h2 class=\"wp-block-heading\">Infos pratiques<\/h2>\n\n\n\n<ul class=\"wp-block-list\">\n<li>VHF ch 17 \u2013 Canal de l&#8217;Marina<\/li>\n\n\n\n<li>VHF ch 16 and VHF DSC ch 70 &#8211; \u00e9coute permanente des fr\u00e9quence de s\u00e9curit\u00e9 et d&#8217;urgence<\/li>\n\n\n\n<li>Les informations maritimes de s\u00e9curit\u00e9 ( MSI ) sont transmises en Croate et en Anglais par la Radio Split sur canal VHF 7, 21, 23, 28, 81<\/li>\n\n\n\n<li>MSI pr\u00e9visions m\u00e9t\u00e9orologiques, calendrier ( UTC ): 05:45, 12:45, 19:45<\/li>\n\n\n\n<li>Num\u00e9ro officiel Croate des urgences (Police, ER\/Hopital) 112<\/li>\n<\/ul>\n","protected":false},"excerpt":{"rendered":"<p>Trogir est une charmante ville conviviale sur la c\u00f4te adriatique orientale de la Croatie, connue pour sa riche histoire et son atmosph\u00e8re accueillante. Notre flotte de catamarans de location est bas\u00e9e \u00e0 Marina Baoti\u0107, \u00e0 quelques pas de la vieille ville de Trogir. De l\u00e0, nous proposons des locations avec ou sans skipper, offrant un [&hellip;]<\/p>\n","protected":false},"author":1,"featured_media":0,"parent":0,"menu_order":0,"comment_status":"closed","ping_status":"closed","template":"","meta":{"_acf_changed":false,"footnotes":""},"class_list":["post-4135","page","type-page","status-publish","hentry"],"acf":[],"_links":{"self":[{"href":"https:\/\/ultra-sailing.hr\/fr\/wp-json\/wp\/v2\/pages\/4135","targetHints":{"allow":["GET"]}}],"collection":[{"href":"https:\/\/ultra-sailing.hr\/fr\/wp-json\/wp\/v2\/pages"}],"about":[{"href":"https:\/\/ultra-sailing.hr\/fr\/wp-json\/wp\/v2\/types\/page"}],"author":[{"embeddable":true,"href":"https:\/\/ultra-sailing.hr\/fr\/wp-json\/wp\/v2\/users\/1"}],"replies":[{"embeddable":true,"href":"https:\/\/ultra-sailing.hr\/fr\/wp-json\/wp\/v2\/comments?post=4135"}],"version-history":[{"count":7,"href":"https:\/\/ultra-sailing.hr\/fr\/wp-json\/wp\/v2\/pages\/4135\/revisions"}],"predecessor-version":[{"id":5799,"href":"https:\/\/ultra-sailing.hr\/fr\/wp-json\/wp\/v2\/pages\/4135\/revisions\/5799"}],"wp:attachment":[{"href":"https:\/\/ultra-sailing.hr\/fr\/wp-json\/wp\/v2\/media?parent=4135"}],"curies":[{"name":"wp","href":"https:\/\/api.w.org\/{rel}","templated":true}]}}