{"id":4151,"date":"2024-03-03T19:12:43","date_gmt":"2024-03-03T18:12:43","guid":{"rendered":"https:\/\/ultra-sailing.hr\/dev-wordpress\/location-en-croatie\/bases-de-location\/base-de-location-dubrovnik\/"},"modified":"2025-11-20T10:15:44","modified_gmt":"2025-11-20T09:15:44","slug":"base-de-location-dubrovnik","status":"publish","type":"page","link":"https:\/\/ultra-sailing.hr\/fr\/base-de-location-dubrovnik\/","title":{"rendered":"Base de location Dubrovnik"},"content":{"rendered":"\n<p>La ville de Dubrovnik est situ\u00e9e dans le sud de la Dalmatie, sur la c\u00f4te adriatique. Dubrovnik est l&#8217;une des plus belles villes de la c\u00f4te adriatique. Depuis la marina de Dubrovnik, <strong>nous pouvons vous proposer la location de yachts avec ou sans skipper<\/strong>. Depuis notre base de location \u00e0 ACI Marina Dubrovnik, vous trouverez diff\u00e9rents voiliers et catamarans disponibles \u00e0 la location.<\/p>\n\n\n\n<p>Situ\u00e9e \u00e0 proximit\u00e9 d&#8217;\u00eeles magnifiques comme Mljet, l&#8217;archipel des \u00c9laphites, Kor\u010dula, Lastovo et la p\u00e9ninsule de Pelje\u0161ac, Dubrovnik est un excellent point de d\u00e9part pour explorer le sud enchanteur de l&#8217;Adriatique. Vous avez \u00e9galement la possibilit\u00e9 de naviguer vers le Mont\u00e9n\u00e9gro ou d&#8217;organiser une location de bateau aller simple entre Split et Dubrovnik. <\/p>\n\n\n\n<h2 class=\"wp-block-heading\">Informations de base<\/h2>\n\n\n\n<ul class=\"wp-block-list\">\n<li><strong>Adress:<\/strong> ACI Marina Dubrovnik, Na Skali 2, 20236 Moko\u0161ica<\/li>\n\n\n\n<li><strong>E-Mail:<\/strong> booking@ultra-sailing.hr<\/li>\n\n\n\n<li><strong>Phone:<\/strong>\n<ul class=\"wp-block-list\">\n<li>+385 21 398 578<\/li>\n\n\n\n<li>+385 98 488 668<\/li>\n<\/ul>\n<\/li>\n\n\n\n<li><strong>Technical Support:<\/strong> +385 91 488 1999<\/li>\n\n\n\n<li><strong>Horaires de travail:<\/strong>\n<ul class=\"wp-block-list\">\n<li>Vendredi: 14:00 &#8211; 20:00<\/li>\n\n\n\n<li>Samedi: 08:00 &#8211; 20:00<\/li>\n\n\n\n<li>Dimanche: 8:00 &#8211; 12:00<\/li>\n<\/ul>\n<\/li>\n\n\n\n<li><strong>Check-in:<\/strong> Samedi 17:00 Heure<\/li>\n\n\n\n<li><strong>Check-out:<\/strong> Samedi 09:00 Heure<\/li>\n<\/ul>\n\n\n\t\t<div class=\"c-nav-card-group\">\n\t\t\t\n<a href=\"https:\/\/ultra-sailing.hr\/wp-content\/uploads\/2025\/11\/Base-Info_Dubrovnik.pdf\" class=\"c-nav-card\" target=\"_blank\">\n\t<img loading=\"lazy\" decoding=\"async\" width=\"680\" height=\"320\" src=\"https:\/\/ultra-sailing.hr\/wp-content\/uploads\/2025\/03\/CharterBase_Dubrovnik_Ultra-680x320.jpg\" class=\"attachment-680x320 size-680x320\" alt=\"\" \/>\t<div class=\"c-nav-card__main\">\n\t\t<p class=\"c-nav-card__title\">Base de location Dubrovnik<\/p>\n\t\t<p class=\"c-nav-card__subtitle\">Toutes les informations en PDF concernant notre base de location \u00e0 Dubrovnik, y compris les coordonn\u00e9es et les services associ\u00e9s.<\/p>\n\t\t<div class=\"c-nav-card__icon\">\n\t\t\t<svg class=\"o-icon u-stroke-2\"><use xmlns:xlink=\"http:\/\/www.w3.org\/1999\/xlink\" xlink:href=\"https:\/\/ultra-sailing.hr\/wp-content\/themes\/ultra-sailing\/assets\/sprite\/icons.svg#icon-chevron-right\"><\/use><\/svg>\t\t<\/div>\n\t<\/div>\n<\/a>\t\t<\/div>\n\n\n\n<figure class=\"wp-block-embed aligncenter is-type-rich is-provider-embed-handler wp-block-embed-embed-handler\"><div class=\"wp-block-embed__wrapper\">\n<iframe loading=\"lazy\" src=\"https:\/\/google.com\/maps\/embed?pb=!1m18!1m12!1m3!1d3132.2374419742873!2d18.12572771190315!3d42.66966697104557!2m3!1f0!2f0!3f0!3m2!1i1024!2i768!4f13.1!3m3!1m2!1s0x134c748fb58c5c67%3A0xddaa79fce229b6ba!2sUltra%20sailing%20Croatia%20-%20Dubrovnik%20fleet!5e1!3m2!1sen!2shr!4v1763629335408!5m2!1sen!2shr\" width=\"100%\" height=\"400\" frameborder=\"0\"><\/iframe>\n<\/div><\/figure>\n\n\n\n<h2 class=\"wp-block-heading\">Comment se rendre \u00e0 Dubrovnik<\/h2>\n\n\n\n<p><strong>Le moyen le plus ais\u00e9 de rejoindre Dubrovnik depuis toutes les r\u00e9gions d&#8217;Europe durant la saison touristique est par voie a\u00e9rienne<\/strong>. Ultra accueille ses invit\u00e9s et peut <strong>organiser le transport de l&#8217;a\u00e9roport \u00e0 la marina<\/strong> o\u00f9 votre bateau de location vous attend. <\/p>\n\n\n\n<h3 class=\"wp-block-heading\">Par avion<\/h3>\n\n\n\n<p>Peut-\u00eatre la mani\u00e8re la plus <strong>pratique d&#8217;atteindre Dubrovnik<\/strong> est de voyager <strong>par avion<\/strong>. Il y a des vols quotidiens depuis Zagreb avec Croatia Airlines, et des <strong>vols hebdomadaires depuis la plupart des villes europ\u00e9ennes<\/strong>. Il convient de mentionner qu&#8217;il y a \u00e9galement des vols r\u00e9guliers vers Zagreb depuis presque tous les a\u00e9roports internationaux en Europe, m\u00eame hors saison.  <\/p>\n\n\n\n<h3 class=\"wp-block-heading\">Par autocar<\/h3>\n\n\n\n<p>Peut-\u00eatre la <strong>fa\u00e7on la plus \u00e9conomique de se rendre \u00e0 Dubrovnik<\/strong> est de voyager en autocar. De nombreuses lignes d&#8217;autocar reliant Dubrovnik \u00e0 chaque grande ville de Croatie op\u00e8rent plusieurs fois par jour.<br>La Croatie dispose d&#8217;un r\u00e9seau national de transport par autocar bien d\u00e9velopp\u00e9 qui dessert m\u00eame les plus petits villages de la c\u00f4te.<br>Des <strong>lignes d&#8217;autocar internationales<\/strong> r\u00e9guli\u00e8res relient la Croatie \u00e0 l&#8217;Autriche, l&#8217;Italie, la Hongrie, la France, l&#8217;Allemagne, la Slovaquie, la Bosnie-Herz\u00e9govine, et d&#8217;autres pays. <\/p>\n\n\n\n<h3 class=\"wp-block-heading\">En ferry<\/h3>\n\n\n\n<p>De nombreuses personnes prennent le <strong>ferry pour Dubrovnik<\/strong>, ce qui est probablement plus confortable et plus abordable que l&#8217;autocar. La <strong>plus grande compagnie croate est Jadrolinija<\/strong> qui propose des lignes reliant Rijeka \u00e0 Zadar, puis Split, Hvar et enfin Dubrovnik tout au long de l&#8217;ann\u00e9e. Il existe \u00e9galement quelques lignes priv\u00e9es de catamarans rapides qui desservent Dubrovnik plusieurs fois par jour. Il y a aussi une bonne liaison avec les <strong>ports italiens<\/strong> (Bari et Anc\u00f4ne) si vous souhaitez traverser de l&#8217;Italie \u00e0 Dubrovnik.   <\/p>\n\n\n\n<h3 class=\"wp-block-heading\"><strong>De Dubrovnik \u00e0 ACI Marina<\/strong><\/h3>\n\n\n\n<p>Maintenant que vous \u00eates \u00e0 Dubrovnik et que vous souhaitez vous rendre \u00e0 <strong>ACI Marina Komolac<\/strong>. Si vous d\u00e9sirez y aller en autobus, vous devriez prendre <strong>l&#8217;autobus num\u00e9ro 1A ou 1B et descendre \u00e0 l&#8217;arr\u00eat de Komolac<\/strong> (juste apr\u00e8s la station-service). Si vous vous d\u00e9placez en voiture, suivez les panneaux pour le port de Gruz puis, apr\u00e8s \u00eatre pass\u00e9 sous le pont, tournez \u00e0 gauche au premier croisement. Ensuite, continuez tout droit jusqu&#8217;\u00e0 Komolac. La premi\u00e8re route sur votre gauche est l&#8217;entr\u00e9e de <strong>ACI Marina Dubrovnik<\/strong> !    <\/p>\n\n\n<div class=\"wp-block-image\">\n<figure class=\"aligncenter size-full\"><img loading=\"lazy\" decoding=\"async\" width=\"747\" height=\"480\" src=\"https:\/\/ultra-sailing.hr\/wp-content\/uploads\/2024\/03\/Dubrovnik_Marina_Yachtcharter_Croatia.jpg\" alt=\"\" class=\"wp-image-353\" srcset=\"https:\/\/ultra-sailing.hr\/wp-content\/uploads\/2024\/03\/Dubrovnik_Marina_Yachtcharter_Croatia.jpg 747w, https:\/\/ultra-sailing.hr\/wp-content\/uploads\/2024\/03\/Dubrovnik_Marina_Yachtcharter_Croatia-300x193.jpg 300w, https:\/\/ultra-sailing.hr\/wp-content\/uploads\/2024\/03\/Dubrovnik_Marina_Yachtcharter_Croatia-248x160.jpg 248w\" sizes=\"auto, (max-width: 747px) 100vw, 747px\" \/><\/figure>\n<\/div>\n\n\n<p><strong>ACI Marina Dubrovnik<\/strong> se trouve pr\u00e8s de Komolac, \u00e0 environ 2 milles nautiques de l&#8217;entr\u00e9e du port de Gru\u017e et \u00e0 seulement 6 km du noyau de la vieille ville. La marina dispose de 425 postes d&#8217;amarrage et 140 places \u00e0 terre. Tous les postes sont \u00e9quip\u00e9s d&#8217;eau et d&#8217;\u00e9lectricit\u00e9. La marina est ouverte toute l&#8217;ann\u00e9e. Dans ACI Marina Dubrovnik, on trouve une r\u00e9ception, un bureau de change, un distributeur automatique de billets, un caf\u00e9, un bar \u00e0 ap\u00e9ritifs, un restaurant, une taverne, des toilettes et des douches, un service de blanchisserie, un magasin d&#8217;\u00e9quipement nautique, un atelier de r\u00e9paration, un parking, un supermarch\u00e9 (\u00e0 l&#8217;int\u00e9rieur de la marina, \u00e0 20 m du bureau d&#8217;Ultra), une station-service (\u00e0 500 m d&#8217;ACI Dubrovnik), des courts de tennis, une piscine, une connexion WiFi.    <\/p>\n\n\n\n<h2 class=\"wp-block-heading\">\u00c0 propos de Dubrovnik<\/h2>\n\n\n\n<p>Dubrovnik, la ville la plus embl\u00e9matique de Croatie, a \u00e9t\u00e9 fond\u00e9e au VIIe si\u00e8cle par des r\u00e9fugi\u00e9s de l&#8217;Epidaurum romain (aujourd&#8217;hui Cavtat), comme l&#8217;a not\u00e9 l&#8217;empereur Constantin Porphyrog\u00e9n\u00e8te. Elle passa plus tard sous domination byzantine et v\u00e9nitienne avant d&#8217;obtenir son ind\u00e9pendance en 1382 en tant que R\u00e9publique de Raguse. La ville s&#8217;\u00e9panouit comme centre culturel et commercial, particuli\u00e8rement apr\u00e8s la d\u00e9couverte de l&#8217;Am\u00e9rique qui ouvrit de nouvelles routes commerciales. Bien qu&#8217;un important tremblement de terre en 1667 ait caus\u00e9 des dommages consid\u00e9rables, l&#8217;esprit r\u00e9silient de Dubrovnik conduisit \u00e0 la reconstruction de sa vieille ville, qui subsiste aujourd&#8217;hui comme un t\u00e9moignage de sa riche histoire et de son patrimoine.   <\/p>\n\n\n\n<p>Le <strong>manoir<\/strong> <strong>de Petar Sorkocevic<\/strong> datant de 1521, avec ses arcades Renaissance au rez-de-chauss\u00e9e et ses fen\u00eatres gothiques \u00e0 une et trois ouvertures au premier \u00e9tage, domine la baie de Komolac o\u00f9 se situe <strong>ACI Marina Dubrovnik<\/strong>. Il n&#8217;est pas \u00e9tonnant que la famille Sorkocevic ait choisi cet emplacement particulier au XVIe si\u00e8cle pour construire leur manoir \u00e0 proximit\u00e9 des ressources naturelles. Prot\u00e9g\u00e9e par l&#8217;environnement naturel, la source d&#8217;eau naturelle au delta de la rivi\u00e8re Ombla fait de Komolac un lieu id\u00e9al pour les vacances d&#8217;une nouvelle g\u00e9n\u00e9ration de personnes : les plaisanciers. Actuellement, notre bureau se trouve dans ce manoir.   <\/p>\n\n\n\n<p>Ce qui vous coupera le souffle, c&#8217;est l&#8217;environnement. Les magnifiques collines qui vous entourent ferment la baie, la promenade \u00e0 travers la v\u00e9g\u00e9tation et les activit\u00e9s propos\u00e9es dans cette marina sp\u00e9cialement pour vous prolongeront votre s\u00e9jour \u00e0 Marina Dubrovnik. De plus, vous \u00eates proche de <strong>Dubrovnik<\/strong>, <strong>l&#8217;une des plus belles villes du monde<\/strong>, ce serait v\u00e9ritablement dommage de ne pas visiter ce <strong>joyau de la M\u00e9diterran\u00e9e<\/strong>. Si vous \u00eates un plaisancier sans moyen de transport terrestre, vous trouverez pr\u00e8s de la marina un arr\u00eat d&#8217;autobus qui vous emm\u00e8ne en ville toutes les 15 minutes. Bien entendu, un service de taxi est \u00e9galement \u00e0 votre disposition, nous vous laissons le choix.    <\/p>\n\n\n<div class=\"wp-block-image\">\n<figure class=\"aligncenter size-full\"><img loading=\"lazy\" decoding=\"async\" width=\"1600\" height=\"900\" src=\"https:\/\/ultra-sailing.hr\/wp-content\/uploads\/2024\/09\/Dubrovnik_Croatia_UltraSailing.jpg\" alt=\"\" class=\"wp-image-2710\" srcset=\"https:\/\/ultra-sailing.hr\/wp-content\/uploads\/2024\/09\/Dubrovnik_Croatia_UltraSailing.jpg 1600w, https:\/\/ultra-sailing.hr\/wp-content\/uploads\/2024\/09\/Dubrovnik_Croatia_UltraSailing-300x169.jpg 300w, https:\/\/ultra-sailing.hr\/wp-content\/uploads\/2024\/09\/Dubrovnik_Croatia_UltraSailing-1024x576.jpg 1024w, https:\/\/ultra-sailing.hr\/wp-content\/uploads\/2024\/09\/Dubrovnik_Croatia_UltraSailing-768x432.jpg 768w, https:\/\/ultra-sailing.hr\/wp-content\/uploads\/2024\/09\/Dubrovnik_Croatia_UltraSailing-1536x864.jpg 1536w\" sizes=\"auto, (max-width: 1600px) 100vw, 1600px\" \/><\/figure>\n<\/div>\n\n\n<p>Bien entendu, il n&#8217;y a gu\u00e8re de temps pour que vous puissiez d\u00e9couvrir tous les sites int\u00e9ressants de cette ville ancestrale. Par cons\u00e9quent, <strong>vous emprunterez le Stradun<\/strong> et vous vous accorderez une glace ou un caf\u00e9 dans l&#8217;un des nombreux \u00e9tablissements qui jalonnent cette art\u00e8re. Parmi <strong>les bars que nous recommandons figure le c\u00e9l\u00e8bre Buza<\/strong>, un lieu situ\u00e9 sous les remparts m\u00e9ridionaux, sur les falaises, voire m\u00eame dans les falaises. Un caf\u00e9, une vue imprenable, une baignade rapide pr\u00e8s des falaises, un salut aux navires de croisi\u00e8re traversant le chenal : voil\u00e0 un antidote naturel au stress. Apr\u00e8s votre promenade le long du Stradun jusqu&#8217;au vieux port, vous pourrez vous reposer pr\u00e8s de <strong>la fontaine d&#8217;Onofrio<\/strong>, o\u00f9 vous entendrez les sons traditionnels des violons de Konavle.    <\/p>\n\n\n<div class=\"c-collapse-group\"><div class=\"c-collapse js-collapse\">\n\t<button class=\"c-collapse__toggle js-collapse-toggle\">\n\t\t<h2 class=\"c-collapse__heading\">Que visiter \u00e0 Dubrovnik ?<\/h2>\n\t\t<div class=\"c-collapse__icon\">\n\t\t\t<svg class=\"o-icon u-stroke-2\"><use xmlns:xlink=\"http:\/\/www.w3.org\/1999\/xlink\" xlink:href=\"https:\/\/ultra-sailing.hr\/wp-content\/themes\/ultra-sailing\/assets\/sprite\/icons.svg#icon-chevron-down\"><\/use><\/svg>\t\t<\/div>\n\t<\/button>\n\t<div class=\"c-collapse__main js-collapse-main\">\n\t\t<div class=\"c-content-scope\">\n\t\t\t<ul>\n<li>La demeure de Petar Sorko\u010devi\u0107<\/li>\n<li>La cath\u00e9drale et l&#8217;\u00e9glise Saint-Blaise<\/li>\n<li>La vieille ville avec ses remparts, la porte de Pile, le Stradun et la tour de l&#8217;Horloge<\/li>\n<li>La fontaine d&#8217;Onofrio<\/li>\n<li>Le monast\u00e8re dominicain abritant la plus ancienne pharmacie d&#8217;Europe<\/li>\n<li>Le palais du Recteur et son mus\u00e9e d&#8217;histoire culturelle de la ville<\/li>\n<li>Le palais Sponza<\/li>\n<li>L&#8217;aquarium<\/li>\n<li>Le fort Lovrijenac, la forteresse Min\u010deta<\/li>\n<li>Le mont Sr\u0111<\/li>\n<\/ul>\n\t\t<\/div>\n\t<\/div>\n<\/div><div class=\"c-collapse js-collapse\">\n\t<button class=\"c-collapse__toggle js-collapse-toggle\">\n\t\t<h2 class=\"c-collapse__heading\">Informations utiles<\/h2>\n\t\t<div class=\"c-collapse__icon\">\n\t\t\t<svg class=\"o-icon u-stroke-2\"><use xmlns:xlink=\"http:\/\/www.w3.org\/1999\/xlink\" xlink:href=\"https:\/\/ultra-sailing.hr\/wp-content\/themes\/ultra-sailing\/assets\/sprite\/icons.svg#icon-chevron-down\"><\/use><\/svg>\t\t<\/div>\n\t<\/button>\n\t<div class=\"c-collapse__main js-collapse-main\">\n\t\t<div class=\"c-content-scope\">\n\t\t\t<ul>\n<li>VHF ch 17 \u2013 Canal de l&#8217;ACI Marina<\/li>\n<li>VHF canal 16 et VHF ASN canal 70 &#8211; Fr\u00e9quences de veille permanente pour les urgences et la s\u00e9curit\u00e9 de la navigation<\/li>\n<li>Les informations de s\u00e9curit\u00e9 maritime (MSI) sont diffus\u00e9es en croate et en anglais par Radio Dubrovnik sur les canaux VHF 4, 7, 28, 85<\/li>\n<li>MSI pr\u00e9visions m\u00e9t\u00e9orologiques, calendrier ( UTC ): 05:45, 12:45, 19:45<\/li>\n<li>Num\u00e9ro d&#8217;urgence officiel croate (Police, Urgences \/ H\u00f4pital) : 112<\/li>\n<li>Navigation vers le Mont\u00e9n\u00e9gro &#8211; moteur hors-bord et 2 personnes titulaires de permis de navigation valides requis<\/li>\n<li>Les bus 1A ou 1B circulent toutes les 15 minutes de Komolac \u00e0 la vieille ville. L&#8217;arr\u00eat de bus se trouve \u00e0 proximit\u00e9 de l&#8217;entr\u00e9e de la marina ACI.<\/li>\n<\/ul>\n\t\t<\/div>\n\t<\/div>\n<\/div><\/div>","protected":false},"excerpt":{"rendered":"<p>La ville de Dubrovnik est situ\u00e9e dans le sud de la Dalmatie, sur la c\u00f4te adriatique. Dubrovnik est l&#8217;une des plus belles villes de la c\u00f4te adriatique. Depuis la marina de Dubrovnik, nous pouvons vous proposer la location de yachts avec ou sans skipper. Depuis notre base de location \u00e0 ACI Marina Dubrovnik, vous trouverez [&hellip;]<\/p>\n","protected":false},"author":3,"featured_media":0,"parent":0,"menu_order":0,"comment_status":"closed","ping_status":"closed","template":"","meta":{"_acf_changed":false,"footnotes":""},"class_list":["post-4151","page","type-page","status-publish","hentry"],"acf":[],"_links":{"self":[{"href":"https:\/\/ultra-sailing.hr\/fr\/wp-json\/wp\/v2\/pages\/4151","targetHints":{"allow":["GET"]}}],"collection":[{"href":"https:\/\/ultra-sailing.hr\/fr\/wp-json\/wp\/v2\/pages"}],"about":[{"href":"https:\/\/ultra-sailing.hr\/fr\/wp-json\/wp\/v2\/types\/page"}],"author":[{"embeddable":true,"href":"https:\/\/ultra-sailing.hr\/fr\/wp-json\/wp\/v2\/users\/3"}],"replies":[{"embeddable":true,"href":"https:\/\/ultra-sailing.hr\/fr\/wp-json\/wp\/v2\/comments?post=4151"}],"version-history":[{"count":4,"href":"https:\/\/ultra-sailing.hr\/fr\/wp-json\/wp\/v2\/pages\/4151\/revisions"}],"predecessor-version":[{"id":5798,"href":"https:\/\/ultra-sailing.hr\/fr\/wp-json\/wp\/v2\/pages\/4151\/revisions\/5798"}],"wp:attachment":[{"href":"https:\/\/ultra-sailing.hr\/fr\/wp-json\/wp\/v2\/media?parent=4151"}],"curies":[{"name":"wp","href":"https:\/\/api.w.org\/{rel}","templated":true}]}}