{"id":4153,"date":"2024-03-11T09:57:59","date_gmt":"2024-03-11T08:57:59","guid":{"rendered":"https:\/\/ultra-sailing.hr\/dev-wordpress\/location-en-croatie\/bases-de-location\/base-daffretement-de-pula\/"},"modified":"2026-03-13T09:24:22","modified_gmt":"2026-03-13T08:24:22","slug":"base-de-location-pula","status":"publish","type":"page","link":"https:\/\/ultra-sailing.hr\/fr\/base-de-location-pula\/","title":{"rendered":"Base de location Pula"},"content":{"rendered":"\n<p>Notre base de location Pula de voilier et de catamarans dans <strong>la r\u00e9gion d&#8217;Istrie et du Kvarner est situ\u00e9e \u00e0 Pomer, \u00e0 seulement 10 km de la vieille ville de Pula<\/strong>. L&#8217;ACI Marina Pomer est situ\u00e9e dans la partie la plus profonde de la baie de Medulin, \u00e0 l&#8217;extr\u00e9mit\u00e9 sud de la p\u00e9ninsule istrienne. Vous pouvez affr\u00e9ter nos <a href=\"https:\/\/ultra-sailing.hr\/boats\">voiliers<\/a> ou <a href=\"https:\/\/ultra-sailing.hr\/catamarans\">catamarans<\/a> en navigation libre ou avec skipper. Depuis Pomer, vous avez la possibilit\u00e9 de mettre les voiles et de vous diriger vers le sud en direction du golfe du Kvarner et de naviguer autour d&#8217;\u00eeles telles que Cres, Susak, Krk, Lo\u0161inj ou dans l&#8217;autre direction vers la c\u00f4te ouest de l&#8217;Istrie en direction de magnifiques villes telles que Rovinj, Pore\u010d, Novigrad et m\u00eame vers l&#8217;Italie. Tous les bateaux sont disponibles \u00e0 la location avec ou sans skipper.<\/p>\n\n\n\n<h2 class=\"wp-block-heading\">Visite virtuelle \u00e0 360\u00b0 &#8211; Marina Pomer<\/h2>\n\n\n\n<figure class=\"wp-block-embed is-type-rich is-provider-embed-handler wp-block-embed-embed-handler\"><div class=\"wp-block-embed__wrapper\">\n<iframe loading=\"lazy\" style=\"border:0;\" tabindex=\"0\" src=\"https:\/\/tourmkr.com\/F1OL0GOqiA\/12806639p&amp;38.29h&amp;104.38t\" width=\"100%\" height=\"400\" frameborder=\"0\" allowfullscreen=\"\" aria-hidden=\"false\"><\/iframe>\n<\/div><\/figure>\n\n\n\n<h2 class=\"wp-block-heading\">Informations de base<\/h2>\n\n\n\n<ul class=\"wp-block-list\">\n<li><strong>Adresse<\/strong> : ACI Marina Pomer, Pomer 26A, 52100 Pomer<\/li>\n\n\n\n<li><strong>E-Mail:<\/strong> booking@ultra-sailing.hr<\/li>\n\n\n\n<li><strong>Assistance technique :<\/strong> +385 91 490 0034<\/li>\n\n\n\n<li><strong>Horaires de travail:<\/strong>\n<ul class=\"wp-block-list\">\n<li>Vendredi: 14:00 &#8211; 20:00<\/li>\n\n\n\n<li>Samedi: 08:00 &#8211; 20:00<\/li>\n\n\n\n<li>Dimanche: 8:00 &#8211; 12:00<\/li>\n<\/ul>\n<\/li>\n\n\n\n<li><strong>Check-in:<\/strong> Samedi 17:00 Heure<\/li>\n\n\n\n<li><strong>Check-out:<\/strong> Samedi 09:00 Heure<\/li>\n<\/ul>\n\n\n\t\t<div class=\"c-nav-card-group\">\n\t\t\t\n<a href=\"https:\/\/ultra-sailing.hr\/wp-content\/uploads\/2026\/02\/CharterBaseACI-MARINA-POMER.pdf\" class=\"c-nav-card\" target=\"_blank\">\n\t<img loading=\"lazy\" decoding=\"async\" width=\"680\" height=\"320\" src=\"https:\/\/ultra-sailing.hr\/wp-content\/uploads\/2024\/11\/Charterbase_Pomer_Croatia-680x320.jpg\" class=\"attachment-680x320 size-680x320\" alt=\"Charter baza Pula\" \/>\t<div class=\"c-nav-card__main\">\n\t\t<p class=\"c-nav-card__title\">Base de location Pomer<\/p>\n\t\t<p class=\"c-nav-card__subtitle\">Toutes les informations en PDF concernant notre base de location \u00e0 Pomer, pr\u00e8s de Pula, y compris les coordonn\u00e9es et les services associ\u00e9s.<\/p>\n\t\t<div class=\"c-nav-card__icon\">\n\t\t\t<svg class=\"o-icon u-stroke-2\"><use xmlns:xlink=\"http:\/\/www.w3.org\/1999\/xlink\" xlink:href=\"https:\/\/ultra-sailing.hr\/wp-content\/themes\/ultra-sailing\/assets\/sprite\/icons.svg#icon-chevron-right\"><\/use><\/svg>\t\t<\/div>\n\t<\/div>\n<\/a>\t\t<\/div>\n\n\n\n<figure class=\"wp-block-embed is-type-rich is-provider-embed-handler wp-block-embed-embed-handler\"><div class=\"wp-block-embed__wrapper\">\n<iframe loading=\"lazy\" src=\"https:\/\/google.com\/maps\/embed?pb=!1m18!1m12!1m3!1d1250.2017932910367!2d13.902114590434012!3d44.82198288418685!2m3!1f0!2f0!3f0!3m2!1i1024!2i768!4f13.1!3m3!1m2!1s0x47632b8c5022e6f5%3A0x7301bb15c52cf7a0!2sUltra%20Sailing%20Croatia%20-%20Yacht%20rental%20Pomer!5e1!3m2!1sen!2shr!4v1763629181271!5m2!1sen!2shr\" width=\"100%\" height=\"400\" frameborder=\"0\"><\/iframe>\n<\/div><\/figure>\n\n\n\n<h2 class=\"wp-block-heading\">Installations de la marina<\/h2>\n\n\n\n<ul class=\"wp-block-list\">\n<li>R\u00e9ception avec bureau de change, distributeur automatique de billets<\/li>\n\n\n\n<li>Restaurant avec piscine, \u00e9picerie, agence de location<\/li>\n\n\n\n<li>Installations sanitaires et douches avec \u00e9quipements s\u00e9par\u00e9s pour personnes \u00e0 mobilit\u00e9 r\u00e9duite, laverie<\/li>\n\n\n\n<li>Atelier de r\u00e9paration et d&#8217;entretien, grue de 30 tonnes<\/li>\n\n\n\n<li>Parking<\/li>\n\n\n\n<li>Prises \u00e9lectriques de 63A pour les plus grands navires<\/li>\n\n\n\n<li>Acc\u00e8s internet Wi-Fi<\/li>\n\n\n\n<li>Station-service \u00e0 Pje\u0161\u010dana Uvala (11 milles nautiques), Pula (18 milles nautiques)<\/li>\n\n\n\n<li>Point de collecte des d\u00e9chets \u00e9cologique<\/li>\n\n\n\n<li>Aire de jeux cl\u00f4tur\u00e9e<\/li>\n<\/ul>\n\n\n\n<p>Pomer est un paisible village de p\u00eacheurs o\u00f9 vous trouverez un magasin, une boulangerie et un restaurant. Le supermarch\u00e9 est situ\u00e9 sur la route de Banjole. <\/p>\n\n\n\n<h2 class=\"wp-block-heading\">Base de location Pula \u2013 Marina Pomer Video<\/h2>\n\n\n\n<figure class=\"wp-block-embed is-type-video is-provider-youtube wp-block-embed-youtube wp-embed-aspect-16-9 wp-has-aspect-ratio\"><div class=\"wp-block-embed__wrapper\">\n<iframe loading=\"lazy\" title=\"Yacht Charter Base Pula \u2013 Ultra Sailing at Marina Pomer | Base &amp; Marina Walkthrough\" width=\"640\" height=\"360\" src=\"https:\/\/www.youtube.com\/embed\/0HLbZ3xZf3k?start=2&#038;feature=oembed&#038;enablejsapi=1&#038;origin=https:\/\/ultra-sailing.hr\" frameborder=\"0\" allow=\"accelerometer; autoplay; clipboard-write; encrypted-media; gyroscope; picture-in-picture; web-share\" referrerpolicy=\"strict-origin-when-cross-origin\" allowfullscreen><\/iframe>\n<\/div><\/figure>\n\n\n\n<h2 class=\"wp-block-heading\">\u00c0 propos de Pula<\/h2>\n\n\n\n<figure class=\"wp-block-image size-full\"><img loading=\"lazy\" decoding=\"async\" width=\"960\" height=\"640\" src=\"https:\/\/ultra-sailing.hr\/wp-content\/uploads\/2024\/03\/pula_amfiteatar_ultrasailing-1.jpg\" alt=\"\" class=\"wp-image-800\" srcset=\"https:\/\/ultra-sailing.hr\/wp-content\/uploads\/2024\/03\/pula_amfiteatar_ultrasailing-1.jpg 960w, https:\/\/ultra-sailing.hr\/wp-content\/uploads\/2024\/03\/pula_amfiteatar_ultrasailing-1-300x200.jpg 300w, https:\/\/ultra-sailing.hr\/wp-content\/uploads\/2024\/03\/pula_amfiteatar_ultrasailing-1-768x512.jpg 768w\" sizes=\"auto, (max-width: 960px) 100vw, 960px\" \/><\/figure>\n\n\n\n<p>Bien que <a href=\"https:\/\/pulainfo.hr\/\" rel=\"nofollow noopener\" target=\"_blank\">Pula <\/a>soit c\u00e9l\u00e8bre pour ses \u00e9difices romains et ait atteint son apog\u00e9e durant cette p\u00e9riode, les origines de Pula remontent \u00e0 l&#8217;\u00e9poque illyrienne, et selon certains historiens, m\u00eame avant cela, il y a environ trois mille ans. La l\u00e9gende raconte qu&#8217;elle fut fond\u00e9e par des r\u00e9fugi\u00e9s de Colchide qui \u00e9taient \u00e0 la recherche de la Toison d&#8217;or \u00e0 bord du navire Argo, gard\u00e9 par les c\u00e9l\u00e8bres Argonautes. Apr\u00e8s leur \u00e9chec, craignant de rentrer chez eux, ils s&#8217;\u00e9tablirent ici.<\/p>\n\n\n\n<p><br>Cependant, c&#8217;est durant la p\u00e9riode imp\u00e9riale romaine (Ier &#8211; IIIe si\u00e8cles) que les plus grands monuments classiques de Croatie furent construits \u00e0 Pula. Le monument classique le plus magnifique et assur\u00e9ment central est l&#8217;Amphith\u00e9\u00e2tre, commun\u00e9ment appel\u00e9 l&#8217;Arena. Cet Amphith\u00e9\u00e2tre, utilis\u00e9 pour les combats d&#8217;hommes et d&#8217;animaux, fut construit au Ier si\u00e8cle apr\u00e8s J.-C., sous le r\u00e8gne de l&#8217;empereur Vespasien. Au XIIe si\u00e8cle, Pula tomba sous la domination de Venise et en ferait partie pendant les si\u00e8cles suivants. Au XIXe si\u00e8cle, Pula commen\u00e7a son ascension en tant que haut lieu naval et de construction navale. Au cours du XXe si\u00e8cle, d&#8217;abord sous Vienne, puis pendant l&#8217;occupation allemande, l&#8217;allemand devint la langue principale, bien que l&#8217;italien f\u00fbt encore parl\u00e9 dans les rues. La langue croate disparut presque compl\u00e8tement. Cela dura jusqu&#8217;en 1947, lorsque Pula fut rendue \u00e0 la Croatie (Yougoslavie), l\u00e0 o\u00f9 elle appartient.       <\/p>\n\n\n\n<h3 class=\"wp-block-heading\">Sites \u00e0 voir \u00e0 Pula<\/h3>\n\n\n\n<p>Pendant que vous attendez votre voilier ou catamaran, nous vous sugg\u00e9rons une excursion \u00e0 Pula :<\/p>\n\n\n\n<ul class=\"wp-block-list\">\n<li>L&#8217;amphith\u00e9\u00e2tre (Arena)<\/li>\n\n\n\n<li>L&#8217;Arc de triomphe des Sergi<\/li>\n\n\n\n<li>Mus\u00e9e historique et maritime d&#8217;Istrie<\/li>\n\n\n\n<li>Forum et temple d&#8217;Auguste<\/li>\n\n\n\n<li>Parc artistique de Verudela<\/li>\n\n\n\n<li>Foire aux antiquit\u00e9s et \u00e0 l&#8217;art dans le centre-ville tous les samedis matin<\/li>\n\n\n\n<li>L&#8217;aquarium<\/li>\n\n\n\n<li>Practice de golf de Verudela<\/li>\n\n\n\n<li>Observatoire de Pula<\/li>\n\n\n\n<li>Centre-ville de Pula<\/li>\n<\/ul>\n","protected":false},"excerpt":{"rendered":"<p>Notre base de location Pula de voilier et de catamarans dans la r\u00e9gion d&#8217;Istrie et du Kvarner est situ\u00e9e \u00e0 Pomer, \u00e0 seulement 10 km de la vieille ville de Pula. L&#8217;ACI Marina Pomer est situ\u00e9e dans la partie la plus profonde de la baie de Medulin, \u00e0 l&#8217;extr\u00e9mit\u00e9 sud de la p\u00e9ninsule istrienne. Vous [&hellip;]<\/p>\n","protected":false},"author":3,"featured_media":0,"parent":0,"menu_order":0,"comment_status":"closed","ping_status":"closed","template":"","meta":{"_acf_changed":false,"footnotes":""},"class_list":["post-4153","page","type-page","status-publish","hentry"],"acf":[],"_links":{"self":[{"href":"https:\/\/ultra-sailing.hr\/fr\/wp-json\/wp\/v2\/pages\/4153","targetHints":{"allow":["GET"]}}],"collection":[{"href":"https:\/\/ultra-sailing.hr\/fr\/wp-json\/wp\/v2\/pages"}],"about":[{"href":"https:\/\/ultra-sailing.hr\/fr\/wp-json\/wp\/v2\/types\/page"}],"author":[{"embeddable":true,"href":"https:\/\/ultra-sailing.hr\/fr\/wp-json\/wp\/v2\/users\/3"}],"replies":[{"embeddable":true,"href":"https:\/\/ultra-sailing.hr\/fr\/wp-json\/wp\/v2\/comments?post=4153"}],"version-history":[{"count":10,"href":"https:\/\/ultra-sailing.hr\/fr\/wp-json\/wp\/v2\/pages\/4153\/revisions"}],"predecessor-version":[{"id":6071,"href":"https:\/\/ultra-sailing.hr\/fr\/wp-json\/wp\/v2\/pages\/4153\/revisions\/6071"}],"wp:attachment":[{"href":"https:\/\/ultra-sailing.hr\/fr\/wp-json\/wp\/v2\/media?parent=4153"}],"curies":[{"name":"wp","href":"https:\/\/api.w.org\/{rel}","templated":true}]}}