{"id":4183,"date":"2024-03-03T20:01:11","date_gmt":"2024-03-03T19:01:11","guid":{"rendered":"https:\/\/ultra-sailing.hr\/dev-wordpress\/location-en-croatie\/vacances-nautiques-en-croatie\/"},"modified":"2025-02-21T09:18:43","modified_gmt":"2025-02-21T08:18:43","slug":"vacance-a-la-voile-en-croatie","status":"publish","type":"page","link":"https:\/\/ultra-sailing.hr\/fr\/vacance-a-la-voile-en-croatie\/","title":{"rendered":"Vacances nautiques en Croatie"},"content":{"rendered":"\n<p>Un <strong>s\u00e9jour nautique en Croatie<\/strong> est une exp\u00e9rience que chacun se doit de vivre au moins une fois dans son existence. La Croatie figure parmi les destinations de vill\u00e9giature les plus pris\u00e9es depuis des d\u00e9cennies, des cit\u00e9s telles que Pula, Zadar, Split, Dubrovnik sont reconnues depuis longtemps comme recommandables et attirent chaque ann\u00e9e un nombre croissant de touristes. <\/p>\n\n\n\n<p>Cependant, avec un littoral s&#8217;\u00e9tendant sur 1800 km et plus de 1200 \u00eeles, \u00eelots, falaises, r\u00e9cifs et rochers, la Croatie repr\u00e9sente litt\u00e9ralement un paradis pour la navigation : <strong>La mer limpide<\/strong> <strong>de l&#8217;Adriatique<\/strong>, <strong>les nombreuses baies et plages isol\u00e9es, uniquement accessibles par bateau<\/strong>, ne constituent que quelques-unes des raisons pour lesquelles un s\u00e9jour nautique est une exp\u00e9rience que chacun devrait tenter.<\/p>\n\n\n\n<figure class=\"wp-block-embed aligncenter is-type-video is-provider-youtube wp-block-embed-youtube wp-embed-aspect-16-9 wp-has-aspect-ratio\"><div class=\"wp-block-embed__wrapper\">\n<iframe loading=\"lazy\" title=\"Sailing holidays Croatia - Ultra Sailing Yacht Charter\" width=\"640\" height=\"360\" src=\"https:\/\/www.youtube.com\/embed\/aY6sLhlQ5F0?feature=oembed\" frameborder=\"0\" allow=\"accelerometer; autoplay; clipboard-write; encrypted-media; gyroscope; picture-in-picture; web-share\" referrerpolicy=\"strict-origin-when-cross-origin\" allowfullscreen><\/iframe>\n<\/div><\/figure>\n\n\n\n<p><br><br>En ce qui concerne la planification et <strong>la r\u00e9servation effective d&#8217;un s\u00e9jour nautique<\/strong> \u00e0 bord d&#8217;un voilier, d&#8217;un catamaran ou d&#8217;un bateau \u00e0 moteur en Croatie, il convient de prendre en consid\u00e9ration certains \u00e9l\u00e9ments avec attention. Il va sans dire que la premi\u00e8re \u00e9tape consiste \u00e0 v\u00e9rifier si vous-m\u00eame ou un autre membre de l&#8217;\u00e9quipage poss\u00e9dez <strong>les permis de navigation requis<\/strong> <strong>pour affr\u00e9ter un bateau en Croatie<\/strong>. Si tel est le cas, vous pouvez poursuivre votre planification avec les \u00e9tapes suivantes : (Dans le cas contraire, deux options s&#8217;offrent \u00e0 vous : <strong>l&#8217;affr\u00e8tement avec skipper<\/strong> ou <strong>un programme d&#8217;\u00e9cole de voile<\/strong>) <\/p>\n\n\n<div class=\"wp-block-image is-style-rounded wp-duotone-unset-1\">\n<figure class=\"aligncenter size-full\"><img loading=\"lazy\" decoding=\"async\" width=\"1000\" height=\"840\" src=\"https:\/\/ultra-sailing.hr\/wp-content\/uploads\/2024\/03\/sailing_boat_rental_croatia_blue_lagoon.jpg\" alt=\"\" class=\"wp-image-420\" srcset=\"https:\/\/ultra-sailing.hr\/wp-content\/uploads\/2024\/03\/sailing_boat_rental_croatia_blue_lagoon.jpg 1000w, https:\/\/ultra-sailing.hr\/wp-content\/uploads\/2024\/03\/sailing_boat_rental_croatia_blue_lagoon-300x252.jpg 300w, https:\/\/ultra-sailing.hr\/wp-content\/uploads\/2024\/03\/sailing_boat_rental_croatia_blue_lagoon-768x645.jpg 768w\" sizes=\"auto, (max-width: 1000px) 100vw, 1000px\" \/><\/figure>\n<\/div>\n\n\n<h2 class=\"wp-block-heading\">Zones de navigation en Croatie<\/h2>\n\n\n\n<p>Fondamentalement, cela commence par la question de savoir quelle zone de navigation est la plus appropri\u00e9e pour une excursion en Croatie ? Avec 1800 km de littoral, la diversit\u00e9 est consid\u00e9rable, il convient donc de prendre une d\u00e9cision en fonction de vos souhaits et pr\u00e9f\u00e9rences. En mati\u00e8re de location de yachts, nous distinguons les zones de navigation suivantes : l&#8217;Istrie, la baie de Kvarner, la Dalmatie du Nord (Zadar), la Dalmatie centrale (Split) et la Dalmatie du Sud (Dubrovnik).  <\/p>\n\n\n\n<p>Une fois que vous avez <strong>circonscrit la zone de navigation<\/strong>, il serait judicieux de r\u00e9fl\u00e9chir \u00e0 la dur\u00e9e quotidienne de navigation souhait\u00e9e. Combien d&#8217;heures d\u00e9sirez-vous passer en mer chaque jour et pr\u00e9f\u00e9rez-vous les mouillages ou les ports et marinas ? <strong>La plupart des soci\u00e9t\u00e9s de location croates<\/strong> proposent un ensemble pr\u00e9d\u00e9fini <strong>d&#8217;itin\u00e9raires de navigation recommand\u00e9s en Croatie<\/strong>, incluant des informations sur la distance et <strong>la dur\u00e9e approximative de navigation des trajets quotidiens<\/strong>. Tenez compte de votre \u00e9quipage ; si des enfants sont \u00e0 bord, il serait pr\u00e9f\u00e9rable que les \u00e9tapes quotidiennes de navigation ne soient pas trop longues.  <\/p>\n\n\n\n<h2 class=\"wp-block-heading\">Conditions m\u00e9t\u00e9orologiques<\/h2>\n\n\n\n<p>Un autre \u00e9l\u00e9ment essentiel concerne les conditions m\u00e9t\u00e9orologiques locales, susceptibles d&#8217;influencer vos itin\u00e9raires et votre planification quotidienne. Il est primordial de pr\u00eater attention aux bulletins m\u00e9t\u00e9orologiques, <strong>quel que soit l&#8217;itin\u00e9raire de navigation pr\u00e9vu, car en d\u00e9finitive, tout d\u00e9pend des conditions m\u00e9t\u00e9orologiques.<\/strong> D\u00e8s votre arriv\u00e9e dans nos locaux, nous vous communiquerons diff\u00e9rentes sources pour suivre les pr\u00e9visions m\u00e9t\u00e9orologiques locales. <\/p>\n\n\n\n<h2 class=\"wp-block-heading\">Mouillages, ancrages et marinas<\/h2>\n\n\n\n<p>Une fois que vous avez identifi\u00e9 un itin\u00e9raire correspondant globalement \u00e0 vos attentes, il convient \u00e9galement <strong>d&#8217;examiner les destinations sur le parcours<\/strong>, telles que les co\u00fbts d&#8217;amarrage et les infrastructures, les restaurants ou les march\u00e9s dans chaque lieu particulier. Si vous ne trouvez pas d&#8217;itin\u00e9raire correspondant \u00e0 vos <strong>pr\u00e9f\u00e9rences de navigation<\/strong>, il est recommand\u00e9 de contacter la soci\u00e9t\u00e9 de location et de solliciter leur assistance pour l&#8217;\u00e9laboration d&#8217;un itin\u00e9raire personnalis\u00e9 avec des suggestions de possibilit\u00e9s d&#8217;amarrage. La plupart des soci\u00e9t\u00e9s de location disposent d&#8217;un sp\u00e9cialiste capable de cr\u00e9er ais\u00e9ment un itin\u00e9raire de navigation personnalis\u00e9 en fonction de vos besoins. De plus, sur place, nous pouvons vous aider \u00e0 organiser un amarrage dans certaines baies et marinas.   <\/p>\n\n\n\n<p>Dans notre article de blog, vous trouverez <a href=\"https:\/\/blog.ultra-sailing.hr\/en\/useful-berths-and-weather-apps-while-sailing-in-croatia\/\" target=\"_blank\" rel=\"noreferrer noopener\">des applications int\u00e9ressantes contenant des informations sur les co\u00fbts d&#8217;amarrage et les num\u00e9ros de contact pour les ports, les ancrages et les marinas.<\/a><\/p>\n\n\n\n<h2 class=\"wp-block-heading\">P\u00e9riode optimale pour la navigation en Croatie<\/h2>\n\n\n\n<p>La p\u00e9riode id\u00e9ale d\u00e9pend de ce que vous recherchez durant vos vacances nautiques (festivit\u00e9s, navigation, baignade, plong\u00e9e, exploration).<\/p>\n\n\n\n<p>Le prix de la location de yacht d\u00e9pend de la saison, <strong>en haute saison, il est naturellement le plus \u00e9lev\u00e9<\/strong>, mais durant cette p\u00e9riode, l&#8217;activit\u00e9 est partout \u00e0 son comble. De nombreux concerts et \u00e9v\u00e9nements ont lieu sur les \u00eeles, et la vie nocturne sur certaines d&#8217;entre elles (comme Hvar) est litt\u00e9ralement \u00ab en effervescence \u00bb. Les baies sont \u00e9videmment aussi tr\u00e8s fr\u00e9quent\u00e9es, ce qui entra\u00eene une augmentation des co\u00fbts d&#8217;amarrage et, particuli\u00e8rement pour certains ports, une r\u00e9servation pr\u00e9alable est n\u00e9cessaire afin d&#8217;obtenir une place d&#8217;amarrage.  <\/p>\n\n\n\n<p><strong>L&#8217;avant-saison est g\u00e9n\u00e9ralement r\u00e9serv\u00e9e aux passionn\u00e9s de voile<\/strong>, les journ\u00e9es sont longues, les conditions de vent sont excellentes pour la navigation, les \u00eeles et les baies sont encore \u00ab paisibles \u00bb et sans affluence, la baignade n&#8217;est que pour les plus audacieux, car la temp\u00e9rature de la mer pourrait ne pas \u00eatre id\u00e9ale pour tous. Les co\u00fbts d&#8217;amarrage et de mouillage sont plus bas et vous pouvez trouver une place dans tous les ports et baies sans trop de difficult\u00e9s. <\/p>\n\n\n\n<p><strong>L&#8217;arri\u00e8re-saison en septembre et octobre est \u00e9galement un peu plus calme<\/strong>, bien que septembre ait \u00e9t\u00e9 bien r\u00e9serv\u00e9 ces derni\u00e8res ann\u00e9es. Cependant, vers la fin septembre et en octobre, les prix de location et d&#8217;amarrage diminuent \u00e0 nouveau, la temp\u00e9rature de la mer est encore agr\u00e9able (depuis l&#8217;\u00e9t\u00e9) et la baignade est possible. Le seul inconv\u00e9nient est que les journ\u00e9es sont plus courtes, ce qui r\u00e9duit le temps de navigation.  <\/p>\n\n\n\n<p>Vous avez probablement d\u00e9j\u00e0 convenu avec l&#8217;\u00e9quipage de la direction \u00e0 prendre. Chaque \u00eele en Croatie a quelque chose \u00e0 offrir, de la tranquillit\u00e9 et de la solitude lorsque vous \u00eates ancr\u00e9 dans l&#8217;une des baies isol\u00e9es, aux magnifiques villes historiques avec leurs mus\u00e9es, galeries et architecture bien pr\u00e9serv\u00e9e, ainsi qu&#8217;une campagne aventureuse. <\/p>\n\n\n\n<p><strong>Pendant votre navigation en Croatie, efforcez-vous de vous d\u00e9tendre, de vivre de mani\u00e8re \u00e9cologique et de traiter la nature, mais aussi le monde sous-marin, avec respect.<\/strong><\/p>\n\n\n\n<p>Lorsque tout cela est en place, vous \u00eates essentiellement pr\u00eat \u00e0 commencer vos <strong>vacances en voilier en Croatie.<\/strong> Nous ferons de notre mieux pour vous aider \u00e0 trouver le bateau de location le plus adapt\u00e9 \u00e0 vous et votre \u00e9quipage. N&#8217;h\u00e9sitez pas \u00e0 <a href=\"mailto:booking@ultra-sailing.hr\">nous contacter pour tout renseignement suppl\u00e9mentaire<\/a>. <\/p>\n","protected":false},"excerpt":{"rendered":"<p>Un s\u00e9jour nautique en Croatie est une exp\u00e9rience que chacun se doit de vivre au moins une fois dans son existence. La Croatie figure parmi les destinations de vill\u00e9giature les plus pris\u00e9es depuis des d\u00e9cennies, des cit\u00e9s telles que Pula, Zadar, Split, Dubrovnik sont reconnues depuis longtemps comme recommandables et attirent chaque ann\u00e9e un nombre [&hellip;]<\/p>\n","protected":false},"author":3,"featured_media":0,"parent":0,"menu_order":0,"comment_status":"closed","ping_status":"closed","template":"","meta":{"_acf_changed":false,"footnotes":""},"class_list":["post-4183","page","type-page","status-publish","hentry"],"acf":[],"_links":{"self":[{"href":"https:\/\/ultra-sailing.hr\/fr\/wp-json\/wp\/v2\/pages\/4183","targetHints":{"allow":["GET"]}}],"collection":[{"href":"https:\/\/ultra-sailing.hr\/fr\/wp-json\/wp\/v2\/pages"}],"about":[{"href":"https:\/\/ultra-sailing.hr\/fr\/wp-json\/wp\/v2\/types\/page"}],"author":[{"embeddable":true,"href":"https:\/\/ultra-sailing.hr\/fr\/wp-json\/wp\/v2\/users\/3"}],"replies":[{"embeddable":true,"href":"https:\/\/ultra-sailing.hr\/fr\/wp-json\/wp\/v2\/comments?post=4183"}],"version-history":[{"count":2,"href":"https:\/\/ultra-sailing.hr\/fr\/wp-json\/wp\/v2\/pages\/4183\/revisions"}],"predecessor-version":[{"id":4186,"href":"https:\/\/ultra-sailing.hr\/fr\/wp-json\/wp\/v2\/pages\/4183\/revisions\/4186"}],"wp:attachment":[{"href":"https:\/\/ultra-sailing.hr\/fr\/wp-json\/wp\/v2\/media?parent=4183"}],"curies":[{"name":"wp","href":"https:\/\/api.w.org\/{rel}","templated":true}]}}