{"id":4188,"date":"2024-05-26T10:59:24","date_gmt":"2024-05-26T09:59:24","guid":{"rendered":"https:\/\/ultra-sailing.hr\/dev-wordpress\/location-en-croatie\/location-de-cabine\/"},"modified":"2025-02-10T14:15:43","modified_gmt":"2025-02-10T13:15:43","slug":"location-de-cabine","status":"publish","type":"page","link":"https:\/\/ultra-sailing.hr\/fr\/location-en-croatie\/location-de-cabine\/","title":{"rendered":"Location de cabine"},"content":{"rendered":"\n<p>En plus de la location de voiliers et de catamarans sans \u00e9quipage le long de la c\u00f4te adriatique croate, nous proposons \u00e9galement la location de cabines, afin que vous puissiez r\u00e9server individuellement une seule cabine. Si c&#8217;est votre premi\u00e8re visite en Croatie, ou si vous n&#8217;avez pas encore eu l&#8217;occasion d&#8217;explorer les \u00eeles et la c\u00f4te croates, alors cette page et le programme qui vous conviennent sont faits pour vous.<\/p>\n\n\n\n<p>Pour ceux qui aiment \u00eatre sur un voilier et veulent voir le meilleur recoin de l\u2019Adriatique, nous avons cr\u00e9\u00e9 un itin\u00e9raire ou vous pouvez rencontrer des nouvelles personnes, \u00eatre actifs tant que vous le voulez, d\u00e9couvrir les bases de navigation \u00e0 la voile (si vous le souhaitez), visiter les plus belles iles, faire de la plong\u00e9e sous-marine, se baigner et se r\u00e9veiller chaque matin \u00e0 un diff\u00e9rend ancrage.<\/p>\n\n\n<div class=\"wp-block-image\">\n<figure class=\"aligncenter size-full is-resized\"><img loading=\"lazy\" decoding=\"async\" width=\"1024\" height=\"752\" src=\"https:\/\/ultra-sailing.hr\/wp-content\/uploads\/2024\/05\/UltraSailing_Croatia.jpg\" alt=\"\" class=\"wp-image-1442\" style=\"width:840px;height:auto\" srcset=\"https:\/\/ultra-sailing.hr\/wp-content\/uploads\/2024\/05\/UltraSailing_Croatia.jpg 1024w, https:\/\/ultra-sailing.hr\/wp-content\/uploads\/2024\/05\/UltraSailing_Croatia-300x220.jpg 300w, https:\/\/ultra-sailing.hr\/wp-content\/uploads\/2024\/05\/UltraSailing_Croatia-768x564.jpg 768w\" sizes=\"auto, (max-width: 1024px) 100vw, 1024px\" \/><\/figure>\n<\/div>\n\n\n<h2 class=\"wp-block-heading\">Activit\u00e9 physique et s\u00e9curit\u00e9:<\/h2>\n\n\n\n<ul class=\"wp-block-list\">\n<li>Une activit\u00e9 physique trop importante n\u2019est pas n\u00e9cessaire. Le skipper doit toujours s\u2019adapter au l\u2019individu et n\u2019exigera pas de taches de votre part sur le voilier \u00e0 moins que vous ne le vouliez. <\/li>\n\n\n\n<li>Pensez \u00e0 acheter de la cr\u00e8me anti-moustique \u00e0 la pharmacie ou dans un magasin<\/li>\n\n\n\n<li>L\u2019annexe est un bateau suppl\u00e9mentaire sur le voilier que vous utiliserez le plus souvent pour approcher la cote plus facilement. L\u2019acc\u00e8s a l\u2019annexe depuis votre voilier pourra vous faire mouiller, une fois dessus, utilisez les rames ou le moteur hors-bord pour vous d\u00e9placer <\/li>\n\n\n\n<li>La protection anti UV est \u00e9galement importante, utilisez une casquette, un maillot blanc en coton, pensez \u00e9galement au maillot de bain et a une veste chaude malgr\u00e9 les temp\u00e9ratures \u00e9lev\u00e9es <\/li>\n\n\n\n<li>Les temp\u00e9ratures estivales peuvent atteindre les 40 degr\u00e9s Celsius (Juillet, Aout), ce qui peut \u00eatre d\u00e9sagr\u00e9able pour ceux qui ne sont pas habitu\u00e9s. En Mai les temp\u00e9ratures sont comprises entre 18 et 22 degr\u00e9s Celsius. En Juin les jours sont les plus longs.  <\/li>\n\n\n\n<li>Le voilier, le skipper et l\u2019\u00e9quipage sont assure. Pensez tout de m\u00eame \u00e0 penser \u00e0 souscrire votre propre assurance de voyage, surtout en cas d\u2019impr\u00e9vus. <\/li>\n\n\n\n<li>Le voilier a son propre \u00e9quipement de s\u00e9curit\u00e9 en accord avec les r\u00e9gulations Croates de navigation<\/li>\n\n\n\n<li>Le voilier sera \u00e9quipe d\u2019un SUP (planche gonflable) et elle ne n\u00e9cessite pas une grande activit\u00e9 physique, l\u2019\u00e9loignement sans surveillance n\u2019est pas conseille<\/li>\n\n\n\n<li>L\u2019\u00e9quipement de plong\u00e9e est pr\u00e9sent \u00e0 bord (masque, tuba et palmes)<\/li>\n\n\n\n<li>Sur demande, un instructeur de Yoga peut \u00eatre organise. Le prix est de 1.450\u20ac<\/li>\n<\/ul>\n\n\n<div class=\"wp-block-image\">\n<figure class=\"aligncenter size-large\"><img loading=\"lazy\" decoding=\"async\" width=\"1024\" height=\"768\" src=\"https:\/\/ultra-sailing.hr\/wp-content\/uploads\/2024\/05\/SailingWithSkipper_Croatia-1024x768.jpg\" alt=\"\" class=\"wp-image-1319\" srcset=\"https:\/\/ultra-sailing.hr\/wp-content\/uploads\/2024\/05\/SailingWithSkipper_Croatia-1024x768.jpg 1024w, https:\/\/ultra-sailing.hr\/wp-content\/uploads\/2024\/05\/SailingWithSkipper_Croatia-300x225.jpg 300w, https:\/\/ultra-sailing.hr\/wp-content\/uploads\/2024\/05\/SailingWithSkipper_Croatia-768x576.jpg 768w, https:\/\/ultra-sailing.hr\/wp-content\/uploads\/2024\/05\/SailingWithSkipper_Croatia-1536x1152.jpg 1536w, https:\/\/ultra-sailing.hr\/wp-content\/uploads\/2024\/05\/SailingWithSkipper_Croatia.jpg 1600w\" sizes=\"auto, (max-width: 1024px) 100vw, 1024px\" \/><\/figure>\n<\/div>\n\n\n<h2 class=\"wp-block-heading\">VIE A BORD &amp; ENTENTE AVEC L\u2019EQUIPAGE<\/h2>\n\n\n\n<ul class=\"wp-block-list\">\n<li>Cette aventure de navigation vous demandera de partager votre cabine, vos toilettes et la cuisine avec les autres membres, les rencontres et la tol\u00e9rance sont donc n\u00e9cessaires. Selon notre exp\u00e9rience, les cabines sont utilis\u00e9es juste pour y passer la nuit. La plupart du temps vous serez \u00e0 l\u2019ext\u00e9rieur  <\/li>\n\n\n\n<li>La navigation d\u00e9pend du vent, si le skipper change d\u2019itin\u00e9raire, vous devez lui faire confiance car il choisit sa route en fonction des conditions m\u00e9t\u00e9orologiques pour prot\u00e9ger le voilier et l\u2019\u00e9quipage<\/li>\n\n\n\n<li>Les cabines du voilier poss\u00e8dent des petites cloisons qui n\u2019ont pas d\u2019isolation. Le son est donc transmissible facilement d\u2019une cabine \u00e0 l\u2019autre. Si vous voulez profitez de votre soir\u00e9e, il est conseill\u00e9 de sortir en ville<\/li>\n\n\n\n<li>Les rencontres effectu\u00e9es sur un voilier se transforment souvent en relation amicale durable. Soyez ouvert \u00e0 la d\u00e9couverte et \u00e0 la vie en pleine nature. Votre \u00e9quipage a choisi des vacances actives comme vous. Vous avez beaucoup plus en commun que vous ne le pensiez   <\/li>\n<\/ul>\n\n\n\n<h2 class=\"wp-block-heading\">Organisation<\/h2>\n\n\n\n<ul class=\"wp-block-list\">\n<li>Soyez conscient que nos itin\u00e9raires commencent et s\u2019ach\u00e8vent \u00e0 la marina ou au port. Si vous avez r\u00e9serv\u00e9 un logement suppl\u00e9mentaire \u00e0 l\u2019avance, vous devrez couvrir vous-m\u00eame vos frais de d\u00e9placement jusque ou depuis votre logement. Nous pouvons vous aider \u00e0 organiser vos transfert sur demande<\/li>\n\n\n\n<li>L&#8217;age minimal pour cette croisi\u00e8re est de 15ans et avec un accompagnement obligatoire d\u2019un parent. Des cabines pour 3 personnes ne sont pas disponibles. SI vous voyagez avec un enfant, cet enfant doit partager sa cabine avec une personne adulte, le deuxi\u00e8me parent partagera une autre cabine avec un passager ou payera une cabine suppl\u00e9mentaire<\/li>\n\n\n\n<li>Nous vous demanderons les d\u00e9tails de votre passeport \u00e0 la r\u00e9servation comme le nom, le pr\u00e9nom, la date de naissance et la nationalit\u00e9, ces informations sont indispensables pour la Crew-List. Ces informations personnelles ne seront pas utilis\u00e9es \u00e0 d\u2019autre fins. <\/li>\n\n\n\n<li>Les cabines de bateau sont petites. Il n\u2019y a pas de place pour vos valises dans les petites armoires, nous conseillons donc des valises souples.<\/li>\n<\/ul>\n\n\n\n<h2 class=\"wp-block-heading\">NOURRITURE<\/h2>\n\n\n\n<ul class=\"wp-block-list\">\n<li>La nourriture n\u2019est pas inclue dans le prix de base de location de la cabine<\/li>\n\n\n\n<li>La nourriture doit \u00eatre planifi\u00e9e, achet\u00e9e et pr\u00eate \u00e0 bord, en accord avec l\u2019\u00e9quipage et le skipper<\/li>\n\n\n\n<li>Une caisse commune pour la nourriture se forme le premier jour au montant de 100\u20ac par personnes. Le skipper est responsable des frais et des re\u00e7us. <\/li>\n\n\n\n<li>Si vous avez des exigences de menu (sans Gluten, V\u00e9g\u00e9tariens etc.), n\u2019h\u00e9sitez pas \u00e0 nous le faire savoir \u00e0 l\u2019avance afin que nous vous conseillions.<\/li>\n<\/ul>\n","protected":false},"excerpt":{"rendered":"<p>En plus de la location de voiliers et de catamarans sans \u00e9quipage le long de la c\u00f4te adriatique croate, nous proposons \u00e9galement la location de cabines, afin que vous puissiez r\u00e9server individuellement une seule cabine. Si c&#8217;est votre premi\u00e8re visite en Croatie, ou si vous n&#8217;avez pas encore eu l&#8217;occasion d&#8217;explorer les \u00eeles et la [&hellip;]<\/p>\n","protected":false},"author":3,"featured_media":0,"parent":4139,"menu_order":2,"comment_status":"closed","ping_status":"closed","template":"","meta":{"_acf_changed":false,"footnotes":""},"class_list":["post-4188","page","type-page","status-publish","hentry"],"acf":[],"_links":{"self":[{"href":"https:\/\/ultra-sailing.hr\/fr\/wp-json\/wp\/v2\/pages\/4188","targetHints":{"allow":["GET"]}}],"collection":[{"href":"https:\/\/ultra-sailing.hr\/fr\/wp-json\/wp\/v2\/pages"}],"about":[{"href":"https:\/\/ultra-sailing.hr\/fr\/wp-json\/wp\/v2\/types\/page"}],"author":[{"embeddable":true,"href":"https:\/\/ultra-sailing.hr\/fr\/wp-json\/wp\/v2\/users\/3"}],"replies":[{"embeddable":true,"href":"https:\/\/ultra-sailing.hr\/fr\/wp-json\/wp\/v2\/comments?post=4188"}],"version-history":[{"count":2,"href":"https:\/\/ultra-sailing.hr\/fr\/wp-json\/wp\/v2\/pages\/4188\/revisions"}],"predecessor-version":[{"id":4191,"href":"https:\/\/ultra-sailing.hr\/fr\/wp-json\/wp\/v2\/pages\/4188\/revisions\/4191"}],"up":[{"embeddable":true,"href":"https:\/\/ultra-sailing.hr\/fr\/wp-json\/wp\/v2\/pages\/4139"}],"wp:attachment":[{"href":"https:\/\/ultra-sailing.hr\/fr\/wp-json\/wp\/v2\/media?parent=4188"}],"curies":[{"name":"wp","href":"https:\/\/api.w.org\/{rel}","templated":true}]}}