{"id":4196,"date":"2024-03-10T18:47:37","date_gmt":"2024-03-10T17:47:37","guid":{"rendered":"https:\/\/ultra-sailing.hr\/dev-wordpress\/programme-de-navigation-familiale\/"},"modified":"2026-02-17T10:41:58","modified_gmt":"2026-02-17T09:41:58","slug":"cours-famille","status":"publish","type":"page","link":"https:\/\/ultra-sailing.hr\/fr\/cours-famille\/","title":{"rendered":"Programme de navigation familiale"},"content":{"rendered":"\n<p>Le <strong>Programme de Navigation Familiale<\/strong> propose une mani\u00e8re unique et active de profiter de vacances avec vos proches. De plus en plus populaire pour c\u00e9l\u00e9brer des anniversaires, des jubil\u00e9s ou des r\u00e9unions familiales annuelles, il offre l&#8217;opportunit\u00e9 id\u00e9ale aux familles de se d\u00e9tendre et de renforcer leurs liens tout en cr\u00e9ant des souvenirs durables. Il n&#8217;y a rien de tel qu&#8217;un s\u00e9jour actif pour consolider les relations entre membres de la famille et amis.  <\/p>\n\n\n\n<p>Notre programme de navigation familiale constitue une excellente fa\u00e7on de passer du temps de qualit\u00e9 ensemble. Les membres de la famille deviennent partie int\u00e9grante de l&#8217;\u00e9quipage, participant \u00e0 la navigation, au r\u00e9glage des voiles, \u00e0 l&#8217;amarrage, au mouillage et aux pr\u00e9visions m\u00e9t\u00e9orologiques. C&#8217;est une exp\u00e9rience amusante et engageante qui favorise le travail d&#8217;\u00e9quipe et renforce la confiance au sein de la famille.  <\/p>\n\n\n\n<p>Le programme est con\u00e7u pour permettre aux familles de profiter de vacances en voilier tout en apprenant ou en rafra\u00eechissant leurs comp\u00e9tences en navigation, avec une intensit\u00e9 moindre que nos cours standards. Il est adapt\u00e9 \u00e0 tous les \u00e2ges, avec un emploi du temps quotidien et un itin\u00e9raire de navigation personnalis\u00e9s pour r\u00e9pondre aux pr\u00e9f\u00e9rences de votre famille.  <\/p>\n\n\n\n<p>Il n&#8217;y a pas de dates pr\u00e9d\u00e9finies pour ce programme, car il peut \u00eatre personnalis\u00e9 en fonction des besoins et de la disponibilit\u00e9 de votre famille.<\/p>\n\n\n\n<p><strong><mark style=\"background-color:rgba(0, 0, 0, 0)\" class=\"has-inline-color has-vivid-red-color\">Prix sur demande<br><\/mark><\/strong><\/p>\n\n\n<div class=\"u-mb-5\">\n\t<a href=\"mailto:school@ultra-sailing.hr\" class=\"c-badge\">\n\t\t<svg class=\"o-icon u-stroke-2\"><use xmlns:xlink=\"http:\/\/www.w3.org\/1999\/xlink\" xlink:href=\"https:\/\/ultra-sailing.hr\/wp-content\/themes\/ultra-sailing\/assets\/sprite\/icons.svg#icon-mail\"><\/use><\/svg>\t\t<span>school@ultra-sailing.hr<\/span>\n\t<\/a>\n<\/div>\n\n\n<div class=\"u-mb-5\">\n\t<a href=\"tel:+385 21 398 578\" class=\"c-badge\">\n\t\t<svg class=\"o-icon u-stroke-2\"><use xmlns:xlink=\"http:\/\/www.w3.org\/1999\/xlink\" xlink:href=\"https:\/\/ultra-sailing.hr\/wp-content\/themes\/ultra-sailing\/assets\/sprite\/icons.svg#icon-phone\"><\/use><\/svg>\t\t<span>+385 21 398 578<\/span>\n\t<\/a>\n<\/div>\n\n\n\n<h2 class=\"wp-block-heading\">Le prix comprend<br><\/h2>\n\n\n\n<ul class=\"wp-block-list\">\n<li>TVA de 25%<\/li>\n\n\n\n<li>Taxe de s\u00e9jour<\/li>\n\n\n\n<li>6 jours de navigation<\/li>\n\n\n\n<li>Instructeur \/ Skipper<\/li>\n\n\n\n<li>Linge de lit<\/li>\n\n\n\n<li>WiFi<\/li>\n\n\n\n<li>Frais d&#8217;amarrage a ACI marina de Split<\/li>\n<\/ul>\n\n\n\n<h2 class=\"wp-block-heading\">Non inclus dans le prix<br><\/h2>\n\n\n\n<ul class=\"wp-block-list\">\n<li>Nourriture et boissons (y compris pour instructeur)<\/li>\n\n\n\n<li>Frais d&#8217;amarrage dans les ports et les marinas hors ACI marina Split<\/li>\n\n\n\n<li>Carburant<\/li>\n<\/ul>\n\n\n\n<p>Explorez la navigation en famille dans nos articles de blog ci-dessous.<\/p>\n\n\n\t\t<div class=\"c-nav-card-group\">\n\t\t\t\n<a href=\"https:\/\/blog.ultra-sailing.hr\/en\/family-sailing-in-croatia\/\" class=\"c-nav-card\" target=\"_blank\">\n\t<img loading=\"lazy\" decoding=\"async\" width=\"680\" height=\"320\" src=\"https:\/\/ultra-sailing.hr\/wp-content\/uploads\/2024\/05\/Family_Sailing_Catamaran_Croatia-680x320.jpg\" class=\"attachment-680x320 size-680x320\" alt=\"\" \/>\t<div class=\"c-nav-card__main\">\n\t\t<p class=\"c-nav-card__title\">Conseils pour la navigation en famille<\/p>\n\t\t<p class=\"c-nav-card__subtitle\">Meilleure p\u00e9riode pour naviguer en famille, itin\u00e9raires adapt\u00e9s aux familles, le navire id\u00e9al&#8230;<\/p>\n\t\t<div class=\"c-nav-card__icon\">\n\t\t\t<svg class=\"o-icon u-stroke-2\"><use xmlns:xlink=\"http:\/\/www.w3.org\/1999\/xlink\" xlink:href=\"https:\/\/ultra-sailing.hr\/wp-content\/themes\/ultra-sailing\/assets\/sprite\/icons.svg#icon-chevron-right\"><\/use><\/svg>\t\t<\/div>\n\t<\/div>\n<\/a>\n<a href=\"https:\/\/blog.ultra-sailing.hr\/en\/10-tips-for-sailing-with-kids-in-croatia\/\" class=\"c-nav-card\" target=\"_blank\">\n\t<img loading=\"lazy\" decoding=\"async\" width=\"680\" height=\"320\" src=\"https:\/\/ultra-sailing.hr\/wp-content\/uploads\/2024\/05\/SUP_Fun_Croatia-680x320.jpg\" class=\"attachment-680x320 size-680x320\" alt=\"\" \/>\t<div class=\"c-nav-card__main\">\n\t\t<p class=\"c-nav-card__title\">10 conseils pour naviguer avec des enfants en Croatie<\/p>\n\t\t<p class=\"c-nav-card__subtitle\">La conclusion est que les enfants se sont toujours sentis \u00e0 l&#039;aise et impliqu\u00e9s, sans jamais \u00e9prouver de sensation d&#039;exigu\u00eft\u00e9 ou d&#039;ennui.<\/p>\n\t\t<div class=\"c-nav-card__icon\">\n\t\t\t<svg class=\"o-icon u-stroke-2\"><use xmlns:xlink=\"http:\/\/www.w3.org\/1999\/xlink\" xlink:href=\"https:\/\/ultra-sailing.hr\/wp-content\/themes\/ultra-sailing\/assets\/sprite\/icons.svg#icon-chevron-right\"><\/use><\/svg>\t\t<\/div>\n\t<\/div>\n<\/a>\t\t<\/div>\n","protected":false},"excerpt":{"rendered":"<p>Le Programme de Navigation Familiale propose une mani\u00e8re unique et active de profiter de vacances avec vos proches. De plus en plus populaire pour c\u00e9l\u00e9brer des anniversaires, des jubil\u00e9s ou des r\u00e9unions familiales annuelles, il offre l&#8217;opportunit\u00e9 id\u00e9ale aux familles de se d\u00e9tendre et de renforcer leurs liens tout en cr\u00e9ant des souvenirs durables. Il [&hellip;]<\/p>\n","protected":false},"author":1,"featured_media":0,"parent":0,"menu_order":0,"comment_status":"closed","ping_status":"closed","template":"","meta":{"_acf_changed":false,"footnotes":""},"class_list":["post-4196","page","type-page","status-publish","hentry"],"acf":[],"_links":{"self":[{"href":"https:\/\/ultra-sailing.hr\/fr\/wp-json\/wp\/v2\/pages\/4196","targetHints":{"allow":["GET"]}}],"collection":[{"href":"https:\/\/ultra-sailing.hr\/fr\/wp-json\/wp\/v2\/pages"}],"about":[{"href":"https:\/\/ultra-sailing.hr\/fr\/wp-json\/wp\/v2\/types\/page"}],"author":[{"embeddable":true,"href":"https:\/\/ultra-sailing.hr\/fr\/wp-json\/wp\/v2\/users\/1"}],"replies":[{"embeddable":true,"href":"https:\/\/ultra-sailing.hr\/fr\/wp-json\/wp\/v2\/comments?post=4196"}],"version-history":[{"count":3,"href":"https:\/\/ultra-sailing.hr\/fr\/wp-json\/wp\/v2\/pages\/4196\/revisions"}],"predecessor-version":[{"id":5971,"href":"https:\/\/ultra-sailing.hr\/fr\/wp-json\/wp\/v2\/pages\/4196\/revisions\/5971"}],"wp:attachment":[{"href":"https:\/\/ultra-sailing.hr\/fr\/wp-json\/wp\/v2\/media?parent=4196"}],"curies":[{"name":"wp","href":"https:\/\/api.w.org\/{rel}","templated":true}]}}