{"id":4221,"date":"2024-03-05T19:23:36","date_gmt":"2024-03-05T18:23:36","guid":{"rendered":"https:\/\/ultra-sailing.hr\/dev-wordpress\/regles-de-confidentialite\/"},"modified":"2025-02-13T15:45:10","modified_gmt":"2025-02-13T14:45:10","slug":"regles-de-confidentialite","status":"publish","type":"page","link":"https:\/\/ultra-sailing.hr\/fr\/regles-de-confidentialite\/","title":{"rendered":"R\u00e8gles de confidentialit\u00e9"},"content":{"rendered":"\n<p>Dans le but de fournir un service optimal \u00e0 ses utilisateurs, notre entreprise Ultra d.o.o. souhaite, par la pr\u00e9sente d\u00e9claration, expliquer la mani\u00e8re dont nous traitons les donn\u00e9es que vous nous communiquez sur notre site web www.ultra-sailing.hr et via les messages \u00e9lectroniques.<\/p>\n\n<h2 class=\"wp-block-heading\">Collecte de vos donn\u00e9es<\/h2>\n\n<p>Nous r\u00e9alisons la collecte de vos donn\u00e9es lorsque vous nous faites parvenir une demande de renseignement ou d\u2019offre (nom et adresse \u00e9lectronique). En cas de r\u00e9servation de l\u2019un de nos navires, il nous faut, pour remplir la liste d\u2019\u00e9quipage et vous d\u00e9clarer aupr\u00e8s de l\u2019organisme e-Visitor, recueillir certaines informations, notamment nom et pr\u00e9nom, date et lieu de naissance, num\u00e9ro de passeport ou de carte d\u2019identit\u00e9 et num\u00e9ro de permis de navigation. Ces informations sont n\u00e9cessaires pour la d\u00e9claration de s\u00e9jour des visiteurs aupr\u00e8s des autorit\u00e9s croates comp\u00e9tentes.   <\/p>\n\n<h2 class=\"wp-block-heading\">Mode d\u2019utilisation des donn\u00e9es<\/h2>\n\n<p>Nous faisons usage de vos informations:<\/p>\n\n<ul class=\"wp-block-list\">\n<li>pour \u00e9tablir l\u2019offre de prestation de service<\/li>\n\n\n\n<li>pour confirmer la r\u00e9servation du service sollicit\u00e9 ainsi que pour la facturation, la r\u00e9daction du contrat et l\u2019\u00e9tablissement du titre d\u2019embarquement<\/li>\n\n\n\n<li>pour \u00e9laborer la liste d\u2019\u00e9quipage et d\u00e9clarer les s\u00e9jours des clients concern\u00e9s aupr\u00e8s de l\u2019organisme e-Visitor (autorit\u00e9 croate comp\u00e9tente en la mati\u00e8re),<\/li>\n\n\n\n<li>nous ne transmettons vous donn\u00e9es \u00e0 un tiers que si n\u00e9cessaire \u00e0 la r\u00e9alisation de la prestation (par ex. navire de substitution aupr\u00e8s d\u2019une autre agence ou en cas d\u2019inspection maritime)<\/li>\n\n\n\n<li>pour l\u2019envoi intermittent de bulletins d\u2019information \u00e9lectroniques (informations sur les nouveaux produits ou les offres promotionnelles). Tout message \u00e9lectronique publicitaire comportera une notice \u00e9non\u00e7ant la mani\u00e8re de vous d\u00e9sabonner de la liste des destinataires de ces bulletins.  <\/li>\n\n\n\n<li>pour envoyer \u00e0 votre adresse les objets que vous avez perdus ou oubli\u00e9s sur le navire (sur votre requ\u00eate)<br\/>L\u2019entreprise Ultra d.o.o. renonce \u00e0 toute vente, \u00e9change ou location de vos donn\u00e9es personnelles. Nous avons l\u2019obligation de les r\u00e9v\u00e9ler uniquement sur mandat judiciaire ou pour cause de protection des droits de l\u2019entreprise Ultra d.o.o.  <\/li>\n<\/ul>\n\n<h2 class=\"wp-block-heading\">Utilisation des cookies de Google sur le site web et les liens vers\/en provenance d\u2019autres sites<\/h2>\n\n<p>Nous nous effor\u00e7ons constamment de suivre les derni\u00e8res normes s\u00e9curitaires des sites web et de notre serveur.<br\/>Notre site web fait usage de cookies qui sont des fichiers envoy\u00e9s \u00e0 votre ordinateur et stock\u00e9s sous format textuel sur votre disque dur. Nous permettant de reconnaitre votre navigateur sans pour autant vous identifier, les cookies nous servent \u00e0 am\u00e9liorer les fonctionnalit\u00e9s de notre site web et \u00e0 nous livrer un aper\u00e7u des mouvements qui y sont observ\u00e9s. En navigant sur notre site web, vous confirmez adh\u00e9rer aux Droits relatifs \u00e0 la vie priv\u00e9e ainsi qu\u2019\u00e0 l\u2019utilisation des cookies. Toute accession au site web internet s\u2019ensuit de l\u2019apparition d\u2019une fen\u00eatre contenant une demande d\u2019acceptation de l\u2019utilisation des cookies.      <\/p>\n\n<p>Aux fins d\u2019analyse de notre site, nous utilisons Google Analytics qui fait \u00e9galement usage de cookies pour la collecte et le suivi des donn\u00e9es non personnelles (pour plus d\u2019informations, veuillez consulter les r\u00e8gles de confidentialit\u00e9 de Google). Nous traitons ces donn\u00e9es en vue d\u2019\u00e9laborer des rapports d\u2019utilisation de notre site web et \u00e0 l\u2019effet d\u2019en am\u00e9liorer le contenu. Les navigateurs plus r\u00e9cents vous permettent de bloquer ou d\u2019effacer les cookies. Une telle d\u00e9marche peut toutefois affecter le fonctionnement de notre site lors de votre navigation.   <\/p>\n\n<p>L\u2019entreprise Ultra d.o.o. d\u00e9cline toute responsabilit\u00e9 pour l\u2019activit\u00e9, le contenu ou les r\u00e8gles de confidentialit\u00e9 des autres sites web auxquels m\u00e8nent les liens vers ou \u00e0 partir d\u2019autres sites internet (links). En effet, ces sites peuvent vous envoyer des cookies ou recueillir vos donn\u00e9es personnelles, ce dont vous devez vous informer sur ces sites m\u00eames.  <\/p>\n\n<h2 class=\"wp-block-heading\">S\u00e9curit\u00e9 des donn\u00e9es collect\u00e9es<\/h2>\n\n<p>L\u2019entreprise Ultra d.o.o. d\u00e9clare avoir entrepris toutes les d\u00e9marches raisonnables dans le cadre des mesures de s\u00e9curit\u00e9 sur son site web en vue de prot\u00e9ger vos donn\u00e9es.<\/p>\n\n<h2 class=\"wp-block-heading\">Vos droits<\/h2>\n\n<ul class=\"wp-block-list\">\n<li>Vous avez le droit d\u2019adresser une demande \u00e9crite de transmission des informations dont nous disposons \u00e0 votre sujet et d\u2019en demander la rectification s\u2019ils ne sont plus valables ou inexacts,<\/li>\n\n\n\n<li>vous avez le droit de demander \u00e0 ne pas recevoir d\u2019articles de promotion de nos services et de notre flotte,<\/li>\n\n\n\n<li>en cas de r\u00e9ception de courrier \u00e9lectronique, vous pouvez vous d\u00e9sabonner de la liste des destinataires (\u00ab unsubscribe E-mail \u00bb)<\/li>\n\n\n\n<li>Vous pouvez v\u00e9rifier votre correspondance \u00e0 tout moment \u00e0 l&#8217;adresse <a href=\"mailto:booking@ultra-sailing.hr\">booking@ultra-sailing.hr<\/a><\/li>\n<\/ul>\n\n<h2 class=\"wp-block-heading\">Modification de la pr\u00e9sente D\u00e9claration<\/h2>\n\n<p>L\u2019entreprise Ultra d.o.o. se r\u00e9serve le droit de modifier ou de compl\u00e9ter, de fa\u00e7on intermittente, la pr\u00e9sente d\u00e9claration de confidentialit\u00e9 sur notre site web.<\/p>\n","protected":false},"excerpt":{"rendered":"<p>Dans le but de fournir un service optimal \u00e0 ses utilisateurs, notre entreprise Ultra d.o.o. souhaite, par la pr\u00e9sente d\u00e9claration, expliquer la mani\u00e8re dont nous traitons les donn\u00e9es que vous nous communiquez sur notre site web www.ultra-sailing.hr et via les messages \u00e9lectroniques. Collecte de vos donn\u00e9es Nous r\u00e9alisons la collecte de vos donn\u00e9es lorsque vous [&hellip;]<\/p>\n","protected":false},"author":1,"featured_media":0,"parent":0,"menu_order":0,"comment_status":"closed","ping_status":"closed","template":"","meta":{"_acf_changed":false,"footnotes":""},"class_list":["post-4221","page","type-page","status-publish","hentry"],"acf":[],"_links":{"self":[{"href":"https:\/\/ultra-sailing.hr\/fr\/wp-json\/wp\/v2\/pages\/4221","targetHints":{"allow":["GET"]}}],"collection":[{"href":"https:\/\/ultra-sailing.hr\/fr\/wp-json\/wp\/v2\/pages"}],"about":[{"href":"https:\/\/ultra-sailing.hr\/fr\/wp-json\/wp\/v2\/types\/page"}],"author":[{"embeddable":true,"href":"https:\/\/ultra-sailing.hr\/fr\/wp-json\/wp\/v2\/users\/1"}],"replies":[{"embeddable":true,"href":"https:\/\/ultra-sailing.hr\/fr\/wp-json\/wp\/v2\/comments?post=4221"}],"version-history":[{"count":1,"href":"https:\/\/ultra-sailing.hr\/fr\/wp-json\/wp\/v2\/pages\/4221\/revisions"}],"predecessor-version":[{"id":4222,"href":"https:\/\/ultra-sailing.hr\/fr\/wp-json\/wp\/v2\/pages\/4221\/revisions\/4222"}],"wp:attachment":[{"href":"https:\/\/ultra-sailing.hr\/fr\/wp-json\/wp\/v2\/media?parent=4221"}],"curies":[{"name":"wp","href":"https:\/\/api.w.org\/{rel}","templated":true}]}}