{"id":4223,"date":"2024-03-10T17:22:12","date_gmt":"2024-03-10T16:22:12","guid":{"rendered":"https:\/\/ultra-sailing.hr\/dev-wordpress\/itineraires-de-navigation-recommandes-en-croatie\/"},"modified":"2025-02-20T15:11:44","modified_gmt":"2025-02-20T14:11:44","slug":"navigation-croatie-routes-recommandees","status":"publish","type":"page","link":"https:\/\/ultra-sailing.hr\/fr\/navigation-croatie-routes-recommandees\/","title":{"rendered":"Itin\u00e9raires de navigation en Croatie"},"content":{"rendered":"\n<p>Une fois que vous avez r\u00e9serv\u00e9 votre voilier ou catamaran en Croatie, il est temps de planifier votre itin\u00e9raire de navigation. Nos bases de location couvrent l&#8217;int\u00e9gralit\u00e9 de la c\u00f4te adriatique croate \u2014 de l&#8217;Adriatique Nord (Pomer-Pula) \u00e0 l&#8217;Adriatique centrale (Split &amp; Trogir) et l&#8217;Adriatique Sud (Dubrovnik). Chaque r\u00e9gion offre de nombreuses \u00eeles, plages, baies et villes \u00e0 explorer.  <\/p>\n\n\n\n<p>Naturellement, votre itin\u00e9raire d\u00e9pendra largement des conditions m\u00e9t\u00e9orologiques, il est donc important de surveiller les pr\u00e9visions et d&#8217;ajuster vos plans en cons\u00e9quence, en d\u00e9cidant de passer la nuit \u00e0 l&#8217;ancre, sur une bou\u00e9e de mouillage ou dans une marina\/un port. Nous recommandons \u00e9galement de t\u00e9l\u00e9charger quelques applications gratuites utiles de pr\u00e9visions m\u00e9t\u00e9orologiques et de mouillage, qui fournissent des informations pr\u00e9cieuses, notamment les num\u00e9ros de contact et les frais de mouillage pour les ports, les marinas et les ancrages le long de la c\u00f4te croate. <\/p>\n\n\n\n<p>Si vous choisissez de naviguer avec un skipper, nos skippers professionnels connaissent parfaitement chaque r\u00e9gion et peuvent sugg\u00e9rer les meilleures options \u2014 que vous recherchiez des baies cach\u00e9es, des plages isol\u00e9es, des lieux festifs ou des restaurants proposant une cuisine locale. Avec un skipper \u00e0 bord, votre seule t\u00e2che est de vous d\u00e9tendre pendant qu&#8217;il s&#8217;occupe de trouver l&#8217;emplacement de mouillage id\u00e9al. <\/p>\n\n\n\n<p>Vous trouverez ci-dessous quelques itin\u00e9raires de navigation recommand\u00e9s en Croatie. Chacun offre de magnifiques destinations et de nombreuses opportunit\u00e9s de s&#8217;arr\u00eater dans des baies pittoresques en chemin. La navigation en Croatie pr\u00e9sente une incroyable vari\u00e9t\u00e9 de choix, de l&#8217;ancrage dans des baies tranquilles \u00e0 l&#8217;amarrage dans de petits ports insulaires ou des marinas modernes \u00e0 la mode.  <\/p>\n\n\n<div class=\"c-collapse-group\"><div class=\"c-collapse js-collapse\">\n\t<button class=\"c-collapse__toggle js-collapse-toggle\">\n\t\t<h2 class=\"c-collapse__heading\">Depuis Split ou Trogir \/ Dalmatie centrale &#8211; 125 NM<\/h2>\n\t\t<div class=\"c-collapse__icon\">\n\t\t\t<svg class=\"o-icon u-stroke-2\"><use xmlns:xlink=\"http:\/\/www.w3.org\/1999\/xlink\" xlink:href=\"https:\/\/ultra-sailing.hr\/wp-content\/themes\/ultra-sailing\/assets\/sprite\/icons.svg#icon-chevron-down\"><\/use><\/svg>\t\t<\/div>\n\t<\/button>\n\t<div class=\"c-collapse__main js-collapse-main\">\n\t\t<div class=\"c-content-scope\">\n\t\t\t<ul>\n<li><strong>Jour 1 (Sam) :<\/strong> Split ou Trogir &#8211; Milna (Lu\u010dice) &#8211; 14NM<\/li>\n<li><strong>Jour 2 (Dim) :<\/strong> Milna (Lucice) &#8211; Stari Grad &#8211; 14NM<\/li>\n<li><strong>Jour 3 (Lun) :<\/strong> Stari Grad &#8211; Hvar, Palmi\u017eana &#8211; 14NM<\/li>\n<li><strong>Jour 4 (Mar) :<\/strong> Hvar &#8211; \u0160cedro &#8211; Vela Luka &#8211; 20NM<\/li>\n<li><strong>Jour 5 (Mer) :<\/strong> Vela Luka &#8211; Vis &#8211; 25 NM<\/li>\n<li><strong>Jour 6 (Jeu) :<\/strong> Vis &#8211; \u0160olta (Maslinica)- 25NM<\/li>\n<li><strong>Jour 7 (Ven) :<\/strong> \u0160olta (Maslinica) &#8211; Split ou Trogir &#8211; 13NM<\/li>\n<\/ul>\n<p><iframe loading=\"lazy\" src=\"https:\/\/www.google.com\/maps\/d\/embed?mid=1Qx_GDaS3LTAMG2Wa_CPMj0nO5-UzMRtR&amp;ehbc=2E312F\" width=\"640\" height=\"480\" frameborder=\"0\"><\/iframe><\/p>\n\t\t<\/div>\n\t<\/div>\n<\/div><div class=\"c-collapse js-collapse\">\n\t<button class=\"c-collapse__toggle js-collapse-toggle\">\n\t\t<h2 class=\"c-collapse__heading\">Depuis Split ou Trogir \/ Dalmatie centrale &#8211; 155 NM<\/h2>\n\t\t<div class=\"c-collapse__icon\">\n\t\t\t<svg class=\"o-icon u-stroke-2\"><use xmlns:xlink=\"http:\/\/www.w3.org\/1999\/xlink\" xlink:href=\"https:\/\/ultra-sailing.hr\/wp-content\/themes\/ultra-sailing\/assets\/sprite\/icons.svg#icon-chevron-down\"><\/use><\/svg>\t\t<\/div>\n\t<\/button>\n\t<div class=\"c-collapse__main js-collapse-main\">\n\t\t<div class=\"c-content-scope\">\n\t\t\t<ul>\n<li><strong>Jour 1 (Sam) :<\/strong> Split ou Trogir &#8211; Vis &#8211; 30NM<\/li>\n<li><strong>Jour 2 (Dim) :<\/strong> Vis &#8211; Vela Luka- 25NM<\/li>\n<li><strong>Jour 3 (Lun) :<\/strong> Vela Luka &#8211; Lastovo, Zaklopatica &#8211; 18NM<\/li>\n<li><strong>Jour 4 (Mar) :<\/strong> Lastovo (Zaklopatica) &#8211; Kor\u010dula &#8211; 21NM<\/li>\n<li><strong>Jour 5 (Mer) :<\/strong> Kor\u010dula &#8211; Hvar, Palmi\u017eana &#8211; 34NM<\/li>\n<li><strong>Jour 6 (Jeu) :<\/strong> Hvar &#8211; Milna (Lu\u010dice) &#8211; 13NM<\/li>\n<li><strong>Jour 7 (Ven) :<\/strong> Milna &#8211; Trogir ou Split &#8211; 14NM<\/li>\n<\/ul>\n<p><iframe loading=\"lazy\" src=\"https:\/\/www.google.com\/maps\/d\/embed?mid=10oH_Ct43Gv53lREBpvOJqm_BYesSmSrn&amp;ehbc=2E312F\" width=\"640\" height=\"480\" frameborder=\"0\"><\/iframe><\/p>\n\t\t<\/div>\n\t<\/div>\n<\/div><div class=\"c-collapse js-collapse\">\n\t<button class=\"c-collapse__toggle js-collapse-toggle\">\n\t\t<h2 class=\"c-collapse__heading\">De Split ou Trogir &#8211; Dubrovnik &#8211; Split ou Trogir &#8211; 130 NM<\/h2>\n\t\t<div class=\"c-collapse__icon\">\n\t\t\t<svg class=\"o-icon u-stroke-2\"><use xmlns:xlink=\"http:\/\/www.w3.org\/1999\/xlink\" xlink:href=\"https:\/\/ultra-sailing.hr\/wp-content\/themes\/ultra-sailing\/assets\/sprite\/icons.svg#icon-chevron-down\"><\/use><\/svg>\t\t<\/div>\n\t<\/button>\n\t<div class=\"c-collapse__main js-collapse-main\">\n\t\t<div class=\"c-content-scope\">\n\t\t\t<ul>\n<li><strong>Jour 1 (Sam) :<\/strong> Split ou Trogir &#8211; Hvar &#8211; 25NM<\/li>\n<li><strong>Jour 2 (Dim) :<\/strong> Hvar &#8211; Vela Luka &#8211; 17NM<\/li>\n<li><strong>Jour 3 (Lun) :<\/strong> Vela Luka &#8211; Lastovo, Zaklopatica &#8211; 18NM<\/li>\n<li><strong>Jour 4 (Mar) :<\/strong> Lastovo , Zaklopatica &#8211; Kor\u010dula &#8211; 21NM<\/li>\n<li><strong>Jour 5 (Mer) :<\/strong> Kor\u010dula &#8211; Mljet, Pomena &#8211; 11NM<\/li>\n<li><strong>Jour 6 (Jeu) :<\/strong> Mljet &#8211; Koba\u0161 &#8211; 21NM<\/li>\n<li><strong>Jour 7 (Ven) :<\/strong> Koba\u0161 &#8211; Dubrovnik &#8211; 18NM<\/li>\n<\/ul>\n<p><iframe loading=\"lazy\" src=\"https:\/\/www.google.com\/maps\/d\/embed?mid=1pU8OK38iLD5Z1YCuuH_5LklrOfAf3TBx&amp;ehbc=2E312F\" width=\"640\" height=\"480\" frameborder=\"0\"><\/iframe><\/p>\n\t\t<\/div>\n\t<\/div>\n<\/div><div class=\"c-collapse js-collapse\">\n\t<button class=\"c-collapse__toggle js-collapse-toggle\">\n\t\t<h2 class=\"c-collapse__heading\">De Split ou Trogir \/ Dalmatie centrale et septentrionale &#8211; 145 NM<\/h2>\n\t\t<div class=\"c-collapse__icon\">\n\t\t\t<svg class=\"o-icon u-stroke-2\"><use xmlns:xlink=\"http:\/\/www.w3.org\/1999\/xlink\" xlink:href=\"https:\/\/ultra-sailing.hr\/wp-content\/themes\/ultra-sailing\/assets\/sprite\/icons.svg#icon-chevron-down\"><\/use><\/svg>\t\t<\/div>\n\t<\/button>\n\t<div class=\"c-collapse__main js-collapse-main\">\n\t\t<div class=\"c-content-scope\">\n\t\t\t<ul>\n<li><strong>Jour 1 (Sam) :<\/strong> Split ou Trogir &#8211; Primo\u0161ten &#8211; 25NM<\/li>\n<li><strong>Jour 2 (Dim) :<\/strong> Primo\u0161ten &#8211; Skradin &#8211; 18NM<\/li>\n<li><strong>Jour 3 (Lun) :<\/strong> Skradin &#8211; Murter &#8211; 24NM<\/li>\n<li><strong>Jour 4 (Mar) :<\/strong> Murter &#8211; Kornati, Pi\u0161kera &#8211; 18NM<\/li>\n<li><strong>Jour 5 (Mer) :<\/strong> Kornati &#8211; Kaprije &#8211; 18NM<\/li>\n<li><strong>Jour 6 (Jeu) :<\/strong> Kaprije &#8211; Maslinica, \u0160olta &#8211; 28NM<\/li>\n<li><strong>Jour 7 (Ven) :<\/strong> Maslinica, \u0160olta &#8211; Trogir (Split) &#8211; 13NM<\/li>\n<\/ul>\n<p><iframe loading=\"lazy\" src=\"https:\/\/www.google.com\/maps\/d\/embed?mid=1ghldbXy9EPRN6nqYIoiYfkrZK6wp-27S&amp;ehbc=2E312F\" width=\"640\" height=\"480\" frameborder=\"0\"><\/iframe><\/p>\n\t\t<\/div>\n\t<\/div>\n<\/div><div class=\"c-collapse js-collapse\">\n\t<button class=\"c-collapse__toggle js-collapse-toggle\">\n\t\t<h2 class=\"c-collapse__heading\">Itin\u00e9raire de navigation de 7 jours Dubrovnik \/ Dubrovnik &#8211; 140 NM<\/h2>\n\t\t<div class=\"c-collapse__icon\">\n\t\t\t<svg class=\"o-icon u-stroke-2\"><use xmlns:xlink=\"http:\/\/www.w3.org\/1999\/xlink\" xlink:href=\"https:\/\/ultra-sailing.hr\/wp-content\/themes\/ultra-sailing\/assets\/sprite\/icons.svg#icon-chevron-down\"><\/use><\/svg>\t\t<\/div>\n\t<\/button>\n\t<div class=\"c-collapse__main js-collapse-main\">\n\t\t<div class=\"c-content-scope\">\n\t\t\t<ul>\n<li><strong>Jour 1 (Sam) :<\/strong> Dubrovnik &#8211; Koba\u0161 &#8211; 20NM<\/li>\n<li><strong>Jour 2 (Dim) :<\/strong> Koba\u0161 &#8211; Mljet (Pola\u010de ou Sobra) &#8211; 20NM<\/li>\n<li><strong>Jour 3 (Lun) :<\/strong> Mljet, Sobra &#8211; Kor\u010dula &#8211; 24 MN<\/li>\n<li><strong>Jour 4 (Mar) :<\/strong> Kor\u010dula &#8211; Lastovo, Zaklopatica &#8211; 23 MN<\/li>\n<li><strong>Jour 5 (Mer) :<\/strong> Lastovo, Zaklopatica &#8211; Pola\u010de, Mljet &#8211; 23 MN<\/li>\n<li><strong>Jour 6 (Jeu) :<\/strong> Pola\u010de, Mljet &#8211; \u0160ipan &#8211; 12 MN<\/li>\n<li><strong>Jour 7 (Ven) :<\/strong> \u0160ipan &#8211; Dubrovnik &#8211; 18 MN<\/li>\n<\/ul>\n<p><iframe loading=\"lazy\" src=\"https:\/\/www.google.com\/maps\/d\/embed?mid=1WbOr6ENE_noyKlRPLSEFBEGDm9TSWcBY&amp;ehbc=2E312F\" width=\"640\" height=\"480\" frameborder=\"0\"><\/iframe><\/p>\n\t\t<\/div>\n\t<\/div>\n<\/div><div class=\"c-collapse js-collapse\">\n\t<button class=\"c-collapse__toggle js-collapse-toggle\">\n\t\t<h2 class=\"c-collapse__heading\">Itin\u00e9raire de navigation de 14 jours de Split\/Trogir \u00e0 Dubrovnik &#8211; 270 NM<\/h2>\n\t\t<div class=\"c-collapse__icon\">\n\t\t\t<svg class=\"o-icon u-stroke-2\"><use xmlns:xlink=\"http:\/\/www.w3.org\/1999\/xlink\" xlink:href=\"https:\/\/ultra-sailing.hr\/wp-content\/themes\/ultra-sailing\/assets\/sprite\/icons.svg#icon-chevron-down\"><\/use><\/svg>\t\t<\/div>\n\t<\/button>\n\t<div class=\"c-collapse__main js-collapse-main\">\n\t\t<div class=\"c-content-scope\">\n\t\t\t<ul>\n<li><strong>Jour 1 (Sam) :<\/strong> enregistrement<\/li>\n<li><strong>Jour 2 (Dim) :<\/strong> Trogir ou Split &#8211; Vis &#8211; 30 MN<\/li>\n<li><strong>Jour 3 (Lun) :<\/strong> Vis &#8211; Vela Luka &#8211; 25 MN<\/li>\n<li><strong>Jour 4 (Mar) :<\/strong> Vela Luka &#8211; Lastovo, Zaklopatica &#8211; 18 MN<\/li>\n<li><strong>Jour 5 (Mer) :<\/strong> Lastovo, Zaklopatica &#8211; Kor\u010dula &#8211; 21 MN<\/li>\n<li><strong>Jour 6 (Jeu) :<\/strong> Kor\u010dula &#8211; Mljet, Pola\u010de &#8211; 13 MN<\/li>\n<li><strong>Jour 7 (Ven) :<\/strong> Mljet, Pola\u010de &#8211; Koba\u0161, Pelje\u0161ac &#8211; 21 MN<\/li>\n<li><strong>Jour 8 (Sam) :<\/strong> Koba\u0161 &#8211; \u0160ipan &#8211; 7 MN<\/li>\n<li><strong>Jour 9 (Dim) :<\/strong> \u0160ipan &#8211; Dubrovnik 16 MN<\/li>\n<li><strong>Jour 10 (Lun) :<\/strong> Dubrovnik &#8211; Mljet, Sobra &#8211; 23 MN<\/li>\n<li><strong>Jour 11 (Mar) :<\/strong> Mljet, Sobra &#8211; Lumbarda, Kor\u010dula &#8211; 22 MN<\/li>\n<li><strong>Jour 12 (Mer) :<\/strong> Lumbarda &#8211; Hvar &#8211; 36 MN<\/li>\n<li><strong>Jour 13 (Jeu) :<\/strong> Hvar &#8211; Stari Grad &#8211; 14 MN<\/li>\n<li><strong>Jour 14 (Ven) :<\/strong> Stari Grad &#8211; Milna, Lu\u010dice &#8211; 14 MN<\/li>\n<li><strong>Jour 15 (Sam) :<\/strong> Milna &#8211; Split ou Trogir &#8211; 13 MN<\/li>\n<\/ul>\n<p><iframe loading=\"lazy\" src=\"https:\/\/www.google.com\/maps\/d\/embed?mid=1Q2JFy5FXrteCxlgfE94jGUsTRtvkVwSf&amp;ehbc=2E312F\" width=\"640\" height=\"480\" frameborder=\"0\"><\/iframe><\/p>\n\t\t<\/div>\n\t<\/div>\n<\/div><div class=\"c-collapse js-collapse\">\n\t<button class=\"c-collapse__toggle js-collapse-toggle\">\n\t\t<h2 class=\"c-collapse__heading\">Itin\u00e9raire de navigation de 7 jours au d\u00e9part de Pomer &#8211; Istrie et Kvarner &#8211; 146 NM<\/h2>\n\t\t<div class=\"c-collapse__icon\">\n\t\t\t<svg class=\"o-icon u-stroke-2\"><use xmlns:xlink=\"http:\/\/www.w3.org\/1999\/xlink\" xlink:href=\"https:\/\/ultra-sailing.hr\/wp-content\/themes\/ultra-sailing\/assets\/sprite\/icons.svg#icon-chevron-down\"><\/use><\/svg>\t\t<\/div>\n\t<\/button>\n\t<div class=\"c-collapse__main js-collapse-main\">\n\t\t<div class=\"c-content-scope\">\n\t\t\t<ul>\n<li><strong>Jour 1 (Sam) :<\/strong> enregistrement<\/li>\n<li><strong>Jour 2 (Dim) :<\/strong> Pomer &#8211; Susak &#8211; M. Losinj 30 MN<\/li>\n<li><strong>Jour 3 (Lun) :<\/strong> M.Losinj &#8211; Baie de Krivica &#8211; 8 MN<\/li>\n<li><strong>Jour 4 (Mar) :<\/strong> Baie de Krivica &#8211; Rab, Rab &#8211; 25 MN<\/li>\n<li><strong>Jour 5 (Mer) :<\/strong> Rab, Rab &#8211; Krk, Punat &#8211; 22 MN<\/li>\n<li><strong>Jour 6 (Jeu) :<\/strong> Krk, Punat &#8211; Cres, Cres &#8211; 35 MN<\/li>\n<li><strong>Jour 7 (Ven) :<\/strong> Cres, Cres &#8211; Pomer &#8211; 26 MN<\/li>\n<\/ul>\n<p><iframe loading=\"lazy\" src=\"https:\/\/www.google.com\/maps\/d\/embed?mid=1a-eIR-q06V8Wq1w1fExSTH_D6psdF18V&amp;ehbc=2E312F\" width=\"640\" height=\"480\" frameborder=\"0\"><\/iframe><\/p>\n\t\t<\/div>\n\t<\/div>\n<\/div><div class=\"c-collapse js-collapse\">\n\t<button class=\"c-collapse__toggle js-collapse-toggle\">\n\t\t<h2 class=\"c-collapse__heading\">Itin\u00e9raire de navigation de 14 jours Pomer &#8211; \u0160ibenik &#8211; Pomer &#8211; 255 NM<\/h2>\n\t\t<div class=\"c-collapse__icon\">\n\t\t\t<svg class=\"o-icon u-stroke-2\"><use xmlns:xlink=\"http:\/\/www.w3.org\/1999\/xlink\" xlink:href=\"https:\/\/ultra-sailing.hr\/wp-content\/themes\/ultra-sailing\/assets\/sprite\/icons.svg#icon-chevron-down\"><\/use><\/svg>\t\t<\/div>\n\t<\/button>\n\t<div class=\"c-collapse__main js-collapse-main\">\n\t\t<div class=\"c-content-scope\">\n\t\t\t<ul>\n<li><strong>Jour 1 (Sam) :<\/strong> enregistrement<\/li>\n<li><strong>Jour 2 (Dim) :<\/strong> Pomer &#8211; Susak &#8211; Ilovik &#8211; 32 MN<\/li>\n<li><strong>Jour 3 (Lun) :<\/strong> Ilovik &#8211; Molat (Zapuntel) &#8211; 17 MN<\/li>\n<li><strong>Jour 4 (Mar) :<\/strong> Molat (Zapuntel) &#8211; Brbinj &#8211; 16 MN<\/li>\n<li><strong>Jour 5 (Mer) :<\/strong> Brbinj &#8211; Zaglav ou Sali &#8211; 11 MN<\/li>\n<li><strong>Jour 6 (Jeu) :<\/strong> Sali &#8211; Marina Piskera (Kornati) &#8211; 16 MN<\/li>\n<li><strong>Jour 7 (Ven) :<\/strong> Marina Piskera &#8211; Zlarin &#8211; 26 MN<\/li>\n<li><strong>Jour 8 (Sam) :<\/strong> Zlarin &#8211; \u0160ibenik &#8211; Skradin &#8211; 12 MN<\/li>\n<li><strong>Jour 9 (Dim) :<\/strong> Skradin &#8211; Parc National de Krka (visite)<\/li>\n<li><strong>Jour 10 (Lun) :<\/strong> Skradin &#8211; Murter &#8211; 30 MN<\/li>\n<li><strong>Jour 11 (Mar) :<\/strong> Murter &#8211; Zadar &#8211; 23 MN<\/li>\n<li><strong>Jour 12 (Mer) :<\/strong> Zadar &#8211; Silba &#8211; 24 MN<\/li>\n<li><strong>Jour 13 (Jeu) :<\/strong> Silba &#8211; Mali Lo\u0161inj &#8211; 22 MN<\/li>\n<li><strong>Jour 14 (Ven) :<\/strong> Mali Lo\u0161inj &#8211; Pomer &#8211; 25 MN<\/li>\n<\/ul>\n<p><iframe loading=\"lazy\" src=\"https:\/\/www.google.com\/maps\/d\/embed?mid=1xU1N-yLnT_pJjY6XJ5TpBIphCJPKGLTS&amp;ehbc=2E312F\" width=\"640\" height=\"480\" frameborder=\"0\"><\/iframe><\/p>\n\t\t<\/div>\n\t<\/div>\n<\/div><\/div>","protected":false},"excerpt":{"rendered":"<p>Une fois que vous avez r\u00e9serv\u00e9 votre voilier ou catamaran en Croatie, il est temps de planifier votre itin\u00e9raire de navigation. Nos bases de location couvrent l&#8217;int\u00e9gralit\u00e9 de la c\u00f4te adriatique croate \u2014 de l&#8217;Adriatique Nord (Pomer-Pula) \u00e0 l&#8217;Adriatique centrale (Split &amp; Trogir) et l&#8217;Adriatique Sud (Dubrovnik). Chaque r\u00e9gion offre de nombreuses \u00eeles, plages, baies [&hellip;]<\/p>\n","protected":false},"author":1,"featured_media":0,"parent":0,"menu_order":0,"comment_status":"closed","ping_status":"closed","template":"","meta":{"_acf_changed":false,"footnotes":""},"class_list":["post-4223","page","type-page","status-publish","hentry"],"acf":[],"_links":{"self":[{"href":"https:\/\/ultra-sailing.hr\/fr\/wp-json\/wp\/v2\/pages\/4223","targetHints":{"allow":["GET"]}}],"collection":[{"href":"https:\/\/ultra-sailing.hr\/fr\/wp-json\/wp\/v2\/pages"}],"about":[{"href":"https:\/\/ultra-sailing.hr\/fr\/wp-json\/wp\/v2\/types\/page"}],"author":[{"embeddable":true,"href":"https:\/\/ultra-sailing.hr\/fr\/wp-json\/wp\/v2\/users\/1"}],"replies":[{"embeddable":true,"href":"https:\/\/ultra-sailing.hr\/fr\/wp-json\/wp\/v2\/comments?post=4223"}],"version-history":[{"count":3,"href":"https:\/\/ultra-sailing.hr\/fr\/wp-json\/wp\/v2\/pages\/4223\/revisions"}],"predecessor-version":[{"id":4228,"href":"https:\/\/ultra-sailing.hr\/fr\/wp-json\/wp\/v2\/pages\/4223\/revisions\/4228"}],"wp:attachment":[{"href":"https:\/\/ultra-sailing.hr\/fr\/wp-json\/wp\/v2\/media?parent=4223"}],"curies":[{"name":"wp","href":"https:\/\/api.w.org\/{rel}","templated":true}]}}