{"id":4229,"date":"2024-03-10T18:31:28","date_gmt":"2024-03-10T17:31:28","guid":{"rendered":"https:\/\/ultra-sailing.hr\/dev-wordpress\/calendrier-des-regates-en-croatie\/"},"modified":"2025-02-20T14:18:34","modified_gmt":"2025-02-20T13:18:34","slug":"ecole-de-voile-regates-croatie","status":"publish","type":"page","link":"https:\/\/ultra-sailing.hr\/fr\/ecole-de-voile-regates-croatie\/","title":{"rendered":"Calendrier des r\u00e9gates en Croatie"},"content":{"rendered":"\n<p>L&#8217;espace \u00e9tant limit\u00e9, les cabines sont g\u00e9n\u00e9ralement partag\u00e9es avec un autre membre d&#8217;\u00e9quipage, cr\u00e9ant ainsi une exp\u00e9rience d&#8217;\u00e9quipe totalement immersive. Pour vous assurer de ne pas manquer les prochaines r\u00e9gates et avoir la chance de nous rejoindre \u00e0 bord, nous vous encourageons \u00e0 <strong>vous abonner \u00e0 notre Lettre d&#8217;information et rester inform\u00e9<\/strong> de tous les d\u00e9tails concernant les opportunit\u00e9s de navigation avec nous. <\/p>\n\n<h2 class=\"wp-block-heading\">Dates des r\u00e9gates<\/h2>\n<div class=\"c-notification u-mb-2 u-block u-hidden@sm\">\n\t<p>Vous pouvez glisser horizontalement \u00e0 l&#039;int\u00e9rieur du tableau pour voir plus d&#039;informations.Vous pouvez faire glisser horizontalement \u00e0 l&#039;int\u00e9rieur du tableau pour voir plus d&#039;informations.<\/p>\n<\/div>\n<div class=\"c-data-table\">\n\t<div class=\"c-data-table__inner\">\n\t\t<table>\n\t\t\t<thead>\n\t\t\t\t<tr>\n\t\t\t\t\t<th class=\"c-data-table__align-start c-data-table__fixed-column\"><span>Nom<\/span><\/th>\n\t\t\t\t\t<th class=\"c-data-table__align-end\">Terme<\/th>\n\t\t\t\t\t<th class=\"c-data-table__align-end\">Prix du cours<\/th>\n\t\t\t\t\t<th class=\"c-data-table__align-end\">Prix de la r\u00e9gate<\/th>\n\t\t\t\t<\/tr>\n\t\t\t<\/thead>\n\t\t\t<tbody>\n\t\t\t\t\t\t\t\t<tr>\n\t\t\t\t\t<td class=\"c-data-table__align-start c-data-table__fixed-column\"><span><strong>Regatta Sv. DUJE Split<\/strong><br \/> + Fast Track Day Skipper + Regatta<\/span><\/td>\n\t\t\t\t\t<td class=\"c-data-table__align-end\">09.01.2026<\/td>\n\t\t\t\t\t<td class=\"c-data-table__align-end u-text-gray-400\">\n\t\t\t\t\t\t\t\t\t\t\t\t\t<code class=\"u-text-gray-600\">1,690.00\u20ac<\/code><br \/>\n\t\t\t\t\t\t\tPer personne\t\t\t\t\t\t\t\t\t\t\t<\/td>\n\t\t\t\t\t<td class=\"c-data-table__align-end u-text-gray-400\"><code class=\"u-text-gray-600\">290.00\u20ac<\/code><br \/>Per person<\/td>\n\t\t\t\t<\/tr>\n\t\t\t\t\t\t\t\t<tr>\n\t\t\t\t\t<td class=\"c-data-table__align-start c-data-table__fixed-column\"><span><strong>Regatta Komi\u0161ka<\/strong><br \/> + Komi\u0161ka REGATA 2026<\/span><\/td>\n\t\t\t\t\t<td class=\"c-data-table__align-end\">De 29.05.2026<br> \u00e0 31.05.2026<\/td>\n\t\t\t\t\t<td class=\"c-data-table__align-end u-text-gray-400\">\n\t\t\t\t\t\t\t\t\t\t\t\t\t<code class=\"u-text-gray-600\">690.00\u20ac<\/code><br \/>\n\t\t\t\t\t\t\tPer personne\t\t\t\t\t\t\t\t\t\t\t<\/td>\n\t\t\t\t\t<td class=\"c-data-table__align-end u-text-gray-400\"><code class=\"u-text-gray-600\">690.00\u20ac<\/code><br \/>Per person<\/td>\n\t\t\t\t<\/tr>\n\t\t\t\t\t\t\t\t<tr>\n\t\t\t\t\t<td class=\"c-data-table__align-start c-data-table__fixed-column\"><span><strong>Regatta Postira<\/strong><br \/> + Fast Track Day Skipper + Regatta<\/span><\/td>\n\t\t\t\t\t<td class=\"c-data-table__align-end\">11.07.2026<\/td>\n\t\t\t\t\t<td class=\"c-data-table__align-end u-text-gray-400\">\n\t\t\t\t\t\t\t\t\t\t\t\t\t<code class=\"u-text-gray-600\">2,290.00\u20ac<\/code><br \/>\n\t\t\t\t\t\t\tPer personne\t\t\t\t\t\t\t\t\t\t\t<\/td>\n\t\t\t\t\t<td class=\"c-data-table__align-end u-text-gray-400\"><code class=\"u-text-gray-600\">350.00\u20ac<\/code><br \/>Per person<\/td>\n\t\t\t\t<\/tr>\n\t\t\t\t\t\t\t\t<tr>\n\t\t\t\t\t<td class=\"c-data-table__align-start c-data-table__fixed-column\"><span><strong>Regatta Mrduja<\/strong><br \/> jour<\/span><\/td>\n\t\t\t\t\t<td class=\"c-data-table__align-end\">03.10.2026<\/td>\n\t\t\t\t\t<td class=\"c-data-table__align-end u-text-gray-400\">\n\t\t\t\t\t\t\t\t\t\t\t<\/td>\n\t\t\t\t\t<td class=\"c-data-table__align-end u-text-gray-400\"><code class=\"u-text-gray-600\">290.00\u20ac<\/code><br \/>Per person<\/td>\n\t\t\t\t<\/tr>\n\t\t\t\t\t\t\t\t<tr>\n\t\t\t\t\t<td class=\"c-data-table__align-start c-data-table__fixed-column\"><span><strong>Regatta Vi\u0161ka<\/strong><br \/> jours<\/span><\/td>\n\t\t\t\t\t<td class=\"c-data-table__align-end\">De 16.10.2026<br> \u00e0 18.10.2026<\/td>\n\t\t\t\t\t<td class=\"c-data-table__align-end u-text-gray-400\">\n\t\t\t\t\t\t\t\t\t\t\t<\/td>\n\t\t\t\t\t<td class=\"c-data-table__align-end u-text-gray-400\"><code class=\"u-text-gray-600\">690.00\u20ac<\/code><br \/>Per person<\/td>\n\t\t\t\t<\/tr>\n\t\t\t\t\t\t\t\t<tr>\n\t\t\t\t\t<td class=\"c-data-table__align-start c-data-table__fixed-column\"><span><strong>ADVANCED &#8211; Regatta Jabuka<\/strong><br \/> + Regata Jabuka &#8211; napredni program<\/span><\/td>\n\t\t\t\t\t<td class=\"c-data-table__align-end\">De 06.11.2026<br> \u00e0 10.11.2026<\/td>\n\t\t\t\t\t<td class=\"c-data-table__align-end u-text-gray-400\">\n\t\t\t\t\t\t\t\t\t\t\t\t\t<code class=\"u-text-gray-600\">0.00\u20ac<\/code><br \/>\n\t\t\t\t\t\t\tPer personne\t\t\t\t\t\t\t\t\t\t\t<\/td>\n\t\t\t\t\t<td class=\"c-data-table__align-end u-text-gray-400\"><code class=\"u-text-gray-600\">1,090.00\u20ac<\/code><br \/>Per person<\/td>\n\t\t\t\t<\/tr>\n\t\t\t\t\t\t\t<\/tbody>\n\t\t<\/table>\n\t<\/div>\n<\/div>\n\n<h2 class=\"wp-block-heading\">Informations<\/h2>\n\n<h3 class=\"wp-block-heading\">Le prix comprend<\/h3>\n\n<ul class=\"wp-block-list\">\n<li>TVA de 25%<\/li>\n\n\n\n<li>Taxe de s\u00e9jour<br\/><\/li>\n\n\n\n<li>Frais d&#8217;amarrage et carburant (diesel)<br\/><\/li>\n\n\n\n<li>Location de combinaisons de voile<br\/><\/li>\n\n\n\n<li>H\u00e9bergement \u00e0 bord pour les participants au cours<\/li>\n<\/ul>\n\n<h3 class=\"wp-block-heading\">Non inclus dans le prix<\/h3>\n\n<ul class=\"wp-block-list\">\n<li>Frais de participation \u00e0 la r\u00e9gate<\/li>\n\n\n\n<li>Nourriture et boissons<\/li>\n\n\n\n<li>H\u00e9bergement optionnel en appartement ou \u00e0 l&#8217;h\u00f4tel<\/li>\n<\/ul>\n\n<h3 class=\"wp-block-heading\">Note<\/h3>\n\n<ul class=\"wp-block-list\">\n<li>Les participants \u00e0 la r\u00e9gate doivent \u00eatre titulaires d&#8217;un certificat d&#8217;\u00c9quipier Comp\u00e9tent ou de Skipper de Jour au moment de la r\u00e9gate<\/li>\n\n\n\n<li>Ultra d.o.o. se r\u00e9serve le droit de modifier les dates des cours (conditions m\u00e9t\u00e9orologiques ou nombre insuffisant de participants)<\/li>\n<\/ul>\n","protected":false},"excerpt":{"rendered":"<p>L&#8217;espace \u00e9tant limit\u00e9, les cabines sont g\u00e9n\u00e9ralement partag\u00e9es avec un autre membre d&#8217;\u00e9quipage, cr\u00e9ant ainsi une exp\u00e9rience d&#8217;\u00e9quipe totalement immersive. Pour vous assurer de ne pas manquer les prochaines r\u00e9gates et avoir la chance de nous rejoindre \u00e0 bord, nous vous encourageons \u00e0 vous abonner \u00e0 notre Lettre d&#8217;information et rester inform\u00e9 de tous les [&hellip;]<\/p>\n","protected":false},"author":1,"featured_media":0,"parent":0,"menu_order":0,"comment_status":"closed","ping_status":"closed","template":"","meta":{"_acf_changed":false,"footnotes":""},"class_list":["post-4229","page","type-page","status-publish","hentry"],"acf":[],"_links":{"self":[{"href":"https:\/\/ultra-sailing.hr\/fr\/wp-json\/wp\/v2\/pages\/4229","targetHints":{"allow":["GET"]}}],"collection":[{"href":"https:\/\/ultra-sailing.hr\/fr\/wp-json\/wp\/v2\/pages"}],"about":[{"href":"https:\/\/ultra-sailing.hr\/fr\/wp-json\/wp\/v2\/types\/page"}],"author":[{"embeddable":true,"href":"https:\/\/ultra-sailing.hr\/fr\/wp-json\/wp\/v2\/users\/1"}],"replies":[{"embeddable":true,"href":"https:\/\/ultra-sailing.hr\/fr\/wp-json\/wp\/v2\/comments?post=4229"}],"version-history":[{"count":1,"href":"https:\/\/ultra-sailing.hr\/fr\/wp-json\/wp\/v2\/pages\/4229\/revisions"}],"predecessor-version":[{"id":4230,"href":"https:\/\/ultra-sailing.hr\/fr\/wp-json\/wp\/v2\/pages\/4229\/revisions\/4230"}],"wp:attachment":[{"href":"https:\/\/ultra-sailing.hr\/fr\/wp-json\/wp\/v2\/media?parent=4229"}],"curies":[{"name":"wp","href":"https:\/\/api.w.org\/{rel}","templated":true}]}}