{"id":4244,"date":"2024-03-10T17:01:49","date_gmt":"2024-03-10T16:01:49","guid":{"rendered":"https:\/\/ultra-sailing.hr\/dev-wordpress\/destination-a-voile-attractive-en-croatie\/nord-de-ladriatique-croate\/"},"modified":"2025-02-19T09:59:56","modified_gmt":"2025-02-19T08:59:56","slug":"nord-de-ladriatique","status":"publish","type":"page","link":"https:\/\/ultra-sailing.hr\/fr\/destination-a-voile-attractive-en-croatie\/nord-de-ladriatique\/","title":{"rendered":"Nord de l&#8217;Adriatique Croatie"},"content":{"rendered":"\n<h2 class=\"wp-block-heading\">Zadar<\/h2>\n<div class=\"wp-block-image\">\n<figure class=\"aligncenter size-full\"><img loading=\"lazy\" decoding=\"async\" width=\"768\" height=\"490\" src=\"https:\/\/ultra-sailing.hr\/wp-content\/uploads\/2024\/03\/zadar_ultra_sailing_croatia.jpg\" alt=\"\" class=\"wp-image-606\" srcset=\"https:\/\/ultra-sailing.hr\/wp-content\/uploads\/2024\/03\/zadar_ultra_sailing_croatia.jpg 768w, https:\/\/ultra-sailing.hr\/wp-content\/uploads\/2024\/03\/zadar_ultra_sailing_croatia-300x191.jpg 300w\" sizes=\"auto, (max-width: 768px) 100vw, 768px\" \/><\/figure>\n<\/div>\n<p>Si vous souhaitez explorer les \u00eeles du nord de l&#8217;Adriatique, le meilleur endroit pour d\u00e9buter vos vacances en voilier est Zadar ou ses bases de location \u00e0 proximit\u00e9 comme Sukosan ou Biograd na Moru. En louant un bateau \u00e0 partir de ces lieux, vous obtenez un meilleur acc\u00e8s aux \u00eelots de Premuda, Ugljan, au Parc National de Kornati ou \u00e0 Dugi Otok, qui abrite le Parc Naturel de Tela\u0161\u010dica. <br\/><strong>Zadar fut \u00e9tablie par les Illyriens, bien que ce soient les Romains qui aient donn\u00e9 \u00e0 la ville sa disposition<\/strong>, qui perdure jusqu&#8217;\u00e0 aujourd&#8217;hui. Par la suite, elle fut gouvern\u00e9e par diverses puissances, incluant les V\u00e9nitiens, les Autrichiens et les Fran\u00e7ais, laissant un m\u00e9lange de styles architecturaux \u00e0 travers la ville. <\/p>\n\n<p>L&#8217;une des attractions les plus populaires \u00e0 Zadar est l&#8217;Orgue Marin, une structure architecturale unique qui cr\u00e9e de la musique \u00e0 partir du mouvement des vagues. Les visiteurs peuvent \u00e9galement profiter du Salut au Soleil \u00e0 proximit\u00e9, une s\u00e9rie de panneaux solaires qui produisent un spectacle lumineux au coucher du soleil. Une autre attraction incontournable \u00e0 Zadar est le Forum Romain, le plus grand forum de ce type en Croatie. Le forum date du 1er si\u00e8cle apr\u00e8s J.-C. et t\u00e9moigne de la riche histoire de la ville. En plus de ses attractions historiques et naturelles, <strong>Zadar est \u00e9galement connue pour sa vie nocturne anim\u00e9e<\/strong>.<br\/>\u00c0 Zadar et ses environs, il existe de nombreuses options d&#8217;amarrage, telles que la Marina Tankerkomerc Zadar, D-Marin Borik, D-Marin Dalmacija et, plus loin \u00e0 Biograd na Moru, se trouve la Marina Kornati.    <\/p>\n\n<h2 class=\"wp-block-heading\">\u00celes Kornati<\/h2>\n<div class=\"wp-block-image\">\n<figure class=\"aligncenter size-full\"><img loading=\"lazy\" decoding=\"async\" width=\"1000\" height=\"667\" src=\"https:\/\/ultra-sailing.hr\/wp-content\/uploads\/2024\/03\/kornati_nationalpark_croatia_sailing.jpg\" alt=\"\" class=\"wp-image-608\" srcset=\"https:\/\/ultra-sailing.hr\/wp-content\/uploads\/2024\/03\/kornati_nationalpark_croatia_sailing.jpg 1000w, https:\/\/ultra-sailing.hr\/wp-content\/uploads\/2024\/03\/kornati_nationalpark_croatia_sailing-300x200.jpg 300w, https:\/\/ultra-sailing.hr\/wp-content\/uploads\/2024\/03\/kornati_nationalpark_croatia_sailing-768x512.jpg 768w\" sizes=\"auto, (max-width: 1000px) 100vw, 1000px\" \/><\/figure>\n<\/div>\n<p>Avec 140 \u00eeles, \u00eelots et r\u00e9cifs inhabit\u00e9s, couvrant une superficie de 320 km\u00b2, <a href=\"https:\/\/blog.ultra-sailing.hr\/en\/7-days-sailing-from-split-to-kornati-islands\/\" target=\"_blank\" rel=\"noreferrer noopener\">les \u00eeles Kornati constituent l&#8217;archipel le plus dense de la mer M\u00e9diterran\u00e9e<\/a>. <strong>C&#8217;est un v\u00e9ritable paradis pour les amoureux de la nature et les passionn\u00e9s de plein air<\/strong>. Les eaux turquoise sont parfaites pour la natation, la plong\u00e9e avec tuba et la plong\u00e9e sous-marine, permettant aux visiteurs d&#8217;explorer la riche vie marine et les r\u00e9cifs coralliens color\u00e9s. Les visiteurs peuvent \u00e9galement explorer les nombreux sites historiques, tels que les anciennes ruines romaines, les forts byzantins et les villages de p\u00eacheurs traditionnels qui pars\u00e8ment les \u00eeles.<br\/>Le Parc National de Kornati, comprenant 89 \u00eeles sur les 140 au total, est la principale attraction du nord de l&#8217;Adriatique et <strong>est consid\u00e9r\u00e9 comme l&#8217;un des plus beaux archipels de la M\u00e9diterran\u00e9e, connu pour sa beaut\u00e9 naturelle et ses eaux cristallines<\/strong>. L&#8217;\u00eele de Kornat est la plus grande du parc.   <\/p>\n\n<p>Il n&#8217;y a pas d&#8217;\u00e9tablissements permanents sur les \u00eeles, et la v\u00e9g\u00e9tation semble \u00eatre clairsem\u00e9e, mais la flore et la faune y sont riches. <strong>La p\u00eache est interdite dans l&#8217;ensemble du Parc National de Kornati<\/strong>, et la plong\u00e9e sous-marine est limit\u00e9e \u00e0 quelques sites. La meilleure fa\u00e7on de trouver <strong>un amarrage est sur la petite \u00eele de Piskera qui fait 2,66 km\u00b2, il y a une petite marina avec 120 places, qui est ouverte d&#8217;avril \u00e0 octobre<\/strong>. L&#8217;eau douce et l&#8217;\u00e9lectricit\u00e9 sont rationn\u00e9es. Bien qu&#8217;une fois que vous avez pay\u00e9 les frais d&#8217;entr\u00e9e, vous pouvez jeter l&#8217;ancre dans presque toutes les baies, dont certaines sont petites, avec seulement de l&#8217;espace pour deux \u00e0 trois bateaux, et d&#8217;autres sont grandes avec de l&#8217;espace pour 20 yachts ou plus. Le billet pour le Parc National peut \u00eatre achet\u00e9 en ligne ou dans plusieurs marinas et ports le long du chemin.    <\/p>\n\n<h2 class=\"wp-block-heading\">Dugi Otok<\/h2>\n<div class=\"wp-block-image\">\n<figure class=\"aligncenter size-full\"><img loading=\"lazy\" decoding=\"async\" width=\"1000\" height=\"543\" src=\"https:\/\/ultra-sailing.hr\/wp-content\/uploads\/2024\/03\/dugi_otok_island-croatia_sailing.jpg\" alt=\"\" class=\"wp-image-610\" srcset=\"https:\/\/ultra-sailing.hr\/wp-content\/uploads\/2024\/03\/dugi_otok_island-croatia_sailing.jpg 1000w, https:\/\/ultra-sailing.hr\/wp-content\/uploads\/2024\/03\/dugi_otok_island-croatia_sailing-300x163.jpg 300w, https:\/\/ultra-sailing.hr\/wp-content\/uploads\/2024\/03\/dugi_otok_island-croatia_sailing-768x417.jpg 768w\" sizes=\"auto, (max-width: 1000px) 100vw, 1000px\" \/><\/figure>\n<\/div>\n<p>Couvrant une superficie de 115 km\u00b2, Dugi Otok est la plus grande \u00eele de l&#8217;archipel de Zadar. <strong>La magie de cette \u00eele, les baies profondes \u00e0 chaque extr\u00e9mit\u00e9, les falaises brutes et le village pittoresque face \u00e0 l&#8217;int\u00e9rieur des terres vous couperont le souffle<\/strong>. En raison de sa proximit\u00e9 avec Zadar, elle \u00e9tait populaire comme r\u00e9sidence d&#8217;\u00e9t\u00e9 pour les nobles \u00e0 l&#8217;\u00e9poque romaine et plus tard, particuli\u00e8rement \u00e0 Sali. C&#8217;est la plus grande ville et le plus grand port de l&#8217;\u00eele. Le village de p\u00eacheurs Bo\u017eava, au point le plus septentrional de l&#8217;\u00eele, est \u00e9galement une marina populaire avec les vestiges d&#8217;un \u00e9tablissement romain. Le terrain accident\u00e9 de l&#8217;\u00eele, sa v\u00e9g\u00e9tation luxuriante et sa faune diverse en font une destination id\u00e9ale pour les amateurs de nature.<br\/>L&#8217;une des principales attractions de Dugi Otok est ses plages spectaculaires. <strong>L&#8217;\u00eele poss\u00e8de certaines des plus belles plages de Croatie<\/strong>, avec des eaux cristallines et des rivages de sable blanc.    <\/p>\n\n<p>Sakarun, situ\u00e9 sur la c\u00f4te nord-ouest de l&#8217;\u00eele, est consid\u00e9r\u00e9 comme l&#8217;une des plus belles plages de l&#8217;Adriatique. C&#8217;est un lieu inoubliable, dont la beaut\u00e9 n&#8217;est alt\u00e9r\u00e9e que par son affluence consid\u00e9rable.<br\/>D&#8217;autres mouillages remarquables sont Brbinj, Lu\u010dina, Pantera, \u010cuna et Soli\u0161\u0107ica.<br\/><strong>L&#8217;\u00eele de Dugi Otok abrite \u00e9galement le Parc naturel de Tela\u0161\u0107ica<\/strong>, une zone prot\u00e9g\u00e9e qui rec\u00e8le une nature fascinante. Situ\u00e9 au sud de Sali, il s&#8217;agit incontestablement de l&#8217;un des mouillages les plus r\u00e9put\u00e9s de l&#8217;Adriatique.  <\/p>\n\n<h2 class=\"wp-block-heading\">\u00cele d&#8217;Ugljan<\/h2>\n<div class=\"wp-block-image\">\n<figure class=\"aligncenter size-full\"><img loading=\"lazy\" decoding=\"async\" width=\"999\" height=\"573\" src=\"https:\/\/ultra-sailing.hr\/wp-content\/uploads\/2024\/03\/ugljan13.jpg\" alt=\"\" class=\"wp-image-612\" srcset=\"https:\/\/ultra-sailing.hr\/wp-content\/uploads\/2024\/03\/ugljan13.jpg 999w, https:\/\/ultra-sailing.hr\/wp-content\/uploads\/2024\/03\/ugljan13-300x172.jpg 300w, https:\/\/ultra-sailing.hr\/wp-content\/uploads\/2024\/03\/ugljan13-768x441.jpg 768w\" sizes=\"auto, (max-width: 999px) 100vw, 999px\" \/><\/figure>\n<\/div>\n<p>L&#8217;\u00eele d&#8217;Ugljan est situ\u00e9e juste en face de la baie de la ville de Zadar. Cette \u00eele luxuriante et verdoyante couvre une superficie de 50 km\u00b2 et est renomm\u00e9e pour sa beaut\u00e9 pittoresque, son riche patrimoine historique et sa culture locale dynamique. <strong>L&#8217;\u00eele abrite plusieurs villes et baies charmantes<\/strong>. Ugljan est le village principal et accueille le Monast\u00e8re franciscain de Saint-J\u00e9r\u00f4me, \u00e9difi\u00e9 au XVe si\u00e8cle. Le village le plus populaire est Preko, domin\u00e9 par l&#8217;imposante forteresse v\u00e9nitienne de Saint-Michel. L&#8217;\u00eele est reli\u00e9e \u00e0 l&#8217;\u00eele de Pasman par un pont.<br\/>Il existe plusieurs baies sur la c\u00f4te nord-ouest d&#8217;Ugljan. Les plus pris\u00e9es sont Muline et Prtljug.     <\/p>\n\n<p>Plus au sud se trouve la baie de \u00ab Mala Lamjana \u00bb, o\u00f9 il est possible de mouiller \u00e0 l&#8217;ancre ou de s&#8217;amarrer \u00e0 une bou\u00e9e.<br\/><strong>Entre les \u00eeles d&#8217;Ugljan et de Dugi Otok se trouve l&#8217;une des \u00eeles les moins fr\u00e9quent\u00e9es de Croatie, l&#8217;\u00eele d&#8217;I\u017e<\/strong>. Bien qu&#8217;elle ne jouisse pas de la renomm\u00e9e de ses voisines Dugi Otok et Ugljan, I\u017e offre d&#8217;excellents mouillages, tels que la baie de Vodenjak, un lieu particuli\u00e8rement agr\u00e9able pour la baignade, enti\u00e8rement abrit\u00e9 des vents du nord-ouest (Maestral) et du nord-est (Bura). Un autre site r\u00e9put\u00e9 est la baie de Kne\u017e, face \u00e0 laquelle se trouve l&#8217;\u00eelot de Kne\u017eak. Cet \u00eelot se distingue par ses rochers lisses, ombrag\u00e9s par des conif\u00e8res qui descendent presque jusqu&#8217;\u00e0 la mer.   <\/p>\n\n<h2 class=\"wp-block-heading\">\u00cele de Pa\u0161man<\/h2>\n<div class=\"wp-block-image\">\n<figure class=\"aligncenter size-full\"><img loading=\"lazy\" decoding=\"async\" width=\"911\" height=\"568\" src=\"https:\/\/ultra-sailing.hr\/wp-content\/uploads\/2024\/03\/pasman02.jpg\" alt=\"\" class=\"wp-image-614\" srcset=\"https:\/\/ultra-sailing.hr\/wp-content\/uploads\/2024\/03\/pasman02.jpg 911w, https:\/\/ultra-sailing.hr\/wp-content\/uploads\/2024\/03\/pasman02-300x187.jpg 300w, https:\/\/ultra-sailing.hr\/wp-content\/uploads\/2024\/03\/pasman02-768x479.jpg 768w\" sizes=\"auto, (max-width: 911px) 100vw, 911px\" \/><\/figure>\n<\/div>\n<p>L&#8217;\u00eele de Pa\u0161man est relativement proche du littoral et se situe face \u00e0 la populaire ville de Biograd na Moru. La c\u00f4te orientale pr\u00e9sente un int\u00e9r\u00eat particulier pour les navigateurs. <strong>Les \u00eeles d&#8217;Ugljan et de Pa\u0161man sont reli\u00e9es par un pont au niveau du passage de \u017ddrelac<\/strong>, emprunt\u00e9 par les navigateurs dont le m\u00e2t ne d\u00e9passe pas 16,5 m\u00e8tres au-dessus du niveau de la mer. Si vous partez de Zadar ou de Biograd et que la hauteur de votre m\u00e2t vous permet de passer sous le pont de \u017ddrelac, en longeant la c\u00f4te orientale de Pa\u0161man, vous d\u00e9couvrirez quelques petites baies telles que \u010celinja, Vr\u017ei\u0161\u0107e et Kobiljak.  <\/p>\n\n<p>Ces baies sont expos\u00e9es au vent, mais offrent une certaine intimit\u00e9. <strong>La plus pris\u00e9e est la baie de Sveti Ante, qui procure un bon abri contre les vents du nord-est, de l&#8217;ouest et du sud<\/strong>. Une vingtaine de bou\u00e9es de mouillage sont disponibles dans la baie. Il est \u00e9galement possible de jeter l&#8217;ancre au milieu de la baie, \u00e0 une profondeur comprise entre 5 et 8 m\u00e8tres.<br\/>Une autre baie populaire est celle de Soline, s\u00e9par\u00e9e de la baie de Sveti Ante par l&#8217;\u00e9troite pointe de Mali Zaglav. Soline offre \u00e9galement une bonne protection contre les vents d&#8217;ouest et du nord-ouest. \u00c0 l&#8217;instar de Sveti Ante, elle constitue l&#8217;un des meilleurs abris de Pa\u0161man. La baie de Soline dispose \u00e9galement d&#8217;environ 30 bou\u00e9es de mouillage.      <\/p>\n\n<h2 class=\"wp-block-heading\">\u00cele de \u017dirje<\/h2>\n<div class=\"wp-block-image\">\n<figure class=\"aligncenter size-full\"><img loading=\"lazy\" decoding=\"async\" width=\"1000\" height=\"562\" src=\"https:\/\/ultra-sailing.hr\/wp-content\/uploads\/2024\/03\/velastupica_zirje_island_croatia.jpg\" alt=\"\" class=\"wp-image-616\" srcset=\"https:\/\/ultra-sailing.hr\/wp-content\/uploads\/2024\/03\/velastupica_zirje_island_croatia.jpg 1000w, https:\/\/ultra-sailing.hr\/wp-content\/uploads\/2024\/03\/velastupica_zirje_island_croatia-300x169.jpg 300w, https:\/\/ultra-sailing.hr\/wp-content\/uploads\/2024\/03\/velastupica_zirje_island_croatia-768x432.jpg 768w\" sizes=\"auto, (max-width: 1000px) 100vw, 1000px\" \/><\/figure>\n<\/div>\n<p>L&#8217;\u00eele est situ\u00e9e \u00e0 environ 22 km au sud-ouest de \u0160ibenik et constitue <strong>l&#8217;\u00eele habit\u00e9e la plus \u00e9loign\u00e9e de l&#8217;archipel de \u0160ibenik<\/strong> (comprenant Tijat, Zlarin, Kaprije, Kakan). L&#8217;une des caract\u00e9ristiques principales qui rend l&#8217;\u00eele de \u017dirje si pris\u00e9e des navigateurs est son grand nombre de mouillages. Les baies les plus populaires sont Tratinska et Vela Stupica. Tratinska s&#8217;\u00e9tend sur un demi-mille \u00e0 l&#8217;int\u00e9rieur des terres sur la c\u00f4te sud-ouest de \u017dirje et jouit d&#8217;une grande popularit\u00e9. La baie est expos\u00e9e au vent du sud-est et dispose d&#8217;environ 30 bou\u00e9es de mouillage.    <\/p>\n\n<p>La baie de Vela Stupica se trouve dans la partie m\u00e9ridionale de l&#8217;\u00eele. Elle tend \u00e0 \u00eatre plus fr\u00e9quent\u00e9e que la baie de Tratinska. Son bras occidental atteint une profondeur d&#8217;environ 11 m\u00e8tres et a toujours constitu\u00e9 un mouillage s\u00fbr. On y trouve une vingtaine de bou\u00e9es de mouillage, mais il est \u00e9galement possible d&#8217;y jeter l&#8217;ancre. La baie offre une bonne protection contre tous les vents, \u00e0 l&#8217;exception de ceux du sud et du sud-est. Dans ces conditions, il n&#8217;est pas recommand\u00e9 d&#8217;y s\u00e9journer, m\u00eame amarr\u00e9 \u00e0 une bou\u00e9e.     <\/p>\n\n<h2 class=\"wp-block-heading\">Ville de Skradin<\/h2>\n<div class=\"wp-block-image\">\n<figure class=\"aligncenter size-full\"><img loading=\"lazy\" decoding=\"async\" width=\"1000\" height=\"667\" src=\"https:\/\/ultra-sailing.hr\/wp-content\/uploads\/2024\/03\/skradin_harbor_npkrka_croatia.jpg\" alt=\"\" class=\"wp-image-618\" srcset=\"https:\/\/ultra-sailing.hr\/wp-content\/uploads\/2024\/03\/skradin_harbor_npkrka_croatia.jpg 1000w, https:\/\/ultra-sailing.hr\/wp-content\/uploads\/2024\/03\/skradin_harbor_npkrka_croatia-300x200.jpg 300w, https:\/\/ultra-sailing.hr\/wp-content\/uploads\/2024\/03\/skradin_harbor_npkrka_croatia-768x512.jpg 768w\" sizes=\"auto, (max-width: 1000px) 100vw, 1000px\" \/><\/figure>\n<\/div>\n<p>Skradin est une localit\u00e9 portuaire situ\u00e9e sur la rive droite de la rivi\u00e8re Krka, \u00e0 environ 16 km au nord de \u0160ibenik. En amont, non loin de Skradin, se trouve un pont enjambant la rivi\u00e8re Krka, ainsi que la marina ACI Skradin. <strong>Skradin constitue le point central du Parc national de Krka<\/strong>, \u00e9tant l&#8217;une des plus anciennes localit\u00e9s croates jouissant du statut de ville (depuis le IIe si\u00e8cle apr\u00e8s J.-C.). <\/p>\n\n<p>Les magnifiques cascades de Krka sont vivement recommand\u00e9es pour des excursions journali\u00e8res. Des bateaux touristiques partent de Skradin pour des visites du Parc national de Krka. Le parc national est spectaculaire et couvre une superficie de 109 km\u00b2, englobant \u00e9galement de pittoresques monast\u00e8res et d&#8217;impressionnantes ruines romaines.  <\/p>\n","protected":false},"excerpt":{"rendered":"<p>Zadar Si vous souhaitez explorer les \u00eeles du nord de l&#8217;Adriatique, le meilleur endroit pour d\u00e9buter vos vacances en voilier est Zadar ou ses bases de location \u00e0 proximit\u00e9 comme Sukosan ou Biograd na Moru. En louant un bateau \u00e0 partir de ces lieux, vous obtenez un meilleur acc\u00e8s aux \u00eelots de Premuda, Ugljan, au [&hellip;]<\/p>\n","protected":false},"author":1,"featured_media":0,"parent":4119,"menu_order":0,"comment_status":"closed","ping_status":"closed","template":"","meta":{"_acf_changed":false,"footnotes":""},"class_list":["post-4244","page","type-page","status-publish","hentry"],"acf":[],"_links":{"self":[{"href":"https:\/\/ultra-sailing.hr\/fr\/wp-json\/wp\/v2\/pages\/4244","targetHints":{"allow":["GET"]}}],"collection":[{"href":"https:\/\/ultra-sailing.hr\/fr\/wp-json\/wp\/v2\/pages"}],"about":[{"href":"https:\/\/ultra-sailing.hr\/fr\/wp-json\/wp\/v2\/types\/page"}],"author":[{"embeddable":true,"href":"https:\/\/ultra-sailing.hr\/fr\/wp-json\/wp\/v2\/users\/1"}],"replies":[{"embeddable":true,"href":"https:\/\/ultra-sailing.hr\/fr\/wp-json\/wp\/v2\/comments?post=4244"}],"version-history":[{"count":2,"href":"https:\/\/ultra-sailing.hr\/fr\/wp-json\/wp\/v2\/pages\/4244\/revisions"}],"predecessor-version":[{"id":4252,"href":"https:\/\/ultra-sailing.hr\/fr\/wp-json\/wp\/v2\/pages\/4244\/revisions\/4252"}],"up":[{"embeddable":true,"href":"https:\/\/ultra-sailing.hr\/fr\/wp-json\/wp\/v2\/pages\/4119"}],"wp:attachment":[{"href":"https:\/\/ultra-sailing.hr\/fr\/wp-json\/wp\/v2\/media?parent=4244"}],"curies":[{"name":"wp","href":"https:\/\/api.w.org\/{rel}","templated":true}]}}