{"id":4246,"date":"2024-03-10T17:17:00","date_gmt":"2024-03-10T16:17:00","guid":{"rendered":"https:\/\/ultra-sailing.hr\/dev-wordpress\/destination-a-voile-attractive-en-croatie\/adriatique-meridionale-croatie\/"},"modified":"2025-02-19T09:55:24","modified_gmt":"2025-02-19T08:55:24","slug":"adriatique-meridionale","status":"publish","type":"page","link":"https:\/\/ultra-sailing.hr\/fr\/destination-a-voile-attractive-en-croatie\/adriatique-meridionale\/","title":{"rendered":"Adriatique m\u00e9ridionale Croatie"},"content":{"rendered":"\n<h2 class=\"wp-block-heading\">\u00cele de Mljet<\/h2>\n\n<figure class=\"wp-block-image size-full\"><img loading=\"lazy\" decoding=\"async\" width=\"1000\" height=\"563\" src=\"https:\/\/ultra-sailing.hr\/wp-content\/uploads\/2024\/03\/mljet_island_prozura_bay.jpg\" alt=\"\" class=\"wp-image-644\" srcset=\"https:\/\/ultra-sailing.hr\/wp-content\/uploads\/2024\/03\/mljet_island_prozura_bay.jpg 1000w, https:\/\/ultra-sailing.hr\/wp-content\/uploads\/2024\/03\/mljet_island_prozura_bay-300x169.jpg 300w, https:\/\/ultra-sailing.hr\/wp-content\/uploads\/2024\/03\/mljet_island_prozura_bay-768x432.jpg 768w\" sizes=\"auto, (max-width: 1000px) 100vw, 1000px\" \/><\/figure>\n\n<p>Mljet est, pour de nombreux touristes, l&#8217;une des \u00eeles perdues dans la mer. Ne laissez pas cette \u00eele, mentionn\u00e9e dans les r\u00e9cits sur l&#8217;Odyss\u00e9e, Saint Paul, les B\u00e9n\u00e9dictins et les ours marins m\u00e9diterran\u00e9ens, vous demeurer inconnue. Mljet appara\u00eet comme une \u00eele longue et rectiligne, large de 34 km et longue de 37 km. <strong>Il s&#8217;agit d&#8217;une \u00eele aux caract\u00e9ristiques et contrastes sp\u00e9cifiques<\/strong>, le Parc National de Mljet occupe sa partie nord-ouest, et s&#8217;\u00e9tend sur 5375 hectares de c\u00f4tes et de mer abrit\u00e9es.  <\/p>\n\n<p><strong>Outre son magnifique paysage, Mljet poss\u00e8de une riche histoire et de nombreux sites arch\u00e9ologiques et culturels<\/strong>. Sur le versant m\u00e9ridional de l&#8217;\u00eele se trouve la Grotte d&#8217;Ulysse. Selon la l\u00e9gende, Ulysse fut attir\u00e9 sur l&#8217;\u00eele de Mljet par la nymphe Calypso, d&#8217;o\u00f9 le nom donn\u00e9 \u00e0 la grotte. Si vous vous trouvez d\u00e9j\u00e0 sur le versant m\u00e9ridional de l&#8217;\u00eele de Mljet, vous pouvez \u00e9galement faire une halte dans la baie sud-est de Saplunara ou dans la baie voisine de Limoni. Ces deux baies sont entour\u00e9es d&#8217;anses sablonneuses avec une plage de sable, ce qui devrait particuli\u00e8rement plaire aux enfants \u00e0 bord.    <\/p>\n\n<p>Pour profiter du <strong>Parc National, il est pr\u00e9f\u00e9rable de mouiller dans la baie de Pola\u010de ou la baie de Pomena<\/strong>. Pomena est le point d&#8217;entr\u00e9e le plus commun pour acc\u00e9der au Parc National de Mljet. <strong>Vous serez \u00e9merveill\u00e9 par la beaut\u00e9 et la nature intacte du Parc National<\/strong>. Visitez les deux lacs, qui sont reli\u00e9s \u00e0 la mer ouverte par leur propre chenal. Vous pouvez \u00e9galement visiter le monast\u00e8re b\u00e9n\u00e9dictin du XIIe si\u00e8cle situ\u00e9 au milieu du Grand Lac.<br\/>La baie de Prozura m\u00e9rite \u00e9galement une visite. Cette baie, qui s&#8217;\u00e9tend sur pr\u00e8s de 800 m\u00e8tres \u00e0 l&#8217;int\u00e9rieur des terres, avec ses rivages rocheux et \u00e9lev\u00e9s, est prot\u00e9g\u00e9e par trois petites \u00eeles. Faites une promenade jusqu&#8217;au village surplombant la baie et profitez de l&#8217;une des plus belles vues sur l&#8217;Adriatique.     <\/p>\n\n<h2 class=\"wp-block-heading\">\u00cele de Lastovo<\/h2>\n\n<figure class=\"wp-block-image size-full\"><img loading=\"lazy\" decoding=\"async\" width=\"960\" height=\"720\" src=\"https:\/\/ultra-sailing.hr\/wp-content\/uploads\/2024\/03\/lastovo_skrivena_luka_bay.jpg\" alt=\"\" class=\"wp-image-646\" srcset=\"https:\/\/ultra-sailing.hr\/wp-content\/uploads\/2024\/03\/lastovo_skrivena_luka_bay.jpg 960w, https:\/\/ultra-sailing.hr\/wp-content\/uploads\/2024\/03\/lastovo_skrivena_luka_bay-300x225.jpg 300w, https:\/\/ultra-sailing.hr\/wp-content\/uploads\/2024\/03\/lastovo_skrivena_luka_bay-768x576.jpg 768w\" sizes=\"auto, (max-width: 960px) 100vw, 960px\" \/><\/figure>\n\n<p>Si vous aspirez \u00e0 la paix et \u00e0 la s\u00e9r\u00e9nit\u00e9 durant votre voyage en voilier en Croatie, l&#8217;\u00eele de Lastovo est une excellente option. <strong>\u00c0 l&#8217;instar de Vis, l&#8217;\u00eele de Lastovo \u00e9tait une zone militaire restreinte et \u00e9tait inaccessible au public jusqu&#8217;aux environs de 1989<\/strong>. L&#8217;absence de tourisme a contribu\u00e9 \u00e0 pr\u00e9server les anciens \u00e9difices et la nature. <\/p>\n\n<p>L&#8217;\u00eele de Lastovo appartient au parc naturel et offre de nombreuses baies, petites et grandes. <strong>\u00c0 l&#8217;est de l&#8217;\u00eele de Lastovo se trouve un groupe de petites \u00eeles appel\u00e9es Lastovnjaci qui offrent \u00e9galement quelques jolies baies<\/strong>.<br\/>Les <strong>baies les plus c\u00e9l\u00e8bres de Lastovo sont Zaklopatica, Veli Lago et Skrivena Luka<\/strong>. La baie de Zaklopatica est situ\u00e9e sur le versant septentrional de l&#8217;\u00eele. De l\u00e0, vous pouvez faire une promenade jusqu&#8217;\u00e0 la ville de Lastovo, distante de 2,5 km.<br\/>Sur le versant occidental de l&#8217;\u00eele se trouve la grande baie de Veli Lago, profond\u00e9ment d\u00e9coup\u00e9e dans les terres. <strong>Dans la grande baie de Veli Lago, il y a trois baies plus petites qui offrent un bon abri contre tous les vents<\/strong>. Jurjeva Luka et la baie de Pasadur sont sur le c\u00f4t\u00e9 nord et Ubli est sur le c\u00f4t\u00e9 sud-est de Veli Lago.   <\/p>\n\n<p>Sur le versant m\u00e9ridional de l&#8217;\u00eele de Lastovo se trouve l&#8217;une des baies les plus c\u00e9l\u00e8bres de Lastovo et de l&#8217;Adriatique m\u00e9ridionale, Skrivena Luka. Le nom Skrivena luka \u00ab Port cach\u00e9 \u00bb indique la protection qu&#8217;offre cette baie. <\/p>\n\n<h2 class=\"wp-block-heading\">Ston &#8211; P\u00e9ninsule de Pelje\u0161ac<\/h2>\n\n<figure class=\"wp-block-image size-full\"><img loading=\"lazy\" decoding=\"async\" width=\"1000\" height=\"750\" src=\"https:\/\/ultra-sailing.hr\/wp-content\/uploads\/2024\/03\/peljesac_ston_sailing_croatia.jpg\" alt=\"\" class=\"wp-image-648\" srcset=\"https:\/\/ultra-sailing.hr\/wp-content\/uploads\/2024\/03\/peljesac_ston_sailing_croatia.jpg 1000w, https:\/\/ultra-sailing.hr\/wp-content\/uploads\/2024\/03\/peljesac_ston_sailing_croatia-300x225.jpg 300w, https:\/\/ultra-sailing.hr\/wp-content\/uploads\/2024\/03\/peljesac_ston_sailing_croatia-768x576.jpg 768w\" sizes=\"auto, (max-width: 1000px) 100vw, 1000px\" \/><\/figure>\n\n<p>La p\u00e9ninsule de Pelje\u0161ac s&#8217;avance de 65 km dans la mer depuis le continent, mais elle ne fait que 7 km de large \u00e0 son point le plus large. <strong>La ville la plus proche du continent s&#8217;appelle Ston, et est aujourd&#8217;hui principalement visit\u00e9e pour ses spectaculaires remparts d\u00e9fensifs longs de 5,5 km<\/strong>. Les visiteurs peuvent parcourir toute la distance de Ston \u00e0 Mali Ston, en profitant de vues superbes tout au long du chemin. Les remparts se terminent au Fort Koruna du XIVe si\u00e8cle \u00e0 Mali Ston. <strong>Une autre attraction sont les salines de Ston, o\u00f9 le sel est produit selon une technique vieille de 2000 ans<\/strong>. La baie de Mali Ston est r\u00e9put\u00e9e pour ses d\u00e9licieuses hu\u00eetres \u00e0 la saveur distinctive.   <\/p>\n\n<p>Vers la partie septentrionale de la p\u00e9ninsule, <a href=\"https:\/\/blog.ultra-sailing.hr\/en\/sailing-in-croatia-10-ideas-what-to-do-in-orebic\/\" target=\"_blank\" rel=\"noreferrer noopener\">Orebi\u0107 est une autre ville populaire de la p\u00e9ninsule de Pelje\u0161ac<\/a>. <strong>Elle poss\u00e8de un Mus\u00e9e Maritime qui retrace l&#8217;histoire de ses habitants<\/strong>, qui \u00e9taient les capitaines de mer les plus recherch\u00e9s en M\u00e9diterran\u00e9e. Orebi\u0107 se situe \u00e0 la lisi\u00e8re de l&#8217;une des r\u00e9gions viticoles les plus pris\u00e9es de Croatie. \u00c0 l&#8217;ouest d&#8217;Orebi\u0107, le village c\u00f4tier de Viganj est un paradis pour la planche \u00e0 voile avec une belle plage de galets.  <\/p>\n\n<h2 class=\"wp-block-heading\">Archipel des \u00eeles \u00c9laphites<\/h2>\n\n<figure class=\"wp-block-image size-full is-resized\"><img loading=\"lazy\" decoding=\"async\" width=\"1000\" height=\"684\" src=\"https:\/\/ultra-sailing.hr\/wp-content\/uploads\/2024\/03\/lopud_sailingcroatia.jpg\" alt=\"\" class=\"wp-image-650\" style=\"width:841px;height:auto\" srcset=\"https:\/\/ultra-sailing.hr\/wp-content\/uploads\/2024\/03\/lopud_sailingcroatia.jpg 1000w, https:\/\/ultra-sailing.hr\/wp-content\/uploads\/2024\/03\/lopud_sailingcroatia-300x205.jpg 300w, https:\/\/ultra-sailing.hr\/wp-content\/uploads\/2024\/03\/lopud_sailingcroatia-768x525.jpg 768w\" sizes=\"auto, (max-width: 1000px) 100vw, 1000px\" \/><\/figure>\n\n<p>Les <a href=\"https:\/\/blog.ultra-sailing.hr\/en\/dubrovnik-fantastic-location-for-sailing\/\" target=\"_blank\" rel=\"noreferrer noopener\">\u00c9laphites constituent un archipel de 13 \u00eeles s&#8217;\u00e9tendant au nord-ouest de Dubrovnik<\/a>. Les trois \u00eeles principales habit\u00e9es les plus vastes sont \u0160ipan, Lopud et Kolo\u010dep. <strong>Nombre de navigateurs quittant Dubrovnik le samedi feront escale sur l&#8217;une des \u00eeles \u00c9laphites<\/strong>. Celles-ci ont longtemps \u00e9t\u00e9 pris\u00e9es par l&#8217;aristocratie de Dubrovnik, qui y a \u00e9difi\u00e9 ses villas. Kolo\u010dep est l&#8217;\u00eele la plus proche de Dubrovnik. L&#8217;\u00eele est recouverte de pins et de maquis subtropical.    <\/p>\n\n<p>Sur l&#8217;\u00eele de Lopud, on trouve deux forts en ruines datant du XVIe si\u00e8cle, tandis que le monast\u00e8re franciscain remonte au XVe si\u00e8cle. Nous recommandons vivement une visite \u00e0 la plage de sable nomm\u00e9e \u0160unj. <\/p>\n\n<p><strong>\u0160ipan est la plus grande des \u00eeles \u00c9laphites et compte deux villes<\/strong> : Su\u0111ura\u0111 et \u0160ipanska Luka. \u0160ipanska Luka est une longue baie en forme d&#8217;entonnoir offrant un bon abri contre tous les vents, except\u00e9 ceux du nord-ouest. De l\u00e0, il est possible de marcher jusqu&#8217;\u00e0 Su\u0111ura\u0111, \u00e0 cinq kilom\u00e8tres de distance, \u00e0 travers champs. \u00c0 Su\u0111ura\u0111, on peut observer un ch\u00e2teau et les vestiges d&#8217;un palais \u00e9piscopal.    <\/p>\n\n<h2 class=\"wp-block-heading\">Dubrovnik<\/h2>\n\n<figure class=\"wp-block-image size-full\"><img loading=\"lazy\" decoding=\"async\" width=\"1000\" height=\"608\" src=\"https:\/\/ultra-sailing.hr\/wp-content\/uploads\/2024\/03\/dubrovnik_town_croatia.jpg\" alt=\"\" class=\"wp-image-652\" srcset=\"https:\/\/ultra-sailing.hr\/wp-content\/uploads\/2024\/03\/dubrovnik_town_croatia.jpg 1000w, https:\/\/ultra-sailing.hr\/wp-content\/uploads\/2024\/03\/dubrovnik_town_croatia-300x182.jpg 300w, https:\/\/ultra-sailing.hr\/wp-content\/uploads\/2024\/03\/dubrovnik_town_croatia-768x467.jpg 768w\" sizes=\"auto, (max-width: 1000px) 100vw, 1000px\" \/><\/figure>\n\n<p>La magnifique cit\u00e9 de Dubrovnik est situ\u00e9e dans le sud profond de la c\u00f4te adriatique croate et <strong>est consid\u00e9r\u00e9e par la plupart comme l&#8217;une des destinations phares d&#8217;Europe<\/strong>. Ces chefs-d&#8217;\u0153uvre historiques et culturels se trouvent dans la vieille ville et sont ais\u00e9ment accessibles \u00e0 pied. Nous recommandons \u00e0 nos h\u00f4tes ayant affr\u00e9t\u00e9 un <a href=\"https:\/\/ultra-sailing.hr\/boats\" target=\"_blank\" rel=\"noreferrer noopener\">voilier<\/a> ou un <a href=\"https:\/\/ultra-sailing.hr\/catamarans\" target=\"_blank\" rel=\"noreferrer noopener\">catamaran<\/a> depuis la <a href=\"https:\/\/ultra-sailing.hr\/charter-base-dubrovnik\" target=\"_blank\" rel=\"noreferrer noopener\">ACI Marina Dubrovnik<\/a> d&#8217;effectuer une excursion dans la vieille ville avant ou apr\u00e8s leur p\u00e9riple nautique. <strong>L&#8217;une des principales attractions pour les touristes est constitu\u00e9e par les remparts et les forteresses de la ville<\/strong>. Les remparts s&#8217;\u00e9tendent sur 1940 m\u00e8tres et comportent cinq forts, ainsi que 16 tours et bastions. Les forteresses servaient alors \u00e0 prot\u00e9ger la R\u00e9publique de Dubrovnik et sont consid\u00e9r\u00e9es comme parmi les mieux pr\u00e9serv\u00e9es de toute l&#8217;Europe.    <\/p>\n\n<p>Entreprenez une promenade le long de la rue Stradun. Cette large art\u00e8re traverse la ville d&#8217;est en ouest, divisant la vieille ville de Dubrovnik en parties septentrionale et m\u00e9ridionale. De l\u00e0, vous pouvez apercevoir presque tous les principaux sites. <br\/>Il convient de pr\u00e9voir une promenade de 2 \u00e0 3 heures \u00e0 travers les rues, vous permettant d&#8217;admirer nombre des sites remarquables de Dubrovnik, au moins de l&#8217;ext\u00e9rieur. <strong>La ville sert de d\u00e9cor \u00e0 Port-R\u00e9al dans la s\u00e9rie Game of Thrones, et d&#8217;innombrables sc\u00e8nes ont \u00e9t\u00e9 tourn\u00e9es dans la vieille ville.<\/strong>  <\/p>\n\n<p>D\u00e9couvrez davantage d&#8217;informations sur la navigation dans l&#8217;Adriatique m\u00e9ridionale sur nos blogs :<\/p>\n\t\t<div class=\"c-nav-card-group\">\n\t\t\t\n<a href=\"https:\/\/blog.ultra-sailing.hr\/en\/dubrovnik-fantastic-location-for-sailing\/\" class=\"c-nav-card\" target=\"_blank\">\n\t<img loading=\"lazy\" decoding=\"async\" width=\"680\" height=\"320\" src=\"https:\/\/ultra-sailing.hr\/wp-content\/uploads\/2024\/05\/Ston_Peljesac_SailingCroatia2021-12-680x320.jpg\" class=\"attachment-680x320 size-680x320\" alt=\"\" \/>\t<div class=\"c-nav-card__main\">\n\t\t<p class=\"c-nav-card__title\">Navigation de Dubrovnik \u00e0 Ston<\/p>\n\t\t<p class=\"c-nav-card__subtitle\">Le magnifique archipel au large des c\u00f4tes de Dubrovnik, connu sous le nom d&#039;\u00c9laphites, s&#039;\u00e9tend de cette cit\u00e9 historique jusqu&#039;\u00e0 la base de la p\u00e9ninsule de Pelje\u0161ac, pr\u00e8s de Ston.<\/p>\n\t\t<div class=\"c-nav-card__icon\">\n\t\t\t<svg class=\"o-icon u-stroke-2\"><use xmlns:xlink=\"http:\/\/www.w3.org\/1999\/xlink\" xlink:href=\"https:\/\/ultra-sailing.hr\/wp-content\/themes\/ultra-sailing\/assets\/sprite\/icons.svg#icon-chevron-right\"><\/use><\/svg>\t\t<\/div>\n\t<\/div>\n<\/a>\n<a href=\"https:\/\/blog.ultra-sailing.hr\/en\/sailing-croatia-explore-lastovo-and-susac\/\" class=\"c-nav-card\" target=\"_blank\">\n\t<img loading=\"lazy\" decoding=\"async\" width=\"680\" height=\"320\" src=\"https:\/\/ultra-sailing.hr\/wp-content\/uploads\/2024\/05\/Zaklopatica_island_Lastovo-680x320.jpg\" class=\"attachment-680x320 size-680x320\" alt=\"\" \/>\t<div class=\"c-nav-card__main\">\n\t\t<p class=\"c-nav-card__title\">Les \u00eeles au large de Lastovo et Su\u0161ac<\/p>\n\t\t<p class=\"c-nav-card__subtitle\">Si vous \u00eates en qu\u00eate de paix et de tranquillit\u00e9 lors de votre navigation en Croatie, ne manquez pas l&#039;opportunit\u00e9 d&#039;explorer les \u00eeles sereines de Lastovo et Su\u0161ac.<\/p>\n\t\t<div class=\"c-nav-card__icon\">\n\t\t\t<svg class=\"o-icon u-stroke-2\"><use xmlns:xlink=\"http:\/\/www.w3.org\/1999\/xlink\" xlink:href=\"https:\/\/ultra-sailing.hr\/wp-content\/themes\/ultra-sailing\/assets\/sprite\/icons.svg#icon-chevron-right\"><\/use><\/svg>\t\t<\/div>\n\t<\/div>\n<\/a>\t\t<\/div>\n","protected":false},"excerpt":{"rendered":"<p>\u00cele de Mljet Mljet est, pour de nombreux touristes, l&#8217;une des \u00eeles perdues dans la mer. Ne laissez pas cette \u00eele, mentionn\u00e9e dans les r\u00e9cits sur l&#8217;Odyss\u00e9e, Saint Paul, les B\u00e9n\u00e9dictins et les ours marins m\u00e9diterran\u00e9ens, vous demeurer inconnue. Mljet appara\u00eet comme une \u00eele longue et rectiligne, large de 34 km et longue de 37 [&hellip;]<\/p>\n","protected":false},"author":3,"featured_media":0,"parent":4119,"menu_order":0,"comment_status":"closed","ping_status":"closed","template":"","meta":{"_acf_changed":false,"footnotes":""},"class_list":["post-4246","page","type-page","status-publish","hentry"],"acf":[],"_links":{"self":[{"href":"https:\/\/ultra-sailing.hr\/fr\/wp-json\/wp\/v2\/pages\/4246","targetHints":{"allow":["GET"]}}],"collection":[{"href":"https:\/\/ultra-sailing.hr\/fr\/wp-json\/wp\/v2\/pages"}],"about":[{"href":"https:\/\/ultra-sailing.hr\/fr\/wp-json\/wp\/v2\/types\/page"}],"author":[{"embeddable":true,"href":"https:\/\/ultra-sailing.hr\/fr\/wp-json\/wp\/v2\/users\/3"}],"replies":[{"embeddable":true,"href":"https:\/\/ultra-sailing.hr\/fr\/wp-json\/wp\/v2\/comments?post=4246"}],"version-history":[{"count":2,"href":"https:\/\/ultra-sailing.hr\/fr\/wp-json\/wp\/v2\/pages\/4246\/revisions"}],"predecessor-version":[{"id":4251,"href":"https:\/\/ultra-sailing.hr\/fr\/wp-json\/wp\/v2\/pages\/4246\/revisions\/4251"}],"up":[{"embeddable":true,"href":"https:\/\/ultra-sailing.hr\/fr\/wp-json\/wp\/v2\/pages\/4119"}],"wp:attachment":[{"href":"https:\/\/ultra-sailing.hr\/fr\/wp-json\/wp\/v2\/media?parent=4246"}],"curies":[{"name":"wp","href":"https:\/\/api.w.org\/{rel}","templated":true}]}}