{"id":4249,"date":"2024-03-10T15:36:05","date_gmt":"2024-03-10T14:36:05","guid":{"rendered":"https:\/\/ultra-sailing.hr\/dev-wordpress\/ecole-de-voile\/faq-ecole-de-voile\/"},"modified":"2025-05-21T15:43:54","modified_gmt":"2025-05-21T14:43:54","slug":"faq-ecole-de-voile","status":"publish","type":"page","link":"https:\/\/ultra-sailing.hr\/fr\/ecole-de-voile\/faq-ecole-de-voile\/","title":{"rendered":"FAQ \u00e9cole de voile"},"content":{"rendered":"<div class=\"c-collapse-group\"><div class=\"c-collapse js-collapse\">\n\t<button class=\"c-collapse__toggle js-collapse-toggle\">\n\t\t<h2 class=\"c-collapse__heading\">Qui peut apprendre \u00e0 naviguer?<\/h2>\n\t\t<div class=\"c-collapse__icon\">\n\t\t\t<svg class=\"o-icon u-stroke-2\"><use xmlns:xlink=\"http:\/\/www.w3.org\/1999\/xlink\" xlink:href=\"https:\/\/ultra-sailing.hr\/wp-content\/themes\/ultra-sailing\/assets\/sprite\/icons.svg#icon-chevron-down\"><\/use><\/svg>\t\t<\/div>\n\t<\/button>\n\t<div class=\"c-collapse__main js-collapse-main\">\n\t\t<div class=\"c-content-scope\">\n\t\t\t<p>Nos cours de voile pour d\u00e9butants sont accessibles au plus grand nombre. En gros, si vous pouvez bouger et \u00eatre attentif aux explications, vous pouvez apprendre \u00e0 naviguer. Les conditions requises sont que vous ayez plus de 18 ans, parliez anglais et que vous souhaitiez d\u00e9couvrir la passion de la voile!<\/p>\n\t\t<\/div>\n\t<\/div>\n<\/div><div class=\"c-collapse js-collapse\">\n\t<button class=\"c-collapse__toggle js-collapse-toggle\">\n\t\t<h2 class=\"c-collapse__heading\">Les adolescents ou les enfants peuvent-ils suivre un cours de voile?<\/h2>\n\t\t<div class=\"c-collapse__icon\">\n\t\t\t<svg class=\"o-icon u-stroke-2\"><use xmlns:xlink=\"http:\/\/www.w3.org\/1999\/xlink\" xlink:href=\"https:\/\/ultra-sailing.hr\/wp-content\/themes\/ultra-sailing\/assets\/sprite\/icons.svg#icon-chevron-down\"><\/use><\/svg>\t\t<\/div>\n\t<\/button>\n\t<div class=\"c-collapse__main js-collapse-main\">\n\t\t<div class=\"c-content-scope\">\n\t\t\t<p>Nos cours de voile sont destin\u00e9s aux adultes. Les participants doivent \u00eatre \u00e2g\u00e9s de plus de 18 ans. Sur demande, nous pouvons accepter des jeunes de 15 ans et plus, s&#8217;ils viennent accompagn\u00e9s d&#8217;un de leurs parents et \u00e0 condition qu&#8217;ils soient capables de comprendre parfaitement les explications en anglais. Pour ce type de demande, nous proposons g\u00e9n\u00e9ralement des cours familiaux adapt\u00e9s aux besoins des familles.<\/p>\n\t\t<\/div>\n\t<\/div>\n<\/div><div class=\"c-collapse js-collapse\">\n\t<button class=\"c-collapse__toggle js-collapse-toggle\">\n\t\t<h2 class=\"c-collapse__heading\">Est-il possible de s&#039;inscrire seul \u00e0 un cours de voile?<\/h2>\n\t\t<div class=\"c-collapse__icon\">\n\t\t\t<svg class=\"o-icon u-stroke-2\"><use xmlns:xlink=\"http:\/\/www.w3.org\/1999\/xlink\" xlink:href=\"https:\/\/ultra-sailing.hr\/wp-content\/themes\/ultra-sailing\/assets\/sprite\/icons.svg#icon-chevron-down\"><\/use><\/svg>\t\t<\/div>\n\t<\/button>\n\t<div class=\"c-collapse__main js-collapse-main\">\n\t\t<div class=\"c-content-scope\">\n\t\t\t<p>Oui! Vous pouvez r\u00e9server une place pour participer \u00e0 un cours de voile par vous-m\u00eame. La plupart des participants sont des individus qui s&#8217;inscrivent de mani\u00e8re ind\u00e9pendante, et nous r\u00e9pondons aux demandes afin de cr\u00e9er un groupe coh\u00e9rent pour votre exp\u00e9rience d&#8217;apprentissage. Veuillez noter que nous avons besoin d&#8217;au moins trois participants confirm\u00e9s pour qu&#8217;un cours ait lieu.<\/p>\n\t\t<\/div>\n\t<\/div>\n<\/div><div class=\"c-collapse js-collapse\">\n\t<button class=\"c-collapse__toggle js-collapse-toggle\">\n\t\t<h2 class=\"c-collapse__heading\">Puis-je r\u00e9server un cours de voile pour un groupe ou une famille?<\/h2>\n\t\t<div class=\"c-collapse__icon\">\n\t\t\t<svg class=\"o-icon u-stroke-2\"><use xmlns:xlink=\"http:\/\/www.w3.org\/1999\/xlink\" xlink:href=\"https:\/\/ultra-sailing.hr\/wp-content\/themes\/ultra-sailing\/assets\/sprite\/icons.svg#icon-chevron-down\"><\/use><\/svg>\t\t<\/div>\n\t<\/button>\n\t<div class=\"c-collapse__main js-collapse-main\">\n\t\t<div class=\"c-content-scope\">\n\t\t\t<p>Absolument! Vous pouvez rejoindre n&#8217;importe quel cours avec un groupe d&#8217;amis ou de famille, \u00e0 condition qu&#8217;il y ait suffisamment de places disponibles \u00e0 la date souhait\u00e9e. Sinon, n&#8217;h\u00e9sitez pas \u00e0 nous contacter pour convenir d&#8217;une date personnalis\u00e9e pour votre groupe.<\/p>\n\t\t<\/div>\n\t<\/div>\n<\/div><div class=\"c-collapse js-collapse\">\n\t<button class=\"c-collapse__toggle js-collapse-toggle\">\n\t\t<h2 class=\"c-collapse__heading\">Combien de temps faut-il pour apprendre \u00e0 naviguer?<\/h2>\n\t\t<div class=\"c-collapse__icon\">\n\t\t\t<svg class=\"o-icon u-stroke-2\"><use xmlns:xlink=\"http:\/\/www.w3.org\/1999\/xlink\" xlink:href=\"https:\/\/ultra-sailing.hr\/wp-content\/themes\/ultra-sailing\/assets\/sprite\/icons.svg#icon-chevron-down\"><\/use><\/svg>\t\t<\/div>\n\t<\/button>\n\t<div class=\"c-collapse__main js-collapse-main\">\n\t\t<div class=\"c-content-scope\">\n\t\t\t<p>La dur\u00e9e d\u00e9pend de vos capacit\u00e9s et de votre engagement. Nous vous recommandons de suivre au moins deux formations voile \u2013 la formation \u00c9quipage Comp\u00e9tent et la formation Skipper \u00e0 la journ\u00e9e \u2013 afin d&#8217;acqu\u00e9rir les connaissances et comp\u00e9tences essentielles pour d\u00e9velopper votre exp\u00e9rience en toute autonomie. Nos formations visent \u00e0 vous enseigner l&#8217;art de la voile, l&#8217;utilisation de l&#8217;\u00e9quipement technique, l&#8217;interpr\u00e9tation des pr\u00e9visions m\u00e9t\u00e9orologiques et les bonnes pratiques nautiques, vous pr\u00e9parant ainsi \u00e0 naviguer en toute s\u00e9curit\u00e9 avec d&#8217;autres skippers ou seul. Nos formations progressives sont con\u00e7ues pour s&#8217;adapter \u00e0 l&#8217;\u00e9volution de vos besoins en navigation.<\/p>\n\t\t<\/div>\n\t<\/div>\n<\/div><div class=\"c-collapse js-collapse\">\n\t<button class=\"c-collapse__toggle js-collapse-toggle\">\n\t\t<h2 class=\"c-collapse__heading\">Quel type de permis de navigation est accept\u00e9 lors de la location d&#039;un bateau en Croatie?<\/h2>\n\t\t<div class=\"c-collapse__icon\">\n\t\t\t<svg class=\"o-icon u-stroke-2\"><use xmlns:xlink=\"http:\/\/www.w3.org\/1999\/xlink\" xlink:href=\"https:\/\/ultra-sailing.hr\/wp-content\/themes\/ultra-sailing\/assets\/sprite\/icons.svg#icon-chevron-down\"><\/use><\/svg>\t\t<\/div>\n\t<\/button>\n\t<div class=\"c-collapse__main js-collapse-main\">\n\t\t<div class=\"c-content-scope\">\n\t\t\t<div class=\"lRu31\" dir=\"ltr\"><span class=\"HwtZe\" lang=\"fr\"><span class=\"jCAhz ChMk0b\"><span class=\"ryNqvb\">Une liste des licences de skipper valides requises pour louer un bateau en Croatie est disponible sur le <a href=\"https:\/\/mmpi.gov.hr\/sea\/6986\" target=\"_blank\" rel=\"noopener nofollow\">site officiel du minist\u00e8re croate de la mer<\/a> : Minist\u00e8re croate de la mer. Vous pouvez \u00e9galement acc\u00e9der directement au <a href=\"https:\/\/mmpi.gov.hr\/UserDocsImages\/dokumenti\/MORE\/More%207_19\/TABLICA_ENG_srpanj2019%205-7_19.pdf\" target=\"_blank\" rel=\"noopener nofollow\">document PDF correspondant ici<\/a>.<\/span><\/span> <span class=\"jCAhz ChMk0b\"><span class=\"ryNqvb\">Notre certificat ISPA Day Skipper est valable pour la location d&#8217;un voilier ou d&#8217;un catamaran en Croatie.<\/span><\/span><\/span><\/div>\n\t\t<\/div>\n\t<\/div>\n<\/div><div class=\"c-collapse js-collapse\">\n\t<button class=\"c-collapse__toggle js-collapse-toggle\">\n\t\t<h2 class=\"c-collapse__heading\">Quel type de certificat Ultra Sailing peut-il fournir?<\/h2>\n\t\t<div class=\"c-collapse__icon\">\n\t\t\t<svg class=\"o-icon u-stroke-2\"><use xmlns:xlink=\"http:\/\/www.w3.org\/1999\/xlink\" xlink:href=\"https:\/\/ultra-sailing.hr\/wp-content\/themes\/ultra-sailing\/assets\/sprite\/icons.svg#icon-chevron-down\"><\/use><\/svg>\t\t<\/div>\n\t<\/button>\n\t<div class=\"c-collapse__main js-collapse-main\">\n\t\t<div class=\"c-content-scope\">\n\t\t\t<p>Ultra Sailing School est une \u00e9cole de voile agr\u00e9\u00e9e ISPA et le repr\u00e9sentant de l&#8217;ISPA en Europe. Avec votre certificat international ISPA Day Skipper, vous pouvez louer un voilier en Croatie et dans de nombreuses destinations a l&#8217;etranger. Pour les zones de navigation oc\u00e9anique, nous recommandons d&#8217;acceder au niveau Coastal Skipper.<\/p>\n\t\t<\/div>\n\t<\/div>\n<\/div><div class=\"c-collapse js-collapse\">\n\t<button class=\"c-collapse__toggle js-collapse-toggle\">\n\t\t<h2 class=\"c-collapse__heading\">Est-ce qu&#039;Ultra Sailing organise des examens pour les permis valables pour louer un bateau en Croatie?<\/h2>\n\t\t<div class=\"c-collapse__icon\">\n\t\t\t<svg class=\"o-icon u-stroke-2\"><use xmlns:xlink=\"http:\/\/www.w3.org\/1999\/xlink\" xlink:href=\"https:\/\/ultra-sailing.hr\/wp-content\/themes\/ultra-sailing\/assets\/sprite\/icons.svg#icon-chevron-down\"><\/use><\/svg>\t\t<\/div>\n\t<\/button>\n\t<div class=\"c-collapse__main js-collapse-main\">\n\t\t<div class=\"c-content-scope\">\n\t\t\t<p>Oui, le certificat ISPA Day Skipper est une licence valide et reconnue pour louer un voilier ou un catamaran en Croatie.<\/p>\n\t\t<\/div>\n\t<\/div>\n<\/div><div class=\"c-collapse js-collapse\">\n\t<button class=\"c-collapse__toggle js-collapse-toggle\">\n\t\t<h2 class=\"c-collapse__heading\">Que dois-je porter \u00e0 l&#039;\u00e9cole de voile?<\/h2>\n\t\t<div class=\"c-collapse__icon\">\n\t\t\t<svg class=\"o-icon u-stroke-2\"><use xmlns:xlink=\"http:\/\/www.w3.org\/1999\/xlink\" xlink:href=\"https:\/\/ultra-sailing.hr\/wp-content\/themes\/ultra-sailing\/assets\/sprite\/icons.svg#icon-chevron-down\"><\/use><\/svg>\t\t<\/div>\n\t<\/button>\n\t<div class=\"c-collapse__main js-collapse-main\">\n\t\t<div class=\"c-content-scope\">\n\t\t\t<p>Nous vous recommandons de vous habiller confortablement en tenue de sport et d&#8217;apporter une casquette, des lunettes de soleil, des gants et des chaussures de sport antid\u00e9rapantes \u00e0 semelles blanches. Nous fournissons des combinaisons de voile, vous n&#8217;avez donc pas \u00e0 vous en soucier. En \u00e9t\u00e9, il est indispensable de porter des v\u00eatements blancs et d&#8217;appliquer de la cr\u00e8me solaire. Pour naviguer en hiver ou au printemps, veuillez pr\u00e9voir des v\u00eatements chauds de rechange \u00e0 porter sous votre combinaison, ainsi que des chaussures de sport imperm\u00e9ables. Pour plus d&#8217;informations sur la pr\u00e9paration de votre semaine de voile en Croatie, consultez notre blog\u00a0: <a href=\"https:\/\/blog.ultra-sailing.hr\/what-to-take-with-you-in-the-sailing-school\/\" target=\"_new\" rel=\"noopener\">How to pack for your sailing week<\/a>.<\/p>\n\t\t<\/div>\n\t<\/div>\n<\/div><div class=\"c-collapse js-collapse\">\n\t<button class=\"c-collapse__toggle js-collapse-toggle\">\n\t\t<h2 class=\"c-collapse__heading\">O\u00f9 puis-je trouver un logement?<\/h2>\n\t\t<div class=\"c-collapse__icon\">\n\t\t\t<svg class=\"o-icon u-stroke-2\"><use xmlns:xlink=\"http:\/\/www.w3.org\/1999\/xlink\" xlink:href=\"https:\/\/ultra-sailing.hr\/wp-content\/themes\/ultra-sailing\/assets\/sprite\/icons.svg#icon-chevron-down\"><\/use><\/svg>\t\t<\/div>\n\t<\/button>\n\t<div class=\"c-collapse__main js-collapse-main\">\n\t\t<div class=\"c-content-scope\">\n\t\t\t<p>La plupart de nos formations proposent l&#8217;h\u00e9bergement \u00e0 bord, \u00e0 l&#8217;exception de certaines conditions sp\u00e9cifiques \u00e0 la formation d&#8217;\u00e9quipage \u00e0 terre.<\/p>\n<p>Si vous souhaitez arriver quelques jours avant votre s\u00e9jour \u00e0 Split, il est pr\u00e9f\u00e9rable de v\u00e9rifier votre type d&#8217;h\u00e9bergement sur des sites web sp\u00e9cialis\u00e9s. Certains \u00e9tudiants pr\u00e9f\u00e8rent s\u00e9journer \u00e0 l&#8217;h\u00f4tel, tandis que d&#8217;autres optent pour des h\u00e9bergements priv\u00e9s comme des chambres ou des appartements. Split offre de nombreuses options int\u00e9ressantes\u00a0!<\/p>\n\t\t<\/div>\n\t<\/div>\n<\/div><div class=\"c-collapse js-collapse\">\n\t<button class=\"c-collapse__toggle js-collapse-toggle\">\n\t\t<h2 class=\"c-collapse__heading\">Puis-je acc\u00e9der directement au cours Day Skipper?<\/h2>\n\t\t<div class=\"c-collapse__icon\">\n\t\t\t<svg class=\"o-icon u-stroke-2\"><use xmlns:xlink=\"http:\/\/www.w3.org\/1999\/xlink\" xlink:href=\"https:\/\/ultra-sailing.hr\/wp-content\/themes\/ultra-sailing\/assets\/sprite\/icons.svg#icon-chevron-down\"><\/use><\/svg>\t\t<\/div>\n\t<\/button>\n\t<div class=\"c-collapse__main js-collapse-main\">\n\t\t<div class=\"c-content-scope\">\n\t\t\t<p>Pour participer au cours Day Skipper, vous devez \u00eatre titulaire d&#8217;un certificat d&#8217;\u00e9quipage comp\u00e9tent de l&#8217;ISPA ou d&#8217;un programme \u00e9quivalent. Aucune exp\u00e9rience pr\u00e9alable de navigation n&#8217;est requise pour le cours d&#8217;\u00e9quipier comp\u00e9tent.<\/p>\n\t\t<\/div>\n\t<\/div>\n<\/div><div class=\"c-collapse js-collapse\">\n\t<button class=\"c-collapse__toggle js-collapse-toggle\">\n\t\t<h2 class=\"c-collapse__heading\">Comment puis-je continuer \u00e0 naviguer apr\u00e8s le cours?<\/h2>\n\t\t<div class=\"c-collapse__icon\">\n\t\t\t<svg class=\"o-icon u-stroke-2\"><use xmlns:xlink=\"http:\/\/www.w3.org\/1999\/xlink\" xlink:href=\"https:\/\/ultra-sailing.hr\/wp-content\/themes\/ultra-sailing\/assets\/sprite\/icons.svg#icon-chevron-down\"><\/use><\/svg>\t\t<\/div>\n\t<\/button>\n\t<div class=\"c-collapse__main js-collapse-main\">\n\t\t<div class=\"c-content-scope\">\n\t\t\t<p>Plus vous naviguez, plus vous gagnerez en confiance. L&#8217;exp\u00e9rience est essentielle pour devenir un bon marin, c&#8217;est pourquoi nous vous encourageons \u00e0 continuer \u00e0 naviguer apr\u00e8s nos formations. Si vous vous sentez \u00e0 l&#8217;aise et que vous r\u00e9ussissez la formation Day Skipper, vous pouvez louer un bateau sans \u00e9quipage. Si vous n&#8217;\u00eates pas \u00e0 100 % \u00e0 l&#8217;issue des formations Day Skipper, nous vous recommandons vivement d&#8217;atteindre le niveau Coastal Skipper ou de louer un bateau avec skipper pour vous entra\u00eener davantage sous supervision.<\/p>\n\t\t<\/div>\n\t<\/div>\n<\/div><div class=\"c-collapse js-collapse\">\n\t<button class=\"c-collapse__toggle js-collapse-toggle\">\n\t\t<h2 class=\"c-collapse__heading\">Quel type d&#039;\u00e9cole de voile pour enfants peut \u00eatre propos\u00e9 en Croatie?<\/h2>\n\t\t<div class=\"c-collapse__icon\">\n\t\t\t<svg class=\"o-icon u-stroke-2\"><use xmlns:xlink=\"http:\/\/www.w3.org\/1999\/xlink\" xlink:href=\"https:\/\/ultra-sailing.hr\/wp-content\/themes\/ultra-sailing\/assets\/sprite\/icons.svg#icon-chevron-down\"><\/use><\/svg>\t\t<\/div>\n\t<\/button>\n\t<div class=\"c-collapse__main js-collapse-main\">\n\t\t<div class=\"c-content-scope\">\n\t\t\t<p>Les enfants croates rejoignent des clubs de voile et participent \u00e0 des cours d&#8217;optimist tout au long de la saison. Certains clubs de voile ouvrent leurs portes pendant l&#8217;\u00e9t\u00e9 et organisent des cours d&#8217;\u00e9t\u00e9 pour les enfants dans des cours d&#8217;optimist \u00e0 des prix tr\u00e8s abordables. Ces cours durent g\u00e9n\u00e9ralement quelques heures par jour et les moniteurs de voile ne sont pas responsables des \u00e9l\u00e8ves en dehors des heures de cours. Les clubs de voile ayant leurs propres r\u00e8gles, Ultra Sailing ne peut pas aider \u00e0 organiser les programmes pour les enfants. Nous vous conseillons de contacter directement les clubs de voile locaux pour plus d&#8217;informations.<\/p>\n\t\t<\/div>\n\t<\/div>\n<\/div><div class=\"c-collapse js-collapse\">\n\t<button class=\"c-collapse__toggle js-collapse-toggle\">\n\t\t<h2 class=\"c-collapse__heading\">Puis-je participer \u00e0 une r\u00e9gate?<\/h2>\n\t\t<div class=\"c-collapse__icon\">\n\t\t\t<svg class=\"o-icon u-stroke-2\"><use xmlns:xlink=\"http:\/\/www.w3.org\/1999\/xlink\" xlink:href=\"https:\/\/ultra-sailing.hr\/wp-content\/themes\/ultra-sailing\/assets\/sprite\/icons.svg#icon-chevron-down\"><\/use><\/svg>\t\t<\/div>\n\t<\/button>\n\t<div class=\"c-collapse__main js-collapse-main\">\n\t\t<div class=\"c-content-scope\">\n\t\t\t<p>Nous organisons des r\u00e9gates de voile, mais seuls les marins ayant suivi l&#8217;un de nos cours de voile ou pouvant d\u00e9montrer une exp\u00e9rience pr\u00e9alable suffisante sont \u00e9ligibles pour nous rejoindre pour une r\u00e9gate.<\/p>\n\t\t<\/div>\n\t<\/div>\n<\/div><div class=\"c-collapse js-collapse\">\n\t<button class=\"c-collapse__toggle js-collapse-toggle\">\n\t\t<h2 class=\"c-collapse__heading\">Recommandez-vous des ouvrages sur la voile?<\/h2>\n\t\t<div class=\"c-collapse__icon\">\n\t\t\t<svg class=\"o-icon u-stroke-2\"><use xmlns:xlink=\"http:\/\/www.w3.org\/1999\/xlink\" xlink:href=\"https:\/\/ultra-sailing.hr\/wp-content\/themes\/ultra-sailing\/assets\/sprite\/icons.svg#icon-chevron-down\"><\/use><\/svg>\t\t<\/div>\n\t<\/button>\n\t<div class=\"c-collapse__main js-collapse-main\">\n\t\t<div class=\"c-content-scope\">\n\t\t\t<p><span class=\"HwtZe\" lang=\"fr\"><span class=\"jCAhz ChMk0b\"><span class=\"ryNqvb\">Nous recommandons le livre de navigation de notre fondateur, \u00ab Nautical Skills \u00bb, qui est une r\u00e9f\u00e9rence en Croatie.<\/span><\/span> <span class=\"jCAhz ChMk0b\"><span class=\"ryNqvb\">Il est offert en cadeau \u00e0 nos \u00e9tudiants Day Skipper.<\/span><\/span> <span class=\"jCAhz ChMk0b\"><span class=\"ryNqvb\">Le livre est disponible en anglais et en croate et peut \u00eatre command\u00e9 s\u00e9par\u00e9ment m\u00eame si vous ne participez pas \u00e0 l\u2019un de nos cours de voile.<\/span><\/span> <span class=\"jCAhz ChMk0b\"><span class=\"ryNqvb\">De plus, l\u2019ISPA propose une formation en ligne sur la voile, avec certains modules accessibles gratuitement:<\/span><\/span><\/span> <a href=\"https:\/\/www.ispa.eu\/\" target=\"_new\" rel=\"noopener nofollow\">International Sail and Power Academy | ISPA<\/a>.<\/p>\n\t\t<\/div>\n\t<\/div>\n<\/div><div class=\"c-collapse js-collapse\">\n\t<button class=\"c-collapse__toggle js-collapse-toggle\">\n\t\t<h2 class=\"c-collapse__heading\">La nourriture est-elle fournie pendant les cours?<\/h2>\n\t\t<div class=\"c-collapse__icon\">\n\t\t\t<svg class=\"o-icon u-stroke-2\"><use xmlns:xlink=\"http:\/\/www.w3.org\/1999\/xlink\" xlink:href=\"https:\/\/ultra-sailing.hr\/wp-content\/themes\/ultra-sailing\/assets\/sprite\/icons.svg#icon-chevron-down\"><\/use><\/svg>\t\t<\/div>\n\t<\/button>\n\t<div class=\"c-collapse__main js-collapse-main\">\n\t\t<div class=\"c-content-scope\">\n\t\t\t<p>Les participants partagent les frais de pr\u00e9paration des repas pendant les cours. Ils fournissent \u00e9galement la nourriture de l&#8217;instructeur. Pour les cours \u00e0 bord, les participants acceptent souvent de d\u00eener dans des restaurants locaux sur les \u00eeles.<\/p>\n\t\t<\/div>\n\t<\/div>\n<\/div><\/div>","protected":false},"excerpt":{"rendered":"","protected":false},"author":3,"featured_media":0,"parent":4248,"menu_order":0,"comment_status":"closed","ping_status":"closed","template":"","meta":{"_acf_changed":false,"footnotes":""},"class_list":["post-4249","page","type-page","status-publish","hentry"],"acf":[],"_links":{"self":[{"href":"https:\/\/ultra-sailing.hr\/fr\/wp-json\/wp\/v2\/pages\/4249","targetHints":{"allow":["GET"]}}],"collection":[{"href":"https:\/\/ultra-sailing.hr\/fr\/wp-json\/wp\/v2\/pages"}],"about":[{"href":"https:\/\/ultra-sailing.hr\/fr\/wp-json\/wp\/v2\/types\/page"}],"author":[{"embeddable":true,"href":"https:\/\/ultra-sailing.hr\/fr\/wp-json\/wp\/v2\/users\/3"}],"replies":[{"embeddable":true,"href":"https:\/\/ultra-sailing.hr\/fr\/wp-json\/wp\/v2\/comments?post=4249"}],"version-history":[{"count":4,"href":"https:\/\/ultra-sailing.hr\/fr\/wp-json\/wp\/v2\/pages\/4249\/revisions"}],"predecessor-version":[{"id":4990,"href":"https:\/\/ultra-sailing.hr\/fr\/wp-json\/wp\/v2\/pages\/4249\/revisions\/4990"}],"up":[{"embeddable":true,"href":"https:\/\/ultra-sailing.hr\/fr\/wp-json\/wp\/v2\/pages\/4248"}],"wp:attachment":[{"href":"https:\/\/ultra-sailing.hr\/fr\/wp-json\/wp\/v2\/media?parent=4249"}],"curies":[{"name":"wp","href":"https:\/\/api.w.org\/{rel}","templated":true}]}}