{"id":4254,"date":"2024-03-10T18:20:26","date_gmt":"2024-03-10T17:20:26","guid":{"rendered":"https:\/\/ultra-sailing.hr\/dev-wordpress\/ecole-de-voile\/ecole-de-voile-ultra-en-croatie\/"},"modified":"2025-05-29T07:55:12","modified_gmt":"2025-05-29T06:55:12","slug":"ecole-de-voile-ultra-croatie","status":"publish","type":"page","link":"https:\/\/ultra-sailing.hr\/fr\/ecole-de-voile-ultra-croatie\/","title":{"rendered":"ULTRA Ecole de voile en Croatie"},"content":{"rendered":"\n<p>La meilleure fa\u00e7on de passer vos vacances en Croatie est de combiner d\u00e9tente et aventure, et participer \u00e0 l&#8217;un de nos cours de voile \u00e0 Split offre exactement cela.<\/p>\n\n\n\n<p>Avec Ultra Sailing School, vous apprendrez non seulement les fondamentaux de la voile, mais vous explorerez \u00e9galement tous les aspects de ce sport passionnant avec les conseils de nos instructeurs exp\u00e9riment\u00e9s. Rejoignez-nous et mettez le cap vers de nouveaux horizons!  <\/p>\n\n\n\n<p>Notre objectif est de proposer un programme complet combinant th\u00e9orie et pratique, permettant \u00e0 nos \u00e9l\u00e8ves de naviguer de mani\u00e8re autonome. Apr\u00e8s avoir r\u00e9ussi l&#8217;examen, vous recevrez une licence de l&#8217;ISPA (International Sailing and Power Academy), officiellement reconnue par le minist\u00e8re de la Mer, des Transports et des Infrastructures de la R\u00e9publique de Croatie, vous autorisant \u00e0 naviguer en autonomie.<\/p>\n\n\n\t\t<div class=\"c-nav-card-group\">\n\t\t\t\n<a href=\"https:\/\/ultra-sailing.hr\/course\/basic-sailing-course\/\" class=\"c-nav-card\" target=\"_blank\">\n\t<img loading=\"lazy\" decoding=\"async\" width=\"680\" height=\"320\" src=\"https:\/\/ultra-sailing.hr\/wp-content\/uploads\/2024\/03\/competent-crew-course-theory-smaite-dracon-680x320.jpg\" class=\"attachment-680x320 size-680x320\" alt=\"\" \/>\t<div class=\"c-nav-card__main\">\n\t\t<p class=\"c-nav-card__title\">ISPA Competent Crew<\/p>\n\t\t<p class=\"c-nav-card__subtitle\">Le cours de voile Competent Crew  (\u00e9quipier comp\u00e9tent) est le premier et le niveau le plus crucial. Il vise \u00e0 acqu\u00e9rir de bonnes bases de navigation, fondements pour la suite de votre apprentissage. Pendant notre cours\u2026<\/p>\n\t\t<div class=\"c-nav-card__icon\">\n\t\t\t<svg class=\"o-icon u-stroke-2\"><use xmlns:xlink=\"http:\/\/www.w3.org\/1999\/xlink\" xlink:href=\"https:\/\/ultra-sailing.hr\/wp-content\/themes\/ultra-sailing\/assets\/sprite\/icons.svg#icon-chevron-right\"><\/use><\/svg>\t\t<\/div>\n\t<\/div>\n<\/a>\n<a href=\"https:\/\/ultra-sailing.hr\/course\/ispa-day-skipper\/\" class=\"c-nav-card\" target=\"_blank\">\n\t<img loading=\"lazy\" decoding=\"async\" width=\"680\" height=\"320\" src=\"https:\/\/ultra-sailing.hr\/wp-content\/uploads\/2024\/03\/day-skipper-course-automn-slovro-sugic-680x320.jpg\" class=\"attachment-680x320 size-680x320\" alt=\"Croatia sailing course programs\" \/>\t<div class=\"c-nav-card__main\">\n\t\t<p class=\"c-nav-card__title\">ISPA Day Skipper<\/p>\n\t\t<p class=\"c-nav-card__subtitle\">Le cours ISPA Day Skipper est le deuxi\u00e8me niveau. Vous apprendrez \u00e0 piloter un voilier dans des conditions douces. \u00c0 l&#039;issue de ce cours, vous obtiendrez \u00e9galement un permis bateau valide&#8230;<\/p>\n\t\t<div class=\"c-nav-card__icon\">\n\t\t\t<svg class=\"o-icon u-stroke-2\"><use xmlns:xlink=\"http:\/\/www.w3.org\/1999\/xlink\" xlink:href=\"https:\/\/ultra-sailing.hr\/wp-content\/themes\/ultra-sailing\/assets\/sprite\/icons.svg#icon-chevron-right\"><\/use><\/svg>\t\t<\/div>\n\t<\/div>\n<\/a>\n<a href=\"https:\/\/ultra-sailing.hr\/course\/ispa-coastal-navigator\/\" class=\"c-nav-card\" target=\"_blank\">\n\t<img loading=\"lazy\" decoding=\"async\" width=\"680\" height=\"320\" src=\"https:\/\/ultra-sailing.hr\/wp-content\/uploads\/2024\/05\/Coastal_Navigator_UltraSailingSchoolCroatia-680x320.jpg\" class=\"attachment-680x320 size-680x320\" alt=\"Croatia sailing course programs\" \/>\t<div class=\"c-nav-card__main\">\n\t\t<p class=\"c-nav-card__title\">ISPA Coastal Navigator<\/p>\n\t\t<p class=\"c-nav-card__subtitle\">Apr\u00e8s le cours Day skipper, ce programme s&#039;adresse \u00e0 ceux qui souhaitent am\u00e9liorer leurs comp\u00e9tences et apprendre \u00e0 aborder des navigation plus difficile, ce programme de cours vous fournira&#8230;<\/p>\n\t\t<div class=\"c-nav-card__icon\">\n\t\t\t<svg class=\"o-icon u-stroke-2\"><use xmlns:xlink=\"http:\/\/www.w3.org\/1999\/xlink\" xlink:href=\"https:\/\/ultra-sailing.hr\/wp-content\/themes\/ultra-sailing\/assets\/sprite\/icons.svg#icon-chevron-right\"><\/use><\/svg>\t\t<\/div>\n\t<\/div>\n<\/a>\n<a href=\"https:\/\/ultra-sailing.hr\/course\/coastal-skipper\/\" class=\"c-nav-card\" target=\"_blank\">\n\t<img loading=\"lazy\" decoding=\"async\" width=\"680\" height=\"320\" src=\"https:\/\/ultra-sailing.hr\/wp-content\/uploads\/2024\/03\/20250114_151631566_iOS-680x320.jpg\" class=\"attachment-680x320 size-680x320\" alt=\"\" \/>\t<div class=\"c-nav-card__main\">\n\t\t<p class=\"c-nav-card__title\">ISPA Coastal Skipper<\/p>\n\t\t<p class=\"c-nav-card__subtitle\">Le cours ISPA de skipper c\u00f4tier est le dernier niveau de certification disponible en mer Adriatique. Il vous pr\u00e9pare \u00e0 la location de bateau \u00e0 l&#039;international, le long des c\u00f4tes oc\u00e9aniques. Si vous envisagez\u2026<\/p>\n\t\t<div class=\"c-nav-card__icon\">\n\t\t\t<svg class=\"o-icon u-stroke-2\"><use xmlns:xlink=\"http:\/\/www.w3.org\/1999\/xlink\" xlink:href=\"https:\/\/ultra-sailing.hr\/wp-content\/themes\/ultra-sailing\/assets\/sprite\/icons.svg#icon-chevron-right\"><\/use><\/svg>\t\t<\/div>\n\t<\/div>\n<\/a>\n<a href=\"https:\/\/ultra-sailing.hr\/family-sailing-program\/\" class=\"c-nav-card\" target=\"_blank\">\n\t<img loading=\"lazy\" decoding=\"async\" width=\"680\" height=\"320\" src=\"https:\/\/ultra-sailing.hr\/wp-content\/uploads\/2024\/05\/Family_Sailing_course_ultra-680x320.jpeg\" class=\"attachment-680x320 size-680x320\" alt=\"\" \/>\t<div class=\"c-nav-card__main\">\n\t\t<p class=\"c-nav-card__title\">Cours de navigation familiale<\/p>\n\t\t<p class=\"c-nav-card__subtitle\">Le cours familial est le programme id\u00e9al pour une premi\u00e8re exp\u00e9rience de voile en famille our pour un coaching prive pendant que votre famille se relaxe. Vous naviguerez sur des voiliers confortables et spacieux&#8230;  <\/p>\n\t\t<div class=\"c-nav-card__icon\">\n\t\t\t<svg class=\"o-icon u-stroke-2\"><use xmlns:xlink=\"http:\/\/www.w3.org\/1999\/xlink\" xlink:href=\"https:\/\/ultra-sailing.hr\/wp-content\/themes\/ultra-sailing\/assets\/sprite\/icons.svg#icon-chevron-right\"><\/use><\/svg>\t\t<\/div>\n\t<\/div>\n<\/a>\n<a href=\"https:\/\/ultra-sailing.hr\/sailing-school\/catamaran-training-croatia\/\" class=\"c-nav-card\" target=\"_blank\">\n\t<img loading=\"lazy\" decoding=\"async\" width=\"680\" height=\"320\" src=\"https:\/\/ultra-sailing.hr\/wp-content\/uploads\/2024\/05\/Catamaran_Training_Nautitech44-680x320.jpg\" class=\"attachment-680x320 size-680x320\" alt=\"\" \/>\t<div class=\"c-nav-card__main\">\n\t\t<p class=\"c-nav-card__title\">Cours de voile en catamaran<\/p>\n\t\t<p class=\"c-nav-card__subtitle\">Au printemps et \u00e0 l&#039;automne, nous proposons des cours de conversion a la pratique du catamaran pour les skippers de monocoque. Au d\u00e9part de la marina Baoti\u0107, pr\u00e8s de l&#039;aeroport international de Split&#8230;<\/p>\n\t\t<div class=\"c-nav-card__icon\">\n\t\t\t<svg class=\"o-icon u-stroke-2\"><use xmlns:xlink=\"http:\/\/www.w3.org\/1999\/xlink\" xlink:href=\"https:\/\/ultra-sailing.hr\/wp-content\/themes\/ultra-sailing\/assets\/sprite\/icons.svg#icon-chevron-right\"><\/use><\/svg>\t\t<\/div>\n\t<\/div>\n<\/a>\t\t<\/div>\n\n\n\n<p>Pour ceux qui en veulent plus, nous pouvons proposer la participation \u00e0 des <a href=\"https:\/\/ultra-sailing.hr\/fr\/ecole-de-voile-regates-croatie\/\">r\u00e9gates <\/a>avec des marins professionnels: R\u00e9gate de Mrduja, R\u00e9gate de Vi\u0161ka, R\u00e9gate de Pai\u0161ka, R\u00e9gate de Jabuka, R\u00e9gate de No\u00ebl&#8230;<\/p>\n\n\n\n<p>Rejoignez-nous pour devenir un marin respectueux de la mer et se lancer dans des aventures de voile ind\u00e9pendantes. Nos cours offrent des opportunit\u00e9s de se connecter avec d&#8217;autres personnes qui partagent votre enthousiasme pour la voile. Si vous recherchez un d\u00e9fi, de la motivation et une chance de socialiser et de vous divertir, nous sommes l\u00e0 pour vous. Avec pr\u00e8s de trois d\u00e9cennies d&#8217;exp\u00e9rience, nous avons h\u00e2te de naviguer avec vous!    <\/p>\n\n\n\n<figure class=\"wp-block-embed aligncenter is-type-video is-provider-youtube wp-block-embed-youtube wp-embed-aspect-16-9 wp-has-aspect-ratio\"><div class=\"wp-block-embed__wrapper\">\n<iframe loading=\"lazy\" title=\"Learn to Sail in Croatia - Ultra Sailing School\" width=\"640\" height=\"360\" src=\"https:\/\/www.youtube.com\/embed\/ZDqpz3-XJOY?feature=oembed\" frameborder=\"0\" allow=\"accelerometer; autoplay; clipboard-write; encrypted-media; gyroscope; picture-in-picture; web-share\" referrerpolicy=\"strict-origin-when-cross-origin\" allowfullscreen><\/iframe>\n<\/div><\/figure>\n\n\n\n<h2 class=\"wp-block-heading has-text-align-left\">Licences de navigation ISPA<\/h2>\n\n\n\n<p>L&#8217;\u00e9cole de voile Ultra est un centre de formation \u00e0 la voile agr\u00e9\u00e9 ISPA et propose des cours de voile avec des certificats valables en Croatie et dans le monde:<br>Competent Crew Sail <br>Day Skipper Sail<br>Coastal Navigator Sail<br>Coastal Skipper Sail<\/p>\n\n\n<div class=\"wp-block-image\">\n<figure class=\"aligncenter size-full\"><img loading=\"lazy\" decoding=\"async\" width=\"950\" height=\"605\" src=\"https:\/\/ultra-sailing.hr\/wp-content\/uploads\/2024\/05\/ISPA-certificate-Card-Sample.png\" alt=\"\" class=\"wp-image-1170\" srcset=\"https:\/\/ultra-sailing.hr\/wp-content\/uploads\/2024\/05\/ISPA-certificate-Card-Sample.png 950w, https:\/\/ultra-sailing.hr\/wp-content\/uploads\/2024\/05\/ISPA-certificate-Card-Sample-300x191.png 300w, https:\/\/ultra-sailing.hr\/wp-content\/uploads\/2024\/05\/ISPA-certificate-Card-Sample-768x489.png 768w\" sizes=\"auto, (max-width: 950px) 100vw, 950px\" \/><\/figure>\n<\/div>\n\n\n<p>Chaque cours comprend \u00e0 la fois des cours magistraux et des exercices pratiques en mer. L&#8217;International Sail and Power Academy Inc. (ISPA), bas\u00e9e \u00e0 Vancouver, au Canada, d\u00e9livre depuis 1994 des licences compl\u00e8tes et reconnues \u00e0 l&#8217;\u00e9chelle internationale, allant du niveau Competent Crew au Yacht Master. Les licences ISPA sont accept\u00e9es dans le monde entier, ce qui vous permet de louer un voilier en Croatie et au-del\u00e0.  <\/p>\n","protected":false},"excerpt":{"rendered":"<p>La meilleure fa\u00e7on de passer vos vacances en Croatie est de combiner d\u00e9tente et aventure, et participer \u00e0 l&#8217;un de nos cours de voile \u00e0 Split offre exactement cela. Avec Ultra Sailing School, vous apprendrez non seulement les fondamentaux de la voile, mais vous explorerez \u00e9galement tous les aspects de ce sport passionnant avec les [&hellip;]<\/p>\n","protected":false},"author":3,"featured_media":0,"parent":0,"menu_order":0,"comment_status":"closed","ping_status":"closed","template":"","meta":{"_acf_changed":false,"footnotes":""},"class_list":["post-4254","page","type-page","status-publish","hentry"],"acf":[],"_links":{"self":[{"href":"https:\/\/ultra-sailing.hr\/fr\/wp-json\/wp\/v2\/pages\/4254","targetHints":{"allow":["GET"]}}],"collection":[{"href":"https:\/\/ultra-sailing.hr\/fr\/wp-json\/wp\/v2\/pages"}],"about":[{"href":"https:\/\/ultra-sailing.hr\/fr\/wp-json\/wp\/v2\/types\/page"}],"author":[{"embeddable":true,"href":"https:\/\/ultra-sailing.hr\/fr\/wp-json\/wp\/v2\/users\/3"}],"replies":[{"embeddable":true,"href":"https:\/\/ultra-sailing.hr\/fr\/wp-json\/wp\/v2\/comments?post=4254"}],"version-history":[{"count":9,"href":"https:\/\/ultra-sailing.hr\/fr\/wp-json\/wp\/v2\/pages\/4254\/revisions"}],"predecessor-version":[{"id":5083,"href":"https:\/\/ultra-sailing.hr\/fr\/wp-json\/wp\/v2\/pages\/4254\/revisions\/5083"}],"wp:attachment":[{"href":"https:\/\/ultra-sailing.hr\/fr\/wp-json\/wp\/v2\/media?parent=4254"}],"curies":[{"name":"wp","href":"https:\/\/api.w.org\/{rel}","templated":true}]}}