{"id":4258,"date":"2024-03-04T08:23:19","date_gmt":"2024-03-04T07:23:19","guid":{"rendered":"https:\/\/ultra-sailing.hr\/dev-wordpress\/ecole-de-voile\/tarifs-de-lecole-de-voile-ultra\/"},"modified":"2025-06-06T14:50:19","modified_gmt":"2025-06-06T13:50:19","slug":"tarifs-et-cours-croatie","status":"publish","type":"page","link":"https:\/\/ultra-sailing.hr\/fr\/tarifs-et-cours-croatie\/","title":{"rendered":"Tarifs de l&#8217;\u00e9cole de voile Ultra"},"content":{"rendered":"\n<h1 class=\"wp-block-heading\">Disponibilit\u00e9 et tarifs des cours<\/h1>\n\n\n\n<p>Tous nos cours se d\u00e9roulent en anglais. Nous vous invitons a consulter le detail des cours et les dates disponibles sur la version anglaise de notre site ici : <a href=\"https:\/\/ultra-sailing.hr\/fr\/tarifs-et-cours-croatie\/\">Ultra sailing school Croatia &#8211; prices and sailing courses<\/a><\/p>\n\n\n\n<div class=\"c-notification u-mb-2 u-block u-hidden@sm\">\n\t<p>Vous pouvez glisser horizontalement \u00e0 l&#039;int\u00e9rieur du tableau pour voir plus d&#039;informations.Vous pouvez faire glisser horizontalement \u00e0 l&#039;int\u00e9rieur du tableau pour voir plus d&#039;informations.<\/p>\n<\/div>\n<div class=\"c-data-table\">\n\t<div class=\"c-data-table__inner\">\n\t\t<table>\n\t\t\t<thead>\n\t\t\t\t<tr>\n\t\t\t\t\t<th class=\"c-data-table__align-start c-data-table__fixed-column\"><span>Cours<\/span><\/th>\n\t\t\t\t\t<th class=\"c-data-table__align-end\">Terme<\/th>\n\t\t\t\t\t<th class=\"c-data-table__align-end\">Prix (Per personne)<\/th>\n\t\t\t\t\t<th class=\"c-data-table__align-end\">Status<\/th>\n\t\t\t\t<\/tr>\n\t\t\t<\/thead>\n\t\t\t<tbody>\n\t\t\t\t\t\t\t\t\t<tr>\n\t\t\t\t\t\t<td class=\"c-data-table__align-start c-data-table__fixed-column u-text-gray-400\"><span><a href=\"https:\/\/ultra-sailing.hr\/fr\/course\/ispa-competent-crew\/\" class=\"c-link-reset\"><strong class=\"u-text-gray-400\">ISPA Competent Crew<\/strong><\/a><br \/>jours<\/span><\/td>\n\t\t\t\t\t\t<td class=\"c-data-table__align-end u-text-gray-400\">De 04.04.2026.<br \/> \u00e0 09.04.2026.<\/td>\n\t\t\t\t\t\t<td class=\"c-data-table__align-end\">\n\t\t\t\t\t\t\t\t\t\t\t\t\t\t\t<code class=\"u-text-gray-600\">\n\t\t\t\t\t\t\t\t\t890.00\u20ac\t\t\t\t\t\t\t\t<\/code>\n\t\t\t\t\t\t\t\t\t\t\t\t\t\t\t\t\t\t\t\t\t<\/td>\n\t\t\t\t\t\t<td class=\"c-data-table__align-end\">\n\t\t\t\t\t\t\t\t\t\t\t\t\t\t\t<span class=\"c-badge c-badge--grayscale c-badge--sm c-badge--no-hover\">Termin\u00e9<\/span>\n\t\t\t\t\t\t\t\t\t\t\t\t\t<\/td>\n\t\t\t\t\t<\/tr>\n\t\t\t\t\t\t\t\t\t<tr>\n\t\t\t\t\t\t<td class=\"c-data-table__align-start c-data-table__fixed-column u-text-gray-400\"><span><a href=\"https:\/\/ultra-sailing.hr\/fr\/course\/ispa-day-skipper\/\" class=\"c-link-reset\"><strong class=\"u-text-gray-400\">ISPA Day Skipper<\/strong><\/a><br \/>jours<\/span><\/td>\n\t\t\t\t\t\t<td class=\"c-data-table__align-end u-text-gray-400\">De 04.04.2026.<br \/> \u00e0 09.04.2026.<\/td>\n\t\t\t\t\t\t<td class=\"c-data-table__align-end\">\n\t\t\t\t\t\t\t\t\t\t\t\t\t\t\t<code class=\"u-text-gray-600\">\n\t\t\t\t\t\t\t\t\t890.00\u20ac\t\t\t\t\t\t\t\t<\/code>\n\t\t\t\t\t\t\t\t\t\t\t\t\t\t\t\t\t\t\t\t\t<\/td>\n\t\t\t\t\t\t<td class=\"c-data-table__align-end\">\n\t\t\t\t\t\t\t\t\t\t\t\t\t\t\t<span class=\"c-badge c-badge--grayscale c-badge--sm c-badge--no-hover\">Termin\u00e9<\/span>\n\t\t\t\t\t\t\t\t\t\t\t\t\t<\/td>\n\t\t\t\t\t<\/tr>\n\t\t\t\t\t\t\t\t\t<tr>\n\t\t\t\t\t\t<td class=\"c-data-table__align-start c-data-table__fixed-column u-text-gray-400\"><span><a href=\"https:\/\/ultra-sailing.hr\/fr\/course\/ispa-competent-crew\/\" class=\"c-link-reset\"><strong class=\"u-text-gray-400\">ISPA Competent Crew<\/strong><\/a><br \/>jours<\/span><\/td>\n\t\t\t\t\t\t<td class=\"c-data-table__align-end u-text-gray-400\">De 18.04.2026.<br \/> \u00e0 23.04.2026.<\/td>\n\t\t\t\t\t\t<td class=\"c-data-table__align-end\">\n\t\t\t\t\t\t\t\t\t\t\t\t\t\t\t<code class=\"u-text-gray-600\">\n\t\t\t\t\t\t\t\t\t890.00\u20ac\t\t\t\t\t\t\t\t<\/code>\n\t\t\t\t\t\t\t\t\t\t\t\t\t\t\t\t\t\t\t\t\t<\/td>\n\t\t\t\t\t\t<td class=\"c-data-table__align-end\">\n\t\t\t\t\t\t\t\t\t\t\t\t\t\t\t<span class=\"c-badge c-badge--grayscale c-badge--sm c-badge--no-hover\">Termin\u00e9<\/span>\n\t\t\t\t\t\t\t\t\t\t\t\t\t<\/td>\n\t\t\t\t\t<\/tr>\n\t\t\t\t\t\t\t\t\t<tr>\n\t\t\t\t\t\t<td class=\"c-data-table__align-start c-data-table__fixed-column u-text-gray-400\"><span><a href=\"https:\/\/ultra-sailing.hr\/fr\/course\/ispa-day-skipper\/\" class=\"c-link-reset\"><strong class=\"u-text-gray-400\">ISPA Day Skipper<\/strong><\/a><br \/>jours<\/span><\/td>\n\t\t\t\t\t\t<td class=\"c-data-table__align-end u-text-gray-400\">De 18.04.2026.<br \/> \u00e0 23.04.2026.<\/td>\n\t\t\t\t\t\t<td class=\"c-data-table__align-end\">\n\t\t\t\t\t\t\t\t\t\t\t\t\t\t\t<code class=\"u-text-gray-600\">\n\t\t\t\t\t\t\t\t\t890.00\u20ac\t\t\t\t\t\t\t\t<\/code>\n\t\t\t\t\t\t\t\t\t\t\t\t\t\t\t\t\t\t\t\t\t<\/td>\n\t\t\t\t\t\t<td class=\"c-data-table__align-end\">\n\t\t\t\t\t\t\t\t\t\t\t\t\t\t\t<span class=\"c-badge c-badge--grayscale c-badge--sm c-badge--no-hover\">Termin\u00e9<\/span>\n\t\t\t\t\t\t\t\t\t\t\t\t\t<\/td>\n\t\t\t\t\t<\/tr>\n\t\t\t\t\t\t\t\t\t<tr>\n\t\t\t\t\t\t<td class=\"c-data-table__align-start c-data-table__fixed-column \"><span><a href=\"https:\/\/ultra-sailing.hr\/fr\/course\/ispa-coastal-navigator\/\" class=\"c-link-reset\"><strong class=\"\">ISPA Coastal Navigator<\/strong><\/a><br \/>jours<\/span><\/td>\n\t\t\t\t\t\t<td class=\"c-data-table__align-end \">De 25.04.2026.<br \/> \u00e0 30.04.2026.<\/td>\n\t\t\t\t\t\t<td class=\"c-data-table__align-end\">\n\t\t\t\t\t\t\t\t\t\t\t\t\t\t\t<code class=\"u-text-gray-600\">\n\t\t\t\t\t\t\t\t\t1,190.00\u20ac\t\t\t\t\t\t\t\t<\/code>\n\t\t\t\t\t\t\t\t\t\t\t\t\t\t\t\t\t\t\t\t\t<\/td>\n\t\t\t\t\t\t<td class=\"c-data-table__align-end\">\n\t\t\t\t\t\t\t\t\t\t\t\t\t\t\t<span class=\"c-badge c-badge--grayscale c-badge--sm c-badge--no-hover\">\u00c9puis\u00e9<\/span>\n\t\t\t\t\t\t\t\t\t\t\t\t\t<\/td>\n\t\t\t\t\t<\/tr>\n\t\t\t\t\t\t\t\t\t<tr>\n\t\t\t\t\t\t<td class=\"c-data-table__align-start c-data-table__fixed-column \"><span><a href=\"https:\/\/ultra-sailing.hr\/fr\/course\/ispa-competent-crew\/\" class=\"c-link-reset\"><strong class=\"\">ISPA Competent Crew<\/strong><\/a><br \/>jours<\/span><\/td>\n\t\t\t\t\t\t<td class=\"c-data-table__align-end \">De 04.05.2026.<br \/> \u00e0 09.05.2026.<\/td>\n\t\t\t\t\t\t<td class=\"c-data-table__align-end\">\n\t\t\t\t\t\t\t\t\t\t\t\t\t\t\t<code class=\"u-text-gray-600\">\n\t\t\t\t\t\t\t\t\t841.50\u20ac\t\t\t\t\t\t\t\t<\/code>\n\t\t\t\t\t\t\t\t\t\t\t\t\t\t\t\t\t<br>\n\t\t\t\t\t\t\t\t\t<code class=\"u-text-gray-600 u-line-through u-text-xs\">\n\t\t\t\t\t\t\t\t\t\t990.00\u20ac\t\t\t\t\t\t\t\t\t<\/code>\n\t\t\t\t\t\t\t\t\t<br>\n\t\t\t\t\t\t\t\t\t<span class=\"u-font-bold u-text-primary u-text-xs\">\n\t\t\t\t\t\t\t\t\t\t15% de remise\t\t\t\t\t\t\t\t\t<\/span>\n\t\t\t\t\t\t\t\t\t\t\t\t\t\t\t\t\t\t\t\t\t<\/td>\n\t\t\t\t\t\t<td class=\"c-data-table__align-end\">\n\t\t\t\t\t\t\t\t\t\t\t\t\t\t\t<a href=\"https:\/\/ultra-sailing.hr\/fr\/contact\/?context=Demande de cours: ISPA Competent Crew - 04.05.2026.%0A\" class=\"c-badge c-badge--primary c-badge--sm c-badge--no-hover\">Derni\u00e8res places<\/a>\n\t\t\t\t\t\t\t\t\t\t\t\t\t<\/td>\n\t\t\t\t\t<\/tr>\n\t\t\t\t\t\t\t\t\t<tr>\n\t\t\t\t\t\t<td class=\"c-data-table__align-start c-data-table__fixed-column \"><span><a href=\"https:\/\/ultra-sailing.hr\/fr\/course\/ispa-day-skipper\/\" class=\"c-link-reset\"><strong class=\"\">ISPA Day Skipper<\/strong><\/a><br \/>jours<\/span><\/td>\n\t\t\t\t\t\t<td class=\"c-data-table__align-end \">De 10.05.2026.<br \/> \u00e0 15.05.2026.<\/td>\n\t\t\t\t\t\t<td class=\"c-data-table__align-end\">\n\t\t\t\t\t\t\t\t\t\t\t\t\t\t\t<code class=\"u-text-gray-600\">\n\t\t\t\t\t\t\t\t\t990.00\u20ac\t\t\t\t\t\t\t\t<\/code>\n\t\t\t\t\t\t\t\t\t\t\t\t\t\t\t\t\t\t\t\t\t<\/td>\n\t\t\t\t\t\t<td class=\"c-data-table__align-end\">\n\t\t\t\t\t\t\t\t\t\t\t\t\t\t\t<span class=\"c-badge c-badge--grayscale c-badge--sm c-badge--no-hover\">\u00c9puis\u00e9<\/span>\n\t\t\t\t\t\t\t\t\t\t\t\t\t<\/td>\n\t\t\t\t\t<\/tr>\n\t\t\t\t\t\t\t\t\t<tr>\n\t\t\t\t\t\t<td class=\"c-data-table__align-start c-data-table__fixed-column \"><span><a href=\"https:\/\/ultra-sailing.hr\/fr\/course\/ispa-competent-crew\/\" class=\"c-link-reset\"><strong class=\"\">ISPA Competent Crew<\/strong><\/a><br \/>jours<\/span><\/td>\n\t\t\t\t\t\t<td class=\"c-data-table__align-end \">De 23.05.2026.<br \/> \u00e0 28.05.2026.<\/td>\n\t\t\t\t\t\t<td class=\"c-data-table__align-end\">\n\t\t\t\t\t\t\t\t\t\t\t\t\t\t\t<code class=\"u-text-gray-600\">\n\t\t\t\t\t\t\t\t\t990.00\u20ac\t\t\t\t\t\t\t\t<\/code>\n\t\t\t\t\t\t\t\t\t\t\t\t\t\t\t\t\t\t\t\t\t<\/td>\n\t\t\t\t\t\t<td class=\"c-data-table__align-end\">\n\t\t\t\t\t\t\t\t\t\t\t\t\t\t\t<span class=\"c-badge c-badge--grayscale c-badge--sm c-badge--no-hover\">\u00c9puis\u00e9<\/span>\n\t\t\t\t\t\t\t\t\t\t\t\t\t<\/td>\n\t\t\t\t\t<\/tr>\n\t\t\t\t\t\t\t\t\t<tr>\n\t\t\t\t\t\t<td class=\"c-data-table__align-start c-data-table__fixed-column \"><span><a href=\"https:\/\/ultra-sailing.hr\/fr\/course\/ispa-day-skipper\/\" class=\"c-link-reset\"><strong class=\"\">ISPA Day Skipper<\/strong><\/a><br \/>jours<\/span><\/td>\n\t\t\t\t\t\t<td class=\"c-data-table__align-end \">De 23.05.2026.<br \/> \u00e0 28.05.2026.<\/td>\n\t\t\t\t\t\t<td class=\"c-data-table__align-end\">\n\t\t\t\t\t\t\t\t\t\t\t\t\t\t\t<code class=\"u-text-gray-600\">\n\t\t\t\t\t\t\t\t\t990.00\u20ac\t\t\t\t\t\t\t\t<\/code>\n\t\t\t\t\t\t\t\t\t\t\t\t\t\t\t\t\t\t\t\t\t<\/td>\n\t\t\t\t\t\t<td class=\"c-data-table__align-end\">\n\t\t\t\t\t\t\t\t\t\t\t\t\t\t\t<span class=\"c-badge c-badge--grayscale c-badge--sm c-badge--no-hover\">\u00c9puis\u00e9<\/span>\n\t\t\t\t\t\t\t\t\t\t\t\t\t<\/td>\n\t\t\t\t\t<\/tr>\n\t\t\t\t\t\t\t\t\t<tr>\n\t\t\t\t\t\t<td class=\"c-data-table__align-start c-data-table__fixed-column \"><span><a href=\"https:\/\/ultra-sailing.hr\/fr\/course\/ispa-competent-crew\/\" class=\"c-link-reset\"><strong class=\"\">ISPA Competent Crew<\/strong><\/a><br \/>jours<\/span><\/td>\n\t\t\t\t\t\t<td class=\"c-data-table__align-end \">De 24.05.2026.<br \/> \u00e0 29.05.2026.<\/td>\n\t\t\t\t\t\t<td class=\"c-data-table__align-end\">\n\t\t\t\t\t\t\t\t\t\t\t\t\t\t\t<code class=\"u-text-gray-600\">\n\t\t\t\t\t\t\t\t\t990.00\u20ac\t\t\t\t\t\t\t\t<\/code>\n\t\t\t\t\t\t\t\t\t\t\t\t\t\t\t\t\t\t\t\t\t<\/td>\n\t\t\t\t\t\t<td class=\"c-data-table__align-end\">\n\t\t\t\t\t\t\t\t\t\t\t\t\t\t\t<span class=\"c-badge c-badge--grayscale c-badge--sm c-badge--no-hover\">\u00c9puis\u00e9<\/span>\n\t\t\t\t\t\t\t\t\t\t\t\t\t<\/td>\n\t\t\t\t\t<\/tr>\n\t\t\t\t\t\t\t\t\t<tr>\n\t\t\t\t\t\t<td class=\"c-data-table__align-start c-data-table__fixed-column \"><span><a href=\"https:\/\/ultra-sailing.hr\/fr\/course\/ispa-competent-crew\/\" class=\"c-link-reset\"><strong class=\"\">ISPA Competent Crew<\/strong><\/a><br \/>jours<\/span><\/td>\n\t\t\t\t\t\t<td class=\"c-data-table__align-end \">De 13.06.2026.<br \/> \u00e0 18.06.2026.<\/td>\n\t\t\t\t\t\t<td class=\"c-data-table__align-end\">\n\t\t\t\t\t\t\t\t\t\t\t\t\t\t\t<code class=\"u-text-gray-600\">\n\t\t\t\t\t\t\t\t\t990.00\u20ac\t\t\t\t\t\t\t\t<\/code>\n\t\t\t\t\t\t\t\t\t\t\t\t\t\t\t\t\t\t\t\t\t<\/td>\n\t\t\t\t\t\t<td class=\"c-data-table__align-end\">\n\t\t\t\t\t\t\t\t\t\t\t\t\t\t\t<a href=\"https:\/\/ultra-sailing.hr\/fr\/contact\/?context=Demande de cours: ISPA Competent Crew - 13.06.2026.%0A\" class=\"c-badge c-badge--green c-badge--sm c-badge--no-hover\">Disponible<\/a>\n\t\t\t\t\t\t\t\t\t\t\t\t\t<\/td>\n\t\t\t\t\t<\/tr>\n\t\t\t\t\t\t\t\t\t<tr>\n\t\t\t\t\t\t<td class=\"c-data-table__align-start c-data-table__fixed-column \"><span><a href=\"https:\/\/ultra-sailing.hr\/fr\/course\/ispa-day-skipper\/\" class=\"c-link-reset\"><strong class=\"\">ISPA Day Skipper<\/strong><\/a><br \/>jours<\/span><\/td>\n\t\t\t\t\t\t<td class=\"c-data-table__align-end \">De 13.06.2026.<br \/> \u00e0 18.06.2026.<\/td>\n\t\t\t\t\t\t<td class=\"c-data-table__align-end\">\n\t\t\t\t\t\t\t\t\t\t\t\t\t\t\t<code class=\"u-text-gray-600\">\n\t\t\t\t\t\t\t\t\t990.00\u20ac\t\t\t\t\t\t\t\t<\/code>\n\t\t\t\t\t\t\t\t\t\t\t\t\t\t\t\t\t\t\t\t\t<\/td>\n\t\t\t\t\t\t<td class=\"c-data-table__align-end\">\n\t\t\t\t\t\t\t\t\t\t\t\t\t\t\t<a href=\"https:\/\/ultra-sailing.hr\/fr\/contact\/?context=Demande de cours: ISPA Day Skipper - 13.06.2026.%0A\" class=\"c-badge c-badge--green c-badge--sm c-badge--no-hover\">Disponible<\/a>\n\t\t\t\t\t\t\t\t\t\t\t\t\t<\/td>\n\t\t\t\t\t<\/tr>\n\t\t\t\t\t\t\t\t\t<tr>\n\t\t\t\t\t\t<td class=\"c-data-table__align-start c-data-table__fixed-column \"><span><a href=\"https:\/\/ultra-sailing.hr\/fr\/course\/ispa-competent-crew\/\" class=\"c-link-reset\"><strong class=\"\">ISPA Competent Crew<\/strong><\/a><br \/>jours<\/span><\/td>\n\t\t\t\t\t\t<td class=\"c-data-table__align-end \">De 27.06.2026.<br \/> \u00e0 02.07.2026.<\/td>\n\t\t\t\t\t\t<td class=\"c-data-table__align-end\">\n\t\t\t\t\t\t\t\t\t\t\t\t\t\t\t<code class=\"u-text-gray-600\">\n\t\t\t\t\t\t\t\t\t990.00\u20ac\t\t\t\t\t\t\t\t<\/code>\n\t\t\t\t\t\t\t\t\t\t\t\t\t\t\t\t\t\t\t\t\t<\/td>\n\t\t\t\t\t\t<td class=\"c-data-table__align-end\">\n\t\t\t\t\t\t\t\t\t\t\t\t\t\t\t<span class=\"c-badge c-badge--grayscale c-badge--sm c-badge--no-hover\">\u00c9puis\u00e9<\/span>\n\t\t\t\t\t\t\t\t\t\t\t\t\t<\/td>\n\t\t\t\t\t<\/tr>\n\t\t\t\t\t\t\t\t\t<tr>\n\t\t\t\t\t\t<td class=\"c-data-table__align-start c-data-table__fixed-column \"><span><a href=\"https:\/\/ultra-sailing.hr\/fr\/course\/ispa-day-skipper\/\" class=\"c-link-reset\"><strong class=\"\">ISPA Day Skipper<\/strong><\/a><br \/>jours<\/span><\/td>\n\t\t\t\t\t\t<td class=\"c-data-table__align-end \">De 27.06.2026.<br \/> \u00e0 02.07.2026.<\/td>\n\t\t\t\t\t\t<td class=\"c-data-table__align-end\">\n\t\t\t\t\t\t\t\t\t\t\t\t\t\t\t<code class=\"u-text-gray-600\">\n\t\t\t\t\t\t\t\t\t990.00\u20ac\t\t\t\t\t\t\t\t<\/code>\n\t\t\t\t\t\t\t\t\t\t\t\t\t\t\t\t\t\t\t\t\t<\/td>\n\t\t\t\t\t\t<td class=\"c-data-table__align-end\">\n\t\t\t\t\t\t\t\t\t\t\t\t\t\t\t<span class=\"c-badge c-badge--grayscale c-badge--sm c-badge--no-hover\">\u00c9puis\u00e9<\/span>\n\t\t\t\t\t\t\t\t\t\t\t\t\t<\/td>\n\t\t\t\t\t<\/tr>\n\t\t\t\t\t\t\t\t\t<tr>\n\t\t\t\t\t\t<td class=\"c-data-table__align-start c-data-table__fixed-column \"><span><a href=\"https:\/\/ultra-sailing.hr\/fr\/course\/ispa-day-skipper\/\" class=\"c-link-reset\"><strong class=\"\">ISPA Day Skipper<\/strong><\/a><br \/>jours<\/span><\/td>\n\t\t\t\t\t\t<td class=\"c-data-table__align-end \">De 04.07.2026.<br \/> \u00e0 09.07.2026.<\/td>\n\t\t\t\t\t\t<td class=\"c-data-table__align-end\">\n\t\t\t\t\t\t\t\t\t\t\t\t\t\t\t<code class=\"u-text-gray-600\">\n\t\t\t\t\t\t\t\t\t1,090.00\u20ac\t\t\t\t\t\t\t\t<\/code>\n\t\t\t\t\t\t\t\t\t\t\t\t\t\t\t\t\t\t\t\t\t<\/td>\n\t\t\t\t\t\t<td class=\"c-data-table__align-end\">\n\t\t\t\t\t\t\t\t\t\t\t\t\t\t\t<span class=\"c-badge c-badge--grayscale c-badge--sm c-badge--no-hover\">\u00c9puis\u00e9<\/span>\n\t\t\t\t\t\t\t\t\t\t\t\t\t<\/td>\n\t\t\t\t\t<\/tr>\n\t\t\t\t\t\t\t\t\t<tr>\n\t\t\t\t\t\t<td class=\"c-data-table__align-start c-data-table__fixed-column \"><span><a href=\"https:\/\/ultra-sailing.hr\/fr\/course\/ispa-competent-crew\/\" class=\"c-link-reset\"><strong class=\"\">ISPA Competent Crew<\/strong><\/a><br \/>jours<\/span><\/td>\n\t\t\t\t\t\t<td class=\"c-data-table__align-end \">De 18.07.2026.<br \/> \u00e0 23.07.2026.<\/td>\n\t\t\t\t\t\t<td class=\"c-data-table__align-end\">\n\t\t\t\t\t\t\t\t\t\t\t\t\t\t\t<code class=\"u-text-gray-600\">\n\t\t\t\t\t\t\t\t\t1,090.00\u20ac\t\t\t\t\t\t\t\t<\/code>\n\t\t\t\t\t\t\t\t\t\t\t\t\t\t\t\t\t\t\t\t\t<\/td>\n\t\t\t\t\t\t<td class=\"c-data-table__align-end\">\n\t\t\t\t\t\t\t\t\t\t\t\t\t\t\t<a href=\"https:\/\/ultra-sailing.hr\/fr\/contact\/?context=Demande de cours: ISPA Competent Crew - 18.07.2026.%0A\" class=\"c-badge c-badge--green c-badge--sm c-badge--no-hover\">Disponible<\/a>\n\t\t\t\t\t\t\t\t\t\t\t\t\t<\/td>\n\t\t\t\t\t<\/tr>\n\t\t\t\t\t\t\t\t\t<tr>\n\t\t\t\t\t\t<td class=\"c-data-table__align-start c-data-table__fixed-column \"><span><a href=\"https:\/\/ultra-sailing.hr\/fr\/course\/ispa-day-skipper\/\" class=\"c-link-reset\"><strong class=\"\">ISPA Day Skipper<\/strong><\/a><br \/>jours<\/span><\/td>\n\t\t\t\t\t\t<td class=\"c-data-table__align-end \">De 18.07.2026.<br \/> \u00e0 23.07.2026.<\/td>\n\t\t\t\t\t\t<td class=\"c-data-table__align-end\">\n\t\t\t\t\t\t\t\t\t\t\t\t\t\t\t<code class=\"u-text-gray-600\">\n\t\t\t\t\t\t\t\t\t1,090.00\u20ac\t\t\t\t\t\t\t\t<\/code>\n\t\t\t\t\t\t\t\t\t\t\t\t\t\t\t\t\t\t\t\t\t<\/td>\n\t\t\t\t\t\t<td class=\"c-data-table__align-end\">\n\t\t\t\t\t\t\t\t\t\t\t\t\t\t\t<a href=\"https:\/\/ultra-sailing.hr\/fr\/contact\/?context=Demande de cours: ISPA Day Skipper - 18.07.2026.%0A\" class=\"c-badge c-badge--green c-badge--sm c-badge--no-hover\">Disponible<\/a>\n\t\t\t\t\t\t\t\t\t\t\t\t\t<\/td>\n\t\t\t\t\t<\/tr>\n\t\t\t\t\t\t\t\t\t<tr>\n\t\t\t\t\t\t<td class=\"c-data-table__align-start c-data-table__fixed-column \"><span><a href=\"https:\/\/ultra-sailing.hr\/fr\/course\/ispa-competent-crew\/\" class=\"c-link-reset\"><strong class=\"\">ISPA Competent Crew<\/strong><\/a><br \/>jours<\/span><\/td>\n\t\t\t\t\t\t<td class=\"c-data-table__align-end \">De 22.08.2026.<br \/> \u00e0 27.08.2026.<\/td>\n\t\t\t\t\t\t<td class=\"c-data-table__align-end\">\n\t\t\t\t\t\t\t\t\t\t\t\t\t\t\t<code class=\"u-text-gray-600\">\n\t\t\t\t\t\t\t\t\t1,090.00\u20ac\t\t\t\t\t\t\t\t<\/code>\n\t\t\t\t\t\t\t\t\t\t\t\t\t\t\t\t\t\t\t\t\t<\/td>\n\t\t\t\t\t\t<td class=\"c-data-table__align-end\">\n\t\t\t\t\t\t\t\t\t\t\t\t\t\t\t<a href=\"https:\/\/ultra-sailing.hr\/fr\/contact\/?context=Demande de cours: ISPA Competent Crew - 22.08.2026.%0A\" class=\"c-badge c-badge--primary c-badge--sm c-badge--no-hover\">Derni\u00e8res places<\/a>\n\t\t\t\t\t\t\t\t\t\t\t\t\t<\/td>\n\t\t\t\t\t<\/tr>\n\t\t\t\t\t\t\t\t\t<tr>\n\t\t\t\t\t\t<td class=\"c-data-table__align-start c-data-table__fixed-column \"><span><a href=\"https:\/\/ultra-sailing.hr\/fr\/course\/ispa-day-skipper\/\" class=\"c-link-reset\"><strong class=\"\">ISPA Day Skipper<\/strong><\/a><br \/>jours<\/span><\/td>\n\t\t\t\t\t\t<td class=\"c-data-table__align-end \">De 28.08.2026.<br \/> \u00e0 02.09.2026.<\/td>\n\t\t\t\t\t\t<td class=\"c-data-table__align-end\">\n\t\t\t\t\t\t\t\t\t\t\t\t\t\t\t<code class=\"u-text-gray-600\">\n\t\t\t\t\t\t\t\t\t1,090.00\u20ac\t\t\t\t\t\t\t\t<\/code>\n\t\t\t\t\t\t\t\t\t\t\t\t\t\t\t\t\t\t\t\t\t<\/td>\n\t\t\t\t\t\t<td class=\"c-data-table__align-end\">\n\t\t\t\t\t\t\t\t\t\t\t\t\t\t\t<a href=\"https:\/\/ultra-sailing.hr\/fr\/contact\/?context=Demande de cours: ISPA Day Skipper - 28.08.2026.%0A\" class=\"c-badge c-badge--green c-badge--sm c-badge--no-hover\">Disponible<\/a>\n\t\t\t\t\t\t\t\t\t\t\t\t\t<\/td>\n\t\t\t\t\t<\/tr>\n\t\t\t\t\t\t\t\t\t<tr>\n\t\t\t\t\t\t<td class=\"c-data-table__align-start c-data-table__fixed-column \"><span><a href=\"https:\/\/ultra-sailing.hr\/fr\/course\/ispa-day-skipper\/\" class=\"c-link-reset\"><strong class=\"\">ISPA Day Skipper<\/strong><\/a><br \/>jours<\/span><\/td>\n\t\t\t\t\t\t<td class=\"c-data-table__align-end \">De 12.09.2026.<br \/> \u00e0 17.09.2026.<\/td>\n\t\t\t\t\t\t<td class=\"c-data-table__align-end\">\n\t\t\t\t\t\t\t\t\t\t\t\t\t\t\t<code class=\"u-text-gray-600\">\n\t\t\t\t\t\t\t\t\t990.00\u20ac\t\t\t\t\t\t\t\t<\/code>\n\t\t\t\t\t\t\t\t\t\t\t\t\t\t\t\t\t\t\t\t\t<\/td>\n\t\t\t\t\t\t<td class=\"c-data-table__align-end\">\n\t\t\t\t\t\t\t\t\t\t\t\t\t\t\t<a href=\"https:\/\/ultra-sailing.hr\/fr\/contact\/?context=Demande de cours: ISPA Day Skipper - 12.09.2026.%0A\" class=\"c-badge c-badge--green c-badge--sm c-badge--no-hover\">Disponible<\/a>\n\t\t\t\t\t\t\t\t\t\t\t\t\t<\/td>\n\t\t\t\t\t<\/tr>\n\t\t\t\t\t\t\t\t\t<tr>\n\t\t\t\t\t\t<td class=\"c-data-table__align-start c-data-table__fixed-column \"><span><a href=\"https:\/\/ultra-sailing.hr\/fr\/course\/ispa-competent-crew\/\" class=\"c-link-reset\"><strong class=\"\">ISPA Competent Crew<\/strong><\/a><br \/>jours<\/span><\/td>\n\t\t\t\t\t\t<td class=\"c-data-table__align-end \">De 19.09.2026.<br \/> \u00e0 24.09.2026.<\/td>\n\t\t\t\t\t\t<td class=\"c-data-table__align-end\">\n\t\t\t\t\t\t\t\t\t\t\t\t\t\t\t<code class=\"u-text-gray-600\">\n\t\t\t\t\t\t\t\t\t990.00\u20ac\t\t\t\t\t\t\t\t<\/code>\n\t\t\t\t\t\t\t\t\t\t\t\t\t\t\t\t\t\t\t\t\t<\/td>\n\t\t\t\t\t\t<td class=\"c-data-table__align-end\">\n\t\t\t\t\t\t\t\t\t\t\t\t\t\t\t<span class=\"c-badge c-badge--grayscale c-badge--sm c-badge--no-hover\">\u00c9puis\u00e9<\/span>\n\t\t\t\t\t\t\t\t\t\t\t\t\t<\/td>\n\t\t\t\t\t<\/tr>\n\t\t\t\t\t\t\t\t\t<tr>\n\t\t\t\t\t\t<td class=\"c-data-table__align-start c-data-table__fixed-column \"><span><a href=\"https:\/\/ultra-sailing.hr\/fr\/course\/ispa-competent-crew\/\" class=\"c-link-reset\"><strong class=\"\">ISPA Competent Crew<\/strong><\/a><br \/>jours<\/span><\/td>\n\t\t\t\t\t\t<td class=\"c-data-table__align-end \">De 03.10.2026.<br \/> \u00e0 08.10.2026.<\/td>\n\t\t\t\t\t\t<td class=\"c-data-table__align-end\">\n\t\t\t\t\t\t\t\t\t\t\t\t\t\t\t<code class=\"u-text-gray-600\">\n\t\t\t\t\t\t\t\t\t990.00\u20ac\t\t\t\t\t\t\t\t<\/code>\n\t\t\t\t\t\t\t\t\t\t\t\t\t\t\t\t\t\t\t\t\t<\/td>\n\t\t\t\t\t\t<td class=\"c-data-table__align-end\">\n\t\t\t\t\t\t\t\t\t\t\t\t\t\t\t<a href=\"https:\/\/ultra-sailing.hr\/fr\/contact\/?context=Demande de cours: ISPA Competent Crew - 03.10.2026.%0A\" class=\"c-badge c-badge--green c-badge--sm c-badge--no-hover\">Disponible<\/a>\n\t\t\t\t\t\t\t\t\t\t\t\t\t<\/td>\n\t\t\t\t\t<\/tr>\n\t\t\t\t\t\t\t\t\t<tr>\n\t\t\t\t\t\t<td class=\"c-data-table__align-start c-data-table__fixed-column \"><span><a href=\"https:\/\/ultra-sailing.hr\/fr\/course\/ispa-day-skipper\/\" class=\"c-link-reset\"><strong class=\"\">ISPA Day Skipper<\/strong><\/a><br \/>jours<\/span><\/td>\n\t\t\t\t\t\t<td class=\"c-data-table__align-end \">De 09.10.2026.<br \/> \u00e0 14.10.2026.<\/td>\n\t\t\t\t\t\t<td class=\"c-data-table__align-end\">\n\t\t\t\t\t\t\t\t\t\t\t\t\t\t\t<code class=\"u-text-gray-600\">\n\t\t\t\t\t\t\t\t\t890.00\u20ac\t\t\t\t\t\t\t\t<\/code>\n\t\t\t\t\t\t\t\t\t\t\t\t\t\t\t\t\t\t\t\t\t<\/td>\n\t\t\t\t\t\t<td class=\"c-data-table__align-end\">\n\t\t\t\t\t\t\t\t\t\t\t\t\t\t\t<a href=\"https:\/\/ultra-sailing.hr\/fr\/contact\/?context=Demande de cours: ISPA Day Skipper - 09.10.2026.%0A\" class=\"c-badge c-badge--green c-badge--sm c-badge--no-hover\">Disponible<\/a>\n\t\t\t\t\t\t\t\t\t\t\t\t\t<\/td>\n\t\t\t\t\t<\/tr>\n\t\t\t\t\t\t\t\t\t<tr>\n\t\t\t\t\t\t<td class=\"c-data-table__align-start c-data-table__fixed-column \"><span><a href=\"https:\/\/ultra-sailing.hr\/fr\/course\/ispa-competent-crew\/\" class=\"c-link-reset\"><strong class=\"\">ISPA Competent Crew<\/strong><\/a><br \/>jours<\/span><\/td>\n\t\t\t\t\t\t<td class=\"c-data-table__align-end \">De 27.10.2026.<br \/> \u00e0 01.11.2026.<\/td>\n\t\t\t\t\t\t<td class=\"c-data-table__align-end\">\n\t\t\t\t\t\t\t\t\t\t\t\t\t\t\t<code class=\"u-text-gray-600\">\n\t\t\t\t\t\t\t\t\t890.00\u20ac\t\t\t\t\t\t\t\t<\/code>\n\t\t\t\t\t\t\t\t\t\t\t\t\t\t\t\t\t\t\t\t\t<\/td>\n\t\t\t\t\t\t<td class=\"c-data-table__align-end\">\n\t\t\t\t\t\t\t\t\t\t\t\t\t\t\t<a href=\"https:\/\/ultra-sailing.hr\/fr\/contact\/?context=Demande de cours: ISPA Competent Crew - 27.10.2026.%0A\" class=\"c-badge c-badge--green c-badge--sm c-badge--no-hover\">Disponible<\/a>\n\t\t\t\t\t\t\t\t\t\t\t\t\t<\/td>\n\t\t\t\t\t<\/tr>\n\t\t\t\t\t\t\t\t\t<tr>\n\t\t\t\t\t\t<td class=\"c-data-table__align-start c-data-table__fixed-column \"><span><a href=\"https:\/\/ultra-sailing.hr\/fr\/course\/ispa-day-skipper\/\" class=\"c-link-reset\"><strong class=\"\">ISPA Day Skipper<\/strong><\/a><br \/>jours<\/span><\/td>\n\t\t\t\t\t\t<td class=\"c-data-table__align-end \">De 27.10.2026.<br \/> \u00e0 01.11.2026.<\/td>\n\t\t\t\t\t\t<td class=\"c-data-table__align-end\">\n\t\t\t\t\t\t\t\t\t\t\t\t\t\t\t<code class=\"u-text-gray-600\">\n\t\t\t\t\t\t\t\t\t890.00\u20ac\t\t\t\t\t\t\t\t<\/code>\n\t\t\t\t\t\t\t\t\t\t\t\t\t\t\t\t\t\t\t\t\t<\/td>\n\t\t\t\t\t\t<td class=\"c-data-table__align-end\">\n\t\t\t\t\t\t\t\t\t\t\t\t\t\t\t<a href=\"https:\/\/ultra-sailing.hr\/fr\/contact\/?context=Demande de cours: ISPA Day Skipper - 27.10.2026.%0A\" class=\"c-badge c-badge--green c-badge--sm c-badge--no-hover\">Disponible<\/a>\n\t\t\t\t\t\t\t\t\t\t\t\t\t<\/td>\n\t\t\t\t\t<\/tr>\n\t\t\t\t\t\t\t\t\t<tr>\n\t\t\t\t\t\t<td class=\"c-data-table__align-start c-data-table__fixed-column \"><span><a href=\"https:\/\/ultra-sailing.hr\/fr\/course\/ispa-coastal-navigator\/\" class=\"c-link-reset\"><strong class=\"\">ISPA Coastal Navigator<\/strong><\/a><br \/>jours<\/span><\/td>\n\t\t\t\t\t\t<td class=\"c-data-table__align-end \">De 03.11.2026.<br \/> \u00e0 08.11.2026.<\/td>\n\t\t\t\t\t\t<td class=\"c-data-table__align-end\">\n\t\t\t\t\t\t\t\t\t\t\t\t\t\t\t<code class=\"u-text-gray-600\">\n\t\t\t\t\t\t\t\t\t1,190.00\u20ac\t\t\t\t\t\t\t\t<\/code>\n\t\t\t\t\t\t\t\t\t\t\t\t\t\t\t\t\t\t\t\t\t<\/td>\n\t\t\t\t\t\t<td class=\"c-data-table__align-end\">\n\t\t\t\t\t\t\t\t\t\t\t\t\t\t\t<a href=\"https:\/\/ultra-sailing.hr\/fr\/contact\/?context=Demande de cours: ISPA Coastal Navigator - 03.11.2026.%0A\" class=\"c-badge c-badge--green c-badge--sm c-badge--no-hover\">Disponible<\/a>\n\t\t\t\t\t\t\t\t\t\t\t\t\t<\/td>\n\t\t\t\t\t<\/tr>\n\t\t\t\t\t\t\t<\/tbody>\n\t\t<\/table>\n\t<\/div>\n<\/div>\n\n\n\n<hr class=\"wp-block-separator has-text-color has-vivid-red-color has-alpha-channel-opacity has-vivid-red-background-color has-background is-style-wide\"\/>\n\n\n\n<p>Ultra d.o.o. se r\u00e9serve le droit de modifier les dates des cours. Veuillez v\u00e9rifier les dates souhait\u00e9es aupr\u00e8s du bureau de r\u00e9servation de l&#8217;\u00e9cole de voile <a href=\"mailto:school@ultra-sailing.hr\">school@ultra-sailing.hr<\/a> <\/p>\n","protected":false},"excerpt":{"rendered":"<p>Disponibilit\u00e9 et tarifs des cours Tous nos cours se d\u00e9roulent en anglais. Nous vous invitons a consulter le detail des cours et les dates disponibles sur la version anglaise de notre site ici : Ultra sailing school Croatia &#8211; prices and sailing courses Ultra d.o.o. se r\u00e9serve le droit de modifier les dates des cours. [&hellip;]<\/p>\n","protected":false},"author":1,"featured_media":0,"parent":0,"menu_order":0,"comment_status":"closed","ping_status":"closed","template":"","meta":{"_acf_changed":false,"footnotes":""},"class_list":["post-4258","page","type-page","status-publish","hentry"],"acf":[],"_links":{"self":[{"href":"https:\/\/ultra-sailing.hr\/fr\/wp-json\/wp\/v2\/pages\/4258","targetHints":{"allow":["GET"]}}],"collection":[{"href":"https:\/\/ultra-sailing.hr\/fr\/wp-json\/wp\/v2\/pages"}],"about":[{"href":"https:\/\/ultra-sailing.hr\/fr\/wp-json\/wp\/v2\/types\/page"}],"author":[{"embeddable":true,"href":"https:\/\/ultra-sailing.hr\/fr\/wp-json\/wp\/v2\/users\/1"}],"replies":[{"embeddable":true,"href":"https:\/\/ultra-sailing.hr\/fr\/wp-json\/wp\/v2\/comments?post=4258"}],"version-history":[{"count":7,"href":"https:\/\/ultra-sailing.hr\/fr\/wp-json\/wp\/v2\/pages\/4258\/revisions"}],"predecessor-version":[{"id":5167,"href":"https:\/\/ultra-sailing.hr\/fr\/wp-json\/wp\/v2\/pages\/4258\/revisions\/5167"}],"wp:attachment":[{"href":"https:\/\/ultra-sailing.hr\/fr\/wp-json\/wp\/v2\/media?parent=4258"}],"curies":[{"name":"wp","href":"https:\/\/api.w.org\/{rel}","templated":true}]}}