{"id":4260,"date":"2024-03-10T15:44:45","date_gmt":"2024-03-10T14:44:45","guid":{"rendered":"https:\/\/ultra-sailing.hr\/dev-wordpress\/conditions-generales-de-lecole-de-voile\/"},"modified":"2025-05-21T16:20:33","modified_gmt":"2025-05-21T15:20:33","slug":"conditions-generales-de-lecole-de-voile","status":"publish","type":"page","link":"https:\/\/ultra-sailing.hr\/fr\/conditions-generales-de-lecole-de-voile\/","title":{"rendered":"Conditions g\u00e9n\u00e9rales de l&#8217;\u00e9cole de voile"},"content":{"rendered":"            <div class=\"c-ordered-list\">\n                                    <div class=\"c-ordered-list__item \">\n                        <span class=\"c-ordered-list__number\">1.1.<\/span>\n                        <div>\n                            <p>Ultra d.o.o. \u00e0 Split s&#8217;engage \u00e0 organiser des cours de voile selon le programme du cours r\u00e9serv\u00e9, sur des voiliers de sa flotte. Les instructeurs sont des marins hautement qualifi\u00e9s, forts de nombreuses ann\u00e9es d&#8217;exp\u00e9rience et de comp\u00e9tences p\u00e9dagogiques reconnues.<\/p>\n                        <\/div>\n                    <\/div>\n                                    <div class=\"c-ordered-list__item \">\n                        <span class=\"c-ordered-list__number\">1.2.<\/span>\n                        <div>\n                            <p>Le participant s&#8217;engage \u00e0 r\u00e9gler le prix du stage de voile r\u00e9serv\u00e9. Le prix d\u00e9pend du type et de la date du stage et est d\u00e9fini dans la confirmation de r\u00e9servation ou l&#8217;offre. Il est stipul\u00e9 dans les pr\u00e9sentes conditions que le participant doit r\u00e9gler 50 % du prix \u00e0 la r\u00e9servation et les 50 % restants (solde) au moins 30 jours avant le d\u00e9but du stage. Le justificatif de paiement doit \u00eatre remis \u00e0 l&#8217;organisateur au plus tard 20 jours avant le d\u00e9but du stage r\u00e9serv\u00e9. Pour les r\u00e9servations effectu\u00e9es moins de 30 jours avant le d\u00e9but du stage, le montant total est d\u00fb \u00e0 la r\u00e9servation.<\/p>\n                        <\/div>\n                    <\/div>\n                                    <div class=\"c-ordered-list__item \">\n                        <span class=\"c-ordered-list__number\">1.3.<\/span>\n                        <div>\n                            <p>En cas d&#8217;annulation du cours par le participant, le montant vers\u00e9 \u00e0 la r\u00e9servation ne sera pas rembours\u00e9. Si le participant annule apr\u00e8s le paiement int\u00e9gral et au moins 20 jours avant le d\u00e9but du cours r\u00e9serv\u00e9, l&#8217;organisateur lui remboursera 30 % du montant total.<\/p>\n                        <\/div>\n                    <\/div>\n                                    <div class=\"c-ordered-list__item \">\n                        <span class=\"c-ordered-list__number\">1.4.<\/span>\n                        <div>\n                            <p>Le cours est confirm\u00e9 par l&#8217;organisateur lorsque le nombre minimum de participants est atteint. Si un cours n&#8217;est pas confirm\u00e9 30 jours avant la date de d\u00e9but, le participant peut demander un remboursement ou d\u00e9cider d&#8217;attendre. En cas d&#8217;annulation pour manque de participants, l&#8217;organisateur remboursera automatiquement les participants apr\u00e8s la date de d\u00e9but pr\u00e9vue du cours. Si, en raison de conditions m\u00e9t\u00e9orologiques d\u00e9favorables ou pour toute autre raison justifi\u00e9e, l&#8217;organisateur ne peut assurer un cours confirm\u00e9, il proposera un cours de remplacement ult\u00e9rieurement.<\/p>\n                        <\/div>\n                    <\/div>\n                                    <div class=\"c-ordered-list__item \">\n                        <span class=\"c-ordered-list__number\">1.5.<\/span>\n                        <div>\n                            <p>L&#8217;organisateur de l&#8217;\u00e9cole de voile n&#8217;assume aucune responsabilit\u00e9 pour les \u00e9ventuels dommages ou blessures que le participant pourrait causer \u00e0 lui-m\u00eame ou \u00e0 des tiers, mais il s&#8217;engage \u00e0 prendre toutes les mesures rationnelles pour \u00e9viter ou \u00e9liminer ce type de risque. Les mineurs participent sous la responsabilit\u00e9 de leur parent ou membre de famille adulte qui les accompagne sur le cours. L&#8217;instructeur, en tant que capitaine du bateau, a le pouvoir de d\u00e9barquer tout participant qui enfreint la loi croate ou qui, par un comportement inappropri\u00e9 r\u00e9p\u00e9t\u00e9, met en danger la s\u00e9curit\u00e9 de l&#8217;\u00e9quipage, de lui-m\u00eame ou du bateau. Dans de tels cas, l&#8217;accompagnateur n&#8217;a droit \u00e0 aucun remboursement.<\/p>\n                        <\/div>\n                    <\/div>\n                                    <div class=\"c-ordered-list__item c-ordered-list__item--no-border\">\n                        <span class=\"c-ordered-list__number\">1.6.<\/span>\n                        <div>\n                            <p>Le participant d\u00e9clare que son \u00e9tat de sant\u00e9 ainsi que de celui de ses accompagnateurs est compatible avec la pratique de la voile et du nautisme, qu&#8217;ils savent nager et qu&#8217;ils ont au moins un niveau interm\u00e9diaire d&#8217;anglais (B1).<\/p>\n                        <\/div>\n                    <\/div>\n                            <\/div>\n        ","protected":false},"excerpt":{"rendered":"","protected":false},"author":1,"featured_media":0,"parent":0,"menu_order":0,"comment_status":"closed","ping_status":"closed","template":"","meta":{"_acf_changed":false,"footnotes":""},"class_list":["post-4260","page","type-page","status-publish","hentry"],"acf":[],"_links":{"self":[{"href":"https:\/\/ultra-sailing.hr\/fr\/wp-json\/wp\/v2\/pages\/4260","targetHints":{"allow":["GET"]}}],"collection":[{"href":"https:\/\/ultra-sailing.hr\/fr\/wp-json\/wp\/v2\/pages"}],"about":[{"href":"https:\/\/ultra-sailing.hr\/fr\/wp-json\/wp\/v2\/types\/page"}],"author":[{"embeddable":true,"href":"https:\/\/ultra-sailing.hr\/fr\/wp-json\/wp\/v2\/users\/1"}],"replies":[{"embeddable":true,"href":"https:\/\/ultra-sailing.hr\/fr\/wp-json\/wp\/v2\/comments?post=4260"}],"version-history":[{"count":2,"href":"https:\/\/ultra-sailing.hr\/fr\/wp-json\/wp\/v2\/pages\/4260\/revisions"}],"predecessor-version":[{"id":4999,"href":"https:\/\/ultra-sailing.hr\/fr\/wp-json\/wp\/v2\/pages\/4260\/revisions\/4999"}],"wp:attachment":[{"href":"https:\/\/ultra-sailing.hr\/fr\/wp-json\/wp\/v2\/media?parent=4260"}],"curies":[{"name":"wp","href":"https:\/\/api.w.org\/{rel}","templated":true}]}}