{"id":4266,"date":"2024-03-05T19:47:22","date_gmt":"2024-03-05T18:47:22","guid":{"rendered":"https:\/\/ultra-sailing.hr\/dev-wordpress\/conseils-de-navigation-en-croatie\/marinas-en-croatie\/"},"modified":"2025-02-20T14:37:43","modified_gmt":"2025-02-20T13:37:43","slug":"marinas-in-croatia","status":"publish","type":"page","link":"https:\/\/ultra-sailing.hr\/fr\/sailing-tips\/marinas-in-croatia\/","title":{"rendered":"Marinas en Croatie"},"content":{"rendered":"\n<p>Le littoral croate est l&#8217;un des plus d\u00e9coup\u00e9s au monde. Sur les 1242 \u00eeles, \u00eelots et r\u00e9cifs, seules 47 \u00eeles sont habit\u00e9es. La mer cl\u00e9mente et le climat m\u00e9diterran\u00e9en permettent la navigation tout au long de l&#8217;ann\u00e9e, bien que <strong>la saison de location des voiliers et catamarans d\u00e9bute \u00e0 la mi-avril<\/strong> et se prolonge jusqu&#8217;\u00e0 la mi-octobre, voire plus longtemps lorsqu&#8217;il s&#8217;agit de r\u00e9gates.  <\/p>\n\n<p><strong>Les marinas en Croatie sont situ\u00e9es<\/strong> dans des villes le long de la c\u00f4te croate, qui se trouvent pour la plupart \u00e0 proximit\u00e9 de l&#8217;a\u00e9roport, ou dans de magnifiques baies sur les \u00eeles.<\/p>\n\n<p>En Croatie, il existe plus de 56 <strong>marinas qui offrent ensemble 16000 postes d&#8217;amarrage en mer et 8500 postes \u00e0 terre pour les voiliers<\/strong>. Outre les marinas, il existe \u00e9galement de nombreux clubs nautiques priv\u00e9s et ports. <\/p>\n\n<p>En 1983, ACI marina commence la construction organis\u00e9e de marinas dans l&#8217;Adriatique. La cha\u00eene la plus ancienne et la plus importante, compos\u00e9e de 22 marinas, accueille \u00e9galement nos navires <strong>dans les marinas les plus attrayantes de la c\u00f4te adriatique \u00e0 <a href=\"https:\/\/www.ultra-sailing.hr\/charter-base-dubrovnik\" target=\"_blank\" rel=\"noreferrer noopener\">Dubrovnik<\/a>, <a href=\"https:\/\/www.ultra-sailing.hr\/Charter-base-Split\" target=\"_blank\" rel=\"noreferrer noopener\">Split<\/a> et <a href=\"https:\/\/www.ultra-sailing.hr\/charter-croatia\/charter-bases\/pula\" target=\"_blank\" rel=\"noreferrer noopener\">Pomer (Pula)<\/a><\/strong>. La majorit\u00e9 des marinas sont situ\u00e9es dans l&#8217;Adriatique centrale et m\u00e9ridionale, qui pr\u00e9sente le plus grand int\u00e9r\u00eat pour les plaisanciers. Outre les marinas ACI, il existe \u00e9galement des marinas priv\u00e9es, comme la marina Baotic \u00e0 Trogir. Elles suivent toutes les tendances et sont adapt\u00e9es aux besoins et souhaits modernes des plaisanciers. Les marinas, en plus de l&#8217;amarrage, offrent une grande vari\u00e9t\u00e9 de services et d&#8217;installations tels que des restaurants, des magasins d&#8217;approvisionnement, des magasins d&#8217;\u00e9quipement nautique, des douches et une blanchisserie.     <\/p>\n\n<p><strong>Le prix journalier d&#8217;amarrage dans les marinas<\/strong> varie selon les saisons et d\u00e9pend de la longueur du navire. <strong>L&#8217;amarrage journalier le plus co\u00fbteux est toujours en pleine saison<\/strong> (de la mi-juin \u00e0 la fin ao\u00fbt). Les prix d&#8217;amarrage journaliers pour un voilier sont de 7\u20ac-12\u20ac par m\u00e8tre de longueur par jour, selon la p\u00e9riode et la marina. <strong>Le prix des postes d&#8217;amarrage pour les catamarans<\/strong> <strong>est g\u00e9n\u00e9ralement factur\u00e9 par longueur multipli\u00e9e par 2<\/strong>. Les prix varient d&#8217;une marina \u00e0 l&#8217;autre. Les marinas les plus populaires telles que Split, Dubrovnik et Palmi\u017eana sont plus ch\u00e8res. Certaines marinas (comme la marina ACI de Kor\u010dula), qui sont situ\u00e9es plus loin de la terre, offrent g\u00e9n\u00e9ralement des r\u00e9ductions promotionnelles pour les amarrages pendant le week-end lorsque l&#8217;activit\u00e9 est plus calme, car les navires retournent g\u00e9n\u00e9ralement \u00e0 leur base terrestre. Pour ceux qui naviguent en aller simple, ou qui ont la chance d&#8217;\u00eatre en mer pendant plus d&#8217;une semaine, le week-end est parfait pour passer du temps dans les marinas des \u00eeles car elles sont moins fr\u00e9quent\u00e9es.     <\/p>\n<div class=\"c-gallery-slider c-gallery-slider js-gallery-slider\">\n\t<div class=\"swiper\">\n\t\t<div class=\"swiper-wrapper\">\n\t\t\t\t\t\t\t<div class=\"swiper-slide\">\n\t\t\t\t\t\t\t\t\t\t\t<a href=\"https:\/\/ultra-sailing.hr\/wp-content\/uploads\/2024\/08\/Marina_Milna_Croatia_Brac.jpg\" data-pswp-width=\"1619\" data-pswp-height=\"1080\">\n\t\t\t\t\t\t\t<img loading=\"lazy\" decoding=\"async\" width=\"1619\" height=\"1080\" src=\"https:\/\/ultra-sailing.hr\/wp-content\/uploads\/2024\/08\/Marina_Milna_Croatia_Brac.jpg\" class=\"attachment-full size-full\" alt=\"\" srcset=\"https:\/\/ultra-sailing.hr\/wp-content\/uploads\/2024\/08\/Marina_Milna_Croatia_Brac.jpg 1619w, https:\/\/ultra-sailing.hr\/wp-content\/uploads\/2024\/08\/Marina_Milna_Croatia_Brac-300x200.jpg 300w, https:\/\/ultra-sailing.hr\/wp-content\/uploads\/2024\/08\/Marina_Milna_Croatia_Brac-768x512.jpg 768w, https:\/\/ultra-sailing.hr\/wp-content\/uploads\/2024\/08\/Marina_Milna_Croatia_Brac-1024x683.jpg 1024w, https:\/\/ultra-sailing.hr\/wp-content\/uploads\/2024\/08\/Marina_Milna_Croatia_Brac-1536x1025.jpg 1536w\" sizes=\"auto, (max-width: 1619px) 100vw, 1619px\" \/>\t\t\t\t\t\t<\/a>\n\t\t\t\t\t\t\t\t\t<\/div>\n\t\t\t\t\t\t\t<div class=\"swiper-slide\">\n\t\t\t\t\t\t\t\t\t\t\t<a href=\"https:\/\/ultra-sailing.hr\/wp-content\/uploads\/2024\/08\/Rogoznica_Marina_Croatia.jpg\" data-pswp-width=\"1273\" data-pswp-height=\"801\">\n\t\t\t\t\t\t\t<img loading=\"lazy\" decoding=\"async\" width=\"1273\" height=\"801\" src=\"https:\/\/ultra-sailing.hr\/wp-content\/uploads\/2024\/08\/Rogoznica_Marina_Croatia.jpg\" class=\"attachment-full size-full\" alt=\"\" srcset=\"https:\/\/ultra-sailing.hr\/wp-content\/uploads\/2024\/08\/Rogoznica_Marina_Croatia.jpg 1273w, https:\/\/ultra-sailing.hr\/wp-content\/uploads\/2024\/08\/Rogoznica_Marina_Croatia-300x189.jpg 300w, https:\/\/ultra-sailing.hr\/wp-content\/uploads\/2024\/08\/Rogoznica_Marina_Croatia-768x483.jpg 768w, https:\/\/ultra-sailing.hr\/wp-content\/uploads\/2024\/08\/Rogoznica_Marina_Croatia-1024x644.jpg 1024w\" sizes=\"auto, (max-width: 1273px) 100vw, 1273px\" \/>\t\t\t\t\t\t<\/a>\n\t\t\t\t\t\t\t\t\t<\/div>\n\t\t\t\t\t\t\t<div class=\"swiper-slide\">\n\t\t\t\t\t\t\t\t\t\t\t<a href=\"https:\/\/ultra-sailing.hr\/wp-content\/uploads\/2024\/07\/SplitCharterBase_UltraSailing.jpg\" data-pswp-width=\"1025\" data-pswp-height=\"768\">\n\t\t\t\t\t\t\t<img loading=\"lazy\" decoding=\"async\" width=\"1025\" height=\"768\" src=\"https:\/\/ultra-sailing.hr\/wp-content\/uploads\/2024\/07\/SplitCharterBase_UltraSailing.jpg\" class=\"attachment-full size-full\" alt=\"\" srcset=\"https:\/\/ultra-sailing.hr\/wp-content\/uploads\/2024\/07\/SplitCharterBase_UltraSailing.jpg 1025w, https:\/\/ultra-sailing.hr\/wp-content\/uploads\/2024\/07\/SplitCharterBase_UltraSailing-300x225.jpg 300w, https:\/\/ultra-sailing.hr\/wp-content\/uploads\/2024\/07\/SplitCharterBase_UltraSailing-768x575.jpg 768w\" sizes=\"auto, (max-width: 1025px) 100vw, 1025px\" \/>\t\t\t\t\t\t<\/a>\n\t\t\t\t\t\t\t\t\t<\/div>\n\t\t\t\t\t\t\t<div class=\"swiper-slide\">\n\t\t\t\t\t\t\t\t\t\t\t<a href=\"https:\/\/ultra-sailing.hr\/wp-content\/uploads\/2024\/07\/CharterDubrovnik_Baza.jpg\" data-pswp-width=\"1365\" data-pswp-height=\"768\">\n\t\t\t\t\t\t\t<img loading=\"lazy\" decoding=\"async\" width=\"1365\" height=\"768\" src=\"https:\/\/ultra-sailing.hr\/wp-content\/uploads\/2024\/07\/CharterDubrovnik_Baza.jpg\" class=\"attachment-full size-full\" alt=\"\" srcset=\"https:\/\/ultra-sailing.hr\/wp-content\/uploads\/2024\/07\/CharterDubrovnik_Baza.jpg 1365w, https:\/\/ultra-sailing.hr\/wp-content\/uploads\/2024\/07\/CharterDubrovnik_Baza-300x169.jpg 300w, https:\/\/ultra-sailing.hr\/wp-content\/uploads\/2024\/07\/CharterDubrovnik_Baza-768x432.jpg 768w, https:\/\/ultra-sailing.hr\/wp-content\/uploads\/2024\/07\/CharterDubrovnik_Baza-1024x576.jpg 1024w\" sizes=\"auto, (max-width: 1365px) 100vw, 1365px\" \/>\t\t\t\t\t\t<\/a>\n\t\t\t\t\t\t\t\t\t<\/div>\n\t\t\t\t\t\t\t<div class=\"swiper-slide\">\n\t\t\t\t\t\t\t\t\t\t\t<a href=\"https:\/\/ultra-sailing.hr\/wp-content\/uploads\/2024\/07\/Pomer_CharterHrvatska_NajamPlovila.jpg\" data-pswp-width=\"1152\" data-pswp-height=\"768\">\n\t\t\t\t\t\t\t<img loading=\"lazy\" decoding=\"async\" width=\"1152\" height=\"768\" src=\"https:\/\/ultra-sailing.hr\/wp-content\/uploads\/2024\/07\/Pomer_CharterHrvatska_NajamPlovila.jpg\" class=\"attachment-full size-full\" alt=\"\" srcset=\"https:\/\/ultra-sailing.hr\/wp-content\/uploads\/2024\/07\/Pomer_CharterHrvatska_NajamPlovila.jpg 1152w, https:\/\/ultra-sailing.hr\/wp-content\/uploads\/2024\/07\/Pomer_CharterHrvatska_NajamPlovila-300x200.jpg 300w, https:\/\/ultra-sailing.hr\/wp-content\/uploads\/2024\/07\/Pomer_CharterHrvatska_NajamPlovila-768x512.jpg 768w, https:\/\/ultra-sailing.hr\/wp-content\/uploads\/2024\/07\/Pomer_CharterHrvatska_NajamPlovila-1024x683.jpg 1024w\" sizes=\"auto, (max-width: 1152px) 100vw, 1152px\" \/>\t\t\t\t\t\t<\/a>\n\t\t\t\t\t\t\t\t\t<\/div>\n\t\t\t\t\t\t\t<div class=\"swiper-slide\">\n\t\t\t\t\t\t\t\t\t\t\t<a href=\"https:\/\/ultra-sailing.hr\/wp-content\/uploads\/2024\/08\/Sailing_Croatia_Ultra_Sailing.jpg\" data-pswp-width=\"720\" data-pswp-height=\"480\">\n\t\t\t\t\t\t\t<img loading=\"lazy\" decoding=\"async\" width=\"720\" height=\"480\" src=\"https:\/\/ultra-sailing.hr\/wp-content\/uploads\/2024\/08\/Sailing_Croatia_Ultra_Sailing.jpg\" class=\"attachment-full size-full\" alt=\"\" srcset=\"https:\/\/ultra-sailing.hr\/wp-content\/uploads\/2024\/08\/Sailing_Croatia_Ultra_Sailing.jpg 720w, https:\/\/ultra-sailing.hr\/wp-content\/uploads\/2024\/08\/Sailing_Croatia_Ultra_Sailing-300x200.jpg 300w\" sizes=\"auto, (max-width: 720px) 100vw, 720px\" \/>\t\t\t\t\t\t<\/a>\n\t\t\t\t\t\t\t\t\t<\/div>\n\t\t\t\t\t\t\t<div class=\"swiper-slide\">\n\t\t\t\t\t\t\t\t\t\t\t<a href=\"https:\/\/ultra-sailing.hr\/wp-content\/uploads\/2024\/08\/Vis_harbour_sailing_Croatia.jpg\" data-pswp-width=\"1600\" data-pswp-height=\"1200\">\n\t\t\t\t\t\t\t<img loading=\"lazy\" decoding=\"async\" width=\"1600\" height=\"1200\" src=\"https:\/\/ultra-sailing.hr\/wp-content\/uploads\/2024\/08\/Vis_harbour_sailing_Croatia.jpg\" class=\"attachment-full size-full\" alt=\"\" srcset=\"https:\/\/ultra-sailing.hr\/wp-content\/uploads\/2024\/08\/Vis_harbour_sailing_Croatia.jpg 1600w, https:\/\/ultra-sailing.hr\/wp-content\/uploads\/2024\/08\/Vis_harbour_sailing_Croatia-300x225.jpg 300w, https:\/\/ultra-sailing.hr\/wp-content\/uploads\/2024\/08\/Vis_harbour_sailing_Croatia-768x576.jpg 768w, https:\/\/ultra-sailing.hr\/wp-content\/uploads\/2024\/08\/Vis_harbour_sailing_Croatia-1024x768.jpg 1024w, https:\/\/ultra-sailing.hr\/wp-content\/uploads\/2024\/08\/Vis_harbour_sailing_Croatia-1536x1152.jpg 1536w\" sizes=\"auto, (max-width: 1600px) 100vw, 1600px\" \/>\t\t\t\t\t\t<\/a>\n\t\t\t\t\t\t\t\t\t<\/div>\n\t\t\t\t\t\t\t<div class=\"swiper-slide\">\n\t\t\t\t\t\t\t\t\t\t\t<a href=\"https:\/\/ultra-sailing.hr\/wp-content\/uploads\/2024\/03\/Kornati-moorings-marina-Piskera.jpg\" data-pswp-width=\"960\" data-pswp-height=\"640\">\n\t\t\t\t\t\t\t<img loading=\"lazy\" decoding=\"async\" width=\"960\" height=\"640\" src=\"https:\/\/ultra-sailing.hr\/wp-content\/uploads\/2024\/03\/Kornati-moorings-marina-Piskera.jpg\" class=\"attachment-full size-full\" alt=\"\" srcset=\"https:\/\/ultra-sailing.hr\/wp-content\/uploads\/2024\/03\/Kornati-moorings-marina-Piskera.jpg 960w, https:\/\/ultra-sailing.hr\/wp-content\/uploads\/2024\/03\/Kornati-moorings-marina-Piskera-300x200.jpg 300w, https:\/\/ultra-sailing.hr\/wp-content\/uploads\/2024\/03\/Kornati-moorings-marina-Piskera-768x512.jpg 768w\" sizes=\"auto, (max-width: 960px) 100vw, 960px\" \/>\t\t\t\t\t\t<\/a>\n\t\t\t\t\t\t\t\t\t<\/div>\n\t\t\t\t\t\t\t<div class=\"swiper-slide\">\n\t\t\t\t\t\t\t\t\t\t\t<a href=\"https:\/\/ultra-sailing.hr\/wp-content\/uploads\/2024\/03\/Skradin_marina.jpg\" data-pswp-width=\"640\" data-pswp-height=\"480\">\n\t\t\t\t\t\t\t<img loading=\"lazy\" decoding=\"async\" width=\"640\" height=\"480\" src=\"https:\/\/ultra-sailing.hr\/wp-content\/uploads\/2024\/03\/Skradin_marina.jpg\" class=\"attachment-full size-full\" alt=\"\" srcset=\"https:\/\/ultra-sailing.hr\/wp-content\/uploads\/2024\/03\/Skradin_marina.jpg 640w, https:\/\/ultra-sailing.hr\/wp-content\/uploads\/2024\/03\/Skradin_marina-300x225.jpg 300w\" sizes=\"auto, (max-width: 640px) 100vw, 640px\" \/>\t\t\t\t\t\t<\/a>\n\t\t\t\t\t\t\t\t\t<\/div>\n\t\t\t\t\t\t\t<div class=\"swiper-slide\">\n\t\t\t\t\t\t\t\t\t\t\t<a href=\"https:\/\/ultra-sailing.hr\/wp-content\/uploads\/2024\/03\/Hvar_moorings_Croatia.jpg\" data-pswp-width=\"800\" data-pswp-height=\"533\">\n\t\t\t\t\t\t\t<img loading=\"lazy\" decoding=\"async\" width=\"800\" height=\"533\" src=\"https:\/\/ultra-sailing.hr\/wp-content\/uploads\/2024\/03\/Hvar_moorings_Croatia.jpg\" class=\"attachment-full size-full\" alt=\"\" srcset=\"https:\/\/ultra-sailing.hr\/wp-content\/uploads\/2024\/03\/Hvar_moorings_Croatia.jpg 800w, https:\/\/ultra-sailing.hr\/wp-content\/uploads\/2024\/03\/Hvar_moorings_Croatia-300x200.jpg 300w, https:\/\/ultra-sailing.hr\/wp-content\/uploads\/2024\/03\/Hvar_moorings_Croatia-768x512.jpg 768w\" sizes=\"auto, (max-width: 800px) 100vw, 800px\" \/>\t\t\t\t\t\t<\/a>\n\t\t\t\t\t\t\t\t\t<\/div>\n\t\t\t\t\t<\/div>\n\t<\/div>\n\t<div class=\"c-gallery-slider__dashboard\">\n\t\t<button class=\"c-gallery-slider__button js-gallery-slider-button-prev\">\n\t\t\t<svg class=\"o-icon u-stroke-2\"><use xmlns:xlink=\"http:\/\/www.w3.org\/1999\/xlink\" xlink:href=\"https:\/\/ultra-sailing.hr\/wp-content\/themes\/ultra-sailing\/assets\/sprite\/icons.svg#icon-arrow-left\"><\/use><\/svg>\t\t<\/button>\n\t\t<div class=\"c-gallery-slider-counter js-gallery-slider-counter\"><\/div>\n\t\t<button class=\"c-gallery-slider__button js-gallery-slider-button-next\">\n\t\t\t<svg class=\"o-icon u-stroke-2\"><use xmlns:xlink=\"http:\/\/www.w3.org\/1999\/xlink\" xlink:href=\"https:\/\/ultra-sailing.hr\/wp-content\/themes\/ultra-sailing\/assets\/sprite\/icons.svg#icon-arrow-right\"><\/use><\/svg>\t\t<\/button>\n\t<\/div>\n<\/div>\n\n<h2 class=\"wp-block-heading\">Prix des postes d&#8217;amarrage dans les marinas et les ports<\/h2>\n\n<p><strong>Le prix annuel d&#8217;amarrage d\u00e9pend \u00e9galement<\/strong> du type de marina. Les marinas les plus attrayantes sont g\u00e9n\u00e9ralement plus ch\u00e8res. Le prix annuel d&#8217;amarrage pour un voilier de 10-12 m (32-39 pieds) de longueur varie de 3000 EUR \u00e0 8000 EUR. Pour les voiliers de 14-16 m (45-52 pieds) de longueur, le prix annuel d&#8217;amarrage peut s&#8217;\u00e9lever \u00e0 8500 EUR ou plus.   <\/p>\n\n<p>Outre les <strong>marinas en Croatie<\/strong> mentionn\u00e9es ci-dessous, il existe d&#8217;autres mouillages dans de petites localit\u00e9s insulaires et ports. <strong>Les prix d&#8217;amarrage dans certains endroits sont significativement inf\u00e9rieurs au prix des postes dans une marina, et les prix varient de 3 EUR \u00e0 6 EUR par m\u00e8tre de longueur du voilier.<\/strong> Certains endroits n&#8217;offrent que de l&#8217;eau et de l&#8217;\u00e9lectricit\u00e9 ; d&#8217;autres uniquement l&#8217;amarrage sur bou\u00e9es afin de minimiser les embouteillages dans leurs petits ports. Le prix de l&#8217;amarrage sur bou\u00e9e ou sur le rivage de la localit\u00e9 inclut g\u00e9n\u00e9ralement la collecte des d\u00e9chets. Dans les parcs nationaux croates comme, par exemple, sur l&#8217;\u00eele de Mljet, le prix de l&#8217;amarrage inclut g\u00e9n\u00e9ralement un billet pour le parc national.  <\/p>\n\n<h2 class=\"wp-block-heading\">Liste des marinas en Croatie<br\/><\/h2>\n\n<figure class=\"wp-block-table\"><table><tbody><tr><th><strong>Marina :<\/strong><\/th><th> <strong>Lieu :<\/strong><\/th><th> <strong>Phone:<\/strong><\/th><\/tr><tr><td>  ACI marina Dubrovnik<\/td><td>  Dubrovnik<\/td><td>   00 385(0)20 455 020<\/td><\/tr><tr><td>  ACI marina Slano<\/td><td>  Slano<\/td><td>   00 385(0)20 441 721<\/td><\/tr><tr><td>  Marina Lumbarda<\/td><td>  \u00cele de Kor\u010dula<\/td><td>   00 385(0)20 712 489<\/td><\/tr><tr><td>  ACI marina Kor\u010dula<\/td><td>  \u00cele de Kor\u010dula<\/td><td>   00 385(0)20 711 661<\/td><\/tr><tr><td>  ACI marina Vrbovska<\/td><td>  \u00cele de Hvar<\/td><td>   00 385(0)21 774 144<\/td><\/tr><tr><td>  Centre nautique Komi\u017ea<\/td><td>  \u00cele de Vis<\/td><td>   00 385(0)21 713 849<\/td><\/tr><tr><td>  ACI marina Palmi\u017eana<\/td><td>  \u00cele de Hvar-\u00celes Pakleni<\/td><td>   00 385(0)21 744 995<\/td><\/tr><tr><td>  ACI marina Vrbovska<\/td><td>  \u00cele de Hvar<\/td><td>   00 385(0)21 774 144<\/td><\/tr><tr><td> Port de plaisance ACI de Milna<\/td><td> \u00cele de Bra\u010d<\/td><td>   00 385(0)21 636 306<\/td><\/tr><tr><td> Port de plaisance Martinis Marchi<\/td><td> \u00cele de \u0160olta<\/td><td>   00 385(0)21 659 093<\/td><\/tr><tr><td> Port de plaisance ACI de Split<\/td><td> Split<\/td><td>   00 385(0)21 398 548<\/td><\/tr><tr><td> Port de plaisance de Ka\u0161tela<\/td><td> Ka\u0161tel Gomilica<\/td><td>   00 385(0)21 204 010<\/td><\/tr><tr><td> Port de plaisance ACI de Trogir<\/td><td> Trogir<\/td><td>   00 385(0)21 881 544<\/td><\/tr><tr><td> Port de plaisance Zirona<\/td><td> \u00cele de Drvenik Veli<\/td><td>   00 385(0)99 810 7801<\/td><\/tr><tr><td> Port de plaisance Agana<\/td><td> Marina<\/td><td>   00 385(0)21 889 411<\/td><\/tr><tr><td> Port de plaisance Frapa<\/td><td> Rogoznica<\/td><td>   00 385(0) 22 559 900<\/td><\/tr><tr><td> Port de plaisance Kremik<\/td><td> Primo\u0161ten<\/td><td>   00 385(0)22 570 068<\/td><\/tr><tr><td> Port de plaisance ACI de Skradin<\/td><td> Skradin<\/td><td>   00 385(0)22 771 365<\/td><\/tr><tr><td> Port de plaisance Mandalina<\/td><td> \u0160ibenik<\/td><td>   00 385(0)22 312 975<\/td><\/tr><tr><td> Port de plaisance Zaton<\/td><td> Zaton (\u0160ibenik)<\/td><td>   00 385(0)22 485 018<\/td><\/tr><tr><td> Port de plaisance ACI de Vodice<\/td><td> Vodice<\/td><td>   00 385(0)22 443 086<\/td><\/tr><tr><td> Port de plaisance ACI de Jezera<\/td><td> Jezera<\/td><td>   00 385(0)22 439 295<\/td><\/tr><tr><td> Port de plaisance Tribunj<\/td><td> Tribunj<\/td><td>   00 385(0)22 447 140<\/td><\/tr><tr><td> Port de plaisance ACI de Pi\u0161kera<\/td><td> \u00celes Kornati<\/td><td>   00 385(0)91 470 0091<\/td><\/tr><tr><td> Port de plaisance ACI de \u017dut<\/td><td> \u00celes Kornati<\/td><td>   00 385(0)22 786 0278<\/td><\/tr><tr><td> Port de plaisance Hramina<\/td><td> \u00cele de Murter<\/td><td>   00 385(0)22 434 411<\/td><\/tr><tr><td> Port de plaisance Betina<\/td><td> \u00cele de Murter<\/td><td>   00 385(0)22 434 497<\/td><\/tr><tr><td> Port de plaisance \u0160angulin<\/td><td> Biograd na moru<\/td><td>   00 385(0)23 383 738<\/td><\/tr><tr><td> Port de plaisance Kornati<\/td><td> Biograd na moru<\/td><td>   00 385(0)23 383 800<\/td><\/tr><tr><td> Port de plaisance Dalmacija Zadar<\/td><td> Suko\u0161an<\/td><td>   00 385(0)23 200 300<\/td><\/tr><tr><td> Port de plaisance Tankerkomerc de Veli I\u017e<\/td><td> \u00cele d&#8217;I\u017e<\/td><td>   00 385(0)23 277 006<\/td><\/tr><tr><td> Port de plaisance Sutomi\u0161\u0107ica<\/td><td> \u00cele d&#8217;Ugljan<\/td><td>   00 385(0)23 335 808<\/td><\/tr><tr><td> Port de plaisance Preko<\/td><td> \u00cele d&#8217;Ugljan<\/td><td>   00 385(0)23 286 433<\/td><\/tr><tr><td> Port de plaisance Tankerkomerc de Zadar<\/td><td> Zadar<\/td><td>   00 385(0)23 204 730<\/td><\/tr><tr><td> Port de plaisance Vitrenjak<\/td><td> Zadar<\/td><td>   00 385(0)23 331 076<\/td><\/tr><tr><td> Port de plaisance Borik<\/td><td> Zadar<\/td><td>   00 385(0)23 333 036    <\/td><\/tr><tr><td> Port de plaisance ACI de Rab<\/td><td> \u00cele de Rab<\/td><td>   00 385(0)51 724 023<\/td><\/tr><tr><td> Port de plaisance ACI de Supetarska Draga<\/td><td> \u00cele de Rab<\/td><td>   00 385(0)51 776 268<\/td><\/tr><tr><td> Port de plaisance ACI de \u0160imuni<\/td><td> \u00cele de Pag<\/td><td>   00 385(0)23 697 462<\/td><\/tr><tr><td> Port de plaisance ACI de Pula<\/td><td> Pula<\/td><td>   00 385(0)52 211 850<\/td><\/tr><tr><td> Port de plaisance ACI de Rovinj<\/td><td> Rovinj<\/td><td>   00 385(0)52 813 133<\/td><\/tr><tr><td> Port de plaisance ACI d&#8217;Umag<\/td><td> Umag<\/td><td>   00 385(0)52 741 066<\/td><\/tr><tr><td> Port de plaisance ACI d&#8217;Opatija<\/td><td> Opatija<\/td><td>   00 385(0)51 704 004<\/td><\/tr><\/tbody><\/table><\/figure>\n","protected":false},"excerpt":{"rendered":"<p>Le littoral croate est l&#8217;un des plus d\u00e9coup\u00e9s au monde. Sur les 1242 \u00eeles, \u00eelots et r\u00e9cifs, seules 47 \u00eeles sont habit\u00e9es. La mer cl\u00e9mente et le climat m\u00e9diterran\u00e9en permettent la navigation tout au long de l&#8217;ann\u00e9e, bien que la saison de location des voiliers et catamarans d\u00e9bute \u00e0 la mi-avril et se prolonge jusqu&#8217;\u00e0 [&hellip;]<\/p>\n","protected":false},"author":1,"featured_media":0,"parent":4264,"menu_order":0,"comment_status":"closed","ping_status":"closed","template":"","meta":{"_acf_changed":false,"footnotes":""},"class_list":["post-4266","page","type-page","status-publish","hentry"],"acf":[],"_links":{"self":[{"href":"https:\/\/ultra-sailing.hr\/fr\/wp-json\/wp\/v2\/pages\/4266","targetHints":{"allow":["GET"]}}],"collection":[{"href":"https:\/\/ultra-sailing.hr\/fr\/wp-json\/wp\/v2\/pages"}],"about":[{"href":"https:\/\/ultra-sailing.hr\/fr\/wp-json\/wp\/v2\/types\/page"}],"author":[{"embeddable":true,"href":"https:\/\/ultra-sailing.hr\/fr\/wp-json\/wp\/v2\/users\/1"}],"replies":[{"embeddable":true,"href":"https:\/\/ultra-sailing.hr\/fr\/wp-json\/wp\/v2\/comments?post=4266"}],"version-history":[{"count":1,"href":"https:\/\/ultra-sailing.hr\/fr\/wp-json\/wp\/v2\/pages\/4266\/revisions"}],"predecessor-version":[{"id":4267,"href":"https:\/\/ultra-sailing.hr\/fr\/wp-json\/wp\/v2\/pages\/4266\/revisions\/4267"}],"up":[{"embeddable":true,"href":"https:\/\/ultra-sailing.hr\/fr\/wp-json\/wp\/v2\/pages\/4264"}],"wp:attachment":[{"href":"https:\/\/ultra-sailing.hr\/fr\/wp-json\/wp\/v2\/media?parent=4266"}],"curies":[{"name":"wp","href":"https:\/\/api.w.org\/{rel}","templated":true}]}}