{"id":4270,"date":"2024-03-10T16:13:12","date_gmt":"2024-03-10T15:13:12","guid":{"rendered":"https:\/\/ultra-sailing.hr\/dev-wordpress\/location-de-yacht-avec-skipper-en-croatie\/"},"modified":"2025-02-20T15:38:33","modified_gmt":"2025-02-20T14:38:33","slug":"location-yacht-skipper-croatie","status":"publish","type":"page","link":"https:\/\/ultra-sailing.hr\/fr\/location-yacht-skipper-croatie\/","title":{"rendered":"Location de yacht avec skipper en Croatie"},"content":{"rendered":"\n<p>R\u00eavez-vous de naviguer mais ne poss\u00e9dez-vous pas de permis ou d&#8217;exp\u00e9rience suffisante ? Recherchez-vous un guide comp\u00e9tent pour vous et votre \u00e9quipage ? Imaginez-vous explorer de magnifiques \u00eeles et nager dans une mer bleue cristalline. Si tel est le cas, le choix d&#8217;un voilier ou d&#8217;un catamaran avec skipper est la solution id\u00e9ale pour vous !    <\/p>\n\n<h2 class=\"wp-block-heading\">Qui devrait opter pour une location de yacht avec skipper<\/h2>\n\n<p>La location de bateau avec skipper peut \u00eatre choisie par une famille ou un groupe d&#8217;amis qui souhaiterait confier toute la responsabilit\u00e9 \u00e0 un skipper. Le permis de skipper ou de navigation n&#8217;est pas obligatoire.<br\/>Les comp\u00e9tences en navigation ne sont pas n\u00e9cessaires, mais ceux qui souhaiteraient participer \u00e0 la navigation quotidienne peuvent simplement apprendre du skipper. Parfois, nous recevons m\u00eame des demandes de skippers avanc\u00e9s pour des r\u00e9gates, donc m\u00eame les \u00e9quipages exp\u00e9riment\u00e9s choisissent parfois quelqu&#8217;un qui sera ma\u00eetre du bateau dans le but d&#8217;avoir plus de plaisir pendant la p\u00e9riode de location.<br\/>Le skipper poss\u00e8de une connaissance locale de la zone de navigation, vous aurez donc l&#8217;avantage d&#8217;avoir une sorte de \u00ab guide \u00bb \u00e0 bord.   <\/p>\n\n<figure class=\"wp-block-embed is-type-video is-provider-youtube wp-block-embed-youtube wp-embed-aspect-16-9 wp-has-aspect-ratio\"><div class=\"wp-block-embed__wrapper\">\n<iframe loading=\"lazy\" title=\"Sailing holidays Croatia - Ultra Sailing Yacht Charter\" width=\"640\" height=\"360\" src=\"https:\/\/www.youtube.com\/embed\/aY6sLhlQ5F0?feature=oembed\" frameborder=\"0\" allow=\"accelerometer; autoplay; clipboard-write; encrypted-media; gyroscope; picture-in-picture; web-share\" referrerpolicy=\"strict-origin-when-cross-origin\" allowfullscreen><\/iframe>\n<\/div><\/figure>\n\n<h2 class=\"wp-block-heading\">Skipper \u00e0 bord<\/h2>\n\n<p>Nos skippers sont des professionnels exp\u00e9riment\u00e9s dans la navigation en Croatie, en Gr\u00e8ce, en Italie et au-del\u00e0. Tous sont des ressortissants croates qui parlent plusieurs langues et sont \u00e2g\u00e9s de 25 \u00e0 50 ans. Ils sont enregistr\u00e9s pour les locations avec skipper, et beaucoup naviguent depuis l&#8217;enfance, poursuivant une carri\u00e8re de skipper.  <\/p>\n\n<p>Leurs responsabilit\u00e9s comprennent la r\u00e9alisation des check-in et check-out des aspects techniques du bateau, le conseil \u00e0 l&#8217;\u00e9quipage sur les itin\u00e9raires, les mouillages et les conditions m\u00e9t\u00e9orologiques.<\/p>\n\n<p>Bien qu&#8217;un skipper puisse parfois devoir ajuster l&#8217;itin\u00e9raire pr\u00e9vu en raison des conditions m\u00e9t\u00e9orologiques, cela se fait toujours en tenant compte de la s\u00e9curit\u00e9 des invit\u00e9s et du bateau. Nous nous effor\u00e7ons d&#8217;associer le bon skipper au bon groupe, c&#8217;est pourquoi nous avons un \u00ab formulaire de demande de skipper \u00bb \u00e0 remplir. Cela nous aide \u00e0 comprendre vos pr\u00e9f\u00e9rences et \u00e0 faire le meilleur choix.  <\/p>\n<div class=\"wp-block-image\">\n<figure class=\"aligncenter size-full\"><img loading=\"lazy\" decoding=\"async\" width=\"640\" height=\"803\" src=\"https:\/\/ultra-sailing.hr\/wp-content\/uploads\/2024\/05\/Saona47_Sails.jpg\" alt=\"\" class=\"wp-image-1313\" style=\"aspect-ratio:4\/3;object-fit:cover\" srcset=\"https:\/\/ultra-sailing.hr\/wp-content\/uploads\/2024\/05\/Saona47_Sails.jpg 640w, https:\/\/ultra-sailing.hr\/wp-content\/uploads\/2024\/05\/Saona47_Sails-239x300.jpg 239w\" sizes=\"auto, (max-width: 640px) 100vw, 640px\" \/><\/figure>\n<\/div>\n<h2 class=\"wp-block-heading\">Choix de l&#8217;itin\u00e9raire de navigation avec le skipper<\/h2>\n\n<p>Nous vous encourageons \u00e0 partager vos id\u00e9es d&#8217;itin\u00e9raire de navigation et \u00e0 en discuter avec votre skipper. Si des enfants sont \u00e0 bord, le skipper ajustera l&#8217;itin\u00e9raire en cons\u00e9quence, optant \u00e9ventuellement pour des distances plus courtes afin de s&#8217;assurer que tout le monde passe un moment agr\u00e9able. <\/p>\n\n<h2 class=\"wp-block-heading\">Tarif du skipper<\/h2>\n\n<p>Le co\u00fbt du skipper est d&#8217;environ 230\u20ac \u00e0 350\u20ac par jour (TVA de 25% incluse) et il est d&#8217;usage que le skipper prenne ses repas avec l&#8217;\u00e9quipage. Le paiement du skipper peut \u00eatre effectu\u00e9 lors de votre check-in dans notre bureau de base ou \u00e0 l&#8217;avance lors de la r\u00e9servation du bateau. Apr\u00e8s votre retour, le skipper est tenu d&#8217;\u00e9mettre une facture pour le paiement re\u00e7u.  <\/p>\n\n<h2 class=\"wp-block-heading\">Avantages de la location de yacht avec skipper<\/h2>\n\n<p>Une location de yacht avec skipper offre de nombreux avantages : votre skipper s&#8217;occupe des aspects techniques du bateau, des mouillages et de la s\u00e9curit\u00e9 de l&#8217;\u00e9quipage. Les skippers exp\u00e9riment\u00e9s connaissent les meilleurs endroits pour mouiller et les meilleurs restaurants locaux, s&#8217;appuyant souvent sur les connaissances des habitants. Leur expertise peut \u00eatre inestimable, rendant vos vacances actives plus faciles et plus agr\u00e9ables. Si vous le souhaitez, le skipper peut vous donner des conseils de navigation et vous faire visiter les environs.    <\/p>\n\n<h2 class=\"wp-block-heading\">Conseils pour r\u00e9server une location avec skipper<\/h2>\n\n<p>Lors de la r\u00e9servation d&#8217;un yacht avec skipper, demandez toujours un \u00ab formulaire de demande de skipper \u00bb pour pr\u00e9ciser des d\u00e9tails tels que les pr\u00e9f\u00e9rences non-fumeurs et les exigences linguistiques. Si possible, choisissez un yacht avec une cabine pour le skipper, garantissant ainsi l&#8217;intimit\u00e9 de tous \u00e0 bord. Nous sommes l\u00e0 pour vous aider \u00e0 s\u00e9lectionner le bateau parfait pour votre \u00e9quipage et votre skipper, permettant \u00e0 chacun de profiter de son intimit\u00e9 et de se d\u00e9tendre pendant votre semaine de navigation.  <\/p>\n\n<h2 class=\"wp-block-heading\">Comment r\u00e9server un catamaran ou un voilier avec skipper<\/h2>\n\n<p>Tout d&#8217;abord, consid\u00e9rez quelle base conviendra le mieux \u00e0 vos plans de voyage \u00e0 votre arriv\u00e9e en Croatie. Nous recommandons quatre bases de d\u00e9part principales : Dubrovnik (APT Dubrovnik), Trogir et Split (tous deux APT Split), et Pomer (APT Pula). Tous ces a\u00e9roports sont bien reli\u00e9s aux principales villes europ\u00e9ennes. De plus, vous pouvez organiser des transferts de l&#8217;a\u00e9roport \u00e0 votre base choisie par l&#8217;interm\u00e9diaire de notre bureau de r\u00e9servation pour plus de commodit\u00e9.   <\/p>\n\n<p>Si vous \u00ab avez s\u00e9lectionn\u00e9 Dubrovnik, Split ou la r\u00e9gion de Pula comme destination et que vous connaissez le type de voilier que vous \u00bb recherchez, veuillez commencer votre recherche en utilisant le \u00ab moteur de recherche \u00bb de notre site web. Si vous avez besoin d&#8217;assistance pour choisir le bateau appropri\u00e9, nous vous prions de bien vouloir contacter directement notre \u00e9quipe de r\u00e9servation. Notre bureau de r\u00e9servation est ouvert de 08h00 \u00e0 20h00 (du lundi au vendredi) ainsi que pendant le week-end, et vous pouvez escompter une r\u00e9ponse \u00e0 toutes vos demandes dans un d\u00e9lai de 30 minutes.  <\/p>\n\n<p>Une fois que vous aurez r\u00e9serv\u00e9 votre bateau de location et que nous vous aurons assign\u00e9 votre skipper, nous vous communiquerons ses coordonn\u00e9es afin que vous puissiez discuter de vos pr\u00e9f\u00e9rences concernant l&#8217;itin\u00e9raire, les restaurants, les plages et autres aspects de votre voyage.<\/p>\n\n<h2 class=\"wp-block-heading\">Documents n\u00e9cessaires &#8211; bateau avec skipper et caution de s\u00e9curit\u00e9<\/h2>\n\n<p>\u00c9tant donn\u00e9 que le skipper poss\u00e8dera une licence de navigation valide ainsi qu&#8217;une licence VHF, les membres de votre \u00e9quipage n&#8217;auront besoin que d&#8217;un passeport ou d&#8217;une carte d&#8217;identit\u00e9.<\/p>\n\n<p><strong>Caution de s\u00e9curit\u00e9 :<\/strong> Tous les bateaux sont assur\u00e9s, n\u00e9anmoins une caution de s\u00e9curit\u00e9 doit \u00eatre fournie m\u00eame lorsque vous naviguez avec notre skipper, afin de couvrir tout dommage \u00e9ventuel caus\u00e9 par l&#8217;\u00e9quipage (par exemple, des fen\u00eatres ou des portes bris\u00e9es).<\/p>\n\n<p><strong>D\u00e9p\u00f4t remboursable :<\/strong> Cette caution peut \u00eatre pr\u00e9lev\u00e9e par carte de cr\u00e9dit (m\u00e9thode privil\u00e9gi\u00e9e) ou en esp\u00e8ces. Apr\u00e8s que le bateau aura \u00e9t\u00e9 restitu\u00e9 et aura fait l&#8217;objet d&#8217;une v\u00e9rification technique avec le skipper, le montant de la caution sera d\u00e9bloqu\u00e9 et vous sera restitu\u00e9. Si le dommage est inf\u00e9rieur \u00e0 la caution de s\u00e9curit\u00e9, nous d\u00e9bloquerons n\u00e9anmoins votre carte et ne facturerons que le co\u00fbt r\u00e9el de la r\u00e9paration. Si le dommage est imputable \u00e0 une faute du skipper, son assurance le couvrira, et votre caution vous sera int\u00e9gralement rembours\u00e9e.   <br\/><\/p>\n\n<p><\/p>\n\n<p>D\u00e9couvrez davantage d&#8217;informations sur les vacances en voilier avec un skipper sur notre blog :<\/p>\n\t\t<div class=\"c-nav-card-group\">\n\t\t\t\n<a href=\"https:\/\/blog.ultra-sailing.hr\/en\/yacht-charter-croatia-with-skipper-hostess\/\" class=\"c-nav-card\" target=\"_blank\">\n\t<img loading=\"lazy\" decoding=\"async\" width=\"680\" height=\"320\" src=\"https:\/\/ultra-sailing.hr\/wp-content\/uploads\/2024\/05\/Oceanis461_UltraSailing-680x320.jpg\" class=\"attachment-680x320 size-680x320\" alt=\"Skippered Sailing Holidays in Croatia\" \/>\t<div class=\"c-nav-card__main\">\n\t\t<p class=\"c-nav-card__title\">Location de yacht avec skipper<\/p>\n\t\t<p class=\"c-nav-card__subtitle\">Nous avons pour habitude de mettre en relation nos invit\u00e9s avec le skipper local id\u00e9al&#8230;<\/p>\n\t\t<div class=\"c-nav-card__icon\">\n\t\t\t<svg class=\"o-icon u-stroke-2\"><use xmlns:xlink=\"http:\/\/www.w3.org\/1999\/xlink\" xlink:href=\"https:\/\/ultra-sailing.hr\/wp-content\/themes\/ultra-sailing\/assets\/sprite\/icons.svg#icon-chevron-right\"><\/use><\/svg>\t\t<\/div>\n\t<\/div>\n<\/a>\t\t<\/div>\n","protected":false},"excerpt":{"rendered":"<p>R\u00eavez-vous de naviguer mais ne poss\u00e9dez-vous pas de permis ou d&#8217;exp\u00e9rience suffisante ? Recherchez-vous un guide comp\u00e9tent pour vous et votre \u00e9quipage ? Imaginez-vous explorer de magnifiques \u00eeles et nager dans une mer bleue cristalline. Si tel est le cas, le choix d&#8217;un voilier ou d&#8217;un catamaran avec skipper est la solution id\u00e9ale pour vous [&hellip;]<\/p>\n","protected":false},"author":1,"featured_media":0,"parent":0,"menu_order":0,"comment_status":"closed","ping_status":"closed","template":"","meta":{"_acf_changed":false,"footnotes":""},"class_list":["post-4270","page","type-page","status-publish","hentry"],"acf":[],"_links":{"self":[{"href":"https:\/\/ultra-sailing.hr\/fr\/wp-json\/wp\/v2\/pages\/4270","targetHints":{"allow":["GET"]}}],"collection":[{"href":"https:\/\/ultra-sailing.hr\/fr\/wp-json\/wp\/v2\/pages"}],"about":[{"href":"https:\/\/ultra-sailing.hr\/fr\/wp-json\/wp\/v2\/types\/page"}],"author":[{"embeddable":true,"href":"https:\/\/ultra-sailing.hr\/fr\/wp-json\/wp\/v2\/users\/1"}],"replies":[{"embeddable":true,"href":"https:\/\/ultra-sailing.hr\/fr\/wp-json\/wp\/v2\/comments?post=4270"}],"version-history":[{"count":2,"href":"https:\/\/ultra-sailing.hr\/fr\/wp-json\/wp\/v2\/pages\/4270\/revisions"}],"predecessor-version":[{"id":4293,"href":"https:\/\/ultra-sailing.hr\/fr\/wp-json\/wp\/v2\/pages\/4270\/revisions\/4293"}],"wp:attachment":[{"href":"https:\/\/ultra-sailing.hr\/fr\/wp-json\/wp\/v2\/media?parent=4270"}],"curies":[{"name":"wp","href":"https:\/\/api.w.org\/{rel}","templated":true}]}}