{"id":4272,"date":"2024-03-10T18:42:19","date_gmt":"2024-03-10T17:42:19","guid":{"rendered":"https:\/\/ultra-sailing.hr\/dev-wordpress\/programme-de-team-building\/"},"modified":"2025-02-19T11:52:03","modified_gmt":"2025-02-19T10:52:03","slug":"programme-de-team-building","status":"publish","type":"page","link":"https:\/\/ultra-sailing.hr\/fr\/programme-de-team-building\/","title":{"rendered":"Programme de team building"},"content":{"rendered":"\n<p>Le programme de <strong>team building<\/strong> est un terme tr\u00e8s fr\u00e9quemment utilis\u00e9 dans le monde des affaires modernes. Les <strong>r\u00e9sultats des recherches men\u00e9es par<\/strong> des experts en affaires ont montr\u00e9 que l&#8217;efficacit\u00e9 des groupes <strong>de travail et des individus <\/strong>est directement li\u00e9e aux activit\u00e9s de team building, en particulier pour les managers travaillant sous un stress \u00e9lev\u00e9.<\/p>\n\n<p>Team building est un terme qui signifie:<\/p>\n\n<ul class=\"wp-block-list\">\n<li>Travailler avec des experts pour rendre le groupe et les individus au sein de l&#8217;entreprise plus efficaces<\/li>\n\n\n\n<li><strong>Am\u00e9liorer les relations<\/strong> entre les travailleurs de l&#8217;entreprise et des unit\u00e9s commerciales<\/li>\n\n\n\n<li>\u00c9lever le niveau et la qualit\u00e9 de la personnalit\u00e9 des individus et des groupes entiers<\/li>\n<\/ul>\n\n<p>L&#8217;objectif est d&#8217;am\u00e9liorer les relations entre les groupes au niveau des processus <strong>commerciaux et d&#8217;am\u00e9liorer l&#8217;efficacit\u00e9 des entreprises<\/strong>. Passer du temps ensemble dans la nature (naviguer) est \u00e9galement une des options. <\/p>\n\n<p><strong>Programmes personnalis\u00e9s: <\/strong>Notre \u00e9quipe d&#8217;experts collaborera avec vous pour \u00e9laborer un programme adapt\u00e9 \u00e0 vos besoins et objectifs. Que vous soyez int\u00e9ress\u00e9 par des activit\u00e9s de team building, des comp\u00e9titions de voile ou un rassemblement tranquille en mer, nous nous engageons \u00e0 donner vie \u00e0 votre vision. <\/p>\n\n<p><strong>Instructeurs qualifi\u00e9s:<\/strong> Nos skippers et instructeurs exp\u00e9riment\u00e9s offriront la formation et le soutien n\u00e9cessaires, garantissant que tous les participants profitent d&#8217;exp\u00e9riences de navigation s\u00fbres et agr\u00e9ables.<\/p>\n\n<p><strong>Naviguer en flottille<\/strong> est une exp\u00e9rience extraordinaire qui favorise le travail d&#8217;\u00e9quipe, la collaboration et la communication entre les participants. Chaque voilier de la flottille embarque ensemble vers la destination, cr\u00e9ant un sentiment exaltant de \u00ab comp\u00e9tition \u00bb tout en favorisant le travail d&#8217;\u00e9quipe. En plus de la joie de naviguer, cette activit\u00e9 encourage \u00e9galement la r\u00e9flexion strat\u00e9gique, la planification et l&#8217;adaptation rapide aux conditions de mer changeantes.  <\/p>\n\n<p><strong>Les objectifs du groupe Team building sont:<\/strong><\/p>\n\n<ul class=\"wp-block-list\">\n<li>socialisation entre coll\u00e8gues<\/li>\n\n\n\n<li>am\u00e9liorer la communication dans les \u00e9quipes<\/li>\n\n\n\n<li>gagner en pouss\u00e9e<\/li>\n\n\n\n<li>accepter des objectifs communs<\/li>\n\n\n\n<li>am\u00e9liorer la coop\u00e9ration<\/li>\n\n\n\n<li>meilleure solution de r\u00e9solution de probl\u00e8mes<\/li>\n\n\n\n<li>coordination des r\u00f4les dans le groupe<\/li>\n<\/ul>\n\n<p><strong>Objectifs individuels du Team building:<\/strong><\/p>\n\n<ul class=\"wp-block-list\">\n<li>D\u00e9passer les limites personnelles<\/li>\n\n\n\n<li>accro\u00eetre la confiance en soi et la ma\u00eetrise de soi<\/li>\n\n\n\n<li>sentir la relaxation<\/li>\n\n\n\n<li>ressentir le sentiment de r\u00e9ussite gr\u00e2ce au travail d&#8217;\u00e9quipe<\/li>\n\n\n\n<li>profiter de la nature et de l&#8217;isolement<\/li>\n\n\n\n<li>activit\u00e9 physique et activit\u00e9 de motivation individuelle<\/li>\n\n\n\n<li>divertissement<\/li>\n<\/ul>\n\n<p>Contactez-nous et partagez vos envies et vos id\u00e9es. Notre \u00e9quipe vous guidera pour que votre r\u00e9gate ou votre activit\u00e9 de team building corresponde parfaitement \u00e0 votre vision. <\/p>\n\n<p><mark style=\"background-color:rgba(0, 0, 0, 0)\" class=\"has-inline-color has-vivid-red-color\">Prix \u200b\u200bsur demande!<\/mark><\/p>\n<div class=\"u-mb-5\">\n\t<a href=\"mailto:booking@ultra-sailing.hr\" class=\"c-badge\">\n\t\t<svg class=\"o-icon u-stroke-2\"><use xmlns:xlink=\"http:\/\/www.w3.org\/1999\/xlink\" xlink:href=\"https:\/\/ultra-sailing.hr\/wp-content\/themes\/ultra-sailing\/assets\/sprite\/icons.svg#icon-mail\"><\/use><\/svg>\t\t<span>booking@ultra-sailing.hr<\/span>\n\t<\/a>\n<\/div>\n<div class=\"u-mb-5\">\n\t<a href=\"tel:+385 21 398 578\" class=\"c-badge\">\n\t\t<svg class=\"o-icon u-stroke-2\"><use xmlns:xlink=\"http:\/\/www.w3.org\/1999\/xlink\" xlink:href=\"https:\/\/ultra-sailing.hr\/wp-content\/themes\/ultra-sailing\/assets\/sprite\/icons.svg#icon-phone\"><\/use><\/svg>\t\t<span>+385 21 398 578<\/span>\n\t<\/a>\n<\/div>\n","protected":false},"excerpt":{"rendered":"<p>Le programme de team building est un terme tr\u00e8s fr\u00e9quemment utilis\u00e9 dans le monde des affaires modernes. Les r\u00e9sultats des recherches men\u00e9es par des experts en affaires ont montr\u00e9 que l&#8217;efficacit\u00e9 des groupes de travail et des individus est directement li\u00e9e aux activit\u00e9s de team building, en particulier pour les managers travaillant sous un stress [&hellip;]<\/p>\n","protected":false},"author":1,"featured_media":0,"parent":0,"menu_order":0,"comment_status":"closed","ping_status":"closed","template":"","meta":{"_acf_changed":false,"footnotes":""},"class_list":["post-4272","page","type-page","status-publish","hentry"],"acf":[],"_links":{"self":[{"href":"https:\/\/ultra-sailing.hr\/fr\/wp-json\/wp\/v2\/pages\/4272","targetHints":{"allow":["GET"]}}],"collection":[{"href":"https:\/\/ultra-sailing.hr\/fr\/wp-json\/wp\/v2\/pages"}],"about":[{"href":"https:\/\/ultra-sailing.hr\/fr\/wp-json\/wp\/v2\/types\/page"}],"author":[{"embeddable":true,"href":"https:\/\/ultra-sailing.hr\/fr\/wp-json\/wp\/v2\/users\/1"}],"replies":[{"embeddable":true,"href":"https:\/\/ultra-sailing.hr\/fr\/wp-json\/wp\/v2\/comments?post=4272"}],"version-history":[{"count":1,"href":"https:\/\/ultra-sailing.hr\/fr\/wp-json\/wp\/v2\/pages\/4272\/revisions"}],"predecessor-version":[{"id":4273,"href":"https:\/\/ultra-sailing.hr\/fr\/wp-json\/wp\/v2\/pages\/4272\/revisions\/4273"}],"wp:attachment":[{"href":"https:\/\/ultra-sailing.hr\/fr\/wp-json\/wp\/v2\/media?parent=4272"}],"curies":[{"name":"wp","href":"https:\/\/api.w.org\/{rel}","templated":true}]}}