{"id":4276,"date":"2024-03-03T17:14:36","date_gmt":"2024-03-03T16:14:36","guid":{"rendered":"https:\/\/ultra-sailing.hr\/dev-wordpress\/bases-de-location-de-voiliers-ultra-sailing\/"},"modified":"2026-03-05T12:16:56","modified_gmt":"2026-03-05T11:16:56","slug":"les-bases-de-location","status":"publish","type":"page","link":"https:\/\/ultra-sailing.hr\/fr\/les-bases-de-location\/","title":{"rendered":"Bases de location Ultra Sailing"},"content":{"rendered":"\n<p>La Croatie est une destination de navigation r\u00e9put\u00e9e, dot\u00e9e d&#8217;une riche tradition nautique et de plus de 1 200 \u00eeles et \u00eelots magnifiques bordant sa pittoresque c\u00f4te adriatique. Les bases de location ici sont id\u00e9alement situ\u00e9es \u00e0 proximit\u00e9 des a\u00e9roports et offrent un amarrage s\u00fbr dans un environnement pittoresque, avec des commodit\u00e9s pour les clients telles que des bureaux, des restaurants, des march\u00e9s et des laveries automatiques. <\/p>\n\n\n\n<p>Ultra Sailing est bas\u00e9 \u00e0 Split depuis 1995 et s&#8217;efforce de r\u00e9pondre aux besoins de ses clients. Nous avons choisi des destinations de premier ordre comme Dubrovnik, Trogir, Split et Pula, toutes proches des a\u00e9roports, comme lieux de location principaux en Croatie. <\/p>\n\n\n\n<h2 class=\"wp-block-heading\">Base de location Baoti\u0107 &#8211; Trogir<\/h2>\n\n\n<div class=\"wp-block-image\">\n<figure class=\"aligncenter size-full\"><a href=\"https:\/\/ultra-sailing.hr\/fr\/base-de-location-trogir\/\" target=\"_blank\" rel=\" noreferrer noopener\"><img loading=\"lazy\" decoding=\"async\" width=\"1132\" height=\"788\" src=\"https:\/\/ultra-sailing.hr\/wp-content\/uploads\/2024\/11\/Trogir_Marina_Baotic_segeln.jpg\" alt=\"\" class=\"wp-image-3309\" srcset=\"https:\/\/ultra-sailing.hr\/wp-content\/uploads\/2024\/11\/Trogir_Marina_Baotic_segeln.jpg 1132w, https:\/\/ultra-sailing.hr\/wp-content\/uploads\/2024\/11\/Trogir_Marina_Baotic_segeln-300x209.jpg 300w, https:\/\/ultra-sailing.hr\/wp-content\/uploads\/2024\/11\/Trogir_Marina_Baotic_segeln-1024x713.jpg 1024w, https:\/\/ultra-sailing.hr\/wp-content\/uploads\/2024\/11\/Trogir_Marina_Baotic_segeln-768x535.jpg 768w\" sizes=\"auto, (max-width: 1132px) 100vw, 1132px\" \/><\/a><\/figure>\n<\/div>\n\n\n<p>Trogir est une v\u00e9ritable \u00ab ville-mus\u00e9e \u00bb, riche en tr\u00e9sors culturels et historiques. Les visiteurs qui appr\u00e9cient l&#8217;art, l&#8217;architecture unique et les charmantes ruelles \u00e9troites trouveront Trogir captivante, car elle offre une plong\u00e9e profonde dans le patrimoine allant de l&#8217;\u00e9poque romaine \u00e0 nos jours. La marina Baoti\u0107, situ\u00e9e \u00e0 proximit\u00e9 de cette ville historique, dispose de 480 postes d&#8217;amarrage en mer et de 200 postes d&#8217;amarrage \u00e0 terre. Depuis cette belle marina moderne, Ultra Sailing propose une s\u00e9lection de voiliers et de catamarans bien entretenus \u00e0 louer, offrant le point de d\u00e9part id\u00e9al pour explorer la magnifique c\u00f4te adriatique.   <\/p>\n\n\n\t<p>\n\t\t<a href=\"https:\/\/ultra-sailing.hr\/fr\/base-de-location-trogir\/\" class=\"c-button c-button--primary \">\n\t\t\tPlus d&#039;informations\t\t<\/a>\n\t<\/p>\n\n\n\n<hr class=\"wp-block-separator has-text-color has-vivid-red-color has-alpha-channel-opacity has-vivid-red-background-color has-background is-style-wide\"\/>\n\n\n\n<h2 class=\"wp-block-heading\">Base de location Split<\/h2>\n\n\n\n<figure class=\"wp-block-image size-full\"><a href=\"https:\/\/ultra-sailing.hr\/fr\/base-de-location-split\/\" target=\"_blank\" rel=\" noreferrer noopener\"><img loading=\"lazy\" decoding=\"async\" width=\"1000\" height=\"667\" src=\"https:\/\/ultra-sailing.hr\/wp-content\/uploads\/2024\/03\/yachtcharter_croatia_marina_split.jpg\" alt=\"\" class=\"wp-image-790\" srcset=\"https:\/\/ultra-sailing.hr\/wp-content\/uploads\/2024\/03\/yachtcharter_croatia_marina_split.jpg 1000w, https:\/\/ultra-sailing.hr\/wp-content\/uploads\/2024\/03\/yachtcharter_croatia_marina_split-300x200.jpg 300w, https:\/\/ultra-sailing.hr\/wp-content\/uploads\/2024\/03\/yachtcharter_croatia_marina_split-768x512.jpg 768w\" sizes=\"auto, (max-width: 1000px) 100vw, 1000px\" \/><\/a><\/figure>\n\n\n\n<p>Split, situ\u00e9e en Dalmatie centrale, est la deuxi\u00e8me plus grande ville de Croatie, avec une population d&#8217;un peu plus de 250 000 habitants. Son centre historique, avec le palais de Diocl\u00e9tien, se trouve sur une p\u00e9ninsule, avec la marina ACI de Split s&#8217;\u00e9tendant le long de son c\u00f4t\u00e9 sud-ouest. La marina est id\u00e9alement situ\u00e9e \u00e0 seulement 20 minutes de l&#8217;a\u00e9roport international de Split et \u00e0 15 minutes du port de ferry, qui propose des liaisons vers Anc\u00f4ne, en Italie. Split est le point de d\u00e9part id\u00e9al pour des aventures en voilier vers les \u00eeles dalmates voisines, y compris des destinations populaires comme Hvar, Bra\u010d et Vis. C&#8217;est \u00e9galement le port d&#8217;attache de l&#8217;\u00e9cole de voile Ultra Sailing School, avec plusieurs voiliers Beneteau et catamarans Fountaine Pajot disponibles \u00e0 la base de location de Split, parfaits pour explorer l&#8217;Adriatique.    <\/p>\n\n\n\t<p>\n\t\t<a href=\"https:\/\/ultra-sailing.hr\/fr\/base-de-location-split\/\" class=\"c-button c-button--primary \">\n\t\t\tPlus d&#039;informations\t\t<\/a>\n\t<\/p>\n\n\n\n<hr class=\"wp-block-separator has-text-color has-vivid-red-color has-alpha-channel-opacity has-vivid-red-background-color has-background is-style-wide\"\/>\n\n\n\n<h2 class=\"wp-block-heading\">Base de location Dubrovnik<\/h2>\n\n\n<div class=\"wp-block-image\">\n<figure class=\"aligncenter size-full\"><a href=\"https:\/\/ultra-sailing.hr\/fr\/base-de-location-dubrovnik\/\" target=\"_blank\" rel=\" noreferrer noopener\"><img loading=\"lazy\" decoding=\"async\" width=\"1365\" height=\"768\" src=\"https:\/\/ultra-sailing.hr\/wp-content\/uploads\/2024\/11\/CharterDubrovnik_Baza.jpg\" alt=\"\" class=\"wp-image-3300\" srcset=\"https:\/\/ultra-sailing.hr\/wp-content\/uploads\/2024\/11\/CharterDubrovnik_Baza.jpg 1365w, https:\/\/ultra-sailing.hr\/wp-content\/uploads\/2024\/11\/CharterDubrovnik_Baza-300x169.jpg 300w, https:\/\/ultra-sailing.hr\/wp-content\/uploads\/2024\/11\/CharterDubrovnik_Baza-1024x576.jpg 1024w, https:\/\/ultra-sailing.hr\/wp-content\/uploads\/2024\/11\/CharterDubrovnik_Baza-768x432.jpg 768w\" sizes=\"auto, (max-width: 1365px) 100vw, 1365px\" \/><\/a><\/figure>\n<\/div>\n\n\n<p>Komolac, o\u00f9 se trouve la marina ACI de Dubrovnik, est un lieu pris\u00e9 depuis le XVIe si\u00e8cle, lorsque la famille Sorko\u010devi\u0107 l&#8217;a choisi pour sa beaut\u00e9 naturelle et ses ressources abondantes. Entour\u00e9 de collines qui offrent un abri contre les vents et situ\u00e9 pr\u00e8s des eaux douces de la rivi\u00e8re Ombla, Komolac est un refuge id\u00e9al pour les marins modernes. La marina ACI de Dubrovnik offre 425 postes d&#8217;amarrage et des \u00e9quipements pratiques pour l&#8217;amarrage et l&#8217;entretien des navires. Depuis notre base de location de Dubrovnik, vous pouvez naviguer sur une gamme de voiliers Beneteau, de 31 \u00e0 50 pieds, parfaits pour explorer la magnifique c\u00f4te adriatique.   <\/p>\n\n\n\t<p>\n\t\t<a href=\"https:\/\/ultra-sailing.hr\/fr\/base-de-location-dubrovnik\/\" class=\"c-button c-button--primary \">\n\t\t\tPlus d&#039;informations\t\t<\/a>\n\t<\/p>\n\n\n\n<hr class=\"wp-block-separator has-text-color has-vivid-red-color has-alpha-channel-opacity has-vivid-red-background-color has-background is-style-wide\"\/>\n\n\n\n<h2 class=\"wp-block-heading\">Base de location Pomer &#8211; Pula<\/h2>\n\n\n<div class=\"wp-block-image\">\n<figure class=\"aligncenter size-full\"><a href=\"https:\/\/ultra-sailing.hr\/fr\/base-de-location-pula\/\" target=\"_blank\" rel=\" noreferrer noopener\"><img loading=\"lazy\" decoding=\"async\" width=\"1152\" height=\"768\" src=\"https:\/\/ultra-sailing.hr\/wp-content\/uploads\/2024\/11\/Charterbase_Pomer_Croatia.jpg\" alt=\"\" class=\"wp-image-3305\" srcset=\"https:\/\/ultra-sailing.hr\/wp-content\/uploads\/2024\/11\/Charterbase_Pomer_Croatia.jpg 1152w, https:\/\/ultra-sailing.hr\/wp-content\/uploads\/2024\/11\/Charterbase_Pomer_Croatia-300x200.jpg 300w, https:\/\/ultra-sailing.hr\/wp-content\/uploads\/2024\/11\/Charterbase_Pomer_Croatia-1024x683.jpg 1024w, https:\/\/ultra-sailing.hr\/wp-content\/uploads\/2024\/11\/Charterbase_Pomer_Croatia-768x512.jpg 768w\" sizes=\"auto, (max-width: 1152px) 100vw, 1152px\" \/><\/a><\/figure>\n<\/div>\n\n\n<p>Notre nouvelle base charter est situ\u00e9e en Istrie, \u00e0 ACI Marina Pomer, nich\u00e9e dans la baie de Medulin \u00e0 la pointe sud de la p\u00e9ninsule d&#8217;Istrie. Cette marina offre des \u00e9quipements modernes, notamment une r\u00e9ception et un bureau de change, un distributeur automatique de billets, un r\u00e9seau local sans fil haut d\u00e9bit, des installations sanitaires modernes avec des options d&#8217;accessibilit\u00e9, une laverie, une boutique saisonni\u00e8re, un parking, un restaurant et une piscine avec un bar. Le carburant est disponible \u00e0 proximit\u00e9 \u00e0 Pje\u0161\u010dana Uvala (11 nm) et au port de la ville de Pula (18 nm). La base est id\u00e9alement situ\u00e9e \u00e0 environ 10 kilom\u00e8tres de l&#8217;a\u00e9roport de Pula, ce qui la rend facilement accessible \u00e0 nos clients.   <\/p>\n\n\n\t<p>\n\t\t<a href=\"https:\/\/ultra-sailing.hr\/fr\/base-de-location-pula\/\" class=\"c-button c-button--primary \">\n\t\t\tPlus d&#039;informations\t\t<\/a>\n\t<\/p>\n\n\n\n<hr class=\"wp-block-separator has-text-color has-vivid-red-color has-alpha-channel-opacity has-vivid-red-background-color has-background is-style-wide\"\/>\n\n\n\n<p>Les marinas en Croatie peuvent \u00eatre consid\u00e9r\u00e9es comme une seconde maison. Choisir la bonne marina est une d\u00e9cision cruciale et nous sommes l\u00e0 pour vous aider, que vous louiez un bateau de notre flotte ou que vous achetiez un nouveau voilier ou catamaran, que ce soit pour un usage priv\u00e9 ou pour la gestion de charters. <\/p>\n\n\n<div class=\"u-mb-5\">\n\t<a href=\"mailto:booking@ultra-sailing.hr\" class=\"c-badge\">\n\t\t<svg class=\"o-icon u-stroke-2\"><use xmlns:xlink=\"http:\/\/www.w3.org\/1999\/xlink\" xlink:href=\"https:\/\/ultra-sailing.hr\/wp-content\/themes\/ultra-sailing\/assets\/sprite\/icons.svg#icon-mail\"><\/use><\/svg>\t\t<span>booking@ultra-sailing.hr<\/span>\n\t<\/a>\n<\/div>\n\n\n<div class=\"u-mb-5\">\n\t<a href=\"tel:+385 21 398 578\" class=\"c-badge\">\n\t\t<svg class=\"o-icon u-stroke-2\"><use xmlns:xlink=\"http:\/\/www.w3.org\/1999\/xlink\" xlink:href=\"https:\/\/ultra-sailing.hr\/wp-content\/themes\/ultra-sailing\/assets\/sprite\/icons.svg#icon-phone\"><\/use><\/svg>\t\t<span>+385 21 398 578<\/span>\n\t<\/a>\n<\/div>\n","protected":false},"excerpt":{"rendered":"<p>La Croatie est une destination de navigation r\u00e9put\u00e9e, dot\u00e9e d&#8217;une riche tradition nautique et de plus de 1 200 \u00eeles et \u00eelots magnifiques bordant sa pittoresque c\u00f4te adriatique. Les bases de location ici sont id\u00e9alement situ\u00e9es \u00e0 proximit\u00e9 des a\u00e9roports et offrent un amarrage s\u00fbr dans un environnement pittoresque, avec des commodit\u00e9s pour les clients [&hellip;]<\/p>\n","protected":false},"author":1,"featured_media":0,"parent":0,"menu_order":0,"comment_status":"closed","ping_status":"closed","template":"","meta":{"_acf_changed":false,"footnotes":""},"class_list":["post-4276","page","type-page","status-publish","hentry"],"acf":[],"_links":{"self":[{"href":"https:\/\/ultra-sailing.hr\/fr\/wp-json\/wp\/v2\/pages\/4276","targetHints":{"allow":["GET"]}}],"collection":[{"href":"https:\/\/ultra-sailing.hr\/fr\/wp-json\/wp\/v2\/pages"}],"about":[{"href":"https:\/\/ultra-sailing.hr\/fr\/wp-json\/wp\/v2\/types\/page"}],"author":[{"embeddable":true,"href":"https:\/\/ultra-sailing.hr\/fr\/wp-json\/wp\/v2\/users\/1"}],"replies":[{"embeddable":true,"href":"https:\/\/ultra-sailing.hr\/fr\/wp-json\/wp\/v2\/comments?post=4276"}],"version-history":[{"count":3,"href":"https:\/\/ultra-sailing.hr\/fr\/wp-json\/wp\/v2\/pages\/4276\/revisions"}],"predecessor-version":[{"id":4516,"href":"https:\/\/ultra-sailing.hr\/fr\/wp-json\/wp\/v2\/pages\/4276\/revisions\/4516"}],"wp:attachment":[{"href":"https:\/\/ultra-sailing.hr\/fr\/wp-json\/wp\/v2\/media?parent=4276"}],"curies":[{"name":"wp","href":"https:\/\/api.w.org\/{rel}","templated":true}]}}