{"id":4278,"date":"2024-03-05T19:45:07","date_gmt":"2024-03-05T18:45:07","guid":{"rendered":"https:\/\/ultra-sailing.hr\/dev-wordpress\/vents-en-croatie\/"},"modified":"2025-02-21T10:06:29","modified_gmt":"2025-02-21T09:06:29","slug":"les-vents-en-croatie-voile","status":"publish","type":"page","link":"https:\/\/ultra-sailing.hr\/fr\/les-vents-en-croatie-voile\/","title":{"rendered":"Vents en Croatie"},"content":{"rendered":"\n<p>Vous pouvez \u00e9couter les pr\u00e9visions m\u00e9t\u00e9orologiques sur Radio Zagreb ou sur des stations locales telles que Radio Split, Radio Dubrovnik et Radio Rijeka. De plus, des bulletins m\u00e9t\u00e9orologiques sont disponibles aupr\u00e8s des bureaux locaux des capitaineries ou des r\u00e9ceptions des marinas. De nos jours, la plupart des plaisanciers pr\u00e9f\u00e8rent consulter les pr\u00e9visions m\u00e9t\u00e9orologiques en ligne, utilisant des sites web tels que windy.com, vrijemeradar.hr, meteo.hr, ou diverses applications mobiles.   <\/p>\n<div class=\"wp-block-image\">\n<figure class=\"aligncenter size-full\"><img loading=\"lazy\" decoding=\"async\" width=\"768\" height=\"768\" src=\"https:\/\/ultra-sailing.hr\/wp-content\/uploads\/2024\/05\/wind_rose_Croatia_Ultra_sailing.jpg\" alt=\"\" class=\"wp-image-1388\" srcset=\"https:\/\/ultra-sailing.hr\/wp-content\/uploads\/2024\/05\/wind_rose_Croatia_Ultra_sailing.jpg 768w, https:\/\/ultra-sailing.hr\/wp-content\/uploads\/2024\/05\/wind_rose_Croatia_Ultra_sailing-540x540.jpg 540w, https:\/\/ultra-sailing.hr\/wp-content\/uploads\/2024\/05\/wind_rose_Croatia_Ultra_sailing-150x150.jpg 150w, https:\/\/ultra-sailing.hr\/wp-content\/uploads\/2024\/05\/wind_rose_Croatia_Ultra_sailing-300x300.jpg 300w\" sizes=\"auto, (max-width: 768px) 100vw, 768px\" \/><\/figure>\n<\/div>\n<h2 class=\"wp-block-heading\">Tramontane<\/h2>\n\n<p>\u00e9galement appel\u00e9e tramuntana et tremontana, est un vent fort du nord au nord-ouest (dans la r\u00e9gion \u00e9largie de Split) g\u00e9n\u00e9r\u00e9 par le passage d&#8217;un front froid sur l&#8217;Adriatique. D&#8217;une dur\u00e9e plut\u00f4t courte \u2013 se transformant g\u00e9n\u00e9ralement en bura apr\u00e8s une seule journ\u00e9e \u2013 la tramontane arrive soudainement et atteint rapidement une force temp\u00e9tueuse, provoquant des coups de vent et une mer tr\u00e8s agit\u00e9e. <\/p>\n\n<h2 class=\"wp-block-heading\">Bura<\/h2>\n\n<p>est un vent sec et tr\u00e8s froid venant du nord (du NNE \u00e0 l&#8217;ENE) caract\u00e9ris\u00e9 par des rafales violentes. Vent catabatique (du grec : descendant), il souffle sur les pentes des montagnes c\u00f4ti\u00e8res (telles que Velebit et Biokovo), apportant de l&#8217;air froid qui \u2013 en raison de son poids \u2013 s&#8217;acc\u00e9l\u00e8re et frappe la mer avec une force de temp\u00eate, se r\u00e9pandant en forme d&#8217;\u00e9ventail (comme des doigts !), causant de nombreux probl\u00e8mes, en particulier aux marins inexp\u00e9riment\u00e9s en raison de ses coups violents et de ses changements rapides de direction. Vers midi, avec le r\u00e9chauffement de l&#8217;air par le rayonnement solaire, il s&#8217;affaiblit \u2013 les marins de Split disent que la bura prend une pause d\u00e9jeuner \u2013 mais dans l&#8217;apr\u00e8s-midi, il se renforce \u00e0 nouveau (quand il se r\u00e9veille et savoure son caf\u00e9 !), atteignant sa plus grande force en d\u00e9but de soir\u00e9e et \u00e0 nouveau \u00e0 l&#8217;aube. G\u00e9n\u00e9ralement \u00ab annonc\u00e9e \u00bb par de fins nuages blancs (chapeaux) au-dessus des sommets des montagnes c\u00f4ti\u00e8res, la bura vous laisse peu de temps pour vous \u00e9chapper ou vous pr\u00e9parer (\u00e0 r\u00e9duire la voilure) avant de rencontrer son premier coup. La bura cr\u00e9e des vagues tr\u00e8s d\u00e9sagr\u00e9ables, courtes mais consid\u00e9rablement hautes, avec beaucoup d&#8217;\u00e9cume et d&#8217;embruns, rendant la respiration presque impossible, de sorte qu&#8217;un homme \u00e0 la mer, m\u00eame avec son gilet de sauvetage, a peu de chances de survie s&#8217;il n&#8217;est pas rapidement secouru (ce qui est une op\u00e9ration tr\u00e8s exigeante en raison de la faible visibilit\u00e9). Le long de la c\u00f4te adriatique, la bura a ses r\u00e9gions \u00ab favorites \u00bb o\u00f9 elle est \u00e0 la fois intense et fr\u00e9quente, telles que le golfe de Trieste, le golfe du Kvarner, le canal de Velebit, la r\u00e9gion \u00e9largie de \u0160ibenik, la baie de Ka\u0161tela, Makarska et ses environs, l&#8217;anse de \u017duljana sur la p\u00e9ninsule de Pelje\u0161ac. Plus loin de la c\u00f4te, la bura gagne en r\u00e9gularit\u00e9 directionnelle, mais aussi en force, de sorte que dans l&#8217;aquatorium de l&#8217;\u00eelot de Palagru\u017ea, elle atteint une force temp\u00e9tueuse. La bura est beaucoup plus faible le long de la c\u00f4te ouest de l&#8217;Adriatique, mais elle peut encore \u00eatre dangereuse car il n&#8217;y a pas d&#8217;abris naturels s\u00fbrs \u00e0 l&#8217;exception de la r\u00e9gion de Manfredonia, au sud de la p\u00e9ninsule du Gargano. En hiver, la bura peut durer jusqu&#8217;\u00e0 deux semaines, oscillant en force et apportant des pr\u00e9cipitations froides ou m\u00eame de la neige (cyclonique, \u00e9galement appel\u00e9e bura sombre).         <\/p>\n\n<h2 class=\"wp-block-heading\">Levant<\/h2>\n\n<p>est un vent froid qui apporte g\u00e9n\u00e9ralement des nuages et des pr\u00e9cipitations. Similaire \u00e0 la bura en ce qu&#8217;il apporte des temp\u00e9ratures basses (bien que sujet aux rafales), et au jugo (par sa r\u00e9gularit\u00e9), le levanat est un vent d&#8217;hiver fr\u00e9quent pendant la p\u00e9riode f\u00e9vrier-mars, lorsqu&#8217;il peut atteindre une force temp\u00e9tueuse et durer plusieurs jours. Bien que propice \u00e0 la navigation en raison de sa force, le levanat n&#8217;est pas populaire dans la communaut\u00e9 nautique en raison du temps froid qu&#8217;il apporte. Ce vent ne doit pas \u00eatre confondu avec la brise matinale estivale soufflant \u00e9galement de l&#8217;est (comme le podsun\u010dan, un l\u00e9ger vent thermique qui se transforme en maestral en d\u00e9but d&#8217;apr\u00e8s-midi).    <\/p>\n\n<h2 class=\"wp-block-heading\">Jugo-Scirocco<\/h2>\n\n<p>est un vent fort et chaud, soufflant de l&#8217;ESE au SSE, apportant d&#8217;abondantes pr\u00e9cipitations. Il est plus fr\u00e9quent dans la r\u00e9gion sud de l&#8217;Adriatique, g\u00e9n\u00e9ralement caract\u00e9ris\u00e9 par sa force et une mer tr\u00e8s agit\u00e9e. Vent adriatique rare toute l&#8217;ann\u00e9e, le jugo atteint sa force maximale apr\u00e8s deux ou trois jours de soufflerie constante, lorsque \u2013 dans les mois d&#8217;automne dans le sud de l&#8217;Adriatique, et au printemps dans le nord de l&#8217;Adriatique \u2013 il devient souvent temp\u00e9tueux et cr\u00e9e les plus grandes vagues de cette zone ferm\u00e9e. De dur\u00e9e variable \u2013 g\u00e9n\u00e9ralement trois jours, mais parfois (en hiver) une semaine enti\u00e8re \u2013 le jugo a ses terrains de jeu favoris : de Dubrovnik \u00e0 l&#8217;embouchure de la baie de Boka Kotorska et dans la r\u00e9gion \u00e9largie du cap Kamenjak (pointe sud de la p\u00e9ninsule istrienne), ainsi que dans les mers ouvertes du centre de l&#8217;Adriatique.    <\/p>\n\n<h2 class=\"wp-block-heading\">O\u0161tro<\/h2>\n\n<p>Il s&#8217;agit d&#8217;un vent plut\u00f4t mod\u00e9r\u00e9 soufflant du S, d&#8217;origine thermique, qui \u00ab suit le soleil \u00bb et pr\u00e9c\u00e8de le maestral. Avec les changements climatiques globaux et la perte de r\u00e9gularit\u00e9 du maestral estival, l&#8217;o\u0161tro (sa variante faible \u00e9galement appel\u00e9e o\u0161trin) continue parfois de souffler toute la journ\u00e9e, jusqu&#8217;au coucher du soleil.  <\/p>\n\n<h2 class=\"wp-block-heading\">Libeccio<\/h2>\n\n<p>Il s&#8217;agit d&#8217;un vent hivernal de courte dur\u00e9e, soufflant du SSO au OSO, g\u00e9n\u00e9rant une mer extr\u00eamement agit\u00e9e et apportant d&#8217;abondantes pr\u00e9cipitations.<br\/>Annonc\u00e9 par des mar\u00e9es exceptionnellement hautes, le lebi\u0107 provoque \u00e9galement une faible visibilit\u00e9.<br\/>Il est engendr\u00e9 par le passage de l&#8217;\u0153il d&#8217;un cyclone sur la partie continentale de la Croatie et la progression d&#8217;un front froid ; une d\u00e9pression profonde sur le nord de l&#8217;Adriatique provoque un fort vent du sud-ouest, une chute de la pression atmosph\u00e9rique et des syst\u00e8mes nuageux instables \u2013 qui se transforment rapidement en un vent d&#8217;ouest orageux. Un tel ph\u00e9nom\u00e8ne durant les mois d&#8217;\u00e9t\u00e9 provoque une tr\u00e8s dangereuse bourrasque soudaine appel\u00e9e garbin ou garbinada, causant in\u00e9vitablement des dommages aux bateaux et sur le rivage.  <\/p>\n\n<h2 class=\"wp-block-heading\">Ponente<\/h2>\n\n<p>Il s&#8217;agit d&#8217;un nom local dalmate pour un vent d&#8217;ouest plus fr\u00e9quent<br\/>et plus fort dans le nord que dans le sud de l&#8217;Adriatique. Il progresse en plusieurs phases plut\u00f4t inhabituelles : d&#8217;abord, le ciel \u00e0 l&#8217;ouest est d\u00e9gag\u00e9, il n&#8217;y a pratiquement pas de vent, la mer est calme&#8230; puis un rideau de nuages \u00e9pais arrive de l&#8217;ouest, couvrant les \u00eeles au large, apr\u00e8s de br\u00e8ves rafales de vent survient un nouveau calme \u2013 bient\u00f4t suivi par un vent tr\u00e8s fort cr\u00e9ant des vagues hautes et longues, extr\u00eamement d\u00e9sagr\u00e9ables et dangereuses, en particulier dans les chenaux longitudinaux. Le pulenat, en tant que vent de temp\u00eate typique, doit \u00eatre respect\u00e9 et craint !   <\/p>\n\n<h2 class=\"wp-block-heading\">Mistral<\/h2>\n\n<p>Il s&#8217;agit d&#8217;un vent adriatique constant, principalement thermique, tr\u00e8s appr\u00e9ci\u00e9 par la communaut\u00e9 de plaisance, autrefois si r\u00e9gulier que l&#8217;on pouvait r\u00e9gler les montres sur son apparition. G\u00e9n\u00e9r\u00e9 par des courants d&#8217;air saisonniers \u00e9t\u00e9siens du NO et des effets thermiques locaux, le maestral appara\u00eet g\u00e9n\u00e9ralement lorsque les terres c\u00f4ti\u00e8res se r\u00e9chauffent, provoquant une chute de pression due \u00e0 l&#8217;\u00e9l\u00e9vation de l&#8217;air plus l\u00e9ger \u2013 remplac\u00e9 alors par l&#8217;air plus froid circulant au-dessus de la mer. N\u00e9 sous forme de zmorac (o\u0161trin) vers 9 \u00e0 10 heures du matin, il s&#8217;effondre soudainement aux alentours de midi et se r\u00e9g\u00e9n\u00e8re rapidement en un vent d&#8217;ouest \u00e0 nord-ouest assez fort, selon la configuration du relief c\u00f4tier. Il atteint son apog\u00e9e vers 14 heures, puis s&#8217;effondre progressivement \u2013 avec une typique \u00ab derni\u00e8re pouss\u00e9e \u00bb vers 17 heures.  <br\/>Le maestral se renforce du golfe de Trieste au d\u00e9troit d&#8217;Otrante, o\u00f9 il peut atteindre la force d&#8217;un coup de vent, laissant toujours de hautes vagues \u00ab r\u00e9siduelles \u00bb tr\u00e8s d\u00e9sagr\u00e9ables \u00e0 naviguer.<br\/>Un maestral tr\u00e8s fort est localement appel\u00e9 maestralun et se poursuit parfois toute la nuit. Les signes \u00e0 observer sont les nuages cumulus blancs au-dessus des \u00eeles et des montagnes c\u00f4ti\u00e8res. Une interruption dans son apparition r\u00e9guli\u00e8re est le signe qu&#8217;une d\u00e9pression est en mouvement.  <br\/> <br\/>Le long de la c\u00f4te ouest (italienne) de l&#8217;Adriatique, le vent thermique estival est un vent d&#8217;est, atteignant sa force maximale un peu plus tard, vers 16 heures. <\/p>\n\n<h2 class=\"wp-block-heading\">Burin<\/h2>\n\n<p>Il s&#8217;agit \u00e9galement d&#8217;un vent thermique, une brise nocturne soufflant de la masse terrestre vers la mer \u2013 pour compenser l&#8217;air chaud s&#8217;\u00e9levant pendant les heures nocturnes depuis la mer. Bien que son nom d\u00e9rive de bura \u2013 le burin souffle pratiquement dans la m\u00eame direction, \u00e9galement avec une force variable \u2013 ce vent est de courte dur\u00e9e et il atteint rarement plus de 5-7 milles en mer.  <\/p>\n\n<iframe loading=\"lazy\" src=\"https:\/\/embed.windy.com\/embed2.html?lat=43.524&#038;lon=15.875&#038;zoom=7&#038;level=surface&#038;overlay=wind&#038;menu=&#038;message=&#038;marker=&#038;calendar=&#038;pressure=&#038;type=map&#038;location=coordinates&#038;detail=&#038;detailLat=43.508&#038;detailLon=16.251&#038;metricWind=default&#038;metricTemp=default&#038;radarRange=-1\" width=\"100%\" height=\"350\" frameborder=\"0\"><\/iframe>\n","protected":false},"excerpt":{"rendered":"<p>Vous pouvez \u00e9couter les pr\u00e9visions m\u00e9t\u00e9orologiques sur Radio Zagreb ou sur des stations locales telles que Radio Split, Radio Dubrovnik et Radio Rijeka. De plus, des bulletins m\u00e9t\u00e9orologiques sont disponibles aupr\u00e8s des bureaux locaux des capitaineries ou des r\u00e9ceptions des marinas. De nos jours, la plupart des plaisanciers pr\u00e9f\u00e8rent consulter les pr\u00e9visions m\u00e9t\u00e9orologiques en ligne, [&hellip;]<\/p>\n","protected":false},"author":1,"featured_media":0,"parent":0,"menu_order":0,"comment_status":"closed","ping_status":"closed","template":"","meta":{"_acf_changed":false,"footnotes":""},"class_list":["post-4278","page","type-page","status-publish","hentry"],"acf":[],"_links":{"self":[{"href":"https:\/\/ultra-sailing.hr\/fr\/wp-json\/wp\/v2\/pages\/4278","targetHints":{"allow":["GET"]}}],"collection":[{"href":"https:\/\/ultra-sailing.hr\/fr\/wp-json\/wp\/v2\/pages"}],"about":[{"href":"https:\/\/ultra-sailing.hr\/fr\/wp-json\/wp\/v2\/types\/page"}],"author":[{"embeddable":true,"href":"https:\/\/ultra-sailing.hr\/fr\/wp-json\/wp\/v2\/users\/1"}],"replies":[{"embeddable":true,"href":"https:\/\/ultra-sailing.hr\/fr\/wp-json\/wp\/v2\/comments?post=4278"}],"version-history":[{"count":1,"href":"https:\/\/ultra-sailing.hr\/fr\/wp-json\/wp\/v2\/pages\/4278\/revisions"}],"predecessor-version":[{"id":4279,"href":"https:\/\/ultra-sailing.hr\/fr\/wp-json\/wp\/v2\/pages\/4278\/revisions\/4279"}],"wp:attachment":[{"href":"https:\/\/ultra-sailing.hr\/fr\/wp-json\/wp\/v2\/media?parent=4278"}],"curies":[{"name":"wp","href":"https:\/\/api.w.org\/{rel}","templated":true}]}}