{"id":1467,"date":"2024-05-26T10:59:24","date_gmt":"2024-05-26T09:59:24","guid":{"rendered":"https:\/\/ultra-sailing.hr\/dev-wordpress\/?page_id=1467"},"modified":"2024-09-04T14:38:23","modified_gmt":"2024-09-04T13:38:23","slug":"cabin-charter","status":"publish","type":"page","link":"https:\/\/ultra-sailing.hr\/hr\/charter-hrvatska\/cabin-charter\/","title":{"rendered":"Cabin charter"},"content":{"rendered":"\n<p>Ako ste prvi puta u Hrvatskoj ili niste imali priliku istra\u017eiti hrvatske otoke i obalu, na na\u0161oj \u0107ete stranici na\u0107i idealan program za svoje putovanje.<br>Za one koji vole biti na jedrilici i \u017eele vidjeti najbolji dio Jadrana, osmislili smo itinerar koji Vam omogu\u0107uje da upoznate nove ljude, budete aktivni onoliko koliko \u017eelite, upoznate se s osnovama jedrenja (ako \u017eelite), vidite predivne otoke, ronite, kupate se i svakog se jutra budite na drugom mjestu ili sidri\u0161tu<\/p>\n\n\n<div class=\"wp-block-image\">\n<figure class=\"aligncenter size-full is-resized\"><img loading=\"lazy\" decoding=\"async\" width=\"1024\" height=\"752\" src=\"https:\/\/ultra-sailing.hr\/wp-content\/uploads\/2024\/05\/UltraSailing_Croatia.jpg\" alt=\"\" class=\"wp-image-1442\" style=\"width:840px;height:auto\" srcset=\"https:\/\/ultra-sailing.hr\/wp-content\/uploads\/2024\/05\/UltraSailing_Croatia.jpg 1024w, https:\/\/ultra-sailing.hr\/wp-content\/uploads\/2024\/05\/UltraSailing_Croatia-300x220.jpg 300w, https:\/\/ultra-sailing.hr\/wp-content\/uploads\/2024\/05\/UltraSailing_Croatia-768x564.jpg 768w\" sizes=\"auto, (max-width: 1024px) 100vw, 1024px\" \/><\/figure>\n<\/div>\n\n\n<h2 class=\"wp-block-heading\">Fizi\u010dka aktivnost i sigurnost:<\/h2>\n\n\n\n<ul class=\"wp-block-list\">\n<li>Prevelika fizi\u010dka aktivnost nije potrebna. Skiper \u0107e se uvijek prilagoditi pojedincu pa putnici ne\u0107e morati raditi na jedrilici osim ako to sami ne budu htjeli.<\/li>\n\n\n\n<li>S broda na kopno naj\u010de\u0161\u0107e \u0107ete prelaziti u gumenjaku, pomo\u0107nom plovilu jedrilice. Imajte na umu da \u0107ete se s vremena na vrijeme morati ukrcati i na manje plovilo.<\/li>\n\n\n\n<li>Uvijek nagla\u0161avamo da je obvezno ponijeti kremu s UV za\u0161titom, kapu, bijelu pamu\u010dnu majicu dugih rukava i tenisice s protukliznim potplatima. Ne zaboravite kupa\u0107i kostim i toplu jaknu, bez obzira na temperaturu.<\/li>\n\n\n\n<li>Ljetne temperature mogu i\u0107i i preko 35 \u00b0C (srpanj, kolovoz), \u0161to mo\u017ee biti neugodno za one koji nisu navikli na vru\u0107inu. Temperature u svibnju su ni\u017ee i variraju od 18 do 22 \u00b0C. Ulipnju su dani najdu\u017ei.<\/li>\n\n\n\n<li>Naravno, jedrilica, skiper i posada su osigurani. Bez obzira na to, savjetujemo da ugovorite putno osiguranje u slu\u010daju odustajanja ili promjene planova.<\/li>\n\n\n\n<li>Jedrilica ima standardnu sigurnosnu opremu definiranu propisima RH za jedrilice.<\/li>\n\n\n\n<li>Na jedrilici \u0107e na raspolaganju biti jedan SUP (daska za veslanje) koji ne zahtjeva veliku fizi\u010dku aktivnost, ali preveliko udaljavanje bez nadzora nije preporu\u010dljivo.<\/li>\n<\/ul>\n\n\n<div class=\"wp-block-image\">\n<figure class=\"aligncenter size-large\"><img loading=\"lazy\" decoding=\"async\" width=\"1024\" height=\"768\" src=\"https:\/\/ultra-sailing.hr\/wp-content\/uploads\/2024\/05\/SailingWithSkipper_Croatia-1024x768.jpg\" alt=\"\" class=\"wp-image-1319\" srcset=\"https:\/\/ultra-sailing.hr\/wp-content\/uploads\/2024\/05\/SailingWithSkipper_Croatia-1024x768.jpg 1024w, https:\/\/ultra-sailing.hr\/wp-content\/uploads\/2024\/05\/SailingWithSkipper_Croatia-300x225.jpg 300w, https:\/\/ultra-sailing.hr\/wp-content\/uploads\/2024\/05\/SailingWithSkipper_Croatia-768x576.jpg 768w, https:\/\/ultra-sailing.hr\/wp-content\/uploads\/2024\/05\/SailingWithSkipper_Croatia-1536x1152.jpg 1536w, https:\/\/ultra-sailing.hr\/wp-content\/uploads\/2024\/05\/SailingWithSkipper_Croatia.jpg 1600w\" sizes=\"auto, (max-width: 1024px) 100vw, 1024px\" \/><\/figure>\n<\/div>\n\n\n<h2 class=\"wp-block-heading\">Dru\u017eenje i su\u017eivot na jedrilici:<\/h2>\n\n\n\n<ul class=\"wp-block-list\">\n<li>Na ovoj brodskoj avanturi morat \u0107ete dijeliti brodsku kabinu, toalet i kuhinju s ostalim \u010dlanovima posade, stoga se o\u010dekuje susretljivost i tolerancija. Iz iskustva mo\u017eemo re\u0107i da se kabine koriste samo za spavanje. Svoje \u0107ete vrijeme naj\u010de\u0161\u0107e provoditi na otvorenom.<\/li>\n\n\n\n<li>Jedrenje ovisi o vjetru, stoga ako skiper promjeni rutu, mo\u017eete vjerovati njegovoj odluci jer je alternativna odabrana zbog vremenskih uvjeta i sigurnosti jedrilice i posade.<\/li>\n\n\n\n<li>Jedrilice imaju pregrade u kabinama koje nemaju dobru zvu\u010dnu izolaciju kao zidovi. Za sudionike koji \u017eele no\u0107nu zabavu, preporu\u010dujemo odlazak u grad kako bi iskusili lokalni no\u0107ni \u017eivot kako bi se ostatak posade mogao odmoriti.<\/li>\n\n\n\n<li>Poznanstva s jedrenja \u010desto ostanu i trajna prijateljstva. Budite otvoreni za istra\u017eivanja i boravak u prirodi. Va\u0161a je posada odabrala isti aktivni odmor kao i Vi. Vjerojatno imate vi\u0161e zajedni\u010dkog nego \u0161to vam se u prvom trenutku \u010dini.<\/li>\n<\/ul>\n\n\n\n<h2 class=\"wp-block-heading\">Organizacija<\/h2>\n\n\n\n<ul class=\"wp-block-list\">\n<li>Na ovo putovanje mogu po\u0107i osobe stare minimalno 12 godina (maloljetnici u prisutnosti jednog od roditelja). Trokrevetne kabine nisu dostupne. Ako putuje s djetetom, ono \u0107e morati dijeliti kabinu s jednom od odraslih osoba, a druga \u0107e odrasla osoba kabinu dijeliti s drugim odraslim putnikom ili platiti jedan dodatak.<\/li>\n\n\n\n<li>U trenutku rezervacije, zatra\u017eit \u0107emo informacije iz Va\u0161e putovnice, uklju\u010duju\u0107i puno ime, datum ro\u0111enja, nacionalnost. Ti su podaci neophodni za prijavu liste posade. Podaci se nakon unosa u program E-Visitor ne\u0107e vi\u0161e \u010duvati u na\u0161oj evidenciji.<\/li>\n\n\n\n<li>Brodske kabine su male. Mjesta za kofere u ormari\u0107ima nema, stoga preporu\u010dujemo mekane torbe.<\/li>\n<\/ul>\n\n\n\n<h2 class=\"wp-block-heading\">Hrana<\/h2>\n\n\n\n<ul class=\"wp-block-list\">\n<li>Hrana nije uklju\u010dena u osnovnu cijenu kabine.<\/li>\n\n\n\n<li>Hrana se planira, kupuje i sprema zajedni\u010dki u dogovoru sa skiperom i ostatkom posade.<\/li>\n\n\n\n<li>Prvog se dana formira zajedni\u010dka blagajna. Skiper ili netko unutar posade \u0107e voditi evidenciju ra\u010duna.<\/li>\n\n\n\n<li>Prehrambene zahtjeve \u0107emo uzesti u obzir (bez glutena, vegetarijanska prehrana i sl.). Potrebno je da nam u trenutku rezervacije naglasite svoje prehrambene preferencije kako bismo napravili dogovor s ostalim \u010dlanovima posade.<\/li>\n<\/ul>\n","protected":false},"excerpt":{"rendered":"<p>Ako ste prvi puta u Hrvatskoj ili niste imali priliku istra\u017eiti hrvatske otoke i obalu, na na\u0161oj \u0107ete stranici na\u0107i idealan program za svoje putovanje.Za one koji vole biti na jedrilici i \u017eele vidjeti najbolji dio Jadrana, osmislili smo itinerar koji Vam omogu\u0107uje da upoznate nove ljude, budete aktivni onoliko koliko \u017eelite, upoznate se s [&hellip;]<\/p>\n","protected":false},"author":3,"featured_media":0,"parent":425,"menu_order":2,"comment_status":"closed","ping_status":"closed","template":"","meta":{"_acf_changed":false,"footnotes":""},"class_list":["post-1467","page","type-page","status-publish","hentry"],"acf":[],"_links":{"self":[{"href":"https:\/\/ultra-sailing.hr\/hr\/wp-json\/wp\/v2\/pages\/1467","targetHints":{"allow":["GET"]}}],"collection":[{"href":"https:\/\/ultra-sailing.hr\/hr\/wp-json\/wp\/v2\/pages"}],"about":[{"href":"https:\/\/ultra-sailing.hr\/hr\/wp-json\/wp\/v2\/types\/page"}],"author":[{"embeddable":true,"href":"https:\/\/ultra-sailing.hr\/hr\/wp-json\/wp\/v2\/users\/3"}],"replies":[{"embeddable":true,"href":"https:\/\/ultra-sailing.hr\/hr\/wp-json\/wp\/v2\/comments?post=1467"}],"version-history":[{"count":2,"href":"https:\/\/ultra-sailing.hr\/hr\/wp-json\/wp\/v2\/pages\/1467\/revisions"}],"predecessor-version":[{"id":2065,"href":"https:\/\/ultra-sailing.hr\/hr\/wp-json\/wp\/v2\/pages\/1467\/revisions\/2065"}],"up":[{"embeddable":true,"href":"https:\/\/ultra-sailing.hr\/hr\/wp-json\/wp\/v2\/pages\/425"}],"wp:attachment":[{"href":"https:\/\/ultra-sailing.hr\/hr\/wp-json\/wp\/v2\/media?parent=1467"}],"curies":[{"name":"wp","href":"https:\/\/api.w.org\/{rel}","templated":true}]}}