{"id":250,"date":"2024-03-03T17:14:36","date_gmt":"2024-03-03T16:14:36","guid":{"rendered":"https:\/\/ultra-sailing.hr\/dev-wordpress\/?page_id=250"},"modified":"2025-03-13T11:43:18","modified_gmt":"2025-03-13T10:43:18","slug":"charter-baze","status":"publish","type":"page","link":"https:\/\/ultra-sailing.hr\/hr\/charter-baze\/","title":{"rendered":"Ultra Charter marine"},"content":{"rendered":"\n<p>Hrvatska je nauti\u010dka zemlja sa dugom tradicijom. Du\u017e prekrasne Jadranske obale rasuto je vi\u0161e od 1.200 prekrasnih otoka i oto\u010di\u0107a. Charter baze su u blizini zra\u010dnih luka te nude nude sigurno privezi\u0161te, u ugodnom okru\u017eenju,a naj\u010de\u0161\u0107e su opremljene za prihvat gostiju (uredi, restorani, marketi, praone i sl).<br>Ultra Sailing smje\u0161tena je u Splitu od 1995 g. U na\u0161oj te\u017enji da zadovoljimo sve kriterije koje gosti zahtjevaju, odlu\u010dili smo se za Dubrovnik, Trogir, Split i Pulu kao najatraktivnije destinacije. Sve lokacije se nalaze u blizini zra\u010dnih luka.<\/p>\n\n\n\n<h2 class=\"wp-block-heading\">Charter baza Baoti\u0107 kraj Trogira<\/h2>\n\n\n<div class=\"wp-block-image\">\n<figure class=\"aligncenter size-full\"><a href=\"https:\/\/ultra-sailing.hr\/hr\/charter-baza-trogir\/\" target=\"_blank\" rel=\" noreferrer noopener\"><img loading=\"lazy\" decoding=\"async\" width=\"1132\" height=\"788\" src=\"https:\/\/ultra-sailing.hr\/wp-content\/uploads\/2024\/11\/Trogir_Marina_Baotic_segeln.jpg\" alt=\"\" class=\"wp-image-3310\" srcset=\"https:\/\/ultra-sailing.hr\/wp-content\/uploads\/2024\/11\/Trogir_Marina_Baotic_segeln.jpg 1132w, https:\/\/ultra-sailing.hr\/wp-content\/uploads\/2024\/11\/Trogir_Marina_Baotic_segeln-300x209.jpg 300w, https:\/\/ultra-sailing.hr\/wp-content\/uploads\/2024\/11\/Trogir_Marina_Baotic_segeln-1024x713.jpg 1024w, https:\/\/ultra-sailing.hr\/wp-content\/uploads\/2024\/11\/Trogir_Marina_Baotic_segeln-768x535.jpg 768w\" sizes=\"auto, (max-width: 1132px) 100vw, 1132px\" \/><\/a><\/figure>\n<\/div>\n\n\n<p>Trogir je grad-muzej u pravom smislu te rije\u010di. Ljubitelji kulture i povjesnih spomenika, umjetnosti, izvorne arhitekture i lijepih malih ulica \u0107e u\u017eivati u Trogiru, te \u0107e ujedno ste\u0107i znanje o vrlo bogatom i kompleksnom naslije\u0111u ovog grada, od Romanike do danas. Marina Baotic ima ukupno 480 vezova u moru, te 200 vezova na suhom. Iz ove prekrasne i moderne marine u neposrednoj blizini grada Trogira Ultra Sailing nudi najam jedrilica i katamarana.<\/p>\n\n\n\t<p>\n\t\t<a href=\"https:\/\/ultra-sailing.hr\/hr\/charter-baza-trogir\/\" class=\"c-button c-button--primary \">\n\t\t\tVi\u0161e informacija\t\t<\/a>\n\t<\/p>\n\n\n\n<hr class=\"wp-block-separator has-text-color has-vivid-red-color has-alpha-channel-opacity has-vivid-red-background-color has-background is-style-wide\"\/>\n\n\n\n<h2 class=\"wp-block-heading\">Charter baza Split<\/h2>\n\n\n\n<figure class=\"wp-block-image size-full\"><a href=\"https:\/\/ultra-sailing.hr\/hr\/charter-baza-split\/\" target=\"_blank\" rel=\" noreferrer noopener\"><img loading=\"lazy\" decoding=\"async\" width=\"1000\" height=\"667\" src=\"https:\/\/ultra-sailing.hr\/wp-content\/uploads\/2024\/03\/yachtcharter_croatia_marina_split.jpg\" alt=\"\" class=\"wp-image-790\" srcset=\"https:\/\/ultra-sailing.hr\/wp-content\/uploads\/2024\/03\/yachtcharter_croatia_marina_split.jpg 1000w, https:\/\/ultra-sailing.hr\/wp-content\/uploads\/2024\/03\/yachtcharter_croatia_marina_split-300x200.jpg 300w, https:\/\/ultra-sailing.hr\/wp-content\/uploads\/2024\/03\/yachtcharter_croatia_marina_split-768x512.jpg 768w\" sizes=\"auto, (max-width: 1000px) 100vw, 1000px\" \/><\/a><\/figure>\n\n\n\n<p>Split se nalazi u centru Dalmacije. Drugi je grad po veli\u010dini u Hrvatskoj sa ne\u0161to vi\u0161e od 250.000 stanovnika. Sredi\u0161te grada (Dioklecijanova pala\u010da) se nalazi na poluotoku odakle se s ju\u017eno zapadne strane prostire ACI Marina Split. Marina je udaljena tek 20ak od Splitske me\u0111unarodne zra\u010dne luke, ili 15min od trajektne luke odakle voze trajekti do Ancone u Italiji. Split je tako\u0111er idealna polazna baza za jedrenje do  dalmatinskih otok od kojih su najpopularniji  Hvar, Bra\u010d, Vis itd. Split je na\u0161a mati\u010dna luka iz koje polaze i polaznici  Ultra \u0161kole  jedrenja. Charter baza Split omogu\u0107ava ponudu raznovrsnih Beneteau jedrilica i katamarana Fountaine Pajot.<\/p>\n\n\n\t<p>\n\t\t<a href=\"https:\/\/ultra-sailing.hr\/hr\/charter-baza-split\/\" class=\"c-button c-button--primary \">\n\t\t\tVi\u0161e informacija\t\t<\/a>\n\t<\/p>\n\n\n\n<hr class=\"wp-block-separator has-text-color has-vivid-red-color has-alpha-channel-opacity has-vivid-red-background-color has-background is-style-wide\"\/>\n\n\n\n<h2 class=\"wp-block-heading\">Charter baza Dubrovnik<\/h2>\n\n\n<div class=\"wp-block-image\">\n<figure class=\"aligncenter size-full\"><a href=\"https:\/\/ultra-sailing.hr\/hr\/charter-baza-dubrovnik\/\" target=\"_blank\" rel=\" noreferrer noopener\"><img loading=\"lazy\" decoding=\"async\" width=\"1365\" height=\"768\" src=\"https:\/\/ultra-sailing.hr\/wp-content\/uploads\/2024\/11\/CharterDubrovnik_Baza.jpg\" alt=\"\" class=\"wp-image-3301\" srcset=\"https:\/\/ultra-sailing.hr\/wp-content\/uploads\/2024\/11\/CharterDubrovnik_Baza.jpg 1365w, https:\/\/ultra-sailing.hr\/wp-content\/uploads\/2024\/11\/CharterDubrovnik_Baza-300x169.jpg 300w, https:\/\/ultra-sailing.hr\/wp-content\/uploads\/2024\/11\/CharterDubrovnik_Baza-1024x576.jpg 1024w, https:\/\/ultra-sailing.hr\/wp-content\/uploads\/2024\/11\/CharterDubrovnik_Baza-768x432.jpg 768w\" sizes=\"auto, (max-width: 1365px) 100vw, 1365px\" \/><\/a><\/figure>\n<\/div>\n\n\n<p>Komolac se nalazi ACI Marini Dubrovnik. Nije slu\u010dajno da je obitelj Sorko\u010devi\u0107 odabrala ovu lokaciju u 16. Stolje\u0107u za izgradnju ku\u0107e u blizini prirodnih resursa. \u0160to se ti\u010de vjetrova ACI Marini Dubrovnik prirodnu za\u0161titu pru\u017eaju brda koja je okru\u017euju, prirodna proljetna voda na rijeci Ombli \u010dini Komolac idealnim mjestom za godi\u0161nji odmor nove generacije jedrili\u010dara. Ovdje se nalazi ACI Marina Dubrovnik sa 425 vezova u moru i 0 suhih vezova. Charter baze u Hrvatskoj daju mogu\u0107nost vezivanja i servisa brodova. Charter baza Dubrovnik nudi polaske charter Beneteau jedrilica veli\u010dine 31-50 stopa.<\/p>\n\n\n\t<p>\n\t\t<a href=\"https:\/\/ultra-sailing.hr\/hr\/charter-baza-dubrovnik\/\" class=\"c-button c-button--primary \">\n\t\t\tVi\u0161e informacija\t\t<\/a>\n\t<\/p>\n\n\n\n<hr class=\"wp-block-separator has-text-color has-vivid-red-color has-alpha-channel-opacity has-vivid-red-background-color has-background is-style-wide\"\/>\n\n\n\n<h2 class=\"wp-block-heading\">Charter baza Pomer kraj Pule<\/h2>\n\n\n<div class=\"wp-block-image\">\n<figure class=\"aligncenter size-full\"><a href=\"https:\/\/ultra-sailing.hr\/hr\/charter-baza-pula\/\" target=\"_blank\" rel=\" noreferrer noopener\"><img loading=\"lazy\" decoding=\"async\" width=\"1152\" height=\"768\" src=\"https:\/\/ultra-sailing.hr\/wp-content\/uploads\/2024\/11\/Charterbase_Pomer_Croatia.jpg\" alt=\"\" class=\"wp-image-3306\" srcset=\"https:\/\/ultra-sailing.hr\/wp-content\/uploads\/2024\/11\/Charterbase_Pomer_Croatia.jpg 1152w, https:\/\/ultra-sailing.hr\/wp-content\/uploads\/2024\/11\/Charterbase_Pomer_Croatia-300x200.jpg 300w, https:\/\/ultra-sailing.hr\/wp-content\/uploads\/2024\/11\/Charterbase_Pomer_Croatia-1024x683.jpg 1024w, https:\/\/ultra-sailing.hr\/wp-content\/uploads\/2024\/11\/Charterbase_Pomer_Croatia-768x512.jpg 768w\" sizes=\"auto, (max-width: 1152px) 100vw, 1152px\" \/><\/a><\/figure>\n<\/div>\n\n\n<p>Najnovija lokacija Ultrine flote nalazi se u Istri, u ACI Marini Pomer. Ova marina se nalazi na jugu istarskoga poluotoka, u Medulinskom zaljevu. Opremljena je recepcijom i mjenja\u010dnicom, bankomatom, najsuvremenijim WLAN pristupom internetu, novim sanitarijama s odjeljkom za osobe s posebnim potrebama, praonicom rublja, trgovinom u sezoni, parkirali\u0161tem osobnih vozila te restoranom i bazenom sa barom. Crpka za gorivo nalazi se u Pje\u0161\u010danoj uvali (11 nm) i u gradskoj luci Pula (18 nm). Zra\u010dna luka Pula je tek 10-tak kilometara udaljena od grada Pomera.<\/p>\n\n\n\t<p>\n\t\t<a href=\"https:\/\/ultra-sailing.hr\/hr\/charter-baza-pula\/\" class=\"c-button c-button--primary \">\n\t\t\tVi\u0161e informacija\t\t<\/a>\n\t<\/p>\n\n\n\n<hr class=\"wp-block-separator has-text-color has-vivid-red-color has-alpha-channel-opacity has-vivid-red-background-color has-background is-style-wide\"\/>\n\n\n\n<p>Marine u Hrvatskoj mogu biti va\u0161 drugi dom. Odabir marine je va\u017ena stavka. Mo\u017eemo Vam pomo\u0107i ako iznajmljujete plovilo iz na\u0161e flote ili pri kupnje nove jedrilice ili katamarana (bilo da se radi o kupnji broda za privatne svrhe ili charter management).<\/p>\n\n\n<div class=\"u-mb-5\">\n\t<a href=\"mailto:booking@ultra-sailing.hr\" class=\"c-badge\">\n\t\t<svg class=\"o-icon u-stroke-2\"><use xmlns:xlink=\"http:\/\/www.w3.org\/1999\/xlink\" xlink:href=\"https:\/\/ultra-sailing.hr\/wp-content\/themes\/ultra-sailing\/assets\/sprite\/icons.svg#icon-mail\"><\/use><\/svg>\t\t<span>booking@ultra-sailing.hr<\/span>\n\t<\/a>\n<\/div>\n\n\n<div class=\"u-mb-5\">\n\t<a href=\"tel:+385 21 398 578\" class=\"c-badge\">\n\t\t<svg class=\"o-icon u-stroke-2\"><use xmlns:xlink=\"http:\/\/www.w3.org\/1999\/xlink\" xlink:href=\"https:\/\/ultra-sailing.hr\/wp-content\/themes\/ultra-sailing\/assets\/sprite\/icons.svg#icon-phone\"><\/use><\/svg>\t\t<span>+385 21 398 578<\/span>\n\t<\/a>\n<\/div>\n","protected":false},"excerpt":{"rendered":"<p>Hrvatska je nauti\u010dka zemlja sa dugom tradicijom. Du\u017e prekrasne Jadranske obale rasuto je vi\u0161e od 1.200 prekrasnih otoka i oto\u010di\u0107a. Charter baze su u blizini zra\u010dnih luka te nude nude sigurno privezi\u0161te, u ugodnom okru\u017eenju,a naj\u010de\u0161\u0107e su opremljene za prihvat gostiju (uredi, restorani, marketi, praone i sl).Ultra Sailing smje\u0161tena je u Splitu od 1995 g. [&hellip;]<\/p>\n","protected":false},"author":1,"featured_media":0,"parent":0,"menu_order":0,"comment_status":"closed","ping_status":"closed","template":"","meta":{"_acf_changed":false,"footnotes":""},"class_list":["post-250","page","type-page","status-publish","hentry"],"acf":[],"_links":{"self":[{"href":"https:\/\/ultra-sailing.hr\/hr\/wp-json\/wp\/v2\/pages\/250","targetHints":{"allow":["GET"]}}],"collection":[{"href":"https:\/\/ultra-sailing.hr\/hr\/wp-json\/wp\/v2\/pages"}],"about":[{"href":"https:\/\/ultra-sailing.hr\/hr\/wp-json\/wp\/v2\/types\/page"}],"author":[{"embeddable":true,"href":"https:\/\/ultra-sailing.hr\/hr\/wp-json\/wp\/v2\/users\/1"}],"replies":[{"embeddable":true,"href":"https:\/\/ultra-sailing.hr\/hr\/wp-json\/wp\/v2\/comments?post=250"}],"version-history":[{"count":35,"href":"https:\/\/ultra-sailing.hr\/hr\/wp-json\/wp\/v2\/pages\/250\/revisions"}],"predecessor-version":[{"id":4511,"href":"https:\/\/ultra-sailing.hr\/hr\/wp-json\/wp\/v2\/pages\/250\/revisions\/4511"}],"wp:attachment":[{"href":"https:\/\/ultra-sailing.hr\/hr\/wp-json\/wp\/v2\/media?parent=250"}],"curies":[{"name":"wp","href":"https:\/\/api.w.org\/{rel}","templated":true}]}}